{"id":896,"date":"2024-02-21T16:51:29","date_gmt":"2024-02-21T08:51:29","guid":{"rendered":"https:\/\/wp.kxwar.com\/?page_id=896"},"modified":"2024-06-07T15:40:48","modified_gmt":"2024-06-07T07:40:48","slug":"blue-light-transilluminator","status":"publish","type":"page","link":"https:\/\/nebula-b.com\/tr\/mavi-isik-transilluminatoru\/","title":{"rendered":"Mavi \u0131\u015f\u0131k transilluminat\u00f6r\u00fc"},"content":{"rendered":"<div class=\"wp-block-columns has-small-font-size is-layout-flex wp-container-core-columns-is-layout-b934f1a7 wp-block-columns-is-layout-flex\" style=\"border-style:none;border-width:0px;border-radius:0px;padding-top:0;padding-right:var(--wp--preset--spacing--20);padding-bottom:0;padding-left:var(--wp--preset--spacing--20)\">\n<div class=\"wp-block-column is-layout-flow wp-block-column-is-layout-flow\" style=\"flex-basis:40%\">\n<div class=\"wp-block-stackable-carousel stk-block-carousel stk--is-slide stk--arrows-justify-space-between stk--arrows-align-center stk-block stk-9336aea\" data-slides-to-show=\"\" data-block-id=\"9336aea\"><div class=\"stk-block-carousel__content-wrapper\"><div class=\"stk-row stk-inner-blocks stk-block-content stk-block-carousel__slider-wrapper stk-content-align stk-9336aea-column\"><div class=\"stk-block-carousel__slider\" role=\"list\" data-autoplay=\"4000\" data-label-slide-of=\"Slide %%d of %%d\">\n<div class=\"wp-block-stackable-column stk-block-column stk-column stk-block stk-e7af2ca\" data-v=\"4\" data-block-id=\"e7af2ca\"><div class=\"stk-column-wrapper stk-block-column__content stk-container stk-e7af2ca-container stk--no-background stk--no-padding\"><div class=\"stk-block-content stk-inner-blocks stk-e7af2ca-inner-blocks\">\n<div class=\"wp-block-stackable-image stk-block-image stk-block stk-d699d7e\" data-block-id=\"d699d7e\"><style>.stk-d699d7e .stk-img-wrapper img{transform:scale(0.73) !important}<\/style><figure><span class=\"stk-img-wrapper stk-image--shape-stretch\"><img alt=\"Mavi \u0131\u015f\u0131k transilluminat\u00f6r\u00fc\" loading=\"lazy\" decoding=\"async\" class=\"stk-img wp-image-1644\" src=\"https:\/\/nebula-b.com\/wp-content\/uploads\/2024\/04\/\u84dd\u51490-remoebg\uff081\uff09-1.png\" width=\"866\" height=\"649\" srcset=\"https:\/\/nebula-b.com\/wp-content\/uploads\/2024\/04\/\u84dd\u51490-remoebg\uff081\uff09-1.png 866w, https:\/\/nebula-b.com\/wp-content\/uploads\/2024\/04\/\u84dd\u51490-remoebg\uff081\uff09-1-300x225.png 300w, https:\/\/nebula-b.com\/wp-content\/uploads\/2024\/04\/\u84dd\u51490-remoebg\uff081\uff09-1-768x576.png 768w\" sizes=\"auto, (max-width: 866px) 100vw, 866px\" \/><\/span><\/figure><\/div>\n<\/div><\/div><\/div>\n\n\n\n<div class=\"wp-block-stackable-column stk-block-column stk-column stk-block stk-6847d17\" data-v=\"4\" data-block-id=\"6847d17\"><style>.stk-6847d17{align-self:stretch !important}<\/style><div class=\"stk-column-wrapper stk-block-column__content stk-container stk-6847d17-container stk--no-background stk--no-padding\"><div class=\"stk-block-content stk-inner-blocks stk-6847d17-inner-blocks\">\n<div class=\"wp-block-stackable-image alignleft stk-block-image has-text-align-left stk-block stk-eee5d3d\" data-block-id=\"eee5d3d\"><style>.stk-eee5d3d .stk-img-wrapper{width:135% !important}<\/style><figure><span class=\"stk-img-wrapper stk-image--shape-stretch\"><img alt=\"Mavi \u0131\u015f\u0131k transilluminat\u00f6r\u00fc\" loading=\"lazy\" decoding=\"async\" class=\"stk-img wp-image-1646\" src=\"https:\/\/nebula-b.com\/wp-content\/uploads\/2024\/04\/\u84dd\u51491-removebg-preview-1.png\" width=\"866\" height=\"649\"\/><\/span><\/figure><\/div>\n<\/div><\/div><\/div>\n<\/div><div class=\"stk-block-carousel__buttons\"><button class=\"stk-block-carousel__button stk-block-carousel__button__prev\" aria-label=\"Bir onceki slayt\"><svg aria-hidden=\"true\" focusable=\"false\" data-prefix=\"fas\" data-icon=\"chevron-left\" class=\"svg-inline--fa fa-chevron-left\" xmlns=\"http:\/\/www.w3.org\/2000\/svg\" viewbox=\"0 0 320 512\" width=\"32\" height=\"32\"><path d=\"M34.52 239.03L228.87 44.69c9.37-9.37 24.57-9.37 33.94 0l22.67 22.67c9.36 9.36 9.37 24.52.04 33.9L131.49 256l154.02 154.75c9.34 9.38 9.32 24.54-.04 33.9l-22.67 22.67c-9.37 9.37-24.57 9.37-33.94 0L34.52 272.97c-9.37-9.37-9.37-24.57 0-33.94z\"><\/path><\/svg><\/button><button class=\"stk-block-carousel__button stk-block-carousel__button__next\" aria-label=\"Sonraki slayt\"><svg aria-hidden=\"true\" focusable=\"false\" data-prefix=\"fas\" data-icon=\"chevron-right\" class=\"svg-inline--fa fa-chevron-right\" xmlns=\"http:\/\/www.w3.org\/2000\/svg\" viewbox=\"0 0 320 512\" width=\"32\" height=\"32\"><path d=\"M285.476 272.971L91.132 467.314c-9.373 9.373-24.569 9.373-33.941 0l-22.667-22.667c-9.357-9.357-9.375-24.522-.04-33.901L188.505 256 34.484 101.255c-9.335-9.379-9.317-24.544.04-33.901l22.667-22.667c9.373-9.373 24.569-9.373 33.941 0L285.475 239.03c9.373 9.372 9.373 24.568.001 33.941z\"><\/path><\/svg><\/button><\/div><\/div><div class=\"stk-block-carousel__dots\" role=\"list\" data-label=\"Slide %%d\"><\/div><\/div><\/div>\n<\/div>\n\n\n\n<div class=\"wp-block-column is-layout-flow wp-block-column-is-layout-flow\" style=\"border-style:none;border-width:0px;flex-basis:60%\">\n<p style=\"font-size:16px\"><strong>\u00d6zellikler<\/strong> <\/p>\n\n\n\n<p style=\"font-size:15px\">\u2727 Ultra ince tasar\u0131m\u0131n ta\u015f\u0131mas\u0131 ve kullan\u0131m\u0131 kolayd\u0131r;<br>\u2727 y\u00fcksek hassasiyet: FluosoStain DNA floresan boyas\u0131 kullan\u0131larak \u22640,1ng DNA&#039;y\u0131 tespit edebilir;<br>\u2727 mavi LED ayd\u0131nlatma y\u00f6ntemi: \u00e7ift set yan ayd\u0131nlatma;<br>\u2727\u00d6nerilen boyalar: FluoroDye DNA floresan boyas\u0131;<br>\u2727 profesyonel kapak t\u00fcm \u0131\u015f\u0131\u011f\u0131 filtreleyerek g\u00f6zl\u00fck takman\u0131n neden oldu\u011fu rahats\u0131zl\u0131\u011f\u0131 ortadan kald\u0131r\u0131r;<br>\u2727 cihaz, kullan\u0131c\u0131n\u0131n \u0131\u015f\u0131k kayna\u011f\u0131 \u00f6mr\u00fcn\u00fc maksimum d\u00fczeyde korumak i\u00e7in 10 dakika i\u015flem yap\u0131lmad\u0131\u011f\u0131nda otomatik kapanma i\u015fleviyle birlikte gelir;<br>\u2727 a\u00e7\u0131s\u0131 ayarlanabilir filtre, jelin kesilmesini ve g\u00f6zlemlenmesini kolayla\u015ft\u0131r\u0131r;<br>\u2727 ultra geni\u015f numune alan\u0131, kesme ve g\u00f6zlemleme i\u00e7in farkl\u0131 boyutlarda jelleri bar\u0131nd\u0131r\u0131r.<\/p>\n<\/div>\n<\/div>\n\n\n\n<p><strong>Uygulamalar:<\/strong><\/p>\n\n\n\n<p>NL-BLUE 350D mavi \u0131\u015f\u0131k vericisi esas olarak elektroforez jellerinin g\u00f6zlemlenmesi, kesilmesi ve foto\u011fraflanmas\u0131 i\u00e7in kullan\u0131l\u0131r. SYBR Safe, SYBR Gold, SYBR Green I &amp; II, SYPRO Ruby, SYPRO Orange, Coomassie Fluor, Orange colours, Gel Green, Gel Red, Lumitein Protein Gel Stain ve di\u011fer g\u00fcvenlik boyalar\u0131 i\u00e7in uygundur. Kullan\u0131c\u0131lar\u0131n zararl\u0131 UV iletiminden ve y\u00fcksek kanserojen EtBr kullan\u0131m\u0131ndan tamamen kurtulmas\u0131n\u0131 sa\u011flar.<br>Mavi \u0131\u015f\u0131k kayna\u011f\u0131, kullan\u0131c\u0131lar\u0131 ultraviyole hasardan korur ancak n\u00fckleik asit par\u00e7alar\u0131na zarar vermez;<br>D\u00fczg\u00fcn transill\u00fcminasyon mod\u00fcl\u00fc, daha d\u00fczg\u00fcn numune g\u00f6zlemi ve daha iyi foto\u011fraflama efektleri sa\u011flar;<br>Y\u00fcksek kaliteli LED lamba boncuklar\u0131 uzun \u00f6m\u00fcrl\u00fcd\u00fcr, enerji tasarrufu sa\u011flar ve \u00e7evre dostudur. Lamba t\u00fcp\u00fcn\u00fcn de\u011fi\u015ftirilmesine gerek yoktur ve bak\u0131m gerektirmez.<\/p>\n\n\n\n<p><strong>Parametreler<\/strong><\/p>\n\n\n\n<figure class=\"wp-block-table is-style-stripes\"><table><tbody><tr><td><strong>Model numaras\u0131. <\/strong><\/td><td><strong>NL-350D<\/strong><br>Mavi I\u015f\u0131k Transill\u00fcminat\u00f6r\u00fc<\/td><\/tr><tr><td>Cihaz boyutu (L *W*T)&nbsp;<\/td><td>250*230*52mm<\/td><\/tr><tr><td>\u00d6rnek alan<\/td><td>200*150mm<\/td><\/tr><tr><td>Mavi \u0131\u015f\u0131k iletim dalga boyu<\/td><td>470nm<\/td><\/tr><tr><td>I\u015f\u0131k kayna\u011f\u0131 servis \u00f6mr\u00fc<\/td><td>&nbsp;&gt;100.000 saat<\/td><\/tr><tr><td>Filtre kapa\u011f\u0131 rengi<\/td><td>kehribar<\/td><\/tr><\/tbody><\/table><\/figure>","protected":false},"excerpt":{"rendered":"<p>Features \u2727 Ultra-thin design is easy to carry and use;\u2727 high sensitivity: using FluosoStain DNA fluorescent dye, it can detect DNA of \u22640.1ng;\u2727 blue LED illumination method: double sets of side illumination;\u2727recommended dyes: FluoroDye DNA fluorescent dye;\u2727 professional cover filters the entire light, eliminating the discomfort caused by wearing goggles;\u2727 the instrument comes with an&hellip;&nbsp;<a href=\"https:\/\/nebula-b.com\/tr\/mavi-isik-transilluminatoru\/\" class=\"\" rel=\"bookmark\">Daha fazlas\u0131n\u0131 oku \u00bb<span class=\"screen-reader-text\">Mavi \u0131\u015f\u0131k transilluminat\u00f6r\u00fc<\/span><\/a><\/p>","protected":false},"author":2,"featured_media":0,"parent":0,"menu_order":0,"comment_status":"closed","ping_status":"closed","template":"","meta":{"_uag_custom_page_level_css":"","ub_ctt_via":"","neve_meta_sidebar":"","neve_meta_container":"","neve_meta_enable_content_width":"","neve_meta_content_width":0,"neve_meta_title_alignment":"","neve_meta_author_avatar":"","neve_post_elements_order":"","neve_meta_disable_header":"","neve_meta_disable_footer":"","neve_meta_disable_title":"","_themeisle_gutenberg_block_has_review":false,"footnotes":""},"class_list":["post-896","page","type-page","status-publish","hentry"],"featured_image_src":null,"uagb_featured_image_src":{"full":false,"thumbnail":false,"medium":false,"medium_large":false,"large":false,"1536x1536":false,"2048x2048":false,"trp-custom-language-flag":false,"neve-blog":false},"uagb_author_info":{"display_name":"liu, stacey","author_link":"https:\/\/nebula-b.com\/tr\/author\/stacey\/"},"uagb_comment_info":0,"uagb_excerpt":"Features \u2727 Ultra-thin design is easy to carry and use;\u2727 high sensitivity: using FluosoStain DNA fluorescent dye, it can detect DNA of \u22640.1ng;\u2727 blue LED illumination method: double sets of side illumination;\u2727recommended dyes: FluoroDye DNA fluorescent dye;\u2727 professional cover filters the entire light, eliminating the discomfort caused by wearing goggles;\u2727 the instrument comes with an&hellip;&nbsp;Daha&hellip;","_links":{"self":[{"href":"https:\/\/nebula-b.com\/tr\/wp-json\/wp\/v2\/pages\/896","targetHints":{"allow":["GET"]}}],"collection":[{"href":"https:\/\/nebula-b.com\/tr\/wp-json\/wp\/v2\/pages"}],"about":[{"href":"https:\/\/nebula-b.com\/tr\/wp-json\/wp\/v2\/types\/page"}],"author":[{"embeddable":true,"href":"https:\/\/nebula-b.com\/tr\/wp-json\/wp\/v2\/users\/2"}],"replies":[{"embeddable":true,"href":"https:\/\/nebula-b.com\/tr\/wp-json\/wp\/v2\/comments?post=896"}],"version-history":[{"count":2,"href":"https:\/\/nebula-b.com\/tr\/wp-json\/wp\/v2\/pages\/896\/revisions"}],"predecessor-version":[{"id":2375,"href":"https:\/\/nebula-b.com\/tr\/wp-json\/wp\/v2\/pages\/896\/revisions\/2375"}],"wp:attachment":[{"href":"https:\/\/nebula-b.com\/tr\/wp-json\/wp\/v2\/media?parent=896"}],"curies":[{"name":"wp","href":"https:\/\/api.w.org\/{rel}","templated":true}]}}