{"id":292,"date":"2023-12-27T16:18:51","date_gmt":"2023-12-27T08:18:51","guid":{"rendered":"https:\/\/wp.kxwar.com\/?page_id=292"},"modified":"2024-04-16T11:15:12","modified_gmt":"2024-04-16T03:15:12","slug":"stereomicroscope","status":"publish","type":"page","link":"https:\/\/nebula-b.com\/tr\/stereomikroskop\/","title":{"rendered":"Stereomikroskoplar"},"content":{"rendered":"<div class=\"wp-block-columns has-small-font-size is-layout-flex wp-container-core-columns-is-layout-b934f1a7 wp-block-columns-is-layout-flex\" style=\"border-style:none;border-width:0px;border-radius:0px;padding-top:0;padding-right:var(--wp--preset--spacing--20);padding-bottom:0;padding-left:var(--wp--preset--spacing--20)\">\n<div class=\"wp-block-column is-layout-flow wp-block-column-is-layout-flow\" style=\"flex-basis:40%\">\n<div class=\"wp-block-stackable-carousel stk-block-carousel stk--is-slide stk--arrows-justify-space-between stk--arrows-align-center stk-block stk-9336aea\" data-slides-to-show=\"\" data-block-id=\"9336aea\"><div class=\"stk-block-carousel__content-wrapper\"><div class=\"stk-row stk-inner-blocks stk-block-content stk-block-carousel__slider-wrapper stk-content-align stk-9336aea-column\"><div class=\"stk-block-carousel__slider\" role=\"list\" data-autoplay=\"4000\" data-label-slide-of=\"Slide %%d of %%d\">\n<div class=\"wp-block-stackable-column stk-block-column stk-column stk-block stk-e7af2ca\" data-v=\"4\" data-block-id=\"e7af2ca\"><style>.stk-e7af2ca{align-self:center !important}<\/style><div class=\"stk-column-wrapper stk-block-column__content stk-container stk-e7af2ca-container stk--no-background stk--no-padding\"><div class=\"stk-block-content stk-inner-blocks stk-e7af2ca-inner-blocks\">\n<div class=\"wp-block-stackable-image stk-block-image stk-block stk-d699d7e\" data-block-id=\"d699d7e\"><figure><span class=\"stk-img-wrapper stk-image--shape-stretch\"><img alt=\"Stereomikroskoplar\" loading=\"lazy\" decoding=\"async\" class=\"stk-img wp-image-882\" src=\"https:\/\/nebula-b.com\/wp-content\/uploads\/2024\/02\/Stero1.jpg\" width=\"1500\" height=\"1500\" srcset=\"https:\/\/nebula-b.com\/wp-content\/uploads\/2024\/02\/Stero1.jpg 1500w, https:\/\/nebula-b.com\/wp-content\/uploads\/2024\/02\/Stero1-300x300.jpg 300w, https:\/\/nebula-b.com\/wp-content\/uploads\/2024\/02\/Stero1-1024x1024.jpg 1024w, https:\/\/nebula-b.com\/wp-content\/uploads\/2024\/02\/Stero1-150x150.jpg 150w, https:\/\/nebula-b.com\/wp-content\/uploads\/2024\/02\/Stero1-768x768.jpg 768w\" sizes=\"auto, (max-width: 1500px) 100vw, 1500px\" \/><\/span><\/figure><\/div>\n<\/div><\/div><\/div>\n\n\n\n<div class=\"wp-block-stackable-column stk-block-column stk-column stk-block stk-6847d17\" data-v=\"4\" data-block-id=\"6847d17\"><style>.stk-6847d17{align-self:center !important}<\/style><div class=\"stk-column-wrapper stk-block-column__content stk-container stk-6847d17-container stk--no-background stk--no-padding\"><div class=\"stk-block-content stk-inner-blocks stk-6847d17-inner-blocks\">\n<div class=\"wp-block-stackable-image stk-block-image stk-block stk-eee5d3d\" data-block-id=\"eee5d3d\"><figure><span class=\"stk-img-wrapper stk-image--shape-stretch\"><img alt=\"Stereomikroskoplar\" loading=\"lazy\" decoding=\"async\" class=\"stk-img wp-image-883\" src=\"https:\/\/nebula-b.com\/wp-content\/uploads\/2024\/02\/stero2.jpg\" width=\"1500\" height=\"1500\" srcset=\"https:\/\/nebula-b.com\/wp-content\/uploads\/2024\/02\/stero2.jpg 1500w, https:\/\/nebula-b.com\/wp-content\/uploads\/2024\/02\/stero2-300x300.jpg 300w, https:\/\/nebula-b.com\/wp-content\/uploads\/2024\/02\/stero2-1024x1024.jpg 1024w, https:\/\/nebula-b.com\/wp-content\/uploads\/2024\/02\/stero2-150x150.jpg 150w, https:\/\/nebula-b.com\/wp-content\/uploads\/2024\/02\/stero2-768x768.jpg 768w\" sizes=\"auto, (max-width: 1500px) 100vw, 1500px\" \/><\/span><\/figure><\/div>\n<\/div><\/div><\/div>\n<\/div><div class=\"stk-block-carousel__buttons\"><button class=\"stk-block-carousel__button stk-block-carousel__button__prev\" aria-label=\"Bir onceki slayt\"><svg aria-hidden=\"true\" focusable=\"false\" data-prefix=\"fas\" data-icon=\"chevron-left\" class=\"svg-inline--fa fa-chevron-left\" xmlns=\"http:\/\/www.w3.org\/2000\/svg\" viewbox=\"0 0 320 512\" width=\"32\" height=\"32\"><path d=\"M34.52 239.03L228.87 44.69c9.37-9.37 24.57-9.37 33.94 0l22.67 22.67c9.36 9.36 9.37 24.52.04 33.9L131.49 256l154.02 154.75c9.34 9.38 9.32 24.54-.04 33.9l-22.67 22.67c-9.37 9.37-24.57 9.37-33.94 0L34.52 272.97c-9.37-9.37-9.37-24.57 0-33.94z\"><\/path><\/svg><\/button><button class=\"stk-block-carousel__button stk-block-carousel__button__next\" aria-label=\"Sonraki slayt\"><svg aria-hidden=\"true\" focusable=\"false\" data-prefix=\"fas\" data-icon=\"chevron-right\" class=\"svg-inline--fa fa-chevron-right\" xmlns=\"http:\/\/www.w3.org\/2000\/svg\" viewbox=\"0 0 320 512\" width=\"32\" height=\"32\"><path d=\"M285.476 272.971L91.132 467.314c-9.373 9.373-24.569 9.373-33.941 0l-22.667-22.667c-9.357-9.357-9.375-24.522-.04-33.901L188.505 256 34.484 101.255c-9.335-9.379-9.317-24.544.04-33.901l22.667-22.667c9.373-9.373 24.569-9.373 33.941 0L285.475 239.03c9.373 9.372 9.373 24.568.001 33.941z\"><\/path><\/svg><\/button><\/div><\/div><div class=\"stk-block-carousel__dots\" role=\"list\" data-label=\"Slide %%d\"><\/div><\/div><\/div>\n<\/div>\n\n\n\n<div class=\"wp-block-column is-layout-flow wp-block-column-is-layout-flow\" style=\"border-style:none;border-width:0px;flex-basis:60%\">\n<p style=\"font-size:16px\"><strong>\u00d6zellikler<\/strong> <\/p>\n\n\n\n<p style=\"font-size:15px\">\u2727 Uzun \u00e7al\u0131\u015fma mesafesi, geni\u015f alan derinli\u011fi, b\u00fcy\u00fck yak\u0131nla\u015ft\u0131rma oran\u0131;<br>\u2727 \u00dcr\u00fcnler biyoloji, t\u0131p, sanayi, tar\u0131m vb. alanlarda yayg\u0131n olarak kullan\u0131labilir.<br>\u2727 \u00e7e\u015fitli b\u00fcy\u00fctme mercekleri, retik\u00fcl g\u00f6z mercekleri ve iste\u011fe ba\u011fl\u0131 b\u00fcy\u00fck objektif lensler;<br>\u2727 trinok\u00fcler ana bilgisayar CCD (CMOS) ve dijital kameralara ba\u011flanabilir;<br>\u2727 \u00e7e\u015fitli tabanlar ve evrensel braketler, LED halka \u0131\u015f\u0131klar, halka floresan \u0131\u015f\u0131klar ile donat\u0131labilir,<br>optik fiber vb.<\/p>\n<\/div>\n<\/div>\n\n\n\n<p><strong>Parametreler<\/strong><\/p>\n\n\n\n<figure class=\"wp-block-table is-style-stripes\"><table><tbody><tr><td><\/td><td><strong>S45<\/strong><\/td><td><strong>S65<\/strong><\/td><td><strong>S70<\/strong><\/td><td><strong>S80<\/strong><\/td><\/tr><tr><td><strong>B\u00fcy\u00fctme<\/strong><\/td><td>Toplam b\u00fcy\u00fctme 7\u00d7 ~ 45\u00d7<\/td><td>Toplam b\u00fcy\u00fctme 10\u00d7 ~ 65\u00d7<\/td><td>Toplam b\u00fcy\u00fctme 8\u00d7 ~70\u00d7<\/td><td>Toplam b\u00fcy\u00fctme 8X ~ 80X<\/td><\/tr><tr><td><strong>Yak\u0131nla\u015ft\u0131rma oran\u0131<\/strong><\/td><td>1 : 6.5<\/td><td>1 : 6.5<\/td><td>1 : 8.8<\/td><td>1 : 10<\/td><\/tr><tr><td><strong>mercek<\/strong><\/td><td>SWH10X y\u00fcksek g\u00f6z noktas\u0131 s\u00fcper geni\u015f a\u00e7\u0131l\u0131 mercek, g\u00f6r\u00fc\u015f alan\u0131 \u03a623mm<\/td><td>SWH10X y\u00fcksek g\u00f6z noktas\u0131 s\u00fcper geni\u015f a\u00e7\u0131l\u0131 mercek, g\u00f6r\u00fc\u015f alan\u0131 \u03a623mm<\/td><td>SWH10X y\u00fcksek g\u00f6z noktas\u0131 s\u00fcper geni\u015f a\u00e7\u0131l\u0131 mercek, g\u00f6r\u00fc\u015f alan\u0131 \u03a623mm<\/td><td>SWH10X y\u00fcksek g\u00f6z noktas\u0131 s\u00fcper geni\u015f a\u00e7\u0131l\u0131 mercek, g\u00f6r\u00fc\u015f alan\u0131 \u03a622mm<\/td><\/tr><tr><td><strong>Objektif lens<\/strong><\/td><td>\u3000<\/td><td>\u3000<\/td><td>\u3000<\/td><td>1X plan hedefi<\/td><\/tr><tr><td><strong>T\u00fcp<\/strong><\/td><td>45\u00b0 e\u011fimli<\/td><td>45\u00b0 e\u011fimli<\/td><td>35\u00b0 e\u011fimli<\/td><td>45\u00b0 e\u011fimli<\/td><\/tr><tr><td><strong>\u00c7al\u0131\u015fma mesafesi<\/strong><\/td><td>110 mm<\/td><td>110 mm<\/td><td>108 mm<\/td><td>91mm;<\/td><\/tr><tr><td><strong>Odaklanma aral\u0131\u011f\u0131<\/strong><\/td><td>50mm (kare direk oldu\u011funda 100mm)<\/td><td>50mm (kare direk oldu\u011funda 100mm)<\/td><td>50mm (kare direk oldu\u011funda 100mm)<\/td><td>50mm (kare direk oldu\u011funda 100mm)<\/td><\/tr><tr><td><strong>G\u00f6zbebekleri aras\u0131 mesafe ayar aral\u0131\u011f\u0131<\/strong><\/td><td>52~76 mm<\/td><td>52~76 mm<\/td><td>52~76 mm<\/td><td>52~76 mm<\/td><\/tr><tr><td><strong>Diyoptri ayar aral\u0131\u011f\u0131<\/strong><\/td><td>\u00b16 diyoptri<\/td><td>\u00b16 diyoptri<\/td><td>\u00b16 diyoptri<\/td><td>\u00b16 diyoptri<\/td><\/tr><tr><td><strong>Braketin ve ana bilgisayar\u0131n e\u015fle\u015fen boyutu<\/strong><\/td><td>\u03c676mm<\/td><td>\u03c676mm<\/td><td>\u03c676mm<\/td><td>\u03c676mm<\/td><\/tr><tr><td><strong>Direk ve braket aras\u0131ndaki merkez mesafesi<\/strong><\/td><td>140mm<\/td><td>140mm<\/td><td>140mm<\/td><td>140mm<\/td><\/tr><tr><td><strong>Yuvarlak dire\u011fin \u00e7ap\u0131<\/strong><\/td><td>\u03a625mm<\/td><td>\u03a625mm<\/td><td>\u03a625mm<\/td><td>\u03a625mm<\/td><\/tr><tr><td><strong>Sahne plakas\u0131n\u0131n \u00e7ap\u0131<\/strong><\/td><td>\u03a6 95mm<\/td><td>\u03a6 95mm<\/td><td>\u03a6 95mm<\/td><td>\u03a6 95mm<\/td><\/tr><tr><td><strong>I\u015f\u0131k kayna\u011f\u0131<\/strong><\/td><td>Floresan lamba transmisyon ayd\u0131nlatmas\u0131 (5W), halojen tungsten lamba yans\u0131ma ayd\u0131nlatmas\u0131 (6V \/ 10W ayarlanabilir) ile donat\u0131labilir.<\/td><td>Floresan lamba transmisyon ayd\u0131nlatmas\u0131 (5W), halojen tungsten lamba yans\u0131ma ayd\u0131nlatmas\u0131 (6V \/ 10W ayarlanabilir) ile donat\u0131labilir.<\/td><td>Floresan lamba transmisyon ayd\u0131nlatmas\u0131 (5W), halojen tungsten lamba yans\u0131ma ayd\u0131nlatmas\u0131 (6V \/ 10W ayarlanabilir) ile donat\u0131labilir.<\/td><td>Floresan lamba transmisyon ayd\u0131nlatmas\u0131 (5W), halojen tungsten lamba yans\u0131ma ayd\u0131nlatmas\u0131 (6V \/ 10W ayarlanabilir) ile donat\u0131labilir.<\/td><\/tr><\/tbody><\/table><\/figure>","protected":false},"excerpt":{"rendered":"<p>Features \u2727 Long working distance, large depth of field, large zoom ratio;\u2727 products can be widely used in biology, medicine, industry, agriculture and etc.\u2727 various magnification eyepieces, reticle eyepieces and large objective lenses optional;\u2727 the trinocular host can be connected with CCD (CMOS) and digital cameras;\u2727 could be equipped with various bases and universal brackets,&hellip;&nbsp;<a href=\"https:\/\/nebula-b.com\/tr\/stereomikroskop\/\" class=\"\" rel=\"bookmark\">Daha fazlas\u0131n\u0131 oku \u00bb<span class=\"screen-reader-text\">Stereomikroskoplar<\/span><\/a><\/p>","protected":false},"author":2,"featured_media":0,"parent":0,"menu_order":0,"comment_status":"closed","ping_status":"closed","template":"","meta":{"_uag_custom_page_level_css":"","ub_ctt_via":"","neve_meta_sidebar":"","neve_meta_container":"","neve_meta_enable_content_width":"","neve_meta_content_width":0,"neve_meta_title_alignment":"","neve_meta_author_avatar":"","neve_post_elements_order":"","neve_meta_disable_header":"","neve_meta_disable_footer":"","neve_meta_disable_title":"","_themeisle_gutenberg_block_has_review":false,"footnotes":""},"class_list":["post-292","page","type-page","status-publish","hentry"],"featured_image_src":null,"uagb_featured_image_src":{"full":false,"thumbnail":false,"medium":false,"medium_large":false,"large":false,"1536x1536":false,"2048x2048":false,"trp-custom-language-flag":false,"neve-blog":false},"uagb_author_info":{"display_name":"liu, stacey","author_link":"https:\/\/nebula-b.com\/tr\/author\/stacey\/"},"uagb_comment_info":0,"uagb_excerpt":"Features \u2727 Long working distance, large depth of field, large zoom ratio;\u2727 products can be widely used in biology, medicine, industry, agriculture and etc.\u2727 various magnification eyepieces, reticle eyepieces and large objective lenses optional;\u2727 the trinocular host can be connected with CCD (CMOS) and digital cameras;\u2727 could be equipped with various bases and universal brackets,&hellip;&nbsp;Daha&hellip;","_links":{"self":[{"href":"https:\/\/nebula-b.com\/tr\/wp-json\/wp\/v2\/pages\/292","targetHints":{"allow":["GET"]}}],"collection":[{"href":"https:\/\/nebula-b.com\/tr\/wp-json\/wp\/v2\/pages"}],"about":[{"href":"https:\/\/nebula-b.com\/tr\/wp-json\/wp\/v2\/types\/page"}],"author":[{"embeddable":true,"href":"https:\/\/nebula-b.com\/tr\/wp-json\/wp\/v2\/users\/2"}],"replies":[{"embeddable":true,"href":"https:\/\/nebula-b.com\/tr\/wp-json\/wp\/v2\/comments?post=292"}],"version-history":[{"count":3,"href":"https:\/\/nebula-b.com\/tr\/wp-json\/wp\/v2\/pages\/292\/revisions"}],"predecessor-version":[{"id":1875,"href":"https:\/\/nebula-b.com\/tr\/wp-json\/wp\/v2\/pages\/292\/revisions\/1875"}],"wp:attachment":[{"href":"https:\/\/nebula-b.com\/tr\/wp-json\/wp\/v2\/media?parent=292"}],"curies":[{"name":"wp","href":"https:\/\/api.w.org\/{rel}","templated":true}]}}