{"id":896,"date":"2024-02-21T16:51:29","date_gmt":"2024-02-21T08:51:29","guid":{"rendered":"https:\/\/wp.kxwar.com\/?page_id=896"},"modified":"2024-06-07T15:40:48","modified_gmt":"2024-06-07T07:40:48","slug":"blue-light-transilluminator","status":"publish","type":"page","link":"https:\/\/nebula-b.com\/fr\/transilluminateur-a-lumiere-bleue\/","title":{"rendered":"Transilluminateur \u00e0 lumi\u00e8re bleue"},"content":{"rendered":"<div class=\"wp-block-columns has-small-font-size is-layout-flex wp-container-core-columns-is-layout-b934f1a7 wp-block-columns-is-layout-flex\" style=\"border-style:none;border-width:0px;border-radius:0px;padding-top:0;padding-right:var(--wp--preset--spacing--20);padding-bottom:0;padding-left:var(--wp--preset--spacing--20)\">\n<div class=\"wp-block-column is-layout-flow wp-block-column-is-layout-flow\" style=\"flex-basis:40%\">\n<div class=\"wp-block-stackable-carousel stk-block-carousel stk--is-slide stk--arrows-justify-space-between stk--arrows-align-center stk-block stk-9336aea\" data-slides-to-show=\"\" data-block-id=\"9336aea\"><div class=\"stk-block-carousel__content-wrapper\"><div class=\"stk-row stk-inner-blocks stk-block-content stk-block-carousel__slider-wrapper stk-content-align stk-9336aea-column\"><div class=\"stk-block-carousel__slider\" role=\"list\" data-autoplay=\"4000\" data-label-slide-of=\"Slide %%d of %%d\">\n<div class=\"wp-block-stackable-column stk-block-column stk-column stk-block stk-e7af2ca\" data-v=\"4\" data-block-id=\"e7af2ca\"><div class=\"stk-column-wrapper stk-block-column__content stk-container stk-e7af2ca-container stk--no-background stk--no-padding\"><div class=\"stk-block-content stk-inner-blocks stk-e7af2ca-inner-blocks\">\n<div class=\"wp-block-stackable-image stk-block-image stk-block stk-d699d7e\" data-block-id=\"d699d7e\"><style>.stk-d699d7e .stk-img-wrapper img{transform:scale(0.73) !important}<\/style><figure><span class=\"stk-img-wrapper stk-image--shape-stretch\"><img alt=\"Transilluminateur \u00e0 lumi\u00e8re bleue\" loading=\"lazy\" decoding=\"async\" class=\"stk-img wp-image-1644\" src=\"https:\/\/nebula-b.com\/wp-content\/uploads\/2024\/04\/\u84dd\u51490-remoebg\uff081\uff09-1.png\" width=\"866\" height=\"649\" srcset=\"https:\/\/nebula-b.com\/wp-content\/uploads\/2024\/04\/\u84dd\u51490-remoebg\uff081\uff09-1.png 866w, https:\/\/nebula-b.com\/wp-content\/uploads\/2024\/04\/\u84dd\u51490-remoebg\uff081\uff09-1-300x225.png 300w, https:\/\/nebula-b.com\/wp-content\/uploads\/2024\/04\/\u84dd\u51490-remoebg\uff081\uff09-1-768x576.png 768w\" sizes=\"auto, (max-width: 866px) 100vw, 866px\" \/><\/span><\/figure><\/div>\n<\/div><\/div><\/div>\n\n\n\n<div class=\"wp-block-stackable-column stk-block-column stk-column stk-block stk-6847d17\" data-v=\"4\" data-block-id=\"6847d17\"><style>.stk-6847d17{align-self:stretch !important}<\/style><div class=\"stk-column-wrapper stk-block-column__content stk-container stk-6847d17-container stk--no-background stk--no-padding\"><div class=\"stk-block-content stk-inner-blocks stk-6847d17-inner-blocks\">\n<div class=\"wp-block-stackable-image alignleft stk-block-image has-text-align-left stk-block stk-eee5d3d\" data-block-id=\"eee5d3d\"><style>.stk-eee5d3d .stk-img-wrapper{width:135% !important}<\/style><figure><span class=\"stk-img-wrapper stk-image--shape-stretch\"><img alt=\"Transilluminateur \u00e0 lumi\u00e8re bleue\" loading=\"lazy\" decoding=\"async\" class=\"stk-img wp-image-1646\" src=\"https:\/\/nebula-b.com\/wp-content\/uploads\/2024\/04\/\u84dd\u51491-removebg-preview-1.png\" width=\"866\" height=\"649\"\/><\/span><\/figure><\/div>\n<\/div><\/div><\/div>\n<\/div><div class=\"stk-block-carousel__buttons\"><button class=\"stk-block-carousel__button stk-block-carousel__button__prev\" aria-label=\"Diapositive pr\u00e9c\u00e9dente\"><svg aria-hidden=\"true\" focusable=\"false\" data-prefix=\"fas\" data-icon=\"chevron-left\" class=\"svg-inline--fa fa-chevron-left\" xmlns=\"http:\/\/www.w3.org\/2000\/svg\" viewbox=\"0 0 320 512\" width=\"32\" height=\"32\"><path d=\"M34.52 239.03L228.87 44.69c9.37-9.37 24.57-9.37 33.94 0l22.67 22.67c9.36 9.36 9.37 24.52.04 33.9L131.49 256l154.02 154.75c9.34 9.38 9.32 24.54-.04 33.9l-22.67 22.67c-9.37 9.37-24.57 9.37-33.94 0L34.52 272.97c-9.37-9.37-9.37-24.57 0-33.94z\"><\/path><\/svg><\/button><button class=\"stk-block-carousel__button stk-block-carousel__button__next\" aria-label=\"Diapositive suivante\"><svg aria-hidden=\"true\" focusable=\"false\" data-prefix=\"fas\" data-icon=\"chevron-right\" class=\"svg-inline--fa fa-chevron-right\" xmlns=\"http:\/\/www.w3.org\/2000\/svg\" viewbox=\"0 0 320 512\" width=\"32\" height=\"32\"><path d=\"M285.476 272.971L91.132 467.314c-9.373 9.373-24.569 9.373-33.941 0l-22.667-22.667c-9.357-9.357-9.375-24.522-.04-33.901L188.505 256 34.484 101.255c-9.335-9.379-9.317-24.544.04-33.901l22.667-22.667c9.373-9.373 24.569-9.373 33.941 0L285.475 239.03c9.373 9.372 9.373 24.568.001 33.941z\"><\/path><\/svg><\/button><\/div><\/div><div class=\"stk-block-carousel__dots\" role=\"list\" data-label=\"Slide %%d\"><\/div><\/div><\/div>\n<\/div>\n\n\n\n<div class=\"wp-block-column is-layout-flow wp-block-column-is-layout-flow\" style=\"border-style:none;border-width:0px;flex-basis:60%\">\n<p style=\"font-size:16px\"><strong>Caract\u00e9ristiques<\/strong> <\/p>\n\n\n\n<p style=\"font-size:15px\">\u2727 La conception ultra-mince est facile \u00e0 transporter et \u00e0 utiliser\u00a0;<br>\u2727 haute sensibilit\u00e9 : en utilisant le colorant fluorescent FluosoStain DNA, il peut d\u00e9tecter un ADN de \u22640,1 ng ;<br>\u2727 M\u00e9thode d&#039;\u00e9clairage LED bleue : doubles jeux d&#039;\u00e9clairage lat\u00e9ral ;<br>\u2727colorants recommand\u00e9s : colorant fluorescent FluoroDye DNA ;<br>\u2727 la housse professionnelle filtre toute la lumi\u00e8re, \u00e9liminant ainsi l&#039;inconfort caus\u00e9 par le port de lunettes ;<br>\u2727 l&#039;instrument est dot\u00e9 d&#039;une fonction de mise hors tension automatique apr\u00e8s 10 minutes d&#039;inactivit\u00e9 afin de prot\u00e9ger au maximum la dur\u00e9e de vie de la source lumineuse de l&#039;utilisateur\u00a0;<br>\u2727 le filtre \u00e0 angle r\u00e9glable facilite la d\u00e9coupe et l&#039;observation du gel ;<br>\u2727 la zone d&#039;\u00e9chantillon ultra-large peut accueillir diff\u00e9rentes tailles de gels pour la d\u00e9coupe et l&#039;observation.<\/p>\n<\/div>\n<\/div>\n\n\n\n<p><strong>Applications:<\/strong><\/p>\n\n\n\n<p>Le transmilluminateur de lumi\u00e8re bleue NL-BLUE 350D est principalement utilis\u00e9 pour l&#039;observation, la d\u00e9coupe et la photographie de gels d&#039;\u00e9lectrophor\u00e8se. Il convient aux colorants SYBR Safe, SYBR Gold, SYBR Green I &amp; II, SYPRO Ruby, SYPRO Orange, Coomassie Fluor, Orange, Gel Green, Gel Red, Lumitein Protein Gel Stain et autres colorants de s\u00e9curit\u00e9. Il permet aux utilisateurs de se d\u00e9barrasser compl\u00e8tement de la transmission UV nocive et de l\u2019utilisation d\u2019EtBr hautement canc\u00e9rig\u00e8ne.<br>La source de lumi\u00e8re bleue prot\u00e8ge les utilisateurs des dommages caus\u00e9s par les ultraviolets mais n&#039;endommage pas les fragments d&#039;acide nucl\u00e9ique\u00a0;<br>Le module de transillumination uniforme permet une observation plus uniforme des \u00e9chantillons et de meilleurs effets photographiques\u00a0;<br>Les perles de lampe LED de haute qualit\u00e9 sont durables, \u00e9conomes en \u00e9nergie et respectueuses de l&#039;environnement. Il n&#039;est pas n\u00e9cessaire de remplacer le tube de la lampe et il ne n\u00e9cessite aucun entretien.<\/p>\n\n\n\n<p><strong>Param\u00e8tres<\/strong><\/p>\n\n\n\n<figure class=\"wp-block-table is-style-stripes\"><table><tbody><tr><td><strong>Num\u00e9ro de mod\u00e8le. <\/strong><\/td><td><strong>NL-350D<\/strong><br>Transilluminateur de lumi\u00e8re bleue<\/td><\/tr><tr><td>Dimension de l&#039;instrument (L *W*T)&nbsp;<\/td><td>250*230*52mm<\/td><\/tr><tr><td>Zone d&#039;\u00e9chantillonnage<\/td><td>200*150mm<\/td><\/tr><tr><td>Longueur d&#039;onde de transmission de la lumi\u00e8re bleue<\/td><td>470 nm<\/td><\/tr><tr><td>Dur\u00e9e de vie de la source lumineuse<\/td><td>&nbsp;&gt;100 000 heures<\/td><\/tr><tr><td>Couleur du couvercle du filtre<\/td><td>ambre<\/td><\/tr><\/tbody><\/table><\/figure>","protected":false},"excerpt":{"rendered":"<p>Features \u2727 Ultra-thin design is easy to carry and use;\u2727 high sensitivity: using FluosoStain DNA fluorescent dye, it can detect DNA of \u22640.1ng;\u2727 blue LED illumination method: double sets of side illumination;\u2727recommended dyes: FluoroDye DNA fluorescent dye;\u2727 professional cover filters the entire light, eliminating the discomfort caused by wearing goggles;\u2727 the instrument comes with an&hellip;&nbsp;<a href=\"https:\/\/nebula-b.com\/fr\/transilluminateur-a-lumiere-bleue\/\" class=\"\" rel=\"bookmark\">Lire la suite \u00bb<span class=\"screen-reader-text\">Transilluminateur \u00e0 lumi\u00e8re bleue<\/span><\/a><\/p>","protected":false},"author":2,"featured_media":0,"parent":0,"menu_order":0,"comment_status":"closed","ping_status":"closed","template":"","meta":{"_uag_custom_page_level_css":"","ub_ctt_via":"","neve_meta_sidebar":"","neve_meta_container":"","neve_meta_enable_content_width":"","neve_meta_content_width":0,"neve_meta_title_alignment":"","neve_meta_author_avatar":"","neve_post_elements_order":"","neve_meta_disable_header":"","neve_meta_disable_footer":"","neve_meta_disable_title":"","_themeisle_gutenberg_block_has_review":false,"footnotes":""},"class_list":["post-896","page","type-page","status-publish","hentry"],"featured_image_src":null,"uagb_featured_image_src":{"full":false,"thumbnail":false,"medium":false,"medium_large":false,"large":false,"1536x1536":false,"2048x2048":false,"trp-custom-language-flag":false,"neve-blog":false},"uagb_author_info":{"display_name":"liu, stacey","author_link":"https:\/\/nebula-b.com\/fr\/author\/stacey\/"},"uagb_comment_info":0,"uagb_excerpt":"Features \u2727 Ultra-thin design is easy to carry and use;\u2727 high sensitivity: using FluosoStain DNA fluorescent dye, it can detect DNA of \u22640.1ng;\u2727 blue LED illumination method: double sets of side illumination;\u2727recommended dyes: FluoroDye DNA fluorescent dye;\u2727 professional cover filters the entire light, eliminating the discomfort caused by wearing goggles;\u2727 the instrument comes with an&hellip;&nbsp;Lire\u2026","_links":{"self":[{"href":"https:\/\/nebula-b.com\/fr\/wp-json\/wp\/v2\/pages\/896","targetHints":{"allow":["GET"]}}],"collection":[{"href":"https:\/\/nebula-b.com\/fr\/wp-json\/wp\/v2\/pages"}],"about":[{"href":"https:\/\/nebula-b.com\/fr\/wp-json\/wp\/v2\/types\/page"}],"author":[{"embeddable":true,"href":"https:\/\/nebula-b.com\/fr\/wp-json\/wp\/v2\/users\/2"}],"replies":[{"embeddable":true,"href":"https:\/\/nebula-b.com\/fr\/wp-json\/wp\/v2\/comments?post=896"}],"version-history":[{"count":2,"href":"https:\/\/nebula-b.com\/fr\/wp-json\/wp\/v2\/pages\/896\/revisions"}],"predecessor-version":[{"id":2375,"href":"https:\/\/nebula-b.com\/fr\/wp-json\/wp\/v2\/pages\/896\/revisions\/2375"}],"wp:attachment":[{"href":"https:\/\/nebula-b.com\/fr\/wp-json\/wp\/v2\/media?parent=896"}],"curies":[{"name":"wp","href":"https:\/\/api.w.org\/{rel}","templated":true}]}}