{"id":901,"date":"2024-02-21T17:21:41","date_gmt":"2024-02-21T09:21:41","guid":{"rendered":"https:\/\/wp.kxwar.com\/?page_id=901"},"modified":"2024-06-07T15:35:47","modified_gmt":"2024-06-07T07:35:47","slug":"uv-transilluminator","status":"publish","type":"page","link":"https:\/\/nebula-b.com\/de\/uv-transilluminator\/","title":{"rendered":"UV-Transilluminator mit zwei Wellenl\u00e4ngen"},"content":{"rendered":"<div class=\"wp-block-columns has-small-font-size is-layout-flex wp-container-core-columns-is-layout-b934f1a7 wp-block-columns-is-layout-flex\" style=\"border-style:none;border-width:0px;border-radius:0px;padding-top:0;padding-right:var(--wp--preset--spacing--20);padding-bottom:0;padding-left:var(--wp--preset--spacing--20)\">\n<div class=\"wp-block-column is-layout-flow wp-block-column-is-layout-flow\" style=\"flex-basis:40%\">\n<div class=\"wp-block-stackable-carousel stk-block-carousel stk--is-slide stk--arrows-justify-space-between stk--arrows-align-center stk-block stk-0708dcd\" data-slides-to-show=\"\" data-block-id=\"0708dcd\"><div class=\"stk-block-carousel__content-wrapper\"><div class=\"stk-row stk-inner-blocks stk-block-content stk-block-carousel__slider-wrapper stk-content-align stk-0708dcd-column\"><div class=\"stk-block-carousel__slider\" role=\"list\" data-autoplay=\"4000\" data-label-slide-of=\"Slide %%d of %%d\">\n<div class=\"wp-block-stackable-column stk-block-column stk-column stk-block stk-962174e\" data-v=\"4\" data-block-id=\"962174e\"><style>.stk-962174e{align-self:center !important}<\/style><div class=\"stk-column-wrapper stk-block-column__content stk-container stk-962174e-container stk--no-background stk--no-padding\"><div class=\"stk-block-content stk-inner-blocks stk-962174e-inner-blocks\">\n<div class=\"wp-block-stackable-image stk-block-image stk-block stk-0001fe2\" data-block-id=\"0001fe2\"><figure><span class=\"stk-img-wrapper stk-image--shape-stretch\"><img loading=\"lazy\" decoding=\"async\" class=\"stk-img wp-image-1955\" src=\"https:\/\/nebula-b.com\/wp-content\/uploads\/2024\/04\/\u526a\u88c1UV.png\" width=\"400\" height=\"400\" alt=\"Durchleuchtungsger\u00e4t\" srcset=\"https:\/\/nebula-b.com\/wp-content\/uploads\/2024\/04\/\u526a\u88c1UV.png 400w, https:\/\/nebula-b.com\/wp-content\/uploads\/2024\/04\/\u526a\u88c1UV-300x300.png 300w, https:\/\/nebula-b.com\/wp-content\/uploads\/2024\/04\/\u526a\u88c1UV-150x150.png 150w, https:\/\/nebula-b.com\/wp-content\/uploads\/2024\/04\/\u526a\u88c1UV-12x12.png 12w\" sizes=\"auto, (max-width: 400px) 100vw, 400px\" \/><\/span><\/figure><\/div>\n<\/div><\/div><\/div>\n\n\n\n<div class=\"wp-block-stackable-column stk-block-column stk-column stk-block stk-fccc952\" data-v=\"4\" data-block-id=\"fccc952\"><style>.stk-fccc952{align-self:center !important}<\/style><div class=\"stk-column-wrapper stk-block-column__content stk-container stk-fccc952-container stk--no-background stk--no-padding\"><div class=\"stk-block-content stk-inner-blocks stk-fccc952-inner-blocks\">\n<div class=\"wp-block-stackable-image stk-block-image stk-block stk-5282f41\" data-block-id=\"5282f41\"><figure><span class=\"stk-img-wrapper stk-image--shape-stretch\"><img alt=\"UV-Transilluminator mit zwei Wellenl\u00e4ngen\" loading=\"lazy\" decoding=\"async\" class=\"stk-img wp-image-904\" src=\"https:\/\/nebula-b.com\/wp-content\/uploads\/2024\/02\/350A\u53f0\u5f0f1.jpg\" width=\"700\" height=\"700\" srcset=\"https:\/\/nebula-b.com\/wp-content\/uploads\/2024\/02\/350A\u53f0\u5f0f1.jpg 700w, https:\/\/nebula-b.com\/wp-content\/uploads\/2024\/02\/350A\u53f0\u5f0f1-300x300.jpg 300w, https:\/\/nebula-b.com\/wp-content\/uploads\/2024\/02\/350A\u53f0\u5f0f1-150x150.jpg 150w\" sizes=\"auto, (max-width: 700px) 100vw, 700px\" \/><\/span><\/figure><\/div>\n<\/div><\/div><\/div>\n<\/div><div class=\"stk-block-carousel__buttons\"><button class=\"stk-block-carousel__button stk-block-carousel__button__prev\" aria-label=\"Vorherige Folie\"><svg aria-hidden=\"true\" focusable=\"false\" data-prefix=\"fas\" data-icon=\"chevron-left\" class=\"svg-inline--fa fa-chevron-left\" xmlns=\"http:\/\/www.w3.org\/2000\/svg\" viewbox=\"0 0 320 512\" width=\"32\" height=\"32\"><path d=\"M34.52 239.03L228.87 44.69c9.37-9.37 24.57-9.37 33.94 0l22.67 22.67c9.36 9.36 9.37 24.52.04 33.9L131.49 256l154.02 154.75c9.34 9.38 9.32 24.54-.04 33.9l-22.67 22.67c-9.37 9.37-24.57 9.37-33.94 0L34.52 272.97c-9.37-9.37-9.37-24.57 0-33.94z\"><\/path><\/svg><\/button><button class=\"stk-block-carousel__button stk-block-carousel__button__next\" aria-label=\"N\u00e4chste Folie\"><svg aria-hidden=\"true\" focusable=\"false\" data-prefix=\"fas\" data-icon=\"chevron-right\" class=\"svg-inline--fa fa-chevron-right\" xmlns=\"http:\/\/www.w3.org\/2000\/svg\" viewbox=\"0 0 320 512\" width=\"32\" height=\"32\"><path d=\"M285.476 272.971L91.132 467.314c-9.373 9.373-24.569 9.373-33.941 0l-22.667-22.667c-9.357-9.357-9.375-24.522-.04-33.901L188.505 256 34.484 101.255c-9.335-9.379-9.317-24.544.04-33.901l22.667-22.667c9.373-9.373 24.569-9.373 33.941 0L285.475 239.03c9.373 9.372 9.373 24.568.001 33.941z\"><\/path><\/svg><\/button><\/div><\/div><div class=\"stk-block-carousel__dots\" role=\"list\" data-label=\"Slide %%d\"><\/div><\/div><\/div>\n\n\n\n<div class=\"wp-block-uagb-container uagb-block-8849885f alignfull uagb-is-root-container\"><div class=\"uagb-container-inner-blocks-wrap\"><\/div><\/div>\n<\/div>\n\n\n\n<div class=\"wp-block-column is-layout-flow wp-block-column-is-layout-flow\" style=\"border-style:none;border-width:0px;flex-basis:60%\">\n<p style=\"font-size:16px\"><strong><strong><strong>NL-350A UV-Transilluminator f\u00fcr die Tischmontage<\/strong><\/strong><\/strong><\/p>\n\n\n\n<p style=\"font-size:15px\">Dieses Instrument wird speziell zum Beobachten und Fotografieren von Fluoreszenzfilmen, Agarosegelen, Coomassie-Blau-gef\u00e4rbten Gelen, silbergef\u00e4rbten Gelen, Hybridisierungsmembranen, Autoradiographie und DC-Platten verwendet, um Forschern das korrekte und schnelle Lesen von Gelbildern zu erm\u00f6glichen. <\/p>\n\n\n\n<figure class=\"wp-block-table alignleft is-style-stripes\"><table><tbody><tr><td>UV-Wellenl\u00e4nge<\/td><td>256 nm und 302 nm oder 365 nm<\/td><\/tr><tr><td>Filtergr\u00f6\u00dfe<\/td><td>200 x 150 mm<\/td><\/tr><tr><td>Anzahl der R\u00f6hren<\/td><td>4<\/td><\/tr><tr><td>UV-Schutzh\u00fclle<\/td><td>Ja<\/td><\/tr><tr><td>Produktabmessung<\/td><td>380 x 360 x 90 mm<\/td><\/tr><\/tbody><\/table><figcaption class=\"wp-element-caption\">*Spezielle Spezifikationen k\u00f6nnen angepasst werden; <br>Die Wellenl\u00e4ngen der UV-R\u00f6hren k\u00f6nnen beliebig kombiniert werden.<\/figcaption><\/figure>\n<\/div>\n<\/div>\n\n\n\n<div class=\"wp-block-columns has-small-font-size is-layout-flex wp-container-core-columns-is-layout-b934f1a7 wp-block-columns-is-layout-flex\" style=\"border-style:none;border-width:0px;border-radius:0px;padding-top:0;padding-right:var(--wp--preset--spacing--20);padding-bottom:0;padding-left:var(--wp--preset--spacing--20)\">\n<div class=\"wp-block-column is-layout-flow wp-block-column-is-layout-flow\" style=\"flex-basis:40%\">\n<div class=\"wp-block-stackable-carousel stk-block-carousel stk--is-slide stk--arrows-justify-space-between stk--arrows-align-center stk-block stk-0312f67\" data-slides-to-show=\"\" data-block-id=\"0312f67\"><div class=\"stk-block-carousel__content-wrapper\"><div class=\"stk-row stk-inner-blocks stk-block-content stk-block-carousel__slider-wrapper stk-content-align stk-0312f67-column\"><div class=\"stk-block-carousel__slider\" role=\"list\" data-autoplay=\"4000\" data-label-slide-of=\"Slide %%d of %%d\">\n<div class=\"wp-block-stackable-column stk-block-column stk-column stk-block stk-0ea9826\" data-v=\"4\" data-block-id=\"0ea9826\"><div class=\"stk-column-wrapper stk-block-column__content stk-container stk-0ea9826-container stk--no-background stk--no-padding\"><div class=\"stk-block-content stk-inner-blocks stk-0ea9826-inner-blocks\">\n<div class=\"wp-block-stackable-image stk-block-image stk-block stk-fc30a84\" data-block-id=\"fc30a84\"><figure><span class=\"stk-img-wrapper stk-image--shape-stretch\"><img alt=\"UV-Transilluminator mit zwei Wellenl\u00e4ngen\" loading=\"lazy\" decoding=\"async\" class=\"stk-img wp-image-1802\" src=\"https:\/\/nebula-b.com\/wp-content\/uploads\/2024\/04\/\u5149\u4eeaUV1.png\" width=\"471\" height=\"386\" srcset=\"https:\/\/nebula-b.com\/wp-content\/uploads\/2024\/04\/\u5149\u4eeaUV1.png 471w, https:\/\/nebula-b.com\/wp-content\/uploads\/2024\/04\/\u5149\u4eeaUV1-300x246.png 300w\" sizes=\"auto, (max-width: 471px) 100vw, 471px\" \/><\/span><\/figure><\/div>\n<\/div><\/div><\/div>\n\n\n\n<div class=\"wp-block-stackable-column stk-block-column stk-column stk-block stk-75ab55f\" data-v=\"4\" data-block-id=\"75ab55f\"><div class=\"stk-column-wrapper stk-block-column__content stk-container stk-75ab55f-container stk--no-background stk--no-padding\"><div class=\"stk-block-content stk-inner-blocks stk-75ab55f-inner-blocks\">\n<div class=\"wp-block-stackable-image stk-block-image stk-block stk-21873e5\" data-block-id=\"21873e5\"><figure><span class=\"stk-img-wrapper stk-image--shape-stretch\"><img loading=\"lazy\" decoding=\"async\" class=\"stk-img wp-image-1803\" src=\"https:\/\/nebula-b.com\/wp-content\/uploads\/2024\/04\/\u5149\u4eeaUV-2.png\" width=\"605\" height=\"456\" alt=\"Ultraviolett-Gel-Schneidestation\" srcset=\"https:\/\/nebula-b.com\/wp-content\/uploads\/2024\/04\/\u5149\u4eeaUV-2.png 605w, https:\/\/nebula-b.com\/wp-content\/uploads\/2024\/04\/\u5149\u4eeaUV-2-300x226.png 300w\" sizes=\"auto, (max-width: 605px) 100vw, 605px\" \/><\/span><\/figure><\/div>\n<\/div><\/div><\/div>\n<\/div><div class=\"stk-block-carousel__buttons\"><button class=\"stk-block-carousel__button stk-block-carousel__button__prev\" aria-label=\"Vorherige Folie\"><svg aria-hidden=\"true\" focusable=\"false\" data-prefix=\"fas\" data-icon=\"chevron-left\" class=\"svg-inline--fa fa-chevron-left\" xmlns=\"http:\/\/www.w3.org\/2000\/svg\" viewbox=\"0 0 320 512\" width=\"32\" height=\"32\"><path d=\"M34.52 239.03L228.87 44.69c9.37-9.37 24.57-9.37 33.94 0l22.67 22.67c9.36 9.36 9.37 24.52.04 33.9L131.49 256l154.02 154.75c9.34 9.38 9.32 24.54-.04 33.9l-22.67 22.67c-9.37 9.37-24.57 9.37-33.94 0L34.52 272.97c-9.37-9.37-9.37-24.57 0-33.94z\"><\/path><\/svg><\/button><button class=\"stk-block-carousel__button stk-block-carousel__button__next\" aria-label=\"N\u00e4chste Folie\"><svg aria-hidden=\"true\" focusable=\"false\" data-prefix=\"fas\" data-icon=\"chevron-right\" class=\"svg-inline--fa fa-chevron-right\" xmlns=\"http:\/\/www.w3.org\/2000\/svg\" viewbox=\"0 0 320 512\" width=\"32\" height=\"32\"><path d=\"M285.476 272.971L91.132 467.314c-9.373 9.373-24.569 9.373-33.941 0l-22.667-22.667c-9.357-9.357-9.375-24.522-.04-33.901L188.505 256 34.484 101.255c-9.335-9.379-9.317-24.544.04-33.901l22.667-22.667c9.373-9.373 24.569-9.373 33.941 0L285.475 239.03c9.373 9.372 9.373 24.568.001 33.941z\"><\/path><\/svg><\/button><\/div><\/div><div class=\"stk-block-carousel__dots\" role=\"list\" data-label=\"Slide %%d\"><\/div><\/div><\/div>\n<\/div>\n\n\n\n<div class=\"wp-block-column is-layout-flow wp-block-column-is-layout-flow\" style=\"border-style:none;border-width:0px;flex-basis:60%\">\n<p style=\"font-size:16px\"><strong><strong>NL-350B UV-Transilluminator f\u00fcr die Tischmontage<\/strong><\/strong><\/p>\n\n\n\n<p style=\"font-size:15px\">Durch starkes UV-Licht angeregt, ist die Probe deutlich sichtbar. Ultrastarker UV-Schutz mit 180\u00b0-Flach\u00f6ffnung isoliert ultraviolette Strahlen. Das wasserdichte Druckdesign verhindert eine langfristige Korrosion der Pufferl\u00f6sung oder einen Kurzschluss durch Leckagen und gew\u00e4hrleistet so die Sicherheit der Experimente.<\/p>\n\n\n\n<figure class=\"wp-block-table alignleft is-style-stripes\"><table><tbody><tr><td>UV-Wellenl\u00e4nge<\/td><td>302 nm und 365 nm Standard;<\/td><\/tr><tr><td>Filtergr\u00f6\u00dfe<\/td><td>210 x 210 mm Standard;<em> <\/em><\/td><\/tr><tr><td>Produktabmessung<\/td><td>355 x 315 x 105 mm<\/td><\/tr><\/tbody><\/table><\/figure>\n<\/div>\n<\/div>","protected":false},"excerpt":{"rendered":"<p>NL-350A Benchtop UV Transilluminator This instrument is specially used for observing and photographing fluorescence films, agarose gels, Coomassie blue-stained gels, silver-stained gels, hybridization membranes, autoradiography and TLC plates to help researchers read gel images correctly and quickly. UV wavelength 256nm and 302nm or 365nm Filter size 200*150mm Number of tubes 4 UV protective cover Yes&hellip;&nbsp;<a href=\"https:\/\/nebula-b.com\/de\/uv-transilluminator\/\" class=\"\" rel=\"bookmark\">Weiterlesen \u00bb<span class=\"screen-reader-text\">UV-Transilluminator mit zwei Wellenl\u00e4ngen<\/span><\/a><\/p>","protected":false},"author":2,"featured_media":0,"parent":0,"menu_order":0,"comment_status":"closed","ping_status":"closed","template":"","meta":{"_uag_custom_page_level_css":"","ub_ctt_via":"","neve_meta_sidebar":"","neve_meta_container":"","neve_meta_enable_content_width":"","neve_meta_content_width":0,"neve_meta_title_alignment":"","neve_meta_author_avatar":"","neve_post_elements_order":"","neve_meta_disable_header":"","neve_meta_disable_footer":"","neve_meta_disable_title":"","_themeisle_gutenberg_block_has_review":false,"footnotes":""},"class_list":["post-901","page","type-page","status-publish","hentry"],"featured_image_src":null,"uagb_featured_image_src":{"full":false,"thumbnail":false,"medium":false,"medium_large":false,"large":false,"1536x1536":false,"2048x2048":false,"trp-custom-language-flag":false,"neve-blog":false},"uagb_author_info":{"display_name":"liu, stacey","author_link":"https:\/\/nebula-b.com\/de\/author\/stacey\/"},"uagb_comment_info":0,"uagb_excerpt":"NL-350A Benchtop UV Transilluminator This instrument is specially used for observing and photographing fluorescence films, agarose gels, Coomassie blue-stained gels, silver-stained gels, hybridization membranes, autoradiography and TLC plates to help researchers read gel images correctly and quickly. UV wavelength 256nm and 302nm or 365nm Filter size 200*150mm Number of tubes 4 UV protective cover Yes&hellip;&nbsp;Weiterlesen&hellip;","_links":{"self":[{"href":"https:\/\/nebula-b.com\/de\/wp-json\/wp\/v2\/pages\/901","targetHints":{"allow":["GET"]}}],"collection":[{"href":"https:\/\/nebula-b.com\/de\/wp-json\/wp\/v2\/pages"}],"about":[{"href":"https:\/\/nebula-b.com\/de\/wp-json\/wp\/v2\/types\/page"}],"author":[{"embeddable":true,"href":"https:\/\/nebula-b.com\/de\/wp-json\/wp\/v2\/users\/2"}],"replies":[{"embeddable":true,"href":"https:\/\/nebula-b.com\/de\/wp-json\/wp\/v2\/comments?post=901"}],"version-history":[{"count":1,"href":"https:\/\/nebula-b.com\/de\/wp-json\/wp\/v2\/pages\/901\/revisions"}],"predecessor-version":[{"id":2373,"href":"https:\/\/nebula-b.com\/de\/wp-json\/wp\/v2\/pages\/901\/revisions\/2373"}],"wp:attachment":[{"href":"https:\/\/nebula-b.com\/de\/wp-json\/wp\/v2\/media?parent=901"}],"curies":[{"name":"wp","href":"https:\/\/api.w.org\/{rel}","templated":true}]}}