{"id":288,"date":"2023-12-27T16:17:16","date_gmt":"2023-12-27T08:17:16","guid":{"rendered":"https:\/\/wp.kxwar.com\/?page_id=288"},"modified":"2024-04-17T15:07:38","modified_gmt":"2024-04-17T07:07:38","slug":"paraffin-embedding-center","status":"publish","type":"page","link":"http:\/\/nebula-b.com\/tr\/parafin-gomme-merkezi\/","title":{"rendered":"Parafin G\u00f6mme \u0130stasyonu"},"content":{"rendered":"<div class=\"wp-block-columns has-small-font-size is-layout-flex wp-container-core-columns-is-layout-b934f1a7 wp-block-columns-is-layout-flex\" style=\"border-style:none;border-width:0px;border-radius:0px;padding-top:0;padding-right:var(--wp--preset--spacing--20);padding-bottom:0;padding-left:var(--wp--preset--spacing--20)\">\n<div class=\"wp-block-column is-layout-flow wp-block-column-is-layout-flow\" style=\"flex-basis:40%\">\n<div class=\"wp-block-stackable-carousel stk-block-carousel stk--is-slide stk--arrows-justify-space-between stk--arrows-align-center stk-block stk-9336aea\" data-slides-to-show=\"\" data-block-id=\"9336aea\"><div class=\"stk-block-carousel__content-wrapper\"><div class=\"stk-row stk-inner-blocks stk-block-content stk-block-carousel__slider-wrapper stk-content-align stk-9336aea-column\"><div class=\"stk-block-carousel__slider\" role=\"list\" data-autoplay=\"4000\" data-label-slide-of=\"Slide %%d of %%d\">\n<div class=\"wp-block-stackable-column stk-block-column stk-column stk-block stk-e7af2ca\" data-v=\"4\" data-block-id=\"e7af2ca\"><style>.stk-e7af2ca{align-self:center !important}<\/style><div class=\"stk-column-wrapper stk-block-column__content stk-container stk-e7af2ca-container stk--no-background stk--no-padding\"><div class=\"stk-block-content stk-inner-blocks stk-e7af2ca-inner-blocks\">\n<div class=\"wp-block-stackable-image stk-block-image stk-block stk-d699d7e\" data-block-id=\"d699d7e\"><figure><span class=\"stk-img-wrapper stk-image--shape-stretch\"><img alt=\"Parafin G\u00f6mme \u0130stasyonu\" loading=\"lazy\" decoding=\"async\" class=\"stk-img wp-image-867\" src=\"https:\/\/nebula-b.com\/wp-content\/uploads\/2024\/02\/paraffin1.jpg\" width=\"1500\" height=\"1500\" srcset=\"http:\/\/nebula-b.com\/wp-content\/uploads\/2024\/02\/paraffin1.jpg 1500w, http:\/\/nebula-b.com\/wp-content\/uploads\/2024\/02\/paraffin1-300x300.jpg 300w, http:\/\/nebula-b.com\/wp-content\/uploads\/2024\/02\/paraffin1-1024x1024.jpg 1024w, http:\/\/nebula-b.com\/wp-content\/uploads\/2024\/02\/paraffin1-150x150.jpg 150w, http:\/\/nebula-b.com\/wp-content\/uploads\/2024\/02\/paraffin1-768x768.jpg 768w\" sizes=\"auto, (max-width: 1500px) 100vw, 1500px\" \/><\/span><\/figure><\/div>\n<\/div><\/div><\/div>\n<\/div><div class=\"stk-block-carousel__buttons\"><button class=\"stk-block-carousel__button stk-block-carousel__button__prev\" aria-label=\"Bir onceki slayt\"><svg aria-hidden=\"true\" focusable=\"false\" data-prefix=\"fas\" data-icon=\"chevron-left\" class=\"svg-inline--fa fa-chevron-left\" xmlns=\"http:\/\/www.w3.org\/2000\/svg\" viewbox=\"0 0 320 512\" width=\"32\" height=\"32\"><path d=\"M34.52 239.03L228.87 44.69c9.37-9.37 24.57-9.37 33.94 0l22.67 22.67c9.36 9.36 9.37 24.52.04 33.9L131.49 256l154.02 154.75c9.34 9.38 9.32 24.54-.04 33.9l-22.67 22.67c-9.37 9.37-24.57 9.37-33.94 0L34.52 272.97c-9.37-9.37-9.37-24.57 0-33.94z\"><\/path><\/svg><\/button><button class=\"stk-block-carousel__button stk-block-carousel__button__next\" aria-label=\"Sonraki slayt\"><svg aria-hidden=\"true\" focusable=\"false\" data-prefix=\"fas\" data-icon=\"chevron-right\" class=\"svg-inline--fa fa-chevron-right\" xmlns=\"http:\/\/www.w3.org\/2000\/svg\" viewbox=\"0 0 320 512\" width=\"32\" height=\"32\"><path d=\"M285.476 272.971L91.132 467.314c-9.373 9.373-24.569 9.373-33.941 0l-22.667-22.667c-9.357-9.357-9.375-24.522-.04-33.901L188.505 256 34.484 101.255c-9.335-9.379-9.317-24.544.04-33.901l22.667-22.667c9.373-9.373 24.569-9.373 33.941 0L285.475 239.03c9.373 9.372 9.373 24.568.001 33.941z\"><\/path><\/svg><\/button><\/div><\/div><div class=\"stk-block-carousel__dots\" role=\"list\" data-label=\"Slide %%d\"><\/div><\/div><\/div>\n<\/div>\n\n\n\n<div class=\"wp-block-column is-layout-flow wp-block-column-is-layout-flow\" style=\"border-style:none;border-width:0px;flex-basis:60%\">\n<p style=\"font-size:16px\"><strong>PE 1314<\/strong><\/p>\n\n\n\n<p style=\"font-size:15px\">So\u011fuk plaka boyutu (U*G*Y): 620mm*380mm*410m<br>So\u011fuk plaka g\u00fcc\u00fc: 200VA<br>So\u011fuk plaka \u00e7al\u0131\u015fma y\u00fczeyi boyutu: 345mm*330mm<br>So\u011fuk plaka s\u0131cakl\u0131k kontrol aral\u0131\u011f\u0131: -30~30\u00b0C<br>Parafin haznesi boyutu (U*G*Y): 270mm*150mm*150mm<br>Hacim: 6L<br>Is\u0131tmal\u0131 alan (U*G*Y): 620mm*560mm*410mm<br>Is\u0131tmal\u0131 alan g\u00fcc\u00fc: 1000W<\/p>\n<\/div>\n<\/div>\n\n\n\n<p><strong>\u00d6zellikler<\/strong><\/p>\n\n\n\n<p>\u2727 Hem \u0131s\u0131tmal\u0131 alan hem de so\u011fuk plaka, net g\u00f6r\u00fcnt\u00fc ve kolay kullan\u0131m sa\u011flayan y\u00fcksek \u00e7\u00f6z\u00fcn\u00fcrl\u00fckl\u00fc renkli dokunmatik ekranlara sahiptir;<br>\u2727 Hem \u0131s\u0131tmal\u0131 alan hem de so\u011fuk plaka, Pazartesi&#039;den Pazar&#039;a herhangi bir zamanda ba\u015flat\u0131lacak veya durdurulacak \u015fekilde ayarlanabilen zamanlama i\u015flevlerine sahiptir;<br>\u2727 Is\u0131tmal\u0131 alan ve so\u011fuk plaka, farkl\u0131 m\u00fc\u015fteri kullan\u0131m al\u0131\u015fkanl\u0131klar\u0131na uyum sa\u011flamak \u00fczere de\u011fi\u015ftirilebilir;<br>\u2727 So\u011fuk plaka y\u00fczeyi, 12 mm kal\u0131nl\u0131\u011f\u0131nda 6061 al\u00fcminyum plakadan olu\u015fan CNC&#039;dir ve ayn\u0131 anda birden fazla parafin blok dokuyu i\u015fleyebilen, a\u015f\u0131nmaya dayan\u0131kl\u0131 \u00f6zel teknolojiyle i\u015flenmi\u015ftir;<br>\u2727 * So\u011fuk plakan\u0131n s\u0131cakl\u0131\u011f\u0131 -30~30\u00b0C aral\u0131\u011f\u0131nda kullan\u0131c\u0131 ihtiya\u00e7lar\u0131na g\u00f6re keyfi ve do\u011fru bir \u015fekilde ayarlanabilir;<br>\u2727 Yard\u0131mc\u0131 so\u011fuk plakay\u0131 yerle\u015ftiren k\u00fc\u00e7\u00fck doku: buna g\u00f6re farkl\u0131 so\u011futma s\u0131cakl\u0131\u011f\u0131 ayarlanabilir;<br>\u2727 Is\u0131t\u0131lan alan\u0131n \u00e7oklu s\u0131cakl\u0131k kontrol\u00fc korumas\u0131: tam otomatik bilgisayar s\u0131cakl\u0131k kontrol\u00fc, termostat izleme ve kontrol\u00fc ve 0\u00b0C ila 75\u00b0C s\u0131cakl\u0131k ayar aral\u0131\u011f\u0131nda g\u00fcvenli bir parafin erime s\u0131cakl\u0131\u011f\u0131;<br>\u2727 Sol ve sa\u011f \u00f6n \u0131s\u0131tma tanklar\u0131 s\u00f6k\u00fclebilir ve ba\u011f\u0131ms\u0131z olarak \u0131s\u0131t\u0131l\u0131p kontrol edilebilir;<br>\u2727 Ayd\u0131nlatma: Kademesiz olarak ayarlanabilir parlakl\u0131\u011fa sahip, parlak, g\u00fcvenli ve enerji tasarruflu d\u00fc\u015f\u00fck voltajl\u0131 LED ayd\u0131nlatma;<br>\u2727 Yeni parafin bo\u015faltma sistemi (8 delik) \u00e7al\u0131\u015fma y\u00fczeyinin temizlenmesini kolayla\u015ft\u0131r\u0131r ve parafinin y\u00fczeyde toplanmas\u0131n\u0131 \u00f6nler;<br>\u2727 C\u0131mb\u0131z \u0131s\u0131t\u0131labilir ve soldan veya sa\u011fdan kolayl\u0131kla \u00e7\u0131kar\u0131labilir;<br>\u2727 * E\u015fsiz ikili parafin kesme fonksiyonlar\u0131: \u00e7al\u0131\u015fma y\u00fczeyinin her iki ucunda da parafin kesiciler vard\u0131r;<br>\u2727 * \u00c7oklu ba\u011f\u0131ms\u0131z \u0131s\u0131tma noktalar\u0131: sol \u00f6n \u0131s\u0131tma tank\u0131, sa\u011f \u00f6n \u0131s\u0131tma tank\u0131, \u00e7al\u0131\u015fma y\u00fczeyi, parafin haznesi, parafin t\u00fcp\u00fc, sol kesici ve sa\u011f kesici;&nbsp;<br>\u2727 Kullan\u0131m\u0131 kolay ve rahat olan kontak anahtar\u0131 ve ayak pedal\u0131 ile parafin da\u011f\u0131tman\u0131n iki yolu vard\u0131r.<\/p>","protected":false},"excerpt":{"rendered":"<p>PE 1314 Cold plate dimension(L*W*H): 620mm*380mm*410mCold plate power: 200VACold plate work surface dimension: 345mm*330mmCold plate temperature control range: -30~30\u2103Paraffin reservoir dimension(L*W*H): 270mm*150mm*150mmVolume: 6LHeated area(L*W*H): 620mm*560mm*410mmHeated area power: 1000W Features \u2727 Both the heated area and cold plate adopt high-definition color touch screens, which provides clear display and easy operation;\u2727 Both the heated area and cold&hellip;&nbsp;<a href=\"http:\/\/nebula-b.com\/tr\/parafin-gomme-merkezi\/\" class=\"\" rel=\"bookmark\">Daha fazlas\u0131n\u0131 oku \u00bb<span class=\"screen-reader-text\">Parafin G\u00f6mme \u0130stasyonu<\/span><\/a><\/p>","protected":false},"author":2,"featured_media":0,"parent":0,"menu_order":0,"comment_status":"closed","ping_status":"closed","template":"","meta":{"_uag_custom_page_level_css":"","ub_ctt_via":"","neve_meta_sidebar":"","neve_meta_container":"","neve_meta_enable_content_width":"","neve_meta_content_width":0,"neve_meta_title_alignment":"","neve_meta_author_avatar":"","neve_post_elements_order":"","neve_meta_disable_header":"","neve_meta_disable_footer":"","neve_meta_disable_title":"","_themeisle_gutenberg_block_has_review":false,"footnotes":""},"class_list":["post-288","page","type-page","status-publish","hentry"],"featured_image_src":null,"uagb_featured_image_src":{"full":false,"thumbnail":false,"medium":false,"medium_large":false,"large":false,"1536x1536":false,"2048x2048":false,"trp-custom-language-flag":false,"neve-blog":false},"uagb_author_info":{"display_name":"liu, stacey","author_link":"http:\/\/nebula-b.com\/tr\/author\/stacey\/"},"uagb_comment_info":0,"uagb_excerpt":"PE 1314 Cold plate dimension(L*W*H): 620mm*380mm*410mCold plate power: 200VACold plate work surface dimension: 345mm*330mmCold plate temperature control range: -30~30\u2103Paraffin reservoir dimension(L*W*H): 270mm*150mm*150mmVolume: 6LHeated area(L*W*H): 620mm*560mm*410mmHeated area power: 1000W Features \u2727 Both the heated area and cold plate adopt high-definition color touch screens, which provides clear display and easy operation;\u2727 Both the heated area and cold&hellip;&nbsp;Daha&hellip;","_links":{"self":[{"href":"http:\/\/nebula-b.com\/tr\/wp-json\/wp\/v2\/pages\/288","targetHints":{"allow":["GET"]}}],"collection":[{"href":"http:\/\/nebula-b.com\/tr\/wp-json\/wp\/v2\/pages"}],"about":[{"href":"http:\/\/nebula-b.com\/tr\/wp-json\/wp\/v2\/types\/page"}],"author":[{"embeddable":true,"href":"http:\/\/nebula-b.com\/tr\/wp-json\/wp\/v2\/users\/2"}],"replies":[{"embeddable":true,"href":"http:\/\/nebula-b.com\/tr\/wp-json\/wp\/v2\/comments?post=288"}],"version-history":[{"count":5,"href":"http:\/\/nebula-b.com\/tr\/wp-json\/wp\/v2\/pages\/288\/revisions"}],"predecessor-version":[{"id":1871,"href":"http:\/\/nebula-b.com\/tr\/wp-json\/wp\/v2\/pages\/288\/revisions\/1871"}],"wp:attachment":[{"href":"http:\/\/nebula-b.com\/tr\/wp-json\/wp\/v2\/media?parent=288"}],"curies":[{"name":"wp","href":"https:\/\/api.w.org\/{rel}","templated":true}]}}