{"id":287,"date":"2024-01-13T10:01:16","date_gmt":"2024-01-13T02:01:16","guid":{"rendered":"https:\/\/wp.kxwar.com\/?page_id=287"},"modified":"2024-04-16T11:10:19","modified_gmt":"2024-04-16T03:10:19","slug":"microtome","status":"publish","type":"page","link":"http:\/\/nebula-b.com\/tr\/mikrotom\/","title":{"rendered":"Mikrotom"},"content":{"rendered":"<div class=\"wp-block-columns has-small-font-size is-layout-flex wp-container-core-columns-is-layout-b934f1a7 wp-block-columns-is-layout-flex\" style=\"border-style:none;border-width:0px;border-radius:0px;padding-top:0;padding-right:var(--wp--preset--spacing--20);padding-bottom:0;padding-left:var(--wp--preset--spacing--20)\">\n<div class=\"wp-block-column is-layout-flow wp-block-column-is-layout-flow\" style=\"flex-basis:40%\">\n<div class=\"wp-block-stackable-carousel stk-block-carousel stk--is-slide stk--arrows-justify-space-between stk--arrows-align-center stk-block stk-9336aea\" data-slides-to-show=\"\" data-block-id=\"9336aea\"><div class=\"stk-block-carousel__content-wrapper\"><div class=\"stk-row stk-inner-blocks stk-block-content stk-block-carousel__slider-wrapper stk-content-align stk-9336aea-column\"><div class=\"stk-block-carousel__slider\" role=\"list\" data-autoplay=\"4000\" data-label-slide-of=\"Slide %%d of %%d\">\n<div class=\"wp-block-stackable-column stk-block-column stk-column stk-block stk-e7af2ca\" data-v=\"4\" data-block-id=\"e7af2ca\"><style>.stk-e7af2ca{align-self:center !important}<\/style><div class=\"stk-column-wrapper stk-block-column__content stk-container stk-e7af2ca-container stk--no-background stk--no-padding\"><div class=\"stk-block-content stk-inner-blocks stk-e7af2ca-inner-blocks\">\n<div class=\"wp-block-stackable-image stk-block-image stk-block stk-d699d7e\" data-block-id=\"d699d7e\"><figure><span class=\"stk-img-wrapper stk-image--shape-stretch\"><img alt=\"Mikrotom\" loading=\"lazy\" decoding=\"async\" class=\"stk-img wp-image-1150\" src=\"https:\/\/wp.kxwar.com\/wp-content\/uploads\/2024\/03\/Microtome-2.jpg\" width=\"1500\" height=\"1500\" srcset=\"http:\/\/nebula-b.com\/wp-content\/uploads\/2024\/03\/Microtome-2.jpg 1500w, http:\/\/nebula-b.com\/wp-content\/uploads\/2024\/03\/Microtome-2-300x300.jpg 300w, http:\/\/nebula-b.com\/wp-content\/uploads\/2024\/03\/Microtome-2-1024x1024.jpg 1024w, http:\/\/nebula-b.com\/wp-content\/uploads\/2024\/03\/Microtome-2-150x150.jpg 150w, http:\/\/nebula-b.com\/wp-content\/uploads\/2024\/03\/Microtome-2-768x768.jpg 768w\" sizes=\"auto, (max-width: 1500px) 100vw, 1500px\" \/><\/span><\/figure><\/div>\n<\/div><\/div><\/div>\n<\/div><div class=\"stk-block-carousel__buttons\"><button class=\"stk-block-carousel__button stk-block-carousel__button__prev\" aria-label=\"Bir onceki slayt\"><svg aria-hidden=\"true\" focusable=\"false\" data-prefix=\"fas\" data-icon=\"chevron-left\" class=\"svg-inline--fa fa-chevron-left\" xmlns=\"http:\/\/www.w3.org\/2000\/svg\" viewbox=\"0 0 320 512\" width=\"32\" height=\"32\"><path d=\"M34.52 239.03L228.87 44.69c9.37-9.37 24.57-9.37 33.94 0l22.67 22.67c9.36 9.36 9.37 24.52.04 33.9L131.49 256l154.02 154.75c9.34 9.38 9.32 24.54-.04 33.9l-22.67 22.67c-9.37 9.37-24.57 9.37-33.94 0L34.52 272.97c-9.37-9.37-9.37-24.57 0-33.94z\"><\/path><\/svg><\/button><button class=\"stk-block-carousel__button stk-block-carousel__button__next\" aria-label=\"Sonraki slayt\"><svg aria-hidden=\"true\" focusable=\"false\" data-prefix=\"fas\" data-icon=\"chevron-right\" class=\"svg-inline--fa fa-chevron-right\" xmlns=\"http:\/\/www.w3.org\/2000\/svg\" viewbox=\"0 0 320 512\" width=\"32\" height=\"32\"><path d=\"M285.476 272.971L91.132 467.314c-9.373 9.373-24.569 9.373-33.941 0l-22.667-22.667c-9.357-9.357-9.375-24.522-.04-33.901L188.505 256 34.484 101.255c-9.335-9.379-9.317-24.544.04-33.901l22.667-22.667c9.373-9.373 24.569-9.373 33.941 0L285.475 239.03c9.373 9.372 9.373 24.568.001 33.941z\"><\/path><\/svg><\/button><\/div><\/div><div class=\"stk-block-carousel__dots\" role=\"list\" data-label=\"Slide %%d\"><\/div><\/div><\/div>\n<\/div>\n\n\n\n<div class=\"wp-block-column is-layout-flow wp-block-column-is-layout-flow\" style=\"border-style:none;border-width:0px;flex-basis:60%\">\n<p style=\"font-size:16px\"><strong>\u00d6zellikler<\/strong> <\/p>\n\n\n\n<p style=\"font-size:15px\">\u2727 Y\u00fcksek \u00e7\u00f6z\u00fcn\u00fcrl\u00fckl\u00fc dokunmatik ekran, i\u015flemi kolay ve sezgisel hale getirir;<br>\u2727 b\u00f6l\u00fcm sayma fonksiyonu: K\u0131rpma de\u011ferini otomatik olarak koruyun ve yaln\u0131zca b\u00f6l\u00fcmleme de\u011ferini kaydedin.<br>\u2727 \u00e7ift besleme sistemi: mekanik el \u00e7ark\u0131 modu ve elektrikli d\u00fc\u011fme kontrol modu, farkl\u0131 kullan\u0131c\u0131lar\u0131n al\u0131\u015fkanl\u0131klar\u0131n\u0131 kar\u015f\u0131lar.&nbsp;<br>\u2727 numunenin ilerlemesi ve geri \u00e7ekilmesi, 0,1 mm\/s~3,5 mm\/s&#039;lik s\u00fcrekli hareket ve 1~100\u03bcm&#039;lik tek nokta hareketi dahil olmak \u00fczere farkl\u0131 \u015fekillerde optimize edilmi\u015ftir.<\/p>\n<\/div>\n<\/div>\n\n\n\n<p><strong>Parametreler<\/strong><\/p>\n\n\n\n<figure class=\"wp-block-table is-style-stripes\"><table><tbody><tr><td><strong>Model numaras\u0131. <\/strong><\/td><td><strong>QM 2388<\/strong><br>Yar\u0131 Otomatik Mikrotom<\/td><\/tr><tr><td>B\u00f6l\u00fcm kal\u0131nl\u0131\u011f\u0131 ayar\u0131<\/td><td>0~100\u03bcm, 0,1\u03bcm art\u0131\u015flarla<\/td><\/tr><tr><td>K\u0131rpma kal\u0131nl\u0131\u011f\u0131 ayar\u0131<\/td><td>0~999\u03bcm, 0\u301c999\u03bcm, 1\u03bcm art\u0131\u015fla<\/td><\/tr><tr><td>Kaba besleme\/kaba geri \u00e7ekme h\u0131z\u0131<\/td><td>1 mm\/s\u301c3,5 mm\/s iste\u011fe g\u00f6re ayarlanabilir<\/td><\/tr><tr><td>\u0130nce ilerleme\/ince geri \u00e7ekilme h\u0131z\u0131<\/td><td>0,1 mm\/sn\u301c1 mm\/sn iste\u011fe g\u00f6re ayarlanabilir<\/td><\/tr><tr><td>Numune geri \u00e7ekme fonksiyonu<\/td><td>1~100\u03bcm iste\u011fe g\u00f6re ayarlanabilir. \u00d6zellik kapat\u0131labilir.<\/td><\/tr><tr><td>Elektrikli mesafe ayar\u0131<\/td><td>1~100\u03bcm iste\u011fe g\u00f6re ayarlanabilir<\/td><\/tr><tr><td>Boyut (L*<em>W*<\/em>H)<\/td><td>580*490*315mm<\/td><\/tr><tr><td><\/td><td><\/td><\/tr><\/tbody><\/table><\/figure>","protected":false},"excerpt":{"rendered":"<p>Features \u2727 High-definition touch screen makes the operation easy and intuitive;\u2727 section counting function: Automatically shield the trimming value and record the sectioning value only.\u2727 dual feeding system: mechanical hand wheel mode and electric button control mode meet different users\u2019 habits.&nbsp;\u2727 the specimen advance and retraction are optimized in different ways, including continuous motion of&hellip;&nbsp;<a href=\"http:\/\/nebula-b.com\/tr\/mikrotom\/\" class=\"\" rel=\"bookmark\">Daha fazlas\u0131n\u0131 oku \u00bb<span class=\"screen-reader-text\">Mikrotom<\/span><\/a><\/p>","protected":false},"author":2,"featured_media":0,"parent":0,"menu_order":0,"comment_status":"closed","ping_status":"closed","template":"","meta":{"_uag_custom_page_level_css":"","ub_ctt_via":"","neve_meta_sidebar":"","neve_meta_container":"","neve_meta_enable_content_width":"","neve_meta_content_width":0,"neve_meta_title_alignment":"","neve_meta_author_avatar":"","neve_post_elements_order":"","neve_meta_disable_header":"","neve_meta_disable_footer":"","neve_meta_disable_title":"","_themeisle_gutenberg_block_has_review":false,"footnotes":""},"class_list":["post-287","page","type-page","status-publish","hentry"],"featured_image_src":null,"uagb_featured_image_src":{"full":false,"thumbnail":false,"medium":false,"medium_large":false,"large":false,"1536x1536":false,"2048x2048":false,"trp-custom-language-flag":false,"neve-blog":false},"uagb_author_info":{"display_name":"liu, stacey","author_link":"http:\/\/nebula-b.com\/tr\/author\/stacey\/"},"uagb_comment_info":0,"uagb_excerpt":"Features \u2727 High-definition touch screen makes the operation easy and intuitive;\u2727 section counting function: Automatically shield the trimming value and record the sectioning value only.\u2727 dual feeding system: mechanical hand wheel mode and electric button control mode meet different users\u2019 habits.&nbsp;\u2727 the specimen advance and retraction are optimized in different ways, including continuous motion of&hellip;&nbsp;Daha&hellip;","_links":{"self":[{"href":"http:\/\/nebula-b.com\/tr\/wp-json\/wp\/v2\/pages\/287","targetHints":{"allow":["GET"]}}],"collection":[{"href":"http:\/\/nebula-b.com\/tr\/wp-json\/wp\/v2\/pages"}],"about":[{"href":"http:\/\/nebula-b.com\/tr\/wp-json\/wp\/v2\/types\/page"}],"author":[{"embeddable":true,"href":"http:\/\/nebula-b.com\/tr\/wp-json\/wp\/v2\/users\/2"}],"replies":[{"embeddable":true,"href":"http:\/\/nebula-b.com\/tr\/wp-json\/wp\/v2\/comments?post=287"}],"version-history":[{"count":3,"href":"http:\/\/nebula-b.com\/tr\/wp-json\/wp\/v2\/pages\/287\/revisions"}],"predecessor-version":[{"id":1873,"href":"http:\/\/nebula-b.com\/tr\/wp-json\/wp\/v2\/pages\/287\/revisions\/1873"}],"wp:attachment":[{"href":"http:\/\/nebula-b.com\/tr\/wp-json\/wp\/v2\/media?parent=287"}],"curies":[{"name":"wp","href":"https:\/\/api.w.org\/{rel}","templated":true}]}}