{"id":283,"date":"2023-12-27T16:12:04","date_gmt":"2023-12-27T08:12:04","guid":{"rendered":"https:\/\/wp.kxwar.com\/?page_id=283"},"modified":"2024-06-07T15:00:38","modified_gmt":"2024-06-07T07:00:38","slug":"chemiluminescence-imaging-systems","status":"publish","type":"page","link":"http:\/\/nebula-b.com\/tr\/kemiluminesans-goruntuleme-sistemleri\/","title":{"rendered":"\u00c7ok Fonksiyonlu Floresan\/Kemil\u00fcminesans G\u00f6r\u00fcnt\u00fcleme Sistemleri"},"content":{"rendered":"<div class=\"wp-block-uagb-container uagb-block-a203b57d alignfull uagb-is-root-container\"><div class=\"uagb-container-inner-blocks-wrap\">\n<div class=\"wp-block-columns has-small-font-size is-layout-flex wp-container-core-columns-is-layout-b934f1a7 wp-block-columns-is-layout-flex\" style=\"border-style:none;border-width:0px;border-radius:0px;padding-top:0;padding-right:var(--wp--preset--spacing--20);padding-bottom:0;padding-left:var(--wp--preset--spacing--20)\">\n<div class=\"wp-block-column is-layout-flow wp-block-column-is-layout-flow\" style=\"flex-basis:40%\">\n<div class=\"wp-block-stackable-carousel stk-block-carousel stk--is-slide stk--arrows-justify-space-between stk--arrows-align-center stk-block stk-fd1a0a7\" data-slides-to-show=\"\" data-block-id=\"fd1a0a7\"><div class=\"stk-block-carousel__content-wrapper\"><div class=\"stk-row stk-inner-blocks stk-block-content stk-block-carousel__slider-wrapper stk-content-align stk-fd1a0a7-column\"><div class=\"stk-block-carousel__slider\" role=\"list\" data-autoplay=\"4000\" data-label-slide-of=\"Slide %%d of %%d\">\n<div class=\"wp-block-stackable-column stk-block-column stk-column stk-block stk-dcbaa5d\" data-v=\"4\" data-block-id=\"dcbaa5d\"><style>.stk-dcbaa5d{align-self:center !important}<\/style><div class=\"stk-column-wrapper stk-block-column__content stk-container stk-dcbaa5d-container stk--no-background stk--no-padding\"><div class=\"stk-block-content stk-inner-blocks stk-dcbaa5d-inner-blocks\">\n<div class=\"wp-block-stackable-image stk-block-image stk-block stk-ccdae6d\" data-block-id=\"ccdae6d\"><figure><span class=\"stk-img-wrapper stk-image--shape-stretch\"><img alt=\"\u00c7ok Fonksiyonlu Floresan\/Kemil\u00fcminesans G\u00f6r\u00fcnt\u00fcleme Sistemleri\" loading=\"lazy\" decoding=\"async\" class=\"stk-img wp-image-923\" src=\"https:\/\/nebula-b.com\/wp-content\/uploads\/2024\/03\/M6.jpg\" width=\"260\" height=\"240\"\/><\/span><\/figure><\/div>\n<\/div><\/div><\/div>\n\n\n\n<div class=\"wp-block-stackable-column stk-block-column stk-column stk-block stk-17ee126\" data-v=\"4\" data-block-id=\"17ee126\"><style>.stk-17ee126{align-self:center !important}<\/style><div class=\"stk-column-wrapper stk-block-column__content stk-container stk-17ee126-container stk--no-background stk--no-padding\"><div class=\"stk-block-content stk-inner-blocks stk-17ee126-inner-blocks\">\n<div class=\"wp-block-stackable-image stk-block-image stk-block stk-2eca6b3\" data-block-id=\"2eca6b3\"><figure><span class=\"stk-img-wrapper stk-image--shape-stretch\"><img alt=\"\u00c7ok Fonksiyonlu Floresan\/Kemil\u00fcminesans G\u00f6r\u00fcnt\u00fcleme Sistemleri\" loading=\"lazy\" decoding=\"async\" class=\"stk-img wp-image-1121\" src=\"https:\/\/nebula-b.com\/wp-content\/uploads\/2024\/03\/\u5316\u5b66\u53d1\u5149\u767d.png\" width=\"453\" height=\"471\" srcset=\"http:\/\/nebula-b.com\/wp-content\/uploads\/2024\/03\/\u5316\u5b66\u53d1\u5149\u767d.png 453w, http:\/\/nebula-b.com\/wp-content\/uploads\/2024\/03\/\u5316\u5b66\u53d1\u5149\u767d-289x300.png 289w\" sizes=\"auto, (max-width: 453px) 100vw, 453px\" \/><\/span><\/figure><\/div>\n<\/div><\/div><\/div>\n\n\n\n<div class=\"wp-block-stackable-column stk-block-column stk-column stk-block stk-38e7709\" data-v=\"4\" data-block-id=\"38e7709\"><style>.stk-38e7709{align-self:center !important}<\/style><div class=\"stk-column-wrapper stk-block-column__content stk-container stk-38e7709-container stk--no-background stk--no-padding\"><div class=\"stk-block-content stk-inner-blocks stk-38e7709-inner-blocks\">\n<div class=\"wp-block-stackable-image stk-block-image stk-block stk-f8b336b\" data-block-id=\"f8b336b\"><figure><span class=\"stk-img-wrapper stk-image--shape-stretch\"><img loading=\"lazy\" decoding=\"async\" class=\"stk-img wp-image-1999\" src=\"https:\/\/nebula-b.com\/wp-content\/uploads\/2024\/04\/gel-documentation.png\" width=\"400\" height=\"400\" alt=\"gel-doc\" srcset=\"http:\/\/nebula-b.com\/wp-content\/uploads\/2024\/04\/gel-documentation.png 400w, http:\/\/nebula-b.com\/wp-content\/uploads\/2024\/04\/gel-documentation-300x300.png 300w, http:\/\/nebula-b.com\/wp-content\/uploads\/2024\/04\/gel-documentation-150x150.png 150w, http:\/\/nebula-b.com\/wp-content\/uploads\/2024\/04\/gel-documentation-12x12.png 12w\" sizes=\"auto, (max-width: 400px) 100vw, 400px\" \/><\/span><\/figure><\/div>\n<\/div><\/div><\/div>\n\n\n\n<div class=\"wp-block-stackable-column stk-block-column stk-column stk-block stk-8e5fc80\" data-v=\"4\" data-block-id=\"8e5fc80\"><style>.stk-8e5fc80{align-self:center !important}<\/style><div class=\"stk-column-wrapper stk-block-column__content stk-container stk-8e5fc80-container stk--no-background stk--no-padding\"><div class=\"stk-block-content stk-inner-blocks stk-8e5fc80-inner-blocks\">\n<div class=\"wp-block-stackable-image stk-block-image stk-block stk-f9c5a9b\" data-block-id=\"f9c5a9b\"><figure><span class=\"stk-img-wrapper stk-image--shape-stretch\"><img alt=\"\u00c7ok Fonksiyonlu Floresan\/Kemil\u00fcminesans G\u00f6r\u00fcnt\u00fcleme Sistemleri\" loading=\"lazy\" decoding=\"async\" class=\"stk-img wp-image-922\" src=\"https:\/\/nebula-b.com\/wp-content\/uploads\/2024\/03\/NL-mini10.jpg\" width=\"260\" height=\"260\" srcset=\"http:\/\/nebula-b.com\/wp-content\/uploads\/2024\/03\/NL-mini10.jpg 260w, http:\/\/nebula-b.com\/wp-content\/uploads\/2024\/03\/NL-mini10-150x150.jpg 150w\" sizes=\"auto, (max-width: 260px) 100vw, 260px\" \/><\/span><\/figure><\/div>\n<\/div><\/div><\/div>\n<\/div><div class=\"stk-block-carousel__buttons\"><button class=\"stk-block-carousel__button stk-block-carousel__button__prev\" aria-label=\"Bir onceki slayt\"><svg aria-hidden=\"true\" focusable=\"false\" data-prefix=\"fas\" data-icon=\"chevron-left\" class=\"svg-inline--fa fa-chevron-left\" xmlns=\"http:\/\/www.w3.org\/2000\/svg\" viewbox=\"0 0 320 512\" width=\"32\" height=\"32\"><path d=\"M34.52 239.03L228.87 44.69c9.37-9.37 24.57-9.37 33.94 0l22.67 22.67c9.36 9.36 9.37 24.52.04 33.9L131.49 256l154.02 154.75c9.34 9.38 9.32 24.54-.04 33.9l-22.67 22.67c-9.37 9.37-24.57 9.37-33.94 0L34.52 272.97c-9.37-9.37-9.37-24.57 0-33.94z\"><\/path><\/svg><\/button><button class=\"stk-block-carousel__button stk-block-carousel__button__next\" aria-label=\"Sonraki slayt\"><svg aria-hidden=\"true\" focusable=\"false\" data-prefix=\"fas\" data-icon=\"chevron-right\" class=\"svg-inline--fa fa-chevron-right\" xmlns=\"http:\/\/www.w3.org\/2000\/svg\" viewbox=\"0 0 320 512\" width=\"32\" height=\"32\"><path d=\"M285.476 272.971L91.132 467.314c-9.373 9.373-24.569 9.373-33.941 0l-22.667-22.667c-9.357-9.357-9.375-24.522-.04-33.901L188.505 256 34.484 101.255c-9.335-9.379-9.317-24.544.04-33.901l22.667-22.667c9.373-9.373 24.569-9.373 33.941 0L285.475 239.03c9.373 9.372 9.373 24.568.001 33.941z\"><\/path><\/svg><\/button><\/div><\/div><div class=\"stk-block-carousel__dots\" role=\"list\" data-label=\"Slide %%d\"><\/div><\/div><\/div>\n<\/div>\n\n\n\n<div class=\"wp-block-column is-layout-flow wp-block-column-is-layout-flow\" style=\"border-style:none;border-width:0px;flex-basis:60%\">\n<p style=\"font-size:16px\"><strong>\u00d6zellikler<\/strong> <\/p>\n\n\n\n<p style=\"font-size:15px\">\u2727 Kamera: bilimsel ara\u015ft\u0131rma s\u0131n\u0131f\u0131 y\u00fcksek \u00e7\u00f6z\u00fcn\u00fcrl\u00fckl\u00fc, d\u00fc\u015f\u00fck ayd\u0131nlatmal\u0131 dijital so\u011futma CCD \u00e7ipi;<br>\u2727 lens: ultra geni\u015f diyafram a\u00e7\u0131kl\u0131\u011f\u0131na sahip elektrikli lens, \u00e7e\u015fitli kal\u0131nl\u0131ktaki \u00f6rneklerin \u00e7ekimi i\u00e7in uygundur ve daha iyi netlik elde edebilir;<br>\u2727 tek dokunu\u015fla \u00e7ekim: pozlama s\u00fcresini hesaplamaya gerek kalmadan western blot g\u00f6r\u00fcnt\u00fcleme sonu\u00e7lar\u0131n\u0131 al\u0131n; i\u015faretleyici g\u00f6r\u00fcnt\u00fcy\u00fc ve kemil\u00fcminesans g\u00f6r\u00fcnt\u00fcs\u00fcn\u00fc otomatik olarak \u00fcst \u00fcste getirmek i\u00e7in tek bir \u00e7ekim yap\u0131n ve farkl\u0131 efektlere sahip \u00fc\u00e7 kemil\u00fcminesans g\u00f6r\u00fcnt\u00fcs\u00fc olu\u015fturun;<br>\u2727 floresans mod\u00fcl\u00fc: \u00e7ok renkli floresans g\u00f6r\u00fcnt\u00fcleme elde etmek i\u00e7in birden fazla dalga boyu filtresiyle yap\u0131land\u0131r\u0131labilen bir elektrikli filtre tekerle\u011fi ile donat\u0131lm\u0131\u015ft\u0131r;<br>\u2727 mod\u00fcler tasar\u0131m: Entegre kontrol devresi mod\u00fclerli\u011fi, ak\u0131ll\u0131 \u00e7arp\u0131\u015fma \u00f6nleme sistemi ve otomatik uyku kontrol\u00fc.<\/p>\n<\/div>\n<\/div>\n<\/div><\/div>\n\n\n\n<p><strong>Ba\u015fvuru:<\/strong><\/p>\n\n\n\n<p>Western Lightning, ECL, ECL plus, CDP Star, SuperSignal, CSPD, LumiGlo ve di\u011fer \u0131\u015f\u0131ldayan substratlar\u0131n kemil\u00fcminesans tespiti; baz\u0131 modeller bitki in vivo g\u00f6r\u00fcnt\u00fcleme ve di\u011fer \u0131\u015f\u0131ldayan substratlar, DNA\/RNA jelleri, protein jelleri, leke hibridizasyonu i\u00e7in kullan\u0131labilir. Membran otoradyografi jel plakalar\u0131n\u0131n, enzim plakalar\u0131n\u0131n, ince tabaka kromatografi plakalar\u0131n\u0131n ve petri kaplar\u0131n\u0131n g\u00f6r\u00fcnt\u00fclenmesi ve analizi.<\/p>\n\n\n\n<p>Cihaz, son derece zay\u0131f floresans ve kemil\u00fcminesans sinyallerini yakalayabilen, geni\u015f diyafram a\u00e7\u0131kl\u0131\u011f\u0131na sahip bir elektrik lensiyle birle\u015ftirilmi\u015f, y\u00fcksek \u00e7\u00f6z\u00fcn\u00fcrl\u00fckl\u00fc, d\u00fc\u015f\u00fck ayd\u0131nlatmal\u0131, ithal edilmi\u015f so\u011futmal\u0131 bir CCD kullan\u0131r. Derinlemesine so\u011futulan CCD, arka plandaki g\u00fcr\u00fclt\u00fcy\u00fc b\u00fcy\u00fck \u00f6l\u00e7\u00fcde ortadan kald\u0131r\u0131r ve ultra geni\u015f diyafram a\u00e7\u0131kl\u0131\u011f\u0131na sahip elektrikli lens, zay\u0131f sinyalleri toplar. \u00c7e\u015fitli iste\u011fe ba\u011fl\u0131 floresan \u0131\u015f\u0131k kaynaklar\u0131 ve \u00e7ok konumlu elektrikli filtre tekerlekleri, n\u00fckleik asit g\u00f6r\u00fcnt\u00fcleme ve ECL g\u00f6r\u00fcnt\u00fcleme gibi \u00e7e\u015fitli deneysel ihtiya\u00e7lar\u0131 kar\u015f\u0131layabilir.<\/p>\n\n\n\n<p><strong>Parametreler<\/strong><\/p>\n\n\n\n<figure class=\"wp-block-table is-style-stripes\"><table><tbody><tr><td><strong>Model numaras\u0131.&nbsp;<\/strong><\/td><td class=\"has-text-align-center\" data-align=\"center\"><\/td><td><strong>NL-mini10<\/strong><\/td><td><strong>NL-M6<\/strong><\/td><td><strong>NL-M6P<\/strong><\/td><\/tr><tr><td><strong>G\u00f6r\u00fcnt\u00fclemek<\/strong><\/td><td class=\"has-text-align-center\" data-align=\"center\"><\/td><td>13,3 in\u00e7 4K kapasitif dokunmatik ekrana sahip yerle\u015fik end\u00fcstriyel anakartl\u0131 bilgisayar; deney foto\u011fraf\u00e7\u0131l\u0131\u011f\u0131n\u0131, kaydetmeyi ve analizi tamamlamak i\u00e7in harici bilgisayara gerek yoktur.<\/td><td>\/<\/td><td>Dahili end\u00fcstriyel anakartl\u0131 bilgisayar ve 17 in\u00e7 LED ekran; deney foto\u011fraf\u00e7\u0131l\u0131\u011f\u0131n\u0131, kaydetmeyi ve analizi tamamlamak i\u00e7in harici bilgisayara gerek yoktur.<\/td><\/tr><tr><td><strong>Kamera<\/strong><\/td><td class=\"has-text-align-center\" data-align=\"center\" colspan=\"4\">Bilimsel ara\u015ft\u0131rma s\u0131n\u0131f\u0131 y\u00fcksek \u00e7\u00f6z\u00fcn\u00fcrl\u00fckl\u00fc d\u00fc\u015f\u00fck ayd\u0131nlatma dijital so\u011futma CCD \u00e7ipi<\/td><\/tr><tr><td>Lens<\/td><td class=\"has-text-align-center\" data-align=\"center\"><\/td><td>Motorlu \u00f6nceden ayarlanabilir lens<\/td><td>Yaz\u0131l\u0131m arac\u0131l\u0131\u011f\u0131yla otomatik odaklamal\u0131, y\u00fcksek \u00e7\u00f6z\u00fcn\u00fcrl\u00fckl\u00fc, geni\u015f \u00e7apl\u0131, y\u00fcksek \u015feffafl\u0131\u011fa sahip motorlu lens<\/td><td>Yaz\u0131l\u0131m arac\u0131l\u0131\u011f\u0131yla otomatik odaklamal\u0131, y\u00fcksek \u00e7\u00f6z\u00fcn\u00fcrl\u00fckl\u00fc, geni\u015f \u00e7apl\u0131, y\u00fcksek \u015feffafl\u0131\u011fa sahip motorlu lens<\/td><\/tr><tr><td><strong>So\u011futma s\u0131cakl\u0131\u011f\u0131<\/strong><\/td><td class=\"has-text-align-center\" data-align=\"center\" colspan=\"4\">Ortam s\u0131cakl\u0131\u011f\u0131ndan 65\u00b0C daha d\u00fc\u015f\u00fck (mutlak s\u0131cakl\u0131k -45\u00b0C, dinamik olarak ayarlanabilir ve CCD so\u011futma s\u0131cakl\u0131\u011f\u0131n\u0131n ger\u00e7ek zamanl\u0131 g\u00f6sterimi)<\/td><\/tr><tr><td><strong>Etkin pikseller<\/strong><\/td><td class=\"has-text-align-center\" data-align=\"center\" colspan=\"4\">2750*2200 (6,05M piksel)<\/td><\/tr><tr><td><strong>Y\u00fcksek QE<\/strong><\/td><td class=\"has-text-align-center\" data-align=\"center\" colspan=\"4\">\u226580%<\/td><\/tr><tr><td><strong>Veri bitleri<\/strong><\/td><td class=\"has-text-align-center\" data-align=\"center\" colspan=\"4\">16 bit (0-65536 gri tonlama)<\/td><\/tr><tr><td><strong>Dinamik aral\u0131k<\/strong><\/td><td class=\"has-text-align-center\" data-align=\"center\" colspan=\"4\">\uff1e4,6 sipari\u015f<\/td><\/tr><tr><td><strong>Sinyal g\u00fcr\u00fclt\u00fc oran\u0131<\/strong><\/td><td class=\"has-text-align-center\" data-align=\"center\" colspan=\"4\">40,5dB<\/td><\/tr><tr><td><strong>Piksel gruplama<\/strong><\/td><td class=\"has-text-align-center\" data-align=\"center\"><\/td><td>1*1, 2*2, 4*4, 6*6 ve 8*8<\/td><td>1*1, 2*2, 4*4, 6*6 ve 8*8<\/td><td>1*1, 2*2, 4*4, 6*6 ve 8*8<\/td><\/tr><tr><td><strong>Yard\u0131mc\u0131 \u0131\u015f\u0131k kayna\u011f\u0131<\/strong><\/td><td class=\"has-text-align-center\" data-align=\"center\"><\/td><td>Her iki tarafta LED beyaz \u0131\u015f\u0131k yans\u0131mas\u0131 (so\u011fuk \u0131\u015f\u0131k): yo\u011funluk yaz\u0131l\u0131mla ayarlanabilir.<\/td><td>LED beyaz \u0131\u015f\u0131k paneli iletimi; Her iki tarafta beyaz \u0131\u015f\u0131k yans\u0131mas\u0131 (so\u011fuk \u0131\u015f\u0131k): iletim ve yans\u0131ma yo\u011funlu\u011fu yaz\u0131l\u0131mla ayarlanabilir.<\/td><td>LED beyaz \u0131\u015f\u0131k paneli iletimi; Her iki tarafta beyaz \u0131\u015f\u0131k yans\u0131mas\u0131 (so\u011fuk \u0131\u015f\u0131k): iletim ve yans\u0131ma yo\u011funlu\u011fu yaz\u0131l\u0131mla ayarlanabilir.<\/td><\/tr><tr><td><strong>G\u00f6r\u00fcnt\u00fcleme alan\u0131<\/strong><\/td><td class=\"has-text-align-center\" data-align=\"center\"><\/td><td>12*12cm<\/td><td>UV: 15*15 cm;<br>Beyaz \u0131\u015f\u0131k: 15*15cm;<br>Mavi \u0131\u015f\u0131k: 15*15cm<br>iste\u011fe ba\u011fl\u0131<\/td><td>UV: 15*15 cm;<br>Beyaz \u0131\u015f\u0131k: 15*15cm;<br>Mavi \u0131\u015f\u0131k: 15*15cm<br>iste\u011fe ba\u011fl\u0131<\/td><\/tr><tr><td><strong>D\u0131\u015f boyut<\/strong><br>(U*G*Y)<\/td><td class=\"has-text-align-center\" data-align=\"center\"><\/td><td>400*380*450mm<\/td><td>390*350*590mm<\/td><td>390*350*590mm<\/td><\/tr><\/tbody><\/table><\/figure>","protected":false},"excerpt":{"rendered":"<p>Features \u2727 Camera: scientific research grade high resolution low illumination digital refrigeration CCD chip;\u2727 lens: ultra-large aperture electric lens is suitable for shooting samples of various thicknesses and can obtain better clarity;\u2727 one-touch shooting: get western blot imaging results without having to figure out the exposure time; take one shot to automatically superimpose the marker&hellip;&nbsp;<a href=\"http:\/\/nebula-b.com\/tr\/kemiluminesans-goruntuleme-sistemleri\/\" class=\"\" rel=\"bookmark\">Daha fazlas\u0131n\u0131 oku \u00bb<span class=\"screen-reader-text\">\u00c7ok Fonksiyonlu Floresan\/Kemil\u00fcminesans G\u00f6r\u00fcnt\u00fcleme Sistemleri<\/span><\/a><\/p>","protected":false},"author":2,"featured_media":0,"parent":0,"menu_order":0,"comment_status":"closed","ping_status":"closed","template":"","meta":{"_uag_custom_page_level_css":"","ub_ctt_via":"","neve_meta_sidebar":"","neve_meta_container":"","neve_meta_enable_content_width":"","neve_meta_content_width":0,"neve_meta_title_alignment":"","neve_meta_author_avatar":"","neve_post_elements_order":"","neve_meta_disable_header":"","neve_meta_disable_footer":"","neve_meta_disable_title":"","_themeisle_gutenberg_block_has_review":false,"footnotes":""},"class_list":["post-283","page","type-page","status-publish","hentry"],"featured_image_src":null,"uagb_featured_image_src":{"full":false,"thumbnail":false,"medium":false,"medium_large":false,"large":false,"1536x1536":false,"2048x2048":false,"trp-custom-language-flag":false,"neve-blog":false},"uagb_author_info":{"display_name":"liu, stacey","author_link":"http:\/\/nebula-b.com\/tr\/author\/stacey\/"},"uagb_comment_info":0,"uagb_excerpt":"Features \u2727 Camera: scientific research grade high resolution low illumination digital refrigeration CCD chip;\u2727 lens: ultra-large aperture electric lens is suitable for shooting samples of various thicknesses and can obtain better clarity;\u2727 one-touch shooting: get western blot imaging results without having to figure out the exposure time; take one shot to automatically superimpose the marker&hellip;&nbsp;Daha&hellip;","_links":{"self":[{"href":"http:\/\/nebula-b.com\/tr\/wp-json\/wp\/v2\/pages\/283","targetHints":{"allow":["GET"]}}],"collection":[{"href":"http:\/\/nebula-b.com\/tr\/wp-json\/wp\/v2\/pages"}],"about":[{"href":"http:\/\/nebula-b.com\/tr\/wp-json\/wp\/v2\/types\/page"}],"author":[{"embeddable":true,"href":"http:\/\/nebula-b.com\/tr\/wp-json\/wp\/v2\/users\/2"}],"replies":[{"embeddable":true,"href":"http:\/\/nebula-b.com\/tr\/wp-json\/wp\/v2\/comments?post=283"}],"version-history":[{"count":1,"href":"http:\/\/nebula-b.com\/tr\/wp-json\/wp\/v2\/pages\/283\/revisions"}],"predecessor-version":[{"id":2371,"href":"http:\/\/nebula-b.com\/tr\/wp-json\/wp\/v2\/pages\/283\/revisions\/2371"}],"wp:attachment":[{"href":"http:\/\/nebula-b.com\/tr\/wp-json\/wp\/v2\/media?parent=283"}],"curies":[{"name":"wp","href":"https:\/\/api.w.org\/{rel}","templated":true}]}}