{"id":281,"date":"2023-12-27T16:10:53","date_gmt":"2023-12-27T08:10:53","guid":{"rendered":"https:\/\/wp.kxwar.com\/?page_id=281"},"modified":"2024-05-08T11:44:58","modified_gmt":"2024-05-08T03:44:58","slug":"gel-documentation-imaging-systems","status":"publish","type":"page","link":"http:\/\/nebula-b.com\/tr\/jel-dokumantasyon-goruntuleme-sistemleri\/","title":{"rendered":"Jel Dok\u00fcmantasyon G\u00f6r\u00fcnt\u00fcleme Sistemleri"},"content":{"rendered":"<div class=\"wp-block-columns has-small-font-size is-layout-flex wp-container-core-columns-is-layout-b934f1a7 wp-block-columns-is-layout-flex\" style=\"border-style:none;border-width:0px;border-radius:0px;padding-top:0;padding-right:var(--wp--preset--spacing--20);padding-bottom:0;padding-left:var(--wp--preset--spacing--20)\">\n<div class=\"wp-block-column is-layout-flow wp-block-column-is-layout-flow\" style=\"flex-basis:40%\">\n<div class=\"wp-block-stackable-carousel stk-block-carousel stk--is-slide stk--arrows-justify-space-between stk--arrows-align-center stk-block stk-9336aea\" data-slides-to-show=\"\" data-block-id=\"9336aea\"><div class=\"stk-block-carousel__content-wrapper\"><div class=\"stk-row stk-inner-blocks stk-block-content stk-block-carousel__slider-wrapper stk-content-align stk-9336aea-column\"><div class=\"stk-block-carousel__slider\" role=\"list\" data-autoplay=\"4000\" data-label-slide-of=\"Slide %%d of %%d\">\n<div class=\"wp-block-stackable-column stk-block-column stk-column stk-block stk-e7af2ca\" data-v=\"4\" data-block-id=\"e7af2ca\"><style>.stk-e7af2ca{align-self:center !important}<\/style><div class=\"stk-column-wrapper stk-block-column__content stk-container stk-e7af2ca-container stk--no-background stk--no-padding\"><div class=\"stk-block-content stk-inner-blocks stk-e7af2ca-inner-blocks\">\n<div class=\"wp-block-stackable-image stk-block-image stk-block stk-d699d7e\" data-block-id=\"d699d7e\"><figure><span class=\"stk-img-wrapper stk-image--shape-stretch\"><img alt=\"Jel Dok\u00fcmantasyon G\u00f6r\u00fcnt\u00fcleme Sistemleri\" loading=\"lazy\" decoding=\"async\" class=\"stk-img wp-image-1996\" src=\"https:\/\/nebula-b.com\/wp-content\/uploads\/2024\/04\/gel-doc-2.jpg\" width=\"400\" height=\"400\" srcset=\"http:\/\/nebula-b.com\/wp-content\/uploads\/2024\/04\/gel-doc-2.jpg 400w, http:\/\/nebula-b.com\/wp-content\/uploads\/2024\/04\/gel-doc-2-300x300.jpg 300w, http:\/\/nebula-b.com\/wp-content\/uploads\/2024\/04\/gel-doc-2-150x150.jpg 150w, http:\/\/nebula-b.com\/wp-content\/uploads\/2024\/04\/gel-doc-2-12x12.jpg 12w\" sizes=\"auto, (max-width: 400px) 100vw, 400px\" \/><\/span><\/figure><\/div>\n<\/div><\/div><\/div>\n\n\n\n<div class=\"wp-block-stackable-column stk-block-column stk-column stk-block stk-6847d17\" data-v=\"4\" data-block-id=\"6847d17\"><style>.stk-6847d17{align-self:center !important}<\/style><div class=\"stk-column-wrapper stk-block-column__content stk-container stk-6847d17-container stk--no-background stk--no-padding\"><div class=\"stk-block-content stk-inner-blocks stk-6847d17-inner-blocks\">\n<div class=\"wp-block-stackable-image stk-block-image stk-block stk-eee5d3d\" data-block-id=\"eee5d3d\"><figure><span class=\"stk-img-wrapper stk-image--shape-stretch\"><img alt=\"Jel Dok\u00fcmantasyon G\u00f6r\u00fcnt\u00fcleme Sistemleri\" loading=\"lazy\" decoding=\"async\" class=\"stk-img wp-image-1997\" src=\"https:\/\/nebula-b.com\/wp-content\/uploads\/2024\/04\/gel-doc-imager.jpg\" width=\"400\" height=\"452\" srcset=\"http:\/\/nebula-b.com\/wp-content\/uploads\/2024\/04\/gel-doc-imager.jpg 400w, http:\/\/nebula-b.com\/wp-content\/uploads\/2024\/04\/gel-doc-imager-265x300.jpg 265w, http:\/\/nebula-b.com\/wp-content\/uploads\/2024\/04\/gel-doc-imager-11x12.jpg 11w\" sizes=\"auto, (max-width: 400px) 100vw, 400px\" \/><\/span><\/figure><\/div>\n<\/div><\/div><\/div>\n\n\n\n<div class=\"wp-block-stackable-column stk-block-column stk-column stk-block stk-46359ed\" data-v=\"4\" data-block-id=\"46359ed\"><style>.stk-46359ed{align-self:center !important}<\/style><div class=\"stk-column-wrapper stk-block-column__content stk-container stk-46359ed-container stk--no-background stk--no-padding\"><div class=\"stk-block-content stk-inner-blocks stk-46359ed-inner-blocks\">\n<div class=\"wp-block-stackable-image stk-block-image stk-block stk-92800c8\" data-block-id=\"92800c8\"><figure><span class=\"stk-img-wrapper stk-image--shape-stretch\"><img alt=\"Jel Dok\u00fcmantasyon G\u00f6r\u00fcnt\u00fcleme Sistemleri\" loading=\"lazy\" decoding=\"async\" class=\"stk-img wp-image-1998\" src=\"https:\/\/nebula-b.com\/wp-content\/uploads\/2024\/04\/gel-doc-imaging.jpg\" width=\"400\" height=\"456\" srcset=\"http:\/\/nebula-b.com\/wp-content\/uploads\/2024\/04\/gel-doc-imaging.jpg 400w, http:\/\/nebula-b.com\/wp-content\/uploads\/2024\/04\/gel-doc-imaging-263x300.jpg 263w, http:\/\/nebula-b.com\/wp-content\/uploads\/2024\/04\/gel-doc-imaging-11x12.jpg 11w\" sizes=\"auto, (max-width: 400px) 100vw, 400px\" \/><\/span><\/figure><\/div>\n<\/div><\/div><\/div>\n\n\n\n<div class=\"wp-block-stackable-column stk-block-column stk-column stk-block stk-8e5fc80\" data-v=\"4\" data-block-id=\"8e5fc80\"><style>.stk-8e5fc80{align-self:center !important}<\/style><div class=\"stk-column-wrapper stk-block-column__content stk-container stk-8e5fc80-container stk--no-background stk--no-padding\"><div class=\"stk-block-content stk-inner-blocks stk-8e5fc80-inner-blocks\">\n<div class=\"wp-block-stackable-image stk-block-image stk-block stk-f9c5a9b\" data-block-id=\"f9c5a9b\"><figure><span class=\"stk-img-wrapper stk-image--shape-stretch\"><img alt=\"Jel Dok\u00fcmantasyon G\u00f6r\u00fcnt\u00fcleme Sistemleri\" loading=\"lazy\" decoding=\"async\" class=\"stk-img wp-image-1999\" src=\"https:\/\/nebula-b.com\/wp-content\/uploads\/2024\/04\/gel-documentation.png\" width=\"400\" height=\"400\" srcset=\"http:\/\/nebula-b.com\/wp-content\/uploads\/2024\/04\/gel-documentation.png 400w, http:\/\/nebula-b.com\/wp-content\/uploads\/2024\/04\/gel-documentation-300x300.png 300w, http:\/\/nebula-b.com\/wp-content\/uploads\/2024\/04\/gel-documentation-150x150.png 150w, http:\/\/nebula-b.com\/wp-content\/uploads\/2024\/04\/gel-documentation-12x12.png 12w\" sizes=\"auto, (max-width: 400px) 100vw, 400px\" \/><\/span><\/figure><\/div>\n<\/div><\/div><\/div>\n<\/div><div class=\"stk-block-carousel__buttons\"><button class=\"stk-block-carousel__button stk-block-carousel__button__prev\" aria-label=\"Bir onceki slayt\"><svg aria-hidden=\"true\" focusable=\"false\" data-prefix=\"fas\" data-icon=\"chevron-left\" class=\"svg-inline--fa fa-chevron-left\" xmlns=\"http:\/\/www.w3.org\/2000\/svg\" viewbox=\"0 0 320 512\" width=\"32\" height=\"32\"><path d=\"M34.52 239.03L228.87 44.69c9.37-9.37 24.57-9.37 33.94 0l22.67 22.67c9.36 9.36 9.37 24.52.04 33.9L131.49 256l154.02 154.75c9.34 9.38 9.32 24.54-.04 33.9l-22.67 22.67c-9.37 9.37-24.57 9.37-33.94 0L34.52 272.97c-9.37-9.37-9.37-24.57 0-33.94z\"><\/path><\/svg><\/button><button class=\"stk-block-carousel__button stk-block-carousel__button__next\" aria-label=\"Sonraki slayt\"><svg aria-hidden=\"true\" focusable=\"false\" data-prefix=\"fas\" data-icon=\"chevron-right\" class=\"svg-inline--fa fa-chevron-right\" xmlns=\"http:\/\/www.w3.org\/2000\/svg\" viewbox=\"0 0 320 512\" width=\"32\" height=\"32\"><path d=\"M285.476 272.971L91.132 467.314c-9.373 9.373-24.569 9.373-33.941 0l-22.667-22.667c-9.357-9.357-9.375-24.522-.04-33.901L188.505 256 34.484 101.255c-9.335-9.379-9.317-24.544.04-33.901l22.667-22.667c9.373-9.373 24.569-9.373 33.941 0L285.475 239.03c9.373 9.372 9.373 24.568.001 33.941z\"><\/path><\/svg><\/button><\/div><\/div><div class=\"stk-block-carousel__dots\" role=\"list\" data-label=\"Slide %%d\"><\/div><\/div><\/div>\n<\/div>\n\n\n\n<div class=\"wp-block-column is-layout-flow wp-block-column-is-layout-flow\" style=\"border-style:none;border-width:0px;flex-basis:60%\">\n<p style=\"font-size:16px\"><strong>\u00d6zellikler<\/strong> <\/p>\n\n\n\n<p style=\"font-size:15px\">\u2727 Kamera: Daha iyi \u00f6rnek g\u00f6r\u00fcnt\u00fcleme elde etmek i\u00e7in y\u00fcksek \u00e7\u00f6z\u00fcn\u00fcrl\u00fckl\u00fc, d\u00fc\u015f\u00fck ayd\u0131nlatmal\u0131 bilimsel s\u0131n\u0131f kamera ve y\u00fcksek \u015feffafl\u0131kta elektrikli lens ile donat\u0131lm\u0131\u015ft\u0131r;<br>\u2727 Lens: Net ve canl\u0131 g\u00f6r\u00fcnt\u00fc ayr\u0131nt\u0131lar\u0131 sa\u011flamaya yard\u0131mc\u0131 olan y\u00fcksek \u015feffafl\u0131\u011fa sahip lens;<br>\u2727 Kontrol y\u00f6ntemi: farkl\u0131 modeller bilgisayar kontrol\u00fcne veya dokunmatik ekran kontrol\u00fcne kar\u015f\u0131l\u0131k gelir;<br>\u2727 Floresan mod\u00fcl\u00fc: \u00e7ok renkli floresans g\u00f6r\u00fcnt\u00fcleme elde etmek i\u00e7in birden fazla dalga boyu filtresiyle yap\u0131land\u0131r\u0131labilen bir elektrikli filtre tekerle\u011fi ile donat\u0131lm\u0131\u015ft\u0131r;<br>\u2727 I\u015f\u0131k kayna\u011f\u0131: farkl\u0131 etiketlerle deneysel numunelerin \u00e7ekiminin ihtiya\u00e7lar\u0131n\u0131 kar\u015f\u0131lamak i\u00e7in farkl\u0131 uyarma dalga boylar\u0131n\u0131 kapsar;<br>\u2727 Mod\u00fcler tasar\u0131m: Entegre kontrol devresi mod\u00fclerli\u011fi, ak\u0131ll\u0131 \u00e7arp\u0131\u015fma \u00f6nleme sistemi ve otomatik uyku kontrol\u00fc.<\/p>\n<\/div>\n<\/div>\n\n\n\n<p><strong>Ba\u015fvuru:<\/strong><br>DNA\/RNA jellerinin, protein jellerinin, lekeli hibridizasyon membranlar\u0131n\u0131n, otoradyografi jellerinin, enzim plakalar\u0131n\u0131n, ince tabaka kromatografi plakalar\u0131n\u0131n ve k\u00fclt\u00fcr kaplar\u0131n\u0131n g\u00f6r\u00fcnt\u00fclenmesi ve analizi i\u00e7in kullan\u0131labilir.<\/p>\n\n\n\n<p>DNA\/RNA elektroforez jellerini, protein elektroforez jellerini, nokta hibridizasyonunu ve di\u011fer g\u00f6r\u00fcnt\u00fcleri d\u00fc\u015f\u00fck ayd\u0131nlatma alt\u0131nda bantlar\u0131 kaybetmeden \u00e7ekmek i\u00e7in uygundur. EB pimageoll\u00fcsyonunu en b\u00fcy\u00fck \u00f6l\u00e7\u00fcde kontrol edin ve etkili sonu\u00e7lar al\u0131rken deneysel operat\u00f6rlerin sa\u011fl\u0131\u011f\u0131n\u0131 etkili bir \u015fekilde koruyun.<\/p>\n\n\n<div class=\"wp-block-image\">\n<figure class=\"aligncenter size-full\"><img loading=\"lazy\" decoding=\"async\" width=\"900\" height=\"313\" src=\"https:\/\/nebula-b.com\/wp-content\/uploads\/2024\/02\/\u80f6\u7247\u6210\u50cf.jpg\" alt=\"Jel Dok\u00fcmantasyon G\u00f6r\u00fcnt\u00fcleme Sistemleri\" class=\"wp-image-913\" style=\"object-fit:cover\" srcset=\"http:\/\/nebula-b.com\/wp-content\/uploads\/2024\/02\/\u80f6\u7247\u6210\u50cf.jpg 900w, http:\/\/nebula-b.com\/wp-content\/uploads\/2024\/02\/\u80f6\u7247\u6210\u50cf-300x104.jpg 300w, http:\/\/nebula-b.com\/wp-content\/uploads\/2024\/02\/\u80f6\u7247\u6210\u50cf-768x267.jpg 768w\" sizes=\"auto, (max-width: 900px) 100vw, 900px\" \/><\/figure><\/div>\n\n\n<p><strong>Parametreler:<\/strong><\/p>\n\n\n\n<figure class=\"wp-block-table is-style-stripes\"><table><tbody><tr><td><strong>Model numaras\u0131.&nbsp;<\/strong><\/td><td class=\"has-text-align-center\" data-align=\"center\"><strong>NL-680D<\/strong><\/td><td><strong>NL-6000<\/strong><\/td><td><strong>NL-8000<\/strong><\/td><\/tr><tr><td><strong>G\u00f6r\u00fcnt\u00fclemek<\/strong><\/td><td class=\"has-text-align-center\" data-align=\"center\"><\/td><td>Dahili end\u00fcstriyel anakartl\u0131 bilgisayar, 17 in\u00e7 LED ekran, deney foto\u011fraf\u00e7\u0131l\u0131\u011f\u0131n\u0131, kaydetmeyi ve analizi tamamlamak i\u00e7in harici bilgisayara gerek yok.<\/td><td>Dahili end\u00fcstriyel anakartl\u0131 bilgisayar, 17 in\u00e7 LED ekran, deney foto\u011fraf\u00e7\u0131l\u0131\u011f\u0131n\u0131, kaydetmeyi ve analizi tamamlamak i\u00e7in harici bilgisayara gerek yok.<\/td><\/tr><tr><td><strong>Kamera<\/strong><\/td><td class=\"has-text-align-center\" data-align=\"center\"><\/td><td>CCD kamera entegreli y\u00fcksek \u00e7\u00f6z\u00fcn\u00fcrl\u00fckl\u00fc d\u00fc\u015f\u00fck ayd\u0131nlatma<\/td><td><\/td><\/tr><tr><td><strong>Alg\u0131lama hassasiyeti<\/strong><\/td><td class=\"has-text-align-center\" data-align=\"center\" colspan=\"3\">N\u00fckleik asitler 0,01ng en d\u00fc\u015f\u00fck<\/td><\/tr><tr><td><strong>Etkin pikseller<\/strong><\/td><td class=\"has-text-align-center\" data-align=\"center\">2648*2100\uff085,56M piksel\uff09<\/td><td>3084\u00d72056 (6,31M piksel)<\/td><td>3264*2488 (8,12M piksel)<\/td><\/tr><tr><td><strong>Lens<\/strong><\/td><td class=\"has-text-align-center\" data-align=\"center\"><\/td><td>Otomatik odaklamal\u0131 ve 2,4 mikrona kadar fiziksel \u00e7\u00f6z\u00fcn\u00fcrl\u00fc\u011fe sahip 20 megapiksel ultra y\u00fcksek \u00e7\u00f6z\u00fcn\u00fcrl\u00fckl\u00fc lens<\/td><td>Otomatik odaklamal\u0131 ve 2,4 mikrona kadar fiziksel \u00e7\u00f6z\u00fcn\u00fcrl\u00fc\u011fe sahip 20 megapiksel ultra y\u00fcksek \u00e7\u00f6z\u00fcn\u00fcrl\u00fckl\u00fc lens<\/td><\/tr><tr><td><strong>Piksel gri de\u011feri<\/strong><\/td><td class=\"has-text-align-center\" data-align=\"center\" colspan=\"3\">16 bit (0-65536 gri tonlama)<\/td><\/tr><tr><td><strong>Sinyal g\u00fcr\u00fclt\u00fc oran\u0131<\/strong><\/td><td class=\"has-text-align-center\" data-align=\"center\">&nbsp;\u226572dB<\/td><td>&nbsp;\u226578dB<\/td><td>&nbsp;\u226582dB<\/td><\/tr><tr><td><strong>Y\u00fcksek QE<\/strong><\/td><td class=\"has-text-align-center\" data-align=\"center\">75%@600nm<\/td><td>79%@600nm<\/td><td>85%@600nm<\/td><\/tr><tr><td><strong>Dinamik aral\u0131k<\/strong><\/td><td class=\"has-text-align-center\" data-align=\"center\">&gt; 4.0 s\u0131ras\u0131<\/td><td>&gt; 4.0 s\u0131ras\u0131<\/td><td>&gt; 4,5 s\u0131ra<\/td><\/tr><tr><td><strong>Filtre<\/strong><\/td><td class=\"has-text-align-center\" data-align=\"center\" colspan=\"3\">590nm standart ve 535nm iste\u011fe ba\u011fl\u0131<\/td><\/tr><tr><td><strong>UV transill\u00fcminat\u00f6r<\/strong><\/td><td class=\"has-text-align-center\" data-align=\"center\" colspan=\"3\">\u0130letim dalga boyu: 302nm (254nm ve 365nm iste\u011fe ba\u011fl\u0131);<br>boyut: 21*26cm (\u00f6zelle\u015ftirilebilir)<\/td><\/tr><tr><td><strong>Beyaz \u0131\u015f\u0131kl\u0131 transl\u00fcminat\u00f6r\/<br>mavi \u0131\u015f\u0131k transilluminat\u00f6r\u00fc<\/strong><\/td><td class=\"has-text-align-center\" data-align=\"center\">So\u011fuk \u0131\u015f\u0131k, voltaj 12V (parlakl\u0131k ayarlanabilir);<br>boyut: 21cm * 33cm (\u00f6zelle\u015ftirilebilir).<\/td><td>So\u011fuk \u0131\u015f\u0131k, voltaj 12V (parlakl\u0131k ayarlanabilir);<br>boyut: 21cm * 26cm (\u00f6zelle\u015ftirilebilir).<\/td><td>So\u011fuk \u0131\u015f\u0131k, voltaj 12V (parlakl\u0131k ayarlanabilir);<br>boyut: 21cm * 26cm (\u00f6zelle\u015ftirilebilir).<\/td><\/tr><tr><td><strong>D\u0131\u015f boyut (U*G*Y)<\/strong><\/td><td class=\"has-text-align-center\" data-align=\"center\">500*370*820mm<\/td><td>410*420*600mm<\/td><td>410*420*600mm<\/td><\/tr><\/tbody><\/table><\/figure>","protected":false},"excerpt":{"rendered":"<p>Features \u2727 Camera: equipped with a high-resolution, low-illumination scientific-grade camera and a high-transparency electric lens to achieve better sample imaging;\u2727 Lens: high-transparency lens to help provide clear and vivid image details;\u2727 Control method: different models correspond to computer control or touch screen control;\u2727 Fluorescence module: equipped with an electric filter wheel, which can be configured&hellip;&nbsp;<a href=\"http:\/\/nebula-b.com\/tr\/jel-dokumantasyon-goruntuleme-sistemleri\/\" class=\"\" rel=\"bookmark\">Daha fazlas\u0131n\u0131 oku \u00bb<span class=\"screen-reader-text\">Jel Dok\u00fcmantasyon G\u00f6r\u00fcnt\u00fcleme Sistemleri<\/span><\/a><\/p>","protected":false},"author":2,"featured_media":0,"parent":0,"menu_order":0,"comment_status":"closed","ping_status":"closed","template":"","meta":{"_uag_custom_page_level_css":"","ub_ctt_via":"","neve_meta_sidebar":"","neve_meta_container":"","neve_meta_enable_content_width":"","neve_meta_content_width":0,"neve_meta_title_alignment":"","neve_meta_author_avatar":"","neve_post_elements_order":"","neve_meta_disable_header":"","neve_meta_disable_footer":"","neve_meta_disable_title":"","_themeisle_gutenberg_block_has_review":false,"footnotes":""},"class_list":["post-281","page","type-page","status-publish","hentry"],"featured_image_src":null,"uagb_featured_image_src":{"full":false,"thumbnail":false,"medium":false,"medium_large":false,"large":false,"1536x1536":false,"2048x2048":false,"trp-custom-language-flag":false,"neve-blog":false},"uagb_author_info":{"display_name":"liu, stacey","author_link":"http:\/\/nebula-b.com\/tr\/author\/stacey\/"},"uagb_comment_info":0,"uagb_excerpt":"Features \u2727 Camera: equipped with a high-resolution, low-illumination scientific-grade camera and a high-transparency electric lens to achieve better sample imaging;\u2727 Lens: high-transparency lens to help provide clear and vivid image details;\u2727 Control method: different models correspond to computer control or touch screen control;\u2727 Fluorescence module: equipped with an electric filter wheel, which can be configured&hellip;&nbsp;Daha&hellip;","_links":{"self":[{"href":"http:\/\/nebula-b.com\/tr\/wp-json\/wp\/v2\/pages\/281","targetHints":{"allow":["GET"]}}],"collection":[{"href":"http:\/\/nebula-b.com\/tr\/wp-json\/wp\/v2\/pages"}],"about":[{"href":"http:\/\/nebula-b.com\/tr\/wp-json\/wp\/v2\/types\/page"}],"author":[{"embeddable":true,"href":"http:\/\/nebula-b.com\/tr\/wp-json\/wp\/v2\/users\/2"}],"replies":[{"embeddable":true,"href":"http:\/\/nebula-b.com\/tr\/wp-json\/wp\/v2\/comments?post=281"}],"version-history":[{"count":1,"href":"http:\/\/nebula-b.com\/tr\/wp-json\/wp\/v2\/pages\/281\/revisions"}],"predecessor-version":[{"id":2226,"href":"http:\/\/nebula-b.com\/tr\/wp-json\/wp\/v2\/pages\/281\/revisions\/2226"}],"wp:attachment":[{"href":"http:\/\/nebula-b.com\/tr\/wp-json\/wp\/v2\/media?parent=281"}],"curies":[{"name":"wp","href":"https:\/\/api.w.org\/{rel}","templated":true}]}}