{"id":270,"date":"2023-12-27T15:16:48","date_gmt":"2023-12-27T07:16:48","guid":{"rendered":"https:\/\/wp.kxwar.com\/?page_id=270"},"modified":"2024-04-16T11:05:57","modified_gmt":"2024-04-16T03:05:57","slug":"auto-membrane-wash-and-incubation-station","status":"publish","type":"page","link":"http:\/\/nebula-b.com\/tr\/otomatik-membran-yikama-ve-kulucka-istasyonu\/","title":{"rendered":"Otomatik Membran Y\u0131kama ve Kulu\u00e7ka \u0130stasyonu"},"content":{"rendered":"<div class=\"wp-block-columns has-small-font-size is-layout-flex wp-container-core-columns-is-layout-b934f1a7 wp-block-columns-is-layout-flex\" style=\"border-style:none;border-width:0px;border-radius:0px;padding-top:0;padding-right:var(--wp--preset--spacing--20);padding-bottom:0;padding-left:var(--wp--preset--spacing--20)\">\n<div class=\"wp-block-column is-layout-flow wp-block-column-is-layout-flow\" style=\"flex-basis:40%\">\n<div class=\"wp-block-stackable-carousel stk-block-carousel stk--is-slide stk--arrows-justify-space-between stk--arrows-align-center stk-block stk-9336aea\" data-slides-to-show=\"\" data-block-id=\"9336aea\"><div class=\"stk-block-carousel__content-wrapper\"><div class=\"stk-row stk-inner-blocks stk-block-content stk-block-carousel__slider-wrapper stk-content-align stk-9336aea-column\"><div class=\"stk-block-carousel__slider\" role=\"list\" data-autoplay=\"4000\" data-label-slide-of=\"Slide %%d of %%d\">\n<div class=\"wp-block-stackable-column stk-block-column stk-column stk-block stk-e7af2ca\" data-v=\"4\" data-block-id=\"e7af2ca\"><style>.stk-e7af2ca{align-self:center !important}<\/style><div class=\"stk-column-wrapper stk-block-column__content stk-container stk-e7af2ca-container stk--no-background stk--no-padding\"><div class=\"stk-block-content stk-inner-blocks stk-e7af2ca-inner-blocks\">\n<div class=\"wp-block-stackable-image stk-block-image stk-block stk-d699d7e\" data-block-id=\"d699d7e\"><figure><span class=\"stk-img-wrapper stk-image--shape-stretch\"><img alt=\"Otomatik Membran Y\u0131kama ve Kulu\u00e7ka \u0130stasyonu\" loading=\"lazy\" decoding=\"async\" class=\"stk-img wp-image-372\" src=\"https:\/\/nebula-b.com\/wp-content\/uploads\/2024\/01\/AB-4800.jpg\" width=\"1500\" height=\"1500\" srcset=\"http:\/\/nebula-b.com\/wp-content\/uploads\/2024\/01\/AB-4800.jpg 1500w, http:\/\/nebula-b.com\/wp-content\/uploads\/2024\/01\/AB-4800-300x300.jpg 300w, http:\/\/nebula-b.com\/wp-content\/uploads\/2024\/01\/AB-4800-1024x1024.jpg 1024w, http:\/\/nebula-b.com\/wp-content\/uploads\/2024\/01\/AB-4800-150x150.jpg 150w, http:\/\/nebula-b.com\/wp-content\/uploads\/2024\/01\/AB-4800-768x768.jpg 768w\" sizes=\"auto, (max-width: 1500px) 100vw, 1500px\" \/><\/span><\/figure><\/div>\n<\/div><\/div><\/div>\n\n\n\n<div class=\"wp-block-stackable-column stk-block-column stk-column stk-block stk-6847d17\" data-v=\"4\" data-block-id=\"6847d17\"><style>.stk-6847d17{align-self:center !important}<\/style><div class=\"stk-column-wrapper stk-block-column__content stk-container stk-6847d17-container stk--no-background stk--no-padding\"><div class=\"stk-block-content stk-inner-blocks stk-6847d17-inner-blocks\">\n<div class=\"wp-block-stackable-image stk-block-image stk-block stk-eee5d3d\" data-block-id=\"eee5d3d\"><figure><span class=\"stk-img-wrapper stk-image--shape-stretch\"><img alt=\"Otomatik Membran Y\u0131kama ve Kulu\u00e7ka \u0130stasyonu\" loading=\"lazy\" decoding=\"async\" class=\"stk-img wp-image-376\" src=\"https:\/\/nebula-b.com\/wp-content\/uploads\/2024\/01\/4800-1.jpg\" width=\"420\" height=\"420\"\/><\/span><\/figure><\/div>\n<\/div><\/div><\/div>\n\n\n\n<div class=\"wp-block-stackable-column stk-block-column stk-column stk-block stk-46359ed\" data-v=\"4\" data-block-id=\"46359ed\"><style>.stk-46359ed{align-self:center !important}<\/style><div class=\"stk-column-wrapper stk-block-column__content stk-container stk-46359ed-container stk--no-background stk--no-padding\"><div class=\"stk-block-content stk-inner-blocks stk-46359ed-inner-blocks\">\n<div class=\"wp-block-stackable-image stk-block-image stk-block stk-92800c8\" data-block-id=\"92800c8\"><figure><span class=\"stk-img-wrapper stk-image--shape-stretch\"><img alt=\"Otomatik Membran Y\u0131kama ve Kulu\u00e7ka \u0130stasyonu\" loading=\"lazy\" decoding=\"async\" class=\"stk-img wp-image-373\" src=\"https:\/\/nebula-b.com\/wp-content\/uploads\/2024\/01\/AB-4800-e1712031915422.webp\" width=\"780\" height=\"633\" srcset=\"http:\/\/nebula-b.com\/wp-content\/uploads\/2024\/01\/AB-4800-e1712031915422.webp 780w, http:\/\/nebula-b.com\/wp-content\/uploads\/2024\/01\/AB-4800-e1712031915422-300x243.webp 300w, http:\/\/nebula-b.com\/wp-content\/uploads\/2024\/01\/AB-4800-e1712031915422-768x623.webp 768w\" sizes=\"auto, (max-width: 780px) 100vw, 780px\" \/><\/span><\/figure><\/div>\n<\/div><\/div><\/div>\n<\/div><div class=\"stk-block-carousel__buttons\"><button class=\"stk-block-carousel__button stk-block-carousel__button__prev\" aria-label=\"Bir onceki slayt\"><svg aria-hidden=\"true\" focusable=\"false\" data-prefix=\"fas\" data-icon=\"chevron-left\" class=\"svg-inline--fa fa-chevron-left\" xmlns=\"http:\/\/www.w3.org\/2000\/svg\" viewbox=\"0 0 320 512\" width=\"32\" height=\"32\"><path d=\"M34.52 239.03L228.87 44.69c9.37-9.37 24.57-9.37 33.94 0l22.67 22.67c9.36 9.36 9.37 24.52.04 33.9L131.49 256l154.02 154.75c9.34 9.38 9.32 24.54-.04 33.9l-22.67 22.67c-9.37 9.37-24.57 9.37-33.94 0L34.52 272.97c-9.37-9.37-9.37-24.57 0-33.94z\"><\/path><\/svg><\/button><button class=\"stk-block-carousel__button stk-block-carousel__button__next\" aria-label=\"Sonraki slayt\"><svg aria-hidden=\"true\" focusable=\"false\" data-prefix=\"fas\" data-icon=\"chevron-right\" class=\"svg-inline--fa fa-chevron-right\" xmlns=\"http:\/\/www.w3.org\/2000\/svg\" viewbox=\"0 0 320 512\" width=\"32\" height=\"32\"><path d=\"M285.476 272.971L91.132 467.314c-9.373 9.373-24.569 9.373-33.941 0l-22.667-22.667c-9.357-9.357-9.375-24.522-.04-33.901L188.505 256 34.484 101.255c-9.335-9.379-9.317-24.544.04-33.901l22.667-22.667c9.373-9.373 24.569-9.373 33.941 0L285.475 239.03c9.373 9.372 9.373 24.568.001 33.941z\"><\/path><\/svg><\/button><\/div><\/div><div class=\"stk-block-carousel__dots\" role=\"list\" data-label=\"Slide %%d\"><\/div><\/div><\/div>\n<\/div>\n\n\n\n<div class=\"wp-block-column is-layout-flow wp-block-column-is-layout-flow\" style=\"border-style:none;border-width:0px;flex-basis:60%\">\n<p><strong>\u00d6zellikler<\/strong><\/p>\n\n\n\n<p style=\"font-size:15px\">\u2727 \u0130\u015flem tamamen otomatiktir, tek tu\u015fla ba\u015flat\u0131l\u0131r, \u00f6zel izlemeye gerek yoktur;<br>\u2727 ayn\u0131 anda en fazla 4 kanal\u0131 \u00e7al\u0131\u015ft\u0131rabilir, her panel ayr\u0131 ayr\u0131 programlanabilir;<br>\u2727 antikoru kaydetmek i\u00e7in farkl\u0131 boyutlardaki numuneler se\u00e7ilebilir;<br>\u2727 deneysel sonu\u00e7lar\u0131n tekrarlanabilirli\u011fini sa\u011flamak i\u00e7in reaktiflerin miktar\u0131n\u0131 ve \u00e7al\u0131\u015fma s\u00fcresini tam olarak kontrol edin;<br>\u2727 peltier yar\u0131 iletken so\u011futma teknolojisi, antikoru aktif tutar ve antikorun geri d\u00f6n\u00fc\u015ft\u00fcr\u00fclmesinin en iyi durumunu sa\u011flar;<br>\u2727 Kurumay\u0131 \u00f6nlemek i\u00e7in deneyden sonra tampon \u00e7\u00f6zeltisi eklenecektir;<br>\u2727 aray\u00fcz kullan\u0131c\u0131 dostudur: 7 in\u00e7 LCD dokunmatik ekran ve her kanalda 8&#039;e kadar ad\u0131m ayarlanabilir;<br>\u2727 \u00e7al\u0131\u015fma s\u00fcresi, s\u0131v\u0131 enjeksiyon hacmi, tekrarlama s\u00fcreleri vb. gibi her ad\u0131m i\u00e7in parametreler ayarlanabilir.<\/p>\n<\/div>\n<\/div>\n\n\n\n<p><strong>Parametreler<\/strong><\/p>\n\n\n\n<figure class=\"wp-block-table is-style-stripes\"><table><tbody><tr><td colspan=\"2\"><strong>Model numaras\u0131.<\/strong><\/td><td><\/td><td><strong>AB 4800 <\/strong><br>Otomatik Membran Y\u0131kama ve Kulu\u00e7ka \u0130stasyonu<\/td><\/tr><tr><td><strong>Kontrol etmenin yolu<\/strong><\/td><td><\/td><td><\/td><\/tr><tr><td>Mekanik kontrol do\u011frulu\u011fu<\/td><td><\/td><td><\/td><td>Y\u00fcksek hassasiyetli step motor<\/td><\/tr><tr><td>Operasyon aray\u00fcz\u00fc<\/td><td><\/td><td><\/td><td>7 in\u00e7 dokunmatik ekran, kurulumu kolay, \u00e7al\u0131\u015fma durumu g\u00f6r\u00fcn\u00fcr<\/td><\/tr><tr><td>Pipetleme y\u00f6ntemi<\/td><td><\/td><td><\/td><td>S\u0131v\u0131 seviyesi metalinin y\u00fcksek hassasiyetli otomatik tespiti ile Pipet ucu<\/td><\/tr><tr><td colspan=\"2\"><strong>\u0130\u015flev ayar\u0131<\/strong><\/td><td><\/td><td><\/td><\/tr><tr><td>Antikor kurtarma<\/td><td><\/td><td><\/td><td>Birincil ve ikincil antikorlar\u0131 otomatik olarak kurtar\u0131n<\/td><\/tr><tr><td>Program ad\u0131mlar\u0131<\/td><td><\/td><td><\/td><td>Western blot i\u015fleminin t\u00fcm s\u00fcrecini kar\u015f\u0131lamak i\u00e7in 8&#039;e kadar deneysel ad\u0131m ayarlanabilir<\/td><\/tr><tr><td>Ad\u0131m ba\u015f\u0131na kulu\u00e7ka s\u00fcresi<\/td><td><\/td><td><\/td><td>Maksimum 99 saat<\/td><\/tr><tr><td>Otomatik durulama<\/td><td><\/td><td><\/td><td>\u00c7apraz kontaminasyonu \u00f6nlemek i\u00e7in boru hatlar\u0131n\u0131n otomatik temizlenmesi<\/td><\/tr><tr><td>Islatma fonksiyonu<\/td><td><\/td><td><\/td><td>\u0130nk\u00fcbasyon tamamland\u0131\u011f\u0131nda membran\u0131 \u0131slak tutmak i\u00e7in ink\u00fcbasyon tepsisine tampon otomatik olarak eklenir.<\/td><\/tr><tr><td colspan=\"2\"><strong>Kanal<\/strong><\/td><td><\/td><td><\/td><\/tr><tr><td rowspan=\"2\">Kanal miktar\u0131<\/td><td><\/td><td><\/td><td>Birbirine m\u00fcdahale etmeden 4 ba\u011f\u0131ms\u0131z kanal, 4 farkl\u0131 \u00e7al\u0131\u015fma program\u0131 ayarlanabilir. Her kanal i\u00e7in bir b\u00fcy\u00fck ink\u00fcbasyon tepsisi veya k\u00fc\u00e7\u00fck bir ink\u00fcbasyon denemesi yap\u0131labilir.<\/td><\/tr><tr><td>Her kanal, 15 ml&#039;lik \u00fcniversal konik tabanl\u0131 santrif\u00fcj t\u00fcplerine uygun 4 ba\u011f\u0131ms\u0131z reaktif t\u00fcp\u00fc konumu i\u00e7erir.<\/td><td><\/td><td><\/td><\/tr><tr><td>\u00d6rnek hacim<\/td><td><\/td><td><\/td><td>B\u00fcy\u00fck tepsi: maksimum 15 ml; k\u00fc\u00e7\u00fck tepsi: maksimum 15 ml<\/td><\/tr><tr><td>\u00d6rnek aral\u0131\u011f\u0131<\/td><td><\/td><td><\/td><td>1,0 \u2013 15 mL<\/td><\/tr><tr><td rowspan=\"2\">Kulu\u00e7ka tepsisi (U\u00d7G\u00d7D)<\/td><td><\/td><td><\/td><td>B\u00fcy\u00fck tepsi: 87\u00d771\u00d720 mm, b\u00fcy\u00fck b\u00f6lmeli membranlara uygun;<\/td><\/tr><tr><td>K\u00fc\u00e7\u00fck tepsi: 87\u00d741\u00d720 mm, reaktiften tasarruf etmek i\u00e7in k\u00fc\u00e7\u00fck boyutlu membranlara uygundur.<\/td><td><\/td><td><\/td><\/tr><tr><td>Kulu\u00e7ka tepsisinin sallanma \u015fekli<\/td><td><\/td><td><\/td><td>Sol sa\u011f<\/td><\/tr><tr><td>Kulu\u00e7ka tepsisinin \u00e7alkalama h\u0131z\u0131<\/td><td><\/td><td><\/td><td>10 vites ayarlanabilir. \u00c7alkalama h\u0131z\u0131 buna g\u00f6re se\u00e7ilebilir.<\/td><\/tr><tr><td>Kulu\u00e7ka tepsisinin sallanma a\u00e7\u0131s\u0131<\/td><td><\/td><td><\/td><td>0 \u2013 13\u00b0<\/td><\/tr><tr><td colspan=\"2\"><strong>S\u0131cakl\u0131k kontrol\u00fc<\/strong><\/td><td><\/td><td><\/td><\/tr><tr><td>So\u011futma yolu<\/td><td><\/td><td><\/td><td>Birincil ve ikincil antikorlar\u0131n aktivitesini korumak i\u00e7in yar\u0131 iletken so\u011futma sabit s\u0131cakl\u0131k kontrol\u00fc.<\/td><\/tr><tr><td>So\u011futma aral\u0131\u011f\u0131<\/td><td><\/td><td><\/td><td>\u00c7evreden 20\u00b0C daha d\u00fc\u015f\u00fck<\/td><\/tr><\/tbody><\/table><\/figure>","protected":false},"excerpt":{"rendered":"<p>Features \u2727 The process is fully automatic, one-key to start up, no need special watching;\u2727 it can run 4 channels at most simultaneously, each panel can be programmed separately;\u2727 samples with different sizes are selectable to save antibody;\u2727 precisely control the amount of reagents and operation time to ensure the repeatability of experimental results;\u2727 peltier&hellip;&nbsp;<a href=\"http:\/\/nebula-b.com\/tr\/otomatik-membran-yikama-ve-kulucka-istasyonu\/\" class=\"\" rel=\"bookmark\">Daha fazlas\u0131n\u0131 oku \u00bb<span class=\"screen-reader-text\">Otomatik Membran Y\u0131kama ve Kulu\u00e7ka \u0130stasyonu<\/span><\/a><\/p>","protected":false},"author":2,"featured_media":0,"parent":0,"menu_order":0,"comment_status":"closed","ping_status":"closed","template":"","meta":{"_uag_custom_page_level_css":"","ub_ctt_via":"","neve_meta_sidebar":"","neve_meta_container":"","neve_meta_enable_content_width":"","neve_meta_content_width":0,"neve_meta_title_alignment":"","neve_meta_author_avatar":"","neve_post_elements_order":"","neve_meta_disable_header":"","neve_meta_disable_footer":"","neve_meta_disable_title":"","_themeisle_gutenberg_block_has_review":false,"footnotes":""},"class_list":["post-270","page","type-page","status-publish","hentry"],"featured_image_src":null,"uagb_featured_image_src":{"full":false,"thumbnail":false,"medium":false,"medium_large":false,"large":false,"1536x1536":false,"2048x2048":false,"trp-custom-language-flag":false,"neve-blog":false},"uagb_author_info":{"display_name":"liu, stacey","author_link":"http:\/\/nebula-b.com\/tr\/author\/stacey\/"},"uagb_comment_info":0,"uagb_excerpt":"Features \u2727 The process is fully automatic, one-key to start up, no need special watching;\u2727 it can run 4 channels at most simultaneously, each panel can be programmed separately;\u2727 samples with different sizes are selectable to save antibody;\u2727 precisely control the amount of reagents and operation time to ensure the repeatability of experimental results;\u2727 peltier&hellip;&nbsp;Daha&hellip;","_links":{"self":[{"href":"http:\/\/nebula-b.com\/tr\/wp-json\/wp\/v2\/pages\/270","targetHints":{"allow":["GET"]}}],"collection":[{"href":"http:\/\/nebula-b.com\/tr\/wp-json\/wp\/v2\/pages"}],"about":[{"href":"http:\/\/nebula-b.com\/tr\/wp-json\/wp\/v2\/types\/page"}],"author":[{"embeddable":true,"href":"http:\/\/nebula-b.com\/tr\/wp-json\/wp\/v2\/users\/2"}],"replies":[{"embeddable":true,"href":"http:\/\/nebula-b.com\/tr\/wp-json\/wp\/v2\/comments?post=270"}],"version-history":[{"count":3,"href":"http:\/\/nebula-b.com\/tr\/wp-json\/wp\/v2\/pages\/270\/revisions"}],"predecessor-version":[{"id":1869,"href":"http:\/\/nebula-b.com\/tr\/wp-json\/wp\/v2\/pages\/270\/revisions\/1869"}],"wp:attachment":[{"href":"http:\/\/nebula-b.com\/tr\/wp-json\/wp\/v2\/media?parent=270"}],"curies":[{"name":"wp","href":"https:\/\/api.w.org\/{rel}","templated":true}]}}