{"id":266,"date":"2023-12-27T15:14:38","date_gmt":"2023-12-27T07:14:38","guid":{"rendered":"https:\/\/wp.kxwar.com\/?page_id=266"},"modified":"2024-04-18T14:21:35","modified_gmt":"2024-04-18T06:21:35","slug":"vertical-electrophoresis-systems","status":"publish","type":"page","link":"http:\/\/nebula-b.com\/tr\/dikey-elektroforez-sistemleri\/","title":{"rendered":"Dikey Elektroforez Sistemleri"},"content":{"rendered":"<div class=\"wp-block-columns has-small-font-size is-layout-flex wp-container-core-columns-is-layout-b934f1a7 wp-block-columns-is-layout-flex\" style=\"border-style:none;border-width:0px;border-radius:0px;padding-top:0;padding-right:var(--wp--preset--spacing--20);padding-bottom:0;padding-left:var(--wp--preset--spacing--20)\">\n<div class=\"wp-block-column is-layout-flow wp-block-column-is-layout-flow\" style=\"flex-basis:40%\">\n<div class=\"wp-block-stackable-carousel stk-block-carousel stk--is-slide stk--arrows-justify-space-between stk--arrows-align-center stk-block stk-9336aea\" data-slides-to-show=\"\" data-block-id=\"9336aea\"><div class=\"stk-block-carousel__content-wrapper\"><div class=\"stk-row stk-inner-blocks stk-block-content stk-block-carousel__slider-wrapper stk-content-align stk-9336aea-column\"><div class=\"stk-block-carousel__slider\" role=\"list\" data-autoplay=\"4000\" data-label-slide-of=\"Slide %%d of %%d\">\n<div class=\"wp-block-stackable-column stk-block-column stk-column stk-block stk-e7af2ca\" data-v=\"4\" data-block-id=\"e7af2ca\"><style>.stk-e7af2ca{align-self:center !important}<\/style><div class=\"stk-column-wrapper stk-block-column__content stk-container stk-e7af2ca-container stk--no-background stk--no-padding\"><div class=\"stk-block-content stk-inner-blocks stk-e7af2ca-inner-blocks\">\n<div class=\"wp-block-stackable-image stk-block-image stk-block stk-d699d7e\" data-block-id=\"d699d7e\"><figure><span class=\"stk-img-wrapper stk-image--shape-stretch\"><img loading=\"lazy\" decoding=\"async\" class=\"stk-img wp-image-249\" src=\"https:\/\/nebula-b.com\/wp-content\/uploads\/2023\/12\/PES-5\u5c0f\u578b\u5782\u76f4\u7535\u6cf3\u7cfb\u7edf.png\" width=\"1427\" height=\"917\" alt=\"mini elektroforez\" srcset=\"http:\/\/nebula-b.com\/wp-content\/uploads\/2023\/12\/PES-5\u5c0f\u578b\u5782\u76f4\u7535\u6cf3\u7cfb\u7edf.png 1427w, http:\/\/nebula-b.com\/wp-content\/uploads\/2023\/12\/PES-5\u5c0f\u578b\u5782\u76f4\u7535\u6cf3\u7cfb\u7edf-300x193.png 300w, http:\/\/nebula-b.com\/wp-content\/uploads\/2023\/12\/PES-5\u5c0f\u578b\u5782\u76f4\u7535\u6cf3\u7cfb\u7edf-1024x658.png 1024w, http:\/\/nebula-b.com\/wp-content\/uploads\/2023\/12\/PES-5\u5c0f\u578b\u5782\u76f4\u7535\u6cf3\u7cfb\u7edf-768x494.png 768w\" sizes=\"auto, (max-width: 1427px) 100vw, 1427px\" \/><\/span><\/figure><\/div>\n<\/div><\/div><\/div>\n\n\n\n<div class=\"wp-block-stackable-column stk-block-column stk-column stk-block stk-6847d17\" data-v=\"4\" data-block-id=\"6847d17\"><style>.stk-6847d17{align-self:center !important}<\/style><div class=\"stk-column-wrapper stk-block-column__content stk-container stk-6847d17-container stk--no-background stk--no-padding\"><div class=\"stk-block-content stk-inner-blocks stk-6847d17-inner-blocks\">\n<div class=\"wp-block-stackable-image stk-block-image stk-block stk-eee5d3d\" data-block-id=\"eee5d3d\"><figure><span class=\"stk-img-wrapper stk-image--shape-stretch\"><img alt=\"Dikey Elektroforez Sistemleri\" loading=\"lazy\" decoding=\"async\" class=\"stk-img wp-image-343\" src=\"https:\/\/nebula-b.com\/wp-content\/uploads\/2024\/01\/PES-5-set-scaled-1.jpg\" width=\"2560\" height=\"1811\" srcset=\"http:\/\/nebula-b.com\/wp-content\/uploads\/2024\/01\/PES-5-set-scaled-1.jpg 2560w, http:\/\/nebula-b.com\/wp-content\/uploads\/2024\/01\/PES-5-set-scaled-1-300x212.jpg 300w, http:\/\/nebula-b.com\/wp-content\/uploads\/2024\/01\/PES-5-set-scaled-1-1024x724.jpg 1024w, http:\/\/nebula-b.com\/wp-content\/uploads\/2024\/01\/PES-5-set-scaled-1-768x543.jpg 768w, http:\/\/nebula-b.com\/wp-content\/uploads\/2024\/01\/PES-5-set-scaled-1-1536x1087.jpg 1536w, http:\/\/nebula-b.com\/wp-content\/uploads\/2024\/01\/PES-5-set-scaled-1-2048x1449.jpg 2048w\" sizes=\"auto, (max-width: 2560px) 100vw, 2560px\" \/><\/span><\/figure><\/div>\n<\/div><\/div><\/div>\n<\/div><div class=\"stk-block-carousel__buttons\"><button class=\"stk-block-carousel__button stk-block-carousel__button__prev\" aria-label=\"Bir onceki slayt\"><svg aria-hidden=\"true\" focusable=\"false\" data-prefix=\"fas\" data-icon=\"chevron-left\" class=\"svg-inline--fa fa-chevron-left\" xmlns=\"http:\/\/www.w3.org\/2000\/svg\" viewbox=\"0 0 320 512\" width=\"32\" height=\"32\"><path d=\"M34.52 239.03L228.87 44.69c9.37-9.37 24.57-9.37 33.94 0l22.67 22.67c9.36 9.36 9.37 24.52.04 33.9L131.49 256l154.02 154.75c9.34 9.38 9.32 24.54-.04 33.9l-22.67 22.67c-9.37 9.37-24.57 9.37-33.94 0L34.52 272.97c-9.37-9.37-9.37-24.57 0-33.94z\"><\/path><\/svg><\/button><button class=\"stk-block-carousel__button stk-block-carousel__button__next\" aria-label=\"Sonraki slayt\"><svg aria-hidden=\"true\" focusable=\"false\" data-prefix=\"fas\" data-icon=\"chevron-right\" class=\"svg-inline--fa fa-chevron-right\" xmlns=\"http:\/\/www.w3.org\/2000\/svg\" viewbox=\"0 0 320 512\" width=\"32\" height=\"32\"><path d=\"M285.476 272.971L91.132 467.314c-9.373 9.373-24.569 9.373-33.941 0l-22.667-22.667c-9.357-9.357-9.375-24.522-.04-33.901L188.505 256 34.484 101.255c-9.335-9.379-9.317-24.544.04-33.901l22.667-22.667c9.373-9.373 24.569-9.373 33.941 0L285.475 239.03c9.373 9.372 9.373 24.568.001 33.941z\"><\/path><\/svg><\/button><\/div><\/div><div class=\"stk-block-carousel__dots\" role=\"list\" data-label=\"Slide %%d\"><\/div><\/div><\/div>\n<\/div>\n\n\n\n<div class=\"wp-block-column is-layout-flow wp-block-column-is-layout-flow\" style=\"border-style:none;border-width:0px;flex-basis:60%\">\n<p style=\"font-size:16px\"><strong>\u00d6zellikler<\/strong> <\/p>\n\n\n\n<p style=\"font-size:15px\">\u2727 Ayn\u0131 anda 4 adede kadar k\u00fc\u00e7\u00fck jel elektroforezi ger\u00e7ekle\u015ftirilebilir<br>Basit kullan\u0131m, h\u0131zl\u0131 montaj ve m\u00fckemmel s\u0131zd\u0131rmazl\u0131k;<br>\u2727 2D ikinci boyutlu elektroforez ile uyumlu;<br>\u2727 tamponun esnek se\u00e7imi, \u00f6rnek haz\u0131rlaman\u0131n taranmas\u0131 ve de\u011ferlendirilmesi<br>Western blot transferi i\u00e7in elektroforetik transfer tank\u0131.<\/p>\n<\/div>\n<\/div>\n\n\n\n<p><strong>Uygulamalar<\/strong><\/p>\n\n\n\n<p>\u2727 Poliakrilamid jel elektroforezi (PAGE veya SDS-PAGE);<br>\u2727 2-D jel elektroforezi;<br>\u2727 numunelerin taranmas\u0131;<br>\u2727 numune haz\u0131rlama ko\u015fullar\u0131n\u0131n de\u011ferlendirilmesi.<\/p>\n\n\n\n<p><strong>Parametreler<\/strong><\/p>\n\n\n\n<figure class=\"wp-block-table is-style-stripes\"><table><tbody><tr><td><strong>Model numaras\u0131. <\/strong><\/td><td><\/td><td><strong>PES-5&nbsp;<\/strong><br>Mini Dikey Elektroforez Sistemi<\/td><\/tr><tr><td colspan=\"2\"><strong>Jel miktar\u0131<\/strong><\/td><td>1~4<\/td><td><\/td><\/tr><tr><td colspan=\"2\"><strong>El d\u00f6k\u00fcm jeli<\/strong><\/td><td>Cam plakalar\u0131n aras\u0131na d\u00f6k\u00fcn<\/td><td><\/td><\/tr><tr><td colspan=\"2\" rowspan=\"2\"><strong>Jel boyutu (G*L)<\/strong><\/td><td>86*68 mm; 83*73 mm<\/td><td><\/td><\/tr><tr><td>Prekast: 86*68mm; elle d\u00f6k\u00fcm: 83*73 mm<\/td><\/tr><tr><td rowspan=\"2\"><strong>Cam plaka boyutu<\/strong><\/td><td>K\u0131sa cam tabak<\/td><td>101*73mm<\/td><td class=\"has-text-align-left\" data-align=\"left\"><\/td><\/tr><tr><td>Uzun cam tabak<\/td><td>101*82mm<\/td><td><\/td><\/tr><tr><td colspan=\"2\"><strong>2 jel i\u00e7in toplam tampon hacmi<\/strong><\/td><td>700ml<\/td><td><\/td><\/tr><tr><td colspan=\"2\">4 jel i\u00e7in toplam tampon hacmi<\/td><td>1000 ml<\/td><td><\/td><\/tr><tr><td colspan=\"2\"><strong>SDS-PAGE&#039;in tipik \u00e7al\u0131\u015fma s\u00fcresi<\/strong><\/td><td>35~45 dakika (200V sabit voltaj alt\u0131nda)<\/td><td><\/td><\/tr><tr><td colspan=\"2\"><strong>Boyut (G*U*Y)<\/strong><\/td><td>128*172*135mm<\/td><td><\/td><\/tr><tr><td colspan=\"2\"><strong>A\u011f\u0131rl\u0131k (kg)<\/strong><\/td><td>1<\/td><td><\/td><\/tr><tr><td colspan=\"2\"><strong>Jel format\u0131<\/strong><\/td><td>Mini<\/td><td><\/td><\/tr><\/tbody><\/table><\/figure>\n\n\n\n<div class=\"wp-block-columns has-small-font-size is-layout-flex wp-container-core-columns-is-layout-b934f1a7 wp-block-columns-is-layout-flex\" style=\"border-style:none;border-width:0px;border-radius:0px;padding-top:0;padding-right:var(--wp--preset--spacing--20);padding-bottom:0;padding-left:var(--wp--preset--spacing--20)\">\n<div class=\"wp-block-column is-layout-flow wp-block-column-is-layout-flow\" style=\"flex-basis:40%\">\n<div class=\"wp-block-stackable-carousel stk-block-carousel stk--is-slide stk--arrows-justify-space-between stk--arrows-align-center stk-block stk-93b60ab\" data-slides-to-show=\"\" data-block-id=\"93b60ab\"><div class=\"stk-block-carousel__content-wrapper\"><div class=\"stk-row stk-inner-blocks stk-block-content stk-block-carousel__slider-wrapper stk-content-align stk-93b60ab-column\"><div class=\"stk-block-carousel__slider\" role=\"list\" data-autoplay=\"4000\" data-label-slide-of=\"Slide %%d of %%d\">\n<div class=\"wp-block-stackable-column stk-block-column stk-column stk-block stk-7a046a4\" data-v=\"4\" data-block-id=\"7a046a4\"><div class=\"stk-column-wrapper stk-block-column__content stk-container stk-7a046a4-container stk--no-background stk--no-padding\"><div class=\"stk-block-content stk-inner-blocks stk-7a046a4-inner-blocks\">\n<div class=\"wp-block-stackable-image stk-block-image stk-block stk-718515a\" data-block-id=\"718515a\"><figure><span class=\"stk-img-wrapper stk-image--shape-stretch\"><img alt=\"Dikey Elektroforez Sistemleri\" loading=\"lazy\" decoding=\"async\" class=\"stk-img wp-image-347\" src=\"https:\/\/nebula-b.com\/wp-content\/uploads\/2024\/01\/TB-5.jpg\" width=\"421\" height=\"421\" srcset=\"http:\/\/nebula-b.com\/wp-content\/uploads\/2024\/01\/TB-5.jpg 421w, http:\/\/nebula-b.com\/wp-content\/uploads\/2024\/01\/TB-5-300x300.jpg 300w, http:\/\/nebula-b.com\/wp-content\/uploads\/2024\/01\/TB-5-150x150.jpg 150w\" sizes=\"auto, (max-width: 421px) 100vw, 421px\" \/><\/span><\/figure><\/div>\n<\/div><\/div><\/div>\n\n\n\n<div class=\"wp-block-stackable-column stk-block-column stk-column stk-block stk-322688e\" data-v=\"4\" data-block-id=\"322688e\"><div class=\"stk-column-wrapper stk-block-column__content stk-container stk-322688e-container stk--no-background stk--no-padding\"><div class=\"stk-block-content stk-inner-blocks stk-322688e-inner-blocks\">\n<div class=\"wp-block-stackable-image stk-block-image stk-block stk-fecd8b8\" data-block-id=\"fecd8b8\"><figure><span class=\"stk-img-wrapper stk-image--shape-stretch\"><img alt=\"Dikey Elektroforez Sistemleri\" loading=\"lazy\" decoding=\"async\" class=\"stk-img wp-image-684\" src=\"https:\/\/nebula-b.com\/wp-content\/uploads\/2024\/01\/TB-5-1.jpg\" width=\"1500\" height=\"1500\" srcset=\"http:\/\/nebula-b.com\/wp-content\/uploads\/2024\/01\/TB-5-1.jpg 1500w, http:\/\/nebula-b.com\/wp-content\/uploads\/2024\/01\/TB-5-1-300x300.jpg 300w, http:\/\/nebula-b.com\/wp-content\/uploads\/2024\/01\/TB-5-1-1024x1024.jpg 1024w, http:\/\/nebula-b.com\/wp-content\/uploads\/2024\/01\/TB-5-1-150x150.jpg 150w, http:\/\/nebula-b.com\/wp-content\/uploads\/2024\/01\/TB-5-1-768x768.jpg 768w\" sizes=\"auto, (max-width: 1500px) 100vw, 1500px\" \/><\/span><\/figure><\/div>\n<\/div><\/div><\/div>\n<\/div><div class=\"stk-block-carousel__buttons\"><button class=\"stk-block-carousel__button stk-block-carousel__button__prev\" aria-label=\"Bir onceki slayt\"><svg aria-hidden=\"true\" focusable=\"false\" data-prefix=\"fas\" data-icon=\"chevron-left\" class=\"svg-inline--fa fa-chevron-left\" xmlns=\"http:\/\/www.w3.org\/2000\/svg\" viewbox=\"0 0 320 512\" width=\"32\" height=\"32\"><path d=\"M34.52 239.03L228.87 44.69c9.37-9.37 24.57-9.37 33.94 0l22.67 22.67c9.36 9.36 9.37 24.52.04 33.9L131.49 256l154.02 154.75c9.34 9.38 9.32 24.54-.04 33.9l-22.67 22.67c-9.37 9.37-24.57 9.37-33.94 0L34.52 272.97c-9.37-9.37-9.37-24.57 0-33.94z\"><\/path><\/svg><\/button><button class=\"stk-block-carousel__button stk-block-carousel__button__next\" aria-label=\"Sonraki slayt\"><svg aria-hidden=\"true\" focusable=\"false\" data-prefix=\"fas\" data-icon=\"chevron-right\" class=\"svg-inline--fa fa-chevron-right\" xmlns=\"http:\/\/www.w3.org\/2000\/svg\" viewbox=\"0 0 320 512\" width=\"32\" height=\"32\"><path d=\"M285.476 272.971L91.132 467.314c-9.373 9.373-24.569 9.373-33.941 0l-22.667-22.667c-9.357-9.357-9.375-24.522-.04-33.901L188.505 256 34.484 101.255c-9.335-9.379-9.317-24.544.04-33.901l22.667-22.667c9.373-9.373 24.569-9.373 33.941 0L285.475 239.03c9.373 9.372 9.373 24.568.001 33.941z\"><\/path><\/svg><\/button><\/div><\/div><div class=\"stk-block-carousel__dots\" role=\"list\" data-label=\"Slide %%d\"><\/div><\/div><\/div>\n<\/div>\n\n\n\n<div class=\"wp-block-column is-layout-flow wp-block-column-is-layout-flow\" style=\"border-style:none;border-width:0px;flex-basis:60%\">\n<p style=\"font-size:16px\"><strong>\u00d6zellikler ve faydalar<\/strong><\/p>\n\n\n\n<p style=\"font-size:15px\">\u2727 Ayn\u0131 anda iki par\u00e7a 100mm x 75mm jeli veya d\u00fc\u015f\u00fck yo\u011funluklu gece transferini aktarabilir;<br>\u2727 verimli protein aktar\u0131m\u0131n\u0131 sa\u011flamak \u00fczere g\u00fc\u00e7l\u00fc bir elektrik alan\u0131 olu\u015fturmak i\u00e7in elektrotlar\u0131 kapat\u0131n<br>\u2727 transfer i\u015flemi s\u0131ras\u0131nda jelin do\u011fru y\u00f6nlendirilmesini sa\u011flamak i\u00e7in net g\u00f6sterge;<br>\u2727 h\u0131zl\u0131 transfer i\u015flemi s\u0131ras\u0131nda \u0131s\u0131y\u0131 absorbe etmek i\u00e7in mavi buz kutusu tamamen transfer tank\u0131na yerle\u015ftirilebilir;<br>\u2727 Tamamen ba\u011f\u0131ms\u0131z bir ekipman olarak kullan\u0131labilece\u011fi gibi PES \u2013 5 k\u00fc\u00e7\u00fck dikey elektroforez sistemi ile de kullan\u0131labilir.<\/p>\n<\/div>\n<\/div>\n\n\n\n<p><strong>Parametreler<\/strong><\/p>\n\n\n\n<figure class=\"wp-block-table is-style-stripes\"><table><tbody><tr><td><strong>Modeli<\/strong><\/td><td><strong>TB-5<\/strong> <strong>Trans-Blot Sistemi<\/strong><\/td><\/tr><tr><td><strong>Maksimum jel boyutu (G*L)<\/strong><\/td><td>100*75mm<\/td><\/tr><tr><td><strong>Tampon gerekli<\/strong><\/td><td>1000 ml<\/td><\/tr><tr><td><strong>Jel hacmi<\/strong><\/td><td>2 adet \u00f6n d\u00f6k\u00fcm jeli veya elle d\u00f6k\u00fcm jeli<\/td><\/tr><tr><td><strong>Boyut (G*U*Y)<\/strong><\/td><td>128*172*135mm<\/td><\/tr><tr><td><strong>A\u011f\u0131rl\u0131k<\/strong><\/td><td>1.0kg<\/td><\/tr><\/tbody><\/table><\/figure>","protected":false},"excerpt":{"rendered":"<p>Features \u2727 Up to 4 small gel electrophoresis can be carried out at the same timeSimple operation, rapid assembly and excellent sealing;\u2727 compatible with 2D second dimensional electrophoresis;\u2727 flexible selection of buffer, screening and evaluation of sample preparationElectrophoretic transfer tank for Western blot transfer. Applications \u2727 Polyacrylamide gel electrophoresis (PAGE or SDS-PAGE);\u2727 2-D gel electrophoresis;\u2727&hellip;&nbsp;<a href=\"http:\/\/nebula-b.com\/tr\/dikey-elektroforez-sistemleri\/\" class=\"\" rel=\"bookmark\">Daha fazlas\u0131n\u0131 oku \u00bb<span class=\"screen-reader-text\">Dikey Elektroforez Sistemleri<\/span><\/a><\/p>","protected":false},"author":2,"featured_media":0,"parent":0,"menu_order":0,"comment_status":"closed","ping_status":"closed","template":"","meta":{"_uag_custom_page_level_css":"","ub_ctt_via":"","neve_meta_sidebar":"","neve_meta_container":"","neve_meta_enable_content_width":"","neve_meta_content_width":0,"neve_meta_title_alignment":"","neve_meta_author_avatar":"","neve_post_elements_order":"","neve_meta_disable_header":"","neve_meta_disable_footer":"","neve_meta_disable_title":"","_themeisle_gutenberg_block_has_review":false,"footnotes":""},"class_list":["post-266","page","type-page","status-publish","hentry"],"featured_image_src":null,"uagb_featured_image_src":{"full":false,"thumbnail":false,"medium":false,"medium_large":false,"large":false,"1536x1536":false,"2048x2048":false,"trp-custom-language-flag":false,"neve-blog":false},"uagb_author_info":{"display_name":"liu, stacey","author_link":"http:\/\/nebula-b.com\/tr\/author\/stacey\/"},"uagb_comment_info":0,"uagb_excerpt":"Features \u2727 Up to 4 small gel electrophoresis can be carried out at the same timeSimple operation, rapid assembly and excellent sealing;\u2727 compatible with 2D second dimensional electrophoresis;\u2727 flexible selection of buffer, screening and evaluation of sample preparationElectrophoretic transfer tank for Western blot transfer. Applications \u2727 Polyacrylamide gel electrophoresis (PAGE or SDS-PAGE);\u2727 2-D gel electrophoresis;\u2727&hellip;&nbsp;Daha&hellip;","_links":{"self":[{"href":"http:\/\/nebula-b.com\/tr\/wp-json\/wp\/v2\/pages\/266","targetHints":{"allow":["GET"]}}],"collection":[{"href":"http:\/\/nebula-b.com\/tr\/wp-json\/wp\/v2\/pages"}],"about":[{"href":"http:\/\/nebula-b.com\/tr\/wp-json\/wp\/v2\/types\/page"}],"author":[{"embeddable":true,"href":"http:\/\/nebula-b.com\/tr\/wp-json\/wp\/v2\/users\/2"}],"replies":[{"embeddable":true,"href":"http:\/\/nebula-b.com\/tr\/wp-json\/wp\/v2\/comments?post=266"}],"version-history":[{"count":4,"href":"http:\/\/nebula-b.com\/tr\/wp-json\/wp\/v2\/pages\/266\/revisions"}],"predecessor-version":[{"id":2051,"href":"http:\/\/nebula-b.com\/tr\/wp-json\/wp\/v2\/pages\/266\/revisions\/2051"}],"wp:attachment":[{"href":"http:\/\/nebula-b.com\/tr\/wp-json\/wp\/v2\/media?parent=266"}],"curies":[{"name":"wp","href":"https:\/\/api.w.org\/{rel}","templated":true}]}}