{"id":259,"date":"2023-12-27T12:56:49","date_gmt":"2023-12-27T04:56:49","guid":{"rendered":"https:\/\/wp.kxwar.com\/?page_id=259"},"modified":"2024-04-18T14:13:54","modified_gmt":"2024-04-18T06:13:54","slug":"electrophoresis-power-supply","status":"publish","type":"page","link":"http:\/\/nebula-b.com\/tr\/elektroforez-guc-kaynagi\/","title":{"rendered":"Elektroforez G\u00fc\u00e7 Kaynaklar\u0131"},"content":{"rendered":"<div class=\"wp-block-columns has-small-font-size is-layout-flex wp-container-core-columns-is-layout-b934f1a7 wp-block-columns-is-layout-flex\" style=\"border-style:none;border-width:0px;border-radius:0px;padding-top:0;padding-right:var(--wp--preset--spacing--20);padding-bottom:0;padding-left:var(--wp--preset--spacing--20)\">\n<div class=\"wp-block-column is-layout-flow wp-block-column-is-layout-flow\" style=\"flex-basis:40%\">\n<div class=\"wp-block-stackable-carousel stk-block-carousel stk--is-slide stk--arrows-justify-space-between stk--arrows-align-center stk-block stk-9336aea\" data-slides-to-show=\"\" data-block-id=\"9336aea\"><div class=\"stk-block-carousel__content-wrapper\"><div class=\"stk-row stk-inner-blocks stk-block-content stk-block-carousel__slider-wrapper stk-content-align stk-9336aea-column\"><div class=\"stk-block-carousel__slider\" role=\"list\" data-autoplay=\"4000\" data-label-slide-of=\"Slide %%d of %%d\">\n<div class=\"wp-block-stackable-column stk-block-column stk-column stk-block stk-e7af2ca\" data-v=\"4\" data-block-id=\"e7af2ca\"><style>.stk-e7af2ca{align-self:center !important}<\/style><div class=\"stk-column-wrapper stk-block-column__content stk-container stk-e7af2ca-container stk--no-background stk--no-padding\"><div class=\"stk-block-content stk-inner-blocks stk-e7af2ca-inner-blocks\">\n<div class=\"wp-block-stackable-image stk-block-image stk-block stk-d699d7e\" data-block-id=\"d699d7e\"><figure><span class=\"stk-img-wrapper stk-image--shape-stretch\"><img loading=\"lazy\" decoding=\"async\" class=\"stk-img wp-image-315\" src=\"https:\/\/nebula-b.com\/wp-content\/uploads\/2023\/12\/\u5404\u79cd\u7535\u6e90.jpg\" width=\"420\" height=\"420\" alt=\"elektroforez-g\u00fc\u00e7 kaynaklar\u0131\" srcset=\"http:\/\/nebula-b.com\/wp-content\/uploads\/2023\/12\/\u5404\u79cd\u7535\u6e90.jpg 420w, http:\/\/nebula-b.com\/wp-content\/uploads\/2023\/12\/\u5404\u79cd\u7535\u6e90-300x300.jpg 300w, http:\/\/nebula-b.com\/wp-content\/uploads\/2023\/12\/\u5404\u79cd\u7535\u6e90-150x150.jpg 150w\" sizes=\"auto, (max-width: 420px) 100vw, 420px\" \/><\/span><\/figure><\/div>\n<\/div><\/div><\/div>\n\n\n\n<div class=\"wp-block-stackable-column stk-block-column stk-column stk-block stk-6847d17\" data-v=\"4\" data-block-id=\"6847d17\"><style>.stk-6847d17{align-self:center !important}<\/style><div class=\"stk-column-wrapper stk-block-column__content stk-container stk-6847d17-container stk--no-background stk--no-padding\"><div class=\"stk-block-content stk-inner-blocks stk-6847d17-inner-blocks\">\n<div class=\"wp-block-stackable-image stk-block-image stk-block stk-eee5d3d\" data-block-id=\"eee5d3d\"><figure><span class=\"stk-img-wrapper stk-image--shape-stretch\"><img loading=\"lazy\" decoding=\"async\" class=\"stk-img wp-image-316\" src=\"https:\/\/nebula-b.com\/wp-content\/uploads\/2023\/12\/\u754c\u9762\u53cc\u901a\u9053.jpg\" width=\"1500\" height=\"1500\" alt=\"elektroforez g\u00fc\u00e7 kayna\u011f\u0131n\u0131n aray\u00fcz\u00fc\" srcset=\"http:\/\/nebula-b.com\/wp-content\/uploads\/2023\/12\/\u754c\u9762\u53cc\u901a\u9053.jpg 1500w, http:\/\/nebula-b.com\/wp-content\/uploads\/2023\/12\/\u754c\u9762\u53cc\u901a\u9053-300x300.jpg 300w, http:\/\/nebula-b.com\/wp-content\/uploads\/2023\/12\/\u754c\u9762\u53cc\u901a\u9053-1024x1024.jpg 1024w, http:\/\/nebula-b.com\/wp-content\/uploads\/2023\/12\/\u754c\u9762\u53cc\u901a\u9053-150x150.jpg 150w, http:\/\/nebula-b.com\/wp-content\/uploads\/2023\/12\/\u754c\u9762\u53cc\u901a\u9053-768x768.jpg 768w\" sizes=\"auto, (max-width: 1500px) 100vw, 1500px\" \/><\/span><\/figure><\/div>\n<\/div><\/div><\/div>\n\n\n\n<div class=\"wp-block-stackable-column stk-block-column stk-column stk-block stk-46359ed\" data-v=\"4\" data-block-id=\"46359ed\"><style>.stk-46359ed{align-self:center !important}<\/style><div class=\"stk-column-wrapper stk-block-column__content stk-container stk-46359ed-container stk--no-background stk--no-padding\"><div class=\"stk-block-content stk-inner-blocks stk-46359ed-inner-blocks\">\n<div class=\"wp-block-stackable-image stk-block-image stk-block stk-92800c8\" data-block-id=\"92800c8\"><figure><span class=\"stk-img-wrapper stk-image--shape-stretch\"><img loading=\"lazy\" decoding=\"async\" class=\"stk-img wp-image-683\" src=\"https:\/\/nebula-b.com\/wp-content\/uploads\/2023\/12\/\u53cc\u901a\u9053.jpg\" width=\"500\" height=\"500\" alt=\"g\u00fc\u00e7 kayna\u011f\u0131 uygulamas\u0131\" srcset=\"http:\/\/nebula-b.com\/wp-content\/uploads\/2023\/12\/\u53cc\u901a\u9053.jpg 500w, http:\/\/nebula-b.com\/wp-content\/uploads\/2023\/12\/\u53cc\u901a\u9053-300x300.jpg 300w, http:\/\/nebula-b.com\/wp-content\/uploads\/2023\/12\/\u53cc\u901a\u9053-150x150.jpg 150w\" sizes=\"auto, (max-width: 500px) 100vw, 500px\" \/><\/span><\/figure><\/div>\n<\/div><\/div><\/div>\n\n\n\n<div class=\"wp-block-stackable-column stk-block-column stk-column stk-block stk-8e5fc80\" data-v=\"4\" data-block-id=\"8e5fc80\"><style>.stk-8e5fc80{align-self:center !important}<\/style><div class=\"stk-column-wrapper stk-block-column__content stk-container stk-8e5fc80-container stk--no-background stk--no-padding\"><div class=\"stk-block-content stk-inner-blocks stk-8e5fc80-inner-blocks\">\n<div class=\"wp-block-stackable-image stk-block-image stk-block stk-f9c5a9b\" data-block-id=\"f9c5a9b\"><figure><span class=\"stk-img-wrapper stk-image--shape-stretch\"><img loading=\"lazy\" decoding=\"async\" class=\"stk-img wp-image-246\" src=\"https:\/\/nebula-b.com\/wp-content\/uploads\/2023\/12\/EPHC400-1.jpg\" width=\"500\" height=\"500\" alt=\"y\u00fcksek ak\u0131m g\u00fc\u00e7 kayna\u011f\u0131\" srcset=\"http:\/\/nebula-b.com\/wp-content\/uploads\/2023\/12\/EPHC400-1.jpg 500w, http:\/\/nebula-b.com\/wp-content\/uploads\/2023\/12\/EPHC400-1-300x300.jpg 300w, http:\/\/nebula-b.com\/wp-content\/uploads\/2023\/12\/EPHC400-1-150x150.jpg 150w\" sizes=\"auto, (max-width: 500px) 100vw, 500px\" \/><\/span><\/figure><\/div>\n<\/div><\/div><\/div>\n<\/div><div class=\"stk-block-carousel__buttons\"><button class=\"stk-block-carousel__button stk-block-carousel__button__prev\" aria-label=\"Bir onceki slayt\"><svg aria-hidden=\"true\" focusable=\"false\" data-prefix=\"fas\" data-icon=\"chevron-left\" class=\"svg-inline--fa fa-chevron-left\" xmlns=\"http:\/\/www.w3.org\/2000\/svg\" viewbox=\"0 0 320 512\" width=\"32\" height=\"32\"><path d=\"M34.52 239.03L228.87 44.69c9.37-9.37 24.57-9.37 33.94 0l22.67 22.67c9.36 9.36 9.37 24.52.04 33.9L131.49 256l154.02 154.75c9.34 9.38 9.32 24.54-.04 33.9l-22.67 22.67c-9.37 9.37-24.57 9.37-33.94 0L34.52 272.97c-9.37-9.37-9.37-24.57 0-33.94z\"><\/path><\/svg><\/button><button class=\"stk-block-carousel__button stk-block-carousel__button__next\" aria-label=\"Sonraki slayt\"><svg aria-hidden=\"true\" focusable=\"false\" data-prefix=\"fas\" data-icon=\"chevron-right\" class=\"svg-inline--fa fa-chevron-right\" xmlns=\"http:\/\/www.w3.org\/2000\/svg\" viewbox=\"0 0 320 512\" width=\"32\" height=\"32\"><path d=\"M285.476 272.971L91.132 467.314c-9.373 9.373-24.569 9.373-33.941 0l-22.667-22.667c-9.357-9.357-9.375-24.522-.04-33.901L188.505 256 34.484 101.255c-9.335-9.379-9.317-24.544.04-33.901l22.667-22.667c9.373-9.373 24.569-9.373 33.941 0L285.475 239.03c9.373 9.372 9.373 24.568.001 33.941z\"><\/path><\/svg><\/button><\/div><\/div><div class=\"stk-block-carousel__dots\" role=\"list\" data-label=\"Slide %%d\"><\/div><\/div><\/div>\n<\/div>\n\n\n\n<div class=\"wp-block-column is-layout-flow wp-block-column-is-layout-flow\" style=\"border-style:none;border-width:0px;flex-basis:60%\">\n<p style=\"font-size:16px\"><strong>\u00d6zellikler<\/strong> <\/p>\n\n\n\n<p style=\"font-size:15px\">Bir sistem \u00b7 iki g\u00fc\u00e7 kayna\u011f\u0131 \u00b7 ba\u011f\u0131ms\u0131z kontrol \u00b7 d\u00f6rt \u00e7\u0131k\u0131\u015f.<br>EPHC 400 \u00e7ift kanall\u0131 y\u00fcksek ak\u0131m elektroforez g\u00fc\u00e7 kayna\u011f\u0131, piyasadaki di\u011fer elektroforez g\u00fc\u00e7 kaynaklar\u0131ndan farkl\u0131d\u0131r. A ve B u\u00e7lar\u0131ndan ba\u011f\u0131ms\u0131z olarak kontrol edilen \u00e7\u0131k\u0131\u015f aray\u00fczlerine sahiptir. Ayn\u0131 anda iki farkl\u0131 program\u0131 \u00e7al\u0131\u015ft\u0131rabilir. Bir makine \u00e7ift ama\u00e7l\u0131d\u0131r; ayn\u0131 anda deney yaparken \u00e7at\u0131\u015fmay\u0131 \u00f6nler ve cihaz\u0131n kullan\u0131m oran\u0131n\u0131 art\u0131r\u0131r. \u00c7\u0131k\u0131\u015f ak\u0131m\u0131 3000 mA&#039;ya kadar. \u00dcr\u00fcn, k\u00fc\u00e7\u00fck dikey elektroforez, y\u00fcksek verimli elektroforez ve transfer ihtiya\u00e7lar\u0131n\u0131 kar\u015f\u0131layabilir.<\/p>\n<\/div>\n<\/div>\n\n\n\n<div class=\"wp-block-group\"><div class=\"wp-block-group__inner-container is-layout-constrained wp-block-group-is-layout-constrained\">\n<figure class=\"wp-block-table is-style-stripes\"><table><tbody><tr><td><strong>Model numaras\u0131.<\/strong><\/td><td><strong>EPHC400<\/strong><br><o-anim-typing>\u00c7ift kanal <\/o-anim-typing><br><o-anim-typing>Y\u00fcksek ak\u0131m <\/o-anim-typing><\/td><td><strong>EPHC 200<\/strong><br>Y\u00fcksek ak\u0131m<\/td><td><strong>EPDU 400<\/strong><br><o-anim-typing>\u00c7ift kanal <\/o-anim-typing><br><o-anim-typing>Y\u00fcksek ak\u0131m <\/o-anim-typing><\/td><td><strong>Temel 400<\/strong><br><o-anim-typing>\u00c7ift kanal<\/o-anim-typing><\/td><td><strong>Temel 200<\/strong><\/td><\/tr><tr><td><strong>\u00c7\u0131k\u0131\u015f \u00f6zellikleri<\/strong><\/td><td>300 V, 3000 mA, 350 W (ba\u011f\u0131ms\u0131z \u00e7ift kanal \u00e7\u0131k\u0131\u015f\u0131)<\/td><td>300 V, 3000 mA, 350 W<\/td><td>600 V, 3000 mA, 500 W (ba\u011f\u0131ms\u0131z \u00e7ift kanal \u00e7\u0131k\u0131\u015f\u0131)<\/td><td>300 V, 600 mA, 120 W (ba\u011f\u0131ms\u0131z \u00e7ift kanal \u00e7\u0131k\u0131\u015f\u0131)<\/td><td>300 V, 600 mA, 120 W<\/td><\/tr><tr><td rowspan=\"3\"><strong>\u00c7\u0131k\u0131\u015f aral\u0131\u011f\u0131 (programlanabilir)<\/strong><\/td><td>10~300 V, 1 V&#039;luk art\u0131\u015flarla tamamen ayarlanabilir<\/td><td>10~300 V, 1 V&#039;luk art\u0131\u015flarla tamamen ayarlanabilir<\/td><td>10~600 V, 1 V&#039;luk art\u0131\u015flarla tamamen ayarlanabilir<\/td><td>10~300 V, 1 V&#039;luk art\u0131\u015flarla tamamen ayarlanabilir<\/td><td>10~300 V, 1 V&#039;luk art\u0131\u015flarla tamamen ayarlanabilir<\/td><\/tr><tr><td>10~3000 mA, 1 mA art\u0131\u015flarla tamamen ayarlanabilir<\/td><td>10~3000 mA, 1 mA art\u0131\u015flarla tamamen ayarlanabilir<\/td><td>10~3000 mA, 1 mA art\u0131\u015flarla tamamen ayarlanabilir<\/td><td>10~600 mA, 1 mA art\u0131\u015flarla tamamen ayarlanabilir<\/td><td>10~600 mA, 1 mA art\u0131\u015flarla tamamen ayarlanabilir<\/td><\/tr><tr><td>1~300 W, 1 W&#039;luk art\u0131\u015flarla tamamen ayarlanabilir<\/td><td>1~350 W, 1 W&#039;luk art\u0131\u015flarla tamamen ayarlanabilir<\/td><td>1~500 W, 1 W&#039;luk art\u0131\u015flarla tamamen ayarlanabilir<\/td><td>1~120 W, 1 W&#039;luk art\u0131\u015flarla tamamen ayarlanabilir<\/td><td>1~120 W, 1 W&#039;luk art\u0131\u015flarla tamamen ayarlanabilir<\/td><\/tr><tr><td><strong>\u00c7\u0131k\u0131\u015f t\u00fcr\u00fc<\/strong><\/td><td>Sabit voltaj, sabit ak\u0131m veya sabit g\u00fc\u00e7<\/td><td>Sabit voltaj, sabit ak\u0131m veya sabit g\u00fc\u00e7<\/td><td>Sabit voltaj, sabit ak\u0131m veya sabit g\u00fc\u00e7<\/td><td>Sabit voltaj, sabit ak\u0131m veya sabit g\u00fc\u00e7<\/td><td>Sabit voltaj, sabit ak\u0131m veya sabit g\u00fc\u00e7<\/td><\/tr><tr><td><strong>\u00c7\u0131k\u0131\u015f terminali<\/strong><\/td><td>A ve B iki set ba\u011f\u0131ms\u0131z \u00e7ift g\u00fc\u00e7 \u00e7\u0131k\u0131\u015f\u0131, \u00e7\u0131k\u0131\u015f portlar\u0131 birbirine m\u00fcdahale etmeden ba\u011f\u0131ms\u0131z olarak kontrol edilebilir.<\/td><td>D\u00f6rt \u00e7ift paralel \u00e7\u0131k\u0131\u015f<\/td><td>A ve B iki set ba\u011f\u0131ms\u0131z \u00e7ift g\u00fc\u00e7 \u00e7\u0131k\u0131\u015f\u0131, \u00e7\u0131k\u0131\u015f portlar\u0131 birbirine m\u00fcdahale etmeden ba\u011f\u0131ms\u0131z olarak kontrol edilebilir.<\/td><td>A ve B iki set ba\u011f\u0131ms\u0131z \u00e7ift g\u00fc\u00e7 \u00e7\u0131k\u0131\u015f\u0131, \u00e7\u0131k\u0131\u015f portlar\u0131 birbirine m\u00fcdahale etmeden ba\u011f\u0131ms\u0131z olarak kontrol edilebilir.<\/td><td>D\u00f6rt \u00e7ift paralel \u00e7\u0131k\u0131\u015f<\/td><\/tr><tr><td><strong>Zamanlay\u0131c\u0131 kontrol\u00fc<\/strong><\/td><td>1 dakika ~ 99 saat 59 dakika, tamamen ayarlanabilir<\/td><td>1 dakika ~ 99 saat 59 dakika, tamamen ayarlanabilir<\/td><td>1 dakika ~ 99 saat 59 dakika, tamamen ayarlanabilir<\/td><td>1 dakika ~ 99 saat 59 dakika, tamamen ayarlanabilir<\/td><td>1 dakika ~ 99 saat 59 dakika, tamamen ayarlanabilir<\/td><\/tr><tr><td><strong>Duraklat\/Devam Et i\u015flevi<\/strong><\/td><td>Evet<\/td><td>Evet<\/td><td>Evet<\/td><td>Evet<\/td><td>Evet<\/td><\/tr><tr><td><strong>Programlanabilir y\u00f6ntem<\/strong><\/td><td>Her biri en fazla 3 ad\u0131m i\u00e7eren 5 y\u00f6ntem saklanabilir.<\/td><td>Her biri en fazla 3 ad\u0131m i\u00e7eren 5 y\u00f6ntem saklanabilir.<\/td><td>Her biri en fazla 3 ad\u0131m i\u00e7eren 5 y\u00f6ntem saklanabilir.<\/td><td>Her biri en fazla 3 ad\u0131m i\u00e7eren 5 y\u00f6ntem saklanabilir.<\/td><td>Her biri en fazla 3 ad\u0131m i\u00e7eren 5 y\u00f6ntem saklanabilir.<\/td><\/tr><tr><td><strong>Ger\u00e7ek Zamanl\u0131 Saat<\/strong><\/td><td>Evet<\/td><td>Evet<\/td><td>Evet<\/td><td>Evet<\/td><td>Evet<\/td><\/tr><tr><td><strong>Elektrik kesintisinden sonra otomatik kurtarma<\/strong><\/td><td>Evet<\/td><td>Evet<\/td><td>Evet<\/td><td>Evet<\/td><td>Evet<\/td><\/tr><tr><td><strong>G\u00f6r\u00fcnt\u00fclemek<\/strong><\/td><td>480*320 piksel, <br>LED 3,5\u201d dokunmatik ekran<\/td><td>480*320 piksel, <br>LED 3,5\u201d dokunmatik ekran<\/td><td>480*320 piksel, <br>LED 3,5\u201d dokunmatik ekran<\/td><td>480*320 piksel, <br>LED 3,5\u201d dokunmatik ekran<\/td><td>480*320 piksel, <br>LED 3,5\u201d dokunmatik ekran<\/td><\/tr><tr><td><strong>G\u00fcvenlik \u00f6zellikleri<\/strong><\/td><td>Y\u00fcks\u00fcz alg\u0131lama, y\u00fck mutasyonu alg\u0131lama, toprak ka\u00e7a\u011f\u0131 alg\u0131lama, a\u015f\u0131r\u0131 y\u00fck\/k\u0131sa devre korumas\u0131, a\u015f\u0131r\u0131 gerilim alg\u0131lama, giri\u015f devresi korumas\u0131 ve elektrik kesintisinden sonra otomatik a\u00e7ma<\/td><td>Y\u00fcks\u00fcz alg\u0131lama, y\u00fck mutasyonu alg\u0131lama, toprak ka\u00e7a\u011f\u0131 alg\u0131lama, a\u015f\u0131r\u0131 y\u00fck\/k\u0131sa devre korumas\u0131, a\u015f\u0131r\u0131 gerilim alg\u0131lama, giri\u015f devresi korumas\u0131 ve elektrik kesintisinden sonra otomatik a\u00e7ma<\/td><td>Y\u00fcks\u00fcz alg\u0131lama, y\u00fck mutasyonu alg\u0131lama, toprak ka\u00e7a\u011f\u0131 alg\u0131lama, a\u015f\u0131r\u0131 y\u00fck\/k\u0131sa devre korumas\u0131, a\u015f\u0131r\u0131 gerilim alg\u0131lama, giri\u015f devresi korumas\u0131 ve elektrik kesintisinden sonra otomatik a\u00e7ma<\/td><td>Y\u00fcks\u00fcz alg\u0131lama, y\u00fck mutasyonu alg\u0131lama, toprak ka\u00e7a\u011f\u0131 alg\u0131lama, a\u015f\u0131r\u0131 y\u00fck\/k\u0131sa devre korumas\u0131, a\u015f\u0131r\u0131 gerilim alg\u0131lama, giri\u015f devresi korumas\u0131 ve elektrik kesintisinden sonra otomatik a\u00e7ma<\/td><td>Y\u00fcks\u00fcz alg\u0131lama, y\u00fck mutasyonu alg\u0131lama, toprak ka\u00e7a\u011f\u0131 alg\u0131lama, a\u015f\u0131r\u0131 y\u00fck\/k\u0131sa devre korumas\u0131, a\u015f\u0131r\u0131 gerilim alg\u0131lama, giri\u015f devresi korumas\u0131 ve elektrik kesintisinden sonra otomatik a\u00e7ma<\/td><\/tr><tr><td><strong>Giri\u015f g\u00fcc\u00fc<\/strong><\/td><td>110~250 VAC, 50~60Hz<\/td><td>110~250 VAC, 50~60Hz<\/td><td>110~250 VAC, 50~60Hz<\/td><td>110~250 VAC, 50~60Hz<\/td><td>110~250 VAC, 50~60Hz<\/td><\/tr><tr><td><strong>\u00c7al\u0131\u015fma ko\u015fullar\u0131<\/strong><\/td><td>0~40\u00b0C,0~90% nem, <br>yo\u011funla\u015fmayan<\/td><td>0~40\u00b0C,0~90% nem, <br>yo\u011funla\u015fmayan<\/td><td>0~40\u00b0C, 0~90% nem, <br>yo\u011funla\u015fmayan<\/td><td>0~40\u00b0C,0~90% nem, <br>yo\u011funla\u015fmayan<\/td><td>0~40\u00b0C,0~90% nem, <br>yo\u011funla\u015fmayan<\/td><\/tr><tr><td><strong>Boyut<br>(G*D*Y)<\/strong><\/td><td>344*293*85 mm<\/td><td>344*293*85 mm<\/td><td>344*293*85 mm<\/td><td>344*293*85 mm<\/td><td>344*293*85 mm<\/td><\/tr><tr><td><strong>A\u011f\u0131rl\u0131k&nbsp;<\/strong><\/td><td>4,05 kilo<\/td><td>3,75 kilo<\/td><td>4,05 kilo<\/td><td>4,05 kilo<\/td><td>3,75 kilo<\/td><\/tr><\/tbody><\/table><\/figure>\n<\/div><\/div>\n\n\n\n<figure class=\"wp-block-image\"><img loading=\"lazy\" decoding=\"async\" width=\"895\" height=\"322\" src=\"https:\/\/nebula-b.com\/wp-content\/uploads\/2023\/12\/\u7535\u6e90\u5927\u56fe.webp\" alt=\"elektroforez seti\" class=\"wp-image-327\" srcset=\"http:\/\/nebula-b.com\/wp-content\/uploads\/2023\/12\/\u7535\u6e90\u5927\u56fe.webp 895w, http:\/\/nebula-b.com\/wp-content\/uploads\/2023\/12\/\u7535\u6e90\u5927\u56fe-300x108.webp 300w, http:\/\/nebula-b.com\/wp-content\/uploads\/2023\/12\/\u7535\u6e90\u5927\u56fe-768x276.webp 768w\" sizes=\"auto, (max-width: 895px) 100vw, 895px\" \/><\/figure>","protected":false},"excerpt":{"rendered":"<p>Features One system \u00b7 two power supplies \u00b7 independent control \u00b7 four outputs.EPHC 400 dual channel high current electrophoresis power supply is different from other electrophoresis power supplies in the market. It has output interfaces controlled independently at both ends of A and B. It can run two different programs at the same time. One&hellip;&nbsp;<a href=\"http:\/\/nebula-b.com\/tr\/elektroforez-guc-kaynagi\/\" class=\"\" rel=\"bookmark\">Daha fazlas\u0131n\u0131 oku \u00bb<span class=\"screen-reader-text\">Elektroforez G\u00fc\u00e7 Kaynaklar\u0131<\/span><\/a><\/p>","protected":false},"author":2,"featured_media":0,"parent":0,"menu_order":0,"comment_status":"closed","ping_status":"closed","template":"","meta":{"_uag_custom_page_level_css":"","ub_ctt_via":"","neve_meta_sidebar":"","neve_meta_container":"","neve_meta_enable_content_width":"","neve_meta_content_width":0,"neve_meta_title_alignment":"","neve_meta_author_avatar":"","neve_post_elements_order":"","neve_meta_disable_header":"","neve_meta_disable_footer":"","neve_meta_disable_title":"","_themeisle_gutenberg_block_has_review":false,"footnotes":""},"class_list":["post-259","page","type-page","status-publish","hentry"],"featured_image_src":null,"uagb_featured_image_src":{"full":false,"thumbnail":false,"medium":false,"medium_large":false,"large":false,"1536x1536":false,"2048x2048":false,"trp-custom-language-flag":false,"neve-blog":false},"uagb_author_info":{"display_name":"liu, stacey","author_link":"http:\/\/nebula-b.com\/tr\/author\/stacey\/"},"uagb_comment_info":0,"uagb_excerpt":"Features One system \u00b7 two power supplies \u00b7 independent control \u00b7 four outputs.EPHC 400 dual channel high current electrophoresis power supply is different from other electrophoresis power supplies in the market. It has output interfaces controlled independently at both ends of A and B. It can run two different programs at the same time. One&hellip;&nbsp;Daha&hellip;","_links":{"self":[{"href":"http:\/\/nebula-b.com\/tr\/wp-json\/wp\/v2\/pages\/259","targetHints":{"allow":["GET"]}}],"collection":[{"href":"http:\/\/nebula-b.com\/tr\/wp-json\/wp\/v2\/pages"}],"about":[{"href":"http:\/\/nebula-b.com\/tr\/wp-json\/wp\/v2\/types\/page"}],"author":[{"embeddable":true,"href":"http:\/\/nebula-b.com\/tr\/wp-json\/wp\/v2\/users\/2"}],"replies":[{"embeddable":true,"href":"http:\/\/nebula-b.com\/tr\/wp-json\/wp\/v2\/comments?post=259"}],"version-history":[{"count":4,"href":"http:\/\/nebula-b.com\/tr\/wp-json\/wp\/v2\/pages\/259\/revisions"}],"predecessor-version":[{"id":2048,"href":"http:\/\/nebula-b.com\/tr\/wp-json\/wp\/v2\/pages\/259\/revisions\/2048"}],"wp:attachment":[{"href":"http:\/\/nebula-b.com\/tr\/wp-json\/wp\/v2\/media?parent=259"}],"curies":[{"name":"wp","href":"https:\/\/api.w.org\/{rel}","templated":true}]}}