{"id":233,"date":"2023-12-26T14:57:27","date_gmt":"2023-12-26T06:57:27","guid":{"rendered":"https:\/\/wp.kxwar.com\/?page_id=233"},"modified":"2024-06-21T16:08:09","modified_gmt":"2024-06-21T08:08:09","slug":"wb-imaging-system","status":"publish","type":"page","link":"http:\/\/nebula-b.com\/tr\/wb-goruntuleme-sistemi\/","title":{"rendered":"G\u00f6r\u00fcnt\u00fcleme Sistemleri"},"content":{"rendered":"<div class=\"wp-block-uagb-container uagb-block-6d995448 alignwide uagb-is-root-container\">\n<div class=\"wp-block-uagb-container uagb-block-ecec150a\">\n<div class=\"wp-block-uagb-container uagb-block-58bae0b6\">\n<div class=\"wp-block-uagb-container uagb-block-308357bd\">\n<figure class=\"wp-block-image size-full is-resized has-custom-border\"><img loading=\"lazy\" decoding=\"async\" width=\"400\" height=\"400\" src=\"https:\/\/nebula-b.com\/wp-content\/uploads\/2024\/04\/gel-documentation.png\" alt=\"gel-doc\" class=\"wp-image-1999\" style=\"border-radius:0px;width:175px;height:auto\" srcset=\"http:\/\/nebula-b.com\/wp-content\/uploads\/2024\/04\/gel-documentation.png 400w, http:\/\/nebula-b.com\/wp-content\/uploads\/2024\/04\/gel-documentation-300x300.png 300w, http:\/\/nebula-b.com\/wp-content\/uploads\/2024\/04\/gel-documentation-150x150.png 150w, http:\/\/nebula-b.com\/wp-content\/uploads\/2024\/04\/gel-documentation-12x12.png 12w\" sizes=\"auto, (max-width: 400px) 100vw, 400px\" \/><\/figure>\n<\/div>\n\n\n\n<p><strong>Jel Dok\u00fcmantasyon G\u00f6r\u00fcnt\u00fcleme Sistemleri<\/strong><\/p>\n\n\n\n<p>Ekranl\u0131 veya ekrans\u0131z jel dok\u00fcmantasyon g\u00f6r\u00fcnt\u00fcleme sistemleri kullan\u0131c\u0131lara daha fazla se\u00e7enek sunar<\/p>\n<\/div>\n\n\n\n<div class=\"wp-block-buttons is-vertical is-content-justification-left is-nowrap is-layout-flex wp-container-core-buttons-is-layout-5116c29d wp-block-buttons-is-layout-flex\">\n<div class=\"wp-block-button\"><a class=\"wp-block-button__link has-nv-site-bg-color has-neve-link-color-background-color has-text-color has-background has-link-color wp-element-button\" href=\"http:\/\/nebula-b.com\/tr\/jel-dokumantasyon-goruntuleme-sistemleri\/\">Daha fazla bilgi edin<\/a><\/div>\n<\/div>\n<\/div>\n\n\n\n<div class=\"wp-block-uagb-container uagb-block-3ebfd03f\">\n<div class=\"wp-block-uagb-container uagb-block-07daf196\">\n<div class=\"wp-block-uagb-container uagb-block-7162b84b\">\n<figure class=\"wp-block-image size-full is-resized\"><img loading=\"lazy\" decoding=\"async\" width=\"425\" height=\"425\" src=\"https:\/\/nebula-b.com\/wp-content\/uploads\/2024\/04\/\u526a\u88c1\u51dd\u80f6.png\" alt=\"G\u00f6r\u00fcnt\u00fcleme Sistemleri\" class=\"wp-image-1954\" style=\"width:168px;height:auto\" srcset=\"http:\/\/nebula-b.com\/wp-content\/uploads\/2024\/04\/\u526a\u88c1\u51dd\u80f6.png 425w, http:\/\/nebula-b.com\/wp-content\/uploads\/2024\/04\/\u526a\u88c1\u51dd\u80f6-300x300.png 300w, http:\/\/nebula-b.com\/wp-content\/uploads\/2024\/04\/\u526a\u88c1\u51dd\u80f6-150x150.png 150w, http:\/\/nebula-b.com\/wp-content\/uploads\/2024\/04\/\u526a\u88c1\u51dd\u80f6-12x12.png 12w\" sizes=\"auto, (max-width: 425px) 100vw, 425px\" \/><\/figure>\n<\/div>\n\n\n\n<p><strong>\u00c7ok Fonksiyonlu Floresan\/Kemil\u00fcminesans G\u00f6r\u00fcnt\u00fcleme Sistemleri<\/strong><\/p>\n\n\n\n<p>Ekranl\u0131 veya ekrans\u0131z \u00e7ok i\u015flevli floresans\/hemil\u00fcminesans g\u00f6r\u00fcnt\u00fcleme sistemleri kullan\u0131c\u0131lara daha fazla se\u00e7enek sunar.<\/p>\n<\/div>\n\n\n\n<div class=\"wp-block-buttons is-layout-flex wp-block-buttons-is-layout-flex\">\n<div class=\"wp-block-button\"><a class=\"wp-block-button__link has-nv-site-bg-color has-neve-link-color-background-color has-text-color has-background has-link-color wp-element-button\" href=\"http:\/\/nebula-b.com\/tr\/kemiluminesans-goruntuleme-sistemleri\/\">Daha fazla bilgi edin<\/a><\/div>\n<\/div>\n<\/div>\n\n\n\n<div class=\"wp-block-uagb-container uagb-block-d4b91816\">\n<div class=\"wp-block-uagb-container uagb-block-37b58f91\">\n<div class=\"wp-block-uagb-container uagb-block-b03c4037\"><div class=\"wp-block-image\">\n<figure class=\"aligncenter size-full is-resized\"><img loading=\"lazy\" decoding=\"async\" width=\"329\" height=\"506\" src=\"https:\/\/nebula-b.com\/wp-content\/uploads\/2024\/04\/\u6d3b\u4f53N-removebg-preview.png\" alt=\"G\u00f6r\u00fcnt\u00fcleme Sistemleri\" class=\"wp-image-1956\" style=\"width:113px;height:auto\" srcset=\"http:\/\/nebula-b.com\/wp-content\/uploads\/2024\/04\/\u6d3b\u4f53N-removebg-preview.png 329w, http:\/\/nebula-b.com\/wp-content\/uploads\/2024\/04\/\u6d3b\u4f53N-removebg-preview-195x300.png 195w, http:\/\/nebula-b.com\/wp-content\/uploads\/2024\/04\/\u6d3b\u4f53N-removebg-preview-8x12.png 8w\" sizes=\"auto, (max-width: 329px) 100vw, 329px\" \/><\/figure><\/div><\/div>\n\n\n\n<p><strong><strong>Multimodal K\u00fc\u00e7\u00fck Hayvan \u0130n Vivo G\u00f6r\u00fcnt\u00fcleme Sistemi<\/strong><\/strong><\/p>\n\n\n\n<p>Biyol\u00fcminesans tespiti ve k\u00fc\u00e7\u00fck hayvan lusiferaz tespiti ve floresans tespiti i\u00e7in kullan\u0131l\u0131r: CY2CY3|CY5|CY5.5ICY7|FITC|Alexa serisi IRDye680lIRDye780, vb.; kemil\u00fcminesans tespiti: WesternLightningqlECLIECL Plus, vb.<\/p>\n<\/div>\n\n\n\n<div class=\"wp-block-buttons is-layout-flex wp-block-buttons-is-layout-flex\">\n<div class=\"wp-block-button\"><a class=\"wp-block-button__link has-nv-site-bg-color has-neve-link-color-background-color has-text-color has-background has-link-color wp-element-button\" href=\"http:\/\/nebula-b.com\/tr\/kucuk-hayvan-in-vivo-goruntuleme\/\">Daha fazla bilgi edin<\/a><\/div>\n<\/div>\n<\/div>\n\n\n\n<div class=\"wp-block-uagb-container uagb-block-47030657\">\n<div class=\"wp-block-uagb-container uagb-block-565869fb\">\n<div class=\"wp-block-uagb-container uagb-block-91034424\">\n<figure class=\"wp-block-image size-full is-resized\"><img loading=\"lazy\" decoding=\"async\" width=\"400\" height=\"400\" src=\"https:\/\/nebula-b.com\/wp-content\/uploads\/2024\/04\/\u526a\u88c1UV.png\" alt=\"G\u00f6r\u00fcnt\u00fcleme Sistemleri\" class=\"wp-image-1955\" style=\"width:165px;height:auto\" srcset=\"http:\/\/nebula-b.com\/wp-content\/uploads\/2024\/04\/\u526a\u88c1UV.png 400w, http:\/\/nebula-b.com\/wp-content\/uploads\/2024\/04\/\u526a\u88c1UV-300x300.png 300w, http:\/\/nebula-b.com\/wp-content\/uploads\/2024\/04\/\u526a\u88c1UV-150x150.png 150w, http:\/\/nebula-b.com\/wp-content\/uploads\/2024\/04\/\u526a\u88c1UV-12x12.png 12w\" sizes=\"auto, (max-width: 400px) 100vw, 400px\" \/><\/figure>\n<\/div>\n\n\n\n<p><strong>Transl\u00fcminat\u00f6rler<\/strong><\/p>\n\n\n\n<p>Masa\u00fcst\u00fc UV transill\u00fcminat\u00f6rler, ta\u015f\u0131nabilir UV transill\u00fcminat\u00f6rler ve mavi \u0131\u015f\u0131k transill\u00fcminat\u00f6rler.<\/p>\n<\/div>\n\n\n\n<div class=\"wp-block-buttons is-layout-flex wp-block-buttons-is-layout-flex\">\n<div class=\"wp-block-button\"><a class=\"wp-block-button__link has-nv-site-bg-color has-neve-link-color-background-color has-text-color has-background has-link-color wp-element-button\" href=\"http:\/\/nebula-b.com\/tr\/transluminatorler\/\">Daha fazla bilgi edin<\/a><\/div>\n<\/div>\n<\/div>\n<\/div>","protected":false},"excerpt":{"rendered":"<p>Gel Documentation Imaging Systems Gel documentation imaging systems with or without screens provides users more options Multifunctional Fluorescence\/Chemiluminescence Imaging Systems Multifunctional fluorescence\/hemiluminescence imaging systems with or without screens provides users more options. Multimodal Small Animal In Vivo Imaging System Used for bioluminescence detection and small animal luciferase detection, and fluorescence detection: CY2CY3|CY5|CY5.5ICY7|FITC|Alexa series IRDye680lIRDye780, etc.;&hellip;&nbsp;<a href=\"http:\/\/nebula-b.com\/tr\/wb-goruntuleme-sistemi\/\" class=\"\" rel=\"bookmark\">Daha fazlas\u0131n\u0131 oku \u00bb<span class=\"screen-reader-text\">G\u00f6r\u00fcnt\u00fcleme Sistemleri<\/span><\/a><\/p>","protected":false},"author":1,"featured_media":0,"parent":0,"menu_order":0,"comment_status":"closed","ping_status":"closed","template":"","meta":{"_uag_custom_page_level_css":"","ub_ctt_via":"","neve_meta_sidebar":"","neve_meta_container":"","neve_meta_enable_content_width":"","neve_meta_content_width":0,"neve_meta_title_alignment":"","neve_meta_author_avatar":"","neve_post_elements_order":"","neve_meta_disable_header":"","neve_meta_disable_footer":"","neve_meta_disable_title":"","_themeisle_gutenberg_block_has_review":false,"footnotes":""},"class_list":["post-233","page","type-page","status-publish","hentry"],"featured_image_src":null,"uagb_featured_image_src":{"full":false,"thumbnail":false,"medium":false,"medium_large":false,"large":false,"1536x1536":false,"2048x2048":false,"trp-custom-language-flag":false,"neve-blog":false},"uagb_author_info":{"display_name":"admin","author_link":"http:\/\/nebula-b.com\/tr\/author\/admin\/"},"uagb_comment_info":0,"uagb_excerpt":"Gel Documentation Imaging Systems Gel documentation imaging systems with or without screens provides users more options Multifunctional Fluorescence\/Chemiluminescence Imaging Systems Multifunctional fluorescence\/hemiluminescence imaging systems with or without screens provides users more options. Multimodal Small Animal In Vivo Imaging System Used for bioluminescence detection and small animal luciferase detection, and fluorescence detection: CY2CY3|CY5|CY5.5ICY7|FITC|Alexa series IRDye680lIRDye780, etc.;&hellip;&nbsp;Daha&hellip;","_links":{"self":[{"href":"http:\/\/nebula-b.com\/tr\/wp-json\/wp\/v2\/pages\/233","targetHints":{"allow":["GET"]}}],"collection":[{"href":"http:\/\/nebula-b.com\/tr\/wp-json\/wp\/v2\/pages"}],"about":[{"href":"http:\/\/nebula-b.com\/tr\/wp-json\/wp\/v2\/types\/page"}],"author":[{"embeddable":true,"href":"http:\/\/nebula-b.com\/tr\/wp-json\/wp\/v2\/users\/1"}],"replies":[{"embeddable":true,"href":"http:\/\/nebula-b.com\/tr\/wp-json\/wp\/v2\/comments?post=233"}],"version-history":[{"count":1,"href":"http:\/\/nebula-b.com\/tr\/wp-json\/wp\/v2\/pages\/233\/revisions"}],"predecessor-version":[{"id":2377,"href":"http:\/\/nebula-b.com\/tr\/wp-json\/wp\/v2\/pages\/233\/revisions\/2377"}],"wp:attachment":[{"href":"http:\/\/nebula-b.com\/tr\/wp-json\/wp\/v2\/media?parent=233"}],"curies":[{"name":"wp","href":"https:\/\/api.w.org\/{rel}","templated":true}]}}