{"id":2300,"date":"2024-05-15T17:55:07","date_gmt":"2024-05-15T09:55:07","guid":{"rendered":"https:\/\/nebula-b.com\/?page_id=2300"},"modified":"2024-05-15T18:32:13","modified_gmt":"2024-05-15T10:32:13","slug":"micro-spectrophotometer","status":"publish","type":"page","link":"http:\/\/nebula-b.com\/tr\/mikro-spektrofotometre\/","title":{"rendered":"Mikro Spektrofotometre"},"content":{"rendered":"<div class=\"wp-block-columns has-small-font-size is-layout-flex wp-container-core-columns-is-layout-b934f1a7 wp-block-columns-is-layout-flex\" style=\"border-style:none;border-width:0px;border-radius:0px;padding-top:0;padding-right:var(--wp--preset--spacing--20);padding-bottom:0;padding-left:var(--wp--preset--spacing--20)\">\n<div class=\"wp-block-column is-layout-flow wp-block-column-is-layout-flow\" style=\"flex-basis:40%\">\n<div class=\"wp-block-stackable-carousel stk-block-carousel stk--is-slide stk--arrows-justify-space-between stk--arrows-align-center stk-block stk-9336aea\" data-slides-to-show=\"\" data-block-id=\"9336aea\"><div class=\"stk-block-carousel__content-wrapper\"><div class=\"stk-row stk-inner-blocks stk-block-content stk-block-carousel__slider-wrapper stk-content-align stk-9336aea-column\"><div class=\"stk-block-carousel__slider\" role=\"list\" data-autoplay=\"4000\" data-label-slide-of=\"Slide %%d of %%d\">\n<div class=\"wp-block-stackable-column stk-block-column stk-column stk-block stk-e7af2ca\" data-v=\"4\" data-block-id=\"e7af2ca\"><style>.stk-e7af2ca{align-self:center !important}<\/style><div class=\"stk-column-wrapper stk-block-column__content stk-container stk-e7af2ca-container stk--no-background stk--no-padding\"><div class=\"stk-block-content stk-inner-blocks stk-e7af2ca-inner-blocks\">\n<div class=\"wp-block-stackable-image stk-block-image stk-block stk-d699d7e\" data-block-id=\"d699d7e\"><figure><span class=\"stk-img-wrapper stk-image--shape-stretch\"><img loading=\"lazy\" decoding=\"async\" class=\"stk-img wp-image-2301\" src=\"https:\/\/nebula-b.com\/wp-content\/uploads\/2024\/05\/1-1.png\" width=\"663\" height=\"469\" alt=\"elektroforez tank\u0131\" srcset=\"http:\/\/nebula-b.com\/wp-content\/uploads\/2024\/05\/1-1.png 663w, http:\/\/nebula-b.com\/wp-content\/uploads\/2024\/05\/1-1-256x181.png 256w, http:\/\/nebula-b.com\/wp-content\/uploads\/2024\/05\/1-1-18x12.png 18w\" sizes=\"auto, (max-width: 663px) 100vw, 663px\" \/><\/span><\/figure><\/div>\n<\/div><\/div><\/div>\n\n\n\n<div class=\"wp-block-stackable-column stk-block-column stk-column stk-block stk-46359ed\" data-v=\"4\" data-block-id=\"46359ed\"><style>.stk-46359ed{align-self:center !important}<\/style><div class=\"stk-column-wrapper stk-block-column__content stk-container stk-46359ed-container stk--no-background stk--no-padding\"><div class=\"stk-block-content stk-inner-blocks stk-46359ed-inner-blocks\">\n<div class=\"wp-block-stackable-image stk-block-image stk-block stk-92800c8\" data-block-id=\"92800c8\"><figure><span class=\"stk-img-wrapper stk-image--shape-stretch\"><img loading=\"lazy\" decoding=\"async\" class=\"stk-img wp-image-2310\" src=\"https:\/\/nebula-b.com\/wp-content\/uploads\/2024\/05\/2-1.png\" width=\"805\" height=\"713\" alt=\"otomatik spektrofotometre\" srcset=\"http:\/\/nebula-b.com\/wp-content\/uploads\/2024\/05\/2-1.png 805w, http:\/\/nebula-b.com\/wp-content\/uploads\/2024\/05\/2-1-256x227.png 256w, http:\/\/nebula-b.com\/wp-content\/uploads\/2024\/05\/2-1-768x680.png 768w, http:\/\/nebula-b.com\/wp-content\/uploads\/2024\/05\/2-1-14x12.png 14w\" sizes=\"auto, (max-width: 805px) 100vw, 805px\" \/><\/span><\/figure><\/div>\n<\/div><\/div><\/div>\n<\/div><div class=\"stk-block-carousel__buttons\"><button class=\"stk-block-carousel__button stk-block-carousel__button__prev\" aria-label=\"Bir onceki slayt\"><svg aria-hidden=\"true\" focusable=\"false\" data-prefix=\"fas\" data-icon=\"chevron-left\" class=\"svg-inline--fa fa-chevron-left\" xmlns=\"http:\/\/www.w3.org\/2000\/svg\" viewbox=\"0 0 320 512\" width=\"32\" height=\"32\"><path d=\"M34.52 239.03L228.87 44.69c9.37-9.37 24.57-9.37 33.94 0l22.67 22.67c9.36 9.36 9.37 24.52.04 33.9L131.49 256l154.02 154.75c9.34 9.38 9.32 24.54-.04 33.9l-22.67 22.67c-9.37 9.37-24.57 9.37-33.94 0L34.52 272.97c-9.37-9.37-9.37-24.57 0-33.94z\"><\/path><\/svg><\/button><button class=\"stk-block-carousel__button stk-block-carousel__button__next\" aria-label=\"Sonraki slayt\"><svg aria-hidden=\"true\" focusable=\"false\" data-prefix=\"fas\" data-icon=\"chevron-right\" class=\"svg-inline--fa fa-chevron-right\" xmlns=\"http:\/\/www.w3.org\/2000\/svg\" viewbox=\"0 0 320 512\" width=\"32\" height=\"32\"><path d=\"M285.476 272.971L91.132 467.314c-9.373 9.373-24.569 9.373-33.941 0l-22.667-22.667c-9.357-9.357-9.375-24.522-.04-33.901L188.505 256 34.484 101.255c-9.335-9.379-9.317-24.544.04-33.901l22.667-22.667c9.373-9.373 24.569-9.373 33.941 0L285.475 239.03c9.373 9.372 9.373 24.568.001 33.941z\"><\/path><\/svg><\/button><\/div><\/div><div class=\"stk-block-carousel__dots\" role=\"list\" data-label=\"Slide %%d\"><\/div><\/div><\/div>\n<\/div>\n\n\n\n<div class=\"wp-block-column is-layout-flow wp-block-column-is-layout-flow\" style=\"border-style:none;border-width:0px;flex-basis:60%\">\n<p style=\"font-size:16px\"><strong>\u00d6zellikler<\/strong> <\/p>\n\n\n\n<p style=\"font-size:15px\">\u2727 Dostu Android i\u015fletim sistemi, 7 in\u00e7 dokunmatik ekran;<br>\u2727 Bakteri\/mikrop konsantrasyonu testi i\u00e7in k\u00fcvet yuvas\u0131 mevcuttur;<br>\u2727 Yaln\u0131zca 0,5 ~ 2\u03bcl numune hacmi talep edilir; testten sonra geri d\u00f6n\u00fc\u015ft\u00fcr\u00fclebilir, de\u011ferli numuneler i\u00e7in idealdir;<br>\u2727 Seyreltmeden \u00f6l\u00e7\u00fcm yap\u0131n, test sonucunu g\u00f6r\u00fcnt\u00fcleyin ve kolayca okuyun;<br>\u2727 Uzun \u00f6m\u00fcrl\u00fc Xenon fla\u015f lambas\u0131;<br>\u2727 Analiz i\u00e7in g\u00fcvenilir ve h\u0131zl\u0131 veri USB \u00e7\u0131k\u0131\u015f\u0131.\uff1b<br>\u2727 \u00d6l\u00e7\u00fcm ve veri depolama i\u00e7in bilgisayara gerek yoktur;<br>\u2727 Resim ve excel tablosu \u00e7\u0131kt\u0131s\u0131 al\u0131nabilir.<\/p>\n<\/div>\n<\/div>\n\n\n\n<p><strong>Uygulamalar:<\/strong><\/p>\n\n\n\n<p>N\u00fckleik asitlerin miktar tayini;<br>Proteinlerin miktar tayini;<br>Bakteriyel b\u00fcy\u00fcme konsantrasyonlar\u0131n\u0131n \u00f6l\u00e7\u00fclmesi.<\/p>\n\n\n\n<p><strong>Parametreler:<\/strong><\/p>\n\n\n\n<figure class=\"wp-block-table is-style-stripes\"><table class=\"has-fixed-layout\"><tbody><tr><td>Model numaras\u0131. <\/td><td>Q-3000<\/td><\/tr><tr><td>Dalgaboyu <\/td><td>200~800nm; k\u00fcvet (OD600): 600\u00b18nm<\/td><\/tr><tr><td>\u00d6rnek hacim <\/td><td>0,5 ~ 2,0 ul<\/td><\/tr><tr><td>Yol uzunlu\u011fu <\/td><td>0,05 mm; 0,2 mm; 1,0 mm<\/td><\/tr><tr><td>Dedekt\u00f6r <\/td><td>2048 elemanl\u0131 do\u011frusal silikon CCD dizisi<\/td><\/tr><tr><td>Dalga boyu do\u011frulu\u011fu <\/td><td>\u00b11nm<\/td><\/tr><tr><td>Spektral \u00e7\u00f6z\u00fcn\u00fcrl\u00fck<\/td><td> \u2264 3 nm (Hg 546 nm&#039;de FWHM)<\/td><\/tr><tr><td>Absorbans hassasiyeti<\/td><td>0,003ABS<\/td><\/tr><tr><td>Absorbans do\u011frulu\u011fu <\/td><td>\u00b11%\uff08260 nm&#039;de 7.332 ABS)<\/td><\/tr><tr><td>Absorbans aral\u0131\u011f\u0131 (10 mm&#039;ye e\u015fit) <\/td><td>0.02-300A; K\u00fcvet (OD600): 0~12A<\/td><\/tr><tr><td>\u00d6l\u00e7\u00fcm s\u00fcresi <\/td><td>&lt; 6S<\/td><\/tr><tr><td>N\u00fckleik asit aral\u0131\u011f\u0131<\/td><td> 2~15000ng\/ul(dsDNA)<\/td><\/tr><tr><td>\u00d6rnek kaide <\/td><td>304 Paslanmaz \u00e7elik ve Kuvars elyaf<\/td><\/tr><tr><td>\u0130\u015fletim sistemi <\/td><td>Android<\/td><\/tr><tr><td>D\u0131\u015f boyut <\/td><td>270*210*196mm<\/td><\/tr><tr><td>A\u011f\u0131rl\u0131k <\/td><td>3,5 kg<\/td><\/tr><\/tbody><\/table><\/figure>","protected":false},"excerpt":{"rendered":"<p>Features \u2727 Friendly Android operation system, 7-inch touched screen\uff1b\u2727 Cuvette slot available for bacteria\/microbe concentration test\uff1b\u2727 Only 0.5 \uff5e 2\u03bcl sample volume requested, which can be recycled after test, ideal for precious samples\uff1b\u2727 Measurement without dilution, test result display and read easily\uff1b\u2727 Long life\u2019s Xenon flash lamp\uff1b\u2727 Reliable and quick data USB output for analysis.\uff1b\u2727&hellip;&nbsp;<a href=\"http:\/\/nebula-b.com\/tr\/mikro-spektrofotometre\/\" class=\"\" rel=\"bookmark\">Daha fazlas\u0131n\u0131 oku \u00bb<span class=\"screen-reader-text\">Mikro Spektrofotometre<\/span><\/a><\/p>","protected":false},"author":2,"featured_media":0,"parent":0,"menu_order":0,"comment_status":"closed","ping_status":"closed","template":"","meta":{"_uag_custom_page_level_css":"","ub_ctt_via":"","neve_meta_sidebar":"","neve_meta_container":"","neve_meta_enable_content_width":"","neve_meta_content_width":0,"neve_meta_title_alignment":"","neve_meta_author_avatar":"","neve_post_elements_order":"","neve_meta_disable_header":"","neve_meta_disable_footer":"","neve_meta_disable_title":"","_themeisle_gutenberg_block_has_review":false,"footnotes":""},"class_list":["post-2300","page","type-page","status-publish","hentry"],"featured_image_src":null,"uagb_featured_image_src":{"full":false,"thumbnail":false,"medium":false,"medium_large":false,"large":false,"1536x1536":false,"2048x2048":false,"trp-custom-language-flag":false,"neve-blog":false},"uagb_author_info":{"display_name":"liu, stacey","author_link":"http:\/\/nebula-b.com\/tr\/author\/stacey\/"},"uagb_comment_info":0,"uagb_excerpt":"Features \u2727 Friendly Android operation system, 7-inch touched screen\uff1b\u2727 Cuvette slot available for bacteria\/microbe concentration test\uff1b\u2727 Only 0.5 \uff5e 2\u03bcl sample volume requested, which can be recycled after test, ideal for precious samples\uff1b\u2727 Measurement without dilution, test result display and read easily\uff1b\u2727 Long life\u2019s Xenon flash lamp\uff1b\u2727 Reliable and quick data USB output for analysis.\uff1b\u2727&hellip;&nbsp;Daha&hellip;","_links":{"self":[{"href":"http:\/\/nebula-b.com\/tr\/wp-json\/wp\/v2\/pages\/2300","targetHints":{"allow":["GET"]}}],"collection":[{"href":"http:\/\/nebula-b.com\/tr\/wp-json\/wp\/v2\/pages"}],"about":[{"href":"http:\/\/nebula-b.com\/tr\/wp-json\/wp\/v2\/types\/page"}],"author":[{"embeddable":true,"href":"http:\/\/nebula-b.com\/tr\/wp-json\/wp\/v2\/users\/2"}],"replies":[{"embeddable":true,"href":"http:\/\/nebula-b.com\/tr\/wp-json\/wp\/v2\/comments?post=2300"}],"version-history":[{"count":1,"href":"http:\/\/nebula-b.com\/tr\/wp-json\/wp\/v2\/pages\/2300\/revisions"}],"predecessor-version":[{"id":2313,"href":"http:\/\/nebula-b.com\/tr\/wp-json\/wp\/v2\/pages\/2300\/revisions\/2313"}],"wp:attachment":[{"href":"http:\/\/nebula-b.com\/tr\/wp-json\/wp\/v2\/media?parent=2300"}],"curies":[{"name":"wp","href":"https:\/\/api.w.org\/{rel}","templated":true}]}}