{"id":230,"date":"2023-12-26T14:56:41","date_gmt":"2023-12-26T06:56:41","guid":{"rendered":"https:\/\/wp.kxwar.com\/?page_id=230"},"modified":"2024-04-18T14:03:57","modified_gmt":"2024-04-18T06:03:57","slug":"electrophoresis-apparatus","status":"publish","type":"page","link":"http:\/\/nebula-b.com\/tr\/elektroforez-aparati\/","title":{"rendered":"Elektroforez ve Kurutma"},"content":{"rendered":"<div class=\"wp-block-uagb-container uagb-block-6d995448 alignwide uagb-is-root-container\">\n<div class=\"wp-block-uagb-container uagb-block-3ebfd03f\">\n<div class=\"wp-block-uagb-container uagb-block-07daf196\">\n<div class=\"wp-block-uagb-container uagb-block-7162b84b\">\n<figure class=\"wp-block-image size-large\"><img loading=\"lazy\" decoding=\"async\" width=\"1024\" height=\"630\" src=\"https:\/\/nebula-b.com\/wp-content\/uploads\/2023\/12\/EPDU\u7535\u6e90-1024x630.png\" alt=\"elektroforez g\u00fc\u00e7 kayna\u011f\u0131\" class=\"wp-image-244\" srcset=\"http:\/\/nebula-b.com\/wp-content\/uploads\/2023\/12\/EPDU\u7535\u6e90-1024x630.png 1024w, http:\/\/nebula-b.com\/wp-content\/uploads\/2023\/12\/EPDU\u7535\u6e90-300x185.png 300w, http:\/\/nebula-b.com\/wp-content\/uploads\/2023\/12\/EPDU\u7535\u6e90-768x472.png 768w, http:\/\/nebula-b.com\/wp-content\/uploads\/2023\/12\/EPDU\u7535\u6e90-1536x945.png 1536w, http:\/\/nebula-b.com\/wp-content\/uploads\/2023\/12\/EPDU\u7535\u6e90.png 1697w\" sizes=\"auto, (max-width: 1024px) 100vw, 1024px\" \/><\/figure>\n<\/div>\n\n\n\n<p><strong>Elektroforez G\u00fc\u00e7 Kaynaklar\u0131<\/strong><\/p>\n\n\n\n<p>Temel g\u00fc\u00e7 kaynaklar\u0131, y\u00fcksek ak\u0131m g\u00fc\u00e7 kaynaklar\u0131 ve \u00e7ift kanall\u0131 g\u00fc\u00e7 kaynaklar\u0131.<\/p>\n<\/div>\n\n\n\n<div class=\"wp-block-buttons is-layout-flex wp-block-buttons-is-layout-flex\">\n<div class=\"wp-block-button\"><a class=\"wp-block-button__link has-nv-site-bg-color has-neve-link-color-background-color has-text-color has-background has-link-color wp-element-button\" href=\"http:\/\/nebula-b.com\/tr\/elektroforez-guc-kaynagi\/\">Daha fazla bilgi edin<\/a><\/div>\n<\/div>\n<\/div>\n\n\n\n<div class=\"wp-block-uagb-container uagb-block-ecec150a\">\n<div class=\"wp-block-uagb-container uagb-block-58bae0b6\">\n<div class=\"wp-block-uagb-container uagb-block-308357bd\">\n<figure class=\"wp-block-image size-large has-custom-border\"><img loading=\"lazy\" decoding=\"async\" width=\"1024\" height=\"480\" src=\"https:\/\/nebula-b.com\/wp-content\/uploads\/2023\/12\/NES-mini\u5bbd\u578b\u7535\u6cf3-1024x480.png\" alt=\"Elektroforez ve Kurutma\" class=\"wp-image-248\" style=\"border-radius:0px\" srcset=\"http:\/\/nebula-b.com\/wp-content\/uploads\/2023\/12\/NES-mini\u5bbd\u578b\u7535\u6cf3-1024x480.png 1024w, http:\/\/nebula-b.com\/wp-content\/uploads\/2023\/12\/NES-mini\u5bbd\u578b\u7535\u6cf3-300x140.png 300w, http:\/\/nebula-b.com\/wp-content\/uploads\/2023\/12\/NES-mini\u5bbd\u578b\u7535\u6cf3-768x360.png 768w, http:\/\/nebula-b.com\/wp-content\/uploads\/2023\/12\/NES-mini\u5bbd\u578b\u7535\u6cf3-1536x719.png 1536w, http:\/\/nebula-b.com\/wp-content\/uploads\/2023\/12\/NES-mini\u5bbd\u578b\u7535\u6cf3.png 1815w\" sizes=\"auto, (max-width: 1024px) 100vw, 1024px\" \/><\/figure>\n<\/div>\n\n\n\n<p><strong>Yatay Elektroforez Sistemleri<\/strong><\/p>\n\n\n\n<p>Geni\u015f, b\u00fcy\u00fck ve mini yatay elektroforez sistemleri.<\/p>\n<\/div>\n\n\n\n<div class=\"wp-block-buttons is-vertical is-content-justification-left is-nowrap is-layout-flex wp-container-core-buttons-is-layout-5116c29d wp-block-buttons-is-layout-flex\">\n<div class=\"wp-block-button\"><a class=\"wp-block-button__link has-nv-site-bg-color has-neve-link-color-background-color has-text-color has-background has-link-color wp-element-button\" href=\"http:\/\/nebula-b.com\/tr\/yatay-elektroforez-sistemleri\/\">Daha fazla bilgi edin<\/a><\/div>\n<\/div>\n<\/div>\n\n\n\n<div class=\"wp-block-uagb-container uagb-block-47030657\">\n<div class=\"wp-block-uagb-container uagb-block-565869fb\">\n<div class=\"wp-block-uagb-container uagb-block-91034424\">\n<figure class=\"wp-block-image size-large is-resized\"><img loading=\"lazy\" decoding=\"async\" width=\"1024\" height=\"724\" src=\"https:\/\/nebula-b.com\/wp-content\/uploads\/2024\/01\/PES-5-set-scaled-1-1024x724.jpg\" alt=\"dikey elektroforez h\u00fccresi\" class=\"wp-image-343\" style=\"width:218px;height:auto\" srcset=\"http:\/\/nebula-b.com\/wp-content\/uploads\/2024\/01\/PES-5-set-scaled-1-1024x724.jpg 1024w, http:\/\/nebula-b.com\/wp-content\/uploads\/2024\/01\/PES-5-set-scaled-1-300x212.jpg 300w, http:\/\/nebula-b.com\/wp-content\/uploads\/2024\/01\/PES-5-set-scaled-1-768x543.jpg 768w, http:\/\/nebula-b.com\/wp-content\/uploads\/2024\/01\/PES-5-set-scaled-1-1536x1087.jpg 1536w, http:\/\/nebula-b.com\/wp-content\/uploads\/2024\/01\/PES-5-set-scaled-1-2048x1449.jpg 2048w\" sizes=\"auto, (max-width: 1024px) 100vw, 1024px\" \/><\/figure>\n<\/div>\n\n\n\n<p><strong>Dikey Elektroforez Sistemleri<\/strong><\/p>\n\n\n\n<p>Dikey elektroforez sistemleri ve leke transfer sistemleri<\/p>\n<\/div>\n\n\n\n<div class=\"wp-block-buttons is-layout-flex wp-block-buttons-is-layout-flex\">\n<div class=\"wp-block-button\"><a class=\"wp-block-button__link has-nv-site-bg-color has-neve-link-color-background-color has-text-color has-background has-link-color wp-element-button\" href=\"http:\/\/nebula-b.com\/tr\/dikey-elektroforez-sistemleri\/\">Daha fazla bilgi edin<\/a><\/div>\n<\/div>\n<\/div>\n\n\n\n<div class=\"wp-block-uagb-container uagb-block-d4b91816\">\n<div class=\"wp-block-uagb-container uagb-block-37b58f91\">\n<div class=\"wp-block-uagb-container uagb-block-b03c4037\">\n<figure class=\"wp-block-image size-full is-resized\"><img loading=\"lazy\" decoding=\"async\" width=\"421\" height=\"421\" src=\"https:\/\/nebula-b.com\/wp-content\/uploads\/2024\/01\/FTB-95-1.jpg\" alt=\"yar\u0131 kuru transfer\" class=\"wp-image-353\" style=\"width:154px;height:auto\" srcset=\"http:\/\/nebula-b.com\/wp-content\/uploads\/2024\/01\/FTB-95-1.jpg 421w, http:\/\/nebula-b.com\/wp-content\/uploads\/2024\/01\/FTB-95-1-300x300.jpg 300w, http:\/\/nebula-b.com\/wp-content\/uploads\/2024\/01\/FTB-95-1-150x150.jpg 150w\" sizes=\"auto, (max-width: 421px) 100vw, 421px\" \/><\/figure>\n<\/div>\n\n\n\n<p><strong>H\u0131zl\u0131 Yar\u0131 Kuru Transfer Sistemi<\/strong><\/p>\n\n\n\n<p>H\u0131zl\u0131 yar\u0131 kuru transfer sistemi ve h\u0131zl\u0131 yar\u0131 kuru transfer h\u00fccresi.<\/p>\n<\/div>\n\n\n\n<div class=\"wp-block-buttons is-layout-flex wp-block-buttons-is-layout-flex\">\n<div class=\"wp-block-button\"><a class=\"wp-block-button__link has-nv-site-bg-color has-neve-link-color-background-color has-text-color has-background has-link-color wp-element-button\" href=\"http:\/\/nebula-b.com\/tr\/hizli-yari-kuru-transfer-sistemleri\/\">Daha fazla bilgi edin<\/a><\/div>\n<\/div>\n<\/div>\n\n\n\n<div class=\"wp-block-uagb-container uagb-block-d501817f\">\n<div class=\"wp-block-uagb-container uagb-block-d7e2f017\">\n<div class=\"wp-block-uagb-container uagb-block-86b31958\">\n<figure class=\"wp-block-image size-large is-resized\"><img loading=\"lazy\" decoding=\"async\" width=\"1024\" height=\"1024\" src=\"https:\/\/nebula-b.com\/wp-content\/uploads\/2024\/01\/AB-4800-1024x1024.jpg\" alt=\"kulu\u00e7ka istasyonu\" class=\"wp-image-372\" style=\"width:160px;height:auto\" srcset=\"http:\/\/nebula-b.com\/wp-content\/uploads\/2024\/01\/AB-4800-1024x1024.jpg 1024w, http:\/\/nebula-b.com\/wp-content\/uploads\/2024\/01\/AB-4800-300x300.jpg 300w, http:\/\/nebula-b.com\/wp-content\/uploads\/2024\/01\/AB-4800-150x150.jpg 150w, http:\/\/nebula-b.com\/wp-content\/uploads\/2024\/01\/AB-4800-768x768.jpg 768w, http:\/\/nebula-b.com\/wp-content\/uploads\/2024\/01\/AB-4800.jpg 1500w\" sizes=\"auto, (max-width: 1024px) 100vw, 1024px\" \/><\/figure>\n<\/div>\n\n\n\n<p><strong>Otomatik Membran Y\u0131kama ve Kulu\u00e7ka \u0130stasyonu<\/strong><\/p>\n\n\n\n<p>Otomatik Membran Y\u0131kama ve Kulu\u00e7ka \u0130stasyonu.<\/p>\n<\/div>\n\n\n\n<div class=\"wp-block-buttons is-layout-flex wp-block-buttons-is-layout-flex\">\n<div class=\"wp-block-button\"><a class=\"wp-block-button__link has-nv-site-bg-color has-neve-link-color-background-color has-text-color has-background has-link-color wp-element-button\" href=\"http:\/\/nebula-b.com\/tr\/otomatik-membran-yikama-ve-kulucka-istasyonu\/\">Daha fazla bilgi edin<\/a><\/div>\n<\/div>\n<\/div>\n<\/div>","protected":false},"excerpt":{"rendered":"<p>Electrophoresis Power Supplies Basic power supplies, high current power supplies, and dual channel power supplies. Horizontal Electrophoresis Systems Wide, large and mini horizontal electrophoresis systems. Vertical Electrophoresis Systems Vertical electrophoersis systems and blot transfer systems Rapid Semi-Dry Transfer System The rapid semi-dry transfer system and the rapid semi-dry transfer cell. Auto Membrane Wash and Incubation&hellip;&nbsp;<a href=\"http:\/\/nebula-b.com\/tr\/elektroforez-aparati\/\" class=\"\" rel=\"bookmark\">Daha fazlas\u0131n\u0131 oku \u00bb<span class=\"screen-reader-text\">Elektroforez ve Kurutma<\/span><\/a><\/p>","protected":false},"author":1,"featured_media":0,"parent":0,"menu_order":0,"comment_status":"closed","ping_status":"closed","template":"","meta":{"_uag_custom_page_level_css":"","ub_ctt_via":"","neve_meta_sidebar":"","neve_meta_container":"","neve_meta_enable_content_width":"","neve_meta_content_width":0,"neve_meta_title_alignment":"","neve_meta_author_avatar":"","neve_post_elements_order":"","neve_meta_disable_header":"","neve_meta_disable_footer":"","neve_meta_disable_title":"","_themeisle_gutenberg_block_has_review":false,"footnotes":""},"class_list":["post-230","page","type-page","status-publish","hentry"],"featured_image_src":null,"uagb_featured_image_src":{"full":false,"thumbnail":false,"medium":false,"medium_large":false,"large":false,"1536x1536":false,"2048x2048":false,"trp-custom-language-flag":false,"neve-blog":false},"uagb_author_info":{"display_name":"admin","author_link":"http:\/\/nebula-b.com\/tr\/author\/admin\/"},"uagb_comment_info":0,"uagb_excerpt":"Electrophoresis Power Supplies Basic power supplies, high current power supplies, and dual channel power supplies. Horizontal Electrophoresis Systems Wide, large and mini horizontal electrophoresis systems. Vertical Electrophoresis Systems Vertical electrophoersis systems and blot transfer systems Rapid Semi-Dry Transfer System The rapid semi-dry transfer system and the rapid semi-dry transfer cell. Auto Membrane Wash and Incubation&hellip;&nbsp;Daha&hellip;","_links":{"self":[{"href":"http:\/\/nebula-b.com\/tr\/wp-json\/wp\/v2\/pages\/230","targetHints":{"allow":["GET"]}}],"collection":[{"href":"http:\/\/nebula-b.com\/tr\/wp-json\/wp\/v2\/pages"}],"about":[{"href":"http:\/\/nebula-b.com\/tr\/wp-json\/wp\/v2\/types\/page"}],"author":[{"embeddable":true,"href":"http:\/\/nebula-b.com\/tr\/wp-json\/wp\/v2\/users\/1"}],"replies":[{"embeddable":true,"href":"http:\/\/nebula-b.com\/tr\/wp-json\/wp\/v2\/comments?post=230"}],"version-history":[{"count":9,"href":"http:\/\/nebula-b.com\/tr\/wp-json\/wp\/v2\/pages\/230\/revisions"}],"predecessor-version":[{"id":2046,"href":"http:\/\/nebula-b.com\/tr\/wp-json\/wp\/v2\/pages\/230\/revisions\/2046"}],"wp:attachment":[{"href":"http:\/\/nebula-b.com\/tr\/wp-json\/wp\/v2\/media?parent=230"}],"curies":[{"name":"wp","href":"https:\/\/api.w.org\/{rel}","templated":true}]}}