{"id":2280,"date":"2024-05-15T16:51:26","date_gmt":"2024-05-15T08:51:26","guid":{"rendered":"https:\/\/nebula-b.com\/?page_id=2280"},"modified":"2024-05-15T17:56:21","modified_gmt":"2024-05-15T09:56:21","slug":"scanning-uv-visible-spectrophotometer","status":"publish","type":"page","link":"http:\/\/nebula-b.com\/tr\/taramali-uv-gorunur-spektrofotometre\/","title":{"rendered":"Taramal\u0131 UV-G\u00f6r\u00fcn\u00fcr Spektrofotometreler"},"content":{"rendered":"<div class=\"wp-block-columns has-small-font-size is-layout-flex wp-container-core-columns-is-layout-b934f1a7 wp-block-columns-is-layout-flex\" style=\"border-style:none;border-width:0px;border-radius:0px;padding-top:0;padding-right:var(--wp--preset--spacing--20);padding-bottom:0;padding-left:var(--wp--preset--spacing--20)\">\n<div class=\"wp-block-column is-layout-flow wp-block-column-is-layout-flow\" style=\"flex-basis:40%\">\n<div class=\"wp-block-stackable-carousel stk-block-carousel stk--is-slide stk--arrows-justify-space-between stk--arrows-align-center stk-block stk-9336aea\" data-slides-to-show=\"\" data-block-id=\"9336aea\"><div class=\"stk-block-carousel__content-wrapper\"><div class=\"stk-row stk-inner-blocks stk-block-content stk-block-carousel__slider-wrapper stk-content-align stk-9336aea-column\"><div class=\"stk-block-carousel__slider\" role=\"list\" data-autoplay=\"4000\" data-label-slide-of=\"Slide %%d of %%d\">\n<div class=\"wp-block-stackable-column stk-block-column stk-column stk-block stk-e7af2ca\" data-v=\"4\" data-block-id=\"e7af2ca\"><style>.stk-e7af2ca{align-self:center !important}<\/style><div class=\"stk-column-wrapper stk-block-column__content stk-container stk-e7af2ca-container stk--no-background stk--no-padding\"><div class=\"stk-block-content stk-inner-blocks stk-e7af2ca-inner-blocks\">\n<div class=\"wp-block-stackable-image stk-block-image stk-block stk-d699d7e\" data-block-id=\"d699d7e\"><figure><span class=\"stk-img-wrapper stk-image--shape-stretch\"><img loading=\"lazy\" decoding=\"async\" class=\"stk-img wp-image-2282\" src=\"https:\/\/nebula-b.com\/wp-content\/uploads\/2024\/05\/DSC_2560-1.jpg\" width=\"612\" height=\"408\" alt=\"elektroforez tank\u0131\" srcset=\"http:\/\/nebula-b.com\/wp-content\/uploads\/2024\/05\/DSC_2560-1.jpg 612w, http:\/\/nebula-b.com\/wp-content\/uploads\/2024\/05\/DSC_2560-1-256x171.jpg 256w, http:\/\/nebula-b.com\/wp-content\/uploads\/2024\/05\/DSC_2560-1-18x12.jpg 18w\" sizes=\"auto, (max-width: 612px) 100vw, 612px\" \/><\/span><\/figure><\/div>\n<\/div><\/div><\/div>\n\n\n\n<div class=\"wp-block-stackable-column stk-block-column stk-column stk-block stk-46359ed\" data-v=\"4\" data-block-id=\"46359ed\"><style>.stk-46359ed{align-self:center !important}<\/style><div class=\"stk-column-wrapper stk-block-column__content stk-container stk-46359ed-container stk--no-background stk--no-padding\"><div class=\"stk-block-content stk-inner-blocks stk-46359ed-inner-blocks\">\n<div class=\"wp-block-stackable-image stk-block-image stk-block stk-92800c8\" data-block-id=\"92800c8\"><figure><span class=\"stk-img-wrapper stk-image--shape-stretch\"><img loading=\"lazy\" decoding=\"async\" class=\"stk-img wp-image-2283\" src=\"https:\/\/nebula-b.com\/wp-content\/uploads\/2024\/05\/dual-beam-UV-visible-scan-spectrophotometer.jpg\" width=\"612\" height=\"408\" alt=\"otomatik spektrofotometre\" srcset=\"http:\/\/nebula-b.com\/wp-content\/uploads\/2024\/05\/dual-beam-UV-visible-scan-spectrophotometer.jpg 612w, http:\/\/nebula-b.com\/wp-content\/uploads\/2024\/05\/dual-beam-UV-visible-scan-spectrophotometer-256x171.jpg 256w, http:\/\/nebula-b.com\/wp-content\/uploads\/2024\/05\/dual-beam-UV-visible-scan-spectrophotometer-18x12.jpg 18w\" sizes=\"auto, (max-width: 612px) 100vw, 612px\" \/><\/span><\/figure><\/div>\n<\/div><\/div><\/div>\n\n\n\n<div class=\"wp-block-stackable-column stk-block-column stk-column stk-block stk-8e5fc80\" data-v=\"4\" data-block-id=\"8e5fc80\"><style>.stk-8e5fc80{align-self:center !important}<\/style><div class=\"stk-column-wrapper stk-block-column__content stk-container stk-8e5fc80-container stk--no-background stk--no-padding\"><div class=\"stk-block-content stk-inner-blocks stk-8e5fc80-inner-blocks\">\n<div class=\"wp-block-stackable-image stk-block-image stk-block stk-f9c5a9b\" data-block-id=\"f9c5a9b\"><figure><span class=\"stk-img-wrapper stk-image--shape-stretch\"><img loading=\"lazy\" decoding=\"async\" class=\"stk-img wp-image-2284\" src=\"https:\/\/nebula-b.com\/wp-content\/uploads\/2024\/05\/interface1.jpg\" width=\"1024\" height=\"600\" alt=\"manuel-g\u00f6r\u00fcn\u00fcr-spektrofotometre\" srcset=\"http:\/\/nebula-b.com\/wp-content\/uploads\/2024\/05\/interface1.jpg 1024w, http:\/\/nebula-b.com\/wp-content\/uploads\/2024\/05\/interface1-256x150.jpg 256w, http:\/\/nebula-b.com\/wp-content\/uploads\/2024\/05\/interface1-768x450.jpg 768w, http:\/\/nebula-b.com\/wp-content\/uploads\/2024\/05\/interface1-18x12.jpg 18w\" sizes=\"auto, (max-width: 1024px) 100vw, 1024px\" \/><\/span><\/figure><\/div>\n<\/div><\/div><\/div>\n<\/div><div class=\"stk-block-carousel__buttons\"><button class=\"stk-block-carousel__button stk-block-carousel__button__prev\" aria-label=\"Bir onceki slayt\"><svg aria-hidden=\"true\" focusable=\"false\" data-prefix=\"fas\" data-icon=\"chevron-left\" class=\"svg-inline--fa fa-chevron-left\" xmlns=\"http:\/\/www.w3.org\/2000\/svg\" viewbox=\"0 0 320 512\" width=\"32\" height=\"32\"><path d=\"M34.52 239.03L228.87 44.69c9.37-9.37 24.57-9.37 33.94 0l22.67 22.67c9.36 9.36 9.37 24.52.04 33.9L131.49 256l154.02 154.75c9.34 9.38 9.32 24.54-.04 33.9l-22.67 22.67c-9.37 9.37-24.57 9.37-33.94 0L34.52 272.97c-9.37-9.37-9.37-24.57 0-33.94z\"><\/path><\/svg><\/button><button class=\"stk-block-carousel__button stk-block-carousel__button__next\" aria-label=\"Sonraki slayt\"><svg aria-hidden=\"true\" focusable=\"false\" data-prefix=\"fas\" data-icon=\"chevron-right\" class=\"svg-inline--fa fa-chevron-right\" xmlns=\"http:\/\/www.w3.org\/2000\/svg\" viewbox=\"0 0 320 512\" width=\"32\" height=\"32\"><path d=\"M285.476 272.971L91.132 467.314c-9.373 9.373-24.569 9.373-33.941 0l-22.667-22.667c-9.357-9.357-9.375-24.522-.04-33.901L188.505 256 34.484 101.255c-9.335-9.379-9.317-24.544.04-33.901l22.667-22.667c9.373-9.373 24.569-9.373 33.941 0L285.475 239.03c9.373 9.372 9.373 24.568.001 33.941z\"><\/path><\/svg><\/button><\/div><\/div><div class=\"stk-block-carousel__dots\" role=\"list\" data-label=\"Slide %%d\"><\/div><\/div><\/div>\n<\/div>\n\n\n\n<div class=\"wp-block-column is-layout-flow wp-block-column-is-layout-flow\" style=\"border-style:none;border-width:0px;flex-basis:60%\">\n<p style=\"font-size:16px\"><strong>\u00d6zellikler<\/strong> <\/p>\n\n\n\n<p style=\"font-size:15px\">\u2727 Numune s\u0131cakl\u0131k kontrol sistemi ile numune s\u0131cakl\u0131\u011f\u0131 -5\u00b0C~200\u00b0C aras\u0131nda kontrol edilebilir;<br>\u2727 I\u015f\u0131k kayna\u011f\u0131 d\u00fczeltme mekanizmas\u0131, cihaz\u0131n kendi kendine test s\u0131ras\u0131nda \u0131\u015f\u0131k kayna\u011f\u0131n\u0131 en iyi konuma konumland\u0131rmas\u0131n\u0131 sa\u011flayacakt\u0131r. Bu i\u015flev, cihaz\u0131n ta\u015f\u0131nmas\u0131 s\u0131ras\u0131nda olu\u015fan titre\u015fim nedeniyle \u0131\u015f\u0131k kayna\u011f\u0131n\u0131n odak konumundaki sapmay\u0131 onarabilir. Kullan\u0131c\u0131lar\u0131n \u0131\u015f\u0131k kayna\u011f\u0131n\u0131 de\u011fi\u015ftirdikten sonra hata ay\u0131klamas\u0131na gerek yoktur;<br>\u2727 Optik sistem tasar\u0131m\u0131 ve devre kontrol sistemi tasar\u0131m\u0131 titizdir ve bile\u015fenlerin se\u00e7imi ve se\u00e7imi s\u0131k\u0131 bir \u015fekilde kontrol edilir. Bu cihaz y\u00fcksek do\u011fruluk, tekrarlanabilirlik, d\u00fc\u015f\u00fck g\u00fcr\u00fclt\u00fc ve d\u00fc\u015f\u00fck da\u011f\u0131n\u0131k \u0131\u015f\u0131k standartlar\u0131na sahiptir;<br>\u2727 A\u00e7\u0131k numune odas\u0131, iste\u011fe ba\u011fl\u0131 yans\u0131ma numune raflar\u0131, otomatik 5 ba\u011flant\u0131l\u0131, 6 ba\u011flant\u0131l\u0131 ve 8 ba\u011flant\u0131l\u0131 numune h\u00fccresi raflar\u0131, kat\u0131 numune raflar\u0131, sabit s\u0131cakl\u0131kta su banyolar\u0131 ve otomatik numune al\u0131c\u0131larla donat\u0131labilir.<\/p>\n<\/div>\n<\/div>\n\n\n\n<p><strong>Uygulamalar:<\/strong><\/p>\n\n\n\n<p>Fotometrik \u00f6l\u00e7\u00fcmler;<br>Nicel \u00f6l\u00e7\u00fcm;<br>Kalitatif \u00f6l\u00e7\u00fcm (dalga boyu taramas\u0131);<br>kinetik analizi;<br>DNA\/protein \u00f6l\u00e7\u00fcmleri;<br>\u00c7oklu dalgaboyu \u00f6l\u00e7\u00fcm\u00fc.<\/p>\n\n\n\n<p><strong>Parametreler:<\/strong><\/p>\n\n\n\n<figure class=\"wp-block-table is-style-stripes\"><table class=\"has-fixed-layout\"><tbody><tr><td><strong>Model numaras\u0131. <\/strong><\/td><td><strong>D-8<\/strong><\/td><td><strong>D-8S<\/strong><\/td><td><strong>D-8Pro<\/strong><\/td><\/tr><tr><td><strong>Yar\u0131k geni\u015fli\u011fi <\/strong><\/td><td>2nm ve 4nm iste\u011fe ba\u011fl\u0131 <\/td><td>0,5nm, 1nm, 2nm, 4nm ve 5nm ayarlanabilir <\/td><td>2nm ve 4nm iste\u011fe ba\u011fl\u0131<\/td><\/tr><tr><td><strong>I\u015f\u0131k sistemi <\/strong><\/td><td>Orant\u0131l\u0131\/yar\u0131 \u00e7ift \u0131\u015f\u0131n<\/td><td>Orant\u0131l\u0131\/yar\u0131 \u00e7ift \u0131\u015f\u0131n<\/td><td>Orant\u0131l\u0131\/yar\u0131 \u00e7ift \u0131\u015f\u0131n<\/td><\/tr><tr><td><strong>Dalga boyu aral\u0131\u011f\u0131<\/strong><\/td><td>190~1100nm <br>(190-339,9nm UV alan\u0131; <br>340-1100 nm g\u00f6r\u00fcn\u00fcr alan)<\/td><td>190~1100nm <br>(190-339,9nm UV alan\u0131; <br>340-1100 nm g\u00f6r\u00fcn\u00fcr alan)<\/td><td>190~1100nm <br>(190-339,9nm UV alan\u0131; <br>340-1100 nm g\u00f6r\u00fcn\u00fcr alan)<\/td><\/tr><tr><td><strong>Dalga boyu do\u011frulu\u011fu<\/strong><\/td><td>\u00b10,3nm<\/td><td>\u00b10,3nm<\/td><td>\u00b10,3nm<\/td><\/tr><tr><td><strong>Dalga boyu tekrarlama oran\u0131 <\/strong><\/td><td>\u00b10,2nm<\/td><td>\u00b10,2nm<\/td><td>\u00b10,2nm<\/td><\/tr><tr><td><strong>Dalgaboyu \u00e7\u00f6z\u00fcn\u00fcrl\u00fc\u011f\u00fc &nbsp;<\/strong><\/td><td>0,1nm<\/td><td>0,1nm<\/td><td>0,1nm<\/td><\/tr><tr><td><strong>Fotometrik aral\u0131k <\/strong><\/td><td>-4~4 ABS<\/td><td>-4~4 ABS<\/td><td>-4~4 ABS<\/td><\/tr><tr><td><strong>Fotometrik do\u011fruluk <\/strong><\/td><td>\u00b10,3%T (0~100%T)<\/td><td>\u00b10,3%T (0~100%T)<\/td><td>\u00b10,3%T (0~100%T)<\/td><\/tr><tr><td><strong>Fotometrik Tekrarlanabilirlik <\/strong><\/td><td>\u00b10,1%T (0~100%T)<\/td><td>\u00b10,1%T (0~100%T)<\/td><td>\u00b10,1%T (0~100%T)<\/td><\/tr><tr><td><strong>Ka\u00e7ak \u0131\u015f\u0131k <\/strong><\/td><td>\u22640,05%T<\/td><td>\u22640,05%T<\/td><td>\u22640,05%T<\/td><\/tr><tr><td><strong>Temel do\u011frusall\u0131k<\/strong><\/td><td>\u00b10,002A<\/td><td>\u00b10,002A<\/td><td>\u00b10,002A<\/td><\/tr><tr><td><strong>istikrar <\/strong><\/td><td>\u00b10,001A\/saat@500nm, 0A<\/td><td>\u00b10,001A\/saat@500nm, 0A<\/td><td>\u00b10,001A\/saat@500nm, 0A<\/td><\/tr><tr><td><strong>Fotometrik g\u00fcr\u00fclt\u00fc<\/strong><\/td><td>\u00b10,001A<\/td><td>\u00b10,001A<\/td><td>\u00b10,001A<\/td><\/tr><tr><td><strong>G\u00f6r\u00fcnt\u00fclemek <\/strong>&nbsp;<\/td><td>320*240 grafik ekranl\u0131 LCD ekran<\/td><td>320*240 grafik ekranl\u0131 LCD ekran<\/td><td>10,1 in\u00e7 renkli LCD ekran<\/td><\/tr><tr><td><strong>Veri \u00e7\u0131k\u0131\u015f\u0131 <\/strong><\/td><td>\u00dcst d\u00fczey yaz\u0131l\u0131m \u00e7\u0131k\u0131\u015f\u0131na ve USB flash s\u00fcr\u00fcc\u00fc d\u0131\u015fa aktarma verilerine ba\u011flan\u0131n<\/td><td>\u00dcst d\u00fczey yaz\u0131l\u0131m \u00e7\u0131k\u0131\u015f\u0131na ve USB flash s\u00fcr\u00fcc\u00fc d\u0131\u015fa aktarma verilerine ba\u011flan\u0131n<\/td><td>\u00dcst d\u00fczey yaz\u0131l\u0131m \u00e7\u0131k\u0131\u015f\u0131na ve USB flash s\u00fcr\u00fcc\u00fc d\u0131\u015fa aktarma verilerine ba\u011flan\u0131n<\/td><\/tr><tr><td><strong>PC anti-kontrol yaz\u0131l\u0131m\u0131<\/strong><\/td><td>\u0130ste\u011fe ba\u011fl\u0131<\/td><td>\u0130ste\u011fe ba\u011fl\u0131<\/td><td>\u0130ste\u011fe ba\u011fl\u0131<\/td><\/tr><tr><td><strong>Dalgaboyu taramas\u0131<\/strong><\/td><td>Ev sahibi<\/td><td>Ev sahibi<\/td><td>Ev sahibi<\/td><\/tr><tr><td><strong>D\u0131\u015f boyut <\/strong><\/td><td>550\u00d7400\u00d7300mm<\/td><td>640*520*260mm<\/td><td>550\u00d7400\u00d7300mm<\/td><\/tr><tr><td><strong>Net a\u011f\u0131rl\u0131\u011f\u0131 <\/strong><\/td><td>20 kg<\/td><td>24 kg<\/td><td>20 kg<\/td><\/tr><tr><td><strong>Do\u011fruluk seviyesi <\/strong><\/td><td>Seviye 2<\/td><td>Seviye 2<\/td><td>Seviye 2<\/td><\/tr><\/tbody><\/table><\/figure>","protected":false},"excerpt":{"rendered":"<p>Features \u2727 With the sample temperature control system, the sample temperature can be controlled between -5\u2103~200\u2103;\u2727 The light source correction mechanism will enable the instrument to position the light source to the best position during self-test. This function can repair the deviation of the focus position of the light source due to vibration during transportation&hellip;&nbsp;<a href=\"http:\/\/nebula-b.com\/tr\/taramali-uv-gorunur-spektrofotometre\/\" class=\"\" rel=\"bookmark\">Daha fazlas\u0131n\u0131 oku \u00bb<span class=\"screen-reader-text\">Taramal\u0131 UV-G\u00f6r\u00fcn\u00fcr Spektrofotometreler<\/span><\/a><\/p>","protected":false},"author":2,"featured_media":0,"parent":0,"menu_order":0,"comment_status":"closed","ping_status":"closed","template":"","meta":{"_uag_custom_page_level_css":"","ub_ctt_via":"","neve_meta_sidebar":"","neve_meta_container":"","neve_meta_enable_content_width":"","neve_meta_content_width":0,"neve_meta_title_alignment":"","neve_meta_author_avatar":"","neve_post_elements_order":"","neve_meta_disable_header":"","neve_meta_disable_footer":"","neve_meta_disable_title":"","_themeisle_gutenberg_block_has_review":false,"footnotes":""},"class_list":["post-2280","page","type-page","status-publish","hentry"],"featured_image_src":null,"uagb_featured_image_src":{"full":false,"thumbnail":false,"medium":false,"medium_large":false,"large":false,"1536x1536":false,"2048x2048":false,"trp-custom-language-flag":false,"neve-blog":false},"uagb_author_info":{"display_name":"liu, stacey","author_link":"http:\/\/nebula-b.com\/tr\/author\/stacey\/"},"uagb_comment_info":0,"uagb_excerpt":"Features \u2727 With the sample temperature control system, the sample temperature can be controlled between -5\u2103~200\u2103;\u2727 The light source correction mechanism will enable the instrument to position the light source to the best position during self-test. This function can repair the deviation of the focus position of the light source due to vibration during transportation&hellip;&nbsp;Daha&hellip;","_links":{"self":[{"href":"http:\/\/nebula-b.com\/tr\/wp-json\/wp\/v2\/pages\/2280","targetHints":{"allow":["GET"]}}],"collection":[{"href":"http:\/\/nebula-b.com\/tr\/wp-json\/wp\/v2\/pages"}],"about":[{"href":"http:\/\/nebula-b.com\/tr\/wp-json\/wp\/v2\/types\/page"}],"author":[{"embeddable":true,"href":"http:\/\/nebula-b.com\/tr\/wp-json\/wp\/v2\/users\/2"}],"replies":[{"embeddable":true,"href":"http:\/\/nebula-b.com\/tr\/wp-json\/wp\/v2\/comments?post=2280"}],"version-history":[{"count":1,"href":"http:\/\/nebula-b.com\/tr\/wp-json\/wp\/v2\/pages\/2280\/revisions"}],"predecessor-version":[{"id":2307,"href":"http:\/\/nebula-b.com\/tr\/wp-json\/wp\/v2\/pages\/2280\/revisions\/2307"}],"wp:attachment":[{"href":"http:\/\/nebula-b.com\/tr\/wp-json\/wp\/v2\/media?parent=2280"}],"curies":[{"name":"wp","href":"https:\/\/api.w.org\/{rel}","templated":true}]}}