{"id":1833,"date":"2024-04-15T15:50:48","date_gmt":"2024-04-15T07:50:48","guid":{"rendered":"https:\/\/nebula-b.com\/?page_id=1833"},"modified":"2025-01-16T16:51:41","modified_gmt":"2025-01-16T08:51:41","slug":"small-animal-in-vivo-imaging","status":"publish","type":"page","link":"http:\/\/nebula-b.com\/tr\/kucuk-hayvan-in-vivo-goruntuleme\/","title":{"rendered":"Multimodal K\u00fc\u00e7\u00fck Hayvan \u0130n Vivo G\u00f6r\u00fcnt\u00fcleme Sistemi"},"content":{"rendered":"<div class=\"wp-block-uagb-container uagb-block-a203b57d alignfull uagb-is-root-container\"><div class=\"uagb-container-inner-blocks-wrap\">\n<div class=\"wp-block-columns has-small-font-size is-layout-flex wp-container-core-columns-is-layout-b934f1a7 wp-block-columns-is-layout-flex\" style=\"border-style:none;border-width:0px;border-radius:0px;padding-top:0;padding-right:var(--wp--preset--spacing--20);padding-bottom:0;padding-left:var(--wp--preset--spacing--20)\">\n<div class=\"wp-block-column is-layout-flow wp-block-column-is-layout-flow\" style=\"flex-basis:40%\">\n<div class=\"wp-block-stackable-carousel stk-block-carousel stk--is-slide stk--arrows-justify-space-between stk--arrows-align-center stk-block stk-fd1a0a7\" data-slides-to-show=\"\" data-block-id=\"fd1a0a7\"><div class=\"stk-block-carousel__content-wrapper\"><div class=\"stk-row stk-inner-blocks stk-block-content stk-block-carousel__slider-wrapper stk-content-align stk-fd1a0a7-column\"><div class=\"stk-block-carousel__slider\" role=\"list\" data-autoplay=\"4000\" data-label-slide-of=\"Slide %%d of %%d\">\n<div class=\"wp-block-stackable-column stk-block-column stk-column stk-block stk-dcbaa5d\" data-v=\"4\" data-block-id=\"dcbaa5d\"><style>.stk-dcbaa5d{align-self:center !important}<\/style><div class=\"stk-column-wrapper stk-block-column__content stk-container stk-dcbaa5d-container stk--no-background stk--no-padding\"><div class=\"stk-block-content stk-inner-blocks stk-dcbaa5d-inner-blocks\">\n<div class=\"wp-block-stackable-image stk-block-image has-text-align-center stk-block stk-ccdae6d\" data-block-id=\"ccdae6d\"><style>.stk-ccdae6d .stk-img-wrapper{width:91% !important;height:600px !important}<\/style><figure><span class=\"stk-img-wrapper stk-image--shape-stretch\"><img alt=\"Multimodal K\u00fc\u00e7\u00fck Hayvan \u0130n Vivo G\u00f6r\u00fcnt\u00fcleme Sistemi\" loading=\"lazy\" decoding=\"async\" class=\"stk-img wp-image-1879\" src=\"https:\/\/nebula-b.com\/wp-content\/uploads\/2024\/04\/\u6d3b\u4f53N-removebg-preview-vmake.png\" width=\"329\" height=\"506\" srcset=\"http:\/\/nebula-b.com\/wp-content\/uploads\/2024\/04\/\u6d3b\u4f53N-removebg-preview-vmake.png 329w, http:\/\/nebula-b.com\/wp-content\/uploads\/2024\/04\/\u6d3b\u4f53N-removebg-preview-vmake-195x300.png 195w\" sizes=\"auto, (max-width: 329px) 100vw, 329px\" \/><\/span><\/figure><\/div>\n<\/div><\/div><\/div>\n\n\n\n<div class=\"wp-block-stackable-column stk-block-column stk-column stk-block stk-17ee126\" data-v=\"4\" data-block-id=\"17ee126\"><style>.stk-17ee126{align-self:center !important}.stk-17ee126-inner-blocks{justify-content:space-around !important}<\/style><div class=\"stk-column-wrapper stk-block-column__content stk-container stk-17ee126-container stk--no-background stk--no-padding\"><div class=\"has-text-align-center stk--column-flex stk-block-content stk-inner-blocks stk-17ee126-inner-blocks\">\n<div class=\"wp-block-stackable-image stk-block-image stk-block stk-2eca6b3\" data-block-id=\"2eca6b3\"><figure><span class=\"stk-img-wrapper stk-image--shape-stretch\"><img alt=\"Multimodal K\u00fc\u00e7\u00fck Hayvan \u0130n Vivo G\u00f6r\u00fcnt\u00fcleme Sistemi\" loading=\"lazy\" decoding=\"async\" class=\"stk-img wp-image-1836\" src=\"https:\/\/nebula-b.com\/wp-content\/uploads\/2024\/04\/\u5c0f\u52a8\u7269\u6d3b\u4f531.jpg\" width=\"962\" height=\"550\" srcset=\"http:\/\/nebula-b.com\/wp-content\/uploads\/2024\/04\/\u5c0f\u52a8\u7269\u6d3b\u4f531.jpg 962w, http:\/\/nebula-b.com\/wp-content\/uploads\/2024\/04\/\u5c0f\u52a8\u7269\u6d3b\u4f531-300x172.jpg 300w, http:\/\/nebula-b.com\/wp-content\/uploads\/2024\/04\/\u5c0f\u52a8\u7269\u6d3b\u4f531-768x439.jpg 768w\" sizes=\"auto, (max-width: 962px) 100vw, 962px\" \/><\/span><\/figure><\/div>\n<\/div><\/div><\/div>\n\n\n\n<div class=\"wp-block-stackable-column stk-block-column stk-column stk-block stk-38e7709\" data-v=\"4\" data-block-id=\"38e7709\"><style>.stk-38e7709{align-self:center !important}<\/style><div class=\"stk-column-wrapper stk-block-column__content stk-container stk-38e7709-container stk--no-background stk--no-padding\"><div class=\"has-text-align-center stk-block-content stk-inner-blocks stk-38e7709-inner-blocks\">\n<div class=\"wp-block-stackable-image stk-block-image stk-block stk-f8b336b\" data-block-id=\"f8b336b\"><figure><span class=\"stk-img-wrapper stk-image--shape-stretch\"><img alt=\"Multimodal K\u00fc\u00e7\u00fck Hayvan \u0130n Vivo G\u00f6r\u00fcnt\u00fcleme Sistemi\" loading=\"lazy\" decoding=\"async\" class=\"stk-img wp-image-1835\" src=\"https:\/\/nebula-b.com\/wp-content\/uploads\/2024\/04\/\u5c0f\u52a8\u7269\u6d3b\u4f532.jpg\" width=\"962\" height=\"550\" srcset=\"http:\/\/nebula-b.com\/wp-content\/uploads\/2024\/04\/\u5c0f\u52a8\u7269\u6d3b\u4f532.jpg 962w, http:\/\/nebula-b.com\/wp-content\/uploads\/2024\/04\/\u5c0f\u52a8\u7269\u6d3b\u4f532-300x172.jpg 300w, http:\/\/nebula-b.com\/wp-content\/uploads\/2024\/04\/\u5c0f\u52a8\u7269\u6d3b\u4f532-768x439.jpg 768w\" sizes=\"auto, (max-width: 962px) 100vw, 962px\" \/><\/span><\/figure><\/div>\n<\/div><\/div><\/div>\n<\/div><div class=\"stk-block-carousel__buttons\"><button class=\"stk-block-carousel__button stk-block-carousel__button__prev\" aria-label=\"Bir onceki slayt\"><svg aria-hidden=\"true\" focusable=\"false\" data-prefix=\"fas\" data-icon=\"chevron-left\" class=\"svg-inline--fa fa-chevron-left\" xmlns=\"http:\/\/www.w3.org\/2000\/svg\" viewbox=\"0 0 320 512\" width=\"32\" height=\"32\"><path d=\"M34.52 239.03L228.87 44.69c9.37-9.37 24.57-9.37 33.94 0l22.67 22.67c9.36 9.36 9.37 24.52.04 33.9L131.49 256l154.02 154.75c9.34 9.38 9.32 24.54-.04 33.9l-22.67 22.67c-9.37 9.37-24.57 9.37-33.94 0L34.52 272.97c-9.37-9.37-9.37-24.57 0-33.94z\"><\/path><\/svg><\/button><button class=\"stk-block-carousel__button stk-block-carousel__button__next\" aria-label=\"Sonraki slayt\"><svg aria-hidden=\"true\" focusable=\"false\" data-prefix=\"fas\" data-icon=\"chevron-right\" class=\"svg-inline--fa fa-chevron-right\" xmlns=\"http:\/\/www.w3.org\/2000\/svg\" viewbox=\"0 0 320 512\" width=\"32\" height=\"32\"><path d=\"M285.476 272.971L91.132 467.314c-9.373 9.373-24.569 9.373-33.941 0l-22.667-22.667c-9.357-9.357-9.375-24.522-.04-33.901L188.505 256 34.484 101.255c-9.335-9.379-9.317-24.544.04-33.901l22.667-22.667c9.373-9.373 24.569-9.373 33.941 0L285.475 239.03c9.373 9.372 9.373 24.568.001 33.941z\"><\/path><\/svg><\/button><\/div><\/div><div class=\"stk-block-carousel__dots\" role=\"list\" data-label=\"Slide %%d\"><\/div><\/div><\/div>\n<\/div>\n\n\n\n<div class=\"wp-block-column is-layout-flow wp-block-column-is-layout-flow\" style=\"border-style:none;border-width:0px;flex-basis:60%\">\n<p style=\"font-size:16px\"><strong>\u00d6zellikler<\/strong> <\/p>\n\n\n\n<p><strong>\u2727 Arkadan ayd\u0131nlatmal\u0131, y\u00fcksek hassasiyetli kriyojenik kamera<\/strong><br>K\u00fc\u00e7\u00fck hayvan canl\u0131 g\u00f6r\u00fcnt\u00fcleme sistemleri, zirvede 95%&#039;ye kadar QE&#039;ye ve -100\u00b0C so\u011futma s\u0131cakl\u0131\u011f\u0131na sahip, y\u00fcksek \u00e7\u00f6z\u00fcn\u00fcrl\u00fckl\u00fc kriyojenik arkadan ayd\u0131nlatmal\u0131 kameralar kullan\u0131r. F0,95 geni\u015f diyafram a\u00e7\u0131kl\u0131\u011f\u0131na sahip lens ile sinyal-g\u00fcr\u00fclt\u00fc oran\u0131 ve hassasiyetin her ikisi de m\u00fckemmeldir;<br><strong>\u2727 Uyarma \u0131\u015f\u0131k kayna\u011f\u0131n\u0131n tekd\u00fczeli\u011fi<\/strong><br>Y\u00fcksek g\u00fc\u00e7l\u00fc dar bantl\u0131 t\u00fcp ve uzun \u00f6m\u00fcrl\u00fc LED \u0131\u015f\u0131k kayna\u011f\u0131n\u0131 benimser ve tekd\u00fcze ve istikrarl\u0131 uyarma \u0131\u015f\u0131k kayna\u011f\u0131 ve floresan uyarma sonu\u00e7lar\u0131n\u0131n stabilitesini sa\u011flamak i\u00e7in k\u00fcresel g\u00f6lgesiz simetri ile birden fazla \u0131\u015f\u0131k kayna\u011f\u0131 grubu tasarlanm\u0131\u015ft\u0131r;<br><strong>\u2727 Spektral ay\u0131rma teknolojisi<\/strong><br>Hayvanlarda deneysel sonu\u00e7lar\u0131 etkileyen de\u011fi\u015fen derecelerde otofloresans g\u00f6z \u00f6n\u00fcne al\u0131nd\u0131\u011f\u0131nda, kullan\u0131c\u0131lara do\u011fru bir \u015fekilde yard\u0131mc\u0131 olmak amac\u0131yla bir dizi do\u011fru spektral ay\u0131rma teknolojisi geli\u015ftirmek i\u00e7in kendi yaz\u0131l\u0131m\u0131m\u0131zla birlikte y\u00fcksek safl\u0131kta, y\u00fcksek \u015feffafl\u0131kta, dar bant geni\u015flikli filtreler kullan\u0131yoruz. Hedef floresans verilerini elde edin;<br><strong>\u2727 Profesyonel in vivo g\u00f6r\u00fcnt\u00fcleme yaz\u0131l\u0131m\u0131 Nebula-IMAGEIVIS<\/strong><br>K\u0131lavuzlu \u00e7ekim modu. Farkl\u0131 mod\u00fcllere g\u00f6re yayg\u0131n olarak kullan\u0131lan floresan boyalar\u0131n bir veritaban\u0131n\u0131 i\u00e7erir. Otomatik \u00e7ekim i\u00e7in boyalar do\u011frudan se\u00e7ilebilir. Ayn\u0131 anda 5 kanala kadar \u00f6rnek \u00e7ekimi destekler. Floresan g\u00f6r\u00fcnt\u00fcleri ve i\u015faretleyici g\u00f6r\u00fcnt\u00fcleri birle\u015ftirilir. \u00dc\u00e7 renk otomatik olarak birle\u015ftirilir. Birle\u015ftirme sonras\u0131nda manuel ayarlama desteklenir. Sonu\u00e7lar spektral olarak ayr\u0131labilir ve gri de\u011ferler ile foton miktarlar\u0131 otomatik olarak hesaplanabilir.<\/p>\n<\/div>\n<\/div>\n<\/div><\/div>\n\n\n\n<p><strong>Ba\u015fvuru<\/strong><\/p>\n\n\n\n<p>Gen tedavisi<br>Normal genler veya terap\u00f6tik etkilere sahip genler, gen kusurlar\u0131n\u0131 d\u00fczeltmek veya terap\u00f6tik etkiler olu\u015fturmak i\u00e7in hedef h\u00fccrelere belirli bir \u015fekilde dahil edilir ve b\u00f6ylece hastal\u0131klar\u0131n tedavi edilmesi amac\u0131na ula\u015f\u0131l\u0131r.<\/p>\n\n\n\n<p>K\u0131z\u0131l\u00f6tesi g\u00f6r\u00fcnt\u00fcleme<br>Farelerde ICG ve k\u0131z\u0131l\u00f6tesi fototermal boya sentinel lenf nodu, derin t\u00fcm\u00f6r g\u00f6r\u00fcnt\u00fcleme ve deri alt\u0131 t\u00fcm\u00f6r rezeksiyon ameliyat\u0131 i\u00e7in uygundur.<\/p>\n\n\n\n<p><strong>Geni\u015fletilmi\u015f uygulama<\/strong><\/p>\n\n\n\n<div class=\"wp-block-uagb-container uagb-block-27a174b3 alignfull uagb-is-root-container\"><div class=\"uagb-container-inner-blocks-wrap\">\n<div class=\"wp-block-uagb-container uagb-block-525705ec\">\n<figure class=\"wp-block-image size-full is-resized\"><img loading=\"lazy\" decoding=\"async\" width=\"344\" height=\"276\" src=\"https:\/\/nebula-b.com\/wp-content\/uploads\/2024\/04\/1.png\" alt=\"Multimodal K\u00fc\u00e7\u00fck Hayvan \u0130n Vivo G\u00f6r\u00fcnt\u00fcleme Sistemi\" class=\"wp-image-1842\" style=\"width:259px;height:auto\" srcset=\"http:\/\/nebula-b.com\/wp-content\/uploads\/2024\/04\/1.png 344w, http:\/\/nebula-b.com\/wp-content\/uploads\/2024\/04\/1-300x241.png 300w\" sizes=\"auto, (max-width: 344px) 100vw, 344px\" \/><\/figure>\n\n\n\n<p>Floresan Western Blot<\/p>\n<\/div>\n\n\n\n<div class=\"wp-block-uagb-container uagb-block-0788e359\">\n<figure class=\"wp-block-image size-full is-resized\"><img loading=\"lazy\" decoding=\"async\" width=\"361\" height=\"262\" src=\"https:\/\/nebula-b.com\/wp-content\/uploads\/2024\/04\/2.png\" alt=\"Multimodal K\u00fc\u00e7\u00fck Hayvan \u0130n Vivo G\u00f6r\u00fcnt\u00fcleme Sistemi\" class=\"wp-image-1843\" style=\"width:277px;height:auto\" srcset=\"http:\/\/nebula-b.com\/wp-content\/uploads\/2024\/04\/2.png 361w, http:\/\/nebula-b.com\/wp-content\/uploads\/2024\/04\/2-300x218.png 300w\" sizes=\"auto, (max-width: 361px) 100vw, 361px\" \/><\/figure>\n\n\n\n<p class=\"has-text-align-center\">Bat\u0131 Lekesi<\/p>\n<\/div>\n\n\n\n<div class=\"wp-block-uagb-container uagb-block-aad1534a\">\n<figure class=\"wp-block-image size-full is-resized\"><img loading=\"lazy\" decoding=\"async\" width=\"383\" height=\"264\" src=\"https:\/\/nebula-b.com\/wp-content\/uploads\/2024\/04\/3.png\" alt=\"Multimodal K\u00fc\u00e7\u00fck Hayvan \u0130n Vivo G\u00f6r\u00fcnt\u00fcleme Sistemi\" class=\"wp-image-1844\" style=\"width:281px;height:auto\" srcset=\"http:\/\/nebula-b.com\/wp-content\/uploads\/2024\/04\/3.png 383w, http:\/\/nebula-b.com\/wp-content\/uploads\/2024\/04\/3-300x207.png 300w\" sizes=\"auto, (max-width: 383px) 100vw, 383px\" \/><\/figure>\n\n\n\n<p class=\"has-text-align-center\">H\u00fccre \u0130\u00e7i Western<\/p>\n<\/div>\n<\/div><\/div>\n\n\n\n<p><strong>Parametreler<\/strong><\/p>\n\n\n\n<div class=\"wp-block-group\"><div class=\"wp-block-group__inner-container is-layout-constrained wp-block-group-is-layout-constrained\">\n<figure class=\"wp-block-table is-style-stripes\"><table class=\"has-fixed-layout\"><tbody><tr><td><strong>Model numaras\u0131. <\/strong><\/td><td><strong>LAZER-6000<\/strong><\/td><td><strong>LAZER-9000<\/strong><\/td><td><strong>LAZER-9500<\/strong><\/td><\/tr><tr><td><strong>\u00c7\u00f6z\u00fcn\u00fcrl\u00fck<\/strong><\/td><td> 12 megapiksel<\/td><td>6,6 megapiksel<\/td><td>2 megapiksel<\/td><\/tr><tr><td><strong>So\u011futma s\u0131cakl\u0131\u011f\u0131<\/strong><\/td><td>-45\u00b0C <\/td><td>-75\u00b0C <\/td><td>-75\u00b0C <\/td><\/tr><tr><td><strong>Piksel boyutu<\/strong><\/td><td> 4,63*4,63\u03bcm<\/td><td>7,4*7,4\u03bcm <\/td><td>13*13\u03bcm<\/td><\/tr><tr><td><strong>I\u015f\u0131\u011fa duyarl\u0131l\u0131k verimlili\u011fi <\/strong><\/td><td>Y\u00fcksek QE:&gt;95%<\/td><td>Y\u00fcksek QE:&gt;95%<\/td><td>Y\u00fcksek QE:&gt;95%<\/td><\/tr><tr><td><strong>Gri tonlama<\/strong><\/td><td>16 bit (0-65535)<\/td><td>16 bit (0-65535)<\/td><td>16 bit (0-65535)<\/td><\/tr><tr><td><strong>Maruziyet s\u00fcresi<\/strong><\/td><td>1ms~60 dakika<\/td><td>1ms~60 dakika<\/td><td>1ms~60 dakika<\/td><\/tr><tr><td><strong>Piksel gruplama<\/strong><\/td><td>1\u00d71, 2\u00d72, 4\u00d74\u20268\u00d78<\/td><td>1\u00d71, 2\u00d72, 4\u00d74\u20268\u00d78 <\/td><td>1\u00d71, 2\u00d72, 4\u00d74\u20268\u00d78<\/td><\/tr><tr><td><strong>Dinamik aral\u0131k<\/strong><\/td><td>\u22654,8 sipari\u015fler<\/td><td>\u22654,8 sipari\u015fler<\/td><td>\u22654,8 sipari\u015fler<\/td><\/tr><tr><td><strong>Motorlu lens<\/strong><\/td><td>F=0,95\/35MM otomatik odakl\u0131 lens standart, F0,8 lens iste\u011fe ba\u011fl\u0131<\/td><td>F=0,95\/35MM otomatik odakl\u0131 lens standart, F0,8 lens iste\u011fe ba\u011fl\u0131 <\/td><td>F=0,95\/35MM otomatik odakl\u0131 lens standart, F0,8 lens iste\u011fe ba\u011fl\u0131<\/td><\/tr><tr><td><strong>RGB \u0131\u015f\u0131k kayna\u011f\u0131<\/strong><\/td><td>RGB standard\u0131, di\u011ferleri iste\u011fe ba\u011fl\u0131<\/td><td>RGB standard\u0131, di\u011ferleri iste\u011fe ba\u011fl\u0131<\/td><td>RGB standard\u0131, di\u011ferleri iste\u011fe ba\u011fl\u0131<\/td><\/tr><tr><td><strong>IR \u0131\u015f\u0131k kayna\u011f\u0131<\/strong><\/td><td>\u00e7ift k\u0131z\u0131l\u00f6tesi \u0131\u015f\u0131k kayna\u011f\u0131 standard\u0131<\/td><td>\u00e7ift k\u0131z\u0131l\u00f6tesi \u0131\u015f\u0131k kayna\u011f\u0131 standard\u0131<\/td><td>\u00e7ift k\u0131z\u0131l\u00f6tesi \u0131\u015f\u0131k kayna\u011f\u0131 standard\u0131<\/td><\/tr><tr><td><strong>Filtre tekerle\u011fi<\/strong><\/td><td>7-socket filter wheel standard, <br>others optional<\/td><td>7-socket filter wheel standard, <br>others optional<\/td><td>7-socket filter wheel standard, <br>others optional<\/td><\/tr><tr><td><strong>Filtre <\/strong><\/td><td>530nm, 570nm, 610nm, 670nm, 720nm, 820nm standard;<br>530nm~800nm optional<br><\/td><td>530nm, 570nm, 610nm, 670nm, 720nm, 820nm standard;<br>530nm~800nm optional<\/td><td>530nm, 570nm, 610nm, 670nm, 720nm, 820nm standard;<br>530nm~800nm optional<\/td><\/tr><tr><td><strong>Beyaz \u0131\u015f\u0131k kayna\u011f\u0131<\/strong><\/td><td>LED so\u011fuk \u0131\u015f\u0131k<\/td><td>LED so\u011fuk \u0131\u015f\u0131k<\/td><td>LED so\u011fuk \u0131\u015f\u0131k<\/td><\/tr><tr><td><strong>G\u00f6r\u00fcnt\u00fcleme alan\u0131<\/strong><\/td><td>\u00c7ekim i\u00e7in maksimum 5 fareyi destekler<\/td><td>\u00c7ekim i\u00e7in maksimum 5 fareyi destekler<\/td><td>\u00c7ekim i\u00e7in maksimum 5 fareyi destekler<\/td><\/tr><tr><td><strong>S\u0131cakl\u0131k kontrol platformu<\/strong><\/td><td>26~40\u00b0C\u00b11\u00b0C<\/td><td>26~40\u00b0C\u00b11\u00b0C<\/td><td>26~40\u00b0C\u00b11\u00b0C<\/td><\/tr><tr><td><strong>Anestezi hava memesi<\/strong><\/td><td>supports 5 mice maximum <br>for anesthesia<\/td><td>supports 5 mice maximum <br>for anesthesia<\/td><td>supports 5 mice maximum <br>for anesthesia<\/td><\/tr><tr><td><strong>Planlanm\u0131\u015f kapanma<\/strong><\/td><td>5~60 dakika<\/td><td>5~60 dakika<\/td><td>5~60 dakika<\/td><\/tr><tr><td><strong>K\u00fc\u00e7\u00fck hayvan anestezi makinesi<\/strong><\/td><td>\u0130ste\u011fe ba\u011fl\u0131<\/td><td>\u0130ste\u011fe ba\u011fl\u0131 <\/td><td>\u0130ste\u011fe ba\u011fl\u0131<\/td><\/tr><tr><td><strong>Type of heating<\/strong><\/td><td>platform heating or air conditioning<\/td><td>platform heating or air conditioning<\/td><td>platform heating or air conditioning<\/td><\/tr><tr><td><\/td><td><\/td><td><\/td><td><\/td><\/tr><\/tbody><\/table><\/figure>\n<\/div><\/div>","protected":false},"excerpt":{"rendered":"<p>Features \u2727 Back-illuminated high-sensitivity cryogenic cameraThe small animal live imaging systems use high-resolution cryogenic back-illuminated cameras with a QE of up to 95% at the peak and a cooling temperature of -100\u00b0C. With an F0.95 large aperture lens, the signal-to-noise ratio and sensitivity are both excellent ;\u2727 Uniformity of excitation light sourceIt adopts high-power narrow-band&hellip;&nbsp;<a href=\"http:\/\/nebula-b.com\/tr\/kucuk-hayvan-in-vivo-goruntuleme\/\" class=\"\" rel=\"bookmark\">Daha fazlas\u0131n\u0131 oku \u00bb<span class=\"screen-reader-text\">Multimodal K\u00fc\u00e7\u00fck Hayvan \u0130n Vivo G\u00f6r\u00fcnt\u00fcleme Sistemi<\/span><\/a><\/p>","protected":false},"author":2,"featured_media":0,"parent":0,"menu_order":0,"comment_status":"closed","ping_status":"closed","template":"","meta":{"_uag_custom_page_level_css":"","ub_ctt_via":"","neve_meta_sidebar":"","neve_meta_container":"","neve_meta_enable_content_width":"","neve_meta_content_width":0,"neve_meta_title_alignment":"","neve_meta_author_avatar":"","neve_post_elements_order":"","neve_meta_disable_header":"","neve_meta_disable_footer":"","neve_meta_disable_title":"","_themeisle_gutenberg_block_has_review":false,"footnotes":""},"class_list":["post-1833","page","type-page","status-publish","hentry"],"featured_image_src":null,"uagb_featured_image_src":{"full":false,"thumbnail":false,"medium":false,"medium_large":false,"large":false,"1536x1536":false,"2048x2048":false,"trp-custom-language-flag":false,"neve-blog":false},"uagb_author_info":{"display_name":"liu, stacey","author_link":"http:\/\/nebula-b.com\/tr\/author\/stacey\/"},"uagb_comment_info":0,"uagb_excerpt":"Features \u2727 Back-illuminated high-sensitivity cryogenic cameraThe small animal live imaging systems use high-resolution cryogenic back-illuminated cameras with a QE of up to 95% at the peak and a cooling temperature of -100\u00b0C. With an F0.95 large aperture lens, the signal-to-noise ratio and sensitivity are both excellent ;\u2727 Uniformity of excitation light sourceIt adopts high-power narrow-band&hellip;&nbsp;Daha&hellip;","_links":{"self":[{"href":"http:\/\/nebula-b.com\/tr\/wp-json\/wp\/v2\/pages\/1833","targetHints":{"allow":["GET"]}}],"collection":[{"href":"http:\/\/nebula-b.com\/tr\/wp-json\/wp\/v2\/pages"}],"about":[{"href":"http:\/\/nebula-b.com\/tr\/wp-json\/wp\/v2\/types\/page"}],"author":[{"embeddable":true,"href":"http:\/\/nebula-b.com\/tr\/wp-json\/wp\/v2\/users\/2"}],"replies":[{"embeddable":true,"href":"http:\/\/nebula-b.com\/tr\/wp-json\/wp\/v2\/comments?post=1833"}],"version-history":[{"count":1,"href":"http:\/\/nebula-b.com\/tr\/wp-json\/wp\/v2\/pages\/1833\/revisions"}],"predecessor-version":[{"id":2411,"href":"http:\/\/nebula-b.com\/tr\/wp-json\/wp\/v2\/pages\/1833\/revisions\/2411"}],"wp:attachment":[{"href":"http:\/\/nebula-b.com\/tr\/wp-json\/wp\/v2\/media?parent=1833"}],"curies":[{"name":"wp","href":"https:\/\/api.w.org\/{rel}","templated":true}]}}