{"id":290,"date":"2023-12-27T16:18:06","date_gmt":"2023-12-27T08:18:06","guid":{"rendered":"https:\/\/wp.kxwar.com\/?page_id=290"},"modified":"2024-04-16T11:10:55","modified_gmt":"2024-04-16T03:10:55","slug":"water-bath-slide-dryer","status":"publish","type":"page","link":"http:\/\/nebula-b.com\/fr\/sechoir-a-toboggans-a-bain-marie\/","title":{"rendered":"Bain-marie et s\u00e9choir \u00e0 toboggans"},"content":{"rendered":"<div class=\"wp-block-columns has-small-font-size is-layout-flex wp-container-core-columns-is-layout-b934f1a7 wp-block-columns-is-layout-flex\" style=\"border-style:none;border-width:0px;border-radius:0px;padding-top:0;padding-right:var(--wp--preset--spacing--20);padding-bottom:0;padding-left:var(--wp--preset--spacing--20)\">\n<div class=\"wp-block-column is-layout-flow wp-block-column-is-layout-flow\" style=\"flex-basis:40%\">\n<div class=\"wp-block-stackable-carousel stk-block-carousel stk--is-slide stk--arrows-justify-space-between stk--arrows-align-center stk-block stk-9336aea\" data-slides-to-show=\"\" data-block-id=\"9336aea\"><div class=\"stk-block-carousel__content-wrapper\"><div class=\"stk-row stk-inner-blocks stk-block-content stk-block-carousel__slider-wrapper stk-content-align stk-9336aea-column\"><div class=\"stk-block-carousel__slider\" role=\"list\" data-autoplay=\"4000\" data-label-slide-of=\"Slide %%d of %%d\">\n<div class=\"wp-block-stackable-column stk-block-column stk-column stk-block stk-e7af2ca\" data-v=\"4\" data-block-id=\"e7af2ca\"><style>.stk-e7af2ca{align-self:center !important}<\/style><div class=\"stk-column-wrapper stk-block-column__content stk-container stk-e7af2ca-container stk--no-background stk--no-padding\"><div class=\"stk-block-content stk-inner-blocks stk-e7af2ca-inner-blocks\">\n<div class=\"wp-block-stackable-image stk-block-image stk-block stk-d699d7e\" data-block-id=\"d699d7e\"><figure><span class=\"stk-img-wrapper stk-image--shape-stretch\"><img alt=\"Bain-marie et s\u00e9choir \u00e0 toboggans\" loading=\"lazy\" decoding=\"async\" class=\"stk-img wp-image-875\" src=\"https:\/\/nebula-b.com\/wp-content\/uploads\/2024\/02\/Water-bath.jpg\" width=\"1500\" height=\"1500\" srcset=\"http:\/\/nebula-b.com\/wp-content\/uploads\/2024\/02\/Water-bath.jpg 1500w, http:\/\/nebula-b.com\/wp-content\/uploads\/2024\/02\/Water-bath-300x300.jpg 300w, http:\/\/nebula-b.com\/wp-content\/uploads\/2024\/02\/Water-bath-1024x1024.jpg 1024w, http:\/\/nebula-b.com\/wp-content\/uploads\/2024\/02\/Water-bath-150x150.jpg 150w, http:\/\/nebula-b.com\/wp-content\/uploads\/2024\/02\/Water-bath-768x768.jpg 768w\" sizes=\"auto, (max-width: 1500px) 100vw, 1500px\" \/><\/span><\/figure><\/div>\n<\/div><\/div><\/div>\n<\/div><div class=\"stk-block-carousel__buttons\"><button class=\"stk-block-carousel__button stk-block-carousel__button__prev\" aria-label=\"Diapositive pr\u00e9c\u00e9dente\"><svg aria-hidden=\"true\" focusable=\"false\" data-prefix=\"fas\" data-icon=\"chevron-left\" class=\"svg-inline--fa fa-chevron-left\" xmlns=\"http:\/\/www.w3.org\/2000\/svg\" viewbox=\"0 0 320 512\" width=\"32\" height=\"32\"><path d=\"M34.52 239.03L228.87 44.69c9.37-9.37 24.57-9.37 33.94 0l22.67 22.67c9.36 9.36 9.37 24.52.04 33.9L131.49 256l154.02 154.75c9.34 9.38 9.32 24.54-.04 33.9l-22.67 22.67c-9.37 9.37-24.57 9.37-33.94 0L34.52 272.97c-9.37-9.37-9.37-24.57 0-33.94z\"><\/path><\/svg><\/button><button class=\"stk-block-carousel__button stk-block-carousel__button__next\" aria-label=\"Diapositive suivante\"><svg aria-hidden=\"true\" focusable=\"false\" data-prefix=\"fas\" data-icon=\"chevron-right\" class=\"svg-inline--fa fa-chevron-right\" xmlns=\"http:\/\/www.w3.org\/2000\/svg\" viewbox=\"0 0 320 512\" width=\"32\" height=\"32\"><path d=\"M285.476 272.971L91.132 467.314c-9.373 9.373-24.569 9.373-33.941 0l-22.667-22.667c-9.357-9.357-9.375-24.522-.04-33.901L188.505 256 34.484 101.255c-9.335-9.379-9.317-24.544.04-33.901l22.667-22.667c9.373-9.373 24.569-9.373 33.941 0L285.475 239.03c9.373 9.372 9.373 24.568.001 33.941z\"><\/path><\/svg><\/button><\/div><\/div><div class=\"stk-block-carousel__dots\" role=\"list\" data-label=\"Slide %%d\"><\/div><\/div><\/div>\n<\/div>\n\n\n\n<div class=\"wp-block-column is-layout-flow wp-block-column-is-layout-flow\" style=\"border-style:none;border-width:0px;flex-basis:60%\">\n<p style=\"font-size:16px\"><strong>Caract\u00e9ristiques<\/strong><\/p>\n\n\n\n<p style=\"font-size:15px\">\u2727 Trois fonctions de bain d&#039;eau, d&#039;a\u00e9ration et de r\u00e9chauffement dans un seul mod\u00e8le\u00a0;<br>\u2727 \u00e9cran tactile couleur haute d\u00e9finition\u00a0;&nbsp;<br>\u2727 fonction de minuterie qui peut \u00eatre r\u00e9gl\u00e9e pour d\u00e9marrer ou s&#039;arr\u00eater \u00e0 tout moment du lundi au dimanche\u00a0;<br>\u2727 contr\u00f4le individuel du bain, de l&#039;a\u00e9ration et du r\u00e9chauffement du toboggan ;<br>\u2727 fonction de rappel sonore unique disponible pour n&#039;importe quelle dur\u00e9e\u00a0;<br>\u2727 triple syst\u00e8me de protection contre le contr\u00f4le de la temp\u00e9rature qui emp\u00eache les sections de tissus d&#039;\u00eatre endommag\u00e9es par une temp\u00e9rature excessive.<\/p>\n<\/div>\n<\/div>\n\n\n\n<p><strong>Param\u00e8tres<\/strong><\/p>\n\n\n\n<figure class=\"wp-block-table is-style-stripes\"><table><tbody><tr><td><strong>Num\u00e9ro de mod\u00e8le.<\/strong> <\/td><td><strong>SD 321<\/strong><br>Bain-marie et s\u00e9choir \u00e0 toboggans<\/td><\/tr><tr><td>Bain-marie (L\u00d7L\u00d7H)<\/td><td>210*170*55mm. La lumi\u00e8re LED basse tension avec luminosit\u00e9 r\u00e9glable en continu au fond du r\u00e9servoir permet un affichage plus clair des diapositives\u00a0;<\/td><\/tr><tr><td>Chauffe-diapositives<\/td><td>La surface color\u00e9e r\u00e9sistante \u00e0 l&#039;usure et la conception biseaut\u00e9e multicouche am\u00e9liorent efficacement la capacit\u00e9 jusqu&#039;\u00e0 60 diapositives\u00a0;<\/td><\/tr><tr><td>R\u00e9servoir de soufflage d&#039;air coulissant (L\u00d7L\u00d7H)<\/td><td>240*152*110mm. 6 ensembles de supports de coloration standard peuvent \u00eatre plac\u00e9s et 180 lames peuvent \u00eatre trait\u00e9es en m\u00eame temps\u00a0;<\/td><\/tr><tr><td>Dimension (L\u00d7L\u00d7H)<\/td><td>570*430*180mm<\/td><\/tr><\/tbody><\/table><\/figure>","protected":false},"excerpt":{"rendered":"<p>Features \u2727 Three functions of water bathing, airing and warming in one design;\u2727 high-definition color touch screen;&nbsp;\u2727&nbsp;timing function which can be set to start or stop at any time from Monday to Sunday;\u2727 individually control of slide bathing, airing and warming;\u2727 unique buzzer reminder function available for any length of time;\u2727 triple temperature control protection&hellip;&nbsp;<a href=\"http:\/\/nebula-b.com\/fr\/sechoir-a-toboggans-a-bain-marie\/\" class=\"\" rel=\"bookmark\">Lire la suite \u00bb<span class=\"screen-reader-text\">Bain-marie et s\u00e9choir \u00e0 toboggans<\/span><\/a><\/p>","protected":false},"author":2,"featured_media":0,"parent":0,"menu_order":0,"comment_status":"closed","ping_status":"closed","template":"","meta":{"_uag_custom_page_level_css":"","ub_ctt_via":"","neve_meta_sidebar":"","neve_meta_container":"","neve_meta_enable_content_width":"","neve_meta_content_width":0,"neve_meta_title_alignment":"","neve_meta_author_avatar":"","neve_post_elements_order":"","neve_meta_disable_header":"","neve_meta_disable_footer":"","neve_meta_disable_title":"","_themeisle_gutenberg_block_has_review":false,"footnotes":""},"class_list":["post-290","page","type-page","status-publish","hentry"],"featured_image_src":null,"uagb_featured_image_src":{"full":false,"thumbnail":false,"medium":false,"medium_large":false,"large":false,"1536x1536":false,"2048x2048":false,"trp-custom-language-flag":false,"neve-blog":false},"uagb_author_info":{"display_name":"liu, stacey","author_link":"http:\/\/nebula-b.com\/fr\/author\/stacey\/"},"uagb_comment_info":0,"uagb_excerpt":"Features \u2727 Three functions of water bathing, airing and warming in one design;\u2727 high-definition color touch screen;&nbsp;\u2727&nbsp;timing function which can be set to start or stop at any time from Monday to Sunday;\u2727 individually control of slide bathing, airing and warming;\u2727 unique buzzer reminder function available for any length of time;\u2727 triple temperature control protection&hellip;&nbsp;Lire\u2026","_links":{"self":[{"href":"http:\/\/nebula-b.com\/fr\/wp-json\/wp\/v2\/pages\/290","targetHints":{"allow":["GET"]}}],"collection":[{"href":"http:\/\/nebula-b.com\/fr\/wp-json\/wp\/v2\/pages"}],"about":[{"href":"http:\/\/nebula-b.com\/fr\/wp-json\/wp\/v2\/types\/page"}],"author":[{"embeddable":true,"href":"http:\/\/nebula-b.com\/fr\/wp-json\/wp\/v2\/users\/2"}],"replies":[{"embeddable":true,"href":"http:\/\/nebula-b.com\/fr\/wp-json\/wp\/v2\/comments?post=290"}],"version-history":[{"count":3,"href":"http:\/\/nebula-b.com\/fr\/wp-json\/wp\/v2\/pages\/290\/revisions"}],"predecessor-version":[{"id":1874,"href":"http:\/\/nebula-b.com\/fr\/wp-json\/wp\/v2\/pages\/290\/revisions\/1874"}],"wp:attachment":[{"href":"http:\/\/nebula-b.com\/fr\/wp-json\/wp\/v2\/media?parent=290"}],"curies":[{"name":"wp","href":"https:\/\/api.w.org\/{rel}","templated":true}]}}