{"id":288,"date":"2023-12-27T16:17:16","date_gmt":"2023-12-27T08:17:16","guid":{"rendered":"https:\/\/wp.kxwar.com\/?page_id=288"},"modified":"2024-04-17T15:07:38","modified_gmt":"2024-04-17T07:07:38","slug":"paraffin-embedding-center","status":"publish","type":"page","link":"http:\/\/nebula-b.com\/fr\/station-dinclusion-de-paraffine\/","title":{"rendered":"Station d&#039;inclusion de paraffine"},"content":{"rendered":"<div class=\"wp-block-columns has-small-font-size is-layout-flex wp-container-core-columns-is-layout-b934f1a7 wp-block-columns-is-layout-flex\" style=\"border-style:none;border-width:0px;border-radius:0px;padding-top:0;padding-right:var(--wp--preset--spacing--20);padding-bottom:0;padding-left:var(--wp--preset--spacing--20)\">\n<div class=\"wp-block-column is-layout-flow wp-block-column-is-layout-flow\" style=\"flex-basis:40%\">\n<div class=\"wp-block-stackable-carousel stk-block-carousel stk--is-slide stk--arrows-justify-space-between stk--arrows-align-center stk-block stk-9336aea\" data-slides-to-show=\"\" data-block-id=\"9336aea\"><div class=\"stk-block-carousel__content-wrapper\"><div class=\"stk-row stk-inner-blocks stk-block-content stk-block-carousel__slider-wrapper stk-content-align stk-9336aea-column\"><div class=\"stk-block-carousel__slider\" role=\"list\" data-autoplay=\"4000\" data-label-slide-of=\"Slide %%d of %%d\">\n<div class=\"wp-block-stackable-column stk-block-column stk-column stk-block stk-e7af2ca\" data-v=\"4\" data-block-id=\"e7af2ca\"><style>.stk-e7af2ca{align-self:center !important}<\/style><div class=\"stk-column-wrapper stk-block-column__content stk-container stk-e7af2ca-container stk--no-background stk--no-padding\"><div class=\"stk-block-content stk-inner-blocks stk-e7af2ca-inner-blocks\">\n<div class=\"wp-block-stackable-image stk-block-image stk-block stk-d699d7e\" data-block-id=\"d699d7e\"><figure><span class=\"stk-img-wrapper stk-image--shape-stretch\"><img alt=\"Station d&#039;inclusion de paraffine\" loading=\"lazy\" decoding=\"async\" class=\"stk-img wp-image-867\" src=\"https:\/\/nebula-b.com\/wp-content\/uploads\/2024\/02\/paraffin1.jpg\" width=\"1500\" height=\"1500\" srcset=\"http:\/\/nebula-b.com\/wp-content\/uploads\/2024\/02\/paraffin1.jpg 1500w, http:\/\/nebula-b.com\/wp-content\/uploads\/2024\/02\/paraffin1-300x300.jpg 300w, http:\/\/nebula-b.com\/wp-content\/uploads\/2024\/02\/paraffin1-1024x1024.jpg 1024w, http:\/\/nebula-b.com\/wp-content\/uploads\/2024\/02\/paraffin1-150x150.jpg 150w, http:\/\/nebula-b.com\/wp-content\/uploads\/2024\/02\/paraffin1-768x768.jpg 768w\" sizes=\"auto, (max-width: 1500px) 100vw, 1500px\" \/><\/span><\/figure><\/div>\n<\/div><\/div><\/div>\n<\/div><div class=\"stk-block-carousel__buttons\"><button class=\"stk-block-carousel__button stk-block-carousel__button__prev\" aria-label=\"Diapositive pr\u00e9c\u00e9dente\"><svg aria-hidden=\"true\" focusable=\"false\" data-prefix=\"fas\" data-icon=\"chevron-left\" class=\"svg-inline--fa fa-chevron-left\" xmlns=\"http:\/\/www.w3.org\/2000\/svg\" viewbox=\"0 0 320 512\" width=\"32\" height=\"32\"><path d=\"M34.52 239.03L228.87 44.69c9.37-9.37 24.57-9.37 33.94 0l22.67 22.67c9.36 9.36 9.37 24.52.04 33.9L131.49 256l154.02 154.75c9.34 9.38 9.32 24.54-.04 33.9l-22.67 22.67c-9.37 9.37-24.57 9.37-33.94 0L34.52 272.97c-9.37-9.37-9.37-24.57 0-33.94z\"><\/path><\/svg><\/button><button class=\"stk-block-carousel__button stk-block-carousel__button__next\" aria-label=\"Diapositive suivante\"><svg aria-hidden=\"true\" focusable=\"false\" data-prefix=\"fas\" data-icon=\"chevron-right\" class=\"svg-inline--fa fa-chevron-right\" xmlns=\"http:\/\/www.w3.org\/2000\/svg\" viewbox=\"0 0 320 512\" width=\"32\" height=\"32\"><path d=\"M285.476 272.971L91.132 467.314c-9.373 9.373-24.569 9.373-33.941 0l-22.667-22.667c-9.357-9.357-9.375-24.522-.04-33.901L188.505 256 34.484 101.255c-9.335-9.379-9.317-24.544.04-33.901l22.667-22.667c9.373-9.373 24.569-9.373 33.941 0L285.475 239.03c9.373 9.372 9.373 24.568.001 33.941z\"><\/path><\/svg><\/button><\/div><\/div><div class=\"stk-block-carousel__dots\" role=\"list\" data-label=\"Slide %%d\"><\/div><\/div><\/div>\n<\/div>\n\n\n\n<div class=\"wp-block-column is-layout-flow wp-block-column-is-layout-flow\" style=\"border-style:none;border-width:0px;flex-basis:60%\">\n<p style=\"font-size:16px\"><strong>\u00c9P 1314<\/strong><\/p>\n\n\n\n<p style=\"font-size:15px\">Dimension de la plaque froide (L*W*H) : 620mm*380mm*410m<br>Puissance de la plaque froide : 200VA<br>Dimension de la surface de travail de la plaque froide\u00a0: 345\u00a0mm*330\u00a0mm<br>Plage de contr\u00f4le de la temp\u00e9rature de la plaque froide\u00a0: -30 ~ 30 \u2103<br>Dimension du r\u00e9servoir de paraffine (L*W*H) : 270mm*150mm*150mm<br>Contenance : 6L<br>Zone chauff\u00e9e (L*W*H) : 620mm*560mm*410mm<br>Puissance de la zone chauff\u00e9e : 1000W<\/p>\n<\/div>\n<\/div>\n\n\n\n<p><strong>Caract\u00e9ristiques<\/strong><\/p>\n\n\n\n<p>\u2727 La zone chauff\u00e9e et la plaque froide adoptent des \u00e9crans tactiles couleur haute d\u00e9finition, qui offrent un affichage clair et une utilisation facile\u00a0;<br>\u2727 La zone chauff\u00e9e et la plaque froide ont des fonctions de minuterie, qui peuvent \u00eatre r\u00e9gl\u00e9es pour d\u00e9marrer ou s&#039;arr\u00eater \u00e0 tout moment du lundi au dimanche\u00a0;<br>\u2727 La zone chauff\u00e9e et la plaque froide sont interchangeables pour s&#039;adapter aux diff\u00e9rentes habitudes d&#039;utilisation des clients\u00a0;<br>\u2727 La surface de la plaque froide est form\u00e9e CNC \u00e0 partir d&#039;une plaque d&#039;aluminium 6061 de 12 mm d&#039;\u00e9paisseur et trait\u00e9e avec une technologie sp\u00e9ciale r\u00e9sistante \u00e0 l&#039;usure, qui peut traiter plusieurs blocs de paraffine de tissus en m\u00eame temps ;<br>\u2727 * La temp\u00e9rature de la plaque froide peut \u00eatre r\u00e9gl\u00e9e arbitrairement et avec pr\u00e9cision en fonction des besoins de l&#039;utilisateur dans la plage de -30 \u00e0 30 \u2103\u00a0;<br>\u2727 Plaque froide auxiliaire pour l&#039;int\u00e9gration de petits tissus\u00a0: diff\u00e9rentes temp\u00e9ratures de refroidissement peuvent \u00eatre r\u00e9gl\u00e9es en cons\u00e9quence\u00a0;<br>\u2727 Les multiples protections de contr\u00f4le de la temp\u00e9rature de la zone chauff\u00e9e : contr\u00f4le de la temp\u00e9rature par ordinateur enti\u00e8rement automatique, surveillance et contr\u00f4le du thermostat, et temp\u00e9rature de fusion de la paraffine s\u00fbre dans la plage de r\u00e9glage de la temp\u00e9rature de 0\u00b0C \u00e0 75\u00b0C ;<br>\u2727 Les r\u00e9servoirs de pr\u00e9chauffage gauche et droit sont amovibles et peuvent \u00eatre chauff\u00e9s et contr\u00f4l\u00e9s ind\u00e9pendamment\u00a0;<br>\u2727 \u00c9clairage : \u00e9clairage LED basse tension avec luminosit\u00e9 r\u00e9glable en continu, lumineux, s\u00fbr et \u00e9conome en \u00e9nergie ;<br>\u2727 Le nouveau syst\u00e8me d&#039;\u00e9vacuation de la paraffine (8 trous) rend la surface de travail facile \u00e0 nettoyer, emp\u00eachant la paraffine de s&#039;accumuler sur la surface ;<br>\u2727 La pince \u00e0 \u00e9piler peut \u00eatre chauff\u00e9e et peut \u00eatre facilement retir\u00e9e par la gauche ou la droite ;<br>\u2727 * Les fonctions uniques de coupe-paraffine double : il y a des coupe-paraffines aux deux extr\u00e9mit\u00e9s de la surface de travail ;<br>\u2727 * Plusieurs points de chauffage ind\u00e9pendants : r\u00e9servoir de pr\u00e9chauffage gauche, r\u00e9servoir de pr\u00e9chauffage droit, plan de travail, r\u00e9servoir de paraffine, tube de paraffine, trimmer gauche et trimmer droit ;&nbsp;<br>\u2727 Il existe deux mani\u00e8res de distribuer de la paraffine par interrupteur \u00e0 contact et p\u00e9dale, faciles et pratiques \u00e0 utiliser.<\/p>","protected":false},"excerpt":{"rendered":"<p>PE 1314 Cold plate dimension(L*W*H): 620mm*380mm*410mCold plate power: 200VACold plate work surface dimension: 345mm*330mmCold plate temperature control range: -30~30\u2103Paraffin reservoir dimension(L*W*H): 270mm*150mm*150mmVolume: 6LHeated area(L*W*H): 620mm*560mm*410mmHeated area power: 1000W Features \u2727 Both the heated area and cold plate adopt high-definition color touch screens, which provides clear display and easy operation;\u2727 Both the heated area and cold&hellip;&nbsp;<a href=\"http:\/\/nebula-b.com\/fr\/station-dinclusion-de-paraffine\/\" class=\"\" rel=\"bookmark\">Lire la suite \u00bb<span class=\"screen-reader-text\">Station d&#039;inclusion de paraffine<\/span><\/a><\/p>","protected":false},"author":2,"featured_media":0,"parent":0,"menu_order":0,"comment_status":"closed","ping_status":"closed","template":"","meta":{"_uag_custom_page_level_css":"","ub_ctt_via":"","neve_meta_sidebar":"","neve_meta_container":"","neve_meta_enable_content_width":"","neve_meta_content_width":0,"neve_meta_title_alignment":"","neve_meta_author_avatar":"","neve_post_elements_order":"","neve_meta_disable_header":"","neve_meta_disable_footer":"","neve_meta_disable_title":"","_themeisle_gutenberg_block_has_review":false,"footnotes":""},"class_list":["post-288","page","type-page","status-publish","hentry"],"featured_image_src":null,"uagb_featured_image_src":{"full":false,"thumbnail":false,"medium":false,"medium_large":false,"large":false,"1536x1536":false,"2048x2048":false,"trp-custom-language-flag":false,"neve-blog":false},"uagb_author_info":{"display_name":"liu, stacey","author_link":"http:\/\/nebula-b.com\/fr\/author\/stacey\/"},"uagb_comment_info":0,"uagb_excerpt":"PE 1314 Cold plate dimension(L*W*H): 620mm*380mm*410mCold plate power: 200VACold plate work surface dimension: 345mm*330mmCold plate temperature control range: -30~30\u2103Paraffin reservoir dimension(L*W*H): 270mm*150mm*150mmVolume: 6LHeated area(L*W*H): 620mm*560mm*410mmHeated area power: 1000W Features \u2727 Both the heated area and cold plate adopt high-definition color touch screens, which provides clear display and easy operation;\u2727 Both the heated area and cold&hellip;&nbsp;Lire\u2026","_links":{"self":[{"href":"http:\/\/nebula-b.com\/fr\/wp-json\/wp\/v2\/pages\/288","targetHints":{"allow":["GET"]}}],"collection":[{"href":"http:\/\/nebula-b.com\/fr\/wp-json\/wp\/v2\/pages"}],"about":[{"href":"http:\/\/nebula-b.com\/fr\/wp-json\/wp\/v2\/types\/page"}],"author":[{"embeddable":true,"href":"http:\/\/nebula-b.com\/fr\/wp-json\/wp\/v2\/users\/2"}],"replies":[{"embeddable":true,"href":"http:\/\/nebula-b.com\/fr\/wp-json\/wp\/v2\/comments?post=288"}],"version-history":[{"count":5,"href":"http:\/\/nebula-b.com\/fr\/wp-json\/wp\/v2\/pages\/288\/revisions"}],"predecessor-version":[{"id":1871,"href":"http:\/\/nebula-b.com\/fr\/wp-json\/wp\/v2\/pages\/288\/revisions\/1871"}],"wp:attachment":[{"href":"http:\/\/nebula-b.com\/fr\/wp-json\/wp\/v2\/media?parent=288"}],"curies":[{"name":"wp","href":"https:\/\/api.w.org\/{rel}","templated":true}]}}