{"id":285,"date":"2023-12-27T16:15:44","date_gmt":"2023-12-27T08:15:44","guid":{"rendered":"https:\/\/wp.kxwar.com\/?page_id=285"},"modified":"2024-04-16T11:06:35","modified_gmt":"2024-04-16T03:06:35","slug":"cryostat","status":"publish","type":"page","link":"http:\/\/nebula-b.com\/fr\/cryostat\/","title":{"rendered":"Cryostat"},"content":{"rendered":"<div class=\"wp-block-columns has-small-font-size is-layout-flex wp-container-core-columns-is-layout-b934f1a7 wp-block-columns-is-layout-flex\" style=\"border-style:none;border-width:0px;border-radius:0px;padding-top:0;padding-right:var(--wp--preset--spacing--20);padding-bottom:0;padding-left:var(--wp--preset--spacing--20)\">\n<div class=\"wp-block-column is-layout-flow wp-block-column-is-layout-flow\" style=\"flex-basis:40%\">\n<div class=\"wp-block-stackable-carousel stk-block-carousel stk--is-slide stk--arrows-justify-space-between stk--arrows-align-center stk-block stk-9336aea\" data-slides-to-show=\"\" data-block-id=\"9336aea\"><div class=\"stk-block-carousel__content-wrapper\"><div class=\"stk-row stk-inner-blocks stk-block-content stk-block-carousel__slider-wrapper stk-content-align stk-9336aea-column\"><div class=\"stk-block-carousel__slider\" role=\"list\" data-autoplay=\"4000\" data-label-slide-of=\"Slide %%d of %%d\">\n<div class=\"wp-block-stackable-column stk-block-column stk-column stk-block stk-e7af2ca\" data-v=\"4\" data-block-id=\"e7af2ca\"><style>.stk-e7af2ca{align-self:center !important}<\/style><div class=\"stk-column-wrapper stk-block-column__content stk-container stk-e7af2ca-container stk--no-background stk--no-padding\"><div class=\"stk-block-content stk-inner-blocks stk-e7af2ca-inner-blocks\">\n<div class=\"wp-block-stackable-image stk-block-image stk-block stk-d699d7e\" data-block-id=\"d699d7e\"><figure><span class=\"stk-img-wrapper stk-image--shape-stretch\"><img alt=\"Cryostat\" loading=\"lazy\" decoding=\"async\" class=\"stk-img wp-image-381\" src=\"https:\/\/nebula-b.com\/wp-content\/uploads\/2024\/01\/Cryostat.jpg\" width=\"1500\" height=\"1500\" srcset=\"http:\/\/nebula-b.com\/wp-content\/uploads\/2024\/01\/Cryostat.jpg 1500w, http:\/\/nebula-b.com\/wp-content\/uploads\/2024\/01\/Cryostat-300x300.jpg 300w, http:\/\/nebula-b.com\/wp-content\/uploads\/2024\/01\/Cryostat-1024x1024.jpg 1024w, http:\/\/nebula-b.com\/wp-content\/uploads\/2024\/01\/Cryostat-150x150.jpg 150w, http:\/\/nebula-b.com\/wp-content\/uploads\/2024\/01\/Cryostat-768x768.jpg 768w\" sizes=\"auto, (max-width: 1500px) 100vw, 1500px\" \/><\/span><\/figure><\/div>\n<\/div><\/div><\/div>\n\n\n\n<div class=\"wp-block-stackable-column stk-block-column stk-column stk-block stk-6847d17\" data-v=\"4\" data-block-id=\"6847d17\"><style>.stk-6847d17{align-self:center !important}<\/style><div class=\"stk-column-wrapper stk-block-column__content stk-container stk-6847d17-container stk--no-background stk--no-padding\"><div class=\"stk-block-content stk-inner-blocks stk-6847d17-inner-blocks\">\n<div class=\"wp-block-stackable-image stk-block-image stk-block stk-eee5d3d\" data-block-id=\"eee5d3d\"><figure><span class=\"stk-img-wrapper stk-image--shape-stretch\"><img alt=\"Cryostat\" loading=\"lazy\" decoding=\"async\" class=\"stk-img wp-image-386\" src=\"https:\/\/nebula-b.com\/wp-content\/uploads\/2024\/01\/Cryostat\u7279\u8272.jpg\" width=\"884\" height=\"376\" srcset=\"http:\/\/nebula-b.com\/wp-content\/uploads\/2024\/01\/Cryostat\u7279\u8272.jpg 884w, http:\/\/nebula-b.com\/wp-content\/uploads\/2024\/01\/Cryostat\u7279\u8272-300x128.jpg 300w, http:\/\/nebula-b.com\/wp-content\/uploads\/2024\/01\/Cryostat\u7279\u8272-768x327.jpg 768w\" sizes=\"auto, (max-width: 884px) 100vw, 884px\" \/><\/span><\/figure><\/div>\n<\/div><\/div><\/div>\n\n\n\n<div class=\"wp-block-stackable-column stk-block-column stk-column stk-block stk-46359ed\" data-v=\"4\" data-block-id=\"46359ed\"><style>.stk-46359ed{align-self:center !important}<\/style><div class=\"stk-column-wrapper stk-block-column__content stk-container stk-46359ed-container stk--no-background stk--no-padding\"><div class=\"stk-block-content stk-inner-blocks stk-46359ed-inner-blocks\">\n<div class=\"wp-block-stackable-image stk-block-image stk-block stk-92800c8\" data-block-id=\"92800c8\"><figure><span class=\"stk-img-wrapper stk-image--shape-stretch\"><img alt=\"Cryostat\" loading=\"lazy\" decoding=\"async\" class=\"stk-img wp-image-384\" src=\"https:\/\/nebula-b.com\/wp-content\/uploads\/2024\/01\/Cryostat-\u7a0b\u5e8f.png\" width=\"211\" height=\"139\"\/><\/span><\/figure><\/div>\n<\/div><\/div><\/div>\n<\/div><div class=\"stk-block-carousel__buttons\"><button class=\"stk-block-carousel__button stk-block-carousel__button__prev\" aria-label=\"Diapositive pr\u00e9c\u00e9dente\"><svg aria-hidden=\"true\" focusable=\"false\" data-prefix=\"fas\" data-icon=\"chevron-left\" class=\"svg-inline--fa fa-chevron-left\" xmlns=\"http:\/\/www.w3.org\/2000\/svg\" viewbox=\"0 0 320 512\" width=\"32\" height=\"32\"><path d=\"M34.52 239.03L228.87 44.69c9.37-9.37 24.57-9.37 33.94 0l22.67 22.67c9.36 9.36 9.37 24.52.04 33.9L131.49 256l154.02 154.75c9.34 9.38 9.32 24.54-.04 33.9l-22.67 22.67c-9.37 9.37-24.57 9.37-33.94 0L34.52 272.97c-9.37-9.37-9.37-24.57 0-33.94z\"><\/path><\/svg><\/button><button class=\"stk-block-carousel__button stk-block-carousel__button__next\" aria-label=\"Diapositive suivante\"><svg aria-hidden=\"true\" focusable=\"false\" data-prefix=\"fas\" data-icon=\"chevron-right\" class=\"svg-inline--fa fa-chevron-right\" xmlns=\"http:\/\/www.w3.org\/2000\/svg\" viewbox=\"0 0 320 512\" width=\"32\" height=\"32\"><path d=\"M285.476 272.971L91.132 467.314c-9.373 9.373-24.569 9.373-33.941 0l-22.667-22.667c-9.357-9.357-9.375-24.522-.04-33.901L188.505 256 34.484 101.255c-9.335-9.379-9.317-24.544.04-33.901l22.667-22.667c9.373-9.373 24.569-9.373 33.941 0L285.475 239.03c9.373 9.372 9.373 24.568.001 33.941z\"><\/path><\/svg><\/button><\/div><\/div><div class=\"stk-block-carousel__dots\" role=\"list\" data-label=\"Slide %%d\"><\/div><\/div><\/div>\n<\/div>\n\n\n\n<div class=\"wp-block-column is-layout-flow wp-block-column-is-layout-flow\" style=\"border-style:none;border-width:0px;flex-basis:60%\">\n<p style=\"font-size:16px\"><strong>Caract\u00e9ristiques<\/strong> <\/p>\n\n\n\n<p style=\"font-size:15px\">\u2727 R\u00e9frig\u00e9ration cinq points \u00e0 deux compresseurs\u00a0;<br>\u2727 R\u00e9frig\u00e9ration \u00e0 tr\u00e8s basse temp\u00e9rature de -55\u00b0C\u00a0;<br>\u2727 \u00c9cran tactile couleur de 10 pouces\u00a0;<br>\u2727 Section de haute pr\u00e9cision 0,5\u03bcm.<\/p>\n<\/div>\n<\/div>\n\n\n\n<p><strong>Param\u00e8tres<\/strong><\/p>\n\n\n\n<figure class=\"wp-block-table is-style-stripes\"><table><tbody><tr><td><strong>Num\u00e9ro de mod\u00e8le. <\/strong><\/td><td><strong>QM-C3500<\/strong><br>Cryostat<\/td><\/tr><tr><td>M\u00e9thode de d\u00e9sinfection<\/td><td>par UV<\/td><\/tr><tr><td>Plage de contr\u00f4le de la temp\u00e9rature de la chambre cryog\u00e9nique<\/td><td>-50 \u2103 ~ 0 \u2103<\/td><\/tr><tr><td>Plage de contr\u00f4le de la temp\u00e9rature de l&#039;\u00e9tape de cong\u00e9lation<\/td><td>&nbsp;-55 \u2103 ~ 0 \u2103<\/td><\/tr><tr><td>Plage de contr\u00f4le de la temp\u00e9rature de la t\u00eate de l&#039;objet<\/td><td>&nbsp;-50 \u2103 ~ 0 \u2103<\/td><\/tr><tr><td colspan=\"2\">La temp\u00e9rature du semi-conducteur suppl\u00e9mentaire de l&#039;\u00e9tape de cong\u00e9lation peut atteindre -60\u2103<\/td><\/tr><tr><td>Points de cong\u00e9lation des \u00e9chantillons au stade de cong\u00e9lation sans gel<\/td><td>24<\/td><\/tr><tr><td>Points de cong\u00e9lation suppl\u00e9mentaires des semi-conducteurs de l&#039;\u00e9tape de cong\u00e9lation<\/td><td>6<\/td><\/tr><tr><td>Temps de travail de cong\u00e9lation rapide des semi-conducteurs<\/td><td>15 minutes;<\/td><\/tr><tr><td>Taille maximale de l&#039;\u00e9chantillon<\/td><td>55*80mm<\/td><\/tr><tr><td>Sp\u00e9cimen de course de mouvement vertical<\/td><td>65mm<\/td><\/tr><tr><td>Sp\u00e9cimen de course de mouvement horizontal<\/td><td>22mm<\/td><\/tr><tr><td>Avance grossi\u00e8re motoris\u00e9e \u00e0 deux vitesses<\/td><td>0,9 mm\/s et 0,45 mm\/s<\/td><\/tr><tr><td>\u00c9paisseur des sections<\/td><td>0,5 ~ 100 \u03bcm r\u00e9glable : 0,5 ~ 5 \u03bcm par incr\u00e9ment de 5 \u03bcm ; 5 ~ 20 \u03bcm par incr\u00e9ment de 1 \u03bcm\u00a0; 20 ~ 50 \u03bcm par incr\u00e9ments de 2 \u03bcm\u00a0; 50 \uff5e 100 \u03bcm par incr\u00e9ments de 5 \u03bcm\u00a0;<\/td><\/tr><tr><td>\u00c9paisseur de coupe<\/td><td>0 ~ 600 \u03bcm r\u00e9glable\u00a0; 0 ~ 50 \u03bcm par incr\u00e9ment de 5 \u03bcm\u00a0; 50 \uff5e 100 \u03bcm par incr\u00e9ments de 10 \u03bcm\u00a0; 100 ~ 600 \u03bcm par incr\u00e9ments de 50 \u03bcm\u00a0;<\/td><\/tr><tr><td>Valeur de r\u00e9traction de l&#039;\u00e9chantillon<\/td><td>0-60 \u03bcm r\u00e9glable, par incr\u00e9ment de 2 \u03bcm.<\/td><\/tr><tr><td>Dimension&nbsp;<\/td><td>700*760*1160mm<\/td><\/tr><\/tbody><\/table><\/figure>\n\n\n\n<figure class=\"wp-block-gallery has-nested-images columns-default is-cropped wp-block-gallery-1 is-layout-flex wp-block-gallery-is-layout-flex\">\n<figure class=\"wp-block-image size-large\"><img loading=\"lazy\" decoding=\"async\" width=\"478\" height=\"327\" data-id=\"389\" src=\"https:\/\/nebula-b.com\/wp-content\/uploads\/2024\/01\/The-longitudinal-section-of-myocardium.png\" alt=\"Cryostat\" class=\"wp-image-389\" srcset=\"http:\/\/nebula-b.com\/wp-content\/uploads\/2024\/01\/The-longitudinal-section-of-myocardium.png 478w, http:\/\/nebula-b.com\/wp-content\/uploads\/2024\/01\/The-longitudinal-section-of-myocardium-300x205.png 300w\" sizes=\"auto, (max-width: 478px) 100vw, 478px\" \/><figcaption class=\"wp-element-caption\"><strong>*La coupe longitudinale du myocarde<\/strong><\/figcaption><\/figure>\n\n\n\n<figure class=\"wp-block-image size-large\"><img loading=\"lazy\" decoding=\"async\" width=\"477\" height=\"327\" data-id=\"388\" src=\"https:\/\/nebula-b.com\/wp-content\/uploads\/2024\/01\/The-cross-section-of-winter-jasmine-leaf.png\" alt=\"Cryostat\" class=\"wp-image-388\" srcset=\"http:\/\/nebula-b.com\/wp-content\/uploads\/2024\/01\/The-cross-section-of-winter-jasmine-leaf.png 477w, http:\/\/nebula-b.com\/wp-content\/uploads\/2024\/01\/The-cross-section-of-winter-jasmine-leaf-300x206.png 300w\" sizes=\"auto, (max-width: 477px) 100vw, 477px\" \/><figcaption class=\"wp-element-caption\"><strong>*La coupe transversale de la feuille de jasmin d&#039;hiver<\/strong><\/figcaption><\/figure>\n\n\n\n<figure class=\"wp-block-image size-large\"><img loading=\"lazy\" decoding=\"async\" width=\"477\" height=\"328\" data-id=\"387\" src=\"https:\/\/nebula-b.com\/wp-content\/uploads\/2024\/01\/Mushroom-section.png\" alt=\"Cryostat\" class=\"wp-image-387\" srcset=\"http:\/\/nebula-b.com\/wp-content\/uploads\/2024\/01\/Mushroom-section.png 477w, http:\/\/nebula-b.com\/wp-content\/uploads\/2024\/01\/Mushroom-section-300x206.png 300w\" sizes=\"auto, (max-width: 477px) 100vw, 477px\" \/><figcaption class=\"wp-element-caption\"><strong>*Section Champignons<\/strong><\/figcaption><\/figure>\n<\/figure>","protected":false},"excerpt":{"rendered":"<p>Features \u2727 Two-compressor five-point refrigeration;\u2727 -55\u00b0C ultra-low temperature refrigeration;\u2727 10-inch color touch screen;\u2727 0.5\u03bcm high-precision sectioning. Parameters Model No. QM-C3500Cryostat Disinfection method by UV Cryochamber temperature control range -50\u2103~0\u2103 Freezing stage temperature control range &nbsp;-55\u2103~0\u2103 Object head temperature control range &nbsp;-50\u2103~0\u2103 The temperature of the additional semiconductor of the freezing stage can reach -60\u2103 Frost-free&hellip;&nbsp;<a href=\"http:\/\/nebula-b.com\/fr\/cryostat\/\" class=\"\" rel=\"bookmark\">Lire la suite \u00bb<span class=\"screen-reader-text\">Cryostat<\/span><\/a><\/p>","protected":false},"author":2,"featured_media":0,"parent":0,"menu_order":0,"comment_status":"closed","ping_status":"closed","template":"","meta":{"_uag_custom_page_level_css":"","ub_ctt_via":"","neve_meta_sidebar":"","neve_meta_container":"","neve_meta_enable_content_width":"","neve_meta_content_width":0,"neve_meta_title_alignment":"","neve_meta_author_avatar":"","neve_post_elements_order":"","neve_meta_disable_header":"","neve_meta_disable_footer":"","neve_meta_disable_title":"","_themeisle_gutenberg_block_has_review":false,"footnotes":""},"class_list":["post-285","page","type-page","status-publish","hentry"],"featured_image_src":null,"uagb_featured_image_src":{"full":false,"thumbnail":false,"medium":false,"medium_large":false,"large":false,"1536x1536":false,"2048x2048":false,"trp-custom-language-flag":false,"neve-blog":false},"uagb_author_info":{"display_name":"liu, stacey","author_link":"http:\/\/nebula-b.com\/fr\/author\/stacey\/"},"uagb_comment_info":0,"uagb_excerpt":"Features \u2727 Two-compressor five-point refrigeration;\u2727 -55\u00b0C ultra-low temperature refrigeration;\u2727 10-inch color touch screen;\u2727 0.5\u03bcm high-precision sectioning. Parameters Model No. QM-C3500Cryostat Disinfection method by UV Cryochamber temperature control range -50\u2103~0\u2103 Freezing stage temperature control range &nbsp;-55\u2103~0\u2103 Object head temperature control range &nbsp;-50\u2103~0\u2103 The temperature of the additional semiconductor of the freezing stage can reach -60\u2103 Frost-free&hellip;&nbsp;Lire\u2026","_links":{"self":[{"href":"http:\/\/nebula-b.com\/fr\/wp-json\/wp\/v2\/pages\/285","targetHints":{"allow":["GET"]}}],"collection":[{"href":"http:\/\/nebula-b.com\/fr\/wp-json\/wp\/v2\/pages"}],"about":[{"href":"http:\/\/nebula-b.com\/fr\/wp-json\/wp\/v2\/types\/page"}],"author":[{"embeddable":true,"href":"http:\/\/nebula-b.com\/fr\/wp-json\/wp\/v2\/users\/2"}],"replies":[{"embeddable":true,"href":"http:\/\/nebula-b.com\/fr\/wp-json\/wp\/v2\/comments?post=285"}],"version-history":[{"count":3,"href":"http:\/\/nebula-b.com\/fr\/wp-json\/wp\/v2\/pages\/285\/revisions"}],"predecessor-version":[{"id":1870,"href":"http:\/\/nebula-b.com\/fr\/wp-json\/wp\/v2\/pages\/285\/revisions\/1870"}],"wp:attachment":[{"href":"http:\/\/nebula-b.com\/fr\/wp-json\/wp\/v2\/media?parent=285"}],"curies":[{"name":"wp","href":"https:\/\/api.w.org\/{rel}","templated":true}]}}