{"id":283,"date":"2023-12-27T16:12:04","date_gmt":"2023-12-27T08:12:04","guid":{"rendered":"https:\/\/wp.kxwar.com\/?page_id=283"},"modified":"2024-06-07T15:00:38","modified_gmt":"2024-06-07T07:00:38","slug":"chemiluminescence-imaging-systems","status":"publish","type":"page","link":"http:\/\/nebula-b.com\/fr\/systemes-dimagerie-par-chimiluminescence-par-fluorescence\/","title":{"rendered":"Syst\u00e8mes d&#039;imagerie multifonctionnels par fluorescence\/chimiluminescence"},"content":{"rendered":"<div class=\"wp-block-uagb-container uagb-block-a203b57d alignfull uagb-is-root-container\"><div class=\"uagb-container-inner-blocks-wrap\">\n<div class=\"wp-block-columns has-small-font-size is-layout-flex wp-container-core-columns-is-layout-b934f1a7 wp-block-columns-is-layout-flex\" style=\"border-style:none;border-width:0px;border-radius:0px;padding-top:0;padding-right:var(--wp--preset--spacing--20);padding-bottom:0;padding-left:var(--wp--preset--spacing--20)\">\n<div class=\"wp-block-column is-layout-flow wp-block-column-is-layout-flow\" style=\"flex-basis:40%\">\n<div class=\"wp-block-stackable-carousel stk-block-carousel stk--is-slide stk--arrows-justify-space-between stk--arrows-align-center stk-block stk-fd1a0a7\" data-slides-to-show=\"\" data-block-id=\"fd1a0a7\"><div class=\"stk-block-carousel__content-wrapper\"><div class=\"stk-row stk-inner-blocks stk-block-content stk-block-carousel__slider-wrapper stk-content-align stk-fd1a0a7-column\"><div class=\"stk-block-carousel__slider\" role=\"list\" data-autoplay=\"4000\" data-label-slide-of=\"Slide %%d of %%d\">\n<div class=\"wp-block-stackable-column stk-block-column stk-column stk-block stk-dcbaa5d\" data-v=\"4\" data-block-id=\"dcbaa5d\"><style>.stk-dcbaa5d{align-self:center !important}<\/style><div class=\"stk-column-wrapper stk-block-column__content stk-container stk-dcbaa5d-container stk--no-background stk--no-padding\"><div class=\"stk-block-content stk-inner-blocks stk-dcbaa5d-inner-blocks\">\n<div class=\"wp-block-stackable-image stk-block-image stk-block stk-ccdae6d\" data-block-id=\"ccdae6d\"><figure><span class=\"stk-img-wrapper stk-image--shape-stretch\"><img alt=\"Syst\u00e8mes d&#039;imagerie multifonctionnels par fluorescence\/chimiluminescence\" loading=\"lazy\" decoding=\"async\" class=\"stk-img wp-image-923\" src=\"https:\/\/nebula-b.com\/wp-content\/uploads\/2024\/03\/M6.jpg\" width=\"260\" height=\"240\"\/><\/span><\/figure><\/div>\n<\/div><\/div><\/div>\n\n\n\n<div class=\"wp-block-stackable-column stk-block-column stk-column stk-block stk-17ee126\" data-v=\"4\" data-block-id=\"17ee126\"><style>.stk-17ee126{align-self:center !important}<\/style><div class=\"stk-column-wrapper stk-block-column__content stk-container stk-17ee126-container stk--no-background stk--no-padding\"><div class=\"stk-block-content stk-inner-blocks stk-17ee126-inner-blocks\">\n<div class=\"wp-block-stackable-image stk-block-image stk-block stk-2eca6b3\" data-block-id=\"2eca6b3\"><figure><span class=\"stk-img-wrapper stk-image--shape-stretch\"><img alt=\"Syst\u00e8mes d&#039;imagerie multifonctionnels par fluorescence\/chimiluminescence\" loading=\"lazy\" decoding=\"async\" class=\"stk-img wp-image-1121\" src=\"https:\/\/nebula-b.com\/wp-content\/uploads\/2024\/03\/\u5316\u5b66\u53d1\u5149\u767d.png\" width=\"453\" height=\"471\" srcset=\"http:\/\/nebula-b.com\/wp-content\/uploads\/2024\/03\/\u5316\u5b66\u53d1\u5149\u767d.png 453w, http:\/\/nebula-b.com\/wp-content\/uploads\/2024\/03\/\u5316\u5b66\u53d1\u5149\u767d-289x300.png 289w\" sizes=\"auto, (max-width: 453px) 100vw, 453px\" \/><\/span><\/figure><\/div>\n<\/div><\/div><\/div>\n\n\n\n<div class=\"wp-block-stackable-column stk-block-column stk-column stk-block stk-38e7709\" data-v=\"4\" data-block-id=\"38e7709\"><style>.stk-38e7709{align-self:center !important}<\/style><div class=\"stk-column-wrapper stk-block-column__content stk-container stk-38e7709-container stk--no-background stk--no-padding\"><div class=\"stk-block-content stk-inner-blocks stk-38e7709-inner-blocks\">\n<div class=\"wp-block-stackable-image stk-block-image stk-block stk-f8b336b\" data-block-id=\"f8b336b\"><figure><span class=\"stk-img-wrapper stk-image--shape-stretch\"><img loading=\"lazy\" decoding=\"async\" class=\"stk-img wp-image-1999\" src=\"https:\/\/nebula-b.com\/wp-content\/uploads\/2024\/04\/gel-documentation.png\" width=\"400\" height=\"400\" alt=\"gel-doc\" srcset=\"http:\/\/nebula-b.com\/wp-content\/uploads\/2024\/04\/gel-documentation.png 400w, http:\/\/nebula-b.com\/wp-content\/uploads\/2024\/04\/gel-documentation-300x300.png 300w, http:\/\/nebula-b.com\/wp-content\/uploads\/2024\/04\/gel-documentation-150x150.png 150w, http:\/\/nebula-b.com\/wp-content\/uploads\/2024\/04\/gel-documentation-12x12.png 12w\" sizes=\"auto, (max-width: 400px) 100vw, 400px\" \/><\/span><\/figure><\/div>\n<\/div><\/div><\/div>\n\n\n\n<div class=\"wp-block-stackable-column stk-block-column stk-column stk-block stk-8e5fc80\" data-v=\"4\" data-block-id=\"8e5fc80\"><style>.stk-8e5fc80{align-self:center !important}<\/style><div class=\"stk-column-wrapper stk-block-column__content stk-container stk-8e5fc80-container stk--no-background stk--no-padding\"><div class=\"stk-block-content stk-inner-blocks stk-8e5fc80-inner-blocks\">\n<div class=\"wp-block-stackable-image stk-block-image stk-block stk-f9c5a9b\" data-block-id=\"f9c5a9b\"><figure><span class=\"stk-img-wrapper stk-image--shape-stretch\"><img alt=\"Syst\u00e8mes d&#039;imagerie multifonctionnels par fluorescence\/chimiluminescence\" loading=\"lazy\" decoding=\"async\" class=\"stk-img wp-image-922\" src=\"https:\/\/nebula-b.com\/wp-content\/uploads\/2024\/03\/NL-mini10.jpg\" width=\"260\" height=\"260\" srcset=\"http:\/\/nebula-b.com\/wp-content\/uploads\/2024\/03\/NL-mini10.jpg 260w, http:\/\/nebula-b.com\/wp-content\/uploads\/2024\/03\/NL-mini10-150x150.jpg 150w\" sizes=\"auto, (max-width: 260px) 100vw, 260px\" \/><\/span><\/figure><\/div>\n<\/div><\/div><\/div>\n<\/div><div class=\"stk-block-carousel__buttons\"><button class=\"stk-block-carousel__button stk-block-carousel__button__prev\" aria-label=\"Diapositive pr\u00e9c\u00e9dente\"><svg aria-hidden=\"true\" focusable=\"false\" data-prefix=\"fas\" data-icon=\"chevron-left\" class=\"svg-inline--fa fa-chevron-left\" xmlns=\"http:\/\/www.w3.org\/2000\/svg\" viewbox=\"0 0 320 512\" width=\"32\" height=\"32\"><path d=\"M34.52 239.03L228.87 44.69c9.37-9.37 24.57-9.37 33.94 0l22.67 22.67c9.36 9.36 9.37 24.52.04 33.9L131.49 256l154.02 154.75c9.34 9.38 9.32 24.54-.04 33.9l-22.67 22.67c-9.37 9.37-24.57 9.37-33.94 0L34.52 272.97c-9.37-9.37-9.37-24.57 0-33.94z\"><\/path><\/svg><\/button><button class=\"stk-block-carousel__button stk-block-carousel__button__next\" aria-label=\"Diapositive suivante\"><svg aria-hidden=\"true\" focusable=\"false\" data-prefix=\"fas\" data-icon=\"chevron-right\" class=\"svg-inline--fa fa-chevron-right\" xmlns=\"http:\/\/www.w3.org\/2000\/svg\" viewbox=\"0 0 320 512\" width=\"32\" height=\"32\"><path d=\"M285.476 272.971L91.132 467.314c-9.373 9.373-24.569 9.373-33.941 0l-22.667-22.667c-9.357-9.357-9.375-24.522-.04-33.901L188.505 256 34.484 101.255c-9.335-9.379-9.317-24.544.04-33.901l22.667-22.667c9.373-9.373 24.569-9.373 33.941 0L285.475 239.03c9.373 9.372 9.373 24.568.001 33.941z\"><\/path><\/svg><\/button><\/div><\/div><div class=\"stk-block-carousel__dots\" role=\"list\" data-label=\"Slide %%d\"><\/div><\/div><\/div>\n<\/div>\n\n\n\n<div class=\"wp-block-column is-layout-flow wp-block-column-is-layout-flow\" style=\"border-style:none;border-width:0px;flex-basis:60%\">\n<p style=\"font-size:16px\"><strong>Caract\u00e9ristiques<\/strong> <\/p>\n\n\n\n<p style=\"font-size:15px\">\u2727 Cam\u00e9ra : puce CCD de r\u00e9frig\u00e9ration num\u00e9rique haute r\u00e9solution \u00e0 faible \u00e9clairage de qualit\u00e9 recherche scientifique ;<br>\u2727 Objectif : l&#039;objectif \u00e9lectrique \u00e0 tr\u00e8s grande ouverture convient \u00e0 la prise de vue d&#039;\u00e9chantillons de diff\u00e9rentes \u00e9paisseurs et peut obtenir une meilleure clart\u00e9 ;<br>\u2727 prise de vue en une seule touche\u00a0: obtenez des r\u00e9sultats d&#039;imagerie par transfert Western sans avoir \u00e0 d\u00e9terminer le temps d&#039;exposition\u00a0; prendre une photo pour superposer automatiquement l&#039;image du marqueur et l&#039;image de chimiluminescence, et g\u00e9n\u00e9rer trois images de chimiluminescence avec des effets diff\u00e9rents\u00a0;<br>\u2727 module de fluorescence : \u00e9quip\u00e9 d&#039;une roue \u00e0 filtres \u00e9lectrique, qui peut \u00eatre configur\u00e9e avec des filtres \u00e0 plusieurs longueurs d&#039;onde pour obtenir une imagerie de fluorescence multicolore ;<br>\u2727 conception modulaire : modularit\u00e9 du circuit de contr\u00f4le int\u00e9gr\u00e9, syst\u00e8me anti-collision intelligent et contr\u00f4le automatique du sommeil.<\/p>\n<\/div>\n<\/div>\n<\/div><\/div>\n\n\n\n<p><strong>Application:<\/strong><\/p>\n\n\n\n<p>D\u00e9tection par chimiluminescence de Western Lightning, ECL, ECL plus, CDP Star, SuperSignal, CSPD, LumiGlo et autres substrats luminescents\u00a0; certains mod\u00e8les peuvent \u00eatre utilis\u00e9s pour l&#039;imagerie v\u00e9g\u00e9tale in vivo et d&#039;autres substrats luminescents, les gels d&#039;ADN\/ARN, les gels de prot\u00e9ines, l&#039;hybridation par transfert Imagerie et analyse de plaques de gel d&#039;autoradiographie membranaire, de plaques d&#039;enzymes, de plaques de chromatographie sur couche mince et de bo\u00eetes de P\u00e9tri.<\/p>\n\n\n\n<p>L&#039;instrument utilise un CCD r\u00e9frig\u00e9r\u00e9 import\u00e9 \u00e0 haute r\u00e9solution et \u00e0 faible \u00e9clairage, combin\u00e9 \u00e0 une lentille \u00e9lectrique \u00e0 grande ouverture, qui peut capturer des signaux de fluorescence et de chimiluminescence extr\u00eamement faibles. Le CCD profond\u00e9ment refroidi \u00e9limine au maximum le bruit de fond et la lentille \u00e9lectrique \u00e0 tr\u00e8s grande ouverture collecte les signaux faibles. Une vari\u00e9t\u00e9 de sources de lumi\u00e8re fluorescente en option et de roues \u00e0 filtres \u00e9lectriques multi-positions peuvent r\u00e9pondre \u00e0 divers besoins exp\u00e9rimentaux tels que l&#039;imagerie des acides nucl\u00e9iques et l&#039;imagerie ECL.<\/p>\n\n\n\n<p><strong>Param\u00e8tres<\/strong><\/p>\n\n\n\n<figure class=\"wp-block-table is-style-stripes\"><table><tbody><tr><td><strong>Num\u00e9ro de mod\u00e8le.&nbsp;<\/strong><\/td><td class=\"has-text-align-center\" data-align=\"center\"><\/td><td><strong>NL-mini10<\/strong><\/td><td><strong>NL-M6<\/strong><\/td><td><strong>NL-M6P<\/strong><\/td><\/tr><tr><td><strong>Afficher<\/strong><\/td><td class=\"has-text-align-center\" data-align=\"center\"><\/td><td>Built-in industrial motherboard computer with 13.3-inch 4K capacitive touch display, no need for external computer to complete experiment photography, saving and analysis.<\/td><td>\/<\/td><td>Ordinateur de carte m\u00e8re industrielle int\u00e9gr\u00e9 et \u00e9cran LED de 17 pouces, pas besoin d&#039;ordinateur externe pour compl\u00e9ter l&#039;exp\u00e9rience de photographie, de sauvegarde et d&#039;analyse.<\/td><\/tr><tr><td><strong>Cam\u00e9ra<\/strong><\/td><td class=\"has-text-align-center\" data-align=\"center\" colspan=\"4\">Puce CCD de r\u00e9frig\u00e9ration num\u00e9rique, haute r\u00e9solution, faible \u00e9clairage, qualit\u00e9 recherche scientifique<\/td><\/tr><tr><td>Lentille<\/td><td class=\"has-text-align-center\" data-align=\"center\"><\/td><td>Motorized pre-settable lens<\/td><td>High-definition, large-diameter, high-transparency motorized lens with autofocus via software<\/td><td>High-definition, large-diameter, high-transparency motorized lens with autofocus via software<\/td><\/tr><tr><td><strong>Temp\u00e9rature de refroidissement<\/strong><\/td><td class=\"has-text-align-center\" data-align=\"center\" colspan=\"4\">65\u00b0C inf\u00e9rieure \u00e0 la temp\u00e9rature ambiante (temp\u00e9rature absolue -45\u00b0C, r\u00e9glage dynamique et affichage en temps r\u00e9el de la temp\u00e9rature de refroidissement du CCD)<\/td><\/tr><tr><td><strong>Pixels efficaces<\/strong><\/td><td class=\"has-text-align-center\" data-align=\"center\" colspan=\"4\">2750*2200 (6,05 millions de pixels)<\/td><\/tr><tr><td><strong>QE \u00e9lev\u00e9<\/strong><\/td><td class=\"has-text-align-center\" data-align=\"center\" colspan=\"4\">\u226580%<\/td><\/tr><tr><td><strong>Bits de donn\u00e9es<\/strong><\/td><td class=\"has-text-align-center\" data-align=\"center\" colspan=\"4\">16 bits (\u00e9chelle de gris 0-65536)<\/td><\/tr><tr><td><strong>Plage dynamique<\/strong><\/td><td class=\"has-text-align-center\" data-align=\"center\" colspan=\"4\">&gt;4.6 commande<\/td><\/tr><tr><td><strong>Rapport signal sur bruit<\/strong><\/td><td class=\"has-text-align-center\" data-align=\"center\" colspan=\"4\">40,5dB<\/td><\/tr><tr><td><strong>Regroupement de pixels<\/strong><\/td><td class=\"has-text-align-center\" data-align=\"center\"><\/td><td>1*1, 2*2, 4*4, 6*6 et 8*8<\/td><td>1*1, 2*2, 4*4, 6*6 et 8*8<\/td><td>1*1, 2*2, 4*4, 6*6 et 8*8<\/td><\/tr><tr><td><strong>Source lumineuse auxiliaire<\/strong><\/td><td class=\"has-text-align-center\" data-align=\"center\"><\/td><td>R\u00e9flexion de lumi\u00e8re blanche LED (lumi\u00e8re froide) des deux c\u00f4t\u00e9s : intensit\u00e9 r\u00e9glable par logiciel.<\/td><td>Transmission de panneau de lumi\u00e8re blanche LED\u00a0; r\u00e9flexion de la lumi\u00e8re blanche (lumi\u00e8re froide) des deux c\u00f4t\u00e9s : l&#039;intensit\u00e9 de la transmission et de la r\u00e9flexion peut \u00eatre r\u00e9gl\u00e9e par logiciel.<\/td><td>Transmission de panneau de lumi\u00e8re blanche LED\u00a0; r\u00e9flexion de la lumi\u00e8re blanche (lumi\u00e8re froide) des deux c\u00f4t\u00e9s : l&#039;intensit\u00e9 de la transmission et de la r\u00e9flexion peut \u00eatre r\u00e9gl\u00e9e par logiciel.<\/td><\/tr><tr><td><strong>Zone d&#039;imagerie<\/strong><\/td><td class=\"has-text-align-center\" data-align=\"center\"><\/td><td>12*12 cm<\/td><td>UV : 15 x 15 cm ;<br>Lumi\u00e8re blanche : 15*15 cm ;<br>Lumi\u00e8re bleue: 15*15 cm<br>facultatif<\/td><td>UV : 15 x 15 cm ;<br>Lumi\u00e8re blanche : 15*15 cm ;<br>Lumi\u00e8re bleue: 15*15 cm<br>facultatif<\/td><\/tr><tr><td><strong>Dimension ext\u00e9rieure<\/strong><br>(L*L*H)<\/td><td class=\"has-text-align-center\" data-align=\"center\"><\/td><td>400*380*450mm<\/td><td>390*350*590mm<\/td><td>390*350*590mm<\/td><\/tr><\/tbody><\/table><\/figure>","protected":false},"excerpt":{"rendered":"<p>Features \u2727 Camera: scientific research grade high resolution low illumination digital refrigeration CCD chip;\u2727 lens: ultra-large aperture electric lens is suitable for shooting samples of various thicknesses and can obtain better clarity;\u2727 one-touch shooting: get western blot imaging results without having to figure out the exposure time; take one shot to automatically superimpose the marker&hellip;&nbsp;<a href=\"http:\/\/nebula-b.com\/fr\/systemes-dimagerie-par-chimiluminescence-par-fluorescence\/\" class=\"\" rel=\"bookmark\">Lire la suite \u00bb<span class=\"screen-reader-text\">Syst\u00e8mes d&#039;imagerie multifonctionnels par fluorescence\/chimiluminescence<\/span><\/a><\/p>","protected":false},"author":2,"featured_media":0,"parent":0,"menu_order":0,"comment_status":"closed","ping_status":"closed","template":"","meta":{"_uag_custom_page_level_css":"","ub_ctt_via":"","neve_meta_sidebar":"","neve_meta_container":"","neve_meta_enable_content_width":"","neve_meta_content_width":0,"neve_meta_title_alignment":"","neve_meta_author_avatar":"","neve_post_elements_order":"","neve_meta_disable_header":"","neve_meta_disable_footer":"","neve_meta_disable_title":"","_themeisle_gutenberg_block_has_review":false,"footnotes":""},"class_list":["post-283","page","type-page","status-publish","hentry"],"featured_image_src":null,"uagb_featured_image_src":{"full":false,"thumbnail":false,"medium":false,"medium_large":false,"large":false,"1536x1536":false,"2048x2048":false,"trp-custom-language-flag":false,"neve-blog":false},"uagb_author_info":{"display_name":"liu, stacey","author_link":"http:\/\/nebula-b.com\/fr\/author\/stacey\/"},"uagb_comment_info":0,"uagb_excerpt":"Features \u2727 Camera: scientific research grade high resolution low illumination digital refrigeration CCD chip;\u2727 lens: ultra-large aperture electric lens is suitable for shooting samples of various thicknesses and can obtain better clarity;\u2727 one-touch shooting: get western blot imaging results without having to figure out the exposure time; take one shot to automatically superimpose the marker&hellip;&nbsp;Lire\u2026","_links":{"self":[{"href":"http:\/\/nebula-b.com\/fr\/wp-json\/wp\/v2\/pages\/283","targetHints":{"allow":["GET"]}}],"collection":[{"href":"http:\/\/nebula-b.com\/fr\/wp-json\/wp\/v2\/pages"}],"about":[{"href":"http:\/\/nebula-b.com\/fr\/wp-json\/wp\/v2\/types\/page"}],"author":[{"embeddable":true,"href":"http:\/\/nebula-b.com\/fr\/wp-json\/wp\/v2\/users\/2"}],"replies":[{"embeddable":true,"href":"http:\/\/nebula-b.com\/fr\/wp-json\/wp\/v2\/comments?post=283"}],"version-history":[{"count":1,"href":"http:\/\/nebula-b.com\/fr\/wp-json\/wp\/v2\/pages\/283\/revisions"}],"predecessor-version":[{"id":2371,"href":"http:\/\/nebula-b.com\/fr\/wp-json\/wp\/v2\/pages\/283\/revisions\/2371"}],"wp:attachment":[{"href":"http:\/\/nebula-b.com\/fr\/wp-json\/wp\/v2\/media?parent=283"}],"curies":[{"name":"wp","href":"https:\/\/api.w.org\/{rel}","templated":true}]}}