{"id":281,"date":"2023-12-27T16:10:53","date_gmt":"2023-12-27T08:10:53","guid":{"rendered":"https:\/\/wp.kxwar.com\/?page_id=281"},"modified":"2024-05-08T11:44:58","modified_gmt":"2024-05-08T03:44:58","slug":"gel-documentation-imaging-systems","status":"publish","type":"page","link":"http:\/\/nebula-b.com\/fr\/systemes-dimagerie-de-documentation-sur-gel\/","title":{"rendered":"Syst\u00e8mes d&#039;imagerie de documentation sur gel"},"content":{"rendered":"<div class=\"wp-block-columns has-small-font-size is-layout-flex wp-container-core-columns-is-layout-b934f1a7 wp-block-columns-is-layout-flex\" style=\"border-style:none;border-width:0px;border-radius:0px;padding-top:0;padding-right:var(--wp--preset--spacing--20);padding-bottom:0;padding-left:var(--wp--preset--spacing--20)\">\n<div class=\"wp-block-column is-layout-flow wp-block-column-is-layout-flow\" style=\"flex-basis:40%\">\n<div class=\"wp-block-stackable-carousel stk-block-carousel stk--is-slide stk--arrows-justify-space-between stk--arrows-align-center stk-block stk-9336aea\" data-slides-to-show=\"\" data-block-id=\"9336aea\"><div class=\"stk-block-carousel__content-wrapper\"><div class=\"stk-row stk-inner-blocks stk-block-content stk-block-carousel__slider-wrapper stk-content-align stk-9336aea-column\"><div class=\"stk-block-carousel__slider\" role=\"list\" data-autoplay=\"4000\" data-label-slide-of=\"Slide %%d of %%d\">\n<div class=\"wp-block-stackable-column stk-block-column stk-column stk-block stk-e7af2ca\" data-v=\"4\" data-block-id=\"e7af2ca\"><style>.stk-e7af2ca{align-self:center !important}<\/style><div class=\"stk-column-wrapper stk-block-column__content stk-container stk-e7af2ca-container stk--no-background stk--no-padding\"><div class=\"stk-block-content stk-inner-blocks stk-e7af2ca-inner-blocks\">\n<div class=\"wp-block-stackable-image stk-block-image stk-block stk-d699d7e\" data-block-id=\"d699d7e\"><figure><span class=\"stk-img-wrapper stk-image--shape-stretch\"><img alt=\"Syst\u00e8mes d&#039;imagerie de documentation sur gel\" loading=\"lazy\" decoding=\"async\" class=\"stk-img wp-image-1996\" src=\"https:\/\/nebula-b.com\/wp-content\/uploads\/2024\/04\/gel-doc-2.jpg\" width=\"400\" height=\"400\" srcset=\"http:\/\/nebula-b.com\/wp-content\/uploads\/2024\/04\/gel-doc-2.jpg 400w, http:\/\/nebula-b.com\/wp-content\/uploads\/2024\/04\/gel-doc-2-300x300.jpg 300w, http:\/\/nebula-b.com\/wp-content\/uploads\/2024\/04\/gel-doc-2-150x150.jpg 150w, http:\/\/nebula-b.com\/wp-content\/uploads\/2024\/04\/gel-doc-2-12x12.jpg 12w\" sizes=\"auto, (max-width: 400px) 100vw, 400px\" \/><\/span><\/figure><\/div>\n<\/div><\/div><\/div>\n\n\n\n<div class=\"wp-block-stackable-column stk-block-column stk-column stk-block stk-6847d17\" data-v=\"4\" data-block-id=\"6847d17\"><style>.stk-6847d17{align-self:center !important}<\/style><div class=\"stk-column-wrapper stk-block-column__content stk-container stk-6847d17-container stk--no-background stk--no-padding\"><div class=\"stk-block-content stk-inner-blocks stk-6847d17-inner-blocks\">\n<div class=\"wp-block-stackable-image stk-block-image stk-block stk-eee5d3d\" data-block-id=\"eee5d3d\"><figure><span class=\"stk-img-wrapper stk-image--shape-stretch\"><img alt=\"Syst\u00e8mes d&#039;imagerie de documentation sur gel\" loading=\"lazy\" decoding=\"async\" class=\"stk-img wp-image-1997\" src=\"https:\/\/nebula-b.com\/wp-content\/uploads\/2024\/04\/gel-doc-imager.jpg\" width=\"400\" height=\"452\" srcset=\"http:\/\/nebula-b.com\/wp-content\/uploads\/2024\/04\/gel-doc-imager.jpg 400w, http:\/\/nebula-b.com\/wp-content\/uploads\/2024\/04\/gel-doc-imager-265x300.jpg 265w, http:\/\/nebula-b.com\/wp-content\/uploads\/2024\/04\/gel-doc-imager-11x12.jpg 11w\" sizes=\"auto, (max-width: 400px) 100vw, 400px\" \/><\/span><\/figure><\/div>\n<\/div><\/div><\/div>\n\n\n\n<div class=\"wp-block-stackable-column stk-block-column stk-column stk-block stk-46359ed\" data-v=\"4\" data-block-id=\"46359ed\"><style>.stk-46359ed{align-self:center !important}<\/style><div class=\"stk-column-wrapper stk-block-column__content stk-container stk-46359ed-container stk--no-background stk--no-padding\"><div class=\"stk-block-content stk-inner-blocks stk-46359ed-inner-blocks\">\n<div class=\"wp-block-stackable-image stk-block-image stk-block stk-92800c8\" data-block-id=\"92800c8\"><figure><span class=\"stk-img-wrapper stk-image--shape-stretch\"><img alt=\"Syst\u00e8mes d&#039;imagerie de documentation sur gel\" loading=\"lazy\" decoding=\"async\" class=\"stk-img wp-image-1998\" src=\"https:\/\/nebula-b.com\/wp-content\/uploads\/2024\/04\/gel-doc-imaging.jpg\" width=\"400\" height=\"456\" srcset=\"http:\/\/nebula-b.com\/wp-content\/uploads\/2024\/04\/gel-doc-imaging.jpg 400w, http:\/\/nebula-b.com\/wp-content\/uploads\/2024\/04\/gel-doc-imaging-263x300.jpg 263w, http:\/\/nebula-b.com\/wp-content\/uploads\/2024\/04\/gel-doc-imaging-11x12.jpg 11w\" sizes=\"auto, (max-width: 400px) 100vw, 400px\" \/><\/span><\/figure><\/div>\n<\/div><\/div><\/div>\n\n\n\n<div class=\"wp-block-stackable-column stk-block-column stk-column stk-block stk-8e5fc80\" data-v=\"4\" data-block-id=\"8e5fc80\"><style>.stk-8e5fc80{align-self:center !important}<\/style><div class=\"stk-column-wrapper stk-block-column__content stk-container stk-8e5fc80-container stk--no-background stk--no-padding\"><div class=\"stk-block-content stk-inner-blocks stk-8e5fc80-inner-blocks\">\n<div class=\"wp-block-stackable-image stk-block-image stk-block stk-f9c5a9b\" data-block-id=\"f9c5a9b\"><figure><span class=\"stk-img-wrapper stk-image--shape-stretch\"><img alt=\"Syst\u00e8mes d&#039;imagerie de documentation sur gel\" loading=\"lazy\" decoding=\"async\" class=\"stk-img wp-image-1999\" src=\"https:\/\/nebula-b.com\/wp-content\/uploads\/2024\/04\/gel-documentation.png\" width=\"400\" height=\"400\" srcset=\"http:\/\/nebula-b.com\/wp-content\/uploads\/2024\/04\/gel-documentation.png 400w, http:\/\/nebula-b.com\/wp-content\/uploads\/2024\/04\/gel-documentation-300x300.png 300w, http:\/\/nebula-b.com\/wp-content\/uploads\/2024\/04\/gel-documentation-150x150.png 150w, http:\/\/nebula-b.com\/wp-content\/uploads\/2024\/04\/gel-documentation-12x12.png 12w\" sizes=\"auto, (max-width: 400px) 100vw, 400px\" \/><\/span><\/figure><\/div>\n<\/div><\/div><\/div>\n<\/div><div class=\"stk-block-carousel__buttons\"><button class=\"stk-block-carousel__button stk-block-carousel__button__prev\" aria-label=\"Diapositive pr\u00e9c\u00e9dente\"><svg aria-hidden=\"true\" focusable=\"false\" data-prefix=\"fas\" data-icon=\"chevron-left\" class=\"svg-inline--fa fa-chevron-left\" xmlns=\"http:\/\/www.w3.org\/2000\/svg\" viewbox=\"0 0 320 512\" width=\"32\" height=\"32\"><path d=\"M34.52 239.03L228.87 44.69c9.37-9.37 24.57-9.37 33.94 0l22.67 22.67c9.36 9.36 9.37 24.52.04 33.9L131.49 256l154.02 154.75c9.34 9.38 9.32 24.54-.04 33.9l-22.67 22.67c-9.37 9.37-24.57 9.37-33.94 0L34.52 272.97c-9.37-9.37-9.37-24.57 0-33.94z\"><\/path><\/svg><\/button><button class=\"stk-block-carousel__button stk-block-carousel__button__next\" aria-label=\"Diapositive suivante\"><svg aria-hidden=\"true\" focusable=\"false\" data-prefix=\"fas\" data-icon=\"chevron-right\" class=\"svg-inline--fa fa-chevron-right\" xmlns=\"http:\/\/www.w3.org\/2000\/svg\" viewbox=\"0 0 320 512\" width=\"32\" height=\"32\"><path d=\"M285.476 272.971L91.132 467.314c-9.373 9.373-24.569 9.373-33.941 0l-22.667-22.667c-9.357-9.357-9.375-24.522-.04-33.901L188.505 256 34.484 101.255c-9.335-9.379-9.317-24.544.04-33.901l22.667-22.667c9.373-9.373 24.569-9.373 33.941 0L285.475 239.03c9.373 9.372 9.373 24.568.001 33.941z\"><\/path><\/svg><\/button><\/div><\/div><div class=\"stk-block-carousel__dots\" role=\"list\" data-label=\"Slide %%d\"><\/div><\/div><\/div>\n<\/div>\n\n\n\n<div class=\"wp-block-column is-layout-flow wp-block-column-is-layout-flow\" style=\"border-style:none;border-width:0px;flex-basis:60%\">\n<p style=\"font-size:16px\"><strong>Caract\u00e9ristiques<\/strong> <\/p>\n\n\n\n<p style=\"font-size:15px\">\u2727 Cam\u00e9ra : \u00e9quip\u00e9e d&#039;une cam\u00e9ra de qualit\u00e9 scientifique haute r\u00e9solution et \u00e0 faible \u00e9clairage et d&#039;un objectif \u00e9lectrique \u00e0 haute transparence pour obtenir une meilleure imagerie des \u00e9chantillons ;<br>\u2727 Objectif\u00a0: objectif \u00e0 haute transparence pour aider \u00e0 fournir des d\u00e9tails d&#039;image clairs et vifs\u00a0;<br>\u2727 M\u00e9thode de contr\u00f4le : diff\u00e9rents mod\u00e8les correspondent au contr\u00f4le par ordinateur ou au contr\u00f4le par \u00e9cran tactile ;<br>\u2727 Module de fluorescence : \u00e9quip\u00e9 d&#039;une roue \u00e0 filtres \u00e9lectrique, qui peut \u00eatre configur\u00e9e avec des filtres \u00e0 plusieurs longueurs d&#039;onde pour obtenir une imagerie de fluorescence multicolore ;<br>\u2727 Source de lumi\u00e8re : couvre diff\u00e9rentes longueurs d&#039;onde d&#039;excitation pour r\u00e9pondre aux besoins de prise de vue d&#039;\u00e9chantillons exp\u00e9rimentaux avec diff\u00e9rentes \u00e9tiquettes ;<br>\u2727 Conception modulaire : modularit\u00e9 du circuit de contr\u00f4le int\u00e9gr\u00e9, syst\u00e8me anti-collision intelligent et contr\u00f4le automatique du sommeil.<\/p>\n<\/div>\n<\/div>\n\n\n\n<p><strong>Application:<\/strong><br>Il peut \u00eatre utilis\u00e9 pour l&#039;imagerie et l&#039;analyse de gels d&#039;ADN\/ARN, de gels de prot\u00e9ines, de membranes d&#039;hybridation par transfert, de gels d&#039;autoradiographie, de plaques d&#039;enzymes, de plaques de chromatographie sur couche mince et de bo\u00eetes de culture.<\/p>\n\n\n\n<p>Il convient \u00e0 la prise de vue de gels d&#039;\u00e9lectrophor\u00e8se ADN\/ARN, de gels d&#039;\u00e9lectrophor\u00e8se de prot\u00e9ines, d&#039;hybridation de points et d&#039;autres images sous faible \u00e9clairage sans perdre les bandes. Contr\u00f4ler au maximum la pimageollution EB et prot\u00e9ger efficacement la sant\u00e9 des op\u00e9rateurs exp\u00e9rimentaux tout en obtenant des r\u00e9sultats efficaces.<\/p>\n\n\n<div class=\"wp-block-image\">\n<figure class=\"aligncenter size-full\"><img loading=\"lazy\" decoding=\"async\" width=\"900\" height=\"313\" src=\"https:\/\/nebula-b.com\/wp-content\/uploads\/2024\/02\/\u80f6\u7247\u6210\u50cf.jpg\" alt=\"Syst\u00e8mes d&#039;imagerie de documentation sur gel\" class=\"wp-image-913\" style=\"object-fit:cover\" srcset=\"http:\/\/nebula-b.com\/wp-content\/uploads\/2024\/02\/\u80f6\u7247\u6210\u50cf.jpg 900w, http:\/\/nebula-b.com\/wp-content\/uploads\/2024\/02\/\u80f6\u7247\u6210\u50cf-300x104.jpg 300w, http:\/\/nebula-b.com\/wp-content\/uploads\/2024\/02\/\u80f6\u7247\u6210\u50cf-768x267.jpg 768w\" sizes=\"auto, (max-width: 900px) 100vw, 900px\" \/><\/figure><\/div>\n\n\n<p><strong>Param\u00e8tres:<\/strong><\/p>\n\n\n\n<figure class=\"wp-block-table is-style-stripes\"><table><tbody><tr><td><strong>Num\u00e9ro de mod\u00e8le.&nbsp;<\/strong><\/td><td class=\"has-text-align-center\" data-align=\"center\"><strong>NL-680D<\/strong><\/td><td><strong>NL-6000<\/strong><\/td><td><strong>NL-8000<\/strong><\/td><\/tr><tr><td><strong>Afficher<\/strong><\/td><td class=\"has-text-align-center\" data-align=\"center\"><\/td><td>Ordinateur de carte m\u00e8re industrielle int\u00e9gr\u00e9, \u00e9cran LED de 17 pouces, pas besoin d&#039;ordinateur externe pour compl\u00e9ter l&#039;exp\u00e9rience de photographie, d&#039;enregistrement et d&#039;analyse.<\/td><td>Ordinateur de carte m\u00e8re industrielle int\u00e9gr\u00e9, \u00e9cran LED de 17 pouces, pas besoin d&#039;ordinateur externe pour compl\u00e9ter l&#039;exp\u00e9rience de photographie, d&#039;enregistrement et d&#039;analyse.<\/td><\/tr><tr><td><strong>Cam\u00e9ra<\/strong><\/td><td class=\"has-text-align-center\" data-align=\"center\"><\/td><td>Cam\u00e9ra CCD haute r\u00e9solution \u00e0 faible \u00e9clairage int\u00e9grant<\/td><td><\/td><\/tr><tr><td><strong>Sensibilit\u00e9 de d\u00e9tection<\/strong><\/td><td class=\"has-text-align-center\" data-align=\"center\" colspan=\"3\">Acides nucl\u00e9iques 0,01ng le plus bas<\/td><\/tr><tr><td><strong>Pixels efficaces<\/strong><\/td><td class=\"has-text-align-center\" data-align=\"center\">2648*2100 (5,56 millions de pixels)<\/td><td>3084 \u00d7 2056 (6,31 millions de pixels)<\/td><td>3264*2488 (8,12 millions de pixels)<\/td><\/tr><tr><td><strong>Lentille<\/strong><\/td><td class=\"has-text-align-center\" data-align=\"center\"><\/td><td>Objectif ultra haute r\u00e9solution de 20 m\u00e9gapixels avec mise au point automatique et r\u00e9solution physique allant jusqu&#039;\u00e0 2,4 microns<\/td><td>Objectif ultra haute r\u00e9solution de 20 m\u00e9gapixels avec mise au point automatique et r\u00e9solution physique allant jusqu&#039;\u00e0 2,4 microns<\/td><\/tr><tr><td><strong>Valeur de gris des pixels<\/strong><\/td><td class=\"has-text-align-center\" data-align=\"center\" colspan=\"3\">16 bits (\u00e9chelle de gris 0-65536)<\/td><\/tr><tr><td><strong>Rapport signal sur bruit<\/strong><\/td><td class=\"has-text-align-center\" data-align=\"center\">&nbsp;\u226572dB<\/td><td>&nbsp;\u226578dB<\/td><td>&nbsp;\u226582dB<\/td><\/tr><tr><td><strong>QE \u00e9lev\u00e9<\/strong><\/td><td class=\"has-text-align-center\" data-align=\"center\">75% \u00e0 600 nm<\/td><td>79% \u00e0 600 nm<\/td><td>85% \u00e0 600 nm<\/td><\/tr><tr><td><strong>Plage dynamique<\/strong><\/td><td class=\"has-text-align-center\" data-align=\"center\">&gt; Commande 4.0<\/td><td>&gt; Commande 4.0<\/td><td>&gt; 4.5 commande<\/td><\/tr><tr><td><strong>Filtre<\/strong><\/td><td class=\"has-text-align-center\" data-align=\"center\" colspan=\"3\">590 nm standard et 535 nm en option<\/td><\/tr><tr><td><strong>Transilluminateur UV<\/strong><\/td><td class=\"has-text-align-center\" data-align=\"center\" colspan=\"3\">Longueur d&#039;onde de transmission : 302 nm (254 nm et 365 nm en option) ;<br>taille : 21*26cm (personnalisable)<\/td><\/tr><tr><td><strong>Transilluminateur \u00e0 lumi\u00e8re blanche\/<br>transilluminateur \u00e0 lumi\u00e8re bleue<\/strong><\/td><td class=\"has-text-align-center\" data-align=\"center\">Lumi\u00e8re froide, tension 12 V (luminosit\u00e9 r\u00e9glable) ;<br>taille : 21 cm*33 cm (personnalisable).<\/td><td>Lumi\u00e8re froide, tension 12 V (luminosit\u00e9 r\u00e9glable) ;<br>taille : 21 cm*26 cm (personnalisable).<\/td><td>Lumi\u00e8re froide, tension 12 V (luminosit\u00e9 r\u00e9glable) ;<br>taille : 21 cm*26 cm (personnalisable).<\/td><\/tr><tr><td><strong>Dimension ext\u00e9rieure (L*W*H)<\/strong><\/td><td class=\"has-text-align-center\" data-align=\"center\">500*370*820mm<\/td><td>410*420*600mm<\/td><td>410*420*600mm<\/td><\/tr><\/tbody><\/table><\/figure>","protected":false},"excerpt":{"rendered":"<p>Features \u2727 Camera: equipped with a high-resolution, low-illumination scientific-grade camera and a high-transparency electric lens to achieve better sample imaging;\u2727 Lens: high-transparency lens to help provide clear and vivid image details;\u2727 Control method: different models correspond to computer control or touch screen control;\u2727 Fluorescence module: equipped with an electric filter wheel, which can be configured&hellip;&nbsp;<a href=\"http:\/\/nebula-b.com\/fr\/systemes-dimagerie-de-documentation-sur-gel\/\" class=\"\" rel=\"bookmark\">Lire la suite \u00bb<span class=\"screen-reader-text\">Syst\u00e8mes d&#039;imagerie de documentation sur gel<\/span><\/a><\/p>","protected":false},"author":2,"featured_media":0,"parent":0,"menu_order":0,"comment_status":"closed","ping_status":"closed","template":"","meta":{"_uag_custom_page_level_css":"","ub_ctt_via":"","neve_meta_sidebar":"","neve_meta_container":"","neve_meta_enable_content_width":"","neve_meta_content_width":0,"neve_meta_title_alignment":"","neve_meta_author_avatar":"","neve_post_elements_order":"","neve_meta_disable_header":"","neve_meta_disable_footer":"","neve_meta_disable_title":"","_themeisle_gutenberg_block_has_review":false,"footnotes":""},"class_list":["post-281","page","type-page","status-publish","hentry"],"featured_image_src":null,"uagb_featured_image_src":{"full":false,"thumbnail":false,"medium":false,"medium_large":false,"large":false,"1536x1536":false,"2048x2048":false,"trp-custom-language-flag":false,"neve-blog":false},"uagb_author_info":{"display_name":"liu, stacey","author_link":"http:\/\/nebula-b.com\/fr\/author\/stacey\/"},"uagb_comment_info":0,"uagb_excerpt":"Features \u2727 Camera: equipped with a high-resolution, low-illumination scientific-grade camera and a high-transparency electric lens to achieve better sample imaging;\u2727 Lens: high-transparency lens to help provide clear and vivid image details;\u2727 Control method: different models correspond to computer control or touch screen control;\u2727 Fluorescence module: equipped with an electric filter wheel, which can be configured&hellip;&nbsp;Lire\u2026","_links":{"self":[{"href":"http:\/\/nebula-b.com\/fr\/wp-json\/wp\/v2\/pages\/281","targetHints":{"allow":["GET"]}}],"collection":[{"href":"http:\/\/nebula-b.com\/fr\/wp-json\/wp\/v2\/pages"}],"about":[{"href":"http:\/\/nebula-b.com\/fr\/wp-json\/wp\/v2\/types\/page"}],"author":[{"embeddable":true,"href":"http:\/\/nebula-b.com\/fr\/wp-json\/wp\/v2\/users\/2"}],"replies":[{"embeddable":true,"href":"http:\/\/nebula-b.com\/fr\/wp-json\/wp\/v2\/comments?post=281"}],"version-history":[{"count":1,"href":"http:\/\/nebula-b.com\/fr\/wp-json\/wp\/v2\/pages\/281\/revisions"}],"predecessor-version":[{"id":2226,"href":"http:\/\/nebula-b.com\/fr\/wp-json\/wp\/v2\/pages\/281\/revisions\/2226"}],"wp:attachment":[{"href":"http:\/\/nebula-b.com\/fr\/wp-json\/wp\/v2\/media?parent=281"}],"curies":[{"name":"wp","href":"https:\/\/api.w.org\/{rel}","templated":true}]}}