{"id":270,"date":"2023-12-27T15:16:48","date_gmt":"2023-12-27T07:16:48","guid":{"rendered":"https:\/\/wp.kxwar.com\/?page_id=270"},"modified":"2024-04-16T11:05:57","modified_gmt":"2024-04-16T03:05:57","slug":"auto-membrane-wash-and-incubation-station","status":"publish","type":"page","link":"http:\/\/nebula-b.com\/fr\/station-automatique-de-lavage-et-dincubation-de-membrane\/","title":{"rendered":"Station de lavage et d&#039;incubation automatique des membranes"},"content":{"rendered":"<div class=\"wp-block-columns has-small-font-size is-layout-flex wp-container-core-columns-is-layout-b934f1a7 wp-block-columns-is-layout-flex\" style=\"border-style:none;border-width:0px;border-radius:0px;padding-top:0;padding-right:var(--wp--preset--spacing--20);padding-bottom:0;padding-left:var(--wp--preset--spacing--20)\">\n<div class=\"wp-block-column is-layout-flow wp-block-column-is-layout-flow\" style=\"flex-basis:40%\">\n<div class=\"wp-block-stackable-carousel stk-block-carousel stk--is-slide stk--arrows-justify-space-between stk--arrows-align-center stk-block stk-9336aea\" data-slides-to-show=\"\" data-block-id=\"9336aea\"><div class=\"stk-block-carousel__content-wrapper\"><div class=\"stk-row stk-inner-blocks stk-block-content stk-block-carousel__slider-wrapper stk-content-align stk-9336aea-column\"><div class=\"stk-block-carousel__slider\" role=\"list\" data-autoplay=\"4000\" data-label-slide-of=\"Slide %%d of %%d\">\n<div class=\"wp-block-stackable-column stk-block-column stk-column stk-block stk-e7af2ca\" data-v=\"4\" data-block-id=\"e7af2ca\"><style>.stk-e7af2ca{align-self:center !important}<\/style><div class=\"stk-column-wrapper stk-block-column__content stk-container stk-e7af2ca-container stk--no-background stk--no-padding\"><div class=\"stk-block-content stk-inner-blocks stk-e7af2ca-inner-blocks\">\n<div class=\"wp-block-stackable-image stk-block-image stk-block stk-d699d7e\" data-block-id=\"d699d7e\"><figure><span class=\"stk-img-wrapper stk-image--shape-stretch\"><img alt=\"Station de lavage et d&#039;incubation automatique des membranes\" loading=\"lazy\" decoding=\"async\" class=\"stk-img wp-image-372\" src=\"https:\/\/nebula-b.com\/wp-content\/uploads\/2024\/01\/AB-4800.jpg\" width=\"1500\" height=\"1500\" srcset=\"http:\/\/nebula-b.com\/wp-content\/uploads\/2024\/01\/AB-4800.jpg 1500w, http:\/\/nebula-b.com\/wp-content\/uploads\/2024\/01\/AB-4800-300x300.jpg 300w, http:\/\/nebula-b.com\/wp-content\/uploads\/2024\/01\/AB-4800-1024x1024.jpg 1024w, http:\/\/nebula-b.com\/wp-content\/uploads\/2024\/01\/AB-4800-150x150.jpg 150w, http:\/\/nebula-b.com\/wp-content\/uploads\/2024\/01\/AB-4800-768x768.jpg 768w\" sizes=\"auto, (max-width: 1500px) 100vw, 1500px\" \/><\/span><\/figure><\/div>\n<\/div><\/div><\/div>\n\n\n\n<div class=\"wp-block-stackable-column stk-block-column stk-column stk-block stk-6847d17\" data-v=\"4\" data-block-id=\"6847d17\"><style>.stk-6847d17{align-self:center !important}<\/style><div class=\"stk-column-wrapper stk-block-column__content stk-container stk-6847d17-container stk--no-background stk--no-padding\"><div class=\"stk-block-content stk-inner-blocks stk-6847d17-inner-blocks\">\n<div class=\"wp-block-stackable-image stk-block-image stk-block stk-eee5d3d\" data-block-id=\"eee5d3d\"><figure><span class=\"stk-img-wrapper stk-image--shape-stretch\"><img alt=\"Station de lavage et d&#039;incubation automatique des membranes\" loading=\"lazy\" decoding=\"async\" class=\"stk-img wp-image-376\" src=\"https:\/\/nebula-b.com\/wp-content\/uploads\/2024\/01\/4800-1.jpg\" width=\"420\" height=\"420\"\/><\/span><\/figure><\/div>\n<\/div><\/div><\/div>\n\n\n\n<div class=\"wp-block-stackable-column stk-block-column stk-column stk-block stk-46359ed\" data-v=\"4\" data-block-id=\"46359ed\"><style>.stk-46359ed{align-self:center !important}<\/style><div class=\"stk-column-wrapper stk-block-column__content stk-container stk-46359ed-container stk--no-background stk--no-padding\"><div class=\"stk-block-content stk-inner-blocks stk-46359ed-inner-blocks\">\n<div class=\"wp-block-stackable-image stk-block-image stk-block stk-92800c8\" data-block-id=\"92800c8\"><figure><span class=\"stk-img-wrapper stk-image--shape-stretch\"><img alt=\"Station de lavage et d&#039;incubation automatique des membranes\" loading=\"lazy\" decoding=\"async\" class=\"stk-img wp-image-373\" src=\"https:\/\/nebula-b.com\/wp-content\/uploads\/2024\/01\/AB-4800-e1712031915422.webp\" width=\"780\" height=\"633\" srcset=\"http:\/\/nebula-b.com\/wp-content\/uploads\/2024\/01\/AB-4800-e1712031915422.webp 780w, http:\/\/nebula-b.com\/wp-content\/uploads\/2024\/01\/AB-4800-e1712031915422-300x243.webp 300w, http:\/\/nebula-b.com\/wp-content\/uploads\/2024\/01\/AB-4800-e1712031915422-768x623.webp 768w\" sizes=\"auto, (max-width: 780px) 100vw, 780px\" \/><\/span><\/figure><\/div>\n<\/div><\/div><\/div>\n<\/div><div class=\"stk-block-carousel__buttons\"><button class=\"stk-block-carousel__button stk-block-carousel__button__prev\" aria-label=\"Diapositive pr\u00e9c\u00e9dente\"><svg aria-hidden=\"true\" focusable=\"false\" data-prefix=\"fas\" data-icon=\"chevron-left\" class=\"svg-inline--fa fa-chevron-left\" xmlns=\"http:\/\/www.w3.org\/2000\/svg\" viewbox=\"0 0 320 512\" width=\"32\" height=\"32\"><path d=\"M34.52 239.03L228.87 44.69c9.37-9.37 24.57-9.37 33.94 0l22.67 22.67c9.36 9.36 9.37 24.52.04 33.9L131.49 256l154.02 154.75c9.34 9.38 9.32 24.54-.04 33.9l-22.67 22.67c-9.37 9.37-24.57 9.37-33.94 0L34.52 272.97c-9.37-9.37-9.37-24.57 0-33.94z\"><\/path><\/svg><\/button><button class=\"stk-block-carousel__button stk-block-carousel__button__next\" aria-label=\"Diapositive suivante\"><svg aria-hidden=\"true\" focusable=\"false\" data-prefix=\"fas\" data-icon=\"chevron-right\" class=\"svg-inline--fa fa-chevron-right\" xmlns=\"http:\/\/www.w3.org\/2000\/svg\" viewbox=\"0 0 320 512\" width=\"32\" height=\"32\"><path d=\"M285.476 272.971L91.132 467.314c-9.373 9.373-24.569 9.373-33.941 0l-22.667-22.667c-9.357-9.357-9.375-24.522-.04-33.901L188.505 256 34.484 101.255c-9.335-9.379-9.317-24.544.04-33.901l22.667-22.667c9.373-9.373 24.569-9.373 33.941 0L285.475 239.03c9.373 9.372 9.373 24.568.001 33.941z\"><\/path><\/svg><\/button><\/div><\/div><div class=\"stk-block-carousel__dots\" role=\"list\" data-label=\"Slide %%d\"><\/div><\/div><\/div>\n<\/div>\n\n\n\n<div class=\"wp-block-column is-layout-flow wp-block-column-is-layout-flow\" style=\"border-style:none;border-width:0px;flex-basis:60%\">\n<p><strong>Caract\u00e9ristiques<\/strong><\/p>\n\n\n\n<p style=\"font-size:15px\">\u2727 Le processus est enti\u00e8rement automatique, avec une seule touche pour d\u00e9marrer, pas besoin de surveillance particuli\u00e8re\u00a0;<br>\u2727 il peut faire fonctionner 4 canaux au maximum simultan\u00e9ment, chaque panneau peut \u00eatre programm\u00e9 s\u00e9par\u00e9ment\u00a0;<br>\u2727 des \u00e9chantillons de diff\u00e9rentes tailles peuvent \u00eatre s\u00e9lectionn\u00e9s pour \u00e9conomiser les anticorps\u00a0;<br>\u2727 contr\u00f4ler avec pr\u00e9cision la quantit\u00e9 de r\u00e9actifs et la dur\u00e9e de fonctionnement pour assurer la r\u00e9p\u00e9tabilit\u00e9 des r\u00e9sultats exp\u00e9rimentaux\u00a0;<br>\u2727 La technologie de r\u00e9frig\u00e9ration \u00e0 semi-conducteurs Peltier maintient les anticorps actifs et permet un recyclage optimal des anticorps\u00a0;<br>\u2727 une solution tampon sera ajout\u00e9e apr\u00e8s exp\u00e9rience pour \u00e9viter le dess\u00e8chement ;<br>\u2727 l&#039;interface est conviviale : \u00e9cran tactile LCD de 7 pouces, et jusqu&#039;\u00e0 8 \u00e9tapes peuvent \u00eatre d\u00e9finies dans chaque canal ;<br>\u2727 les param\u00e8tres peuvent \u00eatre d\u00e9finis pour chaque \u00e9tape tels que le temps de fonctionnement, le volume d&#039;injection de liquide, les temps de r\u00e9p\u00e9tition, etc.<\/p>\n<\/div>\n<\/div>\n\n\n\n<p><strong>Param\u00e8tres<\/strong><\/p>\n\n\n\n<figure class=\"wp-block-table is-style-stripes\"><table><tbody><tr><td colspan=\"2\"><strong>Num\u00e9ro de mod\u00e8le.<\/strong><\/td><td><\/td><td><strong>AB4800 <\/strong><br>Station automatique de lavage et d&#039;incubation des membranes<\/td><\/tr><tr><td><strong>Fa\u00e7on de contr\u00f4ler<\/strong><\/td><td><\/td><td><\/td><\/tr><tr><td>Pr\u00e9cision du contr\u00f4le m\u00e9canique<\/td><td><\/td><td><\/td><td>Moteur pas \u00e0 pas de haute pr\u00e9cision<\/td><\/tr><tr><td>Interface d&#039;op\u00e9ration<\/td><td><\/td><td><\/td><td>\u00c9cran tactile de 7 pouces, facile \u00e0 configurer, avec \u00e9tat de fonctionnement visible<\/td><\/tr><tr><td>Mode de pipetage<\/td><td><\/td><td><\/td><td>Avec la d\u00e9tection automatique de haute pr\u00e9cision du niveau de liquide, pointe de pipette m\u00e9tallique<\/td><\/tr><tr><td colspan=\"2\"><strong>R\u00e9glage des fonctions<\/strong><\/td><td><\/td><td><\/td><\/tr><tr><td>R\u00e9cup\u00e9ration d&#039;anticorps<\/td><td><\/td><td><\/td><td>R\u00e9cup\u00e9rez automatiquement les anticorps primaires et secondaires<\/td><\/tr><tr><td>\u00c9tapes du programme<\/td><td><\/td><td><\/td><td>Jusqu&#039;\u00e0 8 \u00e9tapes exp\u00e9rimentales pourraient \u00eatre d\u00e9finies pour r\u00e9pondre \u00e0 l&#039;ensemble du processus de Western Blot<\/td><\/tr><tr><td>Temps d&#039;incubation par \u00e9tape<\/td><td><\/td><td><\/td><td>Maximum 99 heures<\/td><\/tr><tr><td>Rin\u00e7age automatique<\/td><td><\/td><td><\/td><td>Nettoyage automatique des pipelines pour \u00e9viter la contamination crois\u00e9e<\/td><\/tr><tr><td>Fonction mouillante<\/td><td><\/td><td><\/td><td>Une fois l&#039;incubation termin\u00e9e, le tampon est automatiquement ajout\u00e9 au plateau d&#039;incubation pour garder la membrane humide<\/td><\/tr><tr><td colspan=\"2\"><strong>Canal<\/strong><\/td><td><\/td><td><\/td><\/tr><tr><td rowspan=\"2\">Quantit\u00e9 de canaux<\/td><td><\/td><td><\/td><td>4 canaux ind\u00e9pendants sans interf\u00e9rer les uns avec les autres, 4 programmes en cours d&#039;ex\u00e9cution diff\u00e9rents peuvent \u00eatre d\u00e9finis. Un grand plateau d&#039;incubation ou un petit essai d&#039;incubation pour chaque canal.<\/td><\/tr><tr><td>Chaque canal contient 4 positions ind\u00e9pendantes de tubes de r\u00e9actifs, adapt\u00e9es aux tubes \u00e0 centrifuger universels \u00e0 fond conique de 15 ml.<\/td><td><\/td><td><\/td><\/tr><tr><td>Volume d&#039;\u00e9chantillon<\/td><td><\/td><td><\/td><td>Grand plateau : max 15 ml ; petit plateau : max 15 ml<\/td><\/tr><tr><td>Plage d&#039;\u00e9chantillon<\/td><td><\/td><td><\/td><td>1,0 \u00e0 15 ml<\/td><\/tr><tr><td rowspan=\"2\">Plateau d&#039;incubation (L\u00d7L\u00d7P)<\/td><td><\/td><td><\/td><td>Grand plateau\u00a0: 87\u00d771\u00d720 mm, adapt\u00e9 aux membranes de grande taille\u00a0;<\/td><\/tr><tr><td>Petit plateau\u00a0: 87 \u00d7 41 \u00d7 20 mm, adapt\u00e9 aux membranes de petites tailles pour \u00e9conomiser le r\u00e9actif.<\/td><td><\/td><td><\/td><\/tr><tr><td>M\u00e9thode d&#039;agitation du plateau d&#039;incubation<\/td><td><\/td><td><\/td><td>Gauche droite<\/td><\/tr><tr><td>Vitesse d&#039;agitation du plateau d&#039;incubation<\/td><td><\/td><td><\/td><td>10 vitesses r\u00e9glables. La vitesse d&#039;agitation peut \u00eatre s\u00e9lectionn\u00e9e en cons\u00e9quence.<\/td><\/tr><tr><td>Angle d&#039;agitation du plateau d&#039;incubation<\/td><td><\/td><td><\/td><td>0 \u2013 13\u00b0<\/td><\/tr><tr><td colspan=\"2\"><strong>Contr\u00f4le de la temp\u00e9rature<\/strong><\/td><td><\/td><td><\/td><\/tr><tr><td>Mani\u00e8re de refroidissement<\/td><td><\/td><td><\/td><td>Contr\u00f4le constant de la temp\u00e9rature de r\u00e9frig\u00e9ration des semi-conducteurs pour maintenir l&#039;activit\u00e9 des anticorps primaires et secondaires.<\/td><\/tr><tr><td>Gamme de refroidissement<\/td><td><\/td><td><\/td><td>20 \u2103 inf\u00e9rieur \u00e0 l&#039;environnement<\/td><\/tr><\/tbody><\/table><\/figure>","protected":false},"excerpt":{"rendered":"<p>Features \u2727 The process is fully automatic, one-key to start up, no need special watching;\u2727 it can run 4 channels at most simultaneously, each panel can be programmed separately;\u2727 samples with different sizes are selectable to save antibody;\u2727 precisely control the amount of reagents and operation time to ensure the repeatability of experimental results;\u2727 peltier&hellip;&nbsp;<a href=\"http:\/\/nebula-b.com\/fr\/station-automatique-de-lavage-et-dincubation-de-membrane\/\" class=\"\" rel=\"bookmark\">Lire la suite \u00bb<span class=\"screen-reader-text\">Station de lavage et d&#039;incubation automatique des membranes<\/span><\/a><\/p>","protected":false},"author":2,"featured_media":0,"parent":0,"menu_order":0,"comment_status":"closed","ping_status":"closed","template":"","meta":{"_uag_custom_page_level_css":"","ub_ctt_via":"","neve_meta_sidebar":"","neve_meta_container":"","neve_meta_enable_content_width":"","neve_meta_content_width":0,"neve_meta_title_alignment":"","neve_meta_author_avatar":"","neve_post_elements_order":"","neve_meta_disable_header":"","neve_meta_disable_footer":"","neve_meta_disable_title":"","_themeisle_gutenberg_block_has_review":false,"footnotes":""},"class_list":["post-270","page","type-page","status-publish","hentry"],"featured_image_src":null,"uagb_featured_image_src":{"full":false,"thumbnail":false,"medium":false,"medium_large":false,"large":false,"1536x1536":false,"2048x2048":false,"trp-custom-language-flag":false,"neve-blog":false},"uagb_author_info":{"display_name":"liu, stacey","author_link":"http:\/\/nebula-b.com\/fr\/author\/stacey\/"},"uagb_comment_info":0,"uagb_excerpt":"Features \u2727 The process is fully automatic, one-key to start up, no need special watching;\u2727 it can run 4 channels at most simultaneously, each panel can be programmed separately;\u2727 samples with different sizes are selectable to save antibody;\u2727 precisely control the amount of reagents and operation time to ensure the repeatability of experimental results;\u2727 peltier&hellip;&nbsp;Lire\u2026","_links":{"self":[{"href":"http:\/\/nebula-b.com\/fr\/wp-json\/wp\/v2\/pages\/270","targetHints":{"allow":["GET"]}}],"collection":[{"href":"http:\/\/nebula-b.com\/fr\/wp-json\/wp\/v2\/pages"}],"about":[{"href":"http:\/\/nebula-b.com\/fr\/wp-json\/wp\/v2\/types\/page"}],"author":[{"embeddable":true,"href":"http:\/\/nebula-b.com\/fr\/wp-json\/wp\/v2\/users\/2"}],"replies":[{"embeddable":true,"href":"http:\/\/nebula-b.com\/fr\/wp-json\/wp\/v2\/comments?post=270"}],"version-history":[{"count":3,"href":"http:\/\/nebula-b.com\/fr\/wp-json\/wp\/v2\/pages\/270\/revisions"}],"predecessor-version":[{"id":1869,"href":"http:\/\/nebula-b.com\/fr\/wp-json\/wp\/v2\/pages\/270\/revisions\/1869"}],"wp:attachment":[{"href":"http:\/\/nebula-b.com\/fr\/wp-json\/wp\/v2\/media?parent=270"}],"curies":[{"name":"wp","href":"https:\/\/api.w.org\/{rel}","templated":true}]}}