{"id":266,"date":"2023-12-27T15:14:38","date_gmt":"2023-12-27T07:14:38","guid":{"rendered":"https:\/\/wp.kxwar.com\/?page_id=266"},"modified":"2024-04-18T14:21:35","modified_gmt":"2024-04-18T06:21:35","slug":"vertical-electrophoresis-systems","status":"publish","type":"page","link":"http:\/\/nebula-b.com\/fr\/systemes-delectrophorese-verticaux\/","title":{"rendered":"Syst\u00e8mes d&#039;\u00e9lectrophor\u00e8se verticale"},"content":{"rendered":"<div class=\"wp-block-columns has-small-font-size is-layout-flex wp-container-core-columns-is-layout-b934f1a7 wp-block-columns-is-layout-flex\" style=\"border-style:none;border-width:0px;border-radius:0px;padding-top:0;padding-right:var(--wp--preset--spacing--20);padding-bottom:0;padding-left:var(--wp--preset--spacing--20)\">\n<div class=\"wp-block-column is-layout-flow wp-block-column-is-layout-flow\" style=\"flex-basis:40%\">\n<div class=\"wp-block-stackable-carousel stk-block-carousel stk--is-slide stk--arrows-justify-space-between stk--arrows-align-center stk-block stk-9336aea\" data-slides-to-show=\"\" data-block-id=\"9336aea\"><div class=\"stk-block-carousel__content-wrapper\"><div class=\"stk-row stk-inner-blocks stk-block-content stk-block-carousel__slider-wrapper stk-content-align stk-9336aea-column\"><div class=\"stk-block-carousel__slider\" role=\"list\" data-autoplay=\"4000\" data-label-slide-of=\"Slide %%d of %%d\">\n<div class=\"wp-block-stackable-column stk-block-column stk-column stk-block stk-e7af2ca\" data-v=\"4\" data-block-id=\"e7af2ca\"><style>.stk-e7af2ca{align-self:center !important}<\/style><div class=\"stk-column-wrapper stk-block-column__content stk-container stk-e7af2ca-container stk--no-background stk--no-padding\"><div class=\"stk-block-content stk-inner-blocks stk-e7af2ca-inner-blocks\">\n<div class=\"wp-block-stackable-image stk-block-image stk-block stk-d699d7e\" data-block-id=\"d699d7e\"><figure><span class=\"stk-img-wrapper stk-image--shape-stretch\"><img loading=\"lazy\" decoding=\"async\" class=\"stk-img wp-image-249\" src=\"https:\/\/nebula-b.com\/wp-content\/uploads\/2023\/12\/PES-5\u5c0f\u578b\u5782\u76f4\u7535\u6cf3\u7cfb\u7edf.png\" width=\"1427\" height=\"917\" alt=\"mini-\u00e9lectrophor\u00e8se\" srcset=\"http:\/\/nebula-b.com\/wp-content\/uploads\/2023\/12\/PES-5\u5c0f\u578b\u5782\u76f4\u7535\u6cf3\u7cfb\u7edf.png 1427w, http:\/\/nebula-b.com\/wp-content\/uploads\/2023\/12\/PES-5\u5c0f\u578b\u5782\u76f4\u7535\u6cf3\u7cfb\u7edf-300x193.png 300w, http:\/\/nebula-b.com\/wp-content\/uploads\/2023\/12\/PES-5\u5c0f\u578b\u5782\u76f4\u7535\u6cf3\u7cfb\u7edf-1024x658.png 1024w, http:\/\/nebula-b.com\/wp-content\/uploads\/2023\/12\/PES-5\u5c0f\u578b\u5782\u76f4\u7535\u6cf3\u7cfb\u7edf-768x494.png 768w\" sizes=\"auto, (max-width: 1427px) 100vw, 1427px\" \/><\/span><\/figure><\/div>\n<\/div><\/div><\/div>\n\n\n\n<div class=\"wp-block-stackable-column stk-block-column stk-column stk-block stk-6847d17\" data-v=\"4\" data-block-id=\"6847d17\"><style>.stk-6847d17{align-self:center !important}<\/style><div class=\"stk-column-wrapper stk-block-column__content stk-container stk-6847d17-container stk--no-background stk--no-padding\"><div class=\"stk-block-content stk-inner-blocks stk-6847d17-inner-blocks\">\n<div class=\"wp-block-stackable-image stk-block-image stk-block stk-eee5d3d\" data-block-id=\"eee5d3d\"><figure><span class=\"stk-img-wrapper stk-image--shape-stretch\"><img alt=\"Syst\u00e8mes d&#039;\u00e9lectrophor\u00e8se verticale\" loading=\"lazy\" decoding=\"async\" class=\"stk-img wp-image-343\" src=\"https:\/\/nebula-b.com\/wp-content\/uploads\/2024\/01\/PES-5-set-scaled-1.jpg\" width=\"2560\" height=\"1811\" srcset=\"http:\/\/nebula-b.com\/wp-content\/uploads\/2024\/01\/PES-5-set-scaled-1.jpg 2560w, http:\/\/nebula-b.com\/wp-content\/uploads\/2024\/01\/PES-5-set-scaled-1-300x212.jpg 300w, http:\/\/nebula-b.com\/wp-content\/uploads\/2024\/01\/PES-5-set-scaled-1-1024x724.jpg 1024w, http:\/\/nebula-b.com\/wp-content\/uploads\/2024\/01\/PES-5-set-scaled-1-768x543.jpg 768w, http:\/\/nebula-b.com\/wp-content\/uploads\/2024\/01\/PES-5-set-scaled-1-1536x1087.jpg 1536w, http:\/\/nebula-b.com\/wp-content\/uploads\/2024\/01\/PES-5-set-scaled-1-2048x1449.jpg 2048w\" sizes=\"auto, (max-width: 2560px) 100vw, 2560px\" \/><\/span><\/figure><\/div>\n<\/div><\/div><\/div>\n<\/div><div class=\"stk-block-carousel__buttons\"><button class=\"stk-block-carousel__button stk-block-carousel__button__prev\" aria-label=\"Diapositive pr\u00e9c\u00e9dente\"><svg aria-hidden=\"true\" focusable=\"false\" data-prefix=\"fas\" data-icon=\"chevron-left\" class=\"svg-inline--fa fa-chevron-left\" xmlns=\"http:\/\/www.w3.org\/2000\/svg\" viewbox=\"0 0 320 512\" width=\"32\" height=\"32\"><path d=\"M34.52 239.03L228.87 44.69c9.37-9.37 24.57-9.37 33.94 0l22.67 22.67c9.36 9.36 9.37 24.52.04 33.9L131.49 256l154.02 154.75c9.34 9.38 9.32 24.54-.04 33.9l-22.67 22.67c-9.37 9.37-24.57 9.37-33.94 0L34.52 272.97c-9.37-9.37-9.37-24.57 0-33.94z\"><\/path><\/svg><\/button><button class=\"stk-block-carousel__button stk-block-carousel__button__next\" aria-label=\"Diapositive suivante\"><svg aria-hidden=\"true\" focusable=\"false\" data-prefix=\"fas\" data-icon=\"chevron-right\" class=\"svg-inline--fa fa-chevron-right\" xmlns=\"http:\/\/www.w3.org\/2000\/svg\" viewbox=\"0 0 320 512\" width=\"32\" height=\"32\"><path d=\"M285.476 272.971L91.132 467.314c-9.373 9.373-24.569 9.373-33.941 0l-22.667-22.667c-9.357-9.357-9.375-24.522-.04-33.901L188.505 256 34.484 101.255c-9.335-9.379-9.317-24.544.04-33.901l22.667-22.667c9.373-9.373 24.569-9.373 33.941 0L285.475 239.03c9.373 9.372 9.373 24.568.001 33.941z\"><\/path><\/svg><\/button><\/div><\/div><div class=\"stk-block-carousel__dots\" role=\"list\" data-label=\"Slide %%d\"><\/div><\/div><\/div>\n<\/div>\n\n\n\n<div class=\"wp-block-column is-layout-flow wp-block-column-is-layout-flow\" style=\"border-style:none;border-width:0px;flex-basis:60%\">\n<p style=\"font-size:16px\"><strong>Caract\u00e9ristiques<\/strong> <\/p>\n\n\n\n<p style=\"font-size:15px\">\u2727 Jusqu&#039;\u00e0 4 petites \u00e9lectrophor\u00e8ses sur gel peuvent \u00eatre r\u00e9alis\u00e9es en m\u00eame temps<br>Op\u00e9ration simple, montage rapide et excellente \u00e9tanch\u00e9it\u00e9\u00a0;<br>\u2727 compatible avec l&#039;\u00e9lectrophor\u00e8se 2D de seconde dimension ;<br>\u2727 s\u00e9lection flexible du tampon, criblage et \u00e9valuation de la pr\u00e9paration des \u00e9chantillons<br>Cuve de transfert \u00e9lectrophor\u00e9tique pour transfert Western blot.<\/p>\n<\/div>\n<\/div>\n\n\n\n<p><strong>Applications<\/strong><\/p>\n\n\n\n<p>\u2727 \u00c9lectrophor\u00e8se sur gel de polyacrylamide (PAGE ou SDS-PAGE) ;<br>\u2727 \u00e9lectrophor\u00e8se sur gel 2D\u00a0;<br>\u2727 \u00e9chantillons de d\u00e9pistage\u00a0;<br>\u2727 \u00e9valuer les conditions de pr\u00e9paration des \u00e9chantillons.<\/p>\n\n\n\n<p><strong>Param\u00e8tres<\/strong><\/p>\n\n\n\n<figure class=\"wp-block-table is-style-stripes\"><table><tbody><tr><td><strong>Num\u00e9ro de mod\u00e8le. <\/strong><\/td><td><\/td><td><strong>PSE \u2013 5&nbsp;<\/strong><br>Mini syst\u00e8me d&#039;\u00e9lectrophor\u00e8se verticale<\/td><\/tr><tr><td colspan=\"2\"><strong>Quantit\u00e9 de gels<\/strong><\/td><td>1~4<\/td><td><\/td><\/tr><tr><td colspan=\"2\"><strong>Gel \u00e0 couler \u00e0 la main<\/strong><\/td><td>Verser entre des assiettes en verre<\/td><td><\/td><\/tr><tr><td colspan=\"2\" rowspan=\"2\"><strong>Taille du gel (W*L)<\/strong><\/td><td>86*68mm\uff1b83*73mm<\/td><td><\/td><\/tr><tr><td>Pr\u00e9fabriqu\u00e9 : 86 x 68 mm ; coul\u00e9 \u00e0 la main\u00a0:\u00a083\u00a0*\u00a073\u00a0mm<\/td><\/tr><tr><td rowspan=\"2\"><strong>Taille de la plaque de verre<\/strong><\/td><td>Assiette courte en verre<\/td><td>101*73mm<\/td><td class=\"has-text-align-left\" data-align=\"left\"><\/td><\/tr><tr><td>Longue assiette en verre<\/td><td>101*82mm<\/td><td><\/td><\/tr><tr><td colspan=\"2\"><strong>Volume total de tampon pour 2 gels<\/strong><\/td><td>700 ml<\/td><td><\/td><\/tr><tr><td colspan=\"2\">Volume total de tampon pour 4 gels<\/td><td>1000 ml<\/td><td><\/td><\/tr><tr><td colspan=\"2\"><strong>Dur\u00e9e d&#039;ex\u00e9cution typique de SDS-PAGE<\/strong><\/td><td>35 ~ 45 minutes (sous tension constante de 200 V)<\/td><td><\/td><\/tr><tr><td colspan=\"2\"><strong>Dimension (L*L*H)<\/strong><\/td><td>128*172*135mm<\/td><td><\/td><\/tr><tr><td colspan=\"2\"><strong>poids (kg)<\/strong><\/td><td>1<\/td><td><\/td><\/tr><tr><td colspan=\"2\"><strong>Format gel<\/strong><\/td><td>Mini<\/td><td><\/td><\/tr><\/tbody><\/table><\/figure>\n\n\n\n<div class=\"wp-block-columns has-small-font-size is-layout-flex wp-container-core-columns-is-layout-b934f1a7 wp-block-columns-is-layout-flex\" style=\"border-style:none;border-width:0px;border-radius:0px;padding-top:0;padding-right:var(--wp--preset--spacing--20);padding-bottom:0;padding-left:var(--wp--preset--spacing--20)\">\n<div class=\"wp-block-column is-layout-flow wp-block-column-is-layout-flow\" style=\"flex-basis:40%\">\n<div class=\"wp-block-stackable-carousel stk-block-carousel stk--is-slide stk--arrows-justify-space-between stk--arrows-align-center stk-block stk-93b60ab\" data-slides-to-show=\"\" data-block-id=\"93b60ab\"><div class=\"stk-block-carousel__content-wrapper\"><div class=\"stk-row stk-inner-blocks stk-block-content stk-block-carousel__slider-wrapper stk-content-align stk-93b60ab-column\"><div class=\"stk-block-carousel__slider\" role=\"list\" data-autoplay=\"4000\" data-label-slide-of=\"Slide %%d of %%d\">\n<div class=\"wp-block-stackable-column stk-block-column stk-column stk-block stk-7a046a4\" data-v=\"4\" data-block-id=\"7a046a4\"><div class=\"stk-column-wrapper stk-block-column__content stk-container stk-7a046a4-container stk--no-background stk--no-padding\"><div class=\"stk-block-content stk-inner-blocks stk-7a046a4-inner-blocks\">\n<div class=\"wp-block-stackable-image stk-block-image stk-block stk-718515a\" data-block-id=\"718515a\"><figure><span class=\"stk-img-wrapper stk-image--shape-stretch\"><img alt=\"Syst\u00e8mes d&#039;\u00e9lectrophor\u00e8se verticale\" loading=\"lazy\" decoding=\"async\" class=\"stk-img wp-image-347\" src=\"https:\/\/nebula-b.com\/wp-content\/uploads\/2024\/01\/TB-5.jpg\" width=\"421\" height=\"421\" srcset=\"http:\/\/nebula-b.com\/wp-content\/uploads\/2024\/01\/TB-5.jpg 421w, http:\/\/nebula-b.com\/wp-content\/uploads\/2024\/01\/TB-5-300x300.jpg 300w, http:\/\/nebula-b.com\/wp-content\/uploads\/2024\/01\/TB-5-150x150.jpg 150w\" sizes=\"auto, (max-width: 421px) 100vw, 421px\" \/><\/span><\/figure><\/div>\n<\/div><\/div><\/div>\n\n\n\n<div class=\"wp-block-stackable-column stk-block-column stk-column stk-block stk-322688e\" data-v=\"4\" data-block-id=\"322688e\"><div class=\"stk-column-wrapper stk-block-column__content stk-container stk-322688e-container stk--no-background stk--no-padding\"><div class=\"stk-block-content stk-inner-blocks stk-322688e-inner-blocks\">\n<div class=\"wp-block-stackable-image stk-block-image stk-block stk-fecd8b8\" data-block-id=\"fecd8b8\"><figure><span class=\"stk-img-wrapper stk-image--shape-stretch\"><img alt=\"Syst\u00e8mes d&#039;\u00e9lectrophor\u00e8se verticale\" loading=\"lazy\" decoding=\"async\" class=\"stk-img wp-image-684\" src=\"https:\/\/nebula-b.com\/wp-content\/uploads\/2024\/01\/TB-5-1.jpg\" width=\"1500\" height=\"1500\" srcset=\"http:\/\/nebula-b.com\/wp-content\/uploads\/2024\/01\/TB-5-1.jpg 1500w, http:\/\/nebula-b.com\/wp-content\/uploads\/2024\/01\/TB-5-1-300x300.jpg 300w, http:\/\/nebula-b.com\/wp-content\/uploads\/2024\/01\/TB-5-1-1024x1024.jpg 1024w, http:\/\/nebula-b.com\/wp-content\/uploads\/2024\/01\/TB-5-1-150x150.jpg 150w, http:\/\/nebula-b.com\/wp-content\/uploads\/2024\/01\/TB-5-1-768x768.jpg 768w\" sizes=\"auto, (max-width: 1500px) 100vw, 1500px\" \/><\/span><\/figure><\/div>\n<\/div><\/div><\/div>\n<\/div><div class=\"stk-block-carousel__buttons\"><button class=\"stk-block-carousel__button stk-block-carousel__button__prev\" aria-label=\"Diapositive pr\u00e9c\u00e9dente\"><svg aria-hidden=\"true\" focusable=\"false\" data-prefix=\"fas\" data-icon=\"chevron-left\" class=\"svg-inline--fa fa-chevron-left\" xmlns=\"http:\/\/www.w3.org\/2000\/svg\" viewbox=\"0 0 320 512\" width=\"32\" height=\"32\"><path d=\"M34.52 239.03L228.87 44.69c9.37-9.37 24.57-9.37 33.94 0l22.67 22.67c9.36 9.36 9.37 24.52.04 33.9L131.49 256l154.02 154.75c9.34 9.38 9.32 24.54-.04 33.9l-22.67 22.67c-9.37 9.37-24.57 9.37-33.94 0L34.52 272.97c-9.37-9.37-9.37-24.57 0-33.94z\"><\/path><\/svg><\/button><button class=\"stk-block-carousel__button stk-block-carousel__button__next\" aria-label=\"Diapositive suivante\"><svg aria-hidden=\"true\" focusable=\"false\" data-prefix=\"fas\" data-icon=\"chevron-right\" class=\"svg-inline--fa fa-chevron-right\" xmlns=\"http:\/\/www.w3.org\/2000\/svg\" viewbox=\"0 0 320 512\" width=\"32\" height=\"32\"><path d=\"M285.476 272.971L91.132 467.314c-9.373 9.373-24.569 9.373-33.941 0l-22.667-22.667c-9.357-9.357-9.375-24.522-.04-33.901L188.505 256 34.484 101.255c-9.335-9.379-9.317-24.544.04-33.901l22.667-22.667c9.373-9.373 24.569-9.373 33.941 0L285.475 239.03c9.373 9.372 9.373 24.568.001 33.941z\"><\/path><\/svg><\/button><\/div><\/div><div class=\"stk-block-carousel__dots\" role=\"list\" data-label=\"Slide %%d\"><\/div><\/div><\/div>\n<\/div>\n\n\n\n<div class=\"wp-block-column is-layout-flow wp-block-column-is-layout-flow\" style=\"border-style:none;border-width:0px;flex-basis:60%\">\n<p style=\"font-size:16px\"><strong>Caract\u00e9ristiques et avantages<\/strong><\/p>\n\n\n\n<p style=\"font-size:15px\">\u2727 Il peut transf\u00e9rer deux morceaux de gel de 100 mm x 75 mm en m\u00eame temps, ou un transfert nocturne de faible intensit\u00e9 ;<br>\u2727 fermer les \u00e9lectrodes pour g\u00e9n\u00e9rer un champ \u00e9lectrique puissant afin d&#039;assurer un transfert efficace des prot\u00e9ines<br>\u2727 indication claire pour garantir une orientation correcte du gel pendant le processus de transfert ;<br>\u2727 la glaci\u00e8re bleue peut \u00eatre compl\u00e8tement plac\u00e9e dans le r\u00e9servoir de transfert pour absorber la chaleur pendant le processus de transfert rapide \uff1b<br>\u2727 il peut non seulement \u00eatre utilis\u00e9 comme un \u00e9quipement ind\u00e9pendant complet, mais \u00e9galement avec le petit syst\u00e8me d&#039;\u00e9lectrophor\u00e8se verticale PES \u2013 5.<\/p>\n<\/div>\n<\/div>\n\n\n\n<p><strong>Param\u00e8tres<\/strong><\/p>\n\n\n\n<figure class=\"wp-block-table is-style-stripes\"><table><tbody><tr><td><strong>Mod\u00e8le<\/strong><\/td><td><strong>TB-5<\/strong> <strong>Syst\u00e8me Trans-Blot<\/strong><\/td><\/tr><tr><td><strong>Taille maximale du gel (W*L)<\/strong><\/td><td>100*75mm<\/td><\/tr><tr><td><strong>Tampon requis<\/strong><\/td><td>1000 ml<\/td><\/tr><tr><td><strong>Volume du gel<\/strong><\/td><td>2 gels de pr\u00e9moulage ou gels de coul\u00e9e manuelle<\/td><\/tr><tr><td><strong>Dimension (L*L*H)<\/strong><\/td><td>128*172*135mm<\/td><\/tr><tr><td><strong>Poids<\/strong><\/td><td>1,0kg<\/td><\/tr><\/tbody><\/table><\/figure>","protected":false},"excerpt":{"rendered":"<p>Features \u2727 Up to 4 small gel electrophoresis can be carried out at the same timeSimple operation, rapid assembly and excellent sealing;\u2727 compatible with 2D second dimensional electrophoresis;\u2727 flexible selection of buffer, screening and evaluation of sample preparationElectrophoretic transfer tank for Western blot transfer. Applications \u2727 Polyacrylamide gel electrophoresis (PAGE or SDS-PAGE);\u2727 2-D gel electrophoresis;\u2727&hellip;&nbsp;<a href=\"http:\/\/nebula-b.com\/fr\/systemes-delectrophorese-verticaux\/\" class=\"\" rel=\"bookmark\">Lire la suite \u00bb<span class=\"screen-reader-text\">Syst\u00e8mes d&#039;\u00e9lectrophor\u00e8se verticale<\/span><\/a><\/p>","protected":false},"author":2,"featured_media":0,"parent":0,"menu_order":0,"comment_status":"closed","ping_status":"closed","template":"","meta":{"_uag_custom_page_level_css":"","ub_ctt_via":"","neve_meta_sidebar":"","neve_meta_container":"","neve_meta_enable_content_width":"","neve_meta_content_width":0,"neve_meta_title_alignment":"","neve_meta_author_avatar":"","neve_post_elements_order":"","neve_meta_disable_header":"","neve_meta_disable_footer":"","neve_meta_disable_title":"","_themeisle_gutenberg_block_has_review":false,"footnotes":""},"class_list":["post-266","page","type-page","status-publish","hentry"],"featured_image_src":null,"uagb_featured_image_src":{"full":false,"thumbnail":false,"medium":false,"medium_large":false,"large":false,"1536x1536":false,"2048x2048":false,"trp-custom-language-flag":false,"neve-blog":false},"uagb_author_info":{"display_name":"liu, stacey","author_link":"http:\/\/nebula-b.com\/fr\/author\/stacey\/"},"uagb_comment_info":0,"uagb_excerpt":"Features \u2727 Up to 4 small gel electrophoresis can be carried out at the same timeSimple operation, rapid assembly and excellent sealing;\u2727 compatible with 2D second dimensional electrophoresis;\u2727 flexible selection of buffer, screening and evaluation of sample preparationElectrophoretic transfer tank for Western blot transfer. Applications \u2727 Polyacrylamide gel electrophoresis (PAGE or SDS-PAGE);\u2727 2-D gel electrophoresis;\u2727&hellip;&nbsp;Lire\u2026","_links":{"self":[{"href":"http:\/\/nebula-b.com\/fr\/wp-json\/wp\/v2\/pages\/266","targetHints":{"allow":["GET"]}}],"collection":[{"href":"http:\/\/nebula-b.com\/fr\/wp-json\/wp\/v2\/pages"}],"about":[{"href":"http:\/\/nebula-b.com\/fr\/wp-json\/wp\/v2\/types\/page"}],"author":[{"embeddable":true,"href":"http:\/\/nebula-b.com\/fr\/wp-json\/wp\/v2\/users\/2"}],"replies":[{"embeddable":true,"href":"http:\/\/nebula-b.com\/fr\/wp-json\/wp\/v2\/comments?post=266"}],"version-history":[{"count":4,"href":"http:\/\/nebula-b.com\/fr\/wp-json\/wp\/v2\/pages\/266\/revisions"}],"predecessor-version":[{"id":2051,"href":"http:\/\/nebula-b.com\/fr\/wp-json\/wp\/v2\/pages\/266\/revisions\/2051"}],"wp:attachment":[{"href":"http:\/\/nebula-b.com\/fr\/wp-json\/wp\/v2\/media?parent=266"}],"curies":[{"name":"wp","href":"https:\/\/api.w.org\/{rel}","templated":true}]}}