{"id":259,"date":"2023-12-27T12:56:49","date_gmt":"2023-12-27T04:56:49","guid":{"rendered":"https:\/\/wp.kxwar.com\/?page_id=259"},"modified":"2024-04-18T14:13:54","modified_gmt":"2024-04-18T06:13:54","slug":"electrophoresis-power-supply","status":"publish","type":"page","link":"http:\/\/nebula-b.com\/fr\/alimentation-pour-electrophorese\/","title":{"rendered":"Alimentations pour \u00e9lectrophor\u00e8se"},"content":{"rendered":"<div class=\"wp-block-columns has-small-font-size is-layout-flex wp-container-core-columns-is-layout-b934f1a7 wp-block-columns-is-layout-flex\" style=\"border-style:none;border-width:0px;border-radius:0px;padding-top:0;padding-right:var(--wp--preset--spacing--20);padding-bottom:0;padding-left:var(--wp--preset--spacing--20)\">\n<div class=\"wp-block-column is-layout-flow wp-block-column-is-layout-flow\" style=\"flex-basis:40%\">\n<div class=\"wp-block-stackable-carousel stk-block-carousel stk--is-slide stk--arrows-justify-space-between stk--arrows-align-center stk-block stk-9336aea\" data-slides-to-show=\"\" data-block-id=\"9336aea\"><div class=\"stk-block-carousel__content-wrapper\"><div class=\"stk-row stk-inner-blocks stk-block-content stk-block-carousel__slider-wrapper stk-content-align stk-9336aea-column\"><div class=\"stk-block-carousel__slider\" role=\"list\" data-autoplay=\"4000\" data-label-slide-of=\"Slide %%d of %%d\">\n<div class=\"wp-block-stackable-column stk-block-column stk-column stk-block stk-e7af2ca\" data-v=\"4\" data-block-id=\"e7af2ca\"><style>.stk-e7af2ca{align-self:center !important}<\/style><div class=\"stk-column-wrapper stk-block-column__content stk-container stk-e7af2ca-container stk--no-background stk--no-padding\"><div class=\"stk-block-content stk-inner-blocks stk-e7af2ca-inner-blocks\">\n<div class=\"wp-block-stackable-image stk-block-image stk-block stk-d699d7e\" data-block-id=\"d699d7e\"><figure><span class=\"stk-img-wrapper stk-image--shape-stretch\"><img loading=\"lazy\" decoding=\"async\" class=\"stk-img wp-image-315\" src=\"https:\/\/nebula-b.com\/wp-content\/uploads\/2023\/12\/\u5404\u79cd\u7535\u6e90.jpg\" width=\"420\" height=\"420\" alt=\"alimentations-pour-\u00e9lectrophor\u00e8se\" srcset=\"http:\/\/nebula-b.com\/wp-content\/uploads\/2023\/12\/\u5404\u79cd\u7535\u6e90.jpg 420w, http:\/\/nebula-b.com\/wp-content\/uploads\/2023\/12\/\u5404\u79cd\u7535\u6e90-300x300.jpg 300w, http:\/\/nebula-b.com\/wp-content\/uploads\/2023\/12\/\u5404\u79cd\u7535\u6e90-150x150.jpg 150w\" sizes=\"auto, (max-width: 420px) 100vw, 420px\" \/><\/span><\/figure><\/div>\n<\/div><\/div><\/div>\n\n\n\n<div class=\"wp-block-stackable-column stk-block-column stk-column stk-block stk-6847d17\" data-v=\"4\" data-block-id=\"6847d17\"><style>.stk-6847d17{align-self:center !important}<\/style><div class=\"stk-column-wrapper stk-block-column__content stk-container stk-6847d17-container stk--no-background stk--no-padding\"><div class=\"stk-block-content stk-inner-blocks stk-6847d17-inner-blocks\">\n<div class=\"wp-block-stackable-image stk-block-image stk-block stk-eee5d3d\" data-block-id=\"eee5d3d\"><figure><span class=\"stk-img-wrapper stk-image--shape-stretch\"><img loading=\"lazy\" decoding=\"async\" class=\"stk-img wp-image-316\" src=\"https:\/\/nebula-b.com\/wp-content\/uploads\/2023\/12\/\u754c\u9762\u53cc\u901a\u9053.jpg\" width=\"1500\" height=\"1500\" alt=\"interface d&#039;alimentation \u00e9lectrique pour \u00e9lectrophor\u00e8se\" srcset=\"http:\/\/nebula-b.com\/wp-content\/uploads\/2023\/12\/\u754c\u9762\u53cc\u901a\u9053.jpg 1500w, http:\/\/nebula-b.com\/wp-content\/uploads\/2023\/12\/\u754c\u9762\u53cc\u901a\u9053-300x300.jpg 300w, http:\/\/nebula-b.com\/wp-content\/uploads\/2023\/12\/\u754c\u9762\u53cc\u901a\u9053-1024x1024.jpg 1024w, http:\/\/nebula-b.com\/wp-content\/uploads\/2023\/12\/\u754c\u9762\u53cc\u901a\u9053-150x150.jpg 150w, http:\/\/nebula-b.com\/wp-content\/uploads\/2023\/12\/\u754c\u9762\u53cc\u901a\u9053-768x768.jpg 768w\" sizes=\"auto, (max-width: 1500px) 100vw, 1500px\" \/><\/span><\/figure><\/div>\n<\/div><\/div><\/div>\n\n\n\n<div class=\"wp-block-stackable-column stk-block-column stk-column stk-block stk-46359ed\" data-v=\"4\" data-block-id=\"46359ed\"><style>.stk-46359ed{align-self:center !important}<\/style><div class=\"stk-column-wrapper stk-block-column__content stk-container stk-46359ed-container stk--no-background stk--no-padding\"><div class=\"stk-block-content stk-inner-blocks stk-46359ed-inner-blocks\">\n<div class=\"wp-block-stackable-image stk-block-image stk-block stk-92800c8\" data-block-id=\"92800c8\"><figure><span class=\"stk-img-wrapper stk-image--shape-stretch\"><img loading=\"lazy\" decoding=\"async\" class=\"stk-img wp-image-683\" src=\"https:\/\/nebula-b.com\/wp-content\/uploads\/2023\/12\/\u53cc\u901a\u9053.jpg\" width=\"500\" height=\"500\" alt=\"application de l&#039;alimentation\" srcset=\"http:\/\/nebula-b.com\/wp-content\/uploads\/2023\/12\/\u53cc\u901a\u9053.jpg 500w, http:\/\/nebula-b.com\/wp-content\/uploads\/2023\/12\/\u53cc\u901a\u9053-300x300.jpg 300w, http:\/\/nebula-b.com\/wp-content\/uploads\/2023\/12\/\u53cc\u901a\u9053-150x150.jpg 150w\" sizes=\"auto, (max-width: 500px) 100vw, 500px\" \/><\/span><\/figure><\/div>\n<\/div><\/div><\/div>\n\n\n\n<div class=\"wp-block-stackable-column stk-block-column stk-column stk-block stk-8e5fc80\" data-v=\"4\" data-block-id=\"8e5fc80\"><style>.stk-8e5fc80{align-self:center !important}<\/style><div class=\"stk-column-wrapper stk-block-column__content stk-container stk-8e5fc80-container stk--no-background stk--no-padding\"><div class=\"stk-block-content stk-inner-blocks stk-8e5fc80-inner-blocks\">\n<div class=\"wp-block-stackable-image stk-block-image stk-block stk-f9c5a9b\" data-block-id=\"f9c5a9b\"><figure><span class=\"stk-img-wrapper stk-image--shape-stretch\"><img loading=\"lazy\" decoding=\"async\" class=\"stk-img wp-image-246\" src=\"https:\/\/nebula-b.com\/wp-content\/uploads\/2023\/12\/EPHC400-1.jpg\" width=\"500\" height=\"500\" alt=\"alimentation \u00e0 courant \u00e9lev\u00e9\" srcset=\"http:\/\/nebula-b.com\/wp-content\/uploads\/2023\/12\/EPHC400-1.jpg 500w, http:\/\/nebula-b.com\/wp-content\/uploads\/2023\/12\/EPHC400-1-300x300.jpg 300w, http:\/\/nebula-b.com\/wp-content\/uploads\/2023\/12\/EPHC400-1-150x150.jpg 150w\" sizes=\"auto, (max-width: 500px) 100vw, 500px\" \/><\/span><\/figure><\/div>\n<\/div><\/div><\/div>\n<\/div><div class=\"stk-block-carousel__buttons\"><button class=\"stk-block-carousel__button stk-block-carousel__button__prev\" aria-label=\"Diapositive pr\u00e9c\u00e9dente\"><svg aria-hidden=\"true\" focusable=\"false\" data-prefix=\"fas\" data-icon=\"chevron-left\" class=\"svg-inline--fa fa-chevron-left\" xmlns=\"http:\/\/www.w3.org\/2000\/svg\" viewbox=\"0 0 320 512\" width=\"32\" height=\"32\"><path d=\"M34.52 239.03L228.87 44.69c9.37-9.37 24.57-9.37 33.94 0l22.67 22.67c9.36 9.36 9.37 24.52.04 33.9L131.49 256l154.02 154.75c9.34 9.38 9.32 24.54-.04 33.9l-22.67 22.67c-9.37 9.37-24.57 9.37-33.94 0L34.52 272.97c-9.37-9.37-9.37-24.57 0-33.94z\"><\/path><\/svg><\/button><button class=\"stk-block-carousel__button stk-block-carousel__button__next\" aria-label=\"Diapositive suivante\"><svg aria-hidden=\"true\" focusable=\"false\" data-prefix=\"fas\" data-icon=\"chevron-right\" class=\"svg-inline--fa fa-chevron-right\" xmlns=\"http:\/\/www.w3.org\/2000\/svg\" viewbox=\"0 0 320 512\" width=\"32\" height=\"32\"><path d=\"M285.476 272.971L91.132 467.314c-9.373 9.373-24.569 9.373-33.941 0l-22.667-22.667c-9.357-9.357-9.375-24.522-.04-33.901L188.505 256 34.484 101.255c-9.335-9.379-9.317-24.544.04-33.901l22.667-22.667c9.373-9.373 24.569-9.373 33.941 0L285.475 239.03c9.373 9.372 9.373 24.568.001 33.941z\"><\/path><\/svg><\/button><\/div><\/div><div class=\"stk-block-carousel__dots\" role=\"list\" data-label=\"Slide %%d\"><\/div><\/div><\/div>\n<\/div>\n\n\n\n<div class=\"wp-block-column is-layout-flow wp-block-column-is-layout-flow\" style=\"border-style:none;border-width:0px;flex-basis:60%\">\n<p style=\"font-size:16px\"><strong>Caract\u00e9ristiques<\/strong> <\/p>\n\n\n\n<p style=\"font-size:15px\">Un syst\u00e8me \u00b7 deux alimentations \u00b7 contr\u00f4le ind\u00e9pendant \u00b7 quatre sorties.<br>L&#039;alimentation d&#039;\u00e9lectrophor\u00e8se \u00e0 courant \u00e9lev\u00e9 double canal EPHC 400 est diff\u00e9rente des autres alimentations d&#039;\u00e9lectrophor\u00e8se du march\u00e9. Il dispose d&#039;interfaces de sortie contr\u00f4l\u00e9es ind\u00e9pendamment aux deux extr\u00e9mit\u00e9s de A et B. Il peut ex\u00e9cuter deux programmes diff\u00e9rents en m\u00eame temps. Une machine est \u00e0 double usage, \u00e9vitant les conflits lors des exp\u00e9riences simultan\u00e9es et am\u00e9liorant le taux d&#039;utilisation de l&#039;instrument. Le courant de sortie peut atteindre 3 000 mA. Le produit peut r\u00e9pondre aux besoins de petite \u00e9lectrophor\u00e8se verticale, d&#039;\u00e9lectrophor\u00e8se et de transfert \u00e0 haut d\u00e9bit.<\/p>\n<\/div>\n<\/div>\n\n\n\n<div class=\"wp-block-group\"><div class=\"wp-block-group__inner-container is-layout-constrained wp-block-group-is-layout-constrained\">\n<figure class=\"wp-block-table is-style-stripes\"><table><tbody><tr><td><strong>Num\u00e9ro de mod\u00e8le.<\/strong><\/td><td><strong>EPHC400<\/strong><br><o-anim-typing>Double canal <\/o-anim-typing><br><o-anim-typing>Courant \u00e9lev\u00e9 <\/o-anim-typing><\/td><td><strong>EPHC200<\/strong><br>Courant \u00e9lev\u00e9<\/td><td><strong>EPDU400<\/strong><br><o-anim-typing>Double canal <\/o-anim-typing><br><o-anim-typing>Courant \u00e9lev\u00e9 <\/o-anim-typing><\/td><td><strong>Base 400<\/strong><br><o-anim-typing>Double canal<\/o-anim-typing><\/td><td><strong>De base 200<\/strong><\/td><\/tr><tr><td><strong>Sp\u00e9cifications de sortie<\/strong><\/td><td>300 V, 3 000 mA, 350 W (sortie double canal ind\u00e9pendante)<\/td><td>300 V, 3 000 mA, 350 W<\/td><td>600 V, 3 000 mA, 500 W (sortie double canal ind\u00e9pendante)<\/td><td>300 V, 600 mA, 120 W (sortie double canal ind\u00e9pendante)<\/td><td>300 V, 600 mA, 120 W<\/td><\/tr><tr><td rowspan=\"3\"><strong>Plage de sortie (programmable)<\/strong><\/td><td>10 ~ 300 V, enti\u00e8rement r\u00e9glable par incr\u00e9ments de 1 V<\/td><td>10 ~ 300 V, enti\u00e8rement r\u00e9glable par incr\u00e9ments de 1 V<\/td><td>10 ~ 600 V, enti\u00e8rement r\u00e9glable par incr\u00e9ments de 1 V<\/td><td>10 ~ 300 V, enti\u00e8rement r\u00e9glable par incr\u00e9ments de 1 V<\/td><td>10 ~ 300 V, enti\u00e8rement r\u00e9glable par incr\u00e9ments de 1 V<\/td><\/tr><tr><td>10 ~ 3 000 mA, enti\u00e8rement r\u00e9glable par incr\u00e9ments de 1 mA<\/td><td>10 ~ 3 000 mA, enti\u00e8rement r\u00e9glable par incr\u00e9ments de 1 mA<\/td><td>10 ~ 3 000 mA, enti\u00e8rement r\u00e9glable par incr\u00e9ments de 1 mA<\/td><td>10 ~ 600 mA, enti\u00e8rement r\u00e9glable par incr\u00e9ments de 1 mA<\/td><td>10 ~ 600 mA, enti\u00e8rement r\u00e9glable par incr\u00e9ments de 1 mA<\/td><\/tr><tr><td>1 ~ 300 W, enti\u00e8rement r\u00e9glable par incr\u00e9ments de 1 W<\/td><td>1 ~ 350 W, enti\u00e8rement r\u00e9glable par incr\u00e9ments de 1 W<\/td><td>1 ~ 500 W, enti\u00e8rement r\u00e9glable par incr\u00e9ments de 1 W<\/td><td>1 ~ 120 W, enti\u00e8rement r\u00e9glable par incr\u00e9ments de 1 W<\/td><td>1 ~ 120 W, enti\u00e8rement r\u00e9glable par incr\u00e9ments de 1 W<\/td><\/tr><tr><td><strong>Le type de sortie<\/strong><\/td><td>Tension constante, courant constant ou puissance constante<\/td><td>Tension constante, courant constant ou puissance constante<\/td><td>Tension constante, courant constant ou puissance constante<\/td><td>Tension constante, courant constant ou puissance constante<\/td><td>Tension constante, courant constant ou puissance constante<\/td><\/tr><tr><td><strong>Borne de sortie<\/strong><\/td><td>A et B deux ensembles de double sortie de puissance ind\u00e9pendante, les ports de sortie peuvent \u00eatre contr\u00f4l\u00e9s ind\u00e9pendamment sans interf\u00e9rer les uns avec les autres.<\/td><td>Quatre paires de sorties parall\u00e8les<\/td><td>A et B deux ensembles de double sortie de puissance ind\u00e9pendante, les ports de sortie peuvent \u00eatre contr\u00f4l\u00e9s ind\u00e9pendamment sans interf\u00e9rer les uns avec les autres.<\/td><td>A et B deux ensembles de double sortie de puissance ind\u00e9pendante, les ports de sortie peuvent \u00eatre contr\u00f4l\u00e9s ind\u00e9pendamment sans interf\u00e9rer les uns avec les autres.<\/td><td>Quatre paires de sorties parall\u00e8les<\/td><\/tr><tr><td><strong>Contr\u00f4le de la minuterie<\/strong><\/td><td>1 minute ~ 99 heures 59 minutes, enti\u00e8rement r\u00e9glable<\/td><td>1 minute ~ 99 heures 59 minutes, enti\u00e8rement r\u00e9glable<\/td><td>1 minute ~ 99 heures 59 minutes, enti\u00e8rement r\u00e9glable<\/td><td>1 minute ~ 99 heures 59 minutes, enti\u00e8rement r\u00e9glable<\/td><td>1 minute ~ 99 heures 59 minutes, enti\u00e8rement r\u00e9glable<\/td><\/tr><tr><td><strong>Fonction Pause\/Reprise<\/strong><\/td><td>Oui<\/td><td>Oui<\/td><td>Oui<\/td><td>Oui<\/td><td>Oui<\/td><\/tr><tr><td><strong>M\u00e9thode programmable<\/strong><\/td><td>5 m\u00e9thodes peuvent \u00eatre stock\u00e9es, chacune contenant jusqu&#039;\u00e0 3 \u00e9tapes.<\/td><td>5 m\u00e9thodes peuvent \u00eatre stock\u00e9es, chacune contenant jusqu&#039;\u00e0 3 \u00e9tapes.<\/td><td>5 m\u00e9thodes peuvent \u00eatre stock\u00e9es, chacune contenant jusqu&#039;\u00e0 3 \u00e9tapes.<\/td><td>5 m\u00e9thodes peuvent \u00eatre stock\u00e9es, chacune contenant jusqu&#039;\u00e0 3 \u00e9tapes.<\/td><td>5 m\u00e9thodes peuvent \u00eatre stock\u00e9es, chacune contenant jusqu&#039;\u00e0 3 \u00e9tapes.<\/td><\/tr><tr><td><strong>Horloge en temps r\u00e9el<\/strong><\/td><td>Oui<\/td><td>Oui<\/td><td>Oui<\/td><td>Oui<\/td><td>Oui<\/td><\/tr><tr><td><strong>R\u00e9cup\u00e9ration automatique apr\u00e8s une panne de courant<\/strong><\/td><td>Oui<\/td><td>Oui<\/td><td>Oui<\/td><td>Oui<\/td><td>Oui<\/td><\/tr><tr><td><strong>Afficher<\/strong><\/td><td>480*320 pixels, <br>\u00c9cran tactile LED 3,5&quot;<\/td><td>480*320 pixels, <br>\u00c9cran tactile LED 3,5&quot;<\/td><td>480*320 pixels, <br>\u00c9cran tactile LED 3,5&quot;<\/td><td>480*320 pixels, <br>\u00c9cran tactile LED 3,5&quot;<\/td><td>480*320 pixels, <br>\u00c9cran tactile LED 3,5&quot;<\/td><\/tr><tr><td><strong>Fonctions de s\u00e9curit\u00e9<\/strong><\/td><td>D\u00e9tection \u00e0 vide, d\u00e9tection de mutation de charge, d\u00e9tection de fuite \u00e0 la terre, protection contre les surcharges\/courts-circuits, d\u00e9tection de surtension, protection du circuit d&#039;entr\u00e9e et mise sous tension automatique apr\u00e8s une panne de courant<\/td><td>D\u00e9tection \u00e0 vide, d\u00e9tection de mutation de charge, d\u00e9tection de fuite \u00e0 la terre, protection contre les surcharges\/courts-circuits, d\u00e9tection de surtension, protection du circuit d&#039;entr\u00e9e et mise sous tension automatique apr\u00e8s une panne de courant<\/td><td>D\u00e9tection \u00e0 vide, d\u00e9tection de mutation de charge, d\u00e9tection de fuite \u00e0 la terre, protection contre les surcharges\/courts-circuits, d\u00e9tection de surtension, protection du circuit d&#039;entr\u00e9e et mise sous tension automatique apr\u00e8s une panne de courant<\/td><td>D\u00e9tection \u00e0 vide, d\u00e9tection de mutation de charge, d\u00e9tection de fuite \u00e0 la terre, protection contre les surcharges\/courts-circuits, d\u00e9tection de surtension, protection du circuit d&#039;entr\u00e9e et mise sous tension automatique apr\u00e8s une panne de courant<\/td><td>D\u00e9tection \u00e0 vide, d\u00e9tection de mutation de charge, d\u00e9tection de fuite \u00e0 la terre, protection contre les surcharges\/courts-circuits, d\u00e9tection de surtension, protection du circuit d&#039;entr\u00e9e et mise sous tension automatique apr\u00e8s une panne de courant<\/td><\/tr><tr><td><strong>La puissance d&#039;entr\u00e9e<\/strong><\/td><td>110~250 VCA, 50~60 Hz<\/td><td>110~250 VCA, 50~60 Hz<\/td><td>110~250 VCA, 50~60 Hz<\/td><td>110~250 VCA, 50~60 Hz<\/td><td>110~250 VCA, 50~60 Hz<\/td><\/tr><tr><td><strong>Conditions de fonctionnement<\/strong><\/td><td>0 ~ 40 \u2103, 0 ~ 90% humidit\u00e9, <br>sans condensation<\/td><td>0 ~ 40 \u2103, 0 ~ 90% humidit\u00e9, <br>sans condensation<\/td><td>0 ~ 40 \u2103, 0 ~ 90% humidit\u00e9, <br>sans condensation<\/td><td>0 ~ 40 \u2103, 0 ~ 90% humidit\u00e9, <br>sans condensation<\/td><td>0 ~ 40 \u2103, 0 ~ 90% humidit\u00e9, <br>sans condensation<\/td><\/tr><tr><td><strong>Dimension<br>(L*P*H)<\/strong><\/td><td>344*293*85 millim\u00e8tres<\/td><td>344*293*85 millim\u00e8tres<\/td><td>344*293*85 millim\u00e8tres<\/td><td>344*293*85 millim\u00e8tres<\/td><td>344*293*85 millim\u00e8tres<\/td><\/tr><tr><td><strong>Poids&nbsp;<\/strong><\/td><td>4,05 kg<\/td><td>3,75 kg<\/td><td>4,05 kg<\/td><td>4,05 kg<\/td><td>3,75 kg<\/td><\/tr><\/tbody><\/table><\/figure>\n<\/div><\/div>\n\n\n\n<figure class=\"wp-block-image\"><img loading=\"lazy\" decoding=\"async\" width=\"895\" height=\"322\" src=\"https:\/\/nebula-b.com\/wp-content\/uploads\/2023\/12\/\u7535\u6e90\u5927\u56fe.webp\" alt=\"ensemble d&#039;\u00e9lectrophor\u00e8se\" class=\"wp-image-327\" srcset=\"http:\/\/nebula-b.com\/wp-content\/uploads\/2023\/12\/\u7535\u6e90\u5927\u56fe.webp 895w, http:\/\/nebula-b.com\/wp-content\/uploads\/2023\/12\/\u7535\u6e90\u5927\u56fe-300x108.webp 300w, http:\/\/nebula-b.com\/wp-content\/uploads\/2023\/12\/\u7535\u6e90\u5927\u56fe-768x276.webp 768w\" sizes=\"auto, (max-width: 895px) 100vw, 895px\" \/><\/figure>","protected":false},"excerpt":{"rendered":"<p>Features One system \u00b7 two power supplies \u00b7 independent control \u00b7 four outputs.EPHC 400 dual channel high current electrophoresis power supply is different from other electrophoresis power supplies in the market. It has output interfaces controlled independently at both ends of A and B. It can run two different programs at the same time. One&hellip;&nbsp;<a href=\"http:\/\/nebula-b.com\/fr\/alimentation-pour-electrophorese\/\" class=\"\" rel=\"bookmark\">Lire la suite \u00bb<span class=\"screen-reader-text\">Alimentations pour \u00e9lectrophor\u00e8se<\/span><\/a><\/p>","protected":false},"author":2,"featured_media":0,"parent":0,"menu_order":0,"comment_status":"closed","ping_status":"closed","template":"","meta":{"_uag_custom_page_level_css":"","ub_ctt_via":"","neve_meta_sidebar":"","neve_meta_container":"","neve_meta_enable_content_width":"","neve_meta_content_width":0,"neve_meta_title_alignment":"","neve_meta_author_avatar":"","neve_post_elements_order":"","neve_meta_disable_header":"","neve_meta_disable_footer":"","neve_meta_disable_title":"","_themeisle_gutenberg_block_has_review":false,"footnotes":""},"class_list":["post-259","page","type-page","status-publish","hentry"],"featured_image_src":null,"uagb_featured_image_src":{"full":false,"thumbnail":false,"medium":false,"medium_large":false,"large":false,"1536x1536":false,"2048x2048":false,"trp-custom-language-flag":false,"neve-blog":false},"uagb_author_info":{"display_name":"liu, stacey","author_link":"http:\/\/nebula-b.com\/fr\/author\/stacey\/"},"uagb_comment_info":0,"uagb_excerpt":"Features One system \u00b7 two power supplies \u00b7 independent control \u00b7 four outputs.EPHC 400 dual channel high current electrophoresis power supply is different from other electrophoresis power supplies in the market. It has output interfaces controlled independently at both ends of A and B. It can run two different programs at the same time. One&hellip;&nbsp;Lire\u2026","_links":{"self":[{"href":"http:\/\/nebula-b.com\/fr\/wp-json\/wp\/v2\/pages\/259","targetHints":{"allow":["GET"]}}],"collection":[{"href":"http:\/\/nebula-b.com\/fr\/wp-json\/wp\/v2\/pages"}],"about":[{"href":"http:\/\/nebula-b.com\/fr\/wp-json\/wp\/v2\/types\/page"}],"author":[{"embeddable":true,"href":"http:\/\/nebula-b.com\/fr\/wp-json\/wp\/v2\/users\/2"}],"replies":[{"embeddable":true,"href":"http:\/\/nebula-b.com\/fr\/wp-json\/wp\/v2\/comments?post=259"}],"version-history":[{"count":4,"href":"http:\/\/nebula-b.com\/fr\/wp-json\/wp\/v2\/pages\/259\/revisions"}],"predecessor-version":[{"id":2048,"href":"http:\/\/nebula-b.com\/fr\/wp-json\/wp\/v2\/pages\/259\/revisions\/2048"}],"wp:attachment":[{"href":"http:\/\/nebula-b.com\/fr\/wp-json\/wp\/v2\/media?parent=259"}],"curies":[{"name":"wp","href":"https:\/\/api.w.org\/{rel}","templated":true}]}}