{"id":2300,"date":"2024-05-15T17:55:07","date_gmt":"2024-05-15T09:55:07","guid":{"rendered":"https:\/\/nebula-b.com\/?page_id=2300"},"modified":"2024-05-15T18:32:13","modified_gmt":"2024-05-15T10:32:13","slug":"micro-spectrophotometer","status":"publish","type":"page","link":"http:\/\/nebula-b.com\/fr\/micro-spectrophotometre\/","title":{"rendered":"Microspectrophotom\u00e8tre"},"content":{"rendered":"<div class=\"wp-block-columns has-small-font-size is-layout-flex wp-container-core-columns-is-layout-b934f1a7 wp-block-columns-is-layout-flex\" style=\"border-style:none;border-width:0px;border-radius:0px;padding-top:0;padding-right:var(--wp--preset--spacing--20);padding-bottom:0;padding-left:var(--wp--preset--spacing--20)\">\n<div class=\"wp-block-column is-layout-flow wp-block-column-is-layout-flow\" style=\"flex-basis:40%\">\n<div class=\"wp-block-stackable-carousel stk-block-carousel stk--is-slide stk--arrows-justify-space-between stk--arrows-align-center stk-block stk-9336aea\" data-slides-to-show=\"\" data-block-id=\"9336aea\"><div class=\"stk-block-carousel__content-wrapper\"><div class=\"stk-row stk-inner-blocks stk-block-content stk-block-carousel__slider-wrapper stk-content-align stk-9336aea-column\"><div class=\"stk-block-carousel__slider\" role=\"list\" data-autoplay=\"4000\" data-label-slide-of=\"Slide %%d of %%d\">\n<div class=\"wp-block-stackable-column stk-block-column stk-column stk-block stk-e7af2ca\" data-v=\"4\" data-block-id=\"e7af2ca\"><style>.stk-e7af2ca{align-self:center !important}<\/style><div class=\"stk-column-wrapper stk-block-column__content stk-container stk-e7af2ca-container stk--no-background stk--no-padding\"><div class=\"stk-block-content stk-inner-blocks stk-e7af2ca-inner-blocks\">\n<div class=\"wp-block-stackable-image stk-block-image stk-block stk-d699d7e\" data-block-id=\"d699d7e\"><figure><span class=\"stk-img-wrapper stk-image--shape-stretch\"><img loading=\"lazy\" decoding=\"async\" class=\"stk-img wp-image-2301\" src=\"https:\/\/nebula-b.com\/wp-content\/uploads\/2024\/05\/1-1.png\" width=\"663\" height=\"469\" alt=\"cuve d&#039;\u00e9lectrophor\u00e8se\" srcset=\"http:\/\/nebula-b.com\/wp-content\/uploads\/2024\/05\/1-1.png 663w, http:\/\/nebula-b.com\/wp-content\/uploads\/2024\/05\/1-1-256x181.png 256w, http:\/\/nebula-b.com\/wp-content\/uploads\/2024\/05\/1-1-18x12.png 18w\" sizes=\"auto, (max-width: 663px) 100vw, 663px\" \/><\/span><\/figure><\/div>\n<\/div><\/div><\/div>\n\n\n\n<div class=\"wp-block-stackable-column stk-block-column stk-column stk-block stk-46359ed\" data-v=\"4\" data-block-id=\"46359ed\"><style>.stk-46359ed{align-self:center !important}<\/style><div class=\"stk-column-wrapper stk-block-column__content stk-container stk-46359ed-container stk--no-background stk--no-padding\"><div class=\"stk-block-content stk-inner-blocks stk-46359ed-inner-blocks\">\n<div class=\"wp-block-stackable-image stk-block-image stk-block stk-92800c8\" data-block-id=\"92800c8\"><figure><span class=\"stk-img-wrapper stk-image--shape-stretch\"><img loading=\"lazy\" decoding=\"async\" class=\"stk-img wp-image-2310\" src=\"https:\/\/nebula-b.com\/wp-content\/uploads\/2024\/05\/2-1.png\" width=\"805\" height=\"713\" alt=\"auto-spectrophotom\u00e8tre\" srcset=\"http:\/\/nebula-b.com\/wp-content\/uploads\/2024\/05\/2-1.png 805w, http:\/\/nebula-b.com\/wp-content\/uploads\/2024\/05\/2-1-256x227.png 256w, http:\/\/nebula-b.com\/wp-content\/uploads\/2024\/05\/2-1-768x680.png 768w, http:\/\/nebula-b.com\/wp-content\/uploads\/2024\/05\/2-1-14x12.png 14w\" sizes=\"auto, (max-width: 805px) 100vw, 805px\" \/><\/span><\/figure><\/div>\n<\/div><\/div><\/div>\n<\/div><div class=\"stk-block-carousel__buttons\"><button class=\"stk-block-carousel__button stk-block-carousel__button__prev\" aria-label=\"Diapositive pr\u00e9c\u00e9dente\"><svg aria-hidden=\"true\" focusable=\"false\" data-prefix=\"fas\" data-icon=\"chevron-left\" class=\"svg-inline--fa fa-chevron-left\" xmlns=\"http:\/\/www.w3.org\/2000\/svg\" viewbox=\"0 0 320 512\" width=\"32\" height=\"32\"><path d=\"M34.52 239.03L228.87 44.69c9.37-9.37 24.57-9.37 33.94 0l22.67 22.67c9.36 9.36 9.37 24.52.04 33.9L131.49 256l154.02 154.75c9.34 9.38 9.32 24.54-.04 33.9l-22.67 22.67c-9.37 9.37-24.57 9.37-33.94 0L34.52 272.97c-9.37-9.37-9.37-24.57 0-33.94z\"><\/path><\/svg><\/button><button class=\"stk-block-carousel__button stk-block-carousel__button__next\" aria-label=\"Diapositive suivante\"><svg aria-hidden=\"true\" focusable=\"false\" data-prefix=\"fas\" data-icon=\"chevron-right\" class=\"svg-inline--fa fa-chevron-right\" xmlns=\"http:\/\/www.w3.org\/2000\/svg\" viewbox=\"0 0 320 512\" width=\"32\" height=\"32\"><path d=\"M285.476 272.971L91.132 467.314c-9.373 9.373-24.569 9.373-33.941 0l-22.667-22.667c-9.357-9.357-9.375-24.522-.04-33.901L188.505 256 34.484 101.255c-9.335-9.379-9.317-24.544.04-33.901l22.667-22.667c9.373-9.373 24.569-9.373 33.941 0L285.475 239.03c9.373 9.372 9.373 24.568.001 33.941z\"><\/path><\/svg><\/button><\/div><\/div><div class=\"stk-block-carousel__dots\" role=\"list\" data-label=\"Slide %%d\"><\/div><\/div><\/div>\n<\/div>\n\n\n\n<div class=\"wp-block-column is-layout-flow wp-block-column-is-layout-flow\" style=\"border-style:none;border-width:0px;flex-basis:60%\">\n<p style=\"font-size:16px\"><strong>Caract\u00e9ristiques<\/strong> <\/p>\n\n\n\n<p style=\"font-size:15px\">\u2727 Syst\u00e8me d&#039;exploitation Android convivial, \u00e9cran tactile de 7 pouces \uff1b<br>\u2727 Emplacement pour cuvette disponible pour le test de concentration de bact\u00e9ries\/microbes \uff1b<br>\u2727 Seulement 0,5 \u00e0 2 \u00b5l de volume d&#039;\u00e9chantillon requis, qui peut \u00eatre recycl\u00e9 apr\u00e8s le test, id\u00e9al pour les \u00e9chantillons pr\u00e9cieux \uff1b<br>\u2727 Mesure sans dilution, affichage des r\u00e9sultats du test et lecture facile\uff1b<br>\u2727 Lampe flash au x\u00e9non longue dur\u00e9e \uff1b<br>\u2727 Sortie USB de donn\u00e9es fiable et rapide pour l&#039;analyse.\uff1b<br>\u2727 Aucun ordinateur requis pour la mesure et le stockage des donn\u00e9es \uff1b<br>\u2727 L&#039;image et le tableau Excel peuvent \u00eatre g\u00e9n\u00e9r\u00e9s.<\/p>\n<\/div>\n<\/div>\n\n\n\n<p><strong>Applications:<\/strong><\/p>\n\n\n\n<p>Quantification des acides nucl\u00e9iques\u00a0;<br>Quantification des prot\u00e9ines\u00a0;<br>Quantification des concentrations de croissance bact\u00e9rienne.<\/p>\n\n\n\n<p><strong>Param\u00e8tres:<\/strong><\/p>\n\n\n\n<figure class=\"wp-block-table is-style-stripes\"><table class=\"has-fixed-layout\"><tbody><tr><td>Num\u00e9ro de mod\u00e8le. <\/td><td>Q-3000<\/td><\/tr><tr><td>Longueur d&#039;onde <\/td><td>200 ~ 800 nm \uff1b cuvette (OD600)\u00a0: 600 \u00b1 8 nm<\/td><\/tr><tr><td>Volume d&#039;\u00e9chantillon <\/td><td>0,5 \uff5e 2,0ul<\/td><\/tr><tr><td>Longueur du trajet <\/td><td>0,05 mm\u00a0; 0,2 mm\u00a0; 1,0 mm<\/td><\/tr><tr><td>D\u00e9tecteur <\/td><td>R\u00e9seau CCD lin\u00e9aire en silicium de 2 048 \u00e9l\u00e9ments<\/td><\/tr><tr><td>Pr\u00e9cision de la longueur d&#039;onde <\/td><td>\u00b11\u00a0nm<\/td><\/tr><tr><td>R\u00e9solution spectrale<\/td><td> \u2264 3 nm (FWHM \u00e0 Hg 546 nm)<\/td><\/tr><tr><td>Pr\u00e9cision de l&#039;absorbance<\/td><td>0,003ABS<\/td><\/tr><tr><td>Pr\u00e9cision de l&#039;absorbance <\/td><td>\u00b11% (7,332 ABS \u00e0 260 nm)<\/td><\/tr><tr><td>Plage d&#039;absorbance (\u00e9gale \u00e0 10\u00a0mm) <\/td><td>0,02-300A\u00a0; Cuvette (OD600)\u00a0: 0 ~ 12A<\/td><\/tr><tr><td>Temps de mesure <\/td><td>\uff1c 6S<\/td><\/tr><tr><td>Gamme d&#039;acides nucl\u00e9iques<\/td><td> 2 ~ 15 000 ng \/ ul (ADNdb)<\/td><\/tr><tr><td>Exemple de socle <\/td><td>Acier inoxydable 304 et fibre de quartz<\/td><\/tr><tr><td>Le syst\u00e8me d&#039;exploitation <\/td><td>Android<\/td><\/tr><tr><td>Dimension ext\u00e9rieure <\/td><td>270*210*196mm<\/td><\/tr><tr><td>Poids <\/td><td>3,5 kg<\/td><\/tr><\/tbody><\/table><\/figure>","protected":false},"excerpt":{"rendered":"<p>Features \u2727 Friendly Android operation system, 7-inch touched screen\uff1b\u2727 Cuvette slot available for bacteria\/microbe concentration test\uff1b\u2727 Only 0.5 \uff5e 2\u03bcl sample volume requested, which can be recycled after test, ideal for precious samples\uff1b\u2727 Measurement without dilution, test result display and read easily\uff1b\u2727 Long life\u2019s Xenon flash lamp\uff1b\u2727 Reliable and quick data USB output for analysis.\uff1b\u2727&hellip;&nbsp;<a href=\"http:\/\/nebula-b.com\/fr\/micro-spectrophotometre\/\" class=\"\" rel=\"bookmark\">Lire la suite \u00bb<span class=\"screen-reader-text\">Microspectrophotom\u00e8tre<\/span><\/a><\/p>","protected":false},"author":2,"featured_media":0,"parent":0,"menu_order":0,"comment_status":"closed","ping_status":"closed","template":"","meta":{"_uag_custom_page_level_css":"","ub_ctt_via":"","neve_meta_sidebar":"","neve_meta_container":"","neve_meta_enable_content_width":"","neve_meta_content_width":0,"neve_meta_title_alignment":"","neve_meta_author_avatar":"","neve_post_elements_order":"","neve_meta_disable_header":"","neve_meta_disable_footer":"","neve_meta_disable_title":"","_themeisle_gutenberg_block_has_review":false,"footnotes":""},"class_list":["post-2300","page","type-page","status-publish","hentry"],"featured_image_src":null,"uagb_featured_image_src":{"full":false,"thumbnail":false,"medium":false,"medium_large":false,"large":false,"1536x1536":false,"2048x2048":false,"trp-custom-language-flag":false,"neve-blog":false},"uagb_author_info":{"display_name":"liu, stacey","author_link":"http:\/\/nebula-b.com\/fr\/author\/stacey\/"},"uagb_comment_info":0,"uagb_excerpt":"Features \u2727 Friendly Android operation system, 7-inch touched screen\uff1b\u2727 Cuvette slot available for bacteria\/microbe concentration test\uff1b\u2727 Only 0.5 \uff5e 2\u03bcl sample volume requested, which can be recycled after test, ideal for precious samples\uff1b\u2727 Measurement without dilution, test result display and read easily\uff1b\u2727 Long life\u2019s Xenon flash lamp\uff1b\u2727 Reliable and quick data USB output for analysis.\uff1b\u2727&hellip;&nbsp;Lire\u2026","_links":{"self":[{"href":"http:\/\/nebula-b.com\/fr\/wp-json\/wp\/v2\/pages\/2300","targetHints":{"allow":["GET"]}}],"collection":[{"href":"http:\/\/nebula-b.com\/fr\/wp-json\/wp\/v2\/pages"}],"about":[{"href":"http:\/\/nebula-b.com\/fr\/wp-json\/wp\/v2\/types\/page"}],"author":[{"embeddable":true,"href":"http:\/\/nebula-b.com\/fr\/wp-json\/wp\/v2\/users\/2"}],"replies":[{"embeddable":true,"href":"http:\/\/nebula-b.com\/fr\/wp-json\/wp\/v2\/comments?post=2300"}],"version-history":[{"count":1,"href":"http:\/\/nebula-b.com\/fr\/wp-json\/wp\/v2\/pages\/2300\/revisions"}],"predecessor-version":[{"id":2313,"href":"http:\/\/nebula-b.com\/fr\/wp-json\/wp\/v2\/pages\/2300\/revisions\/2313"}],"wp:attachment":[{"href":"http:\/\/nebula-b.com\/fr\/wp-json\/wp\/v2\/media?parent=2300"}],"curies":[{"name":"wp","href":"https:\/\/api.w.org\/{rel}","templated":true}]}}