{"id":2271,"date":"2024-05-15T15:08:10","date_gmt":"2024-05-15T07:08:10","guid":{"rendered":"https:\/\/nebula-b.com\/?page_id=2271"},"modified":"2024-05-16T15:37:40","modified_gmt":"2024-05-16T07:37:40","slug":"uv-visible-spectrophotometer","status":"publish","type":"page","link":"http:\/\/nebula-b.com\/fr\/spectrophotometre-visible-uv\/","title":{"rendered":"Spectrophotom\u00e8tres UV-Visible"},"content":{"rendered":"<div class=\"wp-block-columns has-small-font-size is-layout-flex wp-container-core-columns-is-layout-b934f1a7 wp-block-columns-is-layout-flex\" style=\"border-style:none;border-width:0px;border-radius:0px;padding-top:0;padding-right:var(--wp--preset--spacing--20);padding-bottom:0;padding-left:var(--wp--preset--spacing--20)\">\n<div class=\"wp-block-column is-layout-flow wp-block-column-is-layout-flow\" style=\"flex-basis:40%\">\n<div class=\"wp-block-stackable-carousel stk-block-carousel stk--is-slide stk--arrows-justify-space-between stk--arrows-align-center stk-block stk-9336aea\" data-slides-to-show=\"\" data-block-id=\"9336aea\"><div class=\"stk-block-carousel__content-wrapper\"><div class=\"stk-row stk-inner-blocks stk-block-content stk-block-carousel__slider-wrapper stk-content-align stk-9336aea-column\"><div class=\"stk-block-carousel__slider\" role=\"list\" data-autoplay=\"4000\" data-label-slide-of=\"Slide %%d of %%d\">\n<div class=\"wp-block-stackable-column stk-block-column stk-column stk-block stk-e7af2ca\" data-v=\"4\" data-block-id=\"e7af2ca\"><style>.stk-e7af2ca{align-self:center !important}<\/style><div class=\"stk-column-wrapper stk-block-column__content stk-container stk-e7af2ca-container stk--no-background stk--no-padding\"><div class=\"stk-block-content stk-inner-blocks stk-e7af2ca-inner-blocks\">\n<div class=\"wp-block-stackable-image stk-block-image stk-block stk-d699d7e\" data-block-id=\"d699d7e\"><figure><span class=\"stk-img-wrapper stk-image--shape-stretch\"><img loading=\"lazy\" decoding=\"async\" class=\"stk-img wp-image-2272\" src=\"https:\/\/nebula-b.com\/wp-content\/uploads\/2024\/05\/T-6j-1.jpg\" width=\"612\" height=\"408\" alt=\"cuve d&#039;\u00e9lectrophor\u00e8se\" srcset=\"http:\/\/nebula-b.com\/wp-content\/uploads\/2024\/05\/T-6j-1.jpg 612w, http:\/\/nebula-b.com\/wp-content\/uploads\/2024\/05\/T-6j-1-256x171.jpg 256w, http:\/\/nebula-b.com\/wp-content\/uploads\/2024\/05\/T-6j-1-18x12.jpg 18w\" sizes=\"auto, (max-width: 612px) 100vw, 612px\" \/><\/span><\/figure><\/div>\n<\/div><\/div><\/div>\n\n\n\n<div class=\"wp-block-stackable-column stk-block-column stk-column stk-block stk-46359ed\" data-v=\"4\" data-block-id=\"46359ed\"><style>.stk-46359ed{align-self:center !important}<\/style><div class=\"stk-column-wrapper stk-block-column__content stk-container stk-46359ed-container stk--no-background stk--no-padding\"><div class=\"stk-block-content stk-inner-blocks stk-46359ed-inner-blocks\">\n<div class=\"wp-block-stackable-image stk-block-image stk-block stk-92800c8\" data-block-id=\"92800c8\"><figure><span class=\"stk-img-wrapper stk-image--shape-stretch\"><img loading=\"lazy\" decoding=\"async\" class=\"stk-img wp-image-2273\" src=\"https:\/\/nebula-b.com\/wp-content\/uploads\/2024\/05\/MG_9786.jpg\" width=\"612\" height=\"408\" alt=\"auto-spectrophotom\u00e8tre\" srcset=\"http:\/\/nebula-b.com\/wp-content\/uploads\/2024\/05\/MG_9786.jpg 612w, http:\/\/nebula-b.com\/wp-content\/uploads\/2024\/05\/MG_9786-256x171.jpg 256w, http:\/\/nebula-b.com\/wp-content\/uploads\/2024\/05\/MG_9786-18x12.jpg 18w\" sizes=\"auto, (max-width: 612px) 100vw, 612px\" \/><\/span><\/figure><\/div>\n<\/div><\/div><\/div>\n\n\n\n<div class=\"wp-block-stackable-column stk-block-column stk-column stk-block stk-8e5fc80\" data-v=\"4\" data-block-id=\"8e5fc80\"><style>.stk-8e5fc80{align-self:center !important}<\/style><div class=\"stk-column-wrapper stk-block-column__content stk-container stk-8e5fc80-container stk--no-background stk--no-padding\"><div class=\"stk-block-content stk-inner-blocks stk-8e5fc80-inner-blocks\">\n<div class=\"wp-block-stackable-image stk-block-image stk-block stk-f9c5a9b\" data-block-id=\"f9c5a9b\"><figure><span class=\"stk-img-wrapper stk-image--shape-stretch\"><img loading=\"lazy\" decoding=\"async\" class=\"stk-img wp-image-2274\" src=\"https:\/\/nebula-b.com\/wp-content\/uploads\/2024\/05\/IMG_2255-1.jpg\" width=\"612\" height=\"408\" alt=\"spectrophotom\u00e8tre-visible-manuel\" srcset=\"http:\/\/nebula-b.com\/wp-content\/uploads\/2024\/05\/IMG_2255-1.jpg 612w, http:\/\/nebula-b.com\/wp-content\/uploads\/2024\/05\/IMG_2255-1-256x171.jpg 256w, http:\/\/nebula-b.com\/wp-content\/uploads\/2024\/05\/IMG_2255-1-18x12.jpg 18w\" sizes=\"auto, (max-width: 612px) 100vw, 612px\" \/><\/span><\/figure><\/div>\n<\/div><\/div><\/div>\n<\/div><div class=\"stk-block-carousel__buttons\"><button class=\"stk-block-carousel__button stk-block-carousel__button__prev\" aria-label=\"Diapositive pr\u00e9c\u00e9dente\"><svg aria-hidden=\"true\" focusable=\"false\" data-prefix=\"fas\" data-icon=\"chevron-left\" class=\"svg-inline--fa fa-chevron-left\" xmlns=\"http:\/\/www.w3.org\/2000\/svg\" viewbox=\"0 0 320 512\" width=\"32\" height=\"32\"><path d=\"M34.52 239.03L228.87 44.69c9.37-9.37 24.57-9.37 33.94 0l22.67 22.67c9.36 9.36 9.37 24.52.04 33.9L131.49 256l154.02 154.75c9.34 9.38 9.32 24.54-.04 33.9l-22.67 22.67c-9.37 9.37-24.57 9.37-33.94 0L34.52 272.97c-9.37-9.37-9.37-24.57 0-33.94z\"><\/path><\/svg><\/button><button class=\"stk-block-carousel__button stk-block-carousel__button__next\" aria-label=\"Diapositive suivante\"><svg aria-hidden=\"true\" focusable=\"false\" data-prefix=\"fas\" data-icon=\"chevron-right\" class=\"svg-inline--fa fa-chevron-right\" xmlns=\"http:\/\/www.w3.org\/2000\/svg\" viewbox=\"0 0 320 512\" width=\"32\" height=\"32\"><path d=\"M285.476 272.971L91.132 467.314c-9.373 9.373-24.569 9.373-33.941 0l-22.667-22.667c-9.357-9.357-9.375-24.522-.04-33.901L188.505 256 34.484 101.255c-9.335-9.379-9.317-24.544.04-33.901l22.667-22.667c9.373-9.373 24.569-9.373 33.941 0L285.475 239.03c9.373 9.372 9.373 24.568.001 33.941z\"><\/path><\/svg><\/button><\/div><\/div><div class=\"stk-block-carousel__dots\" role=\"list\" data-label=\"Slide %%d\"><\/div><\/div><\/div>\n<\/div>\n\n\n\n<div class=\"wp-block-column is-layout-flow wp-block-column-is-layout-flow\" style=\"border-style:none;border-width:0px;flex-basis:60%\">\n<p style=\"font-size:16px\"><strong>Caract\u00e9ristiques<\/strong> <\/p>\n\n\n\n<p style=\"font-size:15px\">\u2727 Le syst\u00e8me optique de conception unique, le r\u00e9seau holographique haute performance et le r\u00e9cepteur garantissent que l&#039;instrument dispose d&#039;excellents indicateurs de performance\u00a0;<br>\u2727 Coop\u00e9rer avec le poste de travail anti-contr\u00f4le PC, les fonctions et les capacit\u00e9s de traitement des donn\u00e9es sont tr\u00e8s puissantes\u00a0;<br>\u2727 Utiliser l&#039;instrument lui-m\u00eame pour effectuer des mesures d&#039;\u00e9quations de r\u00e9gression lin\u00e9aire, etc.\u00a0;<br>\u2727 Logiciel appliquant la derni\u00e8re technologie de traitement pour rendre l&#039;op\u00e9ration plus pratique.<\/p>\n<\/div>\n<\/div>\n\n\n\n<p><strong>Applications:<\/strong><\/p>\n\n\n\n<p>Mesures photom\u00e9triques\u00a0; <br>Mesure quantitative\u00a0;<br>Mesure qualitative (op\u00e9r\u00e9e sur PC)\u00a0;<br>Analyse cin\u00e9tique (op\u00e9r\u00e9e sur PC).<\/p>\n\n\n\n<p><strong>Param\u00e8tres:<\/strong><\/p>\n\n\n\n<figure class=\"wp-block-table is-style-stripes\"><table class=\"has-fixed-layout\"><tbody><tr><td><strong>Num\u00e9ro de mod\u00e8le. <\/strong><\/td><td><strong>T-6 <\/strong><\/td><td><strong>J-7<\/strong><\/td><\/tr><tr><td><strong>Largeur de fente <\/strong><\/td><td>2\u00a0nm<\/td><td>2\u00a0nm<\/td><\/tr><tr><td><strong>Syst\u00e8me d&#039;\u00e9clairage <\/strong><\/td><td>Faisceau unique <\/td><td>Faisceau unique<\/td><\/tr><tr><td><strong>Gamme de longueurs d&#039;onde<\/strong><\/td><td>190 ~ 1100 nm <br>(Zone UV de 190 \u00e0 339,9 nm\u00a0; zone visible de 340 \u00e0 1\u00a0100 nm)<\/td><td>190 ~ 1100 nm <br>(Zone UV de 190 \u00e0 339,9 nm\u00a0; zone visible de 340 \u00e0 1\u00a0100 nm)<\/td><\/tr><tr><td><strong>Pr\u00e9cision de la longueur d&#039;onde<\/strong><\/td><td>\u00b11\u00a0nm<\/td><td>\u00b10,5 nm<\/td><\/tr><tr><td><strong>Taux de r\u00e9p\u00e9tition de longueur d&#039;onde <\/strong><\/td><td>\u00b10,2 nm<\/td><td>\u00b10,2 nm<\/td><\/tr><tr><td><strong>R\u00e9solution en longueur d&#039;onde &nbsp;<\/strong><\/td><td>0,1 nm<\/td><td>0,1 nm<\/td><\/tr><tr><td><strong>Plage photom\u00e9trique <\/strong><\/td><td>-0,3 ~ 3ABS<\/td><td>-0,3 ~ 3ABS<\/td><\/tr><tr><td><strong>Pr\u00e9cision photom\u00e9trique <\/strong><\/td><td>\u00b10,5%T (0\uff5e100%T)<\/td><td>\u00b10,3%T (0\uff5e100%T)<\/td><\/tr><tr><td><strong>R\u00e9p\u00e9tabilit\u00e9 photom\u00e9trique <\/strong><\/td><td>\u00b10,2%T (0\uff5e100%T)<\/td><td>\u00b10,1%T (0\uff5e100%T)<\/td><\/tr><tr><td><strong>Lumi\u00e8re parasite <\/strong><\/td><td>\u22640,2%T<\/td><td>\u22640,1%T<\/td><\/tr><tr><td><strong>Rectitude de la ligne de base<\/strong><\/td><td>\/<\/td><td>\u00b10,002A (190\uff5e1100nm) (fonctionne sur PC)<\/td><\/tr><tr><td><strong>La stabilit\u00e9 <\/strong><\/td><td>\u00b10,002A\/h \u00e0 500nm, 0A<\/td><td>\u00b10,002A\/h \u00e0 500nm, 0A<\/td><\/tr><tr><td><strong>Bruit photom\u00e9trique<\/strong><\/td><td>\/<\/td><td>\u00b10,002A<\/td><\/tr><tr><td><strong>Afficher <\/strong>&nbsp;<\/td><td>\u00c9cran LCD \u00e0 affichage graphique 128 \u00d7 64<\/td><td>\u00c9cran LCD \u00e0 affichage graphique 128 \u00d7 64<\/td><\/tr><tr><td><strong>Sortie de donn\u00e9es <\/strong><\/td><td>Connectez-vous \u00e0 la sortie logicielle de niveau sup\u00e9rieur<\/td><td>Connectez-vous \u00e0 la sortie logicielle de niveau sup\u00e9rieur<\/td><\/tr><tr><td><strong>Logiciel anti-contr\u00f4le PC<\/strong><\/td><td>En option<\/td><td>Facultatif<\/td><\/tr><tr><td><strong>Balayage de longueur d&#039;onde<\/strong><\/td><td>Disponible avec un logiciel en option<\/td><td>Disponible avec un logiciel en option<\/td><\/tr><tr><td><strong>Dimension ext\u00e9rieure <\/strong><\/td><td>430*330*200mm<\/td><td>470*400*230mm<\/td><\/tr><tr><td><strong>Poids net <\/strong><\/td><td>10 kg<\/td><td>16 kg<\/td><\/tr><tr><td><strong>Niveau de pr\u00e9cision <\/strong><\/td><td>Niveau 3<\/td><td>Niveau 2<\/td><\/tr><\/tbody><\/table><\/figure>","protected":false},"excerpt":{"rendered":"<p>Features \u2727 The uniquely designed optical system, high-performance holographic grating and receiver ensure that the instrument has excellent performance indicators;\u2727 Cooperate with PC anti-control workstation, the function and data processing capabilities are very powerful;\u2727 Use the instrument itself to operate linear regression equation measurements, etc.;\u2727 Software applying the latest processing technology to make operation more&hellip;&nbsp;<a href=\"http:\/\/nebula-b.com\/fr\/spectrophotometre-visible-uv\/\" class=\"\" rel=\"bookmark\">Lire la suite \u00bb<span class=\"screen-reader-text\">Spectrophotom\u00e8tres UV-Visible<\/span><\/a><\/p>","protected":false},"author":2,"featured_media":0,"parent":0,"menu_order":0,"comment_status":"closed","ping_status":"closed","template":"","meta":{"_uag_custom_page_level_css":"","ub_ctt_via":"","neve_meta_sidebar":"","neve_meta_container":"","neve_meta_enable_content_width":"","neve_meta_content_width":0,"neve_meta_title_alignment":"","neve_meta_author_avatar":"","neve_post_elements_order":"","neve_meta_disable_header":"","neve_meta_disable_footer":"","neve_meta_disable_title":"","_themeisle_gutenberg_block_has_review":false,"footnotes":""},"class_list":["post-2271","page","type-page","status-publish","hentry"],"featured_image_src":null,"uagb_featured_image_src":{"full":false,"thumbnail":false,"medium":false,"medium_large":false,"large":false,"1536x1536":false,"2048x2048":false,"trp-custom-language-flag":false,"neve-blog":false},"uagb_author_info":{"display_name":"liu, stacey","author_link":"http:\/\/nebula-b.com\/fr\/author\/stacey\/"},"uagb_comment_info":0,"uagb_excerpt":"Features \u2727 The uniquely designed optical system, high-performance holographic grating and receiver ensure that the instrument has excellent performance indicators;\u2727 Cooperate with PC anti-control workstation, the function and data processing capabilities are very powerful;\u2727 Use the instrument itself to operate linear regression equation measurements, etc.;\u2727 Software applying the latest processing technology to make operation more&hellip;&nbsp;Lire\u2026","_links":{"self":[{"href":"http:\/\/nebula-b.com\/fr\/wp-json\/wp\/v2\/pages\/2271","targetHints":{"allow":["GET"]}}],"collection":[{"href":"http:\/\/nebula-b.com\/fr\/wp-json\/wp\/v2\/pages"}],"about":[{"href":"http:\/\/nebula-b.com\/fr\/wp-json\/wp\/v2\/types\/page"}],"author":[{"embeddable":true,"href":"http:\/\/nebula-b.com\/fr\/wp-json\/wp\/v2\/users\/2"}],"replies":[{"embeddable":true,"href":"http:\/\/nebula-b.com\/fr\/wp-json\/wp\/v2\/comments?post=2271"}],"version-history":[{"count":1,"href":"http:\/\/nebula-b.com\/fr\/wp-json\/wp\/v2\/pages\/2271\/revisions"}],"predecessor-version":[{"id":2329,"href":"http:\/\/nebula-b.com\/fr\/wp-json\/wp\/v2\/pages\/2271\/revisions\/2329"}],"wp:attachment":[{"href":"http:\/\/nebula-b.com\/fr\/wp-json\/wp\/v2\/media?parent=2271"}],"curies":[{"name":"wp","href":"https:\/\/api.w.org\/{rel}","templated":true}]}}