{"id":1833,"date":"2024-04-15T15:50:48","date_gmt":"2024-04-15T07:50:48","guid":{"rendered":"https:\/\/nebula-b.com\/?page_id=1833"},"modified":"2025-01-16T16:51:41","modified_gmt":"2025-01-16T08:51:41","slug":"small-animal-in-vivo-imaging","status":"publish","type":"page","link":"http:\/\/nebula-b.com\/fr\/imagerie-multimodale-in-vivo-des-petits-animaux\/","title":{"rendered":"Syst\u00e8me d&#039;imagerie multimodal in vivo pour petits animaux"},"content":{"rendered":"<div class=\"wp-block-uagb-container uagb-block-a203b57d alignfull uagb-is-root-container\"><div class=\"uagb-container-inner-blocks-wrap\">\n<div class=\"wp-block-columns has-small-font-size is-layout-flex wp-container-core-columns-is-layout-b934f1a7 wp-block-columns-is-layout-flex\" style=\"border-style:none;border-width:0px;border-radius:0px;padding-top:0;padding-right:var(--wp--preset--spacing--20);padding-bottom:0;padding-left:var(--wp--preset--spacing--20)\">\n<div class=\"wp-block-column is-layout-flow wp-block-column-is-layout-flow\" style=\"flex-basis:40%\">\n<div class=\"wp-block-stackable-carousel stk-block-carousel stk--is-slide stk--arrows-justify-space-between stk--arrows-align-center stk-block stk-fd1a0a7\" data-slides-to-show=\"\" data-block-id=\"fd1a0a7\"><div class=\"stk-block-carousel__content-wrapper\"><div class=\"stk-row stk-inner-blocks stk-block-content stk-block-carousel__slider-wrapper stk-content-align stk-fd1a0a7-column\"><div class=\"stk-block-carousel__slider\" role=\"list\" data-autoplay=\"4000\" data-label-slide-of=\"Slide %%d of %%d\">\n<div class=\"wp-block-stackable-column stk-block-column stk-column stk-block stk-dcbaa5d\" data-v=\"4\" data-block-id=\"dcbaa5d\"><style>.stk-dcbaa5d{align-self:center !important}<\/style><div class=\"stk-column-wrapper stk-block-column__content stk-container stk-dcbaa5d-container stk--no-background stk--no-padding\"><div class=\"stk-block-content stk-inner-blocks stk-dcbaa5d-inner-blocks\">\n<div class=\"wp-block-stackable-image stk-block-image has-text-align-center stk-block stk-ccdae6d\" data-block-id=\"ccdae6d\"><style>.stk-ccdae6d .stk-img-wrapper{width:91% !important;height:600px !important}<\/style><figure><span class=\"stk-img-wrapper stk-image--shape-stretch\"><img alt=\"Syst\u00e8me d&#039;imagerie multimodal in vivo pour petits animaux\" loading=\"lazy\" decoding=\"async\" class=\"stk-img wp-image-1879\" src=\"https:\/\/nebula-b.com\/wp-content\/uploads\/2024\/04\/\u6d3b\u4f53N-removebg-preview-vmake.png\" width=\"329\" height=\"506\" srcset=\"http:\/\/nebula-b.com\/wp-content\/uploads\/2024\/04\/\u6d3b\u4f53N-removebg-preview-vmake.png 329w, http:\/\/nebula-b.com\/wp-content\/uploads\/2024\/04\/\u6d3b\u4f53N-removebg-preview-vmake-195x300.png 195w\" sizes=\"auto, (max-width: 329px) 100vw, 329px\" \/><\/span><\/figure><\/div>\n<\/div><\/div><\/div>\n\n\n\n<div class=\"wp-block-stackable-column stk-block-column stk-column stk-block stk-17ee126\" data-v=\"4\" data-block-id=\"17ee126\"><style>.stk-17ee126{align-self:center !important}.stk-17ee126-inner-blocks{justify-content:space-around !important}<\/style><div class=\"stk-column-wrapper stk-block-column__content stk-container stk-17ee126-container stk--no-background stk--no-padding\"><div class=\"has-text-align-center stk--column-flex stk-block-content stk-inner-blocks stk-17ee126-inner-blocks\">\n<div class=\"wp-block-stackable-image stk-block-image stk-block stk-2eca6b3\" data-block-id=\"2eca6b3\"><figure><span class=\"stk-img-wrapper stk-image--shape-stretch\"><img alt=\"Syst\u00e8me d&#039;imagerie multimodal in vivo pour petits animaux\" loading=\"lazy\" decoding=\"async\" class=\"stk-img wp-image-1836\" src=\"https:\/\/nebula-b.com\/wp-content\/uploads\/2024\/04\/\u5c0f\u52a8\u7269\u6d3b\u4f531.jpg\" width=\"962\" height=\"550\" srcset=\"http:\/\/nebula-b.com\/wp-content\/uploads\/2024\/04\/\u5c0f\u52a8\u7269\u6d3b\u4f531.jpg 962w, http:\/\/nebula-b.com\/wp-content\/uploads\/2024\/04\/\u5c0f\u52a8\u7269\u6d3b\u4f531-300x172.jpg 300w, http:\/\/nebula-b.com\/wp-content\/uploads\/2024\/04\/\u5c0f\u52a8\u7269\u6d3b\u4f531-768x439.jpg 768w\" sizes=\"auto, (max-width: 962px) 100vw, 962px\" \/><\/span><\/figure><\/div>\n<\/div><\/div><\/div>\n\n\n\n<div class=\"wp-block-stackable-column stk-block-column stk-column stk-block stk-38e7709\" data-v=\"4\" data-block-id=\"38e7709\"><style>.stk-38e7709{align-self:center !important}<\/style><div class=\"stk-column-wrapper stk-block-column__content stk-container stk-38e7709-container stk--no-background stk--no-padding\"><div class=\"has-text-align-center stk-block-content stk-inner-blocks stk-38e7709-inner-blocks\">\n<div class=\"wp-block-stackable-image stk-block-image stk-block stk-f8b336b\" data-block-id=\"f8b336b\"><figure><span class=\"stk-img-wrapper stk-image--shape-stretch\"><img alt=\"Syst\u00e8me d&#039;imagerie multimodal in vivo pour petits animaux\" loading=\"lazy\" decoding=\"async\" class=\"stk-img wp-image-1835\" src=\"https:\/\/nebula-b.com\/wp-content\/uploads\/2024\/04\/\u5c0f\u52a8\u7269\u6d3b\u4f532.jpg\" width=\"962\" height=\"550\" srcset=\"http:\/\/nebula-b.com\/wp-content\/uploads\/2024\/04\/\u5c0f\u52a8\u7269\u6d3b\u4f532.jpg 962w, http:\/\/nebula-b.com\/wp-content\/uploads\/2024\/04\/\u5c0f\u52a8\u7269\u6d3b\u4f532-300x172.jpg 300w, http:\/\/nebula-b.com\/wp-content\/uploads\/2024\/04\/\u5c0f\u52a8\u7269\u6d3b\u4f532-768x439.jpg 768w\" sizes=\"auto, (max-width: 962px) 100vw, 962px\" \/><\/span><\/figure><\/div>\n<\/div><\/div><\/div>\n<\/div><div class=\"stk-block-carousel__buttons\"><button class=\"stk-block-carousel__button stk-block-carousel__button__prev\" aria-label=\"Diapositive pr\u00e9c\u00e9dente\"><svg aria-hidden=\"true\" focusable=\"false\" data-prefix=\"fas\" data-icon=\"chevron-left\" class=\"svg-inline--fa fa-chevron-left\" xmlns=\"http:\/\/www.w3.org\/2000\/svg\" viewbox=\"0 0 320 512\" width=\"32\" height=\"32\"><path d=\"M34.52 239.03L228.87 44.69c9.37-9.37 24.57-9.37 33.94 0l22.67 22.67c9.36 9.36 9.37 24.52.04 33.9L131.49 256l154.02 154.75c9.34 9.38 9.32 24.54-.04 33.9l-22.67 22.67c-9.37 9.37-24.57 9.37-33.94 0L34.52 272.97c-9.37-9.37-9.37-24.57 0-33.94z\"><\/path><\/svg><\/button><button class=\"stk-block-carousel__button stk-block-carousel__button__next\" aria-label=\"Diapositive suivante\"><svg aria-hidden=\"true\" focusable=\"false\" data-prefix=\"fas\" data-icon=\"chevron-right\" class=\"svg-inline--fa fa-chevron-right\" xmlns=\"http:\/\/www.w3.org\/2000\/svg\" viewbox=\"0 0 320 512\" width=\"32\" height=\"32\"><path d=\"M285.476 272.971L91.132 467.314c-9.373 9.373-24.569 9.373-33.941 0l-22.667-22.667c-9.357-9.357-9.375-24.522-.04-33.901L188.505 256 34.484 101.255c-9.335-9.379-9.317-24.544.04-33.901l22.667-22.667c9.373-9.373 24.569-9.373 33.941 0L285.475 239.03c9.373 9.372 9.373 24.568.001 33.941z\"><\/path><\/svg><\/button><\/div><\/div><div class=\"stk-block-carousel__dots\" role=\"list\" data-label=\"Slide %%d\"><\/div><\/div><\/div>\n<\/div>\n\n\n\n<div class=\"wp-block-column is-layout-flow wp-block-column-is-layout-flow\" style=\"border-style:none;border-width:0px;flex-basis:60%\">\n<p style=\"font-size:16px\"><strong>Caract\u00e9ristiques<\/strong> <\/p>\n\n\n\n<p><strong>\u2727 Cam\u00e9ra cryog\u00e9nique haute sensibilit\u00e9 r\u00e9tro-\u00e9clair\u00e9e<\/strong><br>Les syst\u00e8mes d&#039;imagerie vivante pour petits animaux utilisent des cam\u00e9ras cryog\u00e9niques r\u00e9tro\u00e9clair\u00e9es haute r\u00e9solution avec un QE allant jusqu&#039;\u00e0 95% au pic et une temp\u00e9rature de refroidissement de -100\u00b0C. Avec un objectif \u00e0 grande ouverture F0.95, le rapport signal sur bruit et la sensibilit\u00e9 sont tous deux excellents ;<br><strong>\u2727 Uniformit\u00e9 de la source lumineuse d&#039;excitation<\/strong><br>Il adopte un tube \u00e0 bande \u00e9troite de haute puissance et une source de lumi\u00e8re LED longue dur\u00e9e, et plusieurs groupes de sources lumineuses sont con\u00e7us avec une sym\u00e9trie globale sans ombre pour garantir une source de lumi\u00e8re d&#039;excitation uniforme et stable et la stabilit\u00e9 des r\u00e9sultats d&#039;excitation par fluorescence\u00a0;<br><strong>\u2727 Technologie de s\u00e9paration spectrale<\/strong><br>Compte tenu des diff\u00e9rents degr\u00e9s d&#039;autofluorescence chez les animaux qui affectent les r\u00e9sultats exp\u00e9rimentaux, nous utilisons des filtres de haute puret\u00e9, de haute transparence et \u00e0 bande passante \u00e9troite, combin\u00e9s \u00e0 notre propre logiciel, pour d\u00e9velopper un ensemble de technologies de s\u00e9paration spectrale pr\u00e9cises afin d&#039;aider les utilisateurs avec pr\u00e9cision. obtenir des donn\u00e9es de fluorescence cible\u00a0;<br><strong>\u2727 Logiciel d&#039;imagerie professionnel in vivo Nebula-IMAGEIVIS<\/strong><br>Mode de prise de vue guid\u00e9e. Selon diff\u00e9rents modules, il contient une base de donn\u00e9es de colorants fluorescents couramment utilis\u00e9s. Les colorants peuvent \u00eatre directement s\u00e9lectionn\u00e9s pour la prise de vue automatique. Il prend en charge jusqu&#039;\u00e0 5 \u00e9chantillons de canaux en m\u00eame temps. Les images de fluorescence et les images de marqueurs sont fusionn\u00e9es. Trois couleurs sont automatiquement fusionn\u00e9es. L&#039;ajustement manuel apr\u00e8s la fusion est pris en charge. Les r\u00e9sultats peuvent \u00eatre s\u00e9par\u00e9s spectralement et les valeurs de gris et les quantit\u00e9s de photons peuvent \u00eatre automatiquement calcul\u00e9es.<\/p>\n<\/div>\n<\/div>\n<\/div><\/div>\n\n\n\n<p><strong>Application<\/strong><\/p>\n\n\n\n<p>Th\u00e9rapie g\u00e9nique<br>Des g\u00e8nes normaux ou des g\u00e8nes ayant des effets th\u00e9rapeutiques sont introduits dans des cellules cibles d&#039;une certaine mani\u00e8re pour corriger des d\u00e9fauts g\u00e9n\u00e9tiques ou exercer des effets th\u00e9rapeutiques, atteignant ainsi l&#039;objectif de traiter des maladies.<\/p>\n\n\n\n<p>Imagerie infrarouge<br>Il convient \u00e0 l&#039;ICG et au ganglion lymphatique sentinelle \u00e0 colorant photothermique infrarouge, \u00e0 l&#039;imagerie de tumeurs profondes et \u00e0 la chirurgie de r\u00e9section de tumeur sous-cutan\u00e9e chez la souris.<\/p>\n\n\n\n<p><strong>Application \u00e9tendue<\/strong><\/p>\n\n\n\n<div class=\"wp-block-uagb-container uagb-block-27a174b3 alignfull uagb-is-root-container\"><div class=\"uagb-container-inner-blocks-wrap\">\n<div class=\"wp-block-uagb-container uagb-block-525705ec\">\n<figure class=\"wp-block-image size-full is-resized\"><img loading=\"lazy\" decoding=\"async\" width=\"344\" height=\"276\" src=\"https:\/\/nebula-b.com\/wp-content\/uploads\/2024\/04\/1.png\" alt=\"Syst\u00e8me d&#039;imagerie multimodal in vivo pour petits animaux\" class=\"wp-image-1842\" style=\"width:259px;height:auto\" srcset=\"http:\/\/nebula-b.com\/wp-content\/uploads\/2024\/04\/1.png 344w, http:\/\/nebula-b.com\/wp-content\/uploads\/2024\/04\/1-300x241.png 300w\" sizes=\"auto, (max-width: 344px) 100vw, 344px\" \/><\/figure>\n\n\n\n<p>Western Blot par fluorescence<\/p>\n<\/div>\n\n\n\n<div class=\"wp-block-uagb-container uagb-block-0788e359\">\n<figure class=\"wp-block-image size-full is-resized\"><img loading=\"lazy\" decoding=\"async\" width=\"361\" height=\"262\" src=\"https:\/\/nebula-b.com\/wp-content\/uploads\/2024\/04\/2.png\" alt=\"Syst\u00e8me d&#039;imagerie multimodal in vivo pour petits animaux\" class=\"wp-image-1843\" style=\"width:277px;height:auto\" srcset=\"http:\/\/nebula-b.com\/wp-content\/uploads\/2024\/04\/2.png 361w, http:\/\/nebula-b.com\/wp-content\/uploads\/2024\/04\/2-300x218.png 300w\" sizes=\"auto, (max-width: 361px) 100vw, 361px\" \/><\/figure>\n\n\n\n<p class=\"has-text-align-center\">Western Blot<\/p>\n<\/div>\n\n\n\n<div class=\"wp-block-uagb-container uagb-block-aad1534a\">\n<figure class=\"wp-block-image size-full is-resized\"><img loading=\"lazy\" decoding=\"async\" width=\"383\" height=\"264\" src=\"https:\/\/nebula-b.com\/wp-content\/uploads\/2024\/04\/3.png\" alt=\"Syst\u00e8me d&#039;imagerie multimodal in vivo pour petits animaux\" class=\"wp-image-1844\" style=\"width:281px;height:auto\" srcset=\"http:\/\/nebula-b.com\/wp-content\/uploads\/2024\/04\/3.png 383w, http:\/\/nebula-b.com\/wp-content\/uploads\/2024\/04\/3-300x207.png 300w\" sizes=\"auto, (max-width: 383px) 100vw, 383px\" \/><\/figure>\n\n\n\n<p class=\"has-text-align-center\">Western en cellule<\/p>\n<\/div>\n<\/div><\/div>\n\n\n\n<p><strong>Param\u00e8tres<\/strong><\/p>\n\n\n\n<div class=\"wp-block-group\"><div class=\"wp-block-group__inner-container is-layout-constrained wp-block-group-is-layout-constrained\">\n<figure class=\"wp-block-table is-style-stripes\"><table class=\"has-fixed-layout\"><tbody><tr><td><strong>Num\u00e9ro de mod\u00e8le. <\/strong><\/td><td><strong>LASER-6000<\/strong><\/td><td><strong>LASER-9000<\/strong><\/td><td><strong>LASER-9500<\/strong><\/td><\/tr><tr><td><strong>R\u00e9solution<\/strong><\/td><td> 12 m\u00e9gapixels<\/td><td>6,6 m\u00e9gapixels<\/td><td>2 m\u00e9gapixels<\/td><\/tr><tr><td><strong>Temp\u00e9rature de r\u00e9frig\u00e9ration<\/strong><\/td><td>-45\u00b0C <\/td><td>-75\u00b0C <\/td><td>-75\u00b0C <\/td><\/tr><tr><td><strong>Taille des pixels<\/strong><\/td><td> 4,63*4,63 \u03bcm<\/td><td>7,4*7,4 \u03bcm <\/td><td>13*13\u03bcm<\/td><\/tr><tr><td><strong>Efficacit\u00e9 de la photosensibilit\u00e9 <\/strong><\/td><td>QE \u00e9lev\u00e9\u00a0:&gt;95%<\/td><td>QE \u00e9lev\u00e9\u00a0:&gt;95%<\/td><td>QE \u00e9lev\u00e9\u00a0:&gt;95%<\/td><\/tr><tr><td><strong>\u00c9chelle de gris<\/strong><\/td><td>16 bits (0-65535)<\/td><td>16 bits (0-65535)<\/td><td>16 bits (0-65535)<\/td><\/tr><tr><td><strong>D\u00e9lai d&#039;exposition<\/strong><\/td><td>1 ms ~ 60 minutes<\/td><td>1 ms ~ 60 minutes<\/td><td>1 ms ~ 60 minutes<\/td><\/tr><tr><td><strong>Regroupement de pixels<\/strong><\/td><td>1\u00d71, 2\u00d72, 4\u00d74\u20268\u00d78<\/td><td>1\u00d71, 2\u00d72, 4\u00d74\u20268\u00d78 <\/td><td>1\u00d71, 2\u00d72, 4\u00d74\u20268\u00d78<\/td><\/tr><tr><td><strong>Plage dynamique<\/strong><\/td><td>\u22654,8 commandes<\/td><td>\u22654,8 commandes<\/td><td>\u22654,8 commandes<\/td><\/tr><tr><td><strong>Objectif motoris\u00e9<\/strong><\/td><td>Objectif \u00e0 mise au point automatique F = 0,95\/35 mm standard, objectif F0,8 en option<\/td><td>Objectif \u00e0 mise au point automatique F = 0,95\/35 mm standard, objectif F0,8 en option <\/td><td>Objectif \u00e0 mise au point automatique F = 0,95\/35 mm standard, objectif F0,8 en option<\/td><\/tr><tr><td><strong>Source de lumi\u00e8re RVB<\/strong><\/td><td>Standard RVB, autres en option<\/td><td>Standard RVB, autres en option<\/td><td>Standard RVB, autres en option<\/td><\/tr><tr><td><strong>Source de lumi\u00e8re infrarouge<\/strong><\/td><td>norme \u00e0 double source de lumi\u00e8re infrarouge<\/td><td>norme \u00e0 double source de lumi\u00e8re infrarouge<\/td><td>norme \u00e0 double source de lumi\u00e8re infrarouge<\/td><\/tr><tr><td><strong>Roue \u00e0 filtres<\/strong><\/td><td>7-socket filter wheel standard, <br>others optional<\/td><td>7-socket filter wheel standard, <br>others optional<\/td><td>7-socket filter wheel standard, <br>others optional<\/td><\/tr><tr><td><strong>Filtre <\/strong><\/td><td>530nm, 570nm, 610nm, 670nm, 720nm, 820nm standard;<br>530nm~800nm optional<br><\/td><td>530nm, 570nm, 610nm, 670nm, 720nm, 820nm standard;<br>530nm~800nm optional<\/td><td>530nm, 570nm, 610nm, 670nm, 720nm, 820nm standard;<br>530nm~800nm optional<\/td><\/tr><tr><td><strong>Source de lumi\u00e8re blanche<\/strong><\/td><td>Lumi\u00e8re froide LED<\/td><td>Lumi\u00e8re froide LED<\/td><td>Lumi\u00e8re froide LED<\/td><\/tr><tr><td><strong>Zone d&#039;imagerie<\/strong><\/td><td>prend en charge 5 souris maximum pour la prise de vue<\/td><td>prend en charge 5 souris maximum pour la prise de vue<\/td><td>prend en charge 5 souris maximum pour la prise de vue<\/td><\/tr><tr><td><strong>Plateforme de contr\u00f4le de temp\u00e9rature<\/strong><\/td><td>26~40\u00b0C\u00b11\u00b0C<\/td><td>26~40\u00b0C\u00b11\u00b0C<\/td><td>26~40\u00b0C\u00b11\u00b0C<\/td><\/tr><tr><td><strong>Buse d&#039;air d&#039;anesth\u00e9sie<\/strong><\/td><td>supports 5 mice maximum <br>for anesthesia<\/td><td>supports 5 mice maximum <br>for anesthesia<\/td><td>supports 5 mice maximum <br>for anesthesia<\/td><\/tr><tr><td><strong>Mise hors tension programm\u00e9e<\/strong><\/td><td>5 \u00e0 60 minutes<\/td><td>5 \u00e0 60 minutes<\/td><td>5 \u00e0 60 minutes<\/td><\/tr><tr><td><strong>Appareil d&#039;anesth\u00e9sie pour petits animaux<\/strong><\/td><td>Facultatif<\/td><td>Facultatif <\/td><td>Facultatif<\/td><\/tr><tr><td><strong>Type of heating<\/strong><\/td><td>platform heating or air conditioning<\/td><td>platform heating or air conditioning<\/td><td>platform heating or air conditioning<\/td><\/tr><tr><td><\/td><td><\/td><td><\/td><td><\/td><\/tr><\/tbody><\/table><\/figure>\n<\/div><\/div>","protected":false},"excerpt":{"rendered":"<p>Features \u2727 Back-illuminated high-sensitivity cryogenic cameraThe small animal live imaging systems use high-resolution cryogenic back-illuminated cameras with a QE of up to 95% at the peak and a cooling temperature of -100\u00b0C. With an F0.95 large aperture lens, the signal-to-noise ratio and sensitivity are both excellent ;\u2727 Uniformity of excitation light sourceIt adopts high-power narrow-band&hellip;&nbsp;<a href=\"http:\/\/nebula-b.com\/fr\/imagerie-multimodale-in-vivo-des-petits-animaux\/\" class=\"\" rel=\"bookmark\">Lire la suite \u00bb<span class=\"screen-reader-text\">Syst\u00e8me d&#039;imagerie multimodal in vivo pour petits animaux<\/span><\/a><\/p>","protected":false},"author":2,"featured_media":0,"parent":0,"menu_order":0,"comment_status":"closed","ping_status":"closed","template":"","meta":{"_uag_custom_page_level_css":"","ub_ctt_via":"","neve_meta_sidebar":"","neve_meta_container":"","neve_meta_enable_content_width":"","neve_meta_content_width":0,"neve_meta_title_alignment":"","neve_meta_author_avatar":"","neve_post_elements_order":"","neve_meta_disable_header":"","neve_meta_disable_footer":"","neve_meta_disable_title":"","_themeisle_gutenberg_block_has_review":false,"footnotes":""},"class_list":["post-1833","page","type-page","status-publish","hentry"],"featured_image_src":null,"uagb_featured_image_src":{"full":false,"thumbnail":false,"medium":false,"medium_large":false,"large":false,"1536x1536":false,"2048x2048":false,"trp-custom-language-flag":false,"neve-blog":false},"uagb_author_info":{"display_name":"liu, stacey","author_link":"http:\/\/nebula-b.com\/fr\/author\/stacey\/"},"uagb_comment_info":0,"uagb_excerpt":"Features \u2727 Back-illuminated high-sensitivity cryogenic cameraThe small animal live imaging systems use high-resolution cryogenic back-illuminated cameras with a QE of up to 95% at the peak and a cooling temperature of -100\u00b0C. With an F0.95 large aperture lens, the signal-to-noise ratio and sensitivity are both excellent ;\u2727 Uniformity of excitation light sourceIt adopts high-power narrow-band&hellip;&nbsp;Lire\u2026","_links":{"self":[{"href":"http:\/\/nebula-b.com\/fr\/wp-json\/wp\/v2\/pages\/1833","targetHints":{"allow":["GET"]}}],"collection":[{"href":"http:\/\/nebula-b.com\/fr\/wp-json\/wp\/v2\/pages"}],"about":[{"href":"http:\/\/nebula-b.com\/fr\/wp-json\/wp\/v2\/types\/page"}],"author":[{"embeddable":true,"href":"http:\/\/nebula-b.com\/fr\/wp-json\/wp\/v2\/users\/2"}],"replies":[{"embeddable":true,"href":"http:\/\/nebula-b.com\/fr\/wp-json\/wp\/v2\/comments?post=1833"}],"version-history":[{"count":1,"href":"http:\/\/nebula-b.com\/fr\/wp-json\/wp\/v2\/pages\/1833\/revisions"}],"predecessor-version":[{"id":2411,"href":"http:\/\/nebula-b.com\/fr\/wp-json\/wp\/v2\/pages\/1833\/revisions\/2411"}],"wp:attachment":[{"href":"http:\/\/nebula-b.com\/fr\/wp-json\/wp\/v2\/media?parent=1833"}],"curies":[{"name":"wp","href":"https:\/\/api.w.org\/{rel}","templated":true}]}}