{"id":901,"date":"2024-02-21T17:21:41","date_gmt":"2024-02-21T09:21:41","guid":{"rendered":"https:\/\/wp.kxwar.com\/?page_id=901"},"modified":"2024-06-07T15:35:47","modified_gmt":"2024-06-07T07:35:47","slug":"uv-transilluminator","status":"publish","type":"page","link":"http:\/\/nebula-b.com\/es\/transiluminador-ultravioleta\/","title":{"rendered":"Transiluminador UV de doble longitud de onda"},"content":{"rendered":"<div class=\"wp-block-columns has-small-font-size is-layout-flex wp-container-core-columns-is-layout-b934f1a7 wp-block-columns-is-layout-flex\" style=\"border-style:none;border-width:0px;border-radius:0px;padding-top:0;padding-right:var(--wp--preset--spacing--20);padding-bottom:0;padding-left:var(--wp--preset--spacing--20)\">\n<div class=\"wp-block-column is-layout-flow wp-block-column-is-layout-flow\" style=\"flex-basis:40%\">\n<div class=\"wp-block-stackable-carousel stk-block-carousel stk--is-slide stk--arrows-justify-space-between stk--arrows-align-center stk-block stk-0708dcd\" data-slides-to-show=\"\" data-block-id=\"0708dcd\"><div class=\"stk-block-carousel__content-wrapper\"><div class=\"stk-row stk-inner-blocks stk-block-content stk-block-carousel__slider-wrapper stk-content-align stk-0708dcd-column\"><div class=\"stk-block-carousel__slider\" role=\"list\" data-autoplay=\"4000\" data-label-slide-of=\"Slide %%d of %%d\">\n<div class=\"wp-block-stackable-column stk-block-column stk-column stk-block stk-962174e\" data-v=\"4\" data-block-id=\"962174e\"><style>.stk-962174e{align-self:center !important}<\/style><div class=\"stk-column-wrapper stk-block-column__content stk-container stk-962174e-container stk--no-background stk--no-padding\"><div class=\"stk-block-content stk-inner-blocks stk-962174e-inner-blocks\">\n<div class=\"wp-block-stackable-image stk-block-image stk-block stk-0001fe2\" data-block-id=\"0001fe2\"><figure><span class=\"stk-img-wrapper stk-image--shape-stretch\"><img loading=\"lazy\" decoding=\"async\" class=\"stk-img wp-image-1955\" src=\"https:\/\/nebula-b.com\/wp-content\/uploads\/2024\/04\/\u526a\u88c1UV.png\" width=\"400\" height=\"400\" alt=\"transiluminador\" srcset=\"http:\/\/nebula-b.com\/wp-content\/uploads\/2024\/04\/\u526a\u88c1UV.png 400w, http:\/\/nebula-b.com\/wp-content\/uploads\/2024\/04\/\u526a\u88c1UV-300x300.png 300w, http:\/\/nebula-b.com\/wp-content\/uploads\/2024\/04\/\u526a\u88c1UV-150x150.png 150w, http:\/\/nebula-b.com\/wp-content\/uploads\/2024\/04\/\u526a\u88c1UV-12x12.png 12w\" sizes=\"auto, (max-width: 400px) 100vw, 400px\" \/><\/span><\/figure><\/div>\n<\/div><\/div><\/div>\n\n\n\n<div class=\"wp-block-stackable-column stk-block-column stk-column stk-block stk-fccc952\" data-v=\"4\" data-block-id=\"fccc952\"><style>.stk-fccc952{align-self:center !important}<\/style><div class=\"stk-column-wrapper stk-block-column__content stk-container stk-fccc952-container stk--no-background stk--no-padding\"><div class=\"stk-block-content stk-inner-blocks stk-fccc952-inner-blocks\">\n<div class=\"wp-block-stackable-image stk-block-image stk-block stk-5282f41\" data-block-id=\"5282f41\"><figure><span class=\"stk-img-wrapper stk-image--shape-stretch\"><img alt=\"Transiluminador UV de doble longitud de onda\" loading=\"lazy\" decoding=\"async\" class=\"stk-img wp-image-904\" src=\"https:\/\/nebula-b.com\/wp-content\/uploads\/2024\/02\/350A\u53f0\u5f0f1.jpg\" width=\"700\" height=\"700\" srcset=\"http:\/\/nebula-b.com\/wp-content\/uploads\/2024\/02\/350A\u53f0\u5f0f1.jpg 700w, http:\/\/nebula-b.com\/wp-content\/uploads\/2024\/02\/350A\u53f0\u5f0f1-300x300.jpg 300w, http:\/\/nebula-b.com\/wp-content\/uploads\/2024\/02\/350A\u53f0\u5f0f1-150x150.jpg 150w\" sizes=\"auto, (max-width: 700px) 100vw, 700px\" \/><\/span><\/figure><\/div>\n<\/div><\/div><\/div>\n<\/div><div class=\"stk-block-carousel__buttons\"><button class=\"stk-block-carousel__button stk-block-carousel__button__prev\" aria-label=\"Diapositiva anterior\"><svg aria-hidden=\"true\" focusable=\"false\" data-prefix=\"fas\" data-icon=\"chevron-left\" class=\"svg-inline--fa fa-chevron-left\" xmlns=\"http:\/\/www.w3.org\/2000\/svg\" viewbox=\"0 0 320 512\" width=\"32\" height=\"32\"><path d=\"M34.52 239.03L228.87 44.69c9.37-9.37 24.57-9.37 33.94 0l22.67 22.67c9.36 9.36 9.37 24.52.04 33.9L131.49 256l154.02 154.75c9.34 9.38 9.32 24.54-.04 33.9l-22.67 22.67c-9.37 9.37-24.57 9.37-33.94 0L34.52 272.97c-9.37-9.37-9.37-24.57 0-33.94z\"><\/path><\/svg><\/button><button class=\"stk-block-carousel__button stk-block-carousel__button__next\" aria-label=\"La siguiente diapositiva\"><svg aria-hidden=\"true\" focusable=\"false\" data-prefix=\"fas\" data-icon=\"chevron-right\" class=\"svg-inline--fa fa-chevron-right\" xmlns=\"http:\/\/www.w3.org\/2000\/svg\" viewbox=\"0 0 320 512\" width=\"32\" height=\"32\"><path d=\"M285.476 272.971L91.132 467.314c-9.373 9.373-24.569 9.373-33.941 0l-22.667-22.667c-9.357-9.357-9.375-24.522-.04-33.901L188.505 256 34.484 101.255c-9.335-9.379-9.317-24.544.04-33.901l22.667-22.667c9.373-9.373 24.569-9.373 33.941 0L285.475 239.03c9.373 9.372 9.373 24.568.001 33.941z\"><\/path><\/svg><\/button><\/div><\/div><div class=\"stk-block-carousel__dots\" role=\"list\" data-label=\"Slide %%d\"><\/div><\/div><\/div>\n\n\n\n<div class=\"wp-block-uagb-container uagb-block-8849885f alignfull uagb-is-root-container\"><div class=\"uagb-container-inner-blocks-wrap\"><\/div><\/div>\n<\/div>\n\n\n\n<div class=\"wp-block-column is-layout-flow wp-block-column-is-layout-flow\" style=\"border-style:none;border-width:0px;flex-basis:60%\">\n<p style=\"font-size:16px\"><strong><strong><strong>Transiluminador UV de sobremesa NL-350A<\/strong><\/strong><\/strong><\/p>\n\n\n\n<p style=\"font-size:15px\">Este instrumento se utiliza especialmente para observar y fotografiar pel\u00edculas de fluorescencia, geles de agarosa, geles te\u00f1idos con azul de Coomassie, geles te\u00f1idos con plata, membranas de hibridaci\u00f3n, autorradiograf\u00eda y placas de TLC para ayudar a los investigadores a leer im\u00e1genes de gel de forma correcta y r\u00e1pida. <\/p>\n\n\n\n<figure class=\"wp-block-table alignleft is-style-stripes\"><table><tbody><tr><td>longitud de onda ultravioleta<\/td><td>256 nm y 302 nm o 365 nm<\/td><\/tr><tr><td>Tama\u00f1o del filtro<\/td><td>200*150mm<\/td><\/tr><tr><td>N\u00famero de tubos<\/td><td>4<\/td><\/tr><tr><td>cubierta protectora UV<\/td><td>S\u00ed<\/td><\/tr><tr><td>Dimensi\u00f3n del producto<\/td><td>380*360*90mm<\/td><\/tr><\/tbody><\/table><figcaption class=\"wp-element-caption\">*Se pueden personalizar especificaciones especiales; <br>Las longitudes de onda de los tubos UV se pueden combinar de cualquier forma.<\/figcaption><\/figure>\n<\/div>\n<\/div>\n\n\n\n<div class=\"wp-block-columns has-small-font-size is-layout-flex wp-container-core-columns-is-layout-b934f1a7 wp-block-columns-is-layout-flex\" style=\"border-style:none;border-width:0px;border-radius:0px;padding-top:0;padding-right:var(--wp--preset--spacing--20);padding-bottom:0;padding-left:var(--wp--preset--spacing--20)\">\n<div class=\"wp-block-column is-layout-flow wp-block-column-is-layout-flow\" style=\"flex-basis:40%\">\n<div class=\"wp-block-stackable-carousel stk-block-carousel stk--is-slide stk--arrows-justify-space-between stk--arrows-align-center stk-block stk-0312f67\" data-slides-to-show=\"\" data-block-id=\"0312f67\"><div class=\"stk-block-carousel__content-wrapper\"><div class=\"stk-row stk-inner-blocks stk-block-content stk-block-carousel__slider-wrapper stk-content-align stk-0312f67-column\"><div class=\"stk-block-carousel__slider\" role=\"list\" data-autoplay=\"4000\" data-label-slide-of=\"Slide %%d of %%d\">\n<div class=\"wp-block-stackable-column stk-block-column stk-column stk-block stk-0ea9826\" data-v=\"4\" data-block-id=\"0ea9826\"><div class=\"stk-column-wrapper stk-block-column__content stk-container stk-0ea9826-container stk--no-background stk--no-padding\"><div class=\"stk-block-content stk-inner-blocks stk-0ea9826-inner-blocks\">\n<div class=\"wp-block-stackable-image stk-block-image stk-block stk-fc30a84\" data-block-id=\"fc30a84\"><figure><span class=\"stk-img-wrapper stk-image--shape-stretch\"><img alt=\"Transiluminador UV de doble longitud de onda\" loading=\"lazy\" decoding=\"async\" class=\"stk-img wp-image-1802\" src=\"https:\/\/nebula-b.com\/wp-content\/uploads\/2024\/04\/\u5149\u4eeaUV1.png\" width=\"471\" height=\"386\" srcset=\"http:\/\/nebula-b.com\/wp-content\/uploads\/2024\/04\/\u5149\u4eeaUV1.png 471w, http:\/\/nebula-b.com\/wp-content\/uploads\/2024\/04\/\u5149\u4eeaUV1-300x246.png 300w\" sizes=\"auto, (max-width: 471px) 100vw, 471px\" \/><\/span><\/figure><\/div>\n<\/div><\/div><\/div>\n\n\n\n<div class=\"wp-block-stackable-column stk-block-column stk-column stk-block stk-75ab55f\" data-v=\"4\" data-block-id=\"75ab55f\"><div class=\"stk-column-wrapper stk-block-column__content stk-container stk-75ab55f-container stk--no-background stk--no-padding\"><div class=\"stk-block-content stk-inner-blocks stk-75ab55f-inner-blocks\">\n<div class=\"wp-block-stackable-image stk-block-image stk-block stk-21873e5\" data-block-id=\"21873e5\"><figure><span class=\"stk-img-wrapper stk-image--shape-stretch\"><img loading=\"lazy\" decoding=\"async\" class=\"stk-img wp-image-1803\" src=\"https:\/\/nebula-b.com\/wp-content\/uploads\/2024\/04\/\u5149\u4eeaUV-2.png\" width=\"605\" height=\"456\" alt=\"estaci\u00f3n de corte de gel con rayos ultravioleta\" srcset=\"http:\/\/nebula-b.com\/wp-content\/uploads\/2024\/04\/\u5149\u4eeaUV-2.png 605w, http:\/\/nebula-b.com\/wp-content\/uploads\/2024\/04\/\u5149\u4eeaUV-2-300x226.png 300w\" sizes=\"auto, (max-width: 605px) 100vw, 605px\" \/><\/span><\/figure><\/div>\n<\/div><\/div><\/div>\n<\/div><div class=\"stk-block-carousel__buttons\"><button class=\"stk-block-carousel__button stk-block-carousel__button__prev\" aria-label=\"Diapositiva anterior\"><svg aria-hidden=\"true\" focusable=\"false\" data-prefix=\"fas\" data-icon=\"chevron-left\" class=\"svg-inline--fa fa-chevron-left\" xmlns=\"http:\/\/www.w3.org\/2000\/svg\" viewbox=\"0 0 320 512\" width=\"32\" height=\"32\"><path d=\"M34.52 239.03L228.87 44.69c9.37-9.37 24.57-9.37 33.94 0l22.67 22.67c9.36 9.36 9.37 24.52.04 33.9L131.49 256l154.02 154.75c9.34 9.38 9.32 24.54-.04 33.9l-22.67 22.67c-9.37 9.37-24.57 9.37-33.94 0L34.52 272.97c-9.37-9.37-9.37-24.57 0-33.94z\"><\/path><\/svg><\/button><button class=\"stk-block-carousel__button stk-block-carousel__button__next\" aria-label=\"La siguiente diapositiva\"><svg aria-hidden=\"true\" focusable=\"false\" data-prefix=\"fas\" data-icon=\"chevron-right\" class=\"svg-inline--fa fa-chevron-right\" xmlns=\"http:\/\/www.w3.org\/2000\/svg\" viewbox=\"0 0 320 512\" width=\"32\" height=\"32\"><path d=\"M285.476 272.971L91.132 467.314c-9.373 9.373-24.569 9.373-33.941 0l-22.667-22.667c-9.357-9.357-9.375-24.522-.04-33.901L188.505 256 34.484 101.255c-9.335-9.379-9.317-24.544.04-33.901l22.667-22.667c9.373-9.373 24.569-9.373 33.941 0L285.475 239.03c9.373 9.372 9.373 24.568.001 33.941z\"><\/path><\/svg><\/button><\/div><\/div><div class=\"stk-block-carousel__dots\" role=\"list\" data-label=\"Slide %%d\"><\/div><\/div><\/div>\n<\/div>\n\n\n\n<div class=\"wp-block-column is-layout-flow wp-block-column-is-layout-flow\" style=\"border-style:none;border-width:0px;flex-basis:60%\">\n<p style=\"font-size:16px\"><strong><strong>Transiluminador UV de sobremesa NL-350B<\/strong><\/strong><\/p>\n\n\n\n<p style=\"font-size:15px\">Excitada por una fuerte luz ultravioleta, la muestra es claramente visible. Escudo UV ultrafuerte de apertura plana de 180\u00b0 para aislar los rayos ultravioleta. El dise\u00f1o impermeable a presi\u00f3n se adopta para evitar la corrosi\u00f3n a largo plazo de la soluci\u00f3n tamp\u00f3n o cortocircuitos debido a fugas, garantizando la seguridad de los experimentos.<\/p>\n\n\n\n<figure class=\"wp-block-table alignleft is-style-stripes\"><table><tbody><tr><td>longitud de onda ultravioleta<\/td><td>est\u00e1ndar de 302 nm y 365 nm;<\/td><\/tr><tr><td>Tama\u00f1o del filtro<\/td><td>est\u00e1ndar de 210*210 mm;<em> <\/em><\/td><\/tr><tr><td>Dimensi\u00f3n del producto<\/td><td>355*315*105mm<\/td><\/tr><\/tbody><\/table><\/figure>\n<\/div>\n<\/div>","protected":false},"excerpt":{"rendered":"<p>NL-350A Benchtop UV Transilluminator This instrument is specially used for observing and photographing fluorescence films, agarose gels, Coomassie blue-stained gels, silver-stained gels, hybridization membranes, autoradiography and TLC plates to help researchers read gel images correctly and quickly. UV wavelength 256nm and 302nm or 365nm Filter size 200*150mm Number of tubes 4 UV protective cover Yes&hellip;&nbsp;<a href=\"http:\/\/nebula-b.com\/es\/transiluminador-ultravioleta\/\" class=\"\" rel=\"bookmark\">Leer m\u00e1s \u00bb<span class=\"screen-reader-text\">Transiluminador UV de doble longitud de onda<\/span><\/a><\/p>","protected":false},"author":2,"featured_media":0,"parent":0,"menu_order":0,"comment_status":"closed","ping_status":"closed","template":"","meta":{"_uag_custom_page_level_css":"","ub_ctt_via":"","neve_meta_sidebar":"","neve_meta_container":"","neve_meta_enable_content_width":"","neve_meta_content_width":0,"neve_meta_title_alignment":"","neve_meta_author_avatar":"","neve_post_elements_order":"","neve_meta_disable_header":"","neve_meta_disable_footer":"","neve_meta_disable_title":"","_themeisle_gutenberg_block_has_review":false,"footnotes":""},"class_list":["post-901","page","type-page","status-publish","hentry"],"featured_image_src":null,"uagb_featured_image_src":{"full":false,"thumbnail":false,"medium":false,"medium_large":false,"large":false,"1536x1536":false,"2048x2048":false,"trp-custom-language-flag":false,"neve-blog":false},"uagb_author_info":{"display_name":"liu, stacey","author_link":"http:\/\/nebula-b.com\/es\/author\/stacey\/"},"uagb_comment_info":0,"uagb_excerpt":"NL-350A Benchtop UV Transilluminator This instrument is specially used for observing and photographing fluorescence films, agarose gels, Coomassie blue-stained gels, silver-stained gels, hybridization membranes, autoradiography and TLC plates to help researchers read gel images correctly and quickly. UV wavelength 256nm and 302nm or 365nm Filter size 200*150mm Number of tubes 4 UV protective cover Yes&hellip;&nbsp;Leer&hellip;","_links":{"self":[{"href":"http:\/\/nebula-b.com\/es\/wp-json\/wp\/v2\/pages\/901","targetHints":{"allow":["GET"]}}],"collection":[{"href":"http:\/\/nebula-b.com\/es\/wp-json\/wp\/v2\/pages"}],"about":[{"href":"http:\/\/nebula-b.com\/es\/wp-json\/wp\/v2\/types\/page"}],"author":[{"embeddable":true,"href":"http:\/\/nebula-b.com\/es\/wp-json\/wp\/v2\/users\/2"}],"replies":[{"embeddable":true,"href":"http:\/\/nebula-b.com\/es\/wp-json\/wp\/v2\/comments?post=901"}],"version-history":[{"count":1,"href":"http:\/\/nebula-b.com\/es\/wp-json\/wp\/v2\/pages\/901\/revisions"}],"predecessor-version":[{"id":2373,"href":"http:\/\/nebula-b.com\/es\/wp-json\/wp\/v2\/pages\/901\/revisions\/2373"}],"wp:attachment":[{"href":"http:\/\/nebula-b.com\/es\/wp-json\/wp\/v2\/media?parent=901"}],"curies":[{"name":"wp","href":"https:\/\/api.w.org\/{rel}","templated":true}]}}