{"id":288,"date":"2023-12-27T16:17:16","date_gmt":"2023-12-27T08:17:16","guid":{"rendered":"https:\/\/wp.kxwar.com\/?page_id=288"},"modified":"2024-04-17T15:07:38","modified_gmt":"2024-04-17T07:07:38","slug":"paraffin-embedding-center","status":"publish","type":"page","link":"http:\/\/nebula-b.com\/es\/estacion-de-inclusion-de-parafina\/","title":{"rendered":"Estaci\u00f3n de inclusi\u00f3n de parafina"},"content":{"rendered":"<div class=\"wp-block-columns has-small-font-size is-layout-flex wp-container-core-columns-is-layout-b934f1a7 wp-block-columns-is-layout-flex\" style=\"border-style:none;border-width:0px;border-radius:0px;padding-top:0;padding-right:var(--wp--preset--spacing--20);padding-bottom:0;padding-left:var(--wp--preset--spacing--20)\">\n<div class=\"wp-block-column is-layout-flow wp-block-column-is-layout-flow\" style=\"flex-basis:40%\">\n<div class=\"wp-block-stackable-carousel stk-block-carousel stk--is-slide stk--arrows-justify-space-between stk--arrows-align-center stk-block stk-9336aea\" data-slides-to-show=\"\" data-block-id=\"9336aea\"><div class=\"stk-block-carousel__content-wrapper\"><div class=\"stk-row stk-inner-blocks stk-block-content stk-block-carousel__slider-wrapper stk-content-align stk-9336aea-column\"><div class=\"stk-block-carousel__slider\" role=\"list\" data-autoplay=\"4000\" data-label-slide-of=\"Slide %%d of %%d\">\n<div class=\"wp-block-stackable-column stk-block-column stk-column stk-block stk-e7af2ca\" data-v=\"4\" data-block-id=\"e7af2ca\"><style>.stk-e7af2ca{align-self:center !important}<\/style><div class=\"stk-column-wrapper stk-block-column__content stk-container stk-e7af2ca-container stk--no-background stk--no-padding\"><div class=\"stk-block-content stk-inner-blocks stk-e7af2ca-inner-blocks\">\n<div class=\"wp-block-stackable-image stk-block-image stk-block stk-d699d7e\" data-block-id=\"d699d7e\"><figure><span class=\"stk-img-wrapper stk-image--shape-stretch\"><img alt=\"Estaci\u00f3n de inclusi\u00f3n de parafina\" loading=\"lazy\" decoding=\"async\" class=\"stk-img wp-image-867\" src=\"https:\/\/nebula-b.com\/wp-content\/uploads\/2024\/02\/paraffin1.jpg\" width=\"1500\" height=\"1500\" srcset=\"http:\/\/nebula-b.com\/wp-content\/uploads\/2024\/02\/paraffin1.jpg 1500w, http:\/\/nebula-b.com\/wp-content\/uploads\/2024\/02\/paraffin1-300x300.jpg 300w, http:\/\/nebula-b.com\/wp-content\/uploads\/2024\/02\/paraffin1-1024x1024.jpg 1024w, http:\/\/nebula-b.com\/wp-content\/uploads\/2024\/02\/paraffin1-150x150.jpg 150w, http:\/\/nebula-b.com\/wp-content\/uploads\/2024\/02\/paraffin1-768x768.jpg 768w\" sizes=\"auto, (max-width: 1500px) 100vw, 1500px\" \/><\/span><\/figure><\/div>\n<\/div><\/div><\/div>\n<\/div><div class=\"stk-block-carousel__buttons\"><button class=\"stk-block-carousel__button stk-block-carousel__button__prev\" aria-label=\"Diapositiva anterior\"><svg aria-hidden=\"true\" focusable=\"false\" data-prefix=\"fas\" data-icon=\"chevron-left\" class=\"svg-inline--fa fa-chevron-left\" xmlns=\"http:\/\/www.w3.org\/2000\/svg\" viewbox=\"0 0 320 512\" width=\"32\" height=\"32\"><path d=\"M34.52 239.03L228.87 44.69c9.37-9.37 24.57-9.37 33.94 0l22.67 22.67c9.36 9.36 9.37 24.52.04 33.9L131.49 256l154.02 154.75c9.34 9.38 9.32 24.54-.04 33.9l-22.67 22.67c-9.37 9.37-24.57 9.37-33.94 0L34.52 272.97c-9.37-9.37-9.37-24.57 0-33.94z\"><\/path><\/svg><\/button><button class=\"stk-block-carousel__button stk-block-carousel__button__next\" aria-label=\"La siguiente diapositiva\"><svg aria-hidden=\"true\" focusable=\"false\" data-prefix=\"fas\" data-icon=\"chevron-right\" class=\"svg-inline--fa fa-chevron-right\" xmlns=\"http:\/\/www.w3.org\/2000\/svg\" viewbox=\"0 0 320 512\" width=\"32\" height=\"32\"><path d=\"M285.476 272.971L91.132 467.314c-9.373 9.373-24.569 9.373-33.941 0l-22.667-22.667c-9.357-9.357-9.375-24.522-.04-33.901L188.505 256 34.484 101.255c-9.335-9.379-9.317-24.544.04-33.901l22.667-22.667c9.373-9.373 24.569-9.373 33.941 0L285.475 239.03c9.373 9.372 9.373 24.568.001 33.941z\"><\/path><\/svg><\/button><\/div><\/div><div class=\"stk-block-carousel__dots\" role=\"list\" data-label=\"Slide %%d\"><\/div><\/div><\/div>\n<\/div>\n\n\n\n<div class=\"wp-block-column is-layout-flow wp-block-column-is-layout-flow\" style=\"border-style:none;border-width:0px;flex-basis:60%\">\n<p style=\"font-size:16px\"><strong>PE 1314<\/strong><\/p>\n\n\n\n<p style=\"font-size:15px\">Dimensi\u00f3n de la placa fr\u00eda (L*W*H): 620mm*380mm*410m<br>Potencia placa fr\u00eda: 200VA<br>Dimensi\u00f3n de la superficie de trabajo de la placa fr\u00eda: 345 mm * 330 mm<br>Rango de control de temperatura de la placa fr\u00eda: -30 ~ 30 \u2103<br>Dimensiones del dep\u00f3sito de parafina (largo x ancho x alto): 270 mm x 150 mm x 150 mm.<br>Volumen: 6L<br>\u00c1rea calentada (largo x ancho x alto): 620 mm x 560 mm x 410 mm<br>Potencia del \u00e1rea calentada: 1000W<\/p>\n<\/div>\n<\/div>\n\n\n\n<p><strong>Caracter\u00edsticas<\/strong><\/p>\n\n\n\n<p>\u2727 Tanto el \u00e1rea calentada como la placa fr\u00eda adoptan pantallas t\u00e1ctiles a color de alta definici\u00f3n, que brindan una visualizaci\u00f3n clara y una operaci\u00f3n f\u00e1cil;<br>\u2727 Tanto el \u00e1rea calentada como la placa fr\u00eda tienen funciones de temporizaci\u00f3n, que se pueden configurar para que comiencen o se detengan en cualquier momento de lunes a domingo;<br>\u2727 El \u00e1rea calentada y la placa fr\u00eda son intercambiables para adaptarse a los diferentes h\u00e1bitos de uso de los clientes;<br>\u2727 La superficie de la placa fr\u00eda est\u00e1 formada por CNC a partir de una placa de aluminio 6061 de 12 mm de espesor y tratada con tecnolog\u00eda especial resistente al desgaste, que puede procesar m\u00faltiples bloques de parafina de tejidos al mismo tiempo;<br>\u2727 * La temperatura de la placa fr\u00eda se puede configurar de forma arbitraria y precisa seg\u00fan las necesidades del usuario dentro del rango de -30~30 \u2103;<br>\u2727 Placa fr\u00eda auxiliar para inclusi\u00f3n de tejido peque\u00f1o: se pueden configurar diferentes temperaturas de enfriamiento en consecuencia;<br>\u2727 Las m\u00faltiples protecciones de control de temperatura del \u00e1rea calentada: control de temperatura por computadora completamente autom\u00e1tico, monitoreo y control por termostato y una temperatura de fusi\u00f3n de parafina segura en el rango de ajuste de temperatura de 0\u00b0C a 75\u00b0C;<br>\u2727 Los tanques de precalentamiento izquierdo y derecho son desmontables y se pueden calentar y controlar de forma independiente;<br>\u2727 Iluminaci\u00f3n: iluminaci\u00f3n LED de bajo voltaje con brillo infinitamente ajustable, brillante, segura y que ahorra energ\u00eda;<br>\u2727 El nuevo sistema de descarga de parafina (8 orificios) hace que la superficie de trabajo sea f\u00e1cil de limpiar, evitando que la parafina se acumule en la superficie;<br>\u2727 Las pinzas se pueden calentar y se pueden sacar f\u00e1cilmente por la izquierda o por la derecha;<br>\u2727 * Las funciones \u00fanicas de recorte de parafina dual: hay recortadores de parafina en ambos extremos de la superficie de trabajo;<br>\u2727 * M\u00faltiples puntos de calentamiento independientes: tanque de precalentamiento izquierdo, tanque de precalentamiento derecho, superficie de trabajo, dep\u00f3sito de parafina, tubo de parafina, recortadora izquierda y recortadora derecha;&nbsp;<br>\u2727 Hay dos formas de dispensar parafina mediante interruptor de contacto y pedal, que son f\u00e1ciles y convenientes de operar.<\/p>","protected":false},"excerpt":{"rendered":"<p>PE 1314 Cold plate dimension(L*W*H): 620mm*380mm*410mCold plate power: 200VACold plate work surface dimension: 345mm*330mmCold plate temperature control range: -30~30\u2103Paraffin reservoir dimension(L*W*H): 270mm*150mm*150mmVolume: 6LHeated area(L*W*H): 620mm*560mm*410mmHeated area power: 1000W Features \u2727 Both the heated area and cold plate adopt high-definition color touch screens, which provides clear display and easy operation;\u2727 Both the heated area and cold&hellip;&nbsp;<a href=\"http:\/\/nebula-b.com\/es\/estacion-de-inclusion-de-parafina\/\" class=\"\" rel=\"bookmark\">Leer m\u00e1s \u00bb<span class=\"screen-reader-text\">Estaci\u00f3n de inclusi\u00f3n de parafina<\/span><\/a><\/p>","protected":false},"author":2,"featured_media":0,"parent":0,"menu_order":0,"comment_status":"closed","ping_status":"closed","template":"","meta":{"_uag_custom_page_level_css":"","ub_ctt_via":"","neve_meta_sidebar":"","neve_meta_container":"","neve_meta_enable_content_width":"","neve_meta_content_width":0,"neve_meta_title_alignment":"","neve_meta_author_avatar":"","neve_post_elements_order":"","neve_meta_disable_header":"","neve_meta_disable_footer":"","neve_meta_disable_title":"","_themeisle_gutenberg_block_has_review":false,"footnotes":""},"class_list":["post-288","page","type-page","status-publish","hentry"],"featured_image_src":null,"uagb_featured_image_src":{"full":false,"thumbnail":false,"medium":false,"medium_large":false,"large":false,"1536x1536":false,"2048x2048":false,"trp-custom-language-flag":false,"neve-blog":false},"uagb_author_info":{"display_name":"liu, stacey","author_link":"http:\/\/nebula-b.com\/es\/author\/stacey\/"},"uagb_comment_info":0,"uagb_excerpt":"PE 1314 Cold plate dimension(L*W*H): 620mm*380mm*410mCold plate power: 200VACold plate work surface dimension: 345mm*330mmCold plate temperature control range: -30~30\u2103Paraffin reservoir dimension(L*W*H): 270mm*150mm*150mmVolume: 6LHeated area(L*W*H): 620mm*560mm*410mmHeated area power: 1000W Features \u2727 Both the heated area and cold plate adopt high-definition color touch screens, which provides clear display and easy operation;\u2727 Both the heated area and cold&hellip;&nbsp;Leer&hellip;","_links":{"self":[{"href":"http:\/\/nebula-b.com\/es\/wp-json\/wp\/v2\/pages\/288","targetHints":{"allow":["GET"]}}],"collection":[{"href":"http:\/\/nebula-b.com\/es\/wp-json\/wp\/v2\/pages"}],"about":[{"href":"http:\/\/nebula-b.com\/es\/wp-json\/wp\/v2\/types\/page"}],"author":[{"embeddable":true,"href":"http:\/\/nebula-b.com\/es\/wp-json\/wp\/v2\/users\/2"}],"replies":[{"embeddable":true,"href":"http:\/\/nebula-b.com\/es\/wp-json\/wp\/v2\/comments?post=288"}],"version-history":[{"count":5,"href":"http:\/\/nebula-b.com\/es\/wp-json\/wp\/v2\/pages\/288\/revisions"}],"predecessor-version":[{"id":1871,"href":"http:\/\/nebula-b.com\/es\/wp-json\/wp\/v2\/pages\/288\/revisions\/1871"}],"wp:attachment":[{"href":"http:\/\/nebula-b.com\/es\/wp-json\/wp\/v2\/media?parent=288"}],"curies":[{"name":"wp","href":"https:\/\/api.w.org\/{rel}","templated":true}]}}