{"id":283,"date":"2023-12-27T16:12:04","date_gmt":"2023-12-27T08:12:04","guid":{"rendered":"https:\/\/wp.kxwar.com\/?page_id=283"},"modified":"2024-06-07T15:00:38","modified_gmt":"2024-06-07T07:00:38","slug":"chemiluminescence-imaging-systems","status":"publish","type":"page","link":"http:\/\/nebula-b.com\/es\/sistemas-de-imagenes-de-quimioluminiscencia-por-fluorescencia\/","title":{"rendered":"Sistemas multifuncionales de im\u00e1genes de fluorescencia\/quimioluminiscencia"},"content":{"rendered":"<div class=\"wp-block-uagb-container uagb-block-a203b57d alignfull uagb-is-root-container\"><div class=\"uagb-container-inner-blocks-wrap\">\n<div class=\"wp-block-columns has-small-font-size is-layout-flex wp-container-core-columns-is-layout-b934f1a7 wp-block-columns-is-layout-flex\" style=\"border-style:none;border-width:0px;border-radius:0px;padding-top:0;padding-right:var(--wp--preset--spacing--20);padding-bottom:0;padding-left:var(--wp--preset--spacing--20)\">\n<div class=\"wp-block-column is-layout-flow wp-block-column-is-layout-flow\" style=\"flex-basis:40%\">\n<div class=\"wp-block-stackable-carousel stk-block-carousel stk--is-slide stk--arrows-justify-space-between stk--arrows-align-center stk-block stk-fd1a0a7\" data-slides-to-show=\"\" data-block-id=\"fd1a0a7\"><div class=\"stk-block-carousel__content-wrapper\"><div class=\"stk-row stk-inner-blocks stk-block-content stk-block-carousel__slider-wrapper stk-content-align stk-fd1a0a7-column\"><div class=\"stk-block-carousel__slider\" role=\"list\" data-autoplay=\"4000\" data-label-slide-of=\"Slide %%d of %%d\">\n<div class=\"wp-block-stackable-column stk-block-column stk-column stk-block stk-dcbaa5d\" data-v=\"4\" data-block-id=\"dcbaa5d\"><style>.stk-dcbaa5d{align-self:center !important}<\/style><div class=\"stk-column-wrapper stk-block-column__content stk-container stk-dcbaa5d-container stk--no-background stk--no-padding\"><div class=\"stk-block-content stk-inner-blocks stk-dcbaa5d-inner-blocks\">\n<div class=\"wp-block-stackable-image stk-block-image stk-block stk-ccdae6d\" data-block-id=\"ccdae6d\"><figure><span class=\"stk-img-wrapper stk-image--shape-stretch\"><img alt=\"Sistemas multifuncionales de im\u00e1genes de fluorescencia\/quimioluminiscencia\" loading=\"lazy\" decoding=\"async\" class=\"stk-img wp-image-923\" src=\"https:\/\/nebula-b.com\/wp-content\/uploads\/2024\/03\/M6.jpg\" width=\"260\" height=\"240\"\/><\/span><\/figure><\/div>\n<\/div><\/div><\/div>\n\n\n\n<div class=\"wp-block-stackable-column stk-block-column stk-column stk-block stk-17ee126\" data-v=\"4\" data-block-id=\"17ee126\"><style>.stk-17ee126{align-self:center !important}<\/style><div class=\"stk-column-wrapper stk-block-column__content stk-container stk-17ee126-container stk--no-background stk--no-padding\"><div class=\"stk-block-content stk-inner-blocks stk-17ee126-inner-blocks\">\n<div class=\"wp-block-stackable-image stk-block-image stk-block stk-2eca6b3\" data-block-id=\"2eca6b3\"><figure><span class=\"stk-img-wrapper stk-image--shape-stretch\"><img alt=\"Sistemas multifuncionales de im\u00e1genes de fluorescencia\/quimioluminiscencia\" loading=\"lazy\" decoding=\"async\" class=\"stk-img wp-image-1121\" src=\"https:\/\/nebula-b.com\/wp-content\/uploads\/2024\/03\/\u5316\u5b66\u53d1\u5149\u767d.png\" width=\"453\" height=\"471\" srcset=\"http:\/\/nebula-b.com\/wp-content\/uploads\/2024\/03\/\u5316\u5b66\u53d1\u5149\u767d.png 453w, http:\/\/nebula-b.com\/wp-content\/uploads\/2024\/03\/\u5316\u5b66\u53d1\u5149\u767d-289x300.png 289w\" sizes=\"auto, (max-width: 453px) 100vw, 453px\" \/><\/span><\/figure><\/div>\n<\/div><\/div><\/div>\n\n\n\n<div class=\"wp-block-stackable-column stk-block-column stk-column stk-block stk-38e7709\" data-v=\"4\" data-block-id=\"38e7709\"><style>.stk-38e7709{align-self:center !important}<\/style><div class=\"stk-column-wrapper stk-block-column__content stk-container stk-38e7709-container stk--no-background stk--no-padding\"><div class=\"stk-block-content stk-inner-blocks stk-38e7709-inner-blocks\">\n<div class=\"wp-block-stackable-image stk-block-image stk-block stk-f8b336b\" data-block-id=\"f8b336b\"><figure><span class=\"stk-img-wrapper stk-image--shape-stretch\"><img loading=\"lazy\" decoding=\"async\" class=\"stk-img wp-image-1999\" src=\"https:\/\/nebula-b.com\/wp-content\/uploads\/2024\/04\/gel-documentation.png\" width=\"400\" height=\"400\" alt=\"gel-doc\" srcset=\"http:\/\/nebula-b.com\/wp-content\/uploads\/2024\/04\/gel-documentation.png 400w, http:\/\/nebula-b.com\/wp-content\/uploads\/2024\/04\/gel-documentation-300x300.png 300w, http:\/\/nebula-b.com\/wp-content\/uploads\/2024\/04\/gel-documentation-150x150.png 150w, http:\/\/nebula-b.com\/wp-content\/uploads\/2024\/04\/gel-documentation-12x12.png 12w\" sizes=\"auto, (max-width: 400px) 100vw, 400px\" \/><\/span><\/figure><\/div>\n<\/div><\/div><\/div>\n\n\n\n<div class=\"wp-block-stackable-column stk-block-column stk-column stk-block stk-8e5fc80\" data-v=\"4\" data-block-id=\"8e5fc80\"><style>.stk-8e5fc80{align-self:center !important}<\/style><div class=\"stk-column-wrapper stk-block-column__content stk-container stk-8e5fc80-container stk--no-background stk--no-padding\"><div class=\"stk-block-content stk-inner-blocks stk-8e5fc80-inner-blocks\">\n<div class=\"wp-block-stackable-image stk-block-image stk-block stk-f9c5a9b\" data-block-id=\"f9c5a9b\"><figure><span class=\"stk-img-wrapper stk-image--shape-stretch\"><img alt=\"Sistemas multifuncionales de im\u00e1genes de fluorescencia\/quimioluminiscencia\" loading=\"lazy\" decoding=\"async\" class=\"stk-img wp-image-922\" src=\"https:\/\/nebula-b.com\/wp-content\/uploads\/2024\/03\/NL-mini10.jpg\" width=\"260\" height=\"260\" srcset=\"http:\/\/nebula-b.com\/wp-content\/uploads\/2024\/03\/NL-mini10.jpg 260w, http:\/\/nebula-b.com\/wp-content\/uploads\/2024\/03\/NL-mini10-150x150.jpg 150w\" sizes=\"auto, (max-width: 260px) 100vw, 260px\" \/><\/span><\/figure><\/div>\n<\/div><\/div><\/div>\n<\/div><div class=\"stk-block-carousel__buttons\"><button class=\"stk-block-carousel__button stk-block-carousel__button__prev\" aria-label=\"Diapositiva anterior\"><svg aria-hidden=\"true\" focusable=\"false\" data-prefix=\"fas\" data-icon=\"chevron-left\" class=\"svg-inline--fa fa-chevron-left\" xmlns=\"http:\/\/www.w3.org\/2000\/svg\" viewbox=\"0 0 320 512\" width=\"32\" height=\"32\"><path d=\"M34.52 239.03L228.87 44.69c9.37-9.37 24.57-9.37 33.94 0l22.67 22.67c9.36 9.36 9.37 24.52.04 33.9L131.49 256l154.02 154.75c9.34 9.38 9.32 24.54-.04 33.9l-22.67 22.67c-9.37 9.37-24.57 9.37-33.94 0L34.52 272.97c-9.37-9.37-9.37-24.57 0-33.94z\"><\/path><\/svg><\/button><button class=\"stk-block-carousel__button stk-block-carousel__button__next\" aria-label=\"La siguiente diapositiva\"><svg aria-hidden=\"true\" focusable=\"false\" data-prefix=\"fas\" data-icon=\"chevron-right\" class=\"svg-inline--fa fa-chevron-right\" xmlns=\"http:\/\/www.w3.org\/2000\/svg\" viewbox=\"0 0 320 512\" width=\"32\" height=\"32\"><path d=\"M285.476 272.971L91.132 467.314c-9.373 9.373-24.569 9.373-33.941 0l-22.667-22.667c-9.357-9.357-9.375-24.522-.04-33.901L188.505 256 34.484 101.255c-9.335-9.379-9.317-24.544.04-33.901l22.667-22.667c9.373-9.373 24.569-9.373 33.941 0L285.475 239.03c9.373 9.372 9.373 24.568.001 33.941z\"><\/path><\/svg><\/button><\/div><\/div><div class=\"stk-block-carousel__dots\" role=\"list\" data-label=\"Slide %%d\"><\/div><\/div><\/div>\n<\/div>\n\n\n\n<div class=\"wp-block-column is-layout-flow wp-block-column-is-layout-flow\" style=\"border-style:none;border-width:0px;flex-basis:60%\">\n<p style=\"font-size:16px\"><strong>Caracter\u00edsticas<\/strong> <\/p>\n\n\n\n<p style=\"font-size:15px\">\u2727 C\u00e1mara: chip CCD de refrigeraci\u00f3n digital de baja iluminaci\u00f3n, alta resoluci\u00f3n y grado de investigaci\u00f3n cient\u00edfica;<br>\u2727 lente: la lente el\u00e9ctrica de apertura ultragrande es adecuada para fotografiar muestras de diversos espesores y puede obtener una mayor claridad;<br>\u2727 disparo con un solo toque: obtenga resultados de im\u00e1genes de transferencia Western sin tener que calcular el tiempo de exposici\u00f3n; tome una foto para superponer autom\u00e1ticamente la imagen del marcador y la imagen de quimioluminiscencia, y genere tres im\u00e1genes de quimioluminiscencia con diferentes efectos;<br>\u2727 m\u00f3dulo de fluorescencia: equipado con una rueda de filtros el\u00e9ctrica, que se puede configurar con m\u00faltiples filtros de longitud de onda para lograr im\u00e1genes de fluorescencia multicolores;<br>\u2727 dise\u00f1o modular: modularidad del circuito de control integrado, sistema anticolisi\u00f3n inteligente y control autom\u00e1tico del sue\u00f1o.<\/p>\n<\/div>\n<\/div>\n<\/div><\/div>\n\n\n\n<p><strong>Solicitud:<\/strong><\/p>\n\n\n\n<p>Detecci\u00f3n por quimioluminiscencia de Western Lightning, ECL, ECL plus, CDP Star, SuperSignal, CSPD, LumiGlo y otros sustratos luminiscentes; algunos modelos se pueden utilizar para im\u00e1genes de plantas in vivo y otros sustratos luminiscentes, geles de ADN\/ARN, geles de prote\u00ednas, hibridaci\u00f3n por transferencia. Im\u00e1genes y an\u00e1lisis de placas de gel de autorradiograf\u00eda de membrana, placas de enzimas, placas de cromatograf\u00eda de capa fina y placas de Petri.<\/p>\n\n\n\n<p>El instrumento utiliza un CCD refrigerado importado de alta resoluci\u00f3n y baja iluminaci\u00f3n, combinado con una lente el\u00e9ctrica de gran apertura, que puede capturar se\u00f1ales de fluorescencia y quimioluminiscencia extremadamente d\u00e9biles. El CCD profundamente enfriado elimina al m\u00e1ximo el ruido de fondo y la lente el\u00e9ctrica de apertura ultragrande recoge se\u00f1ales d\u00e9biles. Una variedad de fuentes de luz fluorescente opcionales y ruedas de filtros el\u00e9ctricos de m\u00faltiples posiciones pueden satisfacer diversas necesidades experimentales, como im\u00e1genes de \u00e1cidos nucleicos y im\u00e1genes ECL.<\/p>\n\n\n\n<p><strong>Par\u00e1metros<\/strong><\/p>\n\n\n\n<figure class=\"wp-block-table is-style-stripes\"><table><tbody><tr><td><strong>N \u00ba de Modelo.&nbsp;<\/strong><\/td><td class=\"has-text-align-center\" data-align=\"center\"><\/td><td><strong>NL-mini10<\/strong><\/td><td><strong>NL-M6<\/strong><\/td><td><strong>NL-M6P<\/strong><\/td><\/tr><tr><td><strong>Mostrar<\/strong><\/td><td class=\"has-text-align-center\" data-align=\"center\"><\/td><td>Built-in industrial motherboard computer with 13.3-inch 4K capacitive touch display, no need for external computer to complete experiment photography, saving and analysis.<\/td><td>\/<\/td><td>Computadora con placa base industrial incorporada y pantalla LED de 17 pulgadas, sin necesidad de una computadora externa para completar la fotograf\u00eda, el guardado y el an\u00e1lisis del experimento.<\/td><\/tr><tr><td><strong>C\u00e1mara<\/strong><\/td><td class=\"has-text-align-center\" data-align=\"center\" colspan=\"4\">Chip CCD de refrigeraci\u00f3n digital de baja iluminaci\u00f3n, alta resoluci\u00f3n, grado de investigaci\u00f3n cient\u00edfica<\/td><\/tr><tr><td>Lente<\/td><td class=\"has-text-align-center\" data-align=\"center\"><\/td><td>Motorized pre-settable lens<\/td><td>High-definition, large-diameter, high-transparency motorized lens with autofocus via software<\/td><td>High-definition, large-diameter, high-transparency motorized lens with autofocus via software<\/td><\/tr><tr><td><strong>Temperatura de enfriamiento<\/strong><\/td><td class=\"has-text-align-center\" data-align=\"center\" colspan=\"4\">65\u00b0C m\u00e1s bajo que la temperatura ambiente (temperatura absoluta -45\u00b0C, visualizaci\u00f3n din\u00e1micamente ajustable y en tiempo real de la temperatura de enfriamiento del CCD)<\/td><\/tr><tr><td><strong>P\u00edxeles efectivos<\/strong><\/td><td class=\"has-text-align-center\" data-align=\"center\" colspan=\"4\">2750*2200 (6,05 millones de p\u00edxeles)<\/td><\/tr><tr><td><strong>Alta flexibilizaci\u00f3n cuantitativa<\/strong><\/td><td class=\"has-text-align-center\" data-align=\"center\" colspan=\"4\">\u226580%<\/td><\/tr><tr><td><strong>Bits de datos<\/strong><\/td><td class=\"has-text-align-center\" data-align=\"center\" colspan=\"4\">16 bits (escala de grises 0-65536)<\/td><\/tr><tr><td><strong>Gama din\u00e1mica<\/strong><\/td><td class=\"has-text-align-center\" data-align=\"center\" colspan=\"4\">&gt;4.6 orden<\/td><\/tr><tr><td><strong>Relaci\u00f3n se\u00f1al-ruido<\/strong><\/td><td class=\"has-text-align-center\" data-align=\"center\" colspan=\"4\">40,5dB<\/td><\/tr><tr><td><strong>Agrupaci\u00f3n de p\u00edxeles<\/strong><\/td><td class=\"has-text-align-center\" data-align=\"center\"><\/td><td>1*1, 2*2, 4*4, 6*6 y 8*8<\/td><td>1*1, 2*2, 4*4, 6*6 y 8*8<\/td><td>1*1, 2*2, 4*4, 6*6 y 8*8<\/td><\/tr><tr><td><strong>Fuente de luz auxiliar<\/strong><\/td><td class=\"has-text-align-center\" data-align=\"center\"><\/td><td>Reflexi\u00f3n de luz blanca LED (luz fr\u00eda) en ambos lados: la intensidad se puede ajustar mediante software.<\/td><td>Transmisi\u00f3n de panel de luz blanca LED; Reflexi\u00f3n de luz blanca (luz fr\u00eda) en ambos lados: la intensidad de transmisi\u00f3n y reflexi\u00f3n se puede ajustar mediante software.<\/td><td>Transmisi\u00f3n de panel de luz blanca LED; Reflexi\u00f3n de luz blanca (luz fr\u00eda) en ambos lados: la intensidad de transmisi\u00f3n y reflexi\u00f3n se puede ajustar mediante software.<\/td><\/tr><tr><td><strong>\u00c1rea de im\u00e1genes<\/strong><\/td><td class=\"has-text-align-center\" data-align=\"center\"><\/td><td>12*12cm<\/td><td>UV: 15*15cm;<br>Luz blanca: 15*15cm;<br>Luz azul: 15*15cm<br>opcional<\/td><td>UV: 15*15cm;<br>Luz blanca: 15*15cm;<br>Luz azul: 15*15cm<br>opcional<\/td><\/tr><tr><td><strong>Dimensi\u00f3n exterior<\/strong><br>(largo*ancho*alto)<\/td><td class=\"has-text-align-center\" data-align=\"center\"><\/td><td>400*380*450mm<\/td><td>390*350*590mm<\/td><td>390*350*590mm<\/td><\/tr><\/tbody><\/table><\/figure>","protected":false},"excerpt":{"rendered":"<p>Features \u2727 Camera: scientific research grade high resolution low illumination digital refrigeration CCD chip;\u2727 lens: ultra-large aperture electric lens is suitable for shooting samples of various thicknesses and can obtain better clarity;\u2727 one-touch shooting: get western blot imaging results without having to figure out the exposure time; take one shot to automatically superimpose the marker&hellip;&nbsp;<a href=\"http:\/\/nebula-b.com\/es\/sistemas-de-imagenes-de-quimioluminiscencia-por-fluorescencia\/\" class=\"\" rel=\"bookmark\">Leer m\u00e1s \u00bb<span class=\"screen-reader-text\">Sistemas multifuncionales de im\u00e1genes de fluorescencia\/quimioluminiscencia<\/span><\/a><\/p>","protected":false},"author":2,"featured_media":0,"parent":0,"menu_order":0,"comment_status":"closed","ping_status":"closed","template":"","meta":{"_uag_custom_page_level_css":"","ub_ctt_via":"","neve_meta_sidebar":"","neve_meta_container":"","neve_meta_enable_content_width":"","neve_meta_content_width":0,"neve_meta_title_alignment":"","neve_meta_author_avatar":"","neve_post_elements_order":"","neve_meta_disable_header":"","neve_meta_disable_footer":"","neve_meta_disable_title":"","_themeisle_gutenberg_block_has_review":false,"footnotes":""},"class_list":["post-283","page","type-page","status-publish","hentry"],"featured_image_src":null,"uagb_featured_image_src":{"full":false,"thumbnail":false,"medium":false,"medium_large":false,"large":false,"1536x1536":false,"2048x2048":false,"trp-custom-language-flag":false,"neve-blog":false},"uagb_author_info":{"display_name":"liu, stacey","author_link":"http:\/\/nebula-b.com\/es\/author\/stacey\/"},"uagb_comment_info":0,"uagb_excerpt":"Features \u2727 Camera: scientific research grade high resolution low illumination digital refrigeration CCD chip;\u2727 lens: ultra-large aperture electric lens is suitable for shooting samples of various thicknesses and can obtain better clarity;\u2727 one-touch shooting: get western blot imaging results without having to figure out the exposure time; take one shot to automatically superimpose the marker&hellip;&nbsp;Leer&hellip;","_links":{"self":[{"href":"http:\/\/nebula-b.com\/es\/wp-json\/wp\/v2\/pages\/283","targetHints":{"allow":["GET"]}}],"collection":[{"href":"http:\/\/nebula-b.com\/es\/wp-json\/wp\/v2\/pages"}],"about":[{"href":"http:\/\/nebula-b.com\/es\/wp-json\/wp\/v2\/types\/page"}],"author":[{"embeddable":true,"href":"http:\/\/nebula-b.com\/es\/wp-json\/wp\/v2\/users\/2"}],"replies":[{"embeddable":true,"href":"http:\/\/nebula-b.com\/es\/wp-json\/wp\/v2\/comments?post=283"}],"version-history":[{"count":1,"href":"http:\/\/nebula-b.com\/es\/wp-json\/wp\/v2\/pages\/283\/revisions"}],"predecessor-version":[{"id":2371,"href":"http:\/\/nebula-b.com\/es\/wp-json\/wp\/v2\/pages\/283\/revisions\/2371"}],"wp:attachment":[{"href":"http:\/\/nebula-b.com\/es\/wp-json\/wp\/v2\/media?parent=283"}],"curies":[{"name":"wp","href":"https:\/\/api.w.org\/{rel}","templated":true}]}}