{"id":281,"date":"2023-12-27T16:10:53","date_gmt":"2023-12-27T08:10:53","guid":{"rendered":"https:\/\/wp.kxwar.com\/?page_id=281"},"modified":"2024-05-08T11:44:58","modified_gmt":"2024-05-08T03:44:58","slug":"gel-documentation-imaging-systems","status":"publish","type":"page","link":"http:\/\/nebula-b.com\/es\/sistemas-de-imagenes-de-documentacion-en-gel\/","title":{"rendered":"Sistemas de im\u00e1genes de documentaci\u00f3n de geles"},"content":{"rendered":"<div class=\"wp-block-columns has-small-font-size is-layout-flex wp-container-core-columns-is-layout-b934f1a7 wp-block-columns-is-layout-flex\" style=\"border-style:none;border-width:0px;border-radius:0px;padding-top:0;padding-right:var(--wp--preset--spacing--20);padding-bottom:0;padding-left:var(--wp--preset--spacing--20)\">\n<div class=\"wp-block-column is-layout-flow wp-block-column-is-layout-flow\" style=\"flex-basis:40%\">\n<div class=\"wp-block-stackable-carousel stk-block-carousel stk--is-slide stk--arrows-justify-space-between stk--arrows-align-center stk-block stk-9336aea\" data-slides-to-show=\"\" data-block-id=\"9336aea\"><div class=\"stk-block-carousel__content-wrapper\"><div class=\"stk-row stk-inner-blocks stk-block-content stk-block-carousel__slider-wrapper stk-content-align stk-9336aea-column\"><div class=\"stk-block-carousel__slider\" role=\"list\" data-autoplay=\"4000\" data-label-slide-of=\"Slide %%d of %%d\">\n<div class=\"wp-block-stackable-column stk-block-column stk-column stk-block stk-e7af2ca\" data-v=\"4\" data-block-id=\"e7af2ca\"><style>.stk-e7af2ca{align-self:center !important}<\/style><div class=\"stk-column-wrapper stk-block-column__content stk-container stk-e7af2ca-container stk--no-background stk--no-padding\"><div class=\"stk-block-content stk-inner-blocks stk-e7af2ca-inner-blocks\">\n<div class=\"wp-block-stackable-image stk-block-image stk-block stk-d699d7e\" data-block-id=\"d699d7e\"><figure><span class=\"stk-img-wrapper stk-image--shape-stretch\"><img alt=\"Sistemas de im\u00e1genes de documentaci\u00f3n de geles\" loading=\"lazy\" decoding=\"async\" class=\"stk-img wp-image-1996\" src=\"https:\/\/nebula-b.com\/wp-content\/uploads\/2024\/04\/gel-doc-2.jpg\" width=\"400\" height=\"400\" srcset=\"http:\/\/nebula-b.com\/wp-content\/uploads\/2024\/04\/gel-doc-2.jpg 400w, http:\/\/nebula-b.com\/wp-content\/uploads\/2024\/04\/gel-doc-2-300x300.jpg 300w, http:\/\/nebula-b.com\/wp-content\/uploads\/2024\/04\/gel-doc-2-150x150.jpg 150w, http:\/\/nebula-b.com\/wp-content\/uploads\/2024\/04\/gel-doc-2-12x12.jpg 12w\" sizes=\"auto, (max-width: 400px) 100vw, 400px\" \/><\/span><\/figure><\/div>\n<\/div><\/div><\/div>\n\n\n\n<div class=\"wp-block-stackable-column stk-block-column stk-column stk-block stk-6847d17\" data-v=\"4\" data-block-id=\"6847d17\"><style>.stk-6847d17{align-self:center !important}<\/style><div class=\"stk-column-wrapper stk-block-column__content stk-container stk-6847d17-container stk--no-background stk--no-padding\"><div class=\"stk-block-content stk-inner-blocks stk-6847d17-inner-blocks\">\n<div class=\"wp-block-stackable-image stk-block-image stk-block stk-eee5d3d\" data-block-id=\"eee5d3d\"><figure><span class=\"stk-img-wrapper stk-image--shape-stretch\"><img alt=\"Sistemas de im\u00e1genes de documentaci\u00f3n de geles\" loading=\"lazy\" decoding=\"async\" class=\"stk-img wp-image-1997\" src=\"https:\/\/nebula-b.com\/wp-content\/uploads\/2024\/04\/gel-doc-imager.jpg\" width=\"400\" height=\"452\" srcset=\"http:\/\/nebula-b.com\/wp-content\/uploads\/2024\/04\/gel-doc-imager.jpg 400w, http:\/\/nebula-b.com\/wp-content\/uploads\/2024\/04\/gel-doc-imager-265x300.jpg 265w, http:\/\/nebula-b.com\/wp-content\/uploads\/2024\/04\/gel-doc-imager-11x12.jpg 11w\" sizes=\"auto, (max-width: 400px) 100vw, 400px\" \/><\/span><\/figure><\/div>\n<\/div><\/div><\/div>\n\n\n\n<div class=\"wp-block-stackable-column stk-block-column stk-column stk-block stk-46359ed\" data-v=\"4\" data-block-id=\"46359ed\"><style>.stk-46359ed{align-self:center !important}<\/style><div class=\"stk-column-wrapper stk-block-column__content stk-container stk-46359ed-container stk--no-background stk--no-padding\"><div class=\"stk-block-content stk-inner-blocks stk-46359ed-inner-blocks\">\n<div class=\"wp-block-stackable-image stk-block-image stk-block stk-92800c8\" data-block-id=\"92800c8\"><figure><span class=\"stk-img-wrapper stk-image--shape-stretch\"><img alt=\"Sistemas de im\u00e1genes de documentaci\u00f3n de geles\" loading=\"lazy\" decoding=\"async\" class=\"stk-img wp-image-1998\" src=\"https:\/\/nebula-b.com\/wp-content\/uploads\/2024\/04\/gel-doc-imaging.jpg\" width=\"400\" height=\"456\" srcset=\"http:\/\/nebula-b.com\/wp-content\/uploads\/2024\/04\/gel-doc-imaging.jpg 400w, http:\/\/nebula-b.com\/wp-content\/uploads\/2024\/04\/gel-doc-imaging-263x300.jpg 263w, http:\/\/nebula-b.com\/wp-content\/uploads\/2024\/04\/gel-doc-imaging-11x12.jpg 11w\" sizes=\"auto, (max-width: 400px) 100vw, 400px\" \/><\/span><\/figure><\/div>\n<\/div><\/div><\/div>\n\n\n\n<div class=\"wp-block-stackable-column stk-block-column stk-column stk-block stk-8e5fc80\" data-v=\"4\" data-block-id=\"8e5fc80\"><style>.stk-8e5fc80{align-self:center !important}<\/style><div class=\"stk-column-wrapper stk-block-column__content stk-container stk-8e5fc80-container stk--no-background stk--no-padding\"><div class=\"stk-block-content stk-inner-blocks stk-8e5fc80-inner-blocks\">\n<div class=\"wp-block-stackable-image stk-block-image stk-block stk-f9c5a9b\" data-block-id=\"f9c5a9b\"><figure><span class=\"stk-img-wrapper stk-image--shape-stretch\"><img alt=\"Sistemas de im\u00e1genes de documentaci\u00f3n de geles\" loading=\"lazy\" decoding=\"async\" class=\"stk-img wp-image-1999\" src=\"https:\/\/nebula-b.com\/wp-content\/uploads\/2024\/04\/gel-documentation.png\" width=\"400\" height=\"400\" srcset=\"http:\/\/nebula-b.com\/wp-content\/uploads\/2024\/04\/gel-documentation.png 400w, http:\/\/nebula-b.com\/wp-content\/uploads\/2024\/04\/gel-documentation-300x300.png 300w, http:\/\/nebula-b.com\/wp-content\/uploads\/2024\/04\/gel-documentation-150x150.png 150w, http:\/\/nebula-b.com\/wp-content\/uploads\/2024\/04\/gel-documentation-12x12.png 12w\" sizes=\"auto, (max-width: 400px) 100vw, 400px\" \/><\/span><\/figure><\/div>\n<\/div><\/div><\/div>\n<\/div><div class=\"stk-block-carousel__buttons\"><button class=\"stk-block-carousel__button stk-block-carousel__button__prev\" aria-label=\"Diapositiva anterior\"><svg aria-hidden=\"true\" focusable=\"false\" data-prefix=\"fas\" data-icon=\"chevron-left\" class=\"svg-inline--fa fa-chevron-left\" xmlns=\"http:\/\/www.w3.org\/2000\/svg\" viewbox=\"0 0 320 512\" width=\"32\" height=\"32\"><path d=\"M34.52 239.03L228.87 44.69c9.37-9.37 24.57-9.37 33.94 0l22.67 22.67c9.36 9.36 9.37 24.52.04 33.9L131.49 256l154.02 154.75c9.34 9.38 9.32 24.54-.04 33.9l-22.67 22.67c-9.37 9.37-24.57 9.37-33.94 0L34.52 272.97c-9.37-9.37-9.37-24.57 0-33.94z\"><\/path><\/svg><\/button><button class=\"stk-block-carousel__button stk-block-carousel__button__next\" aria-label=\"La siguiente diapositiva\"><svg aria-hidden=\"true\" focusable=\"false\" data-prefix=\"fas\" data-icon=\"chevron-right\" class=\"svg-inline--fa fa-chevron-right\" xmlns=\"http:\/\/www.w3.org\/2000\/svg\" viewbox=\"0 0 320 512\" width=\"32\" height=\"32\"><path d=\"M285.476 272.971L91.132 467.314c-9.373 9.373-24.569 9.373-33.941 0l-22.667-22.667c-9.357-9.357-9.375-24.522-.04-33.901L188.505 256 34.484 101.255c-9.335-9.379-9.317-24.544.04-33.901l22.667-22.667c9.373-9.373 24.569-9.373 33.941 0L285.475 239.03c9.373 9.372 9.373 24.568.001 33.941z\"><\/path><\/svg><\/button><\/div><\/div><div class=\"stk-block-carousel__dots\" role=\"list\" data-label=\"Slide %%d\"><\/div><\/div><\/div>\n<\/div>\n\n\n\n<div class=\"wp-block-column is-layout-flow wp-block-column-is-layout-flow\" style=\"border-style:none;border-width:0px;flex-basis:60%\">\n<p style=\"font-size:16px\"><strong>Caracter\u00edsticas<\/strong> <\/p>\n\n\n\n<p style=\"font-size:15px\">\u2727 C\u00e1mara: equipada con una c\u00e1mara de grado cient\u00edfico de alta resoluci\u00f3n y baja iluminaci\u00f3n y una lente el\u00e9ctrica de alta transparencia para lograr mejores im\u00e1genes de muestra;<br>\u2727 Lente: lente de alta transparencia para ayudar a proporcionar detalles de imagen claros y v\u00edvidos;<br>\u2727 M\u00e9todo de control: diferentes modelos corresponden al control por computadora o al control por pantalla t\u00e1ctil;<br>\u2727 M\u00f3dulo de fluorescencia: equipado con una rueda de filtros el\u00e9ctrica, que se puede configurar con m\u00faltiples filtros de longitud de onda para lograr im\u00e1genes de fluorescencia multicolor;<br>\u2727 Fuente de luz: cubre diferentes longitudes de onda de excitaci\u00f3n para satisfacer las necesidades de fotografiar muestras experimentales con diferentes etiquetas;<br>\u2727 Dise\u00f1o modular: modularidad del circuito de control integrado, sistema anticolisi\u00f3n inteligente y control autom\u00e1tico del sue\u00f1o.<\/p>\n<\/div>\n<\/div>\n\n\n\n<p><strong>Solicitud:<\/strong><br>Se puede utilizar para obtener im\u00e1genes y an\u00e1lisis de geles de ADN\/ARN, geles de prote\u00ednas, membranas de hibridaci\u00f3n transferidas, geles de autorradiograf\u00eda, placas de enzimas, placas de cromatograf\u00eda de capa fina y placas de cultivo.<\/p>\n\n\n\n<p>Es adecuado para fotografiar geles de electroforesis de ADN\/ARN, geles de electroforesis de prote\u00ednas, hibridaci\u00f3n de puntos y otras im\u00e1genes con poca iluminaci\u00f3n sin perder las bandas. Controle la pimageollution de EB en la mayor medida posible y proteja eficazmente la salud de los operadores experimentales mientras obtiene resultados efectivos.<\/p>\n\n\n<div class=\"wp-block-image\">\n<figure class=\"aligncenter size-full\"><img loading=\"lazy\" decoding=\"async\" width=\"900\" height=\"313\" src=\"https:\/\/nebula-b.com\/wp-content\/uploads\/2024\/02\/\u80f6\u7247\u6210\u50cf.jpg\" alt=\"Sistemas de im\u00e1genes de documentaci\u00f3n de geles\" class=\"wp-image-913\" style=\"object-fit:cover\" srcset=\"http:\/\/nebula-b.com\/wp-content\/uploads\/2024\/02\/\u80f6\u7247\u6210\u50cf.jpg 900w, http:\/\/nebula-b.com\/wp-content\/uploads\/2024\/02\/\u80f6\u7247\u6210\u50cf-300x104.jpg 300w, http:\/\/nebula-b.com\/wp-content\/uploads\/2024\/02\/\u80f6\u7247\u6210\u50cf-768x267.jpg 768w\" sizes=\"auto, (max-width: 900px) 100vw, 900px\" \/><\/figure><\/div>\n\n\n<p><strong>Par\u00e1metros:<\/strong><\/p>\n\n\n\n<figure class=\"wp-block-table is-style-stripes\"><table><tbody><tr><td><strong>N \u00ba de Modelo.&nbsp;<\/strong><\/td><td class=\"has-text-align-center\" data-align=\"center\"><strong>NL-680D<\/strong><\/td><td><strong>NL-6000<\/strong><\/td><td><strong>NL-8000<\/strong><\/td><\/tr><tr><td><strong>Mostrar<\/strong><\/td><td class=\"has-text-align-center\" data-align=\"center\"><\/td><td>Computadora con placa base industrial incorporada, pantalla LED de 17 pulgadas, sin necesidad de una computadora externa para completar la fotograf\u00eda, el guardado y el an\u00e1lisis del experimento.<\/td><td>Computadora con placa base industrial incorporada, pantalla LED de 17 pulgadas, sin necesidad de una computadora externa para completar la fotograf\u00eda, el guardado y el an\u00e1lisis del experimento.<\/td><\/tr><tr><td><strong>C\u00e1mara<\/strong><\/td><td class=\"has-text-align-center\" data-align=\"center\"><\/td><td>C\u00e1mara CCD integrada de baja iluminaci\u00f3n y alta resoluci\u00f3n<\/td><td><\/td><\/tr><tr><td><strong>Sensibilidad de detecci\u00f3n<\/strong><\/td><td class=\"has-text-align-center\" data-align=\"center\" colspan=\"3\">\u00c1cidos nucleicos 0,01 ng m\u00e1s bajo<\/td><\/tr><tr><td><strong>P\u00edxeles efectivos<\/strong><\/td><td class=\"has-text-align-center\" data-align=\"center\">2648*2100 (5,56 millones de p\u00edxeles)<\/td><td>3084\u00d72056 (6,31 millones de p\u00edxeles)<\/td><td>3264*2488 (8,12 millones de p\u00edxeles)<\/td><\/tr><tr><td><strong>Lente<\/strong><\/td><td class=\"has-text-align-center\" data-align=\"center\"><\/td><td>Lente de ultra alta resoluci\u00f3n de 20 megap\u00edxeles con enfoque autom\u00e1tico y resoluci\u00f3n f\u00edsica de hasta 2,4 micras<\/td><td>Lente de ultra alta resoluci\u00f3n de 20 megap\u00edxeles con enfoque autom\u00e1tico y resoluci\u00f3n f\u00edsica de hasta 2,4 micras<\/td><\/tr><tr><td><strong>Valor de gris de p\u00edxel<\/strong><\/td><td class=\"has-text-align-center\" data-align=\"center\" colspan=\"3\">16 bits (escala de grises 0-65536)<\/td><\/tr><tr><td><strong>Relaci\u00f3n se\u00f1al-ruido<\/strong><\/td><td class=\"has-text-align-center\" data-align=\"center\">&nbsp;\u226572dB<\/td><td>&nbsp;\u226578dB<\/td><td>&nbsp;\u226582dB<\/td><\/tr><tr><td><strong>Alta flexibilizaci\u00f3n cuantitativa<\/strong><\/td><td class=\"has-text-align-center\" data-align=\"center\">75%@600nm<\/td><td>79%@600nm<\/td><td>85%@600nm<\/td><\/tr><tr><td><strong>Gama din\u00e1mica<\/strong><\/td><td class=\"has-text-align-center\" data-align=\"center\">&gt; 4.0 orden<\/td><td>&gt; 4.0 orden<\/td><td>&gt; 4,5 orden<\/td><\/tr><tr><td><strong>Filtrar<\/strong><\/td><td class=\"has-text-align-center\" data-align=\"center\" colspan=\"3\">590 nm est\u00e1ndar y 535 nm opcional<\/td><\/tr><tr><td><strong>transiluminador ultravioleta<\/strong><\/td><td class=\"has-text-align-center\" data-align=\"center\" colspan=\"3\">Longitud de onda de transmisi\u00f3n: 302 nm (254 nm y 365 nm opcionales);<br>tama\u00f1o: 21*26cm (personalizable)<\/td><\/tr><tr><td><strong>Transiluminador de luz blanca\/<br>transiluminador de luz azul<\/strong><\/td><td class=\"has-text-align-center\" data-align=\"center\">Luz fr\u00eda, voltaje 12V (brillo ajustable);<br>tama\u00f1o: 21 cm * 33 cm (personalizable).<\/td><td>Luz fr\u00eda, voltaje 12V (brillo ajustable);<br>Tama\u00f1o: 21 cm * 26 cm (personalizable).<\/td><td>Luz fr\u00eda, voltaje 12V (brillo ajustable);<br>Tama\u00f1o: 21 cm * 26 cm (personalizable).<\/td><\/tr><tr><td><strong>Dimensi\u00f3n exterior (L*W*H)<\/strong><\/td><td class=\"has-text-align-center\" data-align=\"center\">500*370*820m m<\/td><td>410*420*600mm<\/td><td>410*420*600mm<\/td><\/tr><\/tbody><\/table><\/figure>","protected":false},"excerpt":{"rendered":"<p>Features \u2727 Camera: equipped with a high-resolution, low-illumination scientific-grade camera and a high-transparency electric lens to achieve better sample imaging;\u2727 Lens: high-transparency lens to help provide clear and vivid image details;\u2727 Control method: different models correspond to computer control or touch screen control;\u2727 Fluorescence module: equipped with an electric filter wheel, which can be configured&hellip;&nbsp;<a href=\"http:\/\/nebula-b.com\/es\/sistemas-de-imagenes-de-documentacion-en-gel\/\" class=\"\" rel=\"bookmark\">Leer m\u00e1s \u00bb<span class=\"screen-reader-text\">Sistemas de im\u00e1genes de documentaci\u00f3n de geles<\/span><\/a><\/p>","protected":false},"author":2,"featured_media":0,"parent":0,"menu_order":0,"comment_status":"closed","ping_status":"closed","template":"","meta":{"_uag_custom_page_level_css":"","ub_ctt_via":"","neve_meta_sidebar":"","neve_meta_container":"","neve_meta_enable_content_width":"","neve_meta_content_width":0,"neve_meta_title_alignment":"","neve_meta_author_avatar":"","neve_post_elements_order":"","neve_meta_disable_header":"","neve_meta_disable_footer":"","neve_meta_disable_title":"","_themeisle_gutenberg_block_has_review":false,"footnotes":""},"class_list":["post-281","page","type-page","status-publish","hentry"],"featured_image_src":null,"uagb_featured_image_src":{"full":false,"thumbnail":false,"medium":false,"medium_large":false,"large":false,"1536x1536":false,"2048x2048":false,"trp-custom-language-flag":false,"neve-blog":false},"uagb_author_info":{"display_name":"liu, stacey","author_link":"http:\/\/nebula-b.com\/es\/author\/stacey\/"},"uagb_comment_info":0,"uagb_excerpt":"Features \u2727 Camera: equipped with a high-resolution, low-illumination scientific-grade camera and a high-transparency electric lens to achieve better sample imaging;\u2727 Lens: high-transparency lens to help provide clear and vivid image details;\u2727 Control method: different models correspond to computer control or touch screen control;\u2727 Fluorescence module: equipped with an electric filter wheel, which can be configured&hellip;&nbsp;Leer&hellip;","_links":{"self":[{"href":"http:\/\/nebula-b.com\/es\/wp-json\/wp\/v2\/pages\/281","targetHints":{"allow":["GET"]}}],"collection":[{"href":"http:\/\/nebula-b.com\/es\/wp-json\/wp\/v2\/pages"}],"about":[{"href":"http:\/\/nebula-b.com\/es\/wp-json\/wp\/v2\/types\/page"}],"author":[{"embeddable":true,"href":"http:\/\/nebula-b.com\/es\/wp-json\/wp\/v2\/users\/2"}],"replies":[{"embeddable":true,"href":"http:\/\/nebula-b.com\/es\/wp-json\/wp\/v2\/comments?post=281"}],"version-history":[{"count":1,"href":"http:\/\/nebula-b.com\/es\/wp-json\/wp\/v2\/pages\/281\/revisions"}],"predecessor-version":[{"id":2226,"href":"http:\/\/nebula-b.com\/es\/wp-json\/wp\/v2\/pages\/281\/revisions\/2226"}],"wp:attachment":[{"href":"http:\/\/nebula-b.com\/es\/wp-json\/wp\/v2\/media?parent=281"}],"curies":[{"name":"wp","href":"https:\/\/api.w.org\/{rel}","templated":true}]}}