{"id":270,"date":"2023-12-27T15:16:48","date_gmt":"2023-12-27T07:16:48","guid":{"rendered":"https:\/\/wp.kxwar.com\/?page_id=270"},"modified":"2024-04-16T11:05:57","modified_gmt":"2024-04-16T03:05:57","slug":"auto-membrane-wash-and-incubation-station","status":"publish","type":"page","link":"http:\/\/nebula-b.com\/es\/estacion-de-incubacion-y-lavado-automatico-de-membranas\/","title":{"rendered":"Estaci\u00f3n de incubaci\u00f3n y lavado autom\u00e1tico de membranas"},"content":{"rendered":"<div class=\"wp-block-columns has-small-font-size is-layout-flex wp-container-core-columns-is-layout-b934f1a7 wp-block-columns-is-layout-flex\" style=\"border-style:none;border-width:0px;border-radius:0px;padding-top:0;padding-right:var(--wp--preset--spacing--20);padding-bottom:0;padding-left:var(--wp--preset--spacing--20)\">\n<div class=\"wp-block-column is-layout-flow wp-block-column-is-layout-flow\" style=\"flex-basis:40%\">\n<div class=\"wp-block-stackable-carousel stk-block-carousel stk--is-slide stk--arrows-justify-space-between stk--arrows-align-center stk-block stk-9336aea\" data-slides-to-show=\"\" data-block-id=\"9336aea\"><div class=\"stk-block-carousel__content-wrapper\"><div class=\"stk-row stk-inner-blocks stk-block-content stk-block-carousel__slider-wrapper stk-content-align stk-9336aea-column\"><div class=\"stk-block-carousel__slider\" role=\"list\" data-autoplay=\"4000\" data-label-slide-of=\"Slide %%d of %%d\">\n<div class=\"wp-block-stackable-column stk-block-column stk-column stk-block stk-e7af2ca\" data-v=\"4\" data-block-id=\"e7af2ca\"><style>.stk-e7af2ca{align-self:center !important}<\/style><div class=\"stk-column-wrapper stk-block-column__content stk-container stk-e7af2ca-container stk--no-background stk--no-padding\"><div class=\"stk-block-content stk-inner-blocks stk-e7af2ca-inner-blocks\">\n<div class=\"wp-block-stackable-image stk-block-image stk-block stk-d699d7e\" data-block-id=\"d699d7e\"><figure><span class=\"stk-img-wrapper stk-image--shape-stretch\"><img alt=\"Estaci\u00f3n de incubaci\u00f3n y lavado autom\u00e1tico de membranas\" loading=\"lazy\" decoding=\"async\" class=\"stk-img wp-image-372\" src=\"https:\/\/nebula-b.com\/wp-content\/uploads\/2024\/01\/AB-4800.jpg\" width=\"1500\" height=\"1500\" srcset=\"http:\/\/nebula-b.com\/wp-content\/uploads\/2024\/01\/AB-4800.jpg 1500w, http:\/\/nebula-b.com\/wp-content\/uploads\/2024\/01\/AB-4800-300x300.jpg 300w, http:\/\/nebula-b.com\/wp-content\/uploads\/2024\/01\/AB-4800-1024x1024.jpg 1024w, http:\/\/nebula-b.com\/wp-content\/uploads\/2024\/01\/AB-4800-150x150.jpg 150w, http:\/\/nebula-b.com\/wp-content\/uploads\/2024\/01\/AB-4800-768x768.jpg 768w\" sizes=\"auto, (max-width: 1500px) 100vw, 1500px\" \/><\/span><\/figure><\/div>\n<\/div><\/div><\/div>\n\n\n\n<div class=\"wp-block-stackable-column stk-block-column stk-column stk-block stk-6847d17\" data-v=\"4\" data-block-id=\"6847d17\"><style>.stk-6847d17{align-self:center !important}<\/style><div class=\"stk-column-wrapper stk-block-column__content stk-container stk-6847d17-container stk--no-background stk--no-padding\"><div class=\"stk-block-content stk-inner-blocks stk-6847d17-inner-blocks\">\n<div class=\"wp-block-stackable-image stk-block-image stk-block stk-eee5d3d\" data-block-id=\"eee5d3d\"><figure><span class=\"stk-img-wrapper stk-image--shape-stretch\"><img alt=\"Estaci\u00f3n de incubaci\u00f3n y lavado autom\u00e1tico de membranas\" loading=\"lazy\" decoding=\"async\" class=\"stk-img wp-image-376\" src=\"https:\/\/nebula-b.com\/wp-content\/uploads\/2024\/01\/4800-1.jpg\" width=\"420\" height=\"420\"\/><\/span><\/figure><\/div>\n<\/div><\/div><\/div>\n\n\n\n<div class=\"wp-block-stackable-column stk-block-column stk-column stk-block stk-46359ed\" data-v=\"4\" data-block-id=\"46359ed\"><style>.stk-46359ed{align-self:center !important}<\/style><div class=\"stk-column-wrapper stk-block-column__content stk-container stk-46359ed-container stk--no-background stk--no-padding\"><div class=\"stk-block-content stk-inner-blocks stk-46359ed-inner-blocks\">\n<div class=\"wp-block-stackable-image stk-block-image stk-block stk-92800c8\" data-block-id=\"92800c8\"><figure><span class=\"stk-img-wrapper stk-image--shape-stretch\"><img alt=\"Estaci\u00f3n de incubaci\u00f3n y lavado autom\u00e1tico de membranas\" loading=\"lazy\" decoding=\"async\" class=\"stk-img wp-image-373\" src=\"https:\/\/nebula-b.com\/wp-content\/uploads\/2024\/01\/AB-4800-e1712031915422.webp\" width=\"780\" height=\"633\" srcset=\"http:\/\/nebula-b.com\/wp-content\/uploads\/2024\/01\/AB-4800-e1712031915422.webp 780w, http:\/\/nebula-b.com\/wp-content\/uploads\/2024\/01\/AB-4800-e1712031915422-300x243.webp 300w, http:\/\/nebula-b.com\/wp-content\/uploads\/2024\/01\/AB-4800-e1712031915422-768x623.webp 768w\" sizes=\"auto, (max-width: 780px) 100vw, 780px\" \/><\/span><\/figure><\/div>\n<\/div><\/div><\/div>\n<\/div><div class=\"stk-block-carousel__buttons\"><button class=\"stk-block-carousel__button stk-block-carousel__button__prev\" aria-label=\"Diapositiva anterior\"><svg aria-hidden=\"true\" focusable=\"false\" data-prefix=\"fas\" data-icon=\"chevron-left\" class=\"svg-inline--fa fa-chevron-left\" xmlns=\"http:\/\/www.w3.org\/2000\/svg\" viewbox=\"0 0 320 512\" width=\"32\" height=\"32\"><path d=\"M34.52 239.03L228.87 44.69c9.37-9.37 24.57-9.37 33.94 0l22.67 22.67c9.36 9.36 9.37 24.52.04 33.9L131.49 256l154.02 154.75c9.34 9.38 9.32 24.54-.04 33.9l-22.67 22.67c-9.37 9.37-24.57 9.37-33.94 0L34.52 272.97c-9.37-9.37-9.37-24.57 0-33.94z\"><\/path><\/svg><\/button><button class=\"stk-block-carousel__button stk-block-carousel__button__next\" aria-label=\"La siguiente diapositiva\"><svg aria-hidden=\"true\" focusable=\"false\" data-prefix=\"fas\" data-icon=\"chevron-right\" class=\"svg-inline--fa fa-chevron-right\" xmlns=\"http:\/\/www.w3.org\/2000\/svg\" viewbox=\"0 0 320 512\" width=\"32\" height=\"32\"><path d=\"M285.476 272.971L91.132 467.314c-9.373 9.373-24.569 9.373-33.941 0l-22.667-22.667c-9.357-9.357-9.375-24.522-.04-33.901L188.505 256 34.484 101.255c-9.335-9.379-9.317-24.544.04-33.901l22.667-22.667c9.373-9.373 24.569-9.373 33.941 0L285.475 239.03c9.373 9.372 9.373 24.568.001 33.941z\"><\/path><\/svg><\/button><\/div><\/div><div class=\"stk-block-carousel__dots\" role=\"list\" data-label=\"Slide %%d\"><\/div><\/div><\/div>\n<\/div>\n\n\n\n<div class=\"wp-block-column is-layout-flow wp-block-column-is-layout-flow\" style=\"border-style:none;border-width:0px;flex-basis:60%\">\n<p><strong>Caracter\u00edsticas<\/strong><\/p>\n\n\n\n<p style=\"font-size:15px\">\u2727 El proceso es completamente autom\u00e1tico, se inicia con una sola tecla, no necesita vigilancia especial;<br>\u2727 puede ejecutar como m\u00e1ximo 4 canales simult\u00e1neamente, cada panel puede programarse por separado;<br>\u2727 se pueden seleccionar muestras de diferentes tama\u00f1os para guardar anticuerpos;<br>\u2727 controlar con precisi\u00f3n la cantidad de reactivos y el tiempo de operaci\u00f3n para garantizar la repetibilidad de los resultados experimentales;<br>\u2727 la tecnolog\u00eda de refrigeraci\u00f3n de semiconductores Peltier mantiene el anticuerpo activo y logra el mejor estado de reciclaje del anticuerpo;<br>\u2727 se agregar\u00e1 una soluci\u00f3n tamp\u00f3n despu\u00e9s del experimento para evitar que se seque;<br>\u2727 la interfaz es f\u00e1cil de usar: pantalla t\u00e1ctil LCD de 7 pulgadas y se pueden configurar hasta 8 pasos en cada canal;<br>\u2727 los par\u00e1metros se pueden configurar para cada paso, como el tiempo de operaci\u00f3n, el volumen de inyecci\u00f3n de l\u00edquido, los tiempos de repetici\u00f3n, etc.<\/p>\n<\/div>\n<\/div>\n\n\n\n<p><strong>Par\u00e1metros<\/strong><\/p>\n\n\n\n<figure class=\"wp-block-table is-style-stripes\"><table><tbody><tr><td colspan=\"2\"><strong>N \u00ba de Modelo.<\/strong><\/td><td><\/td><td><strong>AB 4800 <\/strong><br>Estaci\u00f3n autom\u00e1tica de incubaci\u00f3n y lavado de membranas<\/td><\/tr><tr><td><strong>Manera de controlar<\/strong><\/td><td><\/td><td><\/td><\/tr><tr><td>Precisi\u00f3n del control mec\u00e1nico<\/td><td><\/td><td><\/td><td>Motor paso a paso de alta precisi\u00f3n<\/td><\/tr><tr><td>Interfaz de operaci\u00f3n<\/td><td><\/td><td><\/td><td>Pantalla t\u00e1ctil de 7 pulgadas, f\u00e1cil de configurar, con estado de ejecuci\u00f3n visible<\/td><\/tr><tr><td>Forma de pipetear<\/td><td><\/td><td><\/td><td>Con detecci\u00f3n autom\u00e1tica de alta precisi\u00f3n del nivel de l\u00edquido punta de pipeta met\u00e1lica<\/td><\/tr><tr><td colspan=\"2\"><strong>Configuraci\u00f3n de funciones<\/strong><\/td><td><\/td><td><\/td><\/tr><tr><td>Recuperaci\u00f3n de anticuerpos<\/td><td><\/td><td><\/td><td>Recupera autom\u00e1ticamente anticuerpos primarios y secundarios<\/td><\/tr><tr><td>Pasos del programa<\/td><td><\/td><td><\/td><td>Se podr\u00edan establecer hasta 8 pasos experimentales para cumplir con todo el proceso de transferencia Western.<\/td><\/tr><tr><td>Tiempo de incubaci\u00f3n por paso<\/td><td><\/td><td><\/td><td>M\u00e1ximo 99 h<\/td><\/tr><tr><td>enjuague autom\u00e1tico<\/td><td><\/td><td><\/td><td>Limpieza autom\u00e1tica de tuber\u00edas para evitar contaminaci\u00f3n cruzada<\/td><\/tr><tr><td>Funci\u00f3n humectante<\/td><td><\/td><td><\/td><td>Cuando se completa la incubaci\u00f3n, el tamp\u00f3n se agrega autom\u00e1ticamente a la bandeja de incubaci\u00f3n para mantener la membrana h\u00fameda.<\/td><\/tr><tr><td colspan=\"2\"><strong>Canal<\/strong><\/td><td><\/td><td><\/td><\/tr><tr><td rowspan=\"2\">Cantidad de canales<\/td><td><\/td><td><\/td><td>4 canales independientes sin interferir entre s\u00ed, se pueden configurar 4 programas de ejecuci\u00f3n diferentes. Una bandeja de incubaci\u00f3n grande o una peque\u00f1a prueba de incubaci\u00f3n para cada canal.<\/td><\/tr><tr><td>Cada canal contiene 4 posiciones de tubos de reactivo independientes, adecuadas para tubos de centr\u00edfuga universales de fondo c\u00f3nico de 15 ml.<\/td><td><\/td><td><\/td><\/tr><tr><td>Volumen de la muestra<\/td><td><\/td><td><\/td><td>Bandeja grande: m\u00e1ximo 15 ml; bandeja peque\u00f1a: m\u00e1ximo 15 ml<\/td><\/tr><tr><td>rango de muestra<\/td><td><\/td><td><\/td><td>1,0 \u2013 15 ml<\/td><\/tr><tr><td rowspan=\"2\">Bandeja de incubaci\u00f3n (L\u00d7W\u00d7D)<\/td><td><\/td><td><\/td><td>Bandeja grande: 87\u00d771\u00d720 mm, adecuada para membranas de dimensiones grandes;<\/td><\/tr><tr><td>Bandeja peque\u00f1a: 87\u00d741\u00d720 mm, adecuada para membranas de tama\u00f1o peque\u00f1o para ahorrar reactivo.<\/td><td><\/td><td><\/td><\/tr><tr><td>Modo de agitaci\u00f3n de la bandeja de incubaci\u00f3n.<\/td><td><\/td><td><\/td><td>Izquierda derecha<\/td><\/tr><tr><td>Velocidad de agitaci\u00f3n de la bandeja de incubaci\u00f3n.<\/td><td><\/td><td><\/td><td>10 marchas ajustables. La velocidad de agitaci\u00f3n se puede seleccionar en consecuencia.<\/td><\/tr><tr><td>\u00c1ngulo de agitaci\u00f3n de la bandeja de incubaci\u00f3n.<\/td><td><\/td><td><\/td><td>0 \u2013 13\u00b0<\/td><\/tr><tr><td colspan=\"2\"><strong>Control de temperatura<\/strong><\/td><td><\/td><td><\/td><\/tr><tr><td>Modo de enfriamiento<\/td><td><\/td><td><\/td><td>Control de temperatura constante de refrigeraci\u00f3n de semiconductores para mantener la actividad de los anticuerpos primarios y secundarios.<\/td><\/tr><tr><td>Rango de enfriamiento<\/td><td><\/td><td><\/td><td>20 \u2103 m\u00e1s bajo que el medio ambiente<\/td><\/tr><\/tbody><\/table><\/figure>","protected":false},"excerpt":{"rendered":"<p>Features \u2727 The process is fully automatic, one-key to start up, no need special watching;\u2727 it can run 4 channels at most simultaneously, each panel can be programmed separately;\u2727 samples with different sizes are selectable to save antibody;\u2727 precisely control the amount of reagents and operation time to ensure the repeatability of experimental results;\u2727 peltier&hellip;&nbsp;<a href=\"http:\/\/nebula-b.com\/es\/estacion-de-incubacion-y-lavado-automatico-de-membranas\/\" class=\"\" rel=\"bookmark\">Leer m\u00e1s \u00bb<span class=\"screen-reader-text\">Estaci\u00f3n de incubaci\u00f3n y lavado autom\u00e1tico de membranas<\/span><\/a><\/p>","protected":false},"author":2,"featured_media":0,"parent":0,"menu_order":0,"comment_status":"closed","ping_status":"closed","template":"","meta":{"_uag_custom_page_level_css":"","ub_ctt_via":"","neve_meta_sidebar":"","neve_meta_container":"","neve_meta_enable_content_width":"","neve_meta_content_width":0,"neve_meta_title_alignment":"","neve_meta_author_avatar":"","neve_post_elements_order":"","neve_meta_disable_header":"","neve_meta_disable_footer":"","neve_meta_disable_title":"","_themeisle_gutenberg_block_has_review":false,"footnotes":""},"class_list":["post-270","page","type-page","status-publish","hentry"],"featured_image_src":null,"uagb_featured_image_src":{"full":false,"thumbnail":false,"medium":false,"medium_large":false,"large":false,"1536x1536":false,"2048x2048":false,"trp-custom-language-flag":false,"neve-blog":false},"uagb_author_info":{"display_name":"liu, stacey","author_link":"http:\/\/nebula-b.com\/es\/author\/stacey\/"},"uagb_comment_info":0,"uagb_excerpt":"Features \u2727 The process is fully automatic, one-key to start up, no need special watching;\u2727 it can run 4 channels at most simultaneously, each panel can be programmed separately;\u2727 samples with different sizes are selectable to save antibody;\u2727 precisely control the amount of reagents and operation time to ensure the repeatability of experimental results;\u2727 peltier&hellip;&nbsp;Leer&hellip;","_links":{"self":[{"href":"http:\/\/nebula-b.com\/es\/wp-json\/wp\/v2\/pages\/270","targetHints":{"allow":["GET"]}}],"collection":[{"href":"http:\/\/nebula-b.com\/es\/wp-json\/wp\/v2\/pages"}],"about":[{"href":"http:\/\/nebula-b.com\/es\/wp-json\/wp\/v2\/types\/page"}],"author":[{"embeddable":true,"href":"http:\/\/nebula-b.com\/es\/wp-json\/wp\/v2\/users\/2"}],"replies":[{"embeddable":true,"href":"http:\/\/nebula-b.com\/es\/wp-json\/wp\/v2\/comments?post=270"}],"version-history":[{"count":3,"href":"http:\/\/nebula-b.com\/es\/wp-json\/wp\/v2\/pages\/270\/revisions"}],"predecessor-version":[{"id":1869,"href":"http:\/\/nebula-b.com\/es\/wp-json\/wp\/v2\/pages\/270\/revisions\/1869"}],"wp:attachment":[{"href":"http:\/\/nebula-b.com\/es\/wp-json\/wp\/v2\/media?parent=270"}],"curies":[{"name":"wp","href":"https:\/\/api.w.org\/{rel}","templated":true}]}}