{"id":266,"date":"2023-12-27T15:14:38","date_gmt":"2023-12-27T07:14:38","guid":{"rendered":"https:\/\/wp.kxwar.com\/?page_id=266"},"modified":"2024-04-18T14:21:35","modified_gmt":"2024-04-18T06:21:35","slug":"vertical-electrophoresis-systems","status":"publish","type":"page","link":"http:\/\/nebula-b.com\/es\/sistemas-de-electroforesis-vertical\/","title":{"rendered":"Sistemas de electroforesis vertical"},"content":{"rendered":"<div class=\"wp-block-columns has-small-font-size is-layout-flex wp-container-core-columns-is-layout-b934f1a7 wp-block-columns-is-layout-flex\" style=\"border-style:none;border-width:0px;border-radius:0px;padding-top:0;padding-right:var(--wp--preset--spacing--20);padding-bottom:0;padding-left:var(--wp--preset--spacing--20)\">\n<div class=\"wp-block-column is-layout-flow wp-block-column-is-layout-flow\" style=\"flex-basis:40%\">\n<div class=\"wp-block-stackable-carousel stk-block-carousel stk--is-slide stk--arrows-justify-space-between stk--arrows-align-center stk-block stk-9336aea\" data-slides-to-show=\"\" data-block-id=\"9336aea\"><div class=\"stk-block-carousel__content-wrapper\"><div class=\"stk-row stk-inner-blocks stk-block-content stk-block-carousel__slider-wrapper stk-content-align stk-9336aea-column\"><div class=\"stk-block-carousel__slider\" role=\"list\" data-autoplay=\"4000\" data-label-slide-of=\"Slide %%d of %%d\">\n<div class=\"wp-block-stackable-column stk-block-column stk-column stk-block stk-e7af2ca\" data-v=\"4\" data-block-id=\"e7af2ca\"><style>.stk-e7af2ca{align-self:center !important}<\/style><div class=\"stk-column-wrapper stk-block-column__content stk-container stk-e7af2ca-container stk--no-background stk--no-padding\"><div class=\"stk-block-content stk-inner-blocks stk-e7af2ca-inner-blocks\">\n<div class=\"wp-block-stackable-image stk-block-image stk-block stk-d699d7e\" data-block-id=\"d699d7e\"><figure><span class=\"stk-img-wrapper stk-image--shape-stretch\"><img loading=\"lazy\" decoding=\"async\" class=\"stk-img wp-image-249\" src=\"https:\/\/nebula-b.com\/wp-content\/uploads\/2023\/12\/PES-5\u5c0f\u578b\u5782\u76f4\u7535\u6cf3\u7cfb\u7edf.png\" width=\"1427\" height=\"917\" alt=\"minielectroforesis\" srcset=\"http:\/\/nebula-b.com\/wp-content\/uploads\/2023\/12\/PES-5\u5c0f\u578b\u5782\u76f4\u7535\u6cf3\u7cfb\u7edf.png 1427w, http:\/\/nebula-b.com\/wp-content\/uploads\/2023\/12\/PES-5\u5c0f\u578b\u5782\u76f4\u7535\u6cf3\u7cfb\u7edf-300x193.png 300w, http:\/\/nebula-b.com\/wp-content\/uploads\/2023\/12\/PES-5\u5c0f\u578b\u5782\u76f4\u7535\u6cf3\u7cfb\u7edf-1024x658.png 1024w, http:\/\/nebula-b.com\/wp-content\/uploads\/2023\/12\/PES-5\u5c0f\u578b\u5782\u76f4\u7535\u6cf3\u7cfb\u7edf-768x494.png 768w\" sizes=\"auto, (max-width: 1427px) 100vw, 1427px\" \/><\/span><\/figure><\/div>\n<\/div><\/div><\/div>\n\n\n\n<div class=\"wp-block-stackable-column stk-block-column stk-column stk-block stk-6847d17\" data-v=\"4\" data-block-id=\"6847d17\"><style>.stk-6847d17{align-self:center !important}<\/style><div class=\"stk-column-wrapper stk-block-column__content stk-container stk-6847d17-container stk--no-background stk--no-padding\"><div class=\"stk-block-content stk-inner-blocks stk-6847d17-inner-blocks\">\n<div class=\"wp-block-stackable-image stk-block-image stk-block stk-eee5d3d\" data-block-id=\"eee5d3d\"><figure><span class=\"stk-img-wrapper stk-image--shape-stretch\"><img alt=\"Sistemas de electroforesis vertical\" loading=\"lazy\" decoding=\"async\" class=\"stk-img wp-image-343\" src=\"https:\/\/nebula-b.com\/wp-content\/uploads\/2024\/01\/PES-5-set-scaled-1.jpg\" width=\"2560\" height=\"1811\" srcset=\"http:\/\/nebula-b.com\/wp-content\/uploads\/2024\/01\/PES-5-set-scaled-1.jpg 2560w, http:\/\/nebula-b.com\/wp-content\/uploads\/2024\/01\/PES-5-set-scaled-1-300x212.jpg 300w, http:\/\/nebula-b.com\/wp-content\/uploads\/2024\/01\/PES-5-set-scaled-1-1024x724.jpg 1024w, http:\/\/nebula-b.com\/wp-content\/uploads\/2024\/01\/PES-5-set-scaled-1-768x543.jpg 768w, http:\/\/nebula-b.com\/wp-content\/uploads\/2024\/01\/PES-5-set-scaled-1-1536x1087.jpg 1536w, http:\/\/nebula-b.com\/wp-content\/uploads\/2024\/01\/PES-5-set-scaled-1-2048x1449.jpg 2048w\" sizes=\"auto, (max-width: 2560px) 100vw, 2560px\" \/><\/span><\/figure><\/div>\n<\/div><\/div><\/div>\n<\/div><div class=\"stk-block-carousel__buttons\"><button class=\"stk-block-carousel__button stk-block-carousel__button__prev\" aria-label=\"Diapositiva anterior\"><svg aria-hidden=\"true\" focusable=\"false\" data-prefix=\"fas\" data-icon=\"chevron-left\" class=\"svg-inline--fa fa-chevron-left\" xmlns=\"http:\/\/www.w3.org\/2000\/svg\" viewbox=\"0 0 320 512\" width=\"32\" height=\"32\"><path d=\"M34.52 239.03L228.87 44.69c9.37-9.37 24.57-9.37 33.94 0l22.67 22.67c9.36 9.36 9.37 24.52.04 33.9L131.49 256l154.02 154.75c9.34 9.38 9.32 24.54-.04 33.9l-22.67 22.67c-9.37 9.37-24.57 9.37-33.94 0L34.52 272.97c-9.37-9.37-9.37-24.57 0-33.94z\"><\/path><\/svg><\/button><button class=\"stk-block-carousel__button stk-block-carousel__button__next\" aria-label=\"La siguiente diapositiva\"><svg aria-hidden=\"true\" focusable=\"false\" data-prefix=\"fas\" data-icon=\"chevron-right\" class=\"svg-inline--fa fa-chevron-right\" xmlns=\"http:\/\/www.w3.org\/2000\/svg\" viewbox=\"0 0 320 512\" width=\"32\" height=\"32\"><path d=\"M285.476 272.971L91.132 467.314c-9.373 9.373-24.569 9.373-33.941 0l-22.667-22.667c-9.357-9.357-9.375-24.522-.04-33.901L188.505 256 34.484 101.255c-9.335-9.379-9.317-24.544.04-33.901l22.667-22.667c9.373-9.373 24.569-9.373 33.941 0L285.475 239.03c9.373 9.372 9.373 24.568.001 33.941z\"><\/path><\/svg><\/button><\/div><\/div><div class=\"stk-block-carousel__dots\" role=\"list\" data-label=\"Slide %%d\"><\/div><\/div><\/div>\n<\/div>\n\n\n\n<div class=\"wp-block-column is-layout-flow wp-block-column-is-layout-flow\" style=\"border-style:none;border-width:0px;flex-basis:60%\">\n<p style=\"font-size:16px\"><strong>Caracter\u00edsticas<\/strong> <\/p>\n\n\n\n<p style=\"font-size:15px\">\u2727 Se pueden realizar hasta 4 electroforesis en gel peque\u00f1as al mismo tiempo<br>Funcionamiento sencillo, montaje r\u00e1pido y excelente estanqueidad;<br>\u2727 compatible con electroforesis bidimensional en segunda dimensi\u00f3n;<br>\u2727 selecci\u00f3n flexible de tamp\u00f3n, detecci\u00f3n y evaluaci\u00f3n de la preparaci\u00f3n de muestras<br>Tanque de transferencia electrofor\u00e9tica para transferencia Western Blot.<\/p>\n<\/div>\n<\/div>\n\n\n\n<p><strong>Aplicaciones<\/strong><\/p>\n\n\n\n<p>\u2727 Electroforesis en gel de poliacrilamida (PAGE o SDS-PAGE);<br>\u2727 electroforesis en gel 2-D;<br>\u2727 muestras de detecci\u00f3n;<br>\u2727 evaluar las condiciones de preparaci\u00f3n de las muestras.<\/p>\n\n\n\n<p><strong>Par\u00e1metros<\/strong><\/p>\n\n\n\n<figure class=\"wp-block-table is-style-stripes\"><table><tbody><tr><td><strong>N \u00ba de Modelo. <\/strong><\/td><td><\/td><td><strong>PSE \u2013 5&nbsp;<\/strong><br>Mini sistema de electroforesis vertical<\/td><\/tr><tr><td colspan=\"2\"><strong>Cantidad de geles<\/strong><\/td><td>1~4<\/td><td><\/td><\/tr><tr><td colspan=\"2\"><strong>gel para moldear a mano<\/strong><\/td><td>Vierta entre platos de vidrio<\/td><td><\/td><\/tr><tr><td colspan=\"2\" rowspan=\"2\"><strong>Tama\u00f1o del gel (W*L)<\/strong><\/td><td>86*68 mil\u00edmetros; 83*73 mil\u00edmetros<\/td><td><\/td><\/tr><tr><td>Prefabricado: 86*68 mm; moldeado a mano: 83*73 mm<\/td><\/tr><tr><td rowspan=\"2\"><strong>Tama\u00f1o de la placa de vidrio<\/strong><\/td><td>plato de cristal corto<\/td><td>101*73mm<\/td><td class=\"has-text-align-left\" data-align=\"left\"><\/td><\/tr><tr><td>plato de cristal largo<\/td><td>101*82mm<\/td><td><\/td><\/tr><tr><td colspan=\"2\"><strong>Volumen total de tamp\u00f3n para 2 geles<\/strong><\/td><td>700ml<\/td><td><\/td><\/tr><tr><td colspan=\"2\">Volumen total de tamp\u00f3n para 4 geles.<\/td><td>1000ml<\/td><td><\/td><\/tr><tr><td colspan=\"2\"><strong>Tiempo de ejecuci\u00f3n t\u00edpico de SDS-PAGE<\/strong><\/td><td>35~45 minutos (bajo voltaje constante de 200 V)<\/td><td><\/td><\/tr><tr><td colspan=\"2\"><strong>Dimensi\u00f3n (W*L*H)<\/strong><\/td><td>128*172*135mm<\/td><td><\/td><\/tr><tr><td colspan=\"2\"><strong>Peso (kg)<\/strong><\/td><td>1<\/td><td><\/td><\/tr><tr><td colspan=\"2\"><strong>formato gel<\/strong><\/td><td>Mini<\/td><td><\/td><\/tr><\/tbody><\/table><\/figure>\n\n\n\n<div class=\"wp-block-columns has-small-font-size is-layout-flex wp-container-core-columns-is-layout-b934f1a7 wp-block-columns-is-layout-flex\" style=\"border-style:none;border-width:0px;border-radius:0px;padding-top:0;padding-right:var(--wp--preset--spacing--20);padding-bottom:0;padding-left:var(--wp--preset--spacing--20)\">\n<div class=\"wp-block-column is-layout-flow wp-block-column-is-layout-flow\" style=\"flex-basis:40%\">\n<div class=\"wp-block-stackable-carousel stk-block-carousel stk--is-slide stk--arrows-justify-space-between stk--arrows-align-center stk-block stk-93b60ab\" data-slides-to-show=\"\" data-block-id=\"93b60ab\"><div class=\"stk-block-carousel__content-wrapper\"><div class=\"stk-row stk-inner-blocks stk-block-content stk-block-carousel__slider-wrapper stk-content-align stk-93b60ab-column\"><div class=\"stk-block-carousel__slider\" role=\"list\" data-autoplay=\"4000\" data-label-slide-of=\"Slide %%d of %%d\">\n<div class=\"wp-block-stackable-column stk-block-column stk-column stk-block stk-7a046a4\" data-v=\"4\" data-block-id=\"7a046a4\"><div class=\"stk-column-wrapper stk-block-column__content stk-container stk-7a046a4-container stk--no-background stk--no-padding\"><div class=\"stk-block-content stk-inner-blocks stk-7a046a4-inner-blocks\">\n<div class=\"wp-block-stackable-image stk-block-image stk-block stk-718515a\" data-block-id=\"718515a\"><figure><span class=\"stk-img-wrapper stk-image--shape-stretch\"><img alt=\"Sistemas de electroforesis vertical\" loading=\"lazy\" decoding=\"async\" class=\"stk-img wp-image-347\" src=\"https:\/\/nebula-b.com\/wp-content\/uploads\/2024\/01\/TB-5.jpg\" width=\"421\" height=\"421\" srcset=\"http:\/\/nebula-b.com\/wp-content\/uploads\/2024\/01\/TB-5.jpg 421w, http:\/\/nebula-b.com\/wp-content\/uploads\/2024\/01\/TB-5-300x300.jpg 300w, http:\/\/nebula-b.com\/wp-content\/uploads\/2024\/01\/TB-5-150x150.jpg 150w\" sizes=\"auto, (max-width: 421px) 100vw, 421px\" \/><\/span><\/figure><\/div>\n<\/div><\/div><\/div>\n\n\n\n<div class=\"wp-block-stackable-column stk-block-column stk-column stk-block stk-322688e\" data-v=\"4\" data-block-id=\"322688e\"><div class=\"stk-column-wrapper stk-block-column__content stk-container stk-322688e-container stk--no-background stk--no-padding\"><div class=\"stk-block-content stk-inner-blocks stk-322688e-inner-blocks\">\n<div class=\"wp-block-stackable-image stk-block-image stk-block stk-fecd8b8\" data-block-id=\"fecd8b8\"><figure><span class=\"stk-img-wrapper stk-image--shape-stretch\"><img alt=\"Sistemas de electroforesis vertical\" loading=\"lazy\" decoding=\"async\" class=\"stk-img wp-image-684\" src=\"https:\/\/nebula-b.com\/wp-content\/uploads\/2024\/01\/TB-5-1.jpg\" width=\"1500\" height=\"1500\" srcset=\"http:\/\/nebula-b.com\/wp-content\/uploads\/2024\/01\/TB-5-1.jpg 1500w, http:\/\/nebula-b.com\/wp-content\/uploads\/2024\/01\/TB-5-1-300x300.jpg 300w, http:\/\/nebula-b.com\/wp-content\/uploads\/2024\/01\/TB-5-1-1024x1024.jpg 1024w, http:\/\/nebula-b.com\/wp-content\/uploads\/2024\/01\/TB-5-1-150x150.jpg 150w, http:\/\/nebula-b.com\/wp-content\/uploads\/2024\/01\/TB-5-1-768x768.jpg 768w\" sizes=\"auto, (max-width: 1500px) 100vw, 1500px\" \/><\/span><\/figure><\/div>\n<\/div><\/div><\/div>\n<\/div><div class=\"stk-block-carousel__buttons\"><button class=\"stk-block-carousel__button stk-block-carousel__button__prev\" aria-label=\"Diapositiva anterior\"><svg aria-hidden=\"true\" focusable=\"false\" data-prefix=\"fas\" data-icon=\"chevron-left\" class=\"svg-inline--fa fa-chevron-left\" xmlns=\"http:\/\/www.w3.org\/2000\/svg\" viewbox=\"0 0 320 512\" width=\"32\" height=\"32\"><path d=\"M34.52 239.03L228.87 44.69c9.37-9.37 24.57-9.37 33.94 0l22.67 22.67c9.36 9.36 9.37 24.52.04 33.9L131.49 256l154.02 154.75c9.34 9.38 9.32 24.54-.04 33.9l-22.67 22.67c-9.37 9.37-24.57 9.37-33.94 0L34.52 272.97c-9.37-9.37-9.37-24.57 0-33.94z\"><\/path><\/svg><\/button><button class=\"stk-block-carousel__button stk-block-carousel__button__next\" aria-label=\"La siguiente diapositiva\"><svg aria-hidden=\"true\" focusable=\"false\" data-prefix=\"fas\" data-icon=\"chevron-right\" class=\"svg-inline--fa fa-chevron-right\" xmlns=\"http:\/\/www.w3.org\/2000\/svg\" viewbox=\"0 0 320 512\" width=\"32\" height=\"32\"><path d=\"M285.476 272.971L91.132 467.314c-9.373 9.373-24.569 9.373-33.941 0l-22.667-22.667c-9.357-9.357-9.375-24.522-.04-33.901L188.505 256 34.484 101.255c-9.335-9.379-9.317-24.544.04-33.901l22.667-22.667c9.373-9.373 24.569-9.373 33.941 0L285.475 239.03c9.373 9.372 9.373 24.568.001 33.941z\"><\/path><\/svg><\/button><\/div><\/div><div class=\"stk-block-carousel__dots\" role=\"list\" data-label=\"Slide %%d\"><\/div><\/div><\/div>\n<\/div>\n\n\n\n<div class=\"wp-block-column is-layout-flow wp-block-column-is-layout-flow\" style=\"border-style:none;border-width:0px;flex-basis:60%\">\n<p style=\"font-size:16px\"><strong>Caracter\u00edsticas y Beneficios<\/strong><\/p>\n\n\n\n<p style=\"font-size:15px\">\u2727 Puede transferir dos piezas de gel de 100 mm x 75 mm al mismo tiempo o una transferencia nocturna de baja intensidad;<br>\u2727 cerrar los electrodos para generar un campo el\u00e9ctrico fuerte para garantizar una transferencia eficiente de prote\u00ednas<br>\u2727 indicaci\u00f3n clara para garantizar la orientaci\u00f3n correcta del gel durante el proceso de transferencia\uff1b<br>\u2727 la caja de hielo azul se puede colocar completamente en el tanque de transferencia para absorber el calor durante el proceso de transferencia r\u00e1pida\uff1b<br>\u2727 no s\u00f3lo se puede utilizar como un equipo independiente completo, sino que tambi\u00e9n se puede utilizar con el peque\u00f1o sistema de electroforesis vertical PES \u2013 5.<\/p>\n<\/div>\n<\/div>\n\n\n\n<p><strong>Par\u00e1metros<\/strong><\/p>\n\n\n\n<figure class=\"wp-block-table is-style-stripes\"><table><tbody><tr><td><strong>Modelo<\/strong><\/td><td><strong>TB-5<\/strong> <strong>Sistema Trans-Blot<\/strong><\/td><\/tr><tr><td><strong>Tama\u00f1o m\u00e1ximo del gel (W*L)<\/strong><\/td><td>100*75mm<\/td><\/tr><tr><td><strong>Se requiere b\u00fafer<\/strong><\/td><td>1000ml<\/td><\/tr><tr><td><strong>Volumen de gel<\/strong><\/td><td>2 geles prefabricados o geles moldeados a mano<\/td><\/tr><tr><td><strong>Dimensi\u00f3n (W*L*H)<\/strong><\/td><td>128*172*135mm<\/td><\/tr><tr><td><strong>Peso<\/strong><\/td><td>1,0 kilos<\/td><\/tr><\/tbody><\/table><\/figure>","protected":false},"excerpt":{"rendered":"<p>Features \u2727 Up to 4 small gel electrophoresis can be carried out at the same timeSimple operation, rapid assembly and excellent sealing;\u2727 compatible with 2D second dimensional electrophoresis;\u2727 flexible selection of buffer, screening and evaluation of sample preparationElectrophoretic transfer tank for Western blot transfer. Applications \u2727 Polyacrylamide gel electrophoresis (PAGE or SDS-PAGE);\u2727 2-D gel electrophoresis;\u2727&hellip;&nbsp;<a href=\"http:\/\/nebula-b.com\/es\/sistemas-de-electroforesis-vertical\/\" class=\"\" rel=\"bookmark\">Leer m\u00e1s \u00bb<span class=\"screen-reader-text\">Sistemas de electroforesis vertical<\/span><\/a><\/p>","protected":false},"author":2,"featured_media":0,"parent":0,"menu_order":0,"comment_status":"closed","ping_status":"closed","template":"","meta":{"_uag_custom_page_level_css":"","ub_ctt_via":"","neve_meta_sidebar":"","neve_meta_container":"","neve_meta_enable_content_width":"","neve_meta_content_width":0,"neve_meta_title_alignment":"","neve_meta_author_avatar":"","neve_post_elements_order":"","neve_meta_disable_header":"","neve_meta_disable_footer":"","neve_meta_disable_title":"","_themeisle_gutenberg_block_has_review":false,"footnotes":""},"class_list":["post-266","page","type-page","status-publish","hentry"],"featured_image_src":null,"uagb_featured_image_src":{"full":false,"thumbnail":false,"medium":false,"medium_large":false,"large":false,"1536x1536":false,"2048x2048":false,"trp-custom-language-flag":false,"neve-blog":false},"uagb_author_info":{"display_name":"liu, stacey","author_link":"http:\/\/nebula-b.com\/es\/author\/stacey\/"},"uagb_comment_info":0,"uagb_excerpt":"Features \u2727 Up to 4 small gel electrophoresis can be carried out at the same timeSimple operation, rapid assembly and excellent sealing;\u2727 compatible with 2D second dimensional electrophoresis;\u2727 flexible selection of buffer, screening and evaluation of sample preparationElectrophoretic transfer tank for Western blot transfer. Applications \u2727 Polyacrylamide gel electrophoresis (PAGE or SDS-PAGE);\u2727 2-D gel electrophoresis;\u2727&hellip;&nbsp;Leer&hellip;","_links":{"self":[{"href":"http:\/\/nebula-b.com\/es\/wp-json\/wp\/v2\/pages\/266","targetHints":{"allow":["GET"]}}],"collection":[{"href":"http:\/\/nebula-b.com\/es\/wp-json\/wp\/v2\/pages"}],"about":[{"href":"http:\/\/nebula-b.com\/es\/wp-json\/wp\/v2\/types\/page"}],"author":[{"embeddable":true,"href":"http:\/\/nebula-b.com\/es\/wp-json\/wp\/v2\/users\/2"}],"replies":[{"embeddable":true,"href":"http:\/\/nebula-b.com\/es\/wp-json\/wp\/v2\/comments?post=266"}],"version-history":[{"count":4,"href":"http:\/\/nebula-b.com\/es\/wp-json\/wp\/v2\/pages\/266\/revisions"}],"predecessor-version":[{"id":2051,"href":"http:\/\/nebula-b.com\/es\/wp-json\/wp\/v2\/pages\/266\/revisions\/2051"}],"wp:attachment":[{"href":"http:\/\/nebula-b.com\/es\/wp-json\/wp\/v2\/media?parent=266"}],"curies":[{"name":"wp","href":"https:\/\/api.w.org\/{rel}","templated":true}]}}