{"id":264,"date":"2023-12-27T15:14:16","date_gmt":"2023-12-27T07:14:16","guid":{"rendered":"https:\/\/wp.kxwar.com\/?page_id=264"},"modified":"2024-04-18T14:19:13","modified_gmt":"2024-04-18T06:19:13","slug":"horizontal-electrophoresis-systems","status":"publish","type":"page","link":"http:\/\/nebula-b.com\/es\/sistemas-de-electroforesis-horizontal\/","title":{"rendered":"Sistemas de electroforesis horizontal"},"content":{"rendered":"<div class=\"wp-block-columns has-small-font-size is-layout-flex wp-container-core-columns-is-layout-b934f1a7 wp-block-columns-is-layout-flex\" style=\"border-style:none;border-width:0px;border-radius:0px;padding-top:0;padding-right:var(--wp--preset--spacing--20);padding-bottom:0;padding-left:var(--wp--preset--spacing--20)\">\n<div class=\"wp-block-column is-layout-flow wp-block-column-is-layout-flow\" style=\"flex-basis:40%\">\n<div class=\"wp-block-stackable-carousel stk-block-carousel stk--is-slide stk--arrows-justify-space-between stk--arrows-align-center stk-block stk-9336aea\" data-slides-to-show=\"\" data-block-id=\"9336aea\"><div class=\"stk-block-carousel__content-wrapper\"><div class=\"stk-row stk-inner-blocks stk-block-content stk-block-carousel__slider-wrapper stk-content-align stk-9336aea-column\"><div class=\"stk-block-carousel__slider\" role=\"list\" data-autoplay=\"4000\" data-label-slide-of=\"Slide %%d of %%d\">\n<div class=\"wp-block-stackable-column stk-block-column stk-column stk-block stk-e7af2ca\" data-v=\"4\" data-block-id=\"e7af2ca\"><style>.stk-e7af2ca{align-self:center !important}<\/style><div class=\"stk-column-wrapper stk-block-column__content stk-container stk-e7af2ca-container stk--no-background stk--no-padding\"><div class=\"stk-block-content stk-inner-blocks stk-e7af2ca-inner-blocks\">\n<div class=\"wp-block-stackable-image stk-block-image stk-block stk-d699d7e\" data-block-id=\"d699d7e\"><figure><span class=\"stk-img-wrapper stk-image--shape-stretch\"><img loading=\"lazy\" decoding=\"async\" class=\"stk-img wp-image-334\" src=\"https:\/\/nebula-b.com\/wp-content\/uploads\/2024\/01\/NES-51-scaled-1.jpg\" width=\"2560\" height=\"1616\" alt=\"tanque de electroforesis\" srcset=\"http:\/\/nebula-b.com\/wp-content\/uploads\/2024\/01\/NES-51-scaled-1.jpg 2560w, http:\/\/nebula-b.com\/wp-content\/uploads\/2024\/01\/NES-51-scaled-1-300x189.jpg 300w, http:\/\/nebula-b.com\/wp-content\/uploads\/2024\/01\/NES-51-scaled-1-1024x646.jpg 1024w, http:\/\/nebula-b.com\/wp-content\/uploads\/2024\/01\/NES-51-scaled-1-768x485.jpg 768w, http:\/\/nebula-b.com\/wp-content\/uploads\/2024\/01\/NES-51-scaled-1-1536x970.jpg 1536w, http:\/\/nebula-b.com\/wp-content\/uploads\/2024\/01\/NES-51-scaled-1-2048x1293.jpg 2048w\" sizes=\"auto, (max-width: 2560px) 100vw, 2560px\" \/><\/span><\/figure><\/div>\n<\/div><\/div><\/div>\n\n\n\n<div class=\"wp-block-stackable-column stk-block-column stk-column stk-block stk-6847d17\" data-v=\"4\" data-block-id=\"6847d17\"><style>.stk-6847d17{align-self:center !important}<\/style><div class=\"stk-column-wrapper stk-block-column__content stk-container stk-6847d17-container stk--no-background stk--no-padding\"><div class=\"stk-block-content stk-inner-blocks stk-6847d17-inner-blocks\">\n<div class=\"wp-block-stackable-image stk-block-image stk-block stk-eee5d3d\" data-block-id=\"eee5d3d\"><figure><span class=\"stk-img-wrapper stk-image--shape-stretch\"><img alt=\"Sistemas de electroforesis horizontal\" loading=\"lazy\" decoding=\"async\" class=\"stk-img wp-image-247\" src=\"https:\/\/nebula-b.com\/wp-content\/uploads\/2023\/12\/NES-5\u5bbd\u578b\u6c34\u5e73\u7535\u6cf3\u7cfb\u7edf.png\" width=\"2135\" height=\"1456\" srcset=\"http:\/\/nebula-b.com\/wp-content\/uploads\/2023\/12\/NES-5\u5bbd\u578b\u6c34\u5e73\u7535\u6cf3\u7cfb\u7edf.png 2135w, http:\/\/nebula-b.com\/wp-content\/uploads\/2023\/12\/NES-5\u5bbd\u578b\u6c34\u5e73\u7535\u6cf3\u7cfb\u7edf-300x205.png 300w, http:\/\/nebula-b.com\/wp-content\/uploads\/2023\/12\/NES-5\u5bbd\u578b\u6c34\u5e73\u7535\u6cf3\u7cfb\u7edf-1024x698.png 1024w, http:\/\/nebula-b.com\/wp-content\/uploads\/2023\/12\/NES-5\u5bbd\u578b\u6c34\u5e73\u7535\u6cf3\u7cfb\u7edf-768x524.png 768w, http:\/\/nebula-b.com\/wp-content\/uploads\/2023\/12\/NES-5\u5bbd\u578b\u6c34\u5e73\u7535\u6cf3\u7cfb\u7edf-1536x1048.png 1536w, http:\/\/nebula-b.com\/wp-content\/uploads\/2023\/12\/NES-5\u5bbd\u578b\u6c34\u5e73\u7535\u6cf3\u7cfb\u7edf-2048x1397.png 2048w\" sizes=\"auto, (max-width: 2135px) 100vw, 2135px\" \/><\/span><\/figure><\/div>\n<\/div><\/div><\/div>\n\n\n\n<div class=\"wp-block-stackable-column stk-block-column stk-column stk-block stk-46359ed\" data-v=\"4\" data-block-id=\"46359ed\"><style>.stk-46359ed{align-self:center !important}<\/style><div class=\"stk-column-wrapper stk-block-column__content stk-container stk-46359ed-container stk--no-background stk--no-padding\"><div class=\"stk-block-content stk-inner-blocks stk-46359ed-inner-blocks\">\n<div class=\"wp-block-stackable-image stk-block-image stk-block stk-92800c8\" data-block-id=\"92800c8\"><figure><span class=\"stk-img-wrapper stk-image--shape-stretch\"><img alt=\"Sistemas de electroforesis horizontal\" loading=\"lazy\" decoding=\"async\" class=\"stk-img wp-image-333\" src=\"https:\/\/nebula-b.com\/wp-content\/uploads\/2024\/01\/NES-25.jpg\" width=\"1500\" height=\"1500\" srcset=\"http:\/\/nebula-b.com\/wp-content\/uploads\/2024\/01\/NES-25.jpg 1500w, http:\/\/nebula-b.com\/wp-content\/uploads\/2024\/01\/NES-25-300x300.jpg 300w, http:\/\/nebula-b.com\/wp-content\/uploads\/2024\/01\/NES-25-1024x1024.jpg 1024w, http:\/\/nebula-b.com\/wp-content\/uploads\/2024\/01\/NES-25-150x150.jpg 150w, http:\/\/nebula-b.com\/wp-content\/uploads\/2024\/01\/NES-25-768x768.jpg 768w\" sizes=\"auto, (max-width: 1500px) 100vw, 1500px\" \/><\/span><\/figure><\/div>\n<\/div><\/div><\/div>\n\n\n\n<div class=\"wp-block-stackable-column stk-block-column stk-column stk-block stk-8e5fc80\" data-v=\"4\" data-block-id=\"8e5fc80\"><style>.stk-8e5fc80{align-self:center !important}<\/style><div class=\"stk-column-wrapper stk-block-column__content stk-container stk-8e5fc80-container stk--no-background stk--no-padding\"><div class=\"stk-block-content stk-inner-blocks stk-8e5fc80-inner-blocks\">\n<div class=\"wp-block-stackable-image stk-block-image stk-block stk-f9c5a9b\" data-block-id=\"f9c5a9b\"><figure><span class=\"stk-img-wrapper stk-image--shape-stretch\"><img alt=\"Sistemas de electroforesis horizontal\" loading=\"lazy\" decoding=\"async\" class=\"stk-img wp-image-248\" src=\"https:\/\/nebula-b.com\/wp-content\/uploads\/2023\/12\/NES-mini\u5bbd\u578b\u7535\u6cf3.png\" width=\"1815\" height=\"850\" srcset=\"http:\/\/nebula-b.com\/wp-content\/uploads\/2023\/12\/NES-mini\u5bbd\u578b\u7535\u6cf3.png 1815w, http:\/\/nebula-b.com\/wp-content\/uploads\/2023\/12\/NES-mini\u5bbd\u578b\u7535\u6cf3-300x140.png 300w, http:\/\/nebula-b.com\/wp-content\/uploads\/2023\/12\/NES-mini\u5bbd\u578b\u7535\u6cf3-1024x480.png 1024w, http:\/\/nebula-b.com\/wp-content\/uploads\/2023\/12\/NES-mini\u5bbd\u578b\u7535\u6cf3-768x360.png 768w, http:\/\/nebula-b.com\/wp-content\/uploads\/2023\/12\/NES-mini\u5bbd\u578b\u7535\u6cf3-1536x719.png 1536w\" sizes=\"auto, (max-width: 1815px) 100vw, 1815px\" \/><\/span><\/figure><\/div>\n<\/div><\/div><\/div>\n<\/div><div class=\"stk-block-carousel__buttons\"><button class=\"stk-block-carousel__button stk-block-carousel__button__prev\" aria-label=\"Diapositiva anterior\"><svg aria-hidden=\"true\" focusable=\"false\" data-prefix=\"fas\" data-icon=\"chevron-left\" class=\"svg-inline--fa fa-chevron-left\" xmlns=\"http:\/\/www.w3.org\/2000\/svg\" viewbox=\"0 0 320 512\" width=\"32\" height=\"32\"><path d=\"M34.52 239.03L228.87 44.69c9.37-9.37 24.57-9.37 33.94 0l22.67 22.67c9.36 9.36 9.37 24.52.04 33.9L131.49 256l154.02 154.75c9.34 9.38 9.32 24.54-.04 33.9l-22.67 22.67c-9.37 9.37-24.57 9.37-33.94 0L34.52 272.97c-9.37-9.37-9.37-24.57 0-33.94z\"><\/path><\/svg><\/button><button class=\"stk-block-carousel__button stk-block-carousel__button__next\" aria-label=\"La siguiente diapositiva\"><svg aria-hidden=\"true\" focusable=\"false\" data-prefix=\"fas\" data-icon=\"chevron-right\" class=\"svg-inline--fa fa-chevron-right\" xmlns=\"http:\/\/www.w3.org\/2000\/svg\" viewbox=\"0 0 320 512\" width=\"32\" height=\"32\"><path d=\"M285.476 272.971L91.132 467.314c-9.373 9.373-24.569 9.373-33.941 0l-22.667-22.667c-9.357-9.357-9.375-24.522-.04-33.901L188.505 256 34.484 101.255c-9.335-9.379-9.317-24.544.04-33.901l22.667-22.667c9.373-9.373 24.569-9.373 33.941 0L285.475 239.03c9.373 9.372 9.373 24.568.001 33.941z\"><\/path><\/svg><\/button><\/div><\/div><div class=\"stk-block-carousel__dots\" role=\"list\" data-label=\"Slide %%d\"><\/div><\/div><\/div>\n<\/div>\n\n\n\n<div class=\"wp-block-column is-layout-flow wp-block-column-is-layout-flow\" style=\"border-style:none;border-width:0px;flex-basis:60%\">\n<p style=\"font-size:16px\"><strong>Caracter\u00edsticas<\/strong> <\/p>\n\n\n\n<p style=\"font-size:15px\">\u2727 Las flechas en el costado de la base indican la direcci\u00f3n de carrera, asegurando la correcta orientaci\u00f3n del gel;<br>\u2727 los electrodos etiquetados con c\u00f3digos de colores y la base etiquetada garantizan el correcto asiento de la tapa en la base;<br>\u2727 m\u00faltiples dise\u00f1os de seguridad eliminan posibles problemas de seguridad operativa;<br>\u2727 la construcci\u00f3n de pl\u00e1stico transparente permite la visualizaci\u00f3n de muestras;<br>\u2727 hay dos indicadores de direcci\u00f3n horizontales y perillas en las cuatro esquinas de la bandeja de gel de NES-5 y NES-Mini para mantenerla nivelada; \u2727 las bandejas de gel de NES-5 y NES-Mini se pueden colocar directamente sobre el transiluminador UV.<\/p>\n<\/div>\n<\/div>\n\n\n\n<p><strong>Par\u00e1metros<\/strong><\/p>\n\n\n\n<figure class=\"wp-block-table is-style-stripes\"><table><tbody><tr><td><strong>Modelo<\/strong><\/td><td><strong>NES-25<br><\/strong>Gran sistema de electroforesis horizontal.<\/td><td><strong>NES-5<br><\/strong>Amplio sistema de electroforesis horizontal.<\/td><td><strong>NES-Mini<br><\/strong>Mini sistema de electroforesis horizontal<\/td><\/tr><tr><td><strong>Tama\u00f1o del gel<\/strong><\/td><td>250 \u00d7 240 mm<\/td><td>Ambos lados del soporte de fundici\u00f3n de gel est\u00e1n disponibles. Se pueden moldear 2 geles con un tama\u00f1o de 70*70 mm y 2 geles con un tama\u00f1o de 70*100 mm, o 1 gel de 150*70 mm y 1 gel con un tama\u00f1o de 150*100 mm.<\/td><td>Ambos lados del soporte de fundici\u00f3n de gel est\u00e1n disponibles. Se pueden moldear 4 geles una vez, 2 geles con un tama\u00f1o de 70\u00d770 mm y 2 geles con un tama\u00f1o de 70\u00d7100 mm.<\/td><\/tr><tr><td><strong>Especificaci\u00f3n del peine<\/strong><\/td><td>1,0 mm y 2,0 mm de espesor; Peine de 52 pocillos, 42 pocillos y 26 pocillos.<\/td><td>Peine de 15 pocillos de 0,75 mm de espesor y 7 cm de largo, gel de 9,7 ul\/5 mm;<br>Peine de 15 pocillos de 1,5 mm y 7 cm de largo, gel de 19,4 ul\/5 mm;<br>Peine de 8 pocillos de 1,5 mm y 7 cm de largo, gel de 41,6 ul\/5 mm;<br>peine de 3 pocillos de 1,5 mm y 7 cm de largo, gel de 152,4 y 37,5 ul\/5 mm;<br>Peine de 28 pocillos de 0,75 mm y 15 cm de largo, gel de 10,9 ul\/5 mm;<br>Peine de 28 pocillos de 1,5 mm de espesor y 15 cm de largo, gel de 21,83 ul\/5 mm;<br>1,5 mm de espesor y 15 cm de largo, 20 pocillos, gel de 36,3 ul\/5 mm;<br>Peine de 15 pocillos de 1,5 mm de grosor y 15 cm de largo, gel de 41,4 ul\/5 mm.<\/td><td>Peine de 15 pocillos de 0,75 mm de espesor y 7 cm de largo, gel de 9,7 ul\/5 mm;<br>Peine de 15 pocillos de 1,5 mm de espesor y 7 cm de largo, gel de 19,4 ul\/5 mm;<br>Peine de 8 pocillos de 1,5 mm de espesor y 7 cm de largo, gel de 41,6 ul\/5 mm;<br>Peine de 3 pocillos de 1,5 mm de espesor y 7 cm de largo, gel de 152,4 y 37,5 ul\/5 mm.<br><br><\/td><\/tr><tr><td><strong>N\u00famero de peines<\/strong><\/td><td>2 para cada tama\u00f1o, total 12 peines<\/td><td>1 para cada tama\u00f1o, total 8 peines<\/td><td>1 para cada tama\u00f1o, total 4 peines<\/td><\/tr><tr><td><strong>Especificaci\u00f3n de las bandejas.<\/strong><\/td><td>250 \u00d7 240 mm, 1 pieza<\/td><td>70 \u00d7 70 mm, 2 piezas;<br>70 \u00d7 100 mm, 2 piezas;<br>150 \u00d7 70 mm, 1 pieza;<br>170 \u00d7 100 mm, 1 pieza.<\/td><td>70 \u00d7 70 mm, 1 pieza;<br>70 \u00d7 100 mm, 1 pieza.<\/td><\/tr><tr><td><strong>Disponibilidad de ambos lados de la bandeja.<\/strong><\/td><td>No<\/td><td>S\u00ed<\/td><td>S\u00ed<\/td><\/tr><tr><td><strong>Volumen de b\u00fafer<\/strong><\/td><td>1000ml<\/td><td>500ml<\/td><td>270ml<\/td><\/tr><tr><td><strong>electrodo de platino<\/strong><\/td><td>\u00f8 0,3 mm<\/td><td>\u00f8 0,3 mm<\/td><td>\u00f8 0,3 mm<\/td><\/tr><tr><td><strong>Dimensi\u00f3n global<\/strong><\/td><td>430 \u00d7 310 \u00d7 140 mm<\/td><td>178 \u00d7 255 \u00d7 68 mm<\/td><td>90 \u00d7 255 \u00d7 56 mm<\/td><\/tr><tr><td><\/td><td><\/td><td><\/td><td><\/td><\/tr><\/tbody><\/table><\/figure>","protected":false},"excerpt":{"rendered":"<p>Features \u2727 Arrows on the side of the base indicate the running direction, ensuring the correct orientation of the gel;\u2727 color-coded labeled electrodes and labeled base ensure correct seating of the lid on the base;\u2727 multiple safety designs eliminate possible operational safety issues;\u2727 transparent plastic construction allows for viewing of samples;\u2727 there are two horizontal&hellip;&nbsp;<a href=\"http:\/\/nebula-b.com\/es\/sistemas-de-electroforesis-horizontal\/\" class=\"\" rel=\"bookmark\">Leer m\u00e1s \u00bb<span class=\"screen-reader-text\">Sistemas de electroforesis horizontal<\/span><\/a><\/p>","protected":false},"author":2,"featured_media":0,"parent":0,"menu_order":0,"comment_status":"closed","ping_status":"closed","template":"","meta":{"_uag_custom_page_level_css":"","ub_ctt_via":"","neve_meta_sidebar":"","neve_meta_container":"","neve_meta_enable_content_width":"","neve_meta_content_width":0,"neve_meta_title_alignment":"","neve_meta_author_avatar":"","neve_post_elements_order":"","neve_meta_disable_header":"","neve_meta_disable_footer":"","neve_meta_disable_title":"","_themeisle_gutenberg_block_has_review":false,"footnotes":""},"class_list":["post-264","page","type-page","status-publish","hentry"],"featured_image_src":null,"uagb_featured_image_src":{"full":false,"thumbnail":false,"medium":false,"medium_large":false,"large":false,"1536x1536":false,"2048x2048":false,"trp-custom-language-flag":false,"neve-blog":false},"uagb_author_info":{"display_name":"liu, stacey","author_link":"http:\/\/nebula-b.com\/es\/author\/stacey\/"},"uagb_comment_info":0,"uagb_excerpt":"Features \u2727 Arrows on the side of the base indicate the running direction, ensuring the correct orientation of the gel;\u2727 color-coded labeled electrodes and labeled base ensure correct seating of the lid on the base;\u2727 multiple safety designs eliminate possible operational safety issues;\u2727 transparent plastic construction allows for viewing of samples;\u2727 there are two horizontal&hellip;&nbsp;Leer&hellip;","_links":{"self":[{"href":"http:\/\/nebula-b.com\/es\/wp-json\/wp\/v2\/pages\/264","targetHints":{"allow":["GET"]}}],"collection":[{"href":"http:\/\/nebula-b.com\/es\/wp-json\/wp\/v2\/pages"}],"about":[{"href":"http:\/\/nebula-b.com\/es\/wp-json\/wp\/v2\/types\/page"}],"author":[{"embeddable":true,"href":"http:\/\/nebula-b.com\/es\/wp-json\/wp\/v2\/users\/2"}],"replies":[{"embeddable":true,"href":"http:\/\/nebula-b.com\/es\/wp-json\/wp\/v2\/comments?post=264"}],"version-history":[{"count":4,"href":"http:\/\/nebula-b.com\/es\/wp-json\/wp\/v2\/pages\/264\/revisions"}],"predecessor-version":[{"id":2050,"href":"http:\/\/nebula-b.com\/es\/wp-json\/wp\/v2\/pages\/264\/revisions\/2050"}],"wp:attachment":[{"href":"http:\/\/nebula-b.com\/es\/wp-json\/wp\/v2\/media?parent=264"}],"curies":[{"name":"wp","href":"https:\/\/api.w.org\/{rel}","templated":true}]}}