{"id":2300,"date":"2024-05-15T17:55:07","date_gmt":"2024-05-15T09:55:07","guid":{"rendered":"https:\/\/nebula-b.com\/?page_id=2300"},"modified":"2024-05-15T18:32:13","modified_gmt":"2024-05-15T10:32:13","slug":"micro-spectrophotometer","status":"publish","type":"page","link":"http:\/\/nebula-b.com\/es\/micro-espectrofotometro\/","title":{"rendered":"Micro espectrofot\u00f3metro"},"content":{"rendered":"<div class=\"wp-block-columns has-small-font-size is-layout-flex wp-container-core-columns-is-layout-b934f1a7 wp-block-columns-is-layout-flex\" style=\"border-style:none;border-width:0px;border-radius:0px;padding-top:0;padding-right:var(--wp--preset--spacing--20);padding-bottom:0;padding-left:var(--wp--preset--spacing--20)\">\n<div class=\"wp-block-column is-layout-flow wp-block-column-is-layout-flow\" style=\"flex-basis:40%\">\n<div class=\"wp-block-stackable-carousel stk-block-carousel stk--is-slide stk--arrows-justify-space-between stk--arrows-align-center stk-block stk-9336aea\" data-slides-to-show=\"\" data-block-id=\"9336aea\"><div class=\"stk-block-carousel__content-wrapper\"><div class=\"stk-row stk-inner-blocks stk-block-content stk-block-carousel__slider-wrapper stk-content-align stk-9336aea-column\"><div class=\"stk-block-carousel__slider\" role=\"list\" data-autoplay=\"4000\" data-label-slide-of=\"Slide %%d of %%d\">\n<div class=\"wp-block-stackable-column stk-block-column stk-column stk-block stk-e7af2ca\" data-v=\"4\" data-block-id=\"e7af2ca\"><style>.stk-e7af2ca{align-self:center !important}<\/style><div class=\"stk-column-wrapper stk-block-column__content stk-container stk-e7af2ca-container stk--no-background stk--no-padding\"><div class=\"stk-block-content stk-inner-blocks stk-e7af2ca-inner-blocks\">\n<div class=\"wp-block-stackable-image stk-block-image stk-block stk-d699d7e\" data-block-id=\"d699d7e\"><figure><span class=\"stk-img-wrapper stk-image--shape-stretch\"><img loading=\"lazy\" decoding=\"async\" class=\"stk-img wp-image-2301\" src=\"https:\/\/nebula-b.com\/wp-content\/uploads\/2024\/05\/1-1.png\" width=\"663\" height=\"469\" alt=\"tanque de electroforesis\" srcset=\"http:\/\/nebula-b.com\/wp-content\/uploads\/2024\/05\/1-1.png 663w, http:\/\/nebula-b.com\/wp-content\/uploads\/2024\/05\/1-1-256x181.png 256w, http:\/\/nebula-b.com\/wp-content\/uploads\/2024\/05\/1-1-18x12.png 18w\" sizes=\"auto, (max-width: 663px) 100vw, 663px\" \/><\/span><\/figure><\/div>\n<\/div><\/div><\/div>\n\n\n\n<div class=\"wp-block-stackable-column stk-block-column stk-column stk-block stk-46359ed\" data-v=\"4\" data-block-id=\"46359ed\"><style>.stk-46359ed{align-self:center !important}<\/style><div class=\"stk-column-wrapper stk-block-column__content stk-container stk-46359ed-container stk--no-background stk--no-padding\"><div class=\"stk-block-content stk-inner-blocks stk-46359ed-inner-blocks\">\n<div class=\"wp-block-stackable-image stk-block-image stk-block stk-92800c8\" data-block-id=\"92800c8\"><figure><span class=\"stk-img-wrapper stk-image--shape-stretch\"><img loading=\"lazy\" decoding=\"async\" class=\"stk-img wp-image-2310\" src=\"https:\/\/nebula-b.com\/wp-content\/uploads\/2024\/05\/2-1.png\" width=\"805\" height=\"713\" alt=\"espectrofot\u00f3metro autom\u00e1tico\" srcset=\"http:\/\/nebula-b.com\/wp-content\/uploads\/2024\/05\/2-1.png 805w, http:\/\/nebula-b.com\/wp-content\/uploads\/2024\/05\/2-1-256x227.png 256w, http:\/\/nebula-b.com\/wp-content\/uploads\/2024\/05\/2-1-768x680.png 768w, http:\/\/nebula-b.com\/wp-content\/uploads\/2024\/05\/2-1-14x12.png 14w\" sizes=\"auto, (max-width: 805px) 100vw, 805px\" \/><\/span><\/figure><\/div>\n<\/div><\/div><\/div>\n<\/div><div class=\"stk-block-carousel__buttons\"><button class=\"stk-block-carousel__button stk-block-carousel__button__prev\" aria-label=\"Diapositiva anterior\"><svg aria-hidden=\"true\" focusable=\"false\" data-prefix=\"fas\" data-icon=\"chevron-left\" class=\"svg-inline--fa fa-chevron-left\" xmlns=\"http:\/\/www.w3.org\/2000\/svg\" viewbox=\"0 0 320 512\" width=\"32\" height=\"32\"><path d=\"M34.52 239.03L228.87 44.69c9.37-9.37 24.57-9.37 33.94 0l22.67 22.67c9.36 9.36 9.37 24.52.04 33.9L131.49 256l154.02 154.75c9.34 9.38 9.32 24.54-.04 33.9l-22.67 22.67c-9.37 9.37-24.57 9.37-33.94 0L34.52 272.97c-9.37-9.37-9.37-24.57 0-33.94z\"><\/path><\/svg><\/button><button class=\"stk-block-carousel__button stk-block-carousel__button__next\" aria-label=\"La siguiente diapositiva\"><svg aria-hidden=\"true\" focusable=\"false\" data-prefix=\"fas\" data-icon=\"chevron-right\" class=\"svg-inline--fa fa-chevron-right\" xmlns=\"http:\/\/www.w3.org\/2000\/svg\" viewbox=\"0 0 320 512\" width=\"32\" height=\"32\"><path d=\"M285.476 272.971L91.132 467.314c-9.373 9.373-24.569 9.373-33.941 0l-22.667-22.667c-9.357-9.357-9.375-24.522-.04-33.901L188.505 256 34.484 101.255c-9.335-9.379-9.317-24.544.04-33.901l22.667-22.667c9.373-9.373 24.569-9.373 33.941 0L285.475 239.03c9.373 9.372 9.373 24.568.001 33.941z\"><\/path><\/svg><\/button><\/div><\/div><div class=\"stk-block-carousel__dots\" role=\"list\" data-label=\"Slide %%d\"><\/div><\/div><\/div>\n<\/div>\n\n\n\n<div class=\"wp-block-column is-layout-flow wp-block-column-is-layout-flow\" style=\"border-style:none;border-width:0px;flex-basis:60%\">\n<p style=\"font-size:16px\"><strong>Caracter\u00edsticas<\/strong> <\/p>\n\n\n\n<p style=\"font-size:15px\">\u2727 Sistema operativo Android amigable, pantalla t\u00e1ctil de 7 pulgadas;<br>\u2727 Ranura para cubeta disponible para prueba de concentraci\u00f3n de bacterias\/microbios;<br>\u2727 Solo se solicita un volumen de muestra de 0,5 \uff5e 2 \u03bcl, que se puede reciclar despu\u00e9s de la prueba, ideal para muestras preciosas\uff1b<br>\u2727 Medici\u00f3n sin diluci\u00f3n, visualizaci\u00f3n del resultado de la prueba y lectura sencilla;<br>\u2727 L\u00e1mpara de flash de xen\u00f3n de larga duraci\u00f3n;<br>\u2727 Salida USB de datos r\u00e1pida y confiable para an\u00e1lisis.\uff1b<br>\u2727 No se requiere computadora para la medici\u00f3n y el almacenamiento de datos;<br>\u2727 Se pueden generar im\u00e1genes y tablas de Excel.<\/p>\n<\/div>\n<\/div>\n\n\n\n<p><strong>Aplicaciones:<\/strong><\/p>\n\n\n\n<p>Cuantificaci\u00f3n de \u00e1cidos nucleicos;<br>Cuantificaci\u00f3n de prote\u00ednas;<br>Cuantificaci\u00f3n de las concentraciones de crecimiento bacteriano.<\/p>\n\n\n\n<p><strong>Par\u00e1metros:<\/strong><\/p>\n\n\n\n<figure class=\"wp-block-table is-style-stripes\"><table class=\"has-fixed-layout\"><tbody><tr><td>N \u00ba de Modelo. <\/td><td>Q-3000<\/td><\/tr><tr><td>Longitud de onda <\/td><td>200~800nm; cubeta (OD600): 600\u00b18nm<\/td><\/tr><tr><td>Volumen de la muestra <\/td><td>0,5 \uff5e 2,0 ul<\/td><\/tr><tr><td>Longitud de la trayectoria <\/td><td>0,05 mm; 0,2 mm; 1,0 mm<\/td><\/tr><tr><td>Detector <\/td><td>Matriz CCD de silicio lineal de 2048 elementos<\/td><\/tr><tr><td>Precisi\u00f3n de longitud de onda <\/td><td>\u00b11nm<\/td><\/tr><tr><td>Resoluci\u00f3n espectral<\/td><td> \u2264 3 nm (FWHM a Hg 546 nm)<\/td><\/tr><tr><td>Precisi\u00f3n de absorbancia<\/td><td>0.003ABS<\/td><\/tr><tr><td>Precisi\u00f3n de absorbancia <\/td><td>\u00b11%\uff087.332 ABS a 260 nm)<\/td><\/tr><tr><td>Rango de absorbancia (igual a 10 mm) <\/td><td>0,02-300A; Cubeta (OD600): 0~12A<\/td><\/tr><tr><td>Tiempo de medici\u00f3n <\/td><td>&lt; 6S<\/td><\/tr><tr><td>Gama de \u00e1cidos nucleicos<\/td><td> 2~15000ng\/ul(ADNbc)<\/td><\/tr><tr><td>pedestal de muestra <\/td><td>Acero inoxidable 304 y fibra de cuarzo.<\/td><\/tr><tr><td>Sistema operativo <\/td><td>Androide<\/td><\/tr><tr><td>Dimensi\u00f3n exterior <\/td><td>270*210*196mm<\/td><\/tr><tr><td>Peso <\/td><td>3,5 kilos<\/td><\/tr><\/tbody><\/table><\/figure>","protected":false},"excerpt":{"rendered":"<p>Features \u2727 Friendly Android operation system, 7-inch touched screen\uff1b\u2727 Cuvette slot available for bacteria\/microbe concentration test\uff1b\u2727 Only 0.5 \uff5e 2\u03bcl sample volume requested, which can be recycled after test, ideal for precious samples\uff1b\u2727 Measurement without dilution, test result display and read easily\uff1b\u2727 Long life\u2019s Xenon flash lamp\uff1b\u2727 Reliable and quick data USB output for analysis.\uff1b\u2727&hellip;&nbsp;<a href=\"http:\/\/nebula-b.com\/es\/micro-espectrofotometro\/\" class=\"\" rel=\"bookmark\">Leer m\u00e1s \u00bb<span class=\"screen-reader-text\">Micro espectrofot\u00f3metro<\/span><\/a><\/p>","protected":false},"author":2,"featured_media":0,"parent":0,"menu_order":0,"comment_status":"closed","ping_status":"closed","template":"","meta":{"_uag_custom_page_level_css":"","ub_ctt_via":"","neve_meta_sidebar":"","neve_meta_container":"","neve_meta_enable_content_width":"","neve_meta_content_width":0,"neve_meta_title_alignment":"","neve_meta_author_avatar":"","neve_post_elements_order":"","neve_meta_disable_header":"","neve_meta_disable_footer":"","neve_meta_disable_title":"","_themeisle_gutenberg_block_has_review":false,"footnotes":""},"class_list":["post-2300","page","type-page","status-publish","hentry"],"featured_image_src":null,"uagb_featured_image_src":{"full":false,"thumbnail":false,"medium":false,"medium_large":false,"large":false,"1536x1536":false,"2048x2048":false,"trp-custom-language-flag":false,"neve-blog":false},"uagb_author_info":{"display_name":"liu, stacey","author_link":"http:\/\/nebula-b.com\/es\/author\/stacey\/"},"uagb_comment_info":0,"uagb_excerpt":"Features \u2727 Friendly Android operation system, 7-inch touched screen\uff1b\u2727 Cuvette slot available for bacteria\/microbe concentration test\uff1b\u2727 Only 0.5 \uff5e 2\u03bcl sample volume requested, which can be recycled after test, ideal for precious samples\uff1b\u2727 Measurement without dilution, test result display and read easily\uff1b\u2727 Long life\u2019s Xenon flash lamp\uff1b\u2727 Reliable and quick data USB output for analysis.\uff1b\u2727&hellip;&nbsp;Leer&hellip;","_links":{"self":[{"href":"http:\/\/nebula-b.com\/es\/wp-json\/wp\/v2\/pages\/2300","targetHints":{"allow":["GET"]}}],"collection":[{"href":"http:\/\/nebula-b.com\/es\/wp-json\/wp\/v2\/pages"}],"about":[{"href":"http:\/\/nebula-b.com\/es\/wp-json\/wp\/v2\/types\/page"}],"author":[{"embeddable":true,"href":"http:\/\/nebula-b.com\/es\/wp-json\/wp\/v2\/users\/2"}],"replies":[{"embeddable":true,"href":"http:\/\/nebula-b.com\/es\/wp-json\/wp\/v2\/comments?post=2300"}],"version-history":[{"count":1,"href":"http:\/\/nebula-b.com\/es\/wp-json\/wp\/v2\/pages\/2300\/revisions"}],"predecessor-version":[{"id":2313,"href":"http:\/\/nebula-b.com\/es\/wp-json\/wp\/v2\/pages\/2300\/revisions\/2313"}],"wp:attachment":[{"href":"http:\/\/nebula-b.com\/es\/wp-json\/wp\/v2\/media?parent=2300"}],"curies":[{"name":"wp","href":"https:\/\/api.w.org\/{rel}","templated":true}]}}