{"id":2280,"date":"2024-05-15T16:51:26","date_gmt":"2024-05-15T08:51:26","guid":{"rendered":"https:\/\/nebula-b.com\/?page_id=2280"},"modified":"2024-05-15T17:56:21","modified_gmt":"2024-05-15T09:56:21","slug":"scanning-uv-visible-spectrophotometer","status":"publish","type":"page","link":"http:\/\/nebula-b.com\/es\/espectrofotometro-visible-ultravioleta-de-escaneo\/","title":{"rendered":"Espectrofot\u00f3metros de escaneo UV-visible"},"content":{"rendered":"<div class=\"wp-block-columns has-small-font-size is-layout-flex wp-container-core-columns-is-layout-b934f1a7 wp-block-columns-is-layout-flex\" style=\"border-style:none;border-width:0px;border-radius:0px;padding-top:0;padding-right:var(--wp--preset--spacing--20);padding-bottom:0;padding-left:var(--wp--preset--spacing--20)\">\n<div class=\"wp-block-column is-layout-flow wp-block-column-is-layout-flow\" style=\"flex-basis:40%\">\n<div class=\"wp-block-stackable-carousel stk-block-carousel stk--is-slide stk--arrows-justify-space-between stk--arrows-align-center stk-block stk-9336aea\" data-slides-to-show=\"\" data-block-id=\"9336aea\"><div class=\"stk-block-carousel__content-wrapper\"><div class=\"stk-row stk-inner-blocks stk-block-content stk-block-carousel__slider-wrapper stk-content-align stk-9336aea-column\"><div class=\"stk-block-carousel__slider\" role=\"list\" data-autoplay=\"4000\" data-label-slide-of=\"Slide %%d of %%d\">\n<div class=\"wp-block-stackable-column stk-block-column stk-column stk-block stk-e7af2ca\" data-v=\"4\" data-block-id=\"e7af2ca\"><style>.stk-e7af2ca{align-self:center !important}<\/style><div class=\"stk-column-wrapper stk-block-column__content stk-container stk-e7af2ca-container stk--no-background stk--no-padding\"><div class=\"stk-block-content stk-inner-blocks stk-e7af2ca-inner-blocks\">\n<div class=\"wp-block-stackable-image stk-block-image stk-block stk-d699d7e\" data-block-id=\"d699d7e\"><figure><span class=\"stk-img-wrapper stk-image--shape-stretch\"><img loading=\"lazy\" decoding=\"async\" class=\"stk-img wp-image-2282\" src=\"https:\/\/nebula-b.com\/wp-content\/uploads\/2024\/05\/DSC_2560-1.jpg\" width=\"612\" height=\"408\" alt=\"tanque de electroforesis\" srcset=\"http:\/\/nebula-b.com\/wp-content\/uploads\/2024\/05\/DSC_2560-1.jpg 612w, http:\/\/nebula-b.com\/wp-content\/uploads\/2024\/05\/DSC_2560-1-256x171.jpg 256w, http:\/\/nebula-b.com\/wp-content\/uploads\/2024\/05\/DSC_2560-1-18x12.jpg 18w\" sizes=\"auto, (max-width: 612px) 100vw, 612px\" \/><\/span><\/figure><\/div>\n<\/div><\/div><\/div>\n\n\n\n<div class=\"wp-block-stackable-column stk-block-column stk-column stk-block stk-46359ed\" data-v=\"4\" data-block-id=\"46359ed\"><style>.stk-46359ed{align-self:center !important}<\/style><div class=\"stk-column-wrapper stk-block-column__content stk-container stk-46359ed-container stk--no-background stk--no-padding\"><div class=\"stk-block-content stk-inner-blocks stk-46359ed-inner-blocks\">\n<div class=\"wp-block-stackable-image stk-block-image stk-block stk-92800c8\" data-block-id=\"92800c8\"><figure><span class=\"stk-img-wrapper stk-image--shape-stretch\"><img loading=\"lazy\" decoding=\"async\" class=\"stk-img wp-image-2283\" src=\"https:\/\/nebula-b.com\/wp-content\/uploads\/2024\/05\/dual-beam-UV-visible-scan-spectrophotometer.jpg\" width=\"612\" height=\"408\" alt=\"espectrofot\u00f3metro autom\u00e1tico\" srcset=\"http:\/\/nebula-b.com\/wp-content\/uploads\/2024\/05\/dual-beam-UV-visible-scan-spectrophotometer.jpg 612w, http:\/\/nebula-b.com\/wp-content\/uploads\/2024\/05\/dual-beam-UV-visible-scan-spectrophotometer-256x171.jpg 256w, http:\/\/nebula-b.com\/wp-content\/uploads\/2024\/05\/dual-beam-UV-visible-scan-spectrophotometer-18x12.jpg 18w\" sizes=\"auto, (max-width: 612px) 100vw, 612px\" \/><\/span><\/figure><\/div>\n<\/div><\/div><\/div>\n\n\n\n<div class=\"wp-block-stackable-column stk-block-column stk-column stk-block stk-8e5fc80\" data-v=\"4\" data-block-id=\"8e5fc80\"><style>.stk-8e5fc80{align-self:center !important}<\/style><div class=\"stk-column-wrapper stk-block-column__content stk-container stk-8e5fc80-container stk--no-background stk--no-padding\"><div class=\"stk-block-content stk-inner-blocks stk-8e5fc80-inner-blocks\">\n<div class=\"wp-block-stackable-image stk-block-image stk-block stk-f9c5a9b\" data-block-id=\"f9c5a9b\"><figure><span class=\"stk-img-wrapper stk-image--shape-stretch\"><img loading=\"lazy\" decoding=\"async\" class=\"stk-img wp-image-2284\" src=\"https:\/\/nebula-b.com\/wp-content\/uploads\/2024\/05\/interface1.jpg\" width=\"1024\" height=\"600\" alt=\"espectrofot\u00f3metro-visible-manual\" srcset=\"http:\/\/nebula-b.com\/wp-content\/uploads\/2024\/05\/interface1.jpg 1024w, http:\/\/nebula-b.com\/wp-content\/uploads\/2024\/05\/interface1-256x150.jpg 256w, http:\/\/nebula-b.com\/wp-content\/uploads\/2024\/05\/interface1-768x450.jpg 768w, http:\/\/nebula-b.com\/wp-content\/uploads\/2024\/05\/interface1-18x12.jpg 18w\" sizes=\"auto, (max-width: 1024px) 100vw, 1024px\" \/><\/span><\/figure><\/div>\n<\/div><\/div><\/div>\n<\/div><div class=\"stk-block-carousel__buttons\"><button class=\"stk-block-carousel__button stk-block-carousel__button__prev\" aria-label=\"Diapositiva anterior\"><svg aria-hidden=\"true\" focusable=\"false\" data-prefix=\"fas\" data-icon=\"chevron-left\" class=\"svg-inline--fa fa-chevron-left\" xmlns=\"http:\/\/www.w3.org\/2000\/svg\" viewbox=\"0 0 320 512\" width=\"32\" height=\"32\"><path d=\"M34.52 239.03L228.87 44.69c9.37-9.37 24.57-9.37 33.94 0l22.67 22.67c9.36 9.36 9.37 24.52.04 33.9L131.49 256l154.02 154.75c9.34 9.38 9.32 24.54-.04 33.9l-22.67 22.67c-9.37 9.37-24.57 9.37-33.94 0L34.52 272.97c-9.37-9.37-9.37-24.57 0-33.94z\"><\/path><\/svg><\/button><button class=\"stk-block-carousel__button stk-block-carousel__button__next\" aria-label=\"La siguiente diapositiva\"><svg aria-hidden=\"true\" focusable=\"false\" data-prefix=\"fas\" data-icon=\"chevron-right\" class=\"svg-inline--fa fa-chevron-right\" xmlns=\"http:\/\/www.w3.org\/2000\/svg\" viewbox=\"0 0 320 512\" width=\"32\" height=\"32\"><path d=\"M285.476 272.971L91.132 467.314c-9.373 9.373-24.569 9.373-33.941 0l-22.667-22.667c-9.357-9.357-9.375-24.522-.04-33.901L188.505 256 34.484 101.255c-9.335-9.379-9.317-24.544.04-33.901l22.667-22.667c9.373-9.373 24.569-9.373 33.941 0L285.475 239.03c9.373 9.372 9.373 24.568.001 33.941z\"><\/path><\/svg><\/button><\/div><\/div><div class=\"stk-block-carousel__dots\" role=\"list\" data-label=\"Slide %%d\"><\/div><\/div><\/div>\n<\/div>\n\n\n\n<div class=\"wp-block-column is-layout-flow wp-block-column-is-layout-flow\" style=\"border-style:none;border-width:0px;flex-basis:60%\">\n<p style=\"font-size:16px\"><strong>Caracter\u00edsticas<\/strong> <\/p>\n\n\n\n<p style=\"font-size:15px\">\u2727 Con el sistema de control de temperatura de la muestra, la temperatura de la muestra se puede controlar entre -5 \u2103 ~ 200 \u2103;<br>\u2727 El mecanismo de correcci\u00f3n de la fuente de luz permitir\u00e1 que el instrumento coloque la fuente de luz en la mejor posici\u00f3n durante la autoprueba. Esta funci\u00f3n puede reparar la desviaci\u00f3n de la posici\u00f3n de enfoque de la fuente de luz debido a la vibraci\u00f3n durante el transporte del instrumento. Los usuarios no necesitan realizar depuraciones despu\u00e9s de reemplazar ellos mismos la fuente de luz;<br>\u2727 El dise\u00f1o del sistema \u00f3ptico y el dise\u00f1o del sistema de control de circuitos son rigurosos y la selecci\u00f3n y selecci\u00f3n de componentes est\u00e1n estrictamente controladas. Este instrumento tiene altos est\u00e1ndares de precisi\u00f3n, repetibilidad, bajo ruido y poca luz par\u00e1sita;<br>\u2727 La c\u00e1mara de muestras abierta se puede equipar con gradillas de muestras de reflexi\u00f3n opcionales, gradillas autom\u00e1ticas de celdas de muestras de 5, 6 y 8 enlaces, gradillas de muestras s\u00f3lidas, ba\u00f1os de agua a temperatura constante y muestreadores autom\u00e1ticos.<\/p>\n<\/div>\n<\/div>\n\n\n\n<p><strong>Aplicaciones:<\/strong><\/p>\n\n\n\n<p>Mediciones fotom\u00e9tricas;<br>Medici\u00f3n cuantitativa;<br>Medici\u00f3n cualitativa (escaneo de longitud de onda);<br>an\u00e1lisis cin\u00e9tico;<br>mediciones de ADN\/prote\u00ednas;<br>Medici\u00f3n de m\u00faltiples longitudes de onda.<\/p>\n\n\n\n<p><strong>Par\u00e1metros:<\/strong><\/p>\n\n\n\n<figure class=\"wp-block-table is-style-stripes\"><table class=\"has-fixed-layout\"><tbody><tr><td><strong>N \u00ba de Modelo. <\/strong><\/td><td><strong>D-8<\/strong><\/td><td><strong>D-8S<\/strong><\/td><td><strong>D-8Pro<\/strong><\/td><\/tr><tr><td><strong>Ancho de hendidura <\/strong><\/td><td>2 nm y 4 nm opcionales <\/td><td>0,5 nm, 1 nm, 2 nm, 4 nm y 5 nm ajustables <\/td><td>2 nm y 4 nm opcionales<\/td><\/tr><tr><td><strong>Sistema de iluminaci\u00f3n <\/strong><\/td><td>Haz proporcional\/cuasi dual<\/td><td>Haz proporcional\/cuasi dual<\/td><td>Haz proporcional\/cuasi dual<\/td><\/tr><tr><td><strong>Rango de onda<\/strong><\/td><td>190~1100nm <br>(\u00e1rea UV de 190-339,9 nm; <br>\u00c1rea visible de 340-1100 nm)<\/td><td>190~1100nm <br>(\u00e1rea UV de 190-339,9 nm; <br>\u00c1rea visible de 340-1100 nm)<\/td><td>190~1100nm <br>(\u00e1rea UV de 190-339,9 nm; <br>\u00c1rea visible de 340-1100 nm)<\/td><\/tr><tr><td><strong>Precisi\u00f3n de longitud de onda<\/strong><\/td><td>\u00b10,3 nm<\/td><td>\u00b10,3 nm<\/td><td>\u00b10,3 nm<\/td><\/tr><tr><td><strong>Tasa de repetici\u00f3n de longitud de onda <\/strong><\/td><td>\u00b10,2 nm<\/td><td>\u00b10,2 nm<\/td><td>\u00b10,2 nm<\/td><\/tr><tr><td><strong>Resoluci\u00f3n de longitud de onda &nbsp;<\/strong><\/td><td>0,1 nm<\/td><td>0,1 nm<\/td><td>0,1 nm<\/td><\/tr><tr><td><strong>rango fotom\u00e9trico <\/strong><\/td><td>-4~4 ABS<\/td><td>-4~4 ABS<\/td><td>-4~4 ABS<\/td><\/tr><tr><td><strong>Precisi\u00f3n fotom\u00e9trica <\/strong><\/td><td>\u00b10,3%T (0~100%T)<\/td><td>\u00b10,3%T (0~100%T)<\/td><td>\u00b10,3%T (0~100%T)<\/td><\/tr><tr><td><strong>Repetibilidad fotom\u00e9trica <\/strong><\/td><td>\u00b10,1%T (0~100%T)<\/td><td>\u00b10,1%T (0~100%T)<\/td><td>\u00b10,1%T (0~100%T)<\/td><\/tr><tr><td><strong>Luz extraviada <\/strong><\/td><td>\u22640,05%T<\/td><td>\u22640,05%T<\/td><td>\u22640,05%T<\/td><\/tr><tr><td><strong>Rectitud de la l\u00ednea base<\/strong><\/td><td>\u00b10.002A<\/td><td>\u00b10.002A<\/td><td>\u00b10.002A<\/td><\/tr><tr><td><strong>Estabilidad <\/strong><\/td><td>\u00b10,001 A\/h a 500 nm, 0 A<\/td><td>\u00b10,001 A\/h a 500 nm, 0 A<\/td><td>\u00b10,001 A\/h a 500 nm, 0 A<\/td><\/tr><tr><td><strong>Ruido fotom\u00e9trico<\/strong><\/td><td>\u00b10.001A<\/td><td>\u00b10.001A<\/td><td>\u00b10.001A<\/td><\/tr><tr><td><strong>Mostrar <\/strong>&nbsp;<\/td><td>Pantalla LCD con pantalla gr\u00e1fica de 320*240<\/td><td>Pantalla LCD con pantalla gr\u00e1fica de 320*240<\/td><td>Pantalla LCD colorida de 10,1 pulgadas<\/td><\/tr><tr><td><strong>Salida de datos <\/strong><\/td><td>Con\u00e9ctese a la salida de software de nivel superior y exporte datos de una unidad flash USB<\/td><td>Con\u00e9ctese a la salida de software de nivel superior y exporte datos de una unidad flash USB<\/td><td>Con\u00e9ctese a la salida de software de nivel superior y exporte datos de una unidad flash USB<\/td><\/tr><tr><td><strong>Software anticontrol para PC<\/strong><\/td><td>Opcional<\/td><td>Opcional<\/td><td>Opcional<\/td><\/tr><tr><td><strong>Escaneo de longitud de onda<\/strong><\/td><td>Anfitri\u00f3n<\/td><td>Anfitri\u00f3n<\/td><td>Anfitri\u00f3n<\/td><\/tr><tr><td><strong>Dimensi\u00f3n exterior <\/strong><\/td><td>550\u00d7400\u00d7300mm<\/td><td>640*520*260mm<\/td><td>550\u00d7400\u00d7300mm<\/td><\/tr><tr><td><strong>Peso neto <\/strong><\/td><td>20kg<\/td><td>24kg<\/td><td>20kg<\/td><\/tr><tr><td><strong>Nivel de precisi\u00f3n <\/strong><\/td><td>Nivel 2<\/td><td>Nivel 2<\/td><td>Nivel 2<\/td><\/tr><\/tbody><\/table><\/figure>","protected":false},"excerpt":{"rendered":"<p>Features \u2727 With the sample temperature control system, the sample temperature can be controlled between -5\u2103~200\u2103;\u2727 The light source correction mechanism will enable the instrument to position the light source to the best position during self-test. This function can repair the deviation of the focus position of the light source due to vibration during transportation&hellip;&nbsp;<a href=\"http:\/\/nebula-b.com\/es\/espectrofotometro-visible-ultravioleta-de-escaneo\/\" class=\"\" rel=\"bookmark\">Leer m\u00e1s \u00bb<span class=\"screen-reader-text\">Espectrofot\u00f3metros de escaneo UV-visible<\/span><\/a><\/p>","protected":false},"author":2,"featured_media":0,"parent":0,"menu_order":0,"comment_status":"closed","ping_status":"closed","template":"","meta":{"_uag_custom_page_level_css":"","ub_ctt_via":"","neve_meta_sidebar":"","neve_meta_container":"","neve_meta_enable_content_width":"","neve_meta_content_width":0,"neve_meta_title_alignment":"","neve_meta_author_avatar":"","neve_post_elements_order":"","neve_meta_disable_header":"","neve_meta_disable_footer":"","neve_meta_disable_title":"","_themeisle_gutenberg_block_has_review":false,"footnotes":""},"class_list":["post-2280","page","type-page","status-publish","hentry"],"featured_image_src":null,"uagb_featured_image_src":{"full":false,"thumbnail":false,"medium":false,"medium_large":false,"large":false,"1536x1536":false,"2048x2048":false,"trp-custom-language-flag":false,"neve-blog":false},"uagb_author_info":{"display_name":"liu, stacey","author_link":"http:\/\/nebula-b.com\/es\/author\/stacey\/"},"uagb_comment_info":0,"uagb_excerpt":"Features \u2727 With the sample temperature control system, the sample temperature can be controlled between -5\u2103~200\u2103;\u2727 The light source correction mechanism will enable the instrument to position the light source to the best position during self-test. This function can repair the deviation of the focus position of the light source due to vibration during transportation&hellip;&nbsp;Leer&hellip;","_links":{"self":[{"href":"http:\/\/nebula-b.com\/es\/wp-json\/wp\/v2\/pages\/2280","targetHints":{"allow":["GET"]}}],"collection":[{"href":"http:\/\/nebula-b.com\/es\/wp-json\/wp\/v2\/pages"}],"about":[{"href":"http:\/\/nebula-b.com\/es\/wp-json\/wp\/v2\/types\/page"}],"author":[{"embeddable":true,"href":"http:\/\/nebula-b.com\/es\/wp-json\/wp\/v2\/users\/2"}],"replies":[{"embeddable":true,"href":"http:\/\/nebula-b.com\/es\/wp-json\/wp\/v2\/comments?post=2280"}],"version-history":[{"count":1,"href":"http:\/\/nebula-b.com\/es\/wp-json\/wp\/v2\/pages\/2280\/revisions"}],"predecessor-version":[{"id":2307,"href":"http:\/\/nebula-b.com\/es\/wp-json\/wp\/v2\/pages\/2280\/revisions\/2307"}],"wp:attachment":[{"href":"http:\/\/nebula-b.com\/es\/wp-json\/wp\/v2\/media?parent=2280"}],"curies":[{"name":"wp","href":"https:\/\/api.w.org\/{rel}","templated":true}]}}