{"id":2227,"date":"2024-05-15T17:16:33","date_gmt":"2024-05-15T09:16:33","guid":{"rendered":"https:\/\/nebula-b.com\/?page_id=2227"},"modified":"2025-05-14T18:31:53","modified_gmt":"2025-05-14T10:31:53","slug":"spectrophotometers","status":"publish","type":"page","link":"http:\/\/nebula-b.com\/es\/espectrofotometros\/","title":{"rendered":"UV-Vis Spectrophotometers"},"content":{"rendered":"<div class=\"wp-block-uagb-container uagb-block-93b27cc6 alignfull uagb-is-root-container\"><div class=\"uagb-container-inner-blocks-wrap\">\n<div class=\"wp-block-uagb-container uagb-block-6d995448 alignwide uagb-is-root-container\">\n<div class=\"wp-block-uagb-container uagb-block-ecec150a\">\n<div class=\"wp-block-uagb-container uagb-block-58bae0b6\">\n<div class=\"wp-block-uagb-container uagb-block-308357bd\"><div class=\"wp-block-image\">\n<figure class=\"aligncenter size-full is-resized has-custom-border\"><img loading=\"lazy\" decoding=\"async\" width=\"541\" height=\"461\" src=\"https:\/\/nebula-b.com\/wp-content\/uploads\/2024\/05\/K-5\u53ef\u89c1\u5206\u5149\u5149\u5ea6\u8ba1-1.jpg\" alt=\"UV-Vis Spectrophotometers\" class=\"wp-image-2242\" style=\"border-radius:0px;width:211px;height:auto\" srcset=\"http:\/\/nebula-b.com\/wp-content\/uploads\/2024\/05\/K-5\u53ef\u89c1\u5206\u5149\u5149\u5ea6\u8ba1-1.jpg 541w, http:\/\/nebula-b.com\/wp-content\/uploads\/2024\/05\/K-5\u53ef\u89c1\u5206\u5149\u5149\u5ea6\u8ba1-1-256x218.jpg 256w, http:\/\/nebula-b.com\/wp-content\/uploads\/2024\/05\/K-5\u53ef\u89c1\u5206\u5149\u5149\u5ea6\u8ba1-1-14x12.jpg 14w\" sizes=\"auto, (max-width: 541px) 100vw, 541px\" \/><\/figure><\/div><\/div>\n\n\n\n<p><strong>Espectrofot\u00f3metros visibles<\/strong><\/p>\n\n\n\n<p>Mediciones fotom\u00e9tricas;<br>Medici\u00f3n cuantitativa;<br>Medici\u00f3n cualitativa;<br>An\u00e1lisis cin\u00e9tico.<\/p>\n<\/div>\n\n\n\n<div class=\"wp-block-buttons is-vertical is-content-justification-left is-nowrap is-layout-flex wp-container-core-buttons-is-layout-5116c29d wp-block-buttons-is-layout-flex\">\n<div class=\"wp-block-button\"><a class=\"wp-block-button__link has-nv-site-bg-color has-neve-link-color-background-color has-text-color has-background has-link-color wp-element-button\" href=\"http:\/\/nebula-b.com\/es\/espectrofotometros-visibles\/\">Aprende m\u00e1s<\/a><\/div>\n<\/div>\n<\/div>\n\n\n\n<div class=\"wp-block-uagb-container uagb-block-3ebfd03f\">\n<div class=\"wp-block-uagb-container uagb-block-07daf196\">\n<div class=\"wp-block-uagb-container uagb-block-7162b84b\">\n<figure class=\"wp-block-image size-full is-resized\"><img loading=\"lazy\" decoding=\"async\" width=\"612\" height=\"408\" src=\"https:\/\/nebula-b.com\/wp-content\/uploads\/2024\/05\/T-6_-removebg-preview.png\" alt=\"UV-Vis Spectrophotometers\" class=\"wp-image-2249\" style=\"width:267px;height:auto\" srcset=\"http:\/\/nebula-b.com\/wp-content\/uploads\/2024\/05\/T-6_-removebg-preview.png 612w, http:\/\/nebula-b.com\/wp-content\/uploads\/2024\/05\/T-6_-removebg-preview-256x171.png 256w, http:\/\/nebula-b.com\/wp-content\/uploads\/2024\/05\/T-6_-removebg-preview-18x12.png 18w\" sizes=\"auto, (max-width: 612px) 100vw, 612px\" \/><\/figure>\n<\/div>\n\n\n\n<p><strong>Espectrofot\u00f3metros UV-Visible<\/strong><\/p>\n\n\n\n<p>Mediciones fotom\u00e9tricas;<br>Medici\u00f3n cuantitativa;<br>Medici\u00f3n cualitativa (escaneo de longitud de onda);<br>an\u00e1lisis cin\u00e9tico;<br>mediciones de ADN\/prote\u00ednas;<br>Medici\u00f3n de m\u00faltiples longitudes de onda.<\/p>\n<\/div>\n\n\n\n<div class=\"wp-block-buttons is-layout-flex wp-block-buttons-is-layout-flex\">\n<div class=\"wp-block-button\"><a class=\"wp-block-button__link has-nv-site-bg-color has-neve-link-color-background-color has-text-color has-background has-link-color wp-element-button\" href=\"http:\/\/nebula-b.com\/es\/espectrofotometro-ultravioleta-visible\/\">Aprende m\u00e1s<\/a><\/div>\n<\/div>\n<\/div>\n\n\n\n<div class=\"wp-block-uagb-container uagb-block-d4b91816\">\n<div class=\"wp-block-uagb-container uagb-block-37b58f91\">\n<div class=\"wp-block-uagb-container uagb-block-b03c4037\"><div class=\"wp-block-image\">\n<figure class=\"aligncenter size-full is-resized\"><img loading=\"lazy\" decoding=\"async\" width=\"612\" height=\"408\" src=\"https:\/\/nebula-b.com\/wp-content\/uploads\/2024\/05\/DSC_2560.jpg\" alt=\"UV-Vis Spectrophotometers\" class=\"wp-image-2253\" style=\"width:263px;height:auto\" srcset=\"http:\/\/nebula-b.com\/wp-content\/uploads\/2024\/05\/DSC_2560.jpg 612w, http:\/\/nebula-b.com\/wp-content\/uploads\/2024\/05\/DSC_2560-256x171.jpg 256w, http:\/\/nebula-b.com\/wp-content\/uploads\/2024\/05\/DSC_2560-18x12.jpg 18w\" sizes=\"auto, (max-width: 612px) 100vw, 612px\" \/><\/figure><\/div><\/div>\n\n\n\n<p><strong>Espectrofot\u00f3metros de escaneo UV-visible<\/strong><\/p>\n\n\n\n<p>Mediciones fotom\u00e9tricas;<br>Medici\u00f3n cuantitativa;<br>Medici\u00f3n cualitativa (escaneo de longitud de onda);<br>an\u00e1lisis cin\u00e9tico;<br>mediciones de ADN\/prote\u00ednas;<br>Medici\u00f3n de m\u00faltiples longitudes de onda.<\/p>\n<\/div>\n\n\n\n<div class=\"wp-block-buttons is-layout-flex wp-block-buttons-is-layout-flex\">\n<div class=\"wp-block-button\"><a class=\"wp-block-button__link has-nv-site-bg-color has-neve-link-color-background-color has-text-color has-background has-link-color wp-element-button\" href=\"http:\/\/nebula-b.com\/es\/espectrofotometro-visible-ultravioleta-de-escaneo\/\">Aprende m\u00e1s<\/a><\/div>\n<\/div>\n<\/div>\n\n\n\n<div class=\"wp-block-uagb-container uagb-block-b2ea0b50\">\n<div class=\"wp-block-uagb-container uagb-block-f71bdd9f\">\n<div class=\"wp-block-uagb-container uagb-block-3a345e3d\">\n<figure class=\"wp-block-image size-full is-resized\"><img loading=\"lazy\" decoding=\"async\" width=\"612\" height=\"408\" src=\"https:\/\/nebula-b.com\/wp-content\/uploads\/2024\/05\/dual-beam-UV-visible-spectrophotometer-2.jpg\" alt=\"UV-Vis Spectrophotometers\" class=\"wp-image-2251\" style=\"width:244px;height:auto\" srcset=\"http:\/\/nebula-b.com\/wp-content\/uploads\/2024\/05\/dual-beam-UV-visible-spectrophotometer-2.jpg 612w, http:\/\/nebula-b.com\/wp-content\/uploads\/2024\/05\/dual-beam-UV-visible-spectrophotometer-2-256x171.jpg 256w, http:\/\/nebula-b.com\/wp-content\/uploads\/2024\/05\/dual-beam-UV-visible-spectrophotometer-2-18x12.jpg 18w\" sizes=\"auto, (max-width: 612px) 100vw, 612px\" \/><\/figure>\n<\/div>\n\n\n\n<p><strong>Espectrofot\u00f3metros UV-Visible de barrido de doble haz<\/strong><\/p>\n\n\n\n<p>Mediciones fotom\u00e9tricas;<br>Medici\u00f3n cuantitativa;<br>Medici\u00f3n cualitativa (escaneo de longitud de onda);<br>an\u00e1lisis cin\u00e9tico;<br>mediciones de ADN\/prote\u00ednas;<br>Medici\u00f3n de m\u00faltiples longitudes de onda.<\/p>\n<\/div>\n\n\n\n<div class=\"wp-block-buttons is-layout-flex wp-block-buttons-is-layout-flex\">\n<div class=\"wp-block-button\"><a class=\"wp-block-button__link has-nv-site-bg-color has-neve-link-color-background-color has-text-color has-background has-link-color wp-element-button\" href=\"http:\/\/nebula-b.com\/es\/espectrofotometros-ultravioleta-visibles-de-barrido-de-doble-haz\/\">Aprende m\u00e1s<\/a><\/div>\n<\/div>\n<\/div>\n<\/div>\n<\/div><\/div>","protected":false},"excerpt":{"rendered":"<p>Visible Spectrophotometers Photometric measurements;Quantitative measurement;Qualitative measurement;Kinetic analysis. UV-Visible Spectrophotometers Photometric measurements;Quantitative measurement;Qualitative measurement (wavelength scan);kinetics analysis;DNA\/protein measurements;Multi-wavelength measurement. Scanning UV-Visible Spectrophotometers Photometric measurements;Quantitative measurement;Qualitative measurement (wavelength scan);kinetics analysis;DNA\/protein measurements;Multi-wavelength measurement. Dual-Beam Scanning UV-Visible Spectrophotometers Photometric measurements;Quantitative measurement;Qualitative measurement (wavelength scan);kinetics analysis;DNA\/protein measurements;Multi-wavelength measurement.<\/p>","protected":false},"author":2,"featured_media":0,"parent":0,"menu_order":0,"comment_status":"closed","ping_status":"closed","template":"","meta":{"_uag_custom_page_level_css":"","ub_ctt_via":"","neve_meta_sidebar":"","neve_meta_container":"","neve_meta_enable_content_width":"","neve_meta_content_width":0,"neve_meta_title_alignment":"","neve_meta_author_avatar":"","neve_post_elements_order":"","neve_meta_disable_header":"","neve_meta_disable_footer":"","neve_meta_disable_title":"","_themeisle_gutenberg_block_has_review":false,"footnotes":""},"class_list":["post-2227","page","type-page","status-publish","hentry"],"featured_image_src":null,"uagb_featured_image_src":{"full":false,"thumbnail":false,"medium":false,"medium_large":false,"large":false,"1536x1536":false,"2048x2048":false,"trp-custom-language-flag":false,"neve-blog":false},"uagb_author_info":{"display_name":"liu, stacey","author_link":"http:\/\/nebula-b.com\/es\/author\/stacey\/"},"uagb_comment_info":0,"uagb_excerpt":"Visible Spectrophotometers Photometric measurements;Quantitative measurement;Qualitative measurement;Kinetic analysis. UV-Visible Spectrophotometers Photometric measurements;Quantitative measurement;Qualitative measurement (wavelength scan);kinetics analysis;DNA\/protein measurements;Multi-wavelength measurement. Scanning UV-Visible Spectrophotometers Photometric measurements;Quantitative measurement;Qualitative measurement (wavelength scan);kinetics analysis;DNA\/protein measurements;Multi-wavelength measurement. Dual-Beam Scanning UV-Visible Spectrophotometers Photometric measurements;Quantitative measurement;Qualitative measurement (wavelength scan);kinetics analysis;DNA\/protein measurements;Multi-wavelength measurement.","_links":{"self":[{"href":"http:\/\/nebula-b.com\/es\/wp-json\/wp\/v2\/pages\/2227","targetHints":{"allow":["GET"]}}],"collection":[{"href":"http:\/\/nebula-b.com\/es\/wp-json\/wp\/v2\/pages"}],"about":[{"href":"http:\/\/nebula-b.com\/es\/wp-json\/wp\/v2\/types\/page"}],"author":[{"embeddable":true,"href":"http:\/\/nebula-b.com\/es\/wp-json\/wp\/v2\/users\/2"}],"replies":[{"embeddable":true,"href":"http:\/\/nebula-b.com\/es\/wp-json\/wp\/v2\/comments?post=2227"}],"version-history":[{"count":1,"href":"http:\/\/nebula-b.com\/es\/wp-json\/wp\/v2\/pages\/2227\/revisions"}],"predecessor-version":[{"id":2415,"href":"http:\/\/nebula-b.com\/es\/wp-json\/wp\/v2\/pages\/2227\/revisions\/2415"}],"wp:attachment":[{"href":"http:\/\/nebula-b.com\/es\/wp-json\/wp\/v2\/media?parent=2227"}],"curies":[{"name":"wp","href":"https:\/\/api.w.org\/{rel}","templated":true}]}}