{"id":1833,"date":"2024-04-15T15:50:48","date_gmt":"2024-04-15T07:50:48","guid":{"rendered":"https:\/\/nebula-b.com\/?page_id=1833"},"modified":"2025-01-16T16:51:41","modified_gmt":"2025-01-16T08:51:41","slug":"small-animal-in-vivo-imaging","status":"publish","type":"page","link":"http:\/\/nebula-b.com\/es\/imagenes-multimodales-in-vivo-de-animales-pequenos\/","title":{"rendered":"Sistema multimodal de im\u00e1genes in vivo de animales peque\u00f1os"},"content":{"rendered":"<div class=\"wp-block-uagb-container uagb-block-a203b57d alignfull uagb-is-root-container\"><div class=\"uagb-container-inner-blocks-wrap\">\n<div class=\"wp-block-columns has-small-font-size is-layout-flex wp-container-core-columns-is-layout-b934f1a7 wp-block-columns-is-layout-flex\" style=\"border-style:none;border-width:0px;border-radius:0px;padding-top:0;padding-right:var(--wp--preset--spacing--20);padding-bottom:0;padding-left:var(--wp--preset--spacing--20)\">\n<div class=\"wp-block-column is-layout-flow wp-block-column-is-layout-flow\" style=\"flex-basis:40%\">\n<div class=\"wp-block-stackable-carousel stk-block-carousel stk--is-slide stk--arrows-justify-space-between stk--arrows-align-center stk-block stk-fd1a0a7\" data-slides-to-show=\"\" data-block-id=\"fd1a0a7\"><div class=\"stk-block-carousel__content-wrapper\"><div class=\"stk-row stk-inner-blocks stk-block-content stk-block-carousel__slider-wrapper stk-content-align stk-fd1a0a7-column\"><div class=\"stk-block-carousel__slider\" role=\"list\" data-autoplay=\"4000\" data-label-slide-of=\"Slide %%d of %%d\">\n<div class=\"wp-block-stackable-column stk-block-column stk-column stk-block stk-dcbaa5d\" data-v=\"4\" data-block-id=\"dcbaa5d\"><style>.stk-dcbaa5d{align-self:center !important}<\/style><div class=\"stk-column-wrapper stk-block-column__content stk-container stk-dcbaa5d-container stk--no-background stk--no-padding\"><div class=\"stk-block-content stk-inner-blocks stk-dcbaa5d-inner-blocks\">\n<div class=\"wp-block-stackable-image stk-block-image has-text-align-center stk-block stk-ccdae6d\" data-block-id=\"ccdae6d\"><style>.stk-ccdae6d .stk-img-wrapper{width:91% !important;height:600px !important}<\/style><figure><span class=\"stk-img-wrapper stk-image--shape-stretch\"><img alt=\"Sistema multimodal de im\u00e1genes in vivo de animales peque\u00f1os\" loading=\"lazy\" decoding=\"async\" class=\"stk-img wp-image-1879\" src=\"https:\/\/nebula-b.com\/wp-content\/uploads\/2024\/04\/\u6d3b\u4f53N-removebg-preview-vmake.png\" width=\"329\" height=\"506\" srcset=\"http:\/\/nebula-b.com\/wp-content\/uploads\/2024\/04\/\u6d3b\u4f53N-removebg-preview-vmake.png 329w, http:\/\/nebula-b.com\/wp-content\/uploads\/2024\/04\/\u6d3b\u4f53N-removebg-preview-vmake-195x300.png 195w\" sizes=\"auto, (max-width: 329px) 100vw, 329px\" \/><\/span><\/figure><\/div>\n<\/div><\/div><\/div>\n\n\n\n<div class=\"wp-block-stackable-column stk-block-column stk-column stk-block stk-17ee126\" data-v=\"4\" data-block-id=\"17ee126\"><style>.stk-17ee126{align-self:center !important}.stk-17ee126-inner-blocks{justify-content:space-around !important}<\/style><div class=\"stk-column-wrapper stk-block-column__content stk-container stk-17ee126-container stk--no-background stk--no-padding\"><div class=\"has-text-align-center stk--column-flex stk-block-content stk-inner-blocks stk-17ee126-inner-blocks\">\n<div class=\"wp-block-stackable-image stk-block-image stk-block stk-2eca6b3\" data-block-id=\"2eca6b3\"><figure><span class=\"stk-img-wrapper stk-image--shape-stretch\"><img alt=\"Sistema multimodal de im\u00e1genes in vivo de animales peque\u00f1os\" loading=\"lazy\" decoding=\"async\" class=\"stk-img wp-image-1836\" src=\"https:\/\/nebula-b.com\/wp-content\/uploads\/2024\/04\/\u5c0f\u52a8\u7269\u6d3b\u4f531.jpg\" width=\"962\" height=\"550\" srcset=\"http:\/\/nebula-b.com\/wp-content\/uploads\/2024\/04\/\u5c0f\u52a8\u7269\u6d3b\u4f531.jpg 962w, http:\/\/nebula-b.com\/wp-content\/uploads\/2024\/04\/\u5c0f\u52a8\u7269\u6d3b\u4f531-300x172.jpg 300w, http:\/\/nebula-b.com\/wp-content\/uploads\/2024\/04\/\u5c0f\u52a8\u7269\u6d3b\u4f531-768x439.jpg 768w\" sizes=\"auto, (max-width: 962px) 100vw, 962px\" \/><\/span><\/figure><\/div>\n<\/div><\/div><\/div>\n\n\n\n<div class=\"wp-block-stackable-column stk-block-column stk-column stk-block stk-38e7709\" data-v=\"4\" data-block-id=\"38e7709\"><style>.stk-38e7709{align-self:center !important}<\/style><div class=\"stk-column-wrapper stk-block-column__content stk-container stk-38e7709-container stk--no-background stk--no-padding\"><div class=\"has-text-align-center stk-block-content stk-inner-blocks stk-38e7709-inner-blocks\">\n<div class=\"wp-block-stackable-image stk-block-image stk-block stk-f8b336b\" data-block-id=\"f8b336b\"><figure><span class=\"stk-img-wrapper stk-image--shape-stretch\"><img alt=\"Sistema multimodal de im\u00e1genes in vivo de animales peque\u00f1os\" loading=\"lazy\" decoding=\"async\" class=\"stk-img wp-image-1835\" src=\"https:\/\/nebula-b.com\/wp-content\/uploads\/2024\/04\/\u5c0f\u52a8\u7269\u6d3b\u4f532.jpg\" width=\"962\" height=\"550\" srcset=\"http:\/\/nebula-b.com\/wp-content\/uploads\/2024\/04\/\u5c0f\u52a8\u7269\u6d3b\u4f532.jpg 962w, http:\/\/nebula-b.com\/wp-content\/uploads\/2024\/04\/\u5c0f\u52a8\u7269\u6d3b\u4f532-300x172.jpg 300w, http:\/\/nebula-b.com\/wp-content\/uploads\/2024\/04\/\u5c0f\u52a8\u7269\u6d3b\u4f532-768x439.jpg 768w\" sizes=\"auto, (max-width: 962px) 100vw, 962px\" \/><\/span><\/figure><\/div>\n<\/div><\/div><\/div>\n<\/div><div class=\"stk-block-carousel__buttons\"><button class=\"stk-block-carousel__button stk-block-carousel__button__prev\" aria-label=\"Diapositiva anterior\"><svg aria-hidden=\"true\" focusable=\"false\" data-prefix=\"fas\" data-icon=\"chevron-left\" class=\"svg-inline--fa fa-chevron-left\" xmlns=\"http:\/\/www.w3.org\/2000\/svg\" viewbox=\"0 0 320 512\" width=\"32\" height=\"32\"><path d=\"M34.52 239.03L228.87 44.69c9.37-9.37 24.57-9.37 33.94 0l22.67 22.67c9.36 9.36 9.37 24.52.04 33.9L131.49 256l154.02 154.75c9.34 9.38 9.32 24.54-.04 33.9l-22.67 22.67c-9.37 9.37-24.57 9.37-33.94 0L34.52 272.97c-9.37-9.37-9.37-24.57 0-33.94z\"><\/path><\/svg><\/button><button class=\"stk-block-carousel__button stk-block-carousel__button__next\" aria-label=\"La siguiente diapositiva\"><svg aria-hidden=\"true\" focusable=\"false\" data-prefix=\"fas\" data-icon=\"chevron-right\" class=\"svg-inline--fa fa-chevron-right\" xmlns=\"http:\/\/www.w3.org\/2000\/svg\" viewbox=\"0 0 320 512\" width=\"32\" height=\"32\"><path d=\"M285.476 272.971L91.132 467.314c-9.373 9.373-24.569 9.373-33.941 0l-22.667-22.667c-9.357-9.357-9.375-24.522-.04-33.901L188.505 256 34.484 101.255c-9.335-9.379-9.317-24.544.04-33.901l22.667-22.667c9.373-9.373 24.569-9.373 33.941 0L285.475 239.03c9.373 9.372 9.373 24.568.001 33.941z\"><\/path><\/svg><\/button><\/div><\/div><div class=\"stk-block-carousel__dots\" role=\"list\" data-label=\"Slide %%d\"><\/div><\/div><\/div>\n<\/div>\n\n\n\n<div class=\"wp-block-column is-layout-flow wp-block-column-is-layout-flow\" style=\"border-style:none;border-width:0px;flex-basis:60%\">\n<p style=\"font-size:16px\"><strong>Caracter\u00edsticas<\/strong> <\/p>\n\n\n\n<p><strong>\u2727 C\u00e1mara criog\u00e9nica de alta sensibilidad retroiluminada<\/strong><br>Los sistemas de im\u00e1genes en vivo de animales peque\u00f1os utilizan c\u00e1maras criog\u00e9nicas retroiluminadas de alta resoluci\u00f3n con un QE de hasta 95% en el pico y una temperatura de enfriamiento de -100\u00b0C. Con una lente de gran apertura F0,95, la relaci\u00f3n se\u00f1al-ruido y la sensibilidad son excelentes;<br><strong>\u2727 Uniformidad de la fuente de luz de excitaci\u00f3n.<\/strong><br>Adopta un tubo de banda estrecha de alta potencia y una fuente de luz LED de larga duraci\u00f3n, y m\u00faltiples grupos de fuentes de luz est\u00e1n dise\u00f1ados con simetr\u00eda global sin sombras para garantizar una fuente de luz de excitaci\u00f3n uniforme y estable y la estabilidad de los resultados de excitaci\u00f3n de fluorescencia;<br><strong>\u2727 Tecnolog\u00eda de separaci\u00f3n espectral<\/strong><br>En vista de los diversos grados de autofluorescencia en animales que afectan los resultados experimentales, utilizamos filtros de alta pureza, alta transparencia y ancho de banda estrecho, combinados con nuestro propio software, para desarrollar un conjunto de tecnolog\u00eda de separaci\u00f3n espectral precisa para ayudar a los usuarios con precisi\u00f3n. obtener datos de fluorescencia del objetivo;<br><strong>\u2727 Software profesional de im\u00e1genes in vivo Nebula-IMAGEIVIS<\/strong><br>Modo de disparo guiado. Seg\u00fan diferentes m\u00f3dulos, contiene una base de datos de tintes fluorescentes de uso com\u00fan. Los tintes se pueden seleccionar directamente para el disparo autom\u00e1tico. Admite tomas de muestra de hasta 5 canales al mismo tiempo. Las im\u00e1genes de fluorescencia y las im\u00e1genes de marcadores se fusionan. Tres colores se fusionan autom\u00e1ticamente. Se admite el ajuste manual despu\u00e9s de la fusi\u00f3n. Los resultados se pueden separar espectralmente y los valores de grises y las cantidades de fotones se pueden calcular autom\u00e1ticamente.<\/p>\n<\/div>\n<\/div>\n<\/div><\/div>\n\n\n\n<p><strong>Solicitud<\/strong><\/p>\n\n\n\n<p>Terapia de genes<br>Los genes normales o genes con efectos terap\u00e9uticos se introducen en las c\u00e9lulas diana de cierta manera para corregir defectos gen\u00e9ticos o ejercer efectos terap\u00e9uticos, logrando as\u00ed el prop\u00f3sito de tratar enfermedades.<\/p>\n\n\n\n<p>Im\u00e1genes infrarrojas<br>Es adecuado para ICG y colorante fotot\u00e9rmico infrarrojo del ganglio linf\u00e1tico centinela, im\u00e1genes de tumores profundos y cirug\u00eda de resecci\u00f3n de tumores subcut\u00e1neos en ratones.<\/p>\n\n\n\n<p><strong>Aplicaci\u00f3n extendida<\/strong><\/p>\n\n\n\n<div class=\"wp-block-uagb-container uagb-block-27a174b3 alignfull uagb-is-root-container\"><div class=\"uagb-container-inner-blocks-wrap\">\n<div class=\"wp-block-uagb-container uagb-block-525705ec\">\n<figure class=\"wp-block-image size-full is-resized\"><img loading=\"lazy\" decoding=\"async\" width=\"344\" height=\"276\" src=\"https:\/\/nebula-b.com\/wp-content\/uploads\/2024\/04\/1.png\" alt=\"Sistema multimodal de im\u00e1genes in vivo de animales peque\u00f1os\" class=\"wp-image-1842\" style=\"width:259px;height:auto\" srcset=\"http:\/\/nebula-b.com\/wp-content\/uploads\/2024\/04\/1.png 344w, http:\/\/nebula-b.com\/wp-content\/uploads\/2024\/04\/1-300x241.png 300w\" sizes=\"auto, (max-width: 344px) 100vw, 344px\" \/><\/figure>\n\n\n\n<p>Transferencia Western de fluorescencia<\/p>\n<\/div>\n\n\n\n<div class=\"wp-block-uagb-container uagb-block-0788e359\">\n<figure class=\"wp-block-image size-full is-resized\"><img loading=\"lazy\" decoding=\"async\" width=\"361\" height=\"262\" src=\"https:\/\/nebula-b.com\/wp-content\/uploads\/2024\/04\/2.png\" alt=\"Sistema multimodal de im\u00e1genes in vivo de animales peque\u00f1os\" class=\"wp-image-1843\" style=\"width:277px;height:auto\" srcset=\"http:\/\/nebula-b.com\/wp-content\/uploads\/2024\/04\/2.png 361w, http:\/\/nebula-b.com\/wp-content\/uploads\/2024\/04\/2-300x218.png 300w\" sizes=\"auto, (max-width: 361px) 100vw, 361px\" \/><\/figure>\n\n\n\n<p class=\"has-text-align-center\">Transferencia occidental<\/p>\n<\/div>\n\n\n\n<div class=\"wp-block-uagb-container uagb-block-aad1534a\">\n<figure class=\"wp-block-image size-full is-resized\"><img loading=\"lazy\" decoding=\"async\" width=\"383\" height=\"264\" src=\"https:\/\/nebula-b.com\/wp-content\/uploads\/2024\/04\/3.png\" alt=\"Sistema multimodal de im\u00e1genes in vivo de animales peque\u00f1os\" class=\"wp-image-1844\" style=\"width:281px;height:auto\" srcset=\"http:\/\/nebula-b.com\/wp-content\/uploads\/2024\/04\/3.png 383w, http:\/\/nebula-b.com\/wp-content\/uploads\/2024\/04\/3-300x207.png 300w\" sizes=\"auto, (max-width: 383px) 100vw, 383px\" \/><\/figure>\n\n\n\n<p class=\"has-text-align-center\">Occidental en la celda<\/p>\n<\/div>\n<\/div><\/div>\n\n\n\n<p><strong>Par\u00e1metros<\/strong><\/p>\n\n\n\n<div class=\"wp-block-group\"><div class=\"wp-block-group__inner-container is-layout-constrained wp-block-group-is-layout-constrained\">\n<figure class=\"wp-block-table is-style-stripes\"><table class=\"has-fixed-layout\"><tbody><tr><td><strong>N \u00ba de Modelo. <\/strong><\/td><td><strong>L\u00c1SER-6000<\/strong><\/td><td><strong>L\u00c1SER-9000<\/strong><\/td><td><strong>L\u00c1SER-9500<\/strong><\/td><\/tr><tr><td><strong>Resoluci\u00f3n<\/strong><\/td><td> 12 megap\u00edxeles<\/td><td>6,6 megap\u00edxeles<\/td><td>2 megap\u00edxeles<\/td><\/tr><tr><td><strong>Temperatura de refrigeraci\u00f3n<\/strong><\/td><td>-45\u00b0C <\/td><td>-75\u00b0C <\/td><td>-75\u00b0C <\/td><\/tr><tr><td><strong>Tama\u00f1o de p\u00edxel<\/strong><\/td><td> 4,63*4,63 \u03bcm<\/td><td>7,4*7,4 \u03bcm <\/td><td>13*13\u03bcm<\/td><\/tr><tr><td><strong>Eficiencia de fotosensibilidad <\/strong><\/td><td>Alto control de calidad:&gt;95%<\/td><td>Alto control de calidad:&gt;95%<\/td><td>Alto control de calidad:&gt;95%<\/td><\/tr><tr><td><strong>escala de grises<\/strong><\/td><td>16 bits (0-65535)<\/td><td>16 bits (0-65535)<\/td><td>16 bits (0-65535)<\/td><\/tr><tr><td><strong>Tiempo de exposici\u00f3n<\/strong><\/td><td>1ms~60 minutos<\/td><td>1ms~60 minutos<\/td><td>1ms~60 minutos<\/td><\/tr><tr><td><strong>Agrupaci\u00f3n de p\u00edxeles<\/strong><\/td><td>1\u00d71, 2\u00d72, 4\u00d74\u20268\u00d78<\/td><td>1\u00d71, 2\u00d72, 4\u00d74\u20268\u00d78 <\/td><td>1\u00d71, 2\u00d72, 4\u00d74\u20268\u00d78<\/td><\/tr><tr><td><strong>Gama din\u00e1mica<\/strong><\/td><td>\u22654,8 pedidos<\/td><td>\u22654,8 pedidos<\/td><td>\u22654,8 pedidos<\/td><\/tr><tr><td><strong>Lente motorizada<\/strong><\/td><td>Lente de enfoque autom\u00e1tico F=0,95\/35 mm est\u00e1ndar, lente F0.8 opcional<\/td><td>Lente de enfoque autom\u00e1tico F=0,95\/35 mm est\u00e1ndar, lente F0.8 opcional <\/td><td>Lente de enfoque autom\u00e1tico F=0,95\/35 mm est\u00e1ndar, lente F0.8 opcional<\/td><\/tr><tr><td><strong>fuente de luz rgb<\/strong><\/td><td>Est\u00e1ndar RGB, otros opcionales<\/td><td>Est\u00e1ndar RGB, otros opcionales<\/td><td>Est\u00e1ndar RGB, otros opcionales<\/td><\/tr><tr><td><strong>fuente de luz infrarroja<\/strong><\/td><td>est\u00e1ndar de fuente de luz infrarroja dual<\/td><td>est\u00e1ndar de fuente de luz infrarroja dual<\/td><td>est\u00e1ndar de fuente de luz infrarroja dual<\/td><\/tr><tr><td><strong>Rueda de filtro<\/strong><\/td><td>7-socket filter wheel standard, <br>others optional<\/td><td>7-socket filter wheel standard, <br>others optional<\/td><td>7-socket filter wheel standard, <br>others optional<\/td><\/tr><tr><td><strong>Filtrar <\/strong><\/td><td>530nm, 570nm, 610nm, 670nm, 720nm, 820nm standard;<br>530nm~800nm optional<br><\/td><td>530nm, 570nm, 610nm, 670nm, 720nm, 820nm standard;<br>530nm~800nm optional<\/td><td>530nm, 570nm, 610nm, 670nm, 720nm, 820nm standard;<br>530nm~800nm optional<\/td><\/tr><tr><td><strong>fuente de luz blanca<\/strong><\/td><td>luz fr\u00eda LED<\/td><td>luz fr\u00eda LED<\/td><td>luz fr\u00eda LED<\/td><\/tr><tr><td><strong>\u00c1rea de im\u00e1genes<\/strong><\/td><td>admite 5 ratones como m\u00e1ximo para disparar<\/td><td>admite 5 ratones como m\u00e1ximo para disparar<\/td><td>admite 5 ratones como m\u00e1ximo para disparar<\/td><\/tr><tr><td><strong>Plataforma de control de temperatura<\/strong><\/td><td>26~40\u00b0C\u00b11\u00b0C<\/td><td>26~40\u00b0C\u00b11\u00b0C<\/td><td>26~40\u00b0C\u00b11\u00b0C<\/td><\/tr><tr><td><strong>Boquilla de aire para anestesia<\/strong><\/td><td>supports 5 mice maximum <br>for anesthesia<\/td><td>supports 5 mice maximum <br>for anesthesia<\/td><td>supports 5 mice maximum <br>for anesthesia<\/td><\/tr><tr><td><strong>Apagado programado<\/strong><\/td><td>5~60 minutos<\/td><td>5~60 minutos<\/td><td>5~60 minutos<\/td><\/tr><tr><td><strong>M\u00e1quina de anestesia para animales peque\u00f1os<\/strong><\/td><td>Opcional<\/td><td>Opcional <\/td><td>Opcional<\/td><\/tr><tr><td><strong>Type of heating<\/strong><\/td><td>platform heating or air conditioning<\/td><td>platform heating or air conditioning<\/td><td>platform heating or air conditioning<\/td><\/tr><tr><td><\/td><td><\/td><td><\/td><td><\/td><\/tr><\/tbody><\/table><\/figure>\n<\/div><\/div>","protected":false},"excerpt":{"rendered":"<p>Caracter\u00edsticas \u2727 C\u00e1mara criog\u00e9nica de alta sensibilidad retroiluminada Los sistemas de im\u00e1genes en vivo de animales peque\u00f1os utilizan c\u00e1maras criog\u00e9nicas retroiluminadas de alta resoluci\u00f3n con un QE de hasta 95% en el pico y una temperatura de enfriamiento de -100 \u00b0C. Con una lente de gran apertura F0.95, la relaci\u00f3n se\u00f1al-ruido y la sensibilidad son excelentes; \u2727 Uniformidad de la fuente de luz de excitaci\u00f3n Adopta banda estrecha de alta potencia...&nbsp;<a href=\"http:\/\/nebula-b.com\/es\/imagenes-multimodales-in-vivo-de-animales-pequenos\/\" class=\"\" rel=\"bookmark\">Leer m\u00e1s \u00bb<span class=\"screen-reader-text\">Sistema multimodal de im\u00e1genes in vivo de animales peque\u00f1os<\/span><\/a><\/p>","protected":false},"author":2,"featured_media":0,"parent":0,"menu_order":0,"comment_status":"closed","ping_status":"closed","template":"","meta":{"_uag_custom_page_level_css":"","ub_ctt_via":"","neve_meta_sidebar":"","neve_meta_container":"","neve_meta_enable_content_width":"","neve_meta_content_width":0,"neve_meta_title_alignment":"","neve_meta_author_avatar":"","neve_post_elements_order":"","neve_meta_disable_header":"","neve_meta_disable_footer":"","neve_meta_disable_title":"","_themeisle_gutenberg_block_has_review":false,"footnotes":""},"class_list":["post-1833","page","type-page","status-publish","hentry"],"featured_image_src":null,"uagb_featured_image_src":{"full":false,"thumbnail":false,"medium":false,"medium_large":false,"large":false,"1536x1536":false,"2048x2048":false,"trp-custom-language-flag":false,"neve-blog":false},"uagb_author_info":{"display_name":"liu, stacey","author_link":"http:\/\/nebula-b.com\/es\/author\/stacey\/"},"uagb_comment_info":0,"uagb_excerpt":"Features \u2727 Back-illuminated high-sensitivity cryogenic cameraThe small animal live imaging systems use high-resolution cryogenic back-illuminated cameras with a QE of up to 95% at the peak and a cooling temperature of -100\u00b0C. With an F0.95 large aperture lens, the signal-to-noise ratio and sensitivity are both excellent ;\u2727 Uniformity of excitation light sourceIt adopts high-power narrow-band&hellip;&nbsp;Leer&hellip;","_links":{"self":[{"href":"http:\/\/nebula-b.com\/es\/wp-json\/wp\/v2\/pages\/1833","targetHints":{"allow":["GET"]}}],"collection":[{"href":"http:\/\/nebula-b.com\/es\/wp-json\/wp\/v2\/pages"}],"about":[{"href":"http:\/\/nebula-b.com\/es\/wp-json\/wp\/v2\/types\/page"}],"author":[{"embeddable":true,"href":"http:\/\/nebula-b.com\/es\/wp-json\/wp\/v2\/users\/2"}],"replies":[{"embeddable":true,"href":"http:\/\/nebula-b.com\/es\/wp-json\/wp\/v2\/comments?post=1833"}],"version-history":[{"count":1,"href":"http:\/\/nebula-b.com\/es\/wp-json\/wp\/v2\/pages\/1833\/revisions"}],"predecessor-version":[{"id":2411,"href":"http:\/\/nebula-b.com\/es\/wp-json\/wp\/v2\/pages\/1833\/revisions\/2411"}],"wp:attachment":[{"href":"http:\/\/nebula-b.com\/es\/wp-json\/wp\/v2\/media?parent=1833"}],"curies":[{"name":"wp","href":"https:\/\/api.w.org\/{rel}","templated":true}]}}