{"id":1430,"date":"2024-04-03T10:21:25","date_gmt":"2024-04-03T02:21:25","guid":{"rendered":"https:\/\/wp.kxwar.com\/?page_id=1430"},"modified":"2024-04-22T14:21:32","modified_gmt":"2024-04-22T06:21:32","slug":"news","status":"publish","type":"page","link":"http:\/\/nebula-b.com\/es\/noticias\/","title":{"rendered":"Noticias"},"content":{"rendered":"<div class=\"wp-block-uagb-container uagb-block-382c451e alignfull uagb-is-root-container\"><div class=\"uagb-container-inner-blocks-wrap\"><\/div><\/div>\n\n\n\n<div id=\"wp-block-themeisle-blocks-advanced-columns-1d44478c\" class=\"wp-block-themeisle-blocks-advanced-columns alignfull has-1-columns has-desktop-equal-layout has-tablet-equal-layout has-mobile-equal-layout has-vertical-unset\"><div class=\"wp-block-themeisle-blocks-advanced-columns-overlay\"><\/div><div class=\"innerblocks-wrap\">\n<div id=\"wp-block-themeisle-blocks-advanced-column-37206d63\" class=\"wp-block-themeisle-blocks-advanced-column\">\n<p class=\"has-text-align-center has-nv-site-bg-color has-text-color has-link-color wp-elements-6379b51265fc23142be7ef62a7ac5535\" style=\"font-size:36px\"><strong>Noticias<\/strong><\/p>\n<\/div>\n<\/div><\/div>\n\n\n\n\t\t\t<div class=\"wp-block-uagb-post-grid uagb-post-grid  uagb-post__image-position-background uagb-post__image-enabled uagb-block-bd87d4ea     uagb-post__items uagb-post__columns-1 is-grid uagb-post__columns-tablet-2 uagb-post__columns-mobile-1 uagb-post__equal-height\" data-total=\"2\" style=\"\">\n\n\t\t\t\t\t\t\t\t\t\t\t\t<article class=\"uagb-post__inner-wrap\">\t\t\t\t\t\t\t\t<h4 class=\"uagb-post__title uagb-post__text\">\n\t\t\t\t<a href=\"http:\/\/nebula-b.com\/es\/2358-2\/\" target=\"_self\" rel=\"bookmark noopener noreferrer\">CISILE 2024 se celebr\u00f3 en mayo en Beijing China<\/a>\n\t\t\t<\/h4>\n\t\t\t\t\t\t\t<div class='uagb-post__text uagb-post__excerpt'>\n\t\t\t\t\t<p>La 21\u00aa Exposici\u00f3n Internacional de Instrumentos Cient\u00edficos y Equipos de Laboratorio de China Como una de las m\u00e1s grandes\u2026\t\t\t\t<\/div>\n\t\t\t\t\t\t<div class=\"uagb-post__text uagb-post__cta wp-block-button\">\n\t\t\t\t<a class=\"wp-block-button__link uagb-text-link\" style=\"\" href=\"http:\/\/nebula-b.com\/es\/2358-2\/\" target=\"_self\" rel=\"bookmark noopener noreferrer\">Leer m\u00e1s<\/a>\n\t\t\t<\/div>\n\t\t\t\t\t\t<div class='uagb-post__image'>\n\t\t\t\t\t\t\t<\/div>\n\t\t\t\n\t\t\t\t\t\t\t\t\t<\/article>\n\t\t\t\t\t\t\t\t\t\t\t\t\t\t\t\t<article class=\"uagb-post__inner-wrap\">\t\t\t\t\t\t\t\t<h4 class=\"uagb-post__title uagb-post__text\">\n\t\t\t\t<a href=\"http:\/\/nebula-b.com\/es\/hola-mundo\/\" target=\"_self\" rel=\"bookmark noopener noreferrer\">Nebula-b asisti\u00f3 a Analytica China<\/a>\n\t\t\t<\/h4>\n\t\t\t\t\t\t\t<div class='uagb-post__text uagb-post__excerpt'>\n\t\t\t\t\t<p>Shanghai Nebula-b Science and Technology Co., Ltd. asisti\u00f3 a Analytica China en Shanghai el 13 de julio\u2026\t\t\t\t<\/div>\n\t\t\t\t\t\t<div class=\"uagb-post__text uagb-post__cta wp-block-button\">\n\t\t\t\t<a class=\"wp-block-button__link uagb-text-link\" style=\"\" href=\"http:\/\/nebula-b.com\/es\/hola-mundo\/\" target=\"_self\" rel=\"bookmark noopener noreferrer\">Leer m\u00e1s<\/a>\n\t\t\t<\/div>\n\t\t\t\t\t\t<div class='uagb-post__image'>\n\t\t\t\t\t\t\t\t\t<a href=\"http:\/\/nebula-b.com\/es\/hola-mundo\/\" target=\"_self\" rel=\"bookmark noopener noreferrer\"><img loading=\"lazy\" decoding=\"async\" width=\"1280\" height=\"960\" src=\"http:\/\/nebula-b.com\/wp-content\/uploads\/2024\/03\/earth-65050_1280.jpg\" class=\"attachment-full size-full\" alt=\"Cont\u00e1ctenos\" srcset=\"http:\/\/nebula-b.com\/wp-content\/uploads\/2024\/03\/earth-65050_1280.jpg 1280w, http:\/\/nebula-b.com\/wp-content\/uploads\/2024\/03\/earth-65050_1280-300x225.jpg 300w, http:\/\/nebula-b.com\/wp-content\/uploads\/2024\/03\/earth-65050_1280-1024x768.jpg 1024w, http:\/\/nebula-b.com\/wp-content\/uploads\/2024\/03\/earth-65050_1280-768x576.jpg 768w\" sizes=\"auto, (max-width: 1280px) 100vw, 1280px\" title=\"Cont\u00e1ctenos\" \/>\t\t\t\t\t<\/a>\n\t\t\t\t\t\t\t\t\t<\/div>\n\t\t\t\n\t\t\t\t\t\t\t\t\t<\/article>\n\t\t\t\t\t\t\t\t\t\t\t\t\t<div class=\"uagb-post-pagination-wrap\">\n\t\t\t\t\t\t<span aria-current=\"page\" class=\"page-numbers current\">1<\/span>\n<a class=\"page-numbers\" href=\"http:\/\/nebula-b.com\/es\/wp-json\/wp\/v2\/pages\/1430\/page\/2\/\">2<\/a>\n<a class=\"next page-numbers\" href=\"http:\/\/nebula-b.com\/es\/wp-json\/wp\/v2\/pages\/1430\/page\/2\/\">Pr\u00f3ximo &quot;<\/a>\t\t\t\t\t<\/div>\n\t\t\t\t\t\t\t\t<\/div>","protected":false},"excerpt":{"rendered":"","protected":false},"author":2,"featured_media":0,"parent":0,"menu_order":0,"comment_status":"closed","ping_status":"closed","template":"","meta":{"_uag_custom_page_level_css":"","ub_ctt_via":"","neve_meta_sidebar":"","neve_meta_container":"","neve_meta_enable_content_width":"","neve_meta_content_width":0,"neve_meta_title_alignment":"","neve_meta_author_avatar":"","neve_post_elements_order":"","neve_meta_disable_header":"","neve_meta_disable_footer":"","neve_meta_disable_title":"on","_themeisle_gutenberg_block_has_review":false,"footnotes":""},"class_list":["post-1430","page","type-page","status-publish","hentry"],"featured_image_src":null,"uagb_featured_image_src":{"full":false,"thumbnail":false,"medium":false,"medium_large":false,"large":false,"1536x1536":false,"2048x2048":false,"trp-custom-language-flag":false,"neve-blog":false},"uagb_author_info":{"display_name":"liu, stacey","author_link":"http:\/\/nebula-b.com\/es\/author\/stacey\/"},"uagb_comment_info":0,"uagb_excerpt":null,"_links":{"self":[{"href":"http:\/\/nebula-b.com\/es\/wp-json\/wp\/v2\/pages\/1430","targetHints":{"allow":["GET"]}}],"collection":[{"href":"http:\/\/nebula-b.com\/es\/wp-json\/wp\/v2\/pages"}],"about":[{"href":"http:\/\/nebula-b.com\/es\/wp-json\/wp\/v2\/types\/page"}],"author":[{"embeddable":true,"href":"http:\/\/nebula-b.com\/es\/wp-json\/wp\/v2\/users\/2"}],"replies":[{"embeddable":true,"href":"http:\/\/nebula-b.com\/es\/wp-json\/wp\/v2\/comments?post=1430"}],"version-history":[{"count":2,"href":"http:\/\/nebula-b.com\/es\/wp-json\/wp\/v2\/pages\/1430\/revisions"}],"predecessor-version":[{"id":2344,"href":"http:\/\/nebula-b.com\/es\/wp-json\/wp\/v2\/pages\/1430\/revisions\/2344"}],"wp:attachment":[{"href":"http:\/\/nebula-b.com\/es\/wp-json\/wp\/v2\/media?parent=1430"}],"curies":[{"name":"wp","href":"https:\/\/api.w.org\/{rel}","templated":true}]}}