{"id":292,"date":"2023-12-27T16:18:51","date_gmt":"2023-12-27T08:18:51","guid":{"rendered":"https:\/\/wp.kxwar.com\/?page_id=292"},"modified":"2024-04-16T11:15:12","modified_gmt":"2024-04-16T03:15:12","slug":"stereomicroscope","status":"publish","type":"page","link":"http:\/\/nebula-b.com\/de\/stereomikroskop\/","title":{"rendered":"Stereomikroskope"},"content":{"rendered":"<div class=\"wp-block-columns has-small-font-size is-layout-flex wp-container-core-columns-is-layout-b934f1a7 wp-block-columns-is-layout-flex\" style=\"border-style:none;border-width:0px;border-radius:0px;padding-top:0;padding-right:var(--wp--preset--spacing--20);padding-bottom:0;padding-left:var(--wp--preset--spacing--20)\">\n<div class=\"wp-block-column is-layout-flow wp-block-column-is-layout-flow\" style=\"flex-basis:40%\">\n<div class=\"wp-block-stackable-carousel stk-block-carousel stk--is-slide stk--arrows-justify-space-between stk--arrows-align-center stk-block stk-9336aea\" data-slides-to-show=\"\" data-block-id=\"9336aea\"><div class=\"stk-block-carousel__content-wrapper\"><div class=\"stk-row stk-inner-blocks stk-block-content stk-block-carousel__slider-wrapper stk-content-align stk-9336aea-column\"><div class=\"stk-block-carousel__slider\" role=\"list\" data-autoplay=\"4000\" data-label-slide-of=\"Slide %%d of %%d\">\n<div class=\"wp-block-stackable-column stk-block-column stk-column stk-block stk-e7af2ca\" data-v=\"4\" data-block-id=\"e7af2ca\"><style>.stk-e7af2ca{align-self:center !important}<\/style><div class=\"stk-column-wrapper stk-block-column__content stk-container stk-e7af2ca-container stk--no-background stk--no-padding\"><div class=\"stk-block-content stk-inner-blocks stk-e7af2ca-inner-blocks\">\n<div class=\"wp-block-stackable-image stk-block-image stk-block stk-d699d7e\" data-block-id=\"d699d7e\"><figure><span class=\"stk-img-wrapper stk-image--shape-stretch\"><img alt=\"Stereomikroskope\" loading=\"lazy\" decoding=\"async\" class=\"stk-img wp-image-882\" src=\"https:\/\/nebula-b.com\/wp-content\/uploads\/2024\/02\/Stero1.jpg\" width=\"1500\" height=\"1500\" srcset=\"http:\/\/nebula-b.com\/wp-content\/uploads\/2024\/02\/Stero1.jpg 1500w, http:\/\/nebula-b.com\/wp-content\/uploads\/2024\/02\/Stero1-300x300.jpg 300w, http:\/\/nebula-b.com\/wp-content\/uploads\/2024\/02\/Stero1-1024x1024.jpg 1024w, http:\/\/nebula-b.com\/wp-content\/uploads\/2024\/02\/Stero1-150x150.jpg 150w, http:\/\/nebula-b.com\/wp-content\/uploads\/2024\/02\/Stero1-768x768.jpg 768w\" sizes=\"auto, (max-width: 1500px) 100vw, 1500px\" \/><\/span><\/figure><\/div>\n<\/div><\/div><\/div>\n\n\n\n<div class=\"wp-block-stackable-column stk-block-column stk-column stk-block stk-6847d17\" data-v=\"4\" data-block-id=\"6847d17\"><style>.stk-6847d17{align-self:center !important}<\/style><div class=\"stk-column-wrapper stk-block-column__content stk-container stk-6847d17-container stk--no-background stk--no-padding\"><div class=\"stk-block-content stk-inner-blocks stk-6847d17-inner-blocks\">\n<div class=\"wp-block-stackable-image stk-block-image stk-block stk-eee5d3d\" data-block-id=\"eee5d3d\"><figure><span class=\"stk-img-wrapper stk-image--shape-stretch\"><img alt=\"Stereomikroskope\" loading=\"lazy\" decoding=\"async\" class=\"stk-img wp-image-883\" src=\"https:\/\/nebula-b.com\/wp-content\/uploads\/2024\/02\/stero2.jpg\" width=\"1500\" height=\"1500\" srcset=\"http:\/\/nebula-b.com\/wp-content\/uploads\/2024\/02\/stero2.jpg 1500w, http:\/\/nebula-b.com\/wp-content\/uploads\/2024\/02\/stero2-300x300.jpg 300w, http:\/\/nebula-b.com\/wp-content\/uploads\/2024\/02\/stero2-1024x1024.jpg 1024w, http:\/\/nebula-b.com\/wp-content\/uploads\/2024\/02\/stero2-150x150.jpg 150w, http:\/\/nebula-b.com\/wp-content\/uploads\/2024\/02\/stero2-768x768.jpg 768w\" sizes=\"auto, (max-width: 1500px) 100vw, 1500px\" \/><\/span><\/figure><\/div>\n<\/div><\/div><\/div>\n<\/div><div class=\"stk-block-carousel__buttons\"><button class=\"stk-block-carousel__button stk-block-carousel__button__prev\" aria-label=\"Vorherige Folie\"><svg aria-hidden=\"true\" focusable=\"false\" data-prefix=\"fas\" data-icon=\"chevron-left\" class=\"svg-inline--fa fa-chevron-left\" xmlns=\"http:\/\/www.w3.org\/2000\/svg\" viewbox=\"0 0 320 512\" width=\"32\" height=\"32\"><path d=\"M34.52 239.03L228.87 44.69c9.37-9.37 24.57-9.37 33.94 0l22.67 22.67c9.36 9.36 9.37 24.52.04 33.9L131.49 256l154.02 154.75c9.34 9.38 9.32 24.54-.04 33.9l-22.67 22.67c-9.37 9.37-24.57 9.37-33.94 0L34.52 272.97c-9.37-9.37-9.37-24.57 0-33.94z\"><\/path><\/svg><\/button><button class=\"stk-block-carousel__button stk-block-carousel__button__next\" aria-label=\"N\u00e4chste Folie\"><svg aria-hidden=\"true\" focusable=\"false\" data-prefix=\"fas\" data-icon=\"chevron-right\" class=\"svg-inline--fa fa-chevron-right\" xmlns=\"http:\/\/www.w3.org\/2000\/svg\" viewbox=\"0 0 320 512\" width=\"32\" height=\"32\"><path d=\"M285.476 272.971L91.132 467.314c-9.373 9.373-24.569 9.373-33.941 0l-22.667-22.667c-9.357-9.357-9.375-24.522-.04-33.901L188.505 256 34.484 101.255c-9.335-9.379-9.317-24.544.04-33.901l22.667-22.667c9.373-9.373 24.569-9.373 33.941 0L285.475 239.03c9.373 9.372 9.373 24.568.001 33.941z\"><\/path><\/svg><\/button><\/div><\/div><div class=\"stk-block-carousel__dots\" role=\"list\" data-label=\"Slide %%d\"><\/div><\/div><\/div>\n<\/div>\n\n\n\n<div class=\"wp-block-column is-layout-flow wp-block-column-is-layout-flow\" style=\"border-style:none;border-width:0px;flex-basis:60%\">\n<p style=\"font-size:16px\"><strong>Merkmale<\/strong> <\/p>\n\n\n\n<p style=\"font-size:15px\">\u2727 Gro\u00dfer Arbeitsabstand, gro\u00dfe Sch\u00e4rfentiefe, gro\u00dfes Zoomverh\u00e4ltnis;<br>\u2727 Produkte k\u00f6nnen in der Biologie, Medizin, Industrie, Landwirtschaft usw. vielseitig eingesetzt werden.<br>\u2727 verschiedene Vergr\u00f6\u00dferungsokulare, Fadenkreuzokulare und gro\u00dfe Objektivlinsen optional;<br>\u2727 Der trinokulare Host kann mit CCD- (CMOS-) und Digitalkameras verbunden werden;<br>\u2727 kann mit verschiedenen Basen und Universalhalterungen, LED-Ringlichtern, Ringleuchtstofflampen ausgestattet werden,<br>Glasfaser usw.<\/p>\n<\/div>\n<\/div>\n\n\n\n<p><strong>Parameter<\/strong><\/p>\n\n\n\n<figure class=\"wp-block-table is-style-stripes\"><table><tbody><tr><td><\/td><td><strong>S45<\/strong><\/td><td><strong>S65<\/strong><\/td><td><strong>S70<\/strong><\/td><td><strong>S80<\/strong><\/td><\/tr><tr><td><strong>Vergr\u00f6\u00dferung<\/strong><\/td><td>Gesamtvergr\u00f6\u00dferung 7\u00d7 ~ 45\u00d7<\/td><td>Gesamtvergr\u00f6\u00dferung 10\u00d7 ~ 65\u00d7<\/td><td>Gesamtvergr\u00f6\u00dferung 8\u00d7 ~70\u00d7<\/td><td>Gesamtvergr\u00f6\u00dferung 8X ~ 80X<\/td><\/tr><tr><td><strong>Zoomfaktor<\/strong><\/td><td>1 : 6.5<\/td><td>1 : 6.5<\/td><td>1 : 8.8<\/td><td>1 : 10<\/td><\/tr><tr><td><strong>Okular<\/strong><\/td><td>SWH10X High Eye Point Super-Weitwinkel-Okular, Sichtfeld \u03a623mm<\/td><td>SWH10X High Eye Point Super-Weitwinkel-Okular, Sichtfeld \u03a623mm<\/td><td>SWH10X High Eye Point Super-Weitwinkel-Okular, Sichtfeld \u03a623mm<\/td><td>SWH10X High Eye Point Super-Weitwinkel-Okular, Sichtfeld \u03a622mm<\/td><\/tr><tr><td><strong>Objektivlinse<\/strong><\/td><td>\u3000<\/td><td>\u3000<\/td><td>\u3000<\/td><td>1X Planziel<\/td><\/tr><tr><td><strong>Rohr<\/strong><\/td><td>45\u00b0 geneigt<\/td><td>45\u00b0 geneigt<\/td><td>35\u00b0 geneigt<\/td><td>45\u00b0 geneigt<\/td><\/tr><tr><td><strong>Arbeitsentfernung<\/strong><\/td><td>110 mm<\/td><td>110 mm<\/td><td>108 mm<\/td><td>91 mm;<\/td><\/tr><tr><td><strong>Fokussierbereich<\/strong><\/td><td>50 mm (100 mm bei einem quadratischen Pfosten)<\/td><td>50 mm (100 mm bei einem quadratischen Pfosten)<\/td><td>50 mm (100 mm bei einem quadratischen Pfosten)<\/td><td>50 mm (100 mm bei einem quadratischen Pfosten)<\/td><\/tr><tr><td><strong>Einstellbereich des Augenabstands<\/strong><\/td><td>52 bis 76 mm<\/td><td>52 bis 76 mm<\/td><td>52 bis 76 mm<\/td><td>52 bis 76 mm<\/td><\/tr><tr><td><strong>Dioptrien-Einstellbereich<\/strong><\/td><td>\u00b16 Dioptrien<\/td><td>\u00b16 Dioptrien<\/td><td>\u00b16 Dioptrien<\/td><td>\u00b16 Dioptrien<\/td><\/tr><tr><td><strong>Passende Gr\u00f6\u00dfe von Halterung und Host<\/strong><\/td><td>\u03c676mm<\/td><td>\u03c676mm<\/td><td>\u03c676mm<\/td><td>\u03c676mm<\/td><\/tr><tr><td><strong>Achsabstand zwischen Pfosten und Konsole<\/strong><\/td><td>140 mm<\/td><td>140 mm<\/td><td>140 mm<\/td><td>140 mm<\/td><\/tr><tr><td><strong>Durchmesser des Rundpfostens<\/strong><\/td><td>\u03a625 mm<\/td><td>\u03a625 mm<\/td><td>\u03a625 mm<\/td><td>\u03a625 mm<\/td><\/tr><tr><td><strong>Durchmesser der Objekttischplatte<\/strong><\/td><td>\u03a6 95 mm<\/td><td>\u03a6 95 mm<\/td><td>\u03a6 95 mm<\/td><td>\u03a6 95 mm<\/td><\/tr><tr><td><strong>Lichtquelle<\/strong><\/td><td>Es kann mit einer Durchlichtbeleuchtung mit Leuchtstofflampe (5 W) oder einer Reflexionsbeleuchtung mit Halogen-Wolframlampe (6 V\/10 W, einstellbar) ausgestattet werden.<\/td><td>Es kann mit einer Durchlichtbeleuchtung mit Leuchtstofflampe (5 W) oder einer Reflexionsbeleuchtung mit Halogen-Wolframlampe (6 V\/10 W, einstellbar) ausgestattet werden.<\/td><td>Es kann mit einer Durchlichtbeleuchtung mit Leuchtstofflampe (5 W) oder einer Reflexionsbeleuchtung mit Halogen-Wolframlampe (6 V\/10 W, einstellbar) ausgestattet werden.<\/td><td>Es kann mit einer Durchlichtbeleuchtung mit Leuchtstofflampe (5 W) oder einer Reflexionsbeleuchtung mit Halogen-Wolframlampe (6 V\/10 W, einstellbar) ausgestattet werden.<\/td><\/tr><\/tbody><\/table><\/figure>","protected":false},"excerpt":{"rendered":"<p>Features \u2727 Long working distance, large depth of field, large zoom ratio;\u2727 products can be widely used in biology, medicine, industry, agriculture and etc.\u2727 various magnification eyepieces, reticle eyepieces and large objective lenses optional;\u2727 the trinocular host can be connected with CCD (CMOS) and digital cameras;\u2727 could be equipped with various bases and universal brackets,&hellip;&nbsp;<a href=\"http:\/\/nebula-b.com\/de\/stereomikroskop\/\" class=\"\" rel=\"bookmark\">Weiterlesen \u00bb<span class=\"screen-reader-text\">Stereomikroskope<\/span><\/a><\/p>","protected":false},"author":2,"featured_media":0,"parent":0,"menu_order":0,"comment_status":"closed","ping_status":"closed","template":"","meta":{"_uag_custom_page_level_css":"","ub_ctt_via":"","neve_meta_sidebar":"","neve_meta_container":"","neve_meta_enable_content_width":"","neve_meta_content_width":0,"neve_meta_title_alignment":"","neve_meta_author_avatar":"","neve_post_elements_order":"","neve_meta_disable_header":"","neve_meta_disable_footer":"","neve_meta_disable_title":"","_themeisle_gutenberg_block_has_review":false,"footnotes":""},"class_list":["post-292","page","type-page","status-publish","hentry"],"featured_image_src":null,"uagb_featured_image_src":{"full":false,"thumbnail":false,"medium":false,"medium_large":false,"large":false,"1536x1536":false,"2048x2048":false,"trp-custom-language-flag":false,"neve-blog":false},"uagb_author_info":{"display_name":"liu, stacey","author_link":"http:\/\/nebula-b.com\/de\/author\/stacey\/"},"uagb_comment_info":0,"uagb_excerpt":"Features \u2727 Long working distance, large depth of field, large zoom ratio;\u2727 products can be widely used in biology, medicine, industry, agriculture and etc.\u2727 various magnification eyepieces, reticle eyepieces and large objective lenses optional;\u2727 the trinocular host can be connected with CCD (CMOS) and digital cameras;\u2727 could be equipped with various bases and universal brackets,&hellip;&nbsp;Weiterlesen&hellip;","_links":{"self":[{"href":"http:\/\/nebula-b.com\/de\/wp-json\/wp\/v2\/pages\/292","targetHints":{"allow":["GET"]}}],"collection":[{"href":"http:\/\/nebula-b.com\/de\/wp-json\/wp\/v2\/pages"}],"about":[{"href":"http:\/\/nebula-b.com\/de\/wp-json\/wp\/v2\/types\/page"}],"author":[{"embeddable":true,"href":"http:\/\/nebula-b.com\/de\/wp-json\/wp\/v2\/users\/2"}],"replies":[{"embeddable":true,"href":"http:\/\/nebula-b.com\/de\/wp-json\/wp\/v2\/comments?post=292"}],"version-history":[{"count":3,"href":"http:\/\/nebula-b.com\/de\/wp-json\/wp\/v2\/pages\/292\/revisions"}],"predecessor-version":[{"id":1875,"href":"http:\/\/nebula-b.com\/de\/wp-json\/wp\/v2\/pages\/292\/revisions\/1875"}],"wp:attachment":[{"href":"http:\/\/nebula-b.com\/de\/wp-json\/wp\/v2\/media?parent=292"}],"curies":[{"name":"wp","href":"https:\/\/api.w.org\/{rel}","templated":true}]}}