{"id":290,"date":"2023-12-27T16:18:06","date_gmt":"2023-12-27T08:18:06","guid":{"rendered":"https:\/\/wp.kxwar.com\/?page_id=290"},"modified":"2024-04-16T11:10:55","modified_gmt":"2024-04-16T03:10:55","slug":"water-bath-slide-dryer","status":"publish","type":"page","link":"http:\/\/nebula-b.com\/de\/objekttragertrockner-im-wasserbad\/","title":{"rendered":"Wasserbad und Objekttr\u00e4gertrockner"},"content":{"rendered":"<div class=\"wp-block-columns has-small-font-size is-layout-flex wp-container-core-columns-is-layout-b934f1a7 wp-block-columns-is-layout-flex\" style=\"border-style:none;border-width:0px;border-radius:0px;padding-top:0;padding-right:var(--wp--preset--spacing--20);padding-bottom:0;padding-left:var(--wp--preset--spacing--20)\">\n<div class=\"wp-block-column is-layout-flow wp-block-column-is-layout-flow\" style=\"flex-basis:40%\">\n<div class=\"wp-block-stackable-carousel stk-block-carousel stk--is-slide stk--arrows-justify-space-between stk--arrows-align-center stk-block stk-9336aea\" data-slides-to-show=\"\" data-block-id=\"9336aea\"><div class=\"stk-block-carousel__content-wrapper\"><div class=\"stk-row stk-inner-blocks stk-block-content stk-block-carousel__slider-wrapper stk-content-align stk-9336aea-column\"><div class=\"stk-block-carousel__slider\" role=\"list\" data-autoplay=\"4000\" data-label-slide-of=\"Slide %%d of %%d\">\n<div class=\"wp-block-stackable-column stk-block-column stk-column stk-block stk-e7af2ca\" data-v=\"4\" data-block-id=\"e7af2ca\"><style>.stk-e7af2ca{align-self:center !important}<\/style><div class=\"stk-column-wrapper stk-block-column__content stk-container stk-e7af2ca-container stk--no-background stk--no-padding\"><div class=\"stk-block-content stk-inner-blocks stk-e7af2ca-inner-blocks\">\n<div class=\"wp-block-stackable-image stk-block-image stk-block stk-d699d7e\" data-block-id=\"d699d7e\"><figure><span class=\"stk-img-wrapper stk-image--shape-stretch\"><img alt=\"Wasserbad und Objekttr\u00e4gertrockner\" loading=\"lazy\" decoding=\"async\" class=\"stk-img wp-image-875\" src=\"https:\/\/nebula-b.com\/wp-content\/uploads\/2024\/02\/Water-bath.jpg\" width=\"1500\" height=\"1500\" srcset=\"http:\/\/nebula-b.com\/wp-content\/uploads\/2024\/02\/Water-bath.jpg 1500w, http:\/\/nebula-b.com\/wp-content\/uploads\/2024\/02\/Water-bath-300x300.jpg 300w, http:\/\/nebula-b.com\/wp-content\/uploads\/2024\/02\/Water-bath-1024x1024.jpg 1024w, http:\/\/nebula-b.com\/wp-content\/uploads\/2024\/02\/Water-bath-150x150.jpg 150w, http:\/\/nebula-b.com\/wp-content\/uploads\/2024\/02\/Water-bath-768x768.jpg 768w\" sizes=\"auto, (max-width: 1500px) 100vw, 1500px\" \/><\/span><\/figure><\/div>\n<\/div><\/div><\/div>\n<\/div><div class=\"stk-block-carousel__buttons\"><button class=\"stk-block-carousel__button stk-block-carousel__button__prev\" aria-label=\"Vorherige Folie\"><svg aria-hidden=\"true\" focusable=\"false\" data-prefix=\"fas\" data-icon=\"chevron-left\" class=\"svg-inline--fa fa-chevron-left\" xmlns=\"http:\/\/www.w3.org\/2000\/svg\" viewbox=\"0 0 320 512\" width=\"32\" height=\"32\"><path d=\"M34.52 239.03L228.87 44.69c9.37-9.37 24.57-9.37 33.94 0l22.67 22.67c9.36 9.36 9.37 24.52.04 33.9L131.49 256l154.02 154.75c9.34 9.38 9.32 24.54-.04 33.9l-22.67 22.67c-9.37 9.37-24.57 9.37-33.94 0L34.52 272.97c-9.37-9.37-9.37-24.57 0-33.94z\"><\/path><\/svg><\/button><button class=\"stk-block-carousel__button stk-block-carousel__button__next\" aria-label=\"N\u00e4chste Folie\"><svg aria-hidden=\"true\" focusable=\"false\" data-prefix=\"fas\" data-icon=\"chevron-right\" class=\"svg-inline--fa fa-chevron-right\" xmlns=\"http:\/\/www.w3.org\/2000\/svg\" viewbox=\"0 0 320 512\" width=\"32\" height=\"32\"><path d=\"M285.476 272.971L91.132 467.314c-9.373 9.373-24.569 9.373-33.941 0l-22.667-22.667c-9.357-9.357-9.375-24.522-.04-33.901L188.505 256 34.484 101.255c-9.335-9.379-9.317-24.544.04-33.901l22.667-22.667c9.373-9.373 24.569-9.373 33.941 0L285.475 239.03c9.373 9.372 9.373 24.568.001 33.941z\"><\/path><\/svg><\/button><\/div><\/div><div class=\"stk-block-carousel__dots\" role=\"list\" data-label=\"Slide %%d\"><\/div><\/div><\/div>\n<\/div>\n\n\n\n<div class=\"wp-block-column is-layout-flow wp-block-column-is-layout-flow\" style=\"border-style:none;border-width:0px;flex-basis:60%\">\n<p style=\"font-size:16px\"><strong>Merkmale<\/strong><\/p>\n\n\n\n<p style=\"font-size:15px\">\u2727 Drei Funktionen: Wasserbaden, L\u00fcften und W\u00e4rmen in einem Design;<br>\u2727 hochaufl\u00f6sender Farb-Touchscreen;&nbsp;<br>\u2727 Zeitfunktion, die so eingestellt werden kann, dass sie von Montag bis Sonntag jederzeit startet oder stoppt;<br>\u2727 individuelle Steuerung von Rutschenbad, Bel\u00fcftung und Erw\u00e4rmung;<br>\u2727 einzigartige Summer-Erinnerungsfunktion f\u00fcr beliebig lange Zeitr\u00e4ume;<br>\u2727 Dreifaches Temperaturkontroll-Schutzsystem, das verhindert, dass Gewebeschnitte durch \u00fcberm\u00e4\u00dfige Temperaturen besch\u00e4digt werden.<\/p>\n<\/div>\n<\/div>\n\n\n\n<p><strong>Parameter<\/strong><\/p>\n\n\n\n<figure class=\"wp-block-table is-style-stripes\"><table><tbody><tr><td><strong>Modell Nr.<\/strong> <\/td><td><strong>SD 321<\/strong><br>Wasserbad und Objekttr\u00e4gertrockner<\/td><\/tr><tr><td>Wasserbad (L\u00d7B\u00d7H)<\/td><td>210 x 170 x 55 mm. Das Niedervolt-LED-Licht mit stufenlos einstellbarer Helligkeit am Boden des Beh\u00e4lters sorgt f\u00fcr eine deutlichere Anzeige der Dias;<\/td><\/tr><tr><td>Objekttr\u00e4gerw\u00e4rmer<\/td><td>Die farbenfrohe, verschlei\u00dffeste Oberfl\u00e4che und das mehrschichtige Abschr\u00e4gungsdesign verbessern die Kapazit\u00e4t effektiv auf bis zu 60 Objekttr\u00e4ger;<\/td><\/tr><tr><td>Schiebeluftblasbeh\u00e4lter (L\u00d7B\u00d7H)<\/td><td>240 x 152 x 110 mm. Es k\u00f6nnen 6 S\u00e4tze Standard-F\u00e4rbegestelle platziert und 180 Objekttr\u00e4ger gleichzeitig verarbeitet werden.<\/td><\/tr><tr><td>Abmessungen (L\u00d7B\u00d7H)<\/td><td>570*430*180 mm<\/td><\/tr><\/tbody><\/table><\/figure>","protected":false},"excerpt":{"rendered":"<p>Funktionen \u2727 Drei Funktionen: Wasserbaden, L\u00fcften und W\u00e4rmen in einem Design; \u2727 hochaufl\u00f6sender Farb-Touchscreen; \u2727 Zeitfunktion, die so eingestellt werden kann, dass sie von Montag bis Sonntag jederzeit gestartet oder gestoppt wird; \u2727 individuelle Steuerung von Wasserbaden, L\u00fcften und W\u00e4rmen; \u2727 einzigartige Summer-Erinnerungsfunktion f\u00fcr beliebig lange Zeitr\u00e4ume; \u2727 dreifacher Temperaturkontrollschutz \u2026&nbsp;<a href=\"http:\/\/nebula-b.com\/de\/objekttragertrockner-im-wasserbad\/\" class=\"\" rel=\"bookmark\">Weiterlesen \u00bb<span class=\"screen-reader-text\">Wasserbad und Objekttr\u00e4gertrockner<\/span><\/a><\/p>","protected":false},"author":2,"featured_media":0,"parent":0,"menu_order":0,"comment_status":"closed","ping_status":"closed","template":"","meta":{"_uag_custom_page_level_css":"","ub_ctt_via":"","neve_meta_sidebar":"","neve_meta_container":"","neve_meta_enable_content_width":"","neve_meta_content_width":0,"neve_meta_title_alignment":"","neve_meta_author_avatar":"","neve_post_elements_order":"","neve_meta_disable_header":"","neve_meta_disable_footer":"","neve_meta_disable_title":"","_themeisle_gutenberg_block_has_review":false,"footnotes":""},"class_list":["post-290","page","type-page","status-publish","hentry"],"featured_image_src":null,"uagb_featured_image_src":{"full":false,"thumbnail":false,"medium":false,"medium_large":false,"large":false,"1536x1536":false,"2048x2048":false,"trp-custom-language-flag":false,"neve-blog":false},"uagb_author_info":{"display_name":"liu, stacey","author_link":"http:\/\/nebula-b.com\/de\/author\/stacey\/"},"uagb_comment_info":0,"uagb_excerpt":"Features \u2727 Three functions of water bathing, airing and warming in one design;\u2727 high-definition color touch screen;&nbsp;\u2727&nbsp;timing function which can be set to start or stop at any time from Monday to Sunday;\u2727 individually control of slide bathing, airing and warming;\u2727 unique buzzer reminder function available for any length of time;\u2727 triple temperature control protection&hellip;&nbsp;Weiterlesen&hellip;","_links":{"self":[{"href":"http:\/\/nebula-b.com\/de\/wp-json\/wp\/v2\/pages\/290","targetHints":{"allow":["GET"]}}],"collection":[{"href":"http:\/\/nebula-b.com\/de\/wp-json\/wp\/v2\/pages"}],"about":[{"href":"http:\/\/nebula-b.com\/de\/wp-json\/wp\/v2\/types\/page"}],"author":[{"embeddable":true,"href":"http:\/\/nebula-b.com\/de\/wp-json\/wp\/v2\/users\/2"}],"replies":[{"embeddable":true,"href":"http:\/\/nebula-b.com\/de\/wp-json\/wp\/v2\/comments?post=290"}],"version-history":[{"count":3,"href":"http:\/\/nebula-b.com\/de\/wp-json\/wp\/v2\/pages\/290\/revisions"}],"predecessor-version":[{"id":1874,"href":"http:\/\/nebula-b.com\/de\/wp-json\/wp\/v2\/pages\/290\/revisions\/1874"}],"wp:attachment":[{"href":"http:\/\/nebula-b.com\/de\/wp-json\/wp\/v2\/media?parent=290"}],"curies":[{"name":"wp","href":"https:\/\/api.w.org\/{rel}","templated":true}]}}