{"id":288,"date":"2023-12-27T16:17:16","date_gmt":"2023-12-27T08:17:16","guid":{"rendered":"https:\/\/wp.kxwar.com\/?page_id=288"},"modified":"2024-04-17T15:07:38","modified_gmt":"2024-04-17T07:07:38","slug":"paraffin-embedding-center","status":"publish","type":"page","link":"http:\/\/nebula-b.com\/de\/paraffineinbettungszentrum\/","title":{"rendered":"Paraffineinbettungsstation"},"content":{"rendered":"<div class=\"wp-block-columns has-small-font-size is-layout-flex wp-container-core-columns-is-layout-b934f1a7 wp-block-columns-is-layout-flex\" style=\"border-style:none;border-width:0px;border-radius:0px;padding-top:0;padding-right:var(--wp--preset--spacing--20);padding-bottom:0;padding-left:var(--wp--preset--spacing--20)\">\n<div class=\"wp-block-column is-layout-flow wp-block-column-is-layout-flow\" style=\"flex-basis:40%\">\n<div class=\"wp-block-stackable-carousel stk-block-carousel stk--is-slide stk--arrows-justify-space-between stk--arrows-align-center stk-block stk-9336aea\" data-slides-to-show=\"\" data-block-id=\"9336aea\"><div class=\"stk-block-carousel__content-wrapper\"><div class=\"stk-row stk-inner-blocks stk-block-content stk-block-carousel__slider-wrapper stk-content-align stk-9336aea-column\"><div class=\"stk-block-carousel__slider\" role=\"list\" data-autoplay=\"4000\" data-label-slide-of=\"Slide %%d of %%d\">\n<div class=\"wp-block-stackable-column stk-block-column stk-column stk-block stk-e7af2ca\" data-v=\"4\" data-block-id=\"e7af2ca\"><style>.stk-e7af2ca{align-self:center !important}<\/style><div class=\"stk-column-wrapper stk-block-column__content stk-container stk-e7af2ca-container stk--no-background stk--no-padding\"><div class=\"stk-block-content stk-inner-blocks stk-e7af2ca-inner-blocks\">\n<div class=\"wp-block-stackable-image stk-block-image stk-block stk-d699d7e\" data-block-id=\"d699d7e\"><figure><span class=\"stk-img-wrapper stk-image--shape-stretch\"><img alt=\"Paraffineinbettungsstation\" loading=\"lazy\" decoding=\"async\" class=\"stk-img wp-image-867\" src=\"https:\/\/nebula-b.com\/wp-content\/uploads\/2024\/02\/paraffin1.jpg\" width=\"1500\" height=\"1500\" srcset=\"http:\/\/nebula-b.com\/wp-content\/uploads\/2024\/02\/paraffin1.jpg 1500w, http:\/\/nebula-b.com\/wp-content\/uploads\/2024\/02\/paraffin1-300x300.jpg 300w, http:\/\/nebula-b.com\/wp-content\/uploads\/2024\/02\/paraffin1-1024x1024.jpg 1024w, http:\/\/nebula-b.com\/wp-content\/uploads\/2024\/02\/paraffin1-150x150.jpg 150w, http:\/\/nebula-b.com\/wp-content\/uploads\/2024\/02\/paraffin1-768x768.jpg 768w\" sizes=\"auto, (max-width: 1500px) 100vw, 1500px\" \/><\/span><\/figure><\/div>\n<\/div><\/div><\/div>\n<\/div><div class=\"stk-block-carousel__buttons\"><button class=\"stk-block-carousel__button stk-block-carousel__button__prev\" aria-label=\"Vorherige Folie\"><svg aria-hidden=\"true\" focusable=\"false\" data-prefix=\"fas\" data-icon=\"chevron-left\" class=\"svg-inline--fa fa-chevron-left\" xmlns=\"http:\/\/www.w3.org\/2000\/svg\" viewbox=\"0 0 320 512\" width=\"32\" height=\"32\"><path d=\"M34.52 239.03L228.87 44.69c9.37-9.37 24.57-9.37 33.94 0l22.67 22.67c9.36 9.36 9.37 24.52.04 33.9L131.49 256l154.02 154.75c9.34 9.38 9.32 24.54-.04 33.9l-22.67 22.67c-9.37 9.37-24.57 9.37-33.94 0L34.52 272.97c-9.37-9.37-9.37-24.57 0-33.94z\"><\/path><\/svg><\/button><button class=\"stk-block-carousel__button stk-block-carousel__button__next\" aria-label=\"N\u00e4chste Folie\"><svg aria-hidden=\"true\" focusable=\"false\" data-prefix=\"fas\" data-icon=\"chevron-right\" class=\"svg-inline--fa fa-chevron-right\" xmlns=\"http:\/\/www.w3.org\/2000\/svg\" viewbox=\"0 0 320 512\" width=\"32\" height=\"32\"><path d=\"M285.476 272.971L91.132 467.314c-9.373 9.373-24.569 9.373-33.941 0l-22.667-22.667c-9.357-9.357-9.375-24.522-.04-33.901L188.505 256 34.484 101.255c-9.335-9.379-9.317-24.544.04-33.901l22.667-22.667c9.373-9.373 24.569-9.373 33.941 0L285.475 239.03c9.373 9.372 9.373 24.568.001 33.941z\"><\/path><\/svg><\/button><\/div><\/div><div class=\"stk-block-carousel__dots\" role=\"list\" data-label=\"Slide %%d\"><\/div><\/div><\/div>\n<\/div>\n\n\n\n<div class=\"wp-block-column is-layout-flow wp-block-column-is-layout-flow\" style=\"border-style:none;border-width:0px;flex-basis:60%\">\n<p style=\"font-size:16px\"><strong>PE 1314<\/strong><\/p>\n\n\n\n<p style=\"font-size:15px\">Abmessungen der K\u00fchlplatte (L x B x H): 620 mm x 380 mm x 410 mm<br>Leistung der K\u00fchlplatte: 200 VA<br>Abmessungen der Arbeitsfl\u00e4che der K\u00fchlplatte: 345 mm x 330 mm<br>K\u00fchlplattentemperaturregelbereich: -30 ~ 30 \u2103<br>Abmessungen des Paraffinbeh\u00e4lters (L x B x H): 270 mm x 150 mm x 150 mm<br>Volumen: 6L<br>Beheizte Fl\u00e4che (L x B x H): 620 mm x 560 mm x 410 mm<br>Leistung der beheizten Fl\u00e4che: 1000 W<\/p>\n<\/div>\n<\/div>\n\n\n\n<p><strong>Merkmale<\/strong><\/p>\n\n\n\n<p>\u2727 Sowohl der Heizbereich als auch die K\u00fchlplatte sind mit hochaufl\u00f6senden Farb-Touchscreens ausgestattet, die eine klare Anzeige und einfache Bedienung bieten.<br>\u2727 Sowohl der Heizbereich als auch die K\u00fchlplatte verf\u00fcgen \u00fcber Zeitfunktionen, die so eingestellt werden k\u00f6nnen, dass sie von Montag bis Sonntag jederzeit starten oder stoppen.<br>\u2727 Der Heizbereich und die K\u00fchlplatte sind austauschbar, um den unterschiedlichen Nutzungsgewohnheiten der Kunden gerecht zu werden.<br>\u2727 Die Oberfl\u00e4che der K\u00fchlplatte wird per CNC-Verfahren aus einer 12 mm dicken 6061-Aluminiumplatte geformt und mit einer speziellen verschlei\u00dffesten Technologie behandelt, sodass mehrere Paraffingewebebl\u00f6cke gleichzeitig verarbeitet werden k\u00f6nnen.<br>\u2727 * Die Temperatur der K\u00fchlplatte kann je nach Benutzerbedarf beliebig und genau im Bereich von -30 bis 30 \u00b0C eingestellt werden.<br>\u2727 Hilfsk\u00fchlplatte zum Einbetten von kleinem Gewebe: Unterschiedliche K\u00fchltemperaturen k\u00f6nnen entsprechend eingestellt werden;<br>\u2727 Die mehrfachen Temperaturkontrollschutzfunktionen des beheizten Bereichs: vollautomatische Computertemperaturregelung, Thermostat\u00fcberwachung und -steuerung und eine sichere Paraffinschmelztemperatur im Temperatureinstellungsbereich von 0 \u00b0C bis 75 \u00b0C;<br>\u2727 Die linken und rechten Vorw\u00e4rmtanks sind abnehmbar und k\u00f6nnen unabh\u00e4ngig voneinander beheizt und gesteuert werden.<br>\u2727 Beleuchtung: Niedervolt-LED-Beleuchtung mit stufenlos einstellbarer Helligkeit, hell, sicher und energiesparend;<br>\u2727 Das neue Paraffin-Ablasssystem (8 L\u00f6cher) erleichtert die Reinigung der Arbeitsfl\u00e4che und verhindert, dass sich Paraffin auf der Oberfl\u00e4che ansammelt.<br>\u2727 Die Pinzette ist beheizbar und l\u00e4sst sich leicht von links oder rechts herausnehmen;<br>\u2727 * Die einzigartige duale Paraffin-Trimmfunktion: An beiden Enden der Arbeitsfl\u00e4che befinden sich Paraffin-Trimmer;<br>\u2727 * Mehrere unabh\u00e4ngige Heizstellen: linker Vorw\u00e4rmtank, rechter Vorw\u00e4rmtank, Arbeitsfl\u00e4che, Paraffinbeh\u00e4lter, Paraffinrohr, linker Trimmer und rechter Trimmer;&nbsp;<br>\u2727 Die Paraffinabgabe erfolgt auf zwei Arten per Kontaktschalter und Fu\u00dfpedal, die einfach und bequem zu bedienen sind.<\/p>","protected":false},"excerpt":{"rendered":"<p>PE 1314 Cold plate dimension(L*W*H): 620mm*380mm*410mCold plate power: 200VACold plate work surface dimension: 345mm*330mmCold plate temperature control range: -30~30\u2103Paraffin reservoir dimension(L*W*H): 270mm*150mm*150mmVolume: 6LHeated area(L*W*H): 620mm*560mm*410mmHeated area power: 1000W Features \u2727 Both the heated area and cold plate adopt high-definition color touch screens, which provides clear display and easy operation;\u2727 Both the heated area and cold&hellip;&nbsp;<a href=\"http:\/\/nebula-b.com\/de\/paraffineinbettungszentrum\/\" class=\"\" rel=\"bookmark\">Weiterlesen \u00bb<span class=\"screen-reader-text\">Paraffineinbettungsstation<\/span><\/a><\/p>","protected":false},"author":2,"featured_media":0,"parent":0,"menu_order":0,"comment_status":"closed","ping_status":"closed","template":"","meta":{"_uag_custom_page_level_css":"","ub_ctt_via":"","neve_meta_sidebar":"","neve_meta_container":"","neve_meta_enable_content_width":"","neve_meta_content_width":0,"neve_meta_title_alignment":"","neve_meta_author_avatar":"","neve_post_elements_order":"","neve_meta_disable_header":"","neve_meta_disable_footer":"","neve_meta_disable_title":"","_themeisle_gutenberg_block_has_review":false,"footnotes":""},"class_list":["post-288","page","type-page","status-publish","hentry"],"featured_image_src":null,"uagb_featured_image_src":{"full":false,"thumbnail":false,"medium":false,"medium_large":false,"large":false,"1536x1536":false,"2048x2048":false,"trp-custom-language-flag":false,"neve-blog":false},"uagb_author_info":{"display_name":"liu, stacey","author_link":"http:\/\/nebula-b.com\/de\/author\/stacey\/"},"uagb_comment_info":0,"uagb_excerpt":"PE 1314 Cold plate dimension(L*W*H): 620mm*380mm*410mCold plate power: 200VACold plate work surface dimension: 345mm*330mmCold plate temperature control range: -30~30\u2103Paraffin reservoir dimension(L*W*H): 270mm*150mm*150mmVolume: 6LHeated area(L*W*H): 620mm*560mm*410mmHeated area power: 1000W Features \u2727 Both the heated area and cold plate adopt high-definition color touch screens, which provides clear display and easy operation;\u2727 Both the heated area and cold&hellip;&nbsp;Weiterlesen&hellip;","_links":{"self":[{"href":"http:\/\/nebula-b.com\/de\/wp-json\/wp\/v2\/pages\/288","targetHints":{"allow":["GET"]}}],"collection":[{"href":"http:\/\/nebula-b.com\/de\/wp-json\/wp\/v2\/pages"}],"about":[{"href":"http:\/\/nebula-b.com\/de\/wp-json\/wp\/v2\/types\/page"}],"author":[{"embeddable":true,"href":"http:\/\/nebula-b.com\/de\/wp-json\/wp\/v2\/users\/2"}],"replies":[{"embeddable":true,"href":"http:\/\/nebula-b.com\/de\/wp-json\/wp\/v2\/comments?post=288"}],"version-history":[{"count":5,"href":"http:\/\/nebula-b.com\/de\/wp-json\/wp\/v2\/pages\/288\/revisions"}],"predecessor-version":[{"id":1871,"href":"http:\/\/nebula-b.com\/de\/wp-json\/wp\/v2\/pages\/288\/revisions\/1871"}],"wp:attachment":[{"href":"http:\/\/nebula-b.com\/de\/wp-json\/wp\/v2\/media?parent=288"}],"curies":[{"name":"wp","href":"https:\/\/api.w.org\/{rel}","templated":true}]}}