{"id":283,"date":"2023-12-27T16:12:04","date_gmt":"2023-12-27T08:12:04","guid":{"rendered":"https:\/\/wp.kxwar.com\/?page_id=283"},"modified":"2024-06-07T15:00:38","modified_gmt":"2024-06-07T07:00:38","slug":"chemiluminescence-imaging-systems","status":"publish","type":"page","link":"http:\/\/nebula-b.com\/de\/chemilumineszenz-bildgebungssysteme\/","title":{"rendered":"Multifunktionale Fluoreszenz-\/Chemilumineszenz-Bildgebungssysteme"},"content":{"rendered":"<div class=\"wp-block-uagb-container uagb-block-a203b57d alignfull uagb-is-root-container\"><div class=\"uagb-container-inner-blocks-wrap\">\n<div class=\"wp-block-columns has-small-font-size is-layout-flex wp-container-core-columns-is-layout-b934f1a7 wp-block-columns-is-layout-flex\" style=\"border-style:none;border-width:0px;border-radius:0px;padding-top:0;padding-right:var(--wp--preset--spacing--20);padding-bottom:0;padding-left:var(--wp--preset--spacing--20)\">\n<div class=\"wp-block-column is-layout-flow wp-block-column-is-layout-flow\" style=\"flex-basis:40%\">\n<div class=\"wp-block-stackable-carousel stk-block-carousel stk--is-slide stk--arrows-justify-space-between stk--arrows-align-center stk-block stk-fd1a0a7\" data-slides-to-show=\"\" data-block-id=\"fd1a0a7\"><div class=\"stk-block-carousel__content-wrapper\"><div class=\"stk-row stk-inner-blocks stk-block-content stk-block-carousel__slider-wrapper stk-content-align stk-fd1a0a7-column\"><div class=\"stk-block-carousel__slider\" role=\"list\" data-autoplay=\"4000\" data-label-slide-of=\"Slide %%d of %%d\">\n<div class=\"wp-block-stackable-column stk-block-column stk-column stk-block stk-dcbaa5d\" data-v=\"4\" data-block-id=\"dcbaa5d\"><style>.stk-dcbaa5d{align-self:center !important}<\/style><div class=\"stk-column-wrapper stk-block-column__content stk-container stk-dcbaa5d-container stk--no-background stk--no-padding\"><div class=\"stk-block-content stk-inner-blocks stk-dcbaa5d-inner-blocks\">\n<div class=\"wp-block-stackable-image stk-block-image stk-block stk-ccdae6d\" data-block-id=\"ccdae6d\"><figure><span class=\"stk-img-wrapper stk-image--shape-stretch\"><img alt=\"Multifunktionale Fluoreszenz-\/Chemilumineszenz-Bildgebungssysteme\" loading=\"lazy\" decoding=\"async\" class=\"stk-img wp-image-923\" src=\"https:\/\/nebula-b.com\/wp-content\/uploads\/2024\/03\/M6.jpg\" width=\"260\" height=\"240\"\/><\/span><\/figure><\/div>\n<\/div><\/div><\/div>\n\n\n\n<div class=\"wp-block-stackable-column stk-block-column stk-column stk-block stk-17ee126\" data-v=\"4\" data-block-id=\"17ee126\"><style>.stk-17ee126{align-self:center !important}<\/style><div class=\"stk-column-wrapper stk-block-column__content stk-container stk-17ee126-container stk--no-background stk--no-padding\"><div class=\"stk-block-content stk-inner-blocks stk-17ee126-inner-blocks\">\n<div class=\"wp-block-stackable-image stk-block-image stk-block stk-2eca6b3\" data-block-id=\"2eca6b3\"><figure><span class=\"stk-img-wrapper stk-image--shape-stretch\"><img alt=\"Multifunktionale Fluoreszenz-\/Chemilumineszenz-Bildgebungssysteme\" loading=\"lazy\" decoding=\"async\" class=\"stk-img wp-image-1121\" src=\"https:\/\/nebula-b.com\/wp-content\/uploads\/2024\/03\/\u5316\u5b66\u53d1\u5149\u767d.png\" width=\"453\" height=\"471\" srcset=\"http:\/\/nebula-b.com\/wp-content\/uploads\/2024\/03\/\u5316\u5b66\u53d1\u5149\u767d.png 453w, http:\/\/nebula-b.com\/wp-content\/uploads\/2024\/03\/\u5316\u5b66\u53d1\u5149\u767d-289x300.png 289w\" sizes=\"auto, (max-width: 453px) 100vw, 453px\" \/><\/span><\/figure><\/div>\n<\/div><\/div><\/div>\n\n\n\n<div class=\"wp-block-stackable-column stk-block-column stk-column stk-block stk-38e7709\" data-v=\"4\" data-block-id=\"38e7709\"><style>.stk-38e7709{align-self:center !important}<\/style><div class=\"stk-column-wrapper stk-block-column__content stk-container stk-38e7709-container stk--no-background stk--no-padding\"><div class=\"stk-block-content stk-inner-blocks stk-38e7709-inner-blocks\">\n<div class=\"wp-block-stackable-image stk-block-image stk-block stk-f8b336b\" data-block-id=\"f8b336b\"><figure><span class=\"stk-img-wrapper stk-image--shape-stretch\"><img loading=\"lazy\" decoding=\"async\" class=\"stk-img wp-image-1999\" src=\"https:\/\/nebula-b.com\/wp-content\/uploads\/2024\/04\/gel-documentation.png\" width=\"400\" height=\"400\" alt=\"Gel-Doc\" srcset=\"http:\/\/nebula-b.com\/wp-content\/uploads\/2024\/04\/gel-documentation.png 400w, http:\/\/nebula-b.com\/wp-content\/uploads\/2024\/04\/gel-documentation-300x300.png 300w, http:\/\/nebula-b.com\/wp-content\/uploads\/2024\/04\/gel-documentation-150x150.png 150w, http:\/\/nebula-b.com\/wp-content\/uploads\/2024\/04\/gel-documentation-12x12.png 12w\" sizes=\"auto, (max-width: 400px) 100vw, 400px\" \/><\/span><\/figure><\/div>\n<\/div><\/div><\/div>\n\n\n\n<div class=\"wp-block-stackable-column stk-block-column stk-column stk-block stk-8e5fc80\" data-v=\"4\" data-block-id=\"8e5fc80\"><style>.stk-8e5fc80{align-self:center !important}<\/style><div class=\"stk-column-wrapper stk-block-column__content stk-container stk-8e5fc80-container stk--no-background stk--no-padding\"><div class=\"stk-block-content stk-inner-blocks stk-8e5fc80-inner-blocks\">\n<div class=\"wp-block-stackable-image stk-block-image stk-block stk-f9c5a9b\" data-block-id=\"f9c5a9b\"><figure><span class=\"stk-img-wrapper stk-image--shape-stretch\"><img alt=\"Multifunktionale Fluoreszenz-\/Chemilumineszenz-Bildgebungssysteme\" loading=\"lazy\" decoding=\"async\" class=\"stk-img wp-image-922\" src=\"https:\/\/nebula-b.com\/wp-content\/uploads\/2024\/03\/NL-mini10.jpg\" width=\"260\" height=\"260\" srcset=\"http:\/\/nebula-b.com\/wp-content\/uploads\/2024\/03\/NL-mini10.jpg 260w, http:\/\/nebula-b.com\/wp-content\/uploads\/2024\/03\/NL-mini10-150x150.jpg 150w\" sizes=\"auto, (max-width: 260px) 100vw, 260px\" \/><\/span><\/figure><\/div>\n<\/div><\/div><\/div>\n<\/div><div class=\"stk-block-carousel__buttons\"><button class=\"stk-block-carousel__button stk-block-carousel__button__prev\" aria-label=\"Vorherige Folie\"><svg aria-hidden=\"true\" focusable=\"false\" data-prefix=\"fas\" data-icon=\"chevron-left\" class=\"svg-inline--fa fa-chevron-left\" xmlns=\"http:\/\/www.w3.org\/2000\/svg\" viewbox=\"0 0 320 512\" width=\"32\" height=\"32\"><path d=\"M34.52 239.03L228.87 44.69c9.37-9.37 24.57-9.37 33.94 0l22.67 22.67c9.36 9.36 9.37 24.52.04 33.9L131.49 256l154.02 154.75c9.34 9.38 9.32 24.54-.04 33.9l-22.67 22.67c-9.37 9.37-24.57 9.37-33.94 0L34.52 272.97c-9.37-9.37-9.37-24.57 0-33.94z\"><\/path><\/svg><\/button><button class=\"stk-block-carousel__button stk-block-carousel__button__next\" aria-label=\"N\u00e4chste Folie\"><svg aria-hidden=\"true\" focusable=\"false\" data-prefix=\"fas\" data-icon=\"chevron-right\" class=\"svg-inline--fa fa-chevron-right\" xmlns=\"http:\/\/www.w3.org\/2000\/svg\" viewbox=\"0 0 320 512\" width=\"32\" height=\"32\"><path d=\"M285.476 272.971L91.132 467.314c-9.373 9.373-24.569 9.373-33.941 0l-22.667-22.667c-9.357-9.357-9.375-24.522-.04-33.901L188.505 256 34.484 101.255c-9.335-9.379-9.317-24.544.04-33.901l22.667-22.667c9.373-9.373 24.569-9.373 33.941 0L285.475 239.03c9.373 9.372 9.373 24.568.001 33.941z\"><\/path><\/svg><\/button><\/div><\/div><div class=\"stk-block-carousel__dots\" role=\"list\" data-label=\"Slide %%d\"><\/div><\/div><\/div>\n<\/div>\n\n\n\n<div class=\"wp-block-column is-layout-flow wp-block-column-is-layout-flow\" style=\"border-style:none;border-width:0px;flex-basis:60%\">\n<p style=\"font-size:16px\"><strong>Merkmale<\/strong> <\/p>\n\n\n\n<p style=\"font-size:15px\">\u2727 Kamera: hochaufl\u00f6sender digitaler K\u00fchlungs-CCD-Chip mit geringer Beleuchtung in wissenschaftlicher Forschungsqualit\u00e4t;<br>\u2727 Linse: Die elektrische Linse mit ultragro\u00dfer Blenden\u00f6ffnung eignet sich zum Aufnehmen von Proben unterschiedlicher Dicke und erm\u00f6glicht eine bessere Klarheit.<br>\u2727 Aufnahme mit einem Tastendruck: Erhalten Sie Western-Blot-Bildgebungsergebnisse, ohne die Belichtungszeit berechnen zu m\u00fcssen; machen Sie eine Aufnahme, um das Markierungsbild und das Chemilumineszenzbild automatisch \u00fcbereinander zu legen und erzeugen Sie drei Chemilumineszenzbilder mit unterschiedlichen Effekten;<br>\u2727 Fluoreszenzmodul: ausgestattet mit einem elektrischen Filterrad, das mit mehreren Wellenl\u00e4ngenfiltern konfiguriert werden kann, um eine mehrfarbige Fluoreszenzbildgebung zu erreichen;<br>\u2727 Modulares Design: Integrierte Steuerkreismodularit\u00e4t, intelligentes Antikollisionssystem und automatische Schlafsteuerung.<\/p>\n<\/div>\n<\/div>\n<\/div><\/div>\n\n\n\n<p><strong>Anwendung:<\/strong><\/p>\n\n\n\n<p>Chemilumineszenzerkennung von Western Lightning, ECL, ECL plus, CDP Star, SuperSignal, CSPD, LumiGlo und anderen lumineszierenden Substraten; einige Modelle k\u00f6nnen f\u00fcr die In-vivo-Bildgebung von Pflanzen und anderen lumineszierenden Substraten, DNA\/RNA-Gelen, Proteingelen, Blot-Hybridisierung, Bildgebung und Analyse von Membran-Autoradiographie-Gelplatten, Enzymplatten, D\u00fcnnschichtchromatographieplatten und Petrischalen verwendet werden.<\/p>\n\n\n\n<p>Das Instrument verwendet einen hochaufl\u00f6senden, importierten gek\u00fchlten CCD mit geringer Beleuchtung, kombiniert mit einer elektrischen Linse mit gro\u00dfer Blende, die extrem schwache Fluoreszenz- und Chemilumineszenzsignale erfassen kann. Der tiefgek\u00fchlte CCD eliminiert Hintergrundrauschen weitgehend und die elektrische Linse mit ultragro\u00dfer Blende erfasst schwache Signale. Eine Vielzahl optionaler Fluoreszenzlichtquellen und elektrischer Filterr\u00e4der mit mehreren Positionen k\u00f6nnen verschiedene experimentelle Anforderungen wie Nukleins\u00e4urebildgebung und ECL-Bildgebung erf\u00fcllen.<\/p>\n\n\n\n<p><strong>Parameter<\/strong><\/p>\n\n\n\n<figure class=\"wp-block-table is-style-stripes\"><table><tbody><tr><td><strong>Modell Nr.&nbsp;<\/strong><\/td><td class=\"has-text-align-center\" data-align=\"center\"><\/td><td><strong>NL-mini10<\/strong><\/td><td><strong>NL-M6<\/strong><\/td><td><strong>NL-M6P<\/strong><\/td><\/tr><tr><td><strong>Anzeige<\/strong><\/td><td class=\"has-text-align-center\" data-align=\"center\"><\/td><td>Integrierter industrieller Motherboard-Computer mit 13,3-Zoll-kapazitivem 4K-Touchscreen, kein externer Computer zum Fotografieren, Speichern und Analysieren von Experimenten erforderlich.<\/td><td>\/<\/td><td>Eingebauter industrieller Motherboard-Computer und 17-Zoll-LED-Display, kein externer Computer zum Fotografieren, Speichern und Analysieren von Experimenten erforderlich.<\/td><\/tr><tr><td><strong>Kamera<\/strong><\/td><td class=\"has-text-align-center\" data-align=\"center\" colspan=\"4\">Hochaufl\u00f6sender digitaler CCD-K\u00e4ltetechnik-Chip f\u00fcr wissenschaftliche Forschung mit geringer Beleuchtung<\/td><\/tr><tr><td>Linse<\/td><td class=\"has-text-align-center\" data-align=\"center\"><\/td><td>Motorisiertes voreinstellbares Objektiv<\/td><td>Hochaufl\u00f6sendes, motorisiertes Objektiv mit gro\u00dfem Durchmesser und hoher Transparenz mit Autofokus \u00fcber Software<\/td><td>Hochaufl\u00f6sendes, motorisiertes Objektiv mit gro\u00dfem Durchmesser und hoher Transparenz mit Autofokus \u00fcber Software<\/td><\/tr><tr><td><strong>K\u00fchltemperatur<\/strong><\/td><td class=\"has-text-align-center\" data-align=\"center\" colspan=\"4\">65\u00b0C niedriger als die Umgebungstemperatur (absolute Temperatur -45\u00b0C, dynamisch anpassbar und Echtzeitanzeige der CCD-K\u00fchltemperatur)<\/td><\/tr><tr><td><strong>Effektive Bildpunkte<\/strong><\/td><td class=\"has-text-align-center\" data-align=\"center\" colspan=\"4\">2750*2200 (6,05 Megapixel)<\/td><\/tr><tr><td><strong>Hohes QE<\/strong><\/td><td class=\"has-text-align-center\" data-align=\"center\" colspan=\"4\">\u226580%<\/td><\/tr><tr><td><strong>Daten Bits<\/strong><\/td><td class=\"has-text-align-center\" data-align=\"center\" colspan=\"4\">16 Bit (0\u201365.536 Graustufen)<\/td><\/tr><tr><td><strong>Dynamikbereich<\/strong><\/td><td class=\"has-text-align-center\" data-align=\"center\" colspan=\"4\">\uff1e4.6 Bestellung<\/td><\/tr><tr><td><strong>Signal-Rausch-Verh\u00e4ltnis<\/strong><\/td><td class=\"has-text-align-center\" data-align=\"center\" colspan=\"4\">40,5 dB<\/td><\/tr><tr><td><strong>Pixel-Binning<\/strong><\/td><td class=\"has-text-align-center\" data-align=\"center\"><\/td><td>1*1, 2*2, 4*4, 6*6 und 8*8<\/td><td>1*1, 2*2, 4*4, 6*6 und 8*8<\/td><td>1*1, 2*2, 4*4, 6*6 und 8*8<\/td><\/tr><tr><td><strong>Zus\u00e4tzliche Lichtquelle<\/strong><\/td><td class=\"has-text-align-center\" data-align=\"center\"><\/td><td>Beidseitige LED-Wei\u00dflichtreflexion (Kaltlicht): Intensit\u00e4t per Software einstellbar.<\/td><td>LED-Wei\u00dflichtpanel-Transmission, Wei\u00dflicht-Reflexion (Kaltlicht) beidseitig: Transmissions- und Reflexionsintensit\u00e4t per Software einstellbar.<\/td><td>LED-Wei\u00dflichtpanel-Transmission, Wei\u00dflicht-Reflexion (Kaltlicht) beidseitig: Transmissions- und Reflexionsintensit\u00e4t per Software einstellbar.<\/td><\/tr><tr><td><strong>Bildgebungsbereich<\/strong><\/td><td class=\"has-text-align-center\" data-align=\"center\"><\/td><td>12 x 12 cm<\/td><td>UV: 15 x 15 cm;<br>Wei\u00dfes Licht: 15 x 15 cm;<br>Blaues Licht: 15 x 15 cm<br>Optional<\/td><td>UV: 15 x 15 cm;<br>Wei\u00dfes Licht: 15 x 15 cm;<br>Blaues Licht: 15 x 15 cm<br>Optional<\/td><\/tr><tr><td><strong>Au\u00dfenma\u00df<\/strong><br>(L*B*H)<\/td><td class=\"has-text-align-center\" data-align=\"center\"><\/td><td>400 x 380 x 450 mm<\/td><td>390*350*590 mm<\/td><td>390*350*590 mm<\/td><\/tr><\/tbody><\/table><\/figure>","protected":false},"excerpt":{"rendered":"<p>Features \u2727 Camera: scientific research grade high resolution low illumination digital refrigeration CCD chip;\u2727 lens: ultra-large aperture electric lens is suitable for shooting samples of various thicknesses and can obtain better clarity;\u2727 one-touch shooting: get western blot imaging results without having to figure out the exposure time; take one shot to automatically superimpose the marker&hellip;&nbsp;<a href=\"http:\/\/nebula-b.com\/de\/chemilumineszenz-bildgebungssysteme\/\" class=\"\" rel=\"bookmark\">Weiterlesen \u00bb<span class=\"screen-reader-text\">Multifunktionale Fluoreszenz-\/Chemilumineszenz-Bildgebungssysteme<\/span><\/a><\/p>","protected":false},"author":2,"featured_media":0,"parent":0,"menu_order":0,"comment_status":"closed","ping_status":"closed","template":"","meta":{"_uag_custom_page_level_css":"","ub_ctt_via":"","neve_meta_sidebar":"","neve_meta_container":"","neve_meta_enable_content_width":"","neve_meta_content_width":0,"neve_meta_title_alignment":"","neve_meta_author_avatar":"","neve_post_elements_order":"","neve_meta_disable_header":"","neve_meta_disable_footer":"","neve_meta_disable_title":"","_themeisle_gutenberg_block_has_review":false,"footnotes":""},"class_list":["post-283","page","type-page","status-publish","hentry"],"featured_image_src":null,"uagb_featured_image_src":{"full":false,"thumbnail":false,"medium":false,"medium_large":false,"large":false,"1536x1536":false,"2048x2048":false,"trp-custom-language-flag":false,"neve-blog":false},"uagb_author_info":{"display_name":"liu, stacey","author_link":"http:\/\/nebula-b.com\/de\/author\/stacey\/"},"uagb_comment_info":0,"uagb_excerpt":"Features \u2727 Camera: scientific research grade high resolution low illumination digital refrigeration CCD chip;\u2727 lens: ultra-large aperture electric lens is suitable for shooting samples of various thicknesses and can obtain better clarity;\u2727 one-touch shooting: get western blot imaging results without having to figure out the exposure time; take one shot to automatically superimpose the marker&hellip;&nbsp;Weiterlesen&hellip;","_links":{"self":[{"href":"http:\/\/nebula-b.com\/de\/wp-json\/wp\/v2\/pages\/283","targetHints":{"allow":["GET"]}}],"collection":[{"href":"http:\/\/nebula-b.com\/de\/wp-json\/wp\/v2\/pages"}],"about":[{"href":"http:\/\/nebula-b.com\/de\/wp-json\/wp\/v2\/types\/page"}],"author":[{"embeddable":true,"href":"http:\/\/nebula-b.com\/de\/wp-json\/wp\/v2\/users\/2"}],"replies":[{"embeddable":true,"href":"http:\/\/nebula-b.com\/de\/wp-json\/wp\/v2\/comments?post=283"}],"version-history":[{"count":1,"href":"http:\/\/nebula-b.com\/de\/wp-json\/wp\/v2\/pages\/283\/revisions"}],"predecessor-version":[{"id":2371,"href":"http:\/\/nebula-b.com\/de\/wp-json\/wp\/v2\/pages\/283\/revisions\/2371"}],"wp:attachment":[{"href":"http:\/\/nebula-b.com\/de\/wp-json\/wp\/v2\/media?parent=283"}],"curies":[{"name":"wp","href":"https:\/\/api.w.org\/{rel}","templated":true}]}}