{"id":270,"date":"2023-12-27T15:16:48","date_gmt":"2023-12-27T07:16:48","guid":{"rendered":"https:\/\/wp.kxwar.com\/?page_id=270"},"modified":"2024-04-16T11:05:57","modified_gmt":"2024-04-16T03:05:57","slug":"auto-membrane-wash-and-incubation-station","status":"publish","type":"page","link":"http:\/\/nebula-b.com\/de\/automatische-membranwasch-und-inkubationsstation\/","title":{"rendered":"Automatische Membranwasch- und Inkubationsstation"},"content":{"rendered":"<div class=\"wp-block-columns has-small-font-size is-layout-flex wp-container-core-columns-is-layout-b934f1a7 wp-block-columns-is-layout-flex\" style=\"border-style:none;border-width:0px;border-radius:0px;padding-top:0;padding-right:var(--wp--preset--spacing--20);padding-bottom:0;padding-left:var(--wp--preset--spacing--20)\">\n<div class=\"wp-block-column is-layout-flow wp-block-column-is-layout-flow\" style=\"flex-basis:40%\">\n<div class=\"wp-block-stackable-carousel stk-block-carousel stk--is-slide stk--arrows-justify-space-between stk--arrows-align-center stk-block stk-9336aea\" data-slides-to-show=\"\" data-block-id=\"9336aea\"><div class=\"stk-block-carousel__content-wrapper\"><div class=\"stk-row stk-inner-blocks stk-block-content stk-block-carousel__slider-wrapper stk-content-align stk-9336aea-column\"><div class=\"stk-block-carousel__slider\" role=\"list\" data-autoplay=\"4000\" data-label-slide-of=\"Slide %%d of %%d\">\n<div class=\"wp-block-stackable-column stk-block-column stk-column stk-block stk-e7af2ca\" data-v=\"4\" data-block-id=\"e7af2ca\"><style>.stk-e7af2ca{align-self:center !important}<\/style><div class=\"stk-column-wrapper stk-block-column__content stk-container stk-e7af2ca-container stk--no-background stk--no-padding\"><div class=\"stk-block-content stk-inner-blocks stk-e7af2ca-inner-blocks\">\n<div class=\"wp-block-stackable-image stk-block-image stk-block stk-d699d7e\" data-block-id=\"d699d7e\"><figure><span class=\"stk-img-wrapper stk-image--shape-stretch\"><img alt=\"Automatische Membranwasch- und Inkubationsstation\" loading=\"lazy\" decoding=\"async\" class=\"stk-img wp-image-372\" src=\"https:\/\/nebula-b.com\/wp-content\/uploads\/2024\/01\/AB-4800.jpg\" width=\"1500\" height=\"1500\" srcset=\"http:\/\/nebula-b.com\/wp-content\/uploads\/2024\/01\/AB-4800.jpg 1500w, http:\/\/nebula-b.com\/wp-content\/uploads\/2024\/01\/AB-4800-300x300.jpg 300w, http:\/\/nebula-b.com\/wp-content\/uploads\/2024\/01\/AB-4800-1024x1024.jpg 1024w, http:\/\/nebula-b.com\/wp-content\/uploads\/2024\/01\/AB-4800-150x150.jpg 150w, http:\/\/nebula-b.com\/wp-content\/uploads\/2024\/01\/AB-4800-768x768.jpg 768w\" sizes=\"auto, (max-width: 1500px) 100vw, 1500px\" \/><\/span><\/figure><\/div>\n<\/div><\/div><\/div>\n\n\n\n<div class=\"wp-block-stackable-column stk-block-column stk-column stk-block stk-6847d17\" data-v=\"4\" data-block-id=\"6847d17\"><style>.stk-6847d17{align-self:center !important}<\/style><div class=\"stk-column-wrapper stk-block-column__content stk-container stk-6847d17-container stk--no-background stk--no-padding\"><div class=\"stk-block-content stk-inner-blocks stk-6847d17-inner-blocks\">\n<div class=\"wp-block-stackable-image stk-block-image stk-block stk-eee5d3d\" data-block-id=\"eee5d3d\"><figure><span class=\"stk-img-wrapper stk-image--shape-stretch\"><img alt=\"Automatische Membranwasch- und Inkubationsstation\" loading=\"lazy\" decoding=\"async\" class=\"stk-img wp-image-376\" src=\"https:\/\/nebula-b.com\/wp-content\/uploads\/2024\/01\/4800-1.jpg\" width=\"420\" height=\"420\"\/><\/span><\/figure><\/div>\n<\/div><\/div><\/div>\n\n\n\n<div class=\"wp-block-stackable-column stk-block-column stk-column stk-block stk-46359ed\" data-v=\"4\" data-block-id=\"46359ed\"><style>.stk-46359ed{align-self:center !important}<\/style><div class=\"stk-column-wrapper stk-block-column__content stk-container stk-46359ed-container stk--no-background stk--no-padding\"><div class=\"stk-block-content stk-inner-blocks stk-46359ed-inner-blocks\">\n<div class=\"wp-block-stackable-image stk-block-image stk-block stk-92800c8\" data-block-id=\"92800c8\"><figure><span class=\"stk-img-wrapper stk-image--shape-stretch\"><img alt=\"Automatische Membranwasch- und Inkubationsstation\" loading=\"lazy\" decoding=\"async\" class=\"stk-img wp-image-373\" src=\"https:\/\/nebula-b.com\/wp-content\/uploads\/2024\/01\/AB-4800-e1712031915422.webp\" width=\"780\" height=\"633\" srcset=\"http:\/\/nebula-b.com\/wp-content\/uploads\/2024\/01\/AB-4800-e1712031915422.webp 780w, http:\/\/nebula-b.com\/wp-content\/uploads\/2024\/01\/AB-4800-e1712031915422-300x243.webp 300w, http:\/\/nebula-b.com\/wp-content\/uploads\/2024\/01\/AB-4800-e1712031915422-768x623.webp 768w\" sizes=\"auto, (max-width: 780px) 100vw, 780px\" \/><\/span><\/figure><\/div>\n<\/div><\/div><\/div>\n<\/div><div class=\"stk-block-carousel__buttons\"><button class=\"stk-block-carousel__button stk-block-carousel__button__prev\" aria-label=\"Vorherige Folie\"><svg aria-hidden=\"true\" focusable=\"false\" data-prefix=\"fas\" data-icon=\"chevron-left\" class=\"svg-inline--fa fa-chevron-left\" xmlns=\"http:\/\/www.w3.org\/2000\/svg\" viewbox=\"0 0 320 512\" width=\"32\" height=\"32\"><path d=\"M34.52 239.03L228.87 44.69c9.37-9.37 24.57-9.37 33.94 0l22.67 22.67c9.36 9.36 9.37 24.52.04 33.9L131.49 256l154.02 154.75c9.34 9.38 9.32 24.54-.04 33.9l-22.67 22.67c-9.37 9.37-24.57 9.37-33.94 0L34.52 272.97c-9.37-9.37-9.37-24.57 0-33.94z\"><\/path><\/svg><\/button><button class=\"stk-block-carousel__button stk-block-carousel__button__next\" aria-label=\"N\u00e4chste Folie\"><svg aria-hidden=\"true\" focusable=\"false\" data-prefix=\"fas\" data-icon=\"chevron-right\" class=\"svg-inline--fa fa-chevron-right\" xmlns=\"http:\/\/www.w3.org\/2000\/svg\" viewbox=\"0 0 320 512\" width=\"32\" height=\"32\"><path d=\"M285.476 272.971L91.132 467.314c-9.373 9.373-24.569 9.373-33.941 0l-22.667-22.667c-9.357-9.357-9.375-24.522-.04-33.901L188.505 256 34.484 101.255c-9.335-9.379-9.317-24.544.04-33.901l22.667-22.667c9.373-9.373 24.569-9.373 33.941 0L285.475 239.03c9.373 9.372 9.373 24.568.001 33.941z\"><\/path><\/svg><\/button><\/div><\/div><div class=\"stk-block-carousel__dots\" role=\"list\" data-label=\"Slide %%d\"><\/div><\/div><\/div>\n<\/div>\n\n\n\n<div class=\"wp-block-column is-layout-flow wp-block-column-is-layout-flow\" style=\"border-style:none;border-width:0px;flex-basis:60%\">\n<p><strong>Merkmale<\/strong><\/p>\n\n\n\n<p style=\"font-size:15px\">\u2727 Der Vorgang ist vollautomatisch und l\u00e4sst sich mit einer Taste starten. Es ist keine besondere \u00dcberwachung erforderlich.<br>\u2727 Es k\u00f6nnen maximal 4 Kan\u00e4le gleichzeitig ausgef\u00fchrt werden, jedes Panel kann separat programmiert werden;<br>\u2727 Um Antik\u00f6rper zu sparen, k\u00f6nnen Proben unterschiedlicher Gr\u00f6\u00dfe ausgew\u00e4hlt werden;<br>\u2727 Kontrollieren Sie die Reagenzienmenge und die Betriebszeit genau, um die Wiederholbarkeit der Versuchsergebnisse sicherzustellen.<br>\u2727 Die Peltier-Halbleiter-K\u00e4ltetechnologie h\u00e4lt die Antik\u00f6rper aktiv und sorgt f\u00fcr ein optimales Recycling der Antik\u00f6rper.<br>\u2727 Um ein Austrocknen zu vermeiden, wird nach dem Experiment Pufferl\u00f6sung hinzugef\u00fcgt;<br>\u2727 Die Benutzeroberfl\u00e4che ist benutzerfreundlich: 7-Zoll-LCD-Touchscreen, und in jedem Kanal k\u00f6nnen bis zu 8 Schritte eingestellt werden;<br>\u2727 F\u00fcr jeden Schritt k\u00f6nnen die Parameter wie Betriebszeit, Fl\u00fcssigkeitseinspritzvolumen, Wiederholungszahlen usw. eingestellt werden.<\/p>\n<\/div>\n<\/div>\n\n\n\n<p><strong>Parameter<\/strong><\/p>\n\n\n\n<figure class=\"wp-block-table is-style-stripes\"><table><tbody><tr><td colspan=\"2\"><strong>Modell Nr.<\/strong><\/td><td><\/td><td><strong>AB 4800 <\/strong><br>Automatische Membranwasch- und Inkubationsstation<\/td><\/tr><tr><td><strong>Weg zur Kontrolle<\/strong><\/td><td><\/td><td><\/td><\/tr><tr><td>Mechanische Regelgenauigkeit<\/td><td><\/td><td><\/td><td>Hochpr\u00e4ziser Schrittmotor<\/td><\/tr><tr><td>Bedienoberfl\u00e4che<\/td><td><\/td><td><\/td><td>7-Zoll-Touchscreen, einfach einzurichten, mit sichtbarem Betriebsstatus<\/td><\/tr><tr><td>Art der Pipettierarbeiten<\/td><td><\/td><td><\/td><td>Mit der hochpr\u00e4zisen automatischen Erkennung des Fl\u00fcssigkeitsniveaus Metall Pipettenspitze<\/td><\/tr><tr><td colspan=\"2\"><strong>Funktionseinstellung<\/strong><\/td><td><\/td><td><\/td><\/tr><tr><td>Antik\u00f6rper-Wiederherstellung<\/td><td><\/td><td><\/td><td>Automatische Wiederherstellung prim\u00e4rer und sekund\u00e4rer Antik\u00f6rper<\/td><\/tr><tr><td>Programmschritte<\/td><td><\/td><td><\/td><td>Bis zu 8 experimentelle Schritte k\u00f6nnen eingestellt werden, um den gesamten Prozess des Western Blottings abzudecken<\/td><\/tr><tr><td>Inkubationszeit pro Schritt<\/td><td><\/td><td><\/td><td>Max 99 h<\/td><\/tr><tr><td>Automatische Sp\u00fclung<\/td><td><\/td><td><\/td><td>Automatische Reinigung von Rohrleitungen zur Vermeidung von Kreuzkontaminationen<\/td><\/tr><tr><td>Benetzungsfunktion<\/td><td><\/td><td><\/td><td>Wenn die Inkubation abgeschlossen ist, wird der Puffer automatisch zur Inkubationsschale hinzugef\u00fcgt, um die Membran feucht zu halten<\/td><\/tr><tr><td colspan=\"2\"><strong>Kanal<\/strong><\/td><td><\/td><td><\/td><\/tr><tr><td rowspan=\"2\">Kanalmenge<\/td><td><\/td><td><\/td><td>4 unabh\u00e4ngige Kan\u00e4le, die sich nicht gegenseitig st\u00f6ren, 4 verschiedene Laufprogramme k\u00f6nnen eingestellt werden. Eine gro\u00dfe Inkubationsschale oder ein kleiner Inkubationsbeh\u00e4lter f\u00fcr jeden Kanal.<\/td><\/tr><tr><td>Jeder Kanal enth\u00e4lt 4 unabh\u00e4ngige Reagenzr\u00f6hrchenpositionen, geeignet f\u00fcr 15-ml-Universalzentrifugenr\u00f6hrchen mit konischem Boden.<\/td><td><\/td><td><\/td><\/tr><tr><td>Probenvolumen<\/td><td><\/td><td><\/td><td>Gro\u00dfe Schale: max. 15 ml; kleine Schale: max. 15 ml<\/td><\/tr><tr><td>Beispielbereich<\/td><td><\/td><td><\/td><td>1,0 \u2013 15 ml<\/td><\/tr><tr><td rowspan=\"2\">Inkubationstablett (L\u00d7B\u00d7T)<\/td><td><\/td><td><\/td><td>Gro\u00dfes Tablett: 87 \u00d7 71 \u00d7 20 mm, geeignet f\u00fcr Membranen mit gro\u00dfen Abmessungen;<\/td><\/tr><tr><td>Kleines Tablett: 87 \u00d7 41 \u00d7 20 mm, geeignet f\u00fcr Membranen mit kleinen Gr\u00f6\u00dfen, um Reagenz zu sparen.<\/td><td><\/td><td><\/td><\/tr><tr><td>Sch\u00fctteln der Inkubationsschale<\/td><td><\/td><td><\/td><td>Links rechts<\/td><\/tr><tr><td>Sch\u00fcttelgeschwindigkeit der Inkubationsschale<\/td><td><\/td><td><\/td><td>10 G\u00e4nge einstellbar. Sch\u00fcttelgeschwindigkeit kann entsprechend ausgew\u00e4hlt werden.<\/td><\/tr><tr><td>Sch\u00fcttelwinkel der Inkubationsschale<\/td><td><\/td><td><\/td><td>0 \u2013 13\u00b0<\/td><\/tr><tr><td colspan=\"2\"><strong>Temperaturkontrolle<\/strong><\/td><td><\/td><td><\/td><\/tr><tr><td>K\u00fchlweg<\/td><td><\/td><td><\/td><td>Halbleiterk\u00fchlung mit konstanter Temperaturkontrolle zur Aufrechterhaltung der Aktivit\u00e4t prim\u00e4rer und sekund\u00e4rer Antik\u00f6rper.<\/td><\/tr><tr><td>K\u00fchlbereich<\/td><td><\/td><td><\/td><td>20\u2103 niedriger als Umgebung<\/td><\/tr><\/tbody><\/table><\/figure>","protected":false},"excerpt":{"rendered":"<p>Features \u2727 The process is fully automatic, one-key to start up, no need special watching;\u2727 it can run 4 channels at most simultaneously, each panel can be programmed separately;\u2727 samples with different sizes are selectable to save antibody;\u2727 precisely control the amount of reagents and operation time to ensure the repeatability of experimental results;\u2727 peltier&hellip;&nbsp;<a href=\"http:\/\/nebula-b.com\/de\/automatische-membranwasch-und-inkubationsstation\/\" class=\"\" rel=\"bookmark\">Weiterlesen \u00bb<span class=\"screen-reader-text\">Automatische Membranwasch- und Inkubationsstation<\/span><\/a><\/p>","protected":false},"author":2,"featured_media":0,"parent":0,"menu_order":0,"comment_status":"closed","ping_status":"closed","template":"","meta":{"_uag_custom_page_level_css":"","ub_ctt_via":"","neve_meta_sidebar":"","neve_meta_container":"","neve_meta_enable_content_width":"","neve_meta_content_width":0,"neve_meta_title_alignment":"","neve_meta_author_avatar":"","neve_post_elements_order":"","neve_meta_disable_header":"","neve_meta_disable_footer":"","neve_meta_disable_title":"","_themeisle_gutenberg_block_has_review":false,"footnotes":""},"class_list":["post-270","page","type-page","status-publish","hentry"],"featured_image_src":null,"uagb_featured_image_src":{"full":false,"thumbnail":false,"medium":false,"medium_large":false,"large":false,"1536x1536":false,"2048x2048":false,"trp-custom-language-flag":false,"neve-blog":false},"uagb_author_info":{"display_name":"liu, stacey","author_link":"http:\/\/nebula-b.com\/de\/author\/stacey\/"},"uagb_comment_info":0,"uagb_excerpt":"Features \u2727 The process is fully automatic, one-key to start up, no need special watching;\u2727 it can run 4 channels at most simultaneously, each panel can be programmed separately;\u2727 samples with different sizes are selectable to save antibody;\u2727 precisely control the amount of reagents and operation time to ensure the repeatability of experimental results;\u2727 peltier&hellip;&nbsp;Weiterlesen&hellip;","_links":{"self":[{"href":"http:\/\/nebula-b.com\/de\/wp-json\/wp\/v2\/pages\/270","targetHints":{"allow":["GET"]}}],"collection":[{"href":"http:\/\/nebula-b.com\/de\/wp-json\/wp\/v2\/pages"}],"about":[{"href":"http:\/\/nebula-b.com\/de\/wp-json\/wp\/v2\/types\/page"}],"author":[{"embeddable":true,"href":"http:\/\/nebula-b.com\/de\/wp-json\/wp\/v2\/users\/2"}],"replies":[{"embeddable":true,"href":"http:\/\/nebula-b.com\/de\/wp-json\/wp\/v2\/comments?post=270"}],"version-history":[{"count":3,"href":"http:\/\/nebula-b.com\/de\/wp-json\/wp\/v2\/pages\/270\/revisions"}],"predecessor-version":[{"id":1869,"href":"http:\/\/nebula-b.com\/de\/wp-json\/wp\/v2\/pages\/270\/revisions\/1869"}],"wp:attachment":[{"href":"http:\/\/nebula-b.com\/de\/wp-json\/wp\/v2\/media?parent=270"}],"curies":[{"name":"wp","href":"https:\/\/api.w.org\/{rel}","templated":true}]}}