{"id":268,"date":"2023-12-27T15:15:33","date_gmt":"2023-12-27T07:15:33","guid":{"rendered":"https:\/\/wp.kxwar.com\/?page_id=268"},"modified":"2024-08-19T17:50:28","modified_gmt":"2024-08-19T09:50:28","slug":"rapid-semi-dry-transfer-systems","status":"publish","type":"page","link":"http:\/\/nebula-b.com\/de\/schnelle-halbtrockene-transfersysteme\/","title":{"rendered":"Schnelle Halbtrocken-Transfersysteme"},"content":{"rendered":"<div class=\"wp-block-columns has-small-font-size is-layout-flex wp-container-core-columns-is-layout-b934f1a7 wp-block-columns-is-layout-flex\" style=\"border-style:none;border-width:0px;border-radius:0px;padding-top:0;padding-right:var(--wp--preset--spacing--20);padding-bottom:0;padding-left:var(--wp--preset--spacing--20)\">\n<div class=\"wp-block-column is-layout-flow wp-block-column-is-layout-flow\" style=\"flex-basis:40%\">\n<div class=\"wp-block-stackable-carousel stk-block-carousel stk--is-slide stk--arrows-justify-space-between stk--arrows-align-center stk-block stk-9336aea\" data-slides-to-show=\"\" data-block-id=\"9336aea\"><div class=\"stk-block-carousel__content-wrapper\"><div class=\"stk-row stk-inner-blocks stk-block-content stk-block-carousel__slider-wrapper stk-content-align stk-9336aea-column\"><div class=\"stk-block-carousel__slider\" role=\"list\" data-autoplay=\"4000\" data-label-slide-of=\"Slide %%d of %%d\">\n<div class=\"wp-block-stackable-column stk-block-column stk-column stk-block stk-e7af2ca\" data-v=\"4\" data-block-id=\"e7af2ca\"><style>.stk-e7af2ca{align-self:center !important}<\/style><div class=\"stk-column-wrapper stk-block-column__content stk-container stk-e7af2ca-container stk--no-background stk--no-padding\"><div class=\"stk-block-content stk-inner-blocks stk-e7af2ca-inner-blocks\">\n<div class=\"wp-block-stackable-image stk-block-image stk-block stk-d699d7e\" data-block-id=\"d699d7e\"><figure><span class=\"stk-img-wrapper stk-image--shape-stretch\"><img loading=\"lazy\" decoding=\"async\" class=\"stk-img wp-image-357\" src=\"https:\/\/nebula-b.com\/wp-content\/uploads\/2024\/01\/FTB-95.jpg\" width=\"1500\" height=\"1500\" alt=\"schnelles-halbtrockenes-transfersystem\" srcset=\"http:\/\/nebula-b.com\/wp-content\/uploads\/2024\/01\/FTB-95.jpg 1500w, http:\/\/nebula-b.com\/wp-content\/uploads\/2024\/01\/FTB-95-300x300.jpg 300w, http:\/\/nebula-b.com\/wp-content\/uploads\/2024\/01\/FTB-95-1024x1024.jpg 1024w, http:\/\/nebula-b.com\/wp-content\/uploads\/2024\/01\/FTB-95-150x150.jpg 150w, http:\/\/nebula-b.com\/wp-content\/uploads\/2024\/01\/FTB-95-768x768.jpg 768w\" sizes=\"auto, (max-width: 1500px) 100vw, 1500px\" \/><\/span><\/figure><\/div>\n<\/div><\/div><\/div>\n\n\n\n<div class=\"wp-block-stackable-column stk-block-column stk-column stk-block stk-6847d17\" data-v=\"4\" data-block-id=\"6847d17\"><style>.stk-6847d17{align-self:center !important}<\/style><div class=\"stk-column-wrapper stk-block-column__content stk-container stk-6847d17-container stk--no-background stk--no-padding\"><div class=\"stk-block-content stk-inner-blocks stk-6847d17-inner-blocks\">\n<div class=\"wp-block-stackable-image stk-block-image stk-block stk-eee5d3d\" data-block-id=\"eee5d3d\"><figure><span class=\"stk-img-wrapper stk-image--shape-stretch\"><img alt=\"Schnelle Halbtrocken-Transfersysteme\" loading=\"lazy\" decoding=\"async\" class=\"stk-img wp-image-353\" src=\"https:\/\/nebula-b.com\/wp-content\/uploads\/2024\/01\/FTB-95-1.jpg\" width=\"421\" height=\"421\" srcset=\"http:\/\/nebula-b.com\/wp-content\/uploads\/2024\/01\/FTB-95-1.jpg 421w, http:\/\/nebula-b.com\/wp-content\/uploads\/2024\/01\/FTB-95-1-300x300.jpg 300w, http:\/\/nebula-b.com\/wp-content\/uploads\/2024\/01\/FTB-95-1-150x150.jpg 150w\" sizes=\"auto, (max-width: 421px) 100vw, 421px\" \/><\/span><\/figure><\/div>\n<\/div><\/div><\/div>\n\n\n\n<div class=\"wp-block-stackable-column stk-block-column stk-column stk-block stk-46359ed\" data-v=\"4\" data-block-id=\"46359ed\"><style>.stk-46359ed{align-self:center !important}<\/style><div class=\"stk-column-wrapper stk-block-column__content stk-container stk-46359ed-container stk--no-background stk--no-padding\"><div class=\"stk-block-content stk-inner-blocks stk-46359ed-inner-blocks\">\n<div class=\"wp-block-stackable-image stk-block-image stk-block stk-92800c8\" data-block-id=\"92800c8\"><figure><span class=\"stk-img-wrapper stk-image--shape-stretch\"><img alt=\"Schnelle Halbtrocken-Transfersysteme\" loading=\"lazy\" decoding=\"async\" class=\"stk-img wp-image-355\" src=\"https:\/\/nebula-b.com\/wp-content\/uploads\/2024\/01\/pic-2.webp\" width=\"387\" height=\"248\" srcset=\"http:\/\/nebula-b.com\/wp-content\/uploads\/2024\/01\/pic-2.webp 387w, http:\/\/nebula-b.com\/wp-content\/uploads\/2024\/01\/pic-2-300x192.webp 300w\" sizes=\"auto, (max-width: 387px) 100vw, 387px\" \/><\/span><\/figure><\/div>\n<\/div><\/div><\/div>\n<\/div><div class=\"stk-block-carousel__buttons\"><button class=\"stk-block-carousel__button stk-block-carousel__button__prev\" aria-label=\"Vorherige Folie\"><svg aria-hidden=\"true\" focusable=\"false\" data-prefix=\"fas\" data-icon=\"chevron-left\" class=\"svg-inline--fa fa-chevron-left\" xmlns=\"http:\/\/www.w3.org\/2000\/svg\" viewbox=\"0 0 320 512\" width=\"32\" height=\"32\"><path d=\"M34.52 239.03L228.87 44.69c9.37-9.37 24.57-9.37 33.94 0l22.67 22.67c9.36 9.36 9.37 24.52.04 33.9L131.49 256l154.02 154.75c9.34 9.38 9.32 24.54-.04 33.9l-22.67 22.67c-9.37 9.37-24.57 9.37-33.94 0L34.52 272.97c-9.37-9.37-9.37-24.57 0-33.94z\"><\/path><\/svg><\/button><button class=\"stk-block-carousel__button stk-block-carousel__button__next\" aria-label=\"N\u00e4chste Folie\"><svg aria-hidden=\"true\" focusable=\"false\" data-prefix=\"fas\" data-icon=\"chevron-right\" class=\"svg-inline--fa fa-chevron-right\" xmlns=\"http:\/\/www.w3.org\/2000\/svg\" viewbox=\"0 0 320 512\" width=\"32\" height=\"32\"><path d=\"M285.476 272.971L91.132 467.314c-9.373 9.373-24.569 9.373-33.941 0l-22.667-22.667c-9.357-9.357-9.375-24.522-.04-33.901L188.505 256 34.484 101.255c-9.335-9.379-9.317-24.544.04-33.901l22.667-22.667c9.373-9.373 24.569-9.373 33.941 0L285.475 239.03c9.373 9.372 9.373 24.568.001 33.941z\"><\/path><\/svg><\/button><\/div><\/div><div class=\"stk-block-carousel__dots\" role=\"list\" data-label=\"Slide %%d\"><\/div><\/div><\/div>\n<\/div>\n\n\n\n<div class=\"wp-block-column is-layout-flow wp-block-column-is-layout-flow\" style=\"border-style:none;border-width:0px;flex-basis:60%\">\n<p><strong>FTB 95 Schnelles Halbtrocken-Transfersystem<\/strong><\/p>\n\n\n\n<p style=\"font-size:16px\"><strong>Merkmale<\/strong><\/p>\n\n\n\n<p style=\"font-size:15px\">\u2727 LCD-Touchscreen;<br>\u2727 A- und B-Zellen sind voneinander unabh\u00e4ngig und k\u00f6nnen unter unterschiedlichen Bedingungen arbeiten.<br>\u2727 Es k\u00f6nnen 1\u20134 Mini-Gele (70 x 85 mm) oder 1\u20132 Midi-Gele (135 x 85 mm) in einem einzigen Durchgang \u00fcbertragen werden.<br>\u2727 Kompatibel mit herk\u00f6mmlichen halbtrockenen Verbrauchsmaterialien, kann es 30 Minuten oder l\u00e4nger eine halbtrockene \u00dcbertragung durchf\u00fchren;<br>\u2727 der Proteintransfer vom Gel zur Membran kann in k\u00fcrzester Zeit abgeschlossen werden;<br>\u2727 es erfordert sehr wenig Puffer, weniger als 75 ml Puffer pro Filterpapier;<br>\u2727 Es k\u00f6nnen Gele unterschiedlicher Dicke mit gleichm\u00e4\u00dfigem Druck gestapelt werden.<\/p>\n<\/div>\n<\/div>\n\n\n\n<figure class=\"wp-block-image size-large is-resized\"><img loading=\"lazy\" decoding=\"async\" width=\"1024\" height=\"125\" src=\"https:\/\/nebula-b.com\/wp-content\/uploads\/2024\/01\/image-1-1024x125.png\" alt=\"Schnelle Halbtrocken-Transfersysteme\" class=\"wp-image-363\" style=\"width:1170px;height:auto\" srcset=\"http:\/\/nebula-b.com\/wp-content\/uploads\/2024\/01\/image-1-1024x125.png 1024w, http:\/\/nebula-b.com\/wp-content\/uploads\/2024\/01\/image-1-300x37.png 300w, http:\/\/nebula-b.com\/wp-content\/uploads\/2024\/01\/image-1-768x94.png 768w, http:\/\/nebula-b.com\/wp-content\/uploads\/2024\/01\/image-1-1536x187.png 1536w, http:\/\/nebula-b.com\/wp-content\/uploads\/2024\/01\/image-1.png 1642w\" sizes=\"auto, (max-width: 1024px) 100vw, 1024px\" \/><\/figure>\n\n\n\n<p><\/p>\n\n\n\n<figure class=\"wp-block-table is-style-stripes\"><table class=\"has-background has-fixed-layout\" style=\"background-color:#ffffff00;border-style:none;border-width:0px\"><tbody><tr><td><strong>Nehmen<br>aus der Transferschale<\/strong><\/td><td><span lang=\"EN-US\"><span lang=\"EN-US\"><strong>Deckel<\/strong><\/span><\/span><\/td><td><span lang=\"EN-US\"><span lang=\"EN-US\"><strong>5x Schnell<br>Halbtrockener Transferpuffer<\/strong><\/span><\/span><\/td><td><strong>Platzieren Sie die Transfer-Verbrauchsmaterialien<\/strong><\/td><td><span lang=\"EN-US\"><span lang=\"EN-US\"><strong>Ausf\u00fchren des Programms<\/strong><\/span><\/span><\/td><\/tr><tr><td>Transferschalen A und B sind identisch<br>und austauschbar.<br>Beachten Sie, dass die Transferschalen A und B<br>entsprechen dem Programmstandort.<\/td><td><p>Drehen Sie den Schalter in die entsprechende Position.<\/p><\/td><td><p>Es bietet eine h\u00f6here Pufferkapazit\u00e4t und unterst\u00fctzt schnelle \u00dcbertragungen in 5 bis 15 Minuten.<\/p><\/td><td><p>Das Verbrauchsmaterial wird ge\u00f6ffnet.<\/p><\/td><td>Rapid Semi-Dry Transfer System bietet ein geplantes Programm, optimiert durch die<br>Labor, das die Benutzer direkt ausw\u00e4hlen oder f\u00fcr das sie ein entsprechendes Programm festlegen k\u00f6nnen.<\/td><\/tr><\/tbody><\/table><\/figure>\n\n\n\n<div class=\"wp-block-columns has-small-font-size is-layout-flex wp-container-core-columns-is-layout-b934f1a7 wp-block-columns-is-layout-flex\" style=\"border-style:none;border-width:0px;border-radius:0px;padding-top:0;padding-right:var(--wp--preset--spacing--20);padding-bottom:0;padding-left:var(--wp--preset--spacing--20)\">\n<div class=\"wp-block-column is-layout-flow wp-block-column-is-layout-flow\" style=\"flex-basis:40%\">\n<div class=\"wp-block-stackable-carousel stk-block-carousel stk--is-slide stk--arrows-justify-space-between stk--arrows-align-center stk-block stk-24b6ada\" data-slides-to-show=\"\" data-block-id=\"24b6ada\"><div class=\"stk-block-carousel__content-wrapper\"><div class=\"stk-row stk-inner-blocks stk-block-content stk-block-carousel__slider-wrapper stk-content-align stk-24b6ada-column\"><div class=\"stk-block-carousel__slider\" role=\"list\" data-autoplay=\"4000\" data-label-slide-of=\"Slide %%d of %%d\">\n<div class=\"wp-block-stackable-column stk-block-column stk-column stk-block stk-2a58818\" data-v=\"4\" data-block-id=\"2a58818\"><div class=\"stk-column-wrapper stk-block-column__content stk-container stk-2a58818-container stk--no-background stk--no-padding\"><div class=\"stk-block-content stk-inner-blocks stk-2a58818-inner-blocks\">\n<div class=\"wp-block-stackable-image stk-block-image stk-block stk-a0188c3\" data-block-id=\"a0188c3\"><figure><span class=\"stk-img-wrapper stk-image--shape-stretch\"><img alt=\"Schnelle Halbtrocken-Transfersysteme\" loading=\"lazy\" decoding=\"async\" class=\"stk-img wp-image-369\" src=\"https:\/\/nebula-b.com\/wp-content\/uploads\/2024\/01\/FTB-1.jpg\" width=\"1500\" height=\"1500\" srcset=\"http:\/\/nebula-b.com\/wp-content\/uploads\/2024\/01\/FTB-1.jpg 1500w, http:\/\/nebula-b.com\/wp-content\/uploads\/2024\/01\/FTB-1-300x300.jpg 300w, http:\/\/nebula-b.com\/wp-content\/uploads\/2024\/01\/FTB-1-1024x1024.jpg 1024w, http:\/\/nebula-b.com\/wp-content\/uploads\/2024\/01\/FTB-1-150x150.jpg 150w, http:\/\/nebula-b.com\/wp-content\/uploads\/2024\/01\/FTB-1-768x768.jpg 768w\" sizes=\"auto, (max-width: 1500px) 100vw, 1500px\" \/><\/span><\/figure><\/div>\n<\/div><\/div><\/div>\n\n\n\n<div class=\"wp-block-stackable-column stk-block-column stk-column stk-block stk-90be559\" data-v=\"4\" data-block-id=\"90be559\"><div class=\"stk-column-wrapper stk-block-column__content stk-container stk-90be559-container stk--no-background stk--no-padding\"><div class=\"stk-block-content stk-inner-blocks stk-90be559-inner-blocks\">\n<div class=\"wp-block-stackable-image stk-block-image stk-block stk-bc80b69\" data-block-id=\"bc80b69\"><figure><span class=\"stk-img-wrapper stk-image--shape-stretch\"><img alt=\"Schnelle Halbtrocken-Transfersysteme\" loading=\"lazy\" decoding=\"async\" class=\"stk-img wp-image-368\" src=\"https:\/\/nebula-b.com\/wp-content\/uploads\/2024\/01\/FTB-1-1.jpg\" width=\"421\" height=\"421\" srcset=\"http:\/\/nebula-b.com\/wp-content\/uploads\/2024\/01\/FTB-1-1.jpg 421w, http:\/\/nebula-b.com\/wp-content\/uploads\/2024\/01\/FTB-1-1-300x300.jpg 300w, http:\/\/nebula-b.com\/wp-content\/uploads\/2024\/01\/FTB-1-1-150x150.jpg 150w\" sizes=\"auto, (max-width: 421px) 100vw, 421px\" \/><\/span><\/figure><\/div>\n<\/div><\/div><\/div>\n\n\n\n<div class=\"wp-block-stackable-column stk-block-column stk-column stk-block stk-602d07d\" data-v=\"4\" data-block-id=\"602d07d\"><div class=\"stk-column-wrapper stk-block-column__content stk-container stk-602d07d-container stk--no-background stk--no-padding\"><div class=\"stk-block-content stk-inner-blocks stk-602d07d-inner-blocks\">\n<div class=\"wp-block-stackable-image stk-block-image stk-block stk-ec2e7b2\" data-block-id=\"ec2e7b2\"><figure><span class=\"stk-img-wrapper stk-image--shape-stretch\"><img alt=\"Schnelle Halbtrocken-Transfersysteme\" loading=\"lazy\" decoding=\"async\" class=\"stk-img wp-image-250\" src=\"https:\/\/nebula-b.com\/wp-content\/uploads\/2023\/12\/\u7535\u6cf3\u56db\u4ef6\u5957.png\" width=\"2909\" height=\"1850\" srcset=\"http:\/\/nebula-b.com\/wp-content\/uploads\/2023\/12\/\u7535\u6cf3\u56db\u4ef6\u5957.png 2909w, http:\/\/nebula-b.com\/wp-content\/uploads\/2023\/12\/\u7535\u6cf3\u56db\u4ef6\u5957-300x191.png 300w, http:\/\/nebula-b.com\/wp-content\/uploads\/2023\/12\/\u7535\u6cf3\u56db\u4ef6\u5957-1024x651.png 1024w, http:\/\/nebula-b.com\/wp-content\/uploads\/2023\/12\/\u7535\u6cf3\u56db\u4ef6\u5957-768x488.png 768w, http:\/\/nebula-b.com\/wp-content\/uploads\/2023\/12\/\u7535\u6cf3\u56db\u4ef6\u5957-1536x977.png 1536w, http:\/\/nebula-b.com\/wp-content\/uploads\/2023\/12\/\u7535\u6cf3\u56db\u4ef6\u5957-2048x1302.png 2048w\" sizes=\"auto, (max-width: 2909px) 100vw, 2909px\" \/><\/span><\/figure><\/div>\n<\/div><\/div><\/div>\n\n\n\n<div class=\"wp-block-stackable-column stk-block-column stk-column stk-block stk-ec29b07\" data-v=\"4\" data-block-id=\"ec29b07\"><div class=\"stk-column-wrapper stk-block-column__content stk-container stk-ec29b07-container stk--no-background stk--no-padding\"><div class=\"stk-block-content stk-inner-blocks stk-ec29b07-inner-blocks\">\n<div class=\"wp-block-stackable-image stk-block-image stk-block stk-ef8952a\" data-block-id=\"ef8952a\"><figure><span class=\"stk-img-wrapper stk-image--shape-stretch\"><img alt=\"Schnelle Halbtrocken-Transfersysteme\" loading=\"lazy\" decoding=\"async\" class=\"stk-img wp-image-246\" src=\"https:\/\/nebula-b.com\/wp-content\/uploads\/2023\/12\/EPHC400-1.jpg\" width=\"500\" height=\"500\" srcset=\"http:\/\/nebula-b.com\/wp-content\/uploads\/2023\/12\/EPHC400-1.jpg 500w, http:\/\/nebula-b.com\/wp-content\/uploads\/2023\/12\/EPHC400-1-300x300.jpg 300w, http:\/\/nebula-b.com\/wp-content\/uploads\/2023\/12\/EPHC400-1-150x150.jpg 150w\" sizes=\"auto, (max-width: 500px) 100vw, 500px\" \/><\/span><\/figure><\/div>\n<\/div><\/div><\/div>\n<\/div><div class=\"stk-block-carousel__buttons\"><button class=\"stk-block-carousel__button stk-block-carousel__button__prev\" aria-label=\"Vorherige Folie\"><svg aria-hidden=\"true\" focusable=\"false\" data-prefix=\"fas\" data-icon=\"chevron-left\" class=\"svg-inline--fa fa-chevron-left\" xmlns=\"http:\/\/www.w3.org\/2000\/svg\" viewbox=\"0 0 320 512\" width=\"32\" height=\"32\"><path d=\"M34.52 239.03L228.87 44.69c9.37-9.37 24.57-9.37 33.94 0l22.67 22.67c9.36 9.36 9.37 24.52.04 33.9L131.49 256l154.02 154.75c9.34 9.38 9.32 24.54-.04 33.9l-22.67 22.67c-9.37 9.37-24.57 9.37-33.94 0L34.52 272.97c-9.37-9.37-9.37-24.57 0-33.94z\"><\/path><\/svg><\/button><button class=\"stk-block-carousel__button stk-block-carousel__button__next\" aria-label=\"N\u00e4chste Folie\"><svg aria-hidden=\"true\" focusable=\"false\" data-prefix=\"fas\" data-icon=\"chevron-right\" class=\"svg-inline--fa fa-chevron-right\" xmlns=\"http:\/\/www.w3.org\/2000\/svg\" viewbox=\"0 0 320 512\" width=\"32\" height=\"32\"><path d=\"M285.476 272.971L91.132 467.314c-9.373 9.373-24.569 9.373-33.941 0l-22.667-22.667c-9.357-9.357-9.375-24.522-.04-33.901L188.505 256 34.484 101.255c-9.335-9.379-9.317-24.544.04-33.901l22.667-22.667c9.373-9.373 24.569-9.373 33.941 0L285.475 239.03c9.373 9.372 9.373 24.568.001 33.941z\"><\/path><\/svg><\/button><\/div><\/div><div class=\"stk-block-carousel__dots\" role=\"list\" data-label=\"Slide %%d\"><\/div><\/div><\/div>\n<\/div>\n\n\n\n<div class=\"wp-block-column is-layout-flow wp-block-column-is-layout-flow\" style=\"border-style:none;border-width:0px;flex-basis:60%\">\n<p><strong>TB 5<\/strong> <strong>Schnelle Halbtrocken-Transferzelle<\/strong><\/p>\n\n\n\n<p style=\"font-size:16px\"><strong>Merkmale<\/strong><\/p>\n\n\n\n<p style=\"font-size:15px\">\u2727 Kompatibel mit herk\u00f6mmlichen halbtrockenen Verbrauchsmaterialien, kann es 30 Minuten oder l\u00e4nger eine halbtrockene \u00dcbertragung durchf\u00fchren;<br>\u2727 es ist schnell, effizient und wirtschaftlich;<br>\u2727 es werden weniger als 100 ml Puffer pro Filterpapier ben\u00f6tigt;<br>\u2727 Es k\u00f6nnen Gele unterschiedlicher Dicke mit gleichm\u00e4\u00dfigem Druck gestapelt werden.<br>\u2727 Es verf\u00fcgt \u00fcber ein einfaches Verriegelungsdesign f\u00fcr eine schnelle und einfache Installation;<br>\u2727 Der Strom wird unterbrochen, wenn die Schublade herausgezogen wird, um den Benutzer vor einem Stromschlag zu sch\u00fctzen.<br>\u2727 Anoden- und Kathodenplatten k\u00f6nnen direkt gewaschen werden.<\/p>\n<\/div>\n<\/div>\n\n\n<div class=\"wp-block-image\">\n<figure class=\"aligncenter size-large is-resized\"><img loading=\"lazy\" decoding=\"async\" width=\"1024\" height=\"649\" src=\"https:\/\/nebula-b.com\/wp-content\/uploads\/2024\/01\/FTB-1-1024x649.webp\" alt=\"Schnelle Halbtrocken-Transfersysteme\" class=\"wp-image-366\" style=\"width:620px;height:auto\" srcset=\"http:\/\/nebula-b.com\/wp-content\/uploads\/2024\/01\/FTB-1-1024x649.webp 1024w, http:\/\/nebula-b.com\/wp-content\/uploads\/2024\/01\/FTB-1-300x190.webp 300w, http:\/\/nebula-b.com\/wp-content\/uploads\/2024\/01\/FTB-1-768x487.webp 768w, http:\/\/nebula-b.com\/wp-content\/uploads\/2024\/01\/FTB-1.webp 1099w\" sizes=\"auto, (max-width: 1024px) 100vw, 1024px\" \/><\/figure><\/div>","protected":false},"excerpt":{"rendered":"<p>FTB 95 Rapid Semi-Dry Transfer System Features \u2727 LCD touch screen;\u2727 A and B cells are independent of each other, and&nbsp;they can operate under different conditions;\u2727 it can transfer 1-4 mini gels (70*85mm) or 1-2 midi gels (135*85mm) in a single run;\u2727 compatible with traditional semi-dry&nbsp;consumables, it can perform semi-dry transfer&nbsp;for 30 minutes or more;\u2727&hellip;&nbsp;<a href=\"http:\/\/nebula-b.com\/de\/schnelle-halbtrockene-transfersysteme\/\" class=\"\" rel=\"bookmark\">Weiterlesen \u00bb<span class=\"screen-reader-text\">Schnelle Halbtrocken-Transfersysteme<\/span><\/a><\/p>","protected":false},"author":2,"featured_media":0,"parent":0,"menu_order":0,"comment_status":"closed","ping_status":"closed","template":"","meta":{"_uag_custom_page_level_css":"","ub_ctt_via":"","neve_meta_sidebar":"","neve_meta_container":"","neve_meta_enable_content_width":"","neve_meta_content_width":0,"neve_meta_title_alignment":"","neve_meta_author_avatar":"","neve_post_elements_order":"","neve_meta_disable_header":"","neve_meta_disable_footer":"","neve_meta_disable_title":"","_themeisle_gutenberg_block_has_review":false,"footnotes":""},"class_list":["post-268","page","type-page","status-publish","hentry"],"featured_image_src":null,"uagb_featured_image_src":{"full":false,"thumbnail":false,"medium":false,"medium_large":false,"large":false,"1536x1536":false,"2048x2048":false,"trp-custom-language-flag":false,"neve-blog":false},"uagb_author_info":{"display_name":"liu, stacey","author_link":"http:\/\/nebula-b.com\/de\/author\/stacey\/"},"uagb_comment_info":0,"uagb_excerpt":"FTB 95 Rapid Semi-Dry Transfer System Features \u2727 LCD touch screen;\u2727 A and B cells are independent of each other, and&nbsp;they can operate under different conditions;\u2727 it can transfer 1-4 mini gels (70*85mm) or 1-2 midi gels (135*85mm) in a single run;\u2727 compatible with traditional semi-dry&nbsp;consumables, it can perform semi-dry transfer&nbsp;for 30 minutes or more;\u2727&hellip;&nbsp;Weiterlesen&hellip;","_links":{"self":[{"href":"http:\/\/nebula-b.com\/de\/wp-json\/wp\/v2\/pages\/268","targetHints":{"allow":["GET"]}}],"collection":[{"href":"http:\/\/nebula-b.com\/de\/wp-json\/wp\/v2\/pages"}],"about":[{"href":"http:\/\/nebula-b.com\/de\/wp-json\/wp\/v2\/types\/page"}],"author":[{"embeddable":true,"href":"http:\/\/nebula-b.com\/de\/wp-json\/wp\/v2\/users\/2"}],"replies":[{"embeddable":true,"href":"http:\/\/nebula-b.com\/de\/wp-json\/wp\/v2\/comments?post=268"}],"version-history":[{"count":1,"href":"http:\/\/nebula-b.com\/de\/wp-json\/wp\/v2\/pages\/268\/revisions"}],"predecessor-version":[{"id":2393,"href":"http:\/\/nebula-b.com\/de\/wp-json\/wp\/v2\/pages\/268\/revisions\/2393"}],"wp:attachment":[{"href":"http:\/\/nebula-b.com\/de\/wp-json\/wp\/v2\/media?parent=268"}],"curies":[{"name":"wp","href":"https:\/\/api.w.org\/{rel}","templated":true}]}}