{"id":2271,"date":"2024-05-15T15:08:10","date_gmt":"2024-05-15T07:08:10","guid":{"rendered":"https:\/\/nebula-b.com\/?page_id=2271"},"modified":"2024-05-16T15:37:40","modified_gmt":"2024-05-16T07:37:40","slug":"uv-visible-spectrophotometer","status":"publish","type":"page","link":"http:\/\/nebula-b.com\/de\/uv-visible-spectrophotometer\/","title":{"rendered":"UV-Vis-Spektralphotometer"},"content":{"rendered":"<div class=\"wp-block-columns has-small-font-size is-layout-flex wp-container-core-columns-is-layout-b934f1a7 wp-block-columns-is-layout-flex\" style=\"border-style:none;border-width:0px;border-radius:0px;padding-top:0;padding-right:var(--wp--preset--spacing--20);padding-bottom:0;padding-left:var(--wp--preset--spacing--20)\">\n<div class=\"wp-block-column is-layout-flow wp-block-column-is-layout-flow\" style=\"flex-basis:40%\">\n<div class=\"wp-block-stackable-carousel stk-block-carousel stk--is-slide stk--arrows-justify-space-between stk--arrows-align-center stk-block stk-9336aea\" data-slides-to-show=\"\" data-block-id=\"9336aea\"><div class=\"stk-block-carousel__content-wrapper\"><div class=\"stk-row stk-inner-blocks stk-block-content stk-block-carousel__slider-wrapper stk-content-align stk-9336aea-column\"><div class=\"stk-block-carousel__slider\" role=\"list\" data-autoplay=\"4000\" data-label-slide-of=\"Slide %%d of %%d\">\n<div class=\"wp-block-stackable-column stk-block-column stk-column stk-block stk-e7af2ca\" data-v=\"4\" data-block-id=\"e7af2ca\"><style>.stk-e7af2ca{align-self:center !important}<\/style><div class=\"stk-column-wrapper stk-block-column__content stk-container stk-e7af2ca-container stk--no-background stk--no-padding\"><div class=\"stk-block-content stk-inner-blocks stk-e7af2ca-inner-blocks\">\n<div class=\"wp-block-stackable-image stk-block-image stk-block stk-d699d7e\" data-block-id=\"d699d7e\"><figure><span class=\"stk-img-wrapper stk-image--shape-stretch\"><img loading=\"lazy\" decoding=\"async\" class=\"stk-img wp-image-2272\" src=\"https:\/\/nebula-b.com\/wp-content\/uploads\/2024\/05\/T-6j-1.jpg\" width=\"612\" height=\"408\" alt=\"Elektrophoresebeh\u00e4lter\" srcset=\"http:\/\/nebula-b.com\/wp-content\/uploads\/2024\/05\/T-6j-1.jpg 612w, http:\/\/nebula-b.com\/wp-content\/uploads\/2024\/05\/T-6j-1-256x171.jpg 256w, http:\/\/nebula-b.com\/wp-content\/uploads\/2024\/05\/T-6j-1-18x12.jpg 18w\" sizes=\"auto, (max-width: 612px) 100vw, 612px\" \/><\/span><\/figure><\/div>\n<\/div><\/div><\/div>\n\n\n\n<div class=\"wp-block-stackable-column stk-block-column stk-column stk-block stk-46359ed\" data-v=\"4\" data-block-id=\"46359ed\"><style>.stk-46359ed{align-self:center !important}<\/style><div class=\"stk-column-wrapper stk-block-column__content stk-container stk-46359ed-container stk--no-background stk--no-padding\"><div class=\"stk-block-content stk-inner-blocks stk-46359ed-inner-blocks\">\n<div class=\"wp-block-stackable-image stk-block-image stk-block stk-92800c8\" data-block-id=\"92800c8\"><figure><span class=\"stk-img-wrapper stk-image--shape-stretch\"><img loading=\"lazy\" decoding=\"async\" class=\"stk-img wp-image-2273\" src=\"https:\/\/nebula-b.com\/wp-content\/uploads\/2024\/05\/MG_9786.jpg\" width=\"612\" height=\"408\" alt=\"Autospektrophotometer\" srcset=\"http:\/\/nebula-b.com\/wp-content\/uploads\/2024\/05\/MG_9786.jpg 612w, http:\/\/nebula-b.com\/wp-content\/uploads\/2024\/05\/MG_9786-256x171.jpg 256w, http:\/\/nebula-b.com\/wp-content\/uploads\/2024\/05\/MG_9786-18x12.jpg 18w\" sizes=\"auto, (max-width: 612px) 100vw, 612px\" \/><\/span><\/figure><\/div>\n<\/div><\/div><\/div>\n\n\n\n<div class=\"wp-block-stackable-column stk-block-column stk-column stk-block stk-8e5fc80\" data-v=\"4\" data-block-id=\"8e5fc80\"><style>.stk-8e5fc80{align-self:center !important}<\/style><div class=\"stk-column-wrapper stk-block-column__content stk-container stk-8e5fc80-container stk--no-background stk--no-padding\"><div class=\"stk-block-content stk-inner-blocks stk-8e5fc80-inner-blocks\">\n<div class=\"wp-block-stackable-image stk-block-image stk-block stk-f9c5a9b\" data-block-id=\"f9c5a9b\"><figure><span class=\"stk-img-wrapper stk-image--shape-stretch\"><img loading=\"lazy\" decoding=\"async\" class=\"stk-img wp-image-2274\" src=\"https:\/\/nebula-b.com\/wp-content\/uploads\/2024\/05\/IMG_2255-1.jpg\" width=\"612\" height=\"408\" alt=\"manuelles sichtbares Spektralphotometer\" srcset=\"http:\/\/nebula-b.com\/wp-content\/uploads\/2024\/05\/IMG_2255-1.jpg 612w, http:\/\/nebula-b.com\/wp-content\/uploads\/2024\/05\/IMG_2255-1-256x171.jpg 256w, http:\/\/nebula-b.com\/wp-content\/uploads\/2024\/05\/IMG_2255-1-18x12.jpg 18w\" sizes=\"auto, (max-width: 612px) 100vw, 612px\" \/><\/span><\/figure><\/div>\n<\/div><\/div><\/div>\n<\/div><div class=\"stk-block-carousel__buttons\"><button class=\"stk-block-carousel__button stk-block-carousel__button__prev\" aria-label=\"Vorherige Folie\"><svg aria-hidden=\"true\" focusable=\"false\" data-prefix=\"fas\" data-icon=\"chevron-left\" class=\"svg-inline--fa fa-chevron-left\" xmlns=\"http:\/\/www.w3.org\/2000\/svg\" viewbox=\"0 0 320 512\" width=\"32\" height=\"32\"><path d=\"M34.52 239.03L228.87 44.69c9.37-9.37 24.57-9.37 33.94 0l22.67 22.67c9.36 9.36 9.37 24.52.04 33.9L131.49 256l154.02 154.75c9.34 9.38 9.32 24.54-.04 33.9l-22.67 22.67c-9.37 9.37-24.57 9.37-33.94 0L34.52 272.97c-9.37-9.37-9.37-24.57 0-33.94z\"><\/path><\/svg><\/button><button class=\"stk-block-carousel__button stk-block-carousel__button__next\" aria-label=\"N\u00e4chste Folie\"><svg aria-hidden=\"true\" focusable=\"false\" data-prefix=\"fas\" data-icon=\"chevron-right\" class=\"svg-inline--fa fa-chevron-right\" xmlns=\"http:\/\/www.w3.org\/2000\/svg\" viewbox=\"0 0 320 512\" width=\"32\" height=\"32\"><path d=\"M285.476 272.971L91.132 467.314c-9.373 9.373-24.569 9.373-33.941 0l-22.667-22.667c-9.357-9.357-9.375-24.522-.04-33.901L188.505 256 34.484 101.255c-9.335-9.379-9.317-24.544.04-33.901l22.667-22.667c9.373-9.373 24.569-9.373 33.941 0L285.475 239.03c9.373 9.372 9.373 24.568.001 33.941z\"><\/path><\/svg><\/button><\/div><\/div><div class=\"stk-block-carousel__dots\" role=\"list\" data-label=\"Slide %%d\"><\/div><\/div><\/div>\n<\/div>\n\n\n\n<div class=\"wp-block-column is-layout-flow wp-block-column-is-layout-flow\" style=\"border-style:none;border-width:0px;flex-basis:60%\">\n<p style=\"font-size:16px\"><strong>Merkmale<\/strong> <\/p>\n\n\n\n<p style=\"font-size:15px\">\u2727 Das einzigartig gestaltete optische System, das leistungsstarke holografische Gitter und der Empf\u00e4nger sorgen daf\u00fcr, dass das Instrument \u00fcber hervorragende Leistungsindikatoren verf\u00fcgt;<br>\u2727 Durch die Zusammenarbeit mit einer PC-Anti-Control-Workstation sind die Funktionen und Datenverarbeitungsm\u00f6glichkeiten sehr leistungsstark.<br>\u2727 Verwenden Sie das Instrument selbst, um Messungen linearer Regressionsgleichungen usw. durchzuf\u00fchren.<br>\u2727 Software, die die neueste Verarbeitungstechnologie anwendet, um die Bedienung komfortabler zu gestalten.<\/p>\n<\/div>\n<\/div>\n\n\n\n<p><strong>Anwendungen:<\/strong><\/p>\n\n\n\n<p>Photometrische Messungen; <br>Quantitative Messung;<br>Qualitative Messung (PC-bedienbar);<br>Kinetische Analyse (am PC durchgef\u00fchrt).<\/p>\n\n\n\n<p><strong>Parameter:<\/strong><\/p>\n\n\n\n<figure class=\"wp-block-table is-style-stripes\"><table class=\"has-fixed-layout\"><tbody><tr><td><strong>Modell Nr. <\/strong><\/td><td><strong>T-6 <\/strong><\/td><td><strong>D-7<\/strong><\/td><\/tr><tr><td><strong>Schlitzbreite <\/strong><\/td><td>2nm<\/td><td>2nm<\/td><\/tr><tr><td><strong>Lichtsystem <\/strong><\/td><td>Einzelner Strahl <\/td><td>Einzelner Strahl<\/td><\/tr><tr><td><strong>Wellenl\u00e4ngenbereich<\/strong><\/td><td>190~1100 nm <br>(190-339.9nm UV area; 340-1100nm visible area)<\/td><td>190~1100 nm <br>(190-339.9nm UV area; 340-1100nm visible area)<\/td><\/tr><tr><td><strong>Wellenl\u00e4ngengenauigkeit<\/strong><\/td><td>\u00b11 nm<\/td><td>\u00b10.5nm<\/td><\/tr><tr><td><strong>Wellenl\u00e4ngen-Wiederholungsrate <\/strong><\/td><td>\u00b10,2 nm<\/td><td>\u00b10,2 nm<\/td><\/tr><tr><td><strong>Wellenl\u00e4ngenaufl\u00f6sung &nbsp;<\/strong><\/td><td>0,1 nm<\/td><td>0,1 nm<\/td><\/tr><tr><td><strong>Photometrischer Bereich <\/strong><\/td><td>-0.3~3ABS<\/td><td>-0.3~3ABS<\/td><\/tr><tr><td><strong>Photometrische Genauigkeit <\/strong><\/td><td>\u00b10,5%T (0\uff5e100%T)<\/td><td>\u00b10,3%T (0\uff5e100%T)<\/td><\/tr><tr><td><strong>Photometrische Wiederholbarkeit <\/strong><\/td><td>\u00b10,2%T (0\uff5e100%T)<\/td><td>\u00b10,1%T (0\uff5e100%T)<\/td><\/tr><tr><td><strong>Streulicht <\/strong><\/td><td>\u22640,2%T<\/td><td>\u22640.1%T<\/td><\/tr><tr><td><strong>Grundliniengeradheit<\/strong><\/td><td>\/<\/td><td>\u00b10.002A (190\uff5e1100nm) (operate on PC)<\/td><\/tr><tr><td><strong>Stabilit\u00e4t <\/strong><\/td><td>\u00b10,002 A\/h bei 500 nm, 0 A<\/td><td>\u00b10,002 A\/h bei 500 nm, 0 A<\/td><\/tr><tr><td><strong>Photometrisches Rauschen<\/strong><\/td><td>\/<\/td><td>\u00b10,002 A<\/td><\/tr><tr><td><strong>Anzeige <\/strong>&nbsp;<\/td><td>128\u00d764 Grafikdisplay-LCD-Bildschirm<\/td><td>128\u00d764 Grafikdisplay-LCD-Bildschirm<\/td><\/tr><tr><td><strong>Datenausgabe <\/strong><\/td><td>Verbindung zur \u00fcbergeordneten Softwareausgabe herstellen<\/td><td>Verbindung zur \u00fcbergeordneten Softwareausgabe herstellen<\/td><\/tr><tr><td><strong>PC-Anti-Kontrollsoftware<\/strong><\/td><td>Optiional<\/td><td>Optional<\/td><\/tr><tr><td><strong>Wellenl\u00e4ngen-Scan<\/strong><\/td><td>Mit optionaler Software verf\u00fcgbar<\/td><td>Mit optionaler Software verf\u00fcgbar<\/td><\/tr><tr><td><strong>Au\u00dfenma\u00df <\/strong><\/td><td>430 x 330 x 200 mm<\/td><td>470*400*230mm<\/td><\/tr><tr><td><strong>Nettogewicht <\/strong><\/td><td>10kg<\/td><td>16kg<\/td><\/tr><tr><td><strong>Genauigkeitsstufe <\/strong><\/td><td>Stufe 3<\/td><td>Level 2<\/td><\/tr><\/tbody><\/table><\/figure>","protected":false},"excerpt":{"rendered":"<p>Features \u2727 The uniquely designed optical system, high-performance holographic grating and receiver ensure that the instrument has excellent performance indicators;\u2727 Cooperate with PC anti-control workstation, the function and data processing capabilities are very powerful;\u2727 Use the instrument itself to operate linear regression equation measurements, etc.;\u2727 Software applying the latest processing technology to make operation more&hellip;&nbsp;<a href=\"http:\/\/nebula-b.com\/de\/uv-visible-spectrophotometer\/\" class=\"\" rel=\"bookmark\">Weiterlesen \u00bb<span class=\"screen-reader-text\">UV-Vis-Spektralphotometer<\/span><\/a><\/p>","protected":false},"author":2,"featured_media":0,"parent":0,"menu_order":0,"comment_status":"closed","ping_status":"closed","template":"","meta":{"_uag_custom_page_level_css":"","ub_ctt_via":"","neve_meta_sidebar":"","neve_meta_container":"","neve_meta_enable_content_width":"","neve_meta_content_width":0,"neve_meta_title_alignment":"","neve_meta_author_avatar":"","neve_post_elements_order":"","neve_meta_disable_header":"","neve_meta_disable_footer":"","neve_meta_disable_title":"","_themeisle_gutenberg_block_has_review":false,"footnotes":""},"class_list":["post-2271","page","type-page","status-publish","hentry"],"featured_image_src":null,"uagb_featured_image_src":{"full":false,"thumbnail":false,"medium":false,"medium_large":false,"large":false,"1536x1536":false,"2048x2048":false,"trp-custom-language-flag":false,"neve-blog":false},"uagb_author_info":{"display_name":"liu, stacey","author_link":"http:\/\/nebula-b.com\/de\/author\/stacey\/"},"uagb_comment_info":0,"uagb_excerpt":"Features \u2727 The uniquely designed optical system, high-performance holographic grating and receiver ensure that the instrument has excellent performance indicators;\u2727 Cooperate with PC anti-control workstation, the function and data processing capabilities are very powerful;\u2727 Use the instrument itself to operate linear regression equation measurements, etc.;\u2727 Software applying the latest processing technology to make operation more&hellip;&nbsp;Weiterlesen&hellip;","_links":{"self":[{"href":"http:\/\/nebula-b.com\/de\/wp-json\/wp\/v2\/pages\/2271","targetHints":{"allow":["GET"]}}],"collection":[{"href":"http:\/\/nebula-b.com\/de\/wp-json\/wp\/v2\/pages"}],"about":[{"href":"http:\/\/nebula-b.com\/de\/wp-json\/wp\/v2\/types\/page"}],"author":[{"embeddable":true,"href":"http:\/\/nebula-b.com\/de\/wp-json\/wp\/v2\/users\/2"}],"replies":[{"embeddable":true,"href":"http:\/\/nebula-b.com\/de\/wp-json\/wp\/v2\/comments?post=2271"}],"version-history":[{"count":1,"href":"http:\/\/nebula-b.com\/de\/wp-json\/wp\/v2\/pages\/2271\/revisions"}],"predecessor-version":[{"id":2329,"href":"http:\/\/nebula-b.com\/de\/wp-json\/wp\/v2\/pages\/2271\/revisions\/2329"}],"wp:attachment":[{"href":"http:\/\/nebula-b.com\/de\/wp-json\/wp\/v2\/media?parent=2271"}],"curies":[{"name":"wp","href":"https:\/\/api.w.org\/{rel}","templated":true}]}}